{"id":19614,"date":"2025-04-07T06:57:27","date_gmt":"2025-04-07T06:57:27","guid":{"rendered":"https:\/\/www.hydraulic-cylinders.net\/product\/boom-cylinder-for-volwa-large-excavator-dls330-8b\/"},"modified":"2025-04-07T06:57:29","modified_gmt":"2025-04-07T06:57:29","slug":"boom-cylinder-for-volwa-large-excavator-dls330-8b","status":"publish","type":"product","link":"https:\/\/www.hydraulic-cylinders.net\/ro\/produs\/boom-cylinder-for-volwa-large-excavator-dls330-8b\/","title":{"rendered":"Cilindru de bra\u021b pentru excavatorul mare Volwa DLS330-8B"},"content":{"rendered":"<h1>Cilindru de bra\u021b pentru excavatorul mare Volwa DLS330-8B<\/h1>\n<h2>Prezentare general\u0103 a produsului<\/h2>\n<p>Cel\/Cea\/Cei\/Cele <strong>Cilindru de bra\u021b pentru excavatorul mare Volwa DLS330-8B<\/strong> este o component\u0103 esen\u021bial\u0103 \u00een sistemul hidraulic al excavatoarelor. Este special conceput pentru a controla mi\u0219carea bra\u021bului, care este crucial\u0103 pentru diverse sarcini legate de utilaje grele. Un cilindru al bra\u021bului func\u021bioneaz\u0103 prin direc\u021bionarea fluidului hidraulic pentru a permite bra\u021bului s\u0103 se ridice, s\u0103 coboare \u0219i s\u0103 se \u00eencline, facilit\u00e2nd manipularea eficient\u0103 a materialelor. Acest tip de cilindru hidraulic este vital \u00een echipamente precum excavatoarele, \u00eenc\u0103rc\u0103toarele cu buldoexcavator \u0219i \u00eenc\u0103rc\u0103toarele frontale, permi\u021b\u00e2ndu-le s\u0103 efectueze opera\u021biuni precum s\u0103parea \u0219i transportul materialelor.<\/p>\n<p><img decoding=\"async\" src=\"https:\/\/www.hydraulic-cylinders.net\/wp-content\/uploads\/2025\/04\/songte-company-1.webp\" alt=\"Cilindru de bra\u021b pentru excavatoare\" \/><\/p>\n<h2>Caracteristicile cilindrului bra\u021bului<\/h2>\n<ul>\n<li><strong>Rezisten\u021b\u0103 \u0219i durabilitate ridicate:<\/strong> Construi\u021bi din o\u021bel sau aluminiu de \u00eenalt\u0103 rezisten\u021b\u0103, ace\u0219ti cilindri pot rezista la presiuni ridicate \u0219i sarcini grele, fiind potrivi\u021bi pentru medii de lucru dure.<\/li>\n<li><strong>Func\u021bionare hidraulic\u0103 eficient\u0103:<\/strong> Cilindrul bra\u021bului permite extinderea \u0219i retragerea lin\u0103 folosind presiunea uleiului hidraulic, oferind un r\u0103spuns rapid la comenzile opera\u021bionale \u0219i furniz\u00e2nd for\u021be puternice de \u00eempingere \u0219i tragere.<\/li>\n<li><strong>Op\u021biuni diverse:<\/strong> Disponibil \u00een configura\u021bii cu ac\u021biune simpl\u0103 (func\u021bioneaz\u0103 \u00eentr-o singur\u0103 direc\u021bie) sau cu ac\u021biune dubl\u0103 (func\u021bioneaz\u0103 \u00een ambele direc\u021bii), unele modele av\u00e2nd design telescopic pentru o raz\u0103 de ac\u021biune extins\u0103 f\u0103r\u0103 a cre\u0219te dimensiunile exterioare.<\/li>\n<li><strong>Rezisten\u021b\u0103 la uzur\u0103 \u0219i coroziune:<\/strong> Proiectat cu materiale rezistente la uzur\u0103 \u0219i coroziune, asigur\u00e2nd o durat\u0103 de via\u021b\u0103 prelungit\u0103 chiar \u0219i \u00een condi\u021bii dificile.<\/li>\n<li><strong>Solu\u021bii personalizabile:<\/strong> Putem fabrica ace\u0219ti cilindri hidraulici pentru a \u00eenlocui perfect echipamentele originale, asigur\u00e2nd compatibilitate \u0219i performan\u021be optime.<\/li>\n<\/ul>\n<p><img decoding=\"async\" src=\"https:\/\/www.hydraulic-cylinders.net\/wp-content\/uploads\/2025\/04\/songte-cylinder-head-with-all-kinds-excavator-models.webp\" alt=\"Modele de excavatoare\" \/><\/p>\n<h2>Aplica\u021bii ale cilindrului bra\u021bului<\/h2>\n<h3>Echipamente de construc\u021bii<\/h3>\n<p>\u00cen cazul excavatoarelor, cilindrul bra\u021bului este esen\u021bial pentru s\u0103parea, \u00eenc\u0103rcarea \u0219i mutarea solului sau a resturilor. Rolul s\u0103u permite operatorilor s\u0103 manevreze eficient utilajul, efectu\u00e2nd sarcini precum s\u0103parea de \u0219an\u021buri \u0219i preg\u0103tirea \u0219antierului. \u00cen cazul \u00eenc\u0103rc\u0103toarelor excavatoare, cilindrul bra\u021bului ajut\u0103 at\u00e2t la opera\u021biunile de excavare, c\u00e2t \u0219i la cele de ridicare, fiind indispensabil pentru proiectele de construc\u021bii \u0219i excavare.<\/p>\n<h3>Ma\u0219ini agricole<\/h3>\n<p>Cilindrul bra\u021bului este utilizat \u0219i la \u00eenc\u0103rc\u0103toarele frontale pentru scobere, ridicare \u0219i transportul solului, f\u00e2nului \u0219i altor materiale. Aceste ma\u0219ini necesit\u0103 sisteme hidraulice fiabile pentru a spori productivitatea \u00een sarcinile agricole, asigur\u00e2nd o func\u021bionare eficient\u0103 \u00een activit\u0103\u021bile de \u00eenc\u0103rcare \u0219i desc\u0103rcare.<\/p>\n<h3>Excavatoare<\/h3>\n<p>La excavatoare, cilindrul bra\u021bului permite cupei s\u0103 p\u0103trund\u0103 eficient \u00een sol, facilit\u00e2nd excavarea solului. Puterea \u0219i controlul oferite de sistemul hidraulic permit precizia \u00een s\u0103pare, ceea ce este esen\u021bial pentru diverse proiecte de construc\u021bii.<\/p>\n<h3>\u00cenc\u0103rc\u0103toare<\/h3>\n<p>\u00cen cazul \u00eenc\u0103rc\u0103toarelor frontale, acestea ajut\u0103 la ridicarea \u0219i desc\u0103rcarea eficient\u0103 a materialelor. Ac\u021biunea hidraulic\u0103 a bra\u021bului permite operatorilor s\u0103 manipuleze rapid \u0219i \u00een siguran\u021b\u0103 sarcini mari, vital\u0103 pentru opera\u021biunile de construc\u021bii \u0219i manipularea materialelor.<\/p>\n<h2>Considera\u021bii de proiectare \u0219i criterii de selec\u021bie<\/h2>\n<h3>Capacitate de \u00eenc\u0103rcare<\/h3>\n<p>Atunci c\u00e2nd selecta\u021bi un cilindru pentru bra\u021b, \u00een\u021belegerea capacit\u0103\u021bii sale de \u00eenc\u0103rcare este crucial\u0103. Un cilindru cu o capacitate nominal\u0103 corect\u0103 asigur\u0103 c\u0103 acesta poate ridica \u0219i deplasa greutatea necesar\u0103 f\u0103r\u0103 defec\u021biuni. Capacitatea de \u00eenc\u0103rcare este determinat\u0103 de dimensiunea, materialul \u0219i designul cilindrului. Un cilindru care dep\u0103\u0219e\u0219te limita de \u00eenc\u0103rcare risc\u0103 defec\u021biuni catastrofale, rezult\u00e2nd deteriorarea echipamentului \u0219i pericole pentru siguran\u021b\u0103.<\/p>\n<h3>Sigilare<\/h3>\n<p>Etan\u0219area este esen\u021bial\u0103 pentru men\u021binerea integrit\u0103\u021bii cilindrului hidraulic. Etan\u0219\u0103rile eficiente previn scurgerile de fluid hidraulic, asigur\u00e2nd o func\u021bionare eficient\u0103 \u0219i reduc\u00e2nd costurile de \u00eentre\u021binere. Materialele de etan\u0219are de \u00eenalt\u0103 calitate, cum ar fi poliuretanul \u0219i cauciucul nitrilic, sunt utilizate pentru a rezista la presiuni ridicate \u0219i uzur\u0103. Etan\u0219area adecvat\u0103 garanteaz\u0103 c\u0103 cilindrul func\u021bioneaz\u0103 eficient pe toat\u0103 durata sa de via\u021b\u0103.<\/p>\n<h3>Durabilitate<\/h3>\n<p>Durabilitatea cilindrului bra\u021bului este primordial\u0103, \u00een special \u00een medii solicitante. Un cilindru durabil este construit din materiale robuste, concepute s\u0103 reziste uzurii \u0219i coroziunii. Evalu\u0103rile regulate ale st\u0103rii cilindrului pot preveni defectarea prematur\u0103 \u0219i repara\u021biile costisitoare, ceea ce face ca durabilitatea s\u0103 fie un factor cheie \u00een selec\u021bie.<\/p>\n<h3>Siguran\u0163\u0103<\/h3>\n<p>Caracteristicile de siguran\u021b\u0103, cum ar fi protec\u021bia la suprasarcin\u0103 \u0219i sistemele eficiente de eliberare a presiunii, sunt cruciale \u00een cazul cilindrilor hidraulici. Aceste caracteristici ajut\u0103 la prevenirea accidentelor \u0219i a deterior\u0103rii echipamentelor \u00een timpul func\u021bion\u0103rii. Alegerea unui cilindru cu m\u0103suri de siguran\u021b\u0103 \u00eencorporate asigur\u0103 c\u0103 operatorii pot lucra cu \u00eencredere \u0219i siguran\u021b\u0103.<\/p>\n<h3>Mentenabilitate<\/h3>\n<p>\u00centre\u021binerea u\u0219oar\u0103 este o alt\u0103 considera\u021bie de design. Produsele care permit inspec\u021bii simple \u0219i \u00eenlocuirea la timp a garniturilor \u0219i componentelor prelungesc durata de via\u021b\u0103 opera\u021bional\u0103. Un cilindru hidraulic bine proiectat minimizeaz\u0103 timpul de nefunc\u021bionare, asigur\u00e2nd c\u0103 echipamentul r\u0103m\u00e2ne func\u021bional pentru perioade lungi de timp.<\/p>\n<p><img decoding=\"async\" src=\"https:\/\/www.hydraulic-cylinders.net\/wp-content\/uploads\/2025\/04\/songte-oil-pipes-and-spare-parts.webp\" alt=\"\u021aevi hidraulice \u0219i piese de schimb\" \/><\/p>\n<h2>Etan\u0219area \u0219i lubrifierea cilindrului hidraulic<\/h2>\n<p>Fiabilitatea unui cilindru al bra\u021bului depinde \u00een mod semnificativ de calitatea etan\u0219\u0103rii \u0219i lubrifierii sale. Diverse etan\u0219\u0103ri, cum ar fi etan\u0219\u0103rile pistonului \u0219i etan\u0219\u0103rile tijei, sunt utilizate pentru a preveni scurgerile de fluid. Etan\u0219\u0103rile fabricate din materiale precum poliuretanul \u0219i cauciucul nitrilic sunt preferate pentru durabilitatea \u0219i rezisten\u021ba lor la uzur\u0103. Corpul cilindrului \u0219i suprafe\u021bele filetate ale cap\u0103tului sunt supuse unor procese precise de finisare pentru a spori rezisten\u021ba la uzur\u0103.<\/p>\n<p>Lubrifierea regulat\u0103 cu ulei hidraulic este necesar\u0103 pentru a men\u021bine performan\u021ba cilindrului. Aceast\u0103 lubrifiere nu numai c\u0103 minimizeaz\u0103 uzura pieselor mobile, dar protejeaz\u0103 \u0219i \u00eempotriva coroziunii \u0219i supra\u00eenc\u0103lzirii. Practicile adecvate de lubrifiere asigur\u0103 longevitatea \u0219i func\u021bionarea eficient\u0103 a sistemului hidraulic.<\/p>\n<h2>M\u0103suri de \u00eentre\u021binere preventiv\u0103<\/h2>\n<ul>\n<li><strong>Inspec\u021bii regulate:<\/strong> Inspecta\u021bi cilindrul \u00een mod regulat pentru a depista semne de uzur\u0103, scurgeri sau deteriorare. Depistarea timpurie a problemelor poate preveni defec\u021biunile catastrofale.<\/li>\n<li><strong>Lubrifiere adecvat\u0103:<\/strong> Asigura\u021bi-v\u0103 c\u0103 cilindrul este lubrifiat corespunz\u0103tor cu uleiul hidraulic recomandat, deoarece lubrifierea insuficient\u0103 poate duce la uzur\u0103 crescut\u0103.<\/li>\n<li><strong>\u00cenlocuiri de garnituri:<\/strong> Verifica\u021bi \u0219i \u00eenlocui\u021bi periodic garniturile, dup\u0103 cum este necesar, pentru a men\u021bine performan\u021ba \u0219i a preveni scurgerile.<\/li>\n<\/ul>\n<h2>Instruc\u021biuni de instalare<\/h2>\n<p>Instalarea corect\u0103 a cilindrului bra\u021bului este esen\u021bial\u0103 pentru o performan\u021b\u0103 optim\u0103. \u00cencepe\u021bi prin a v\u0103 asigura c\u0103 toate componentele sunt curate \u0219i f\u0103r\u0103 resturi. Alinia\u021bi corect cilindrul cu punctele de montare pentru a evita nealinierea, care poate duce la uzur\u0103 prematur\u0103. Utiliza\u021bi console de montare adecvate pentru a fixa cilindrul \u00een pozi\u021bie, asigur\u00e2nd stabilitate \u00een timpul func\u021bion\u0103rii.<\/p>\n<p>\u00cenainte de finalizarea instal\u0103rii, verifica\u021bi de dou\u0103 ori toate conexiunile pentru a v\u0103 asigura c\u0103 sunt str\u00e2nse \u0219i sigure. Dup\u0103 instalare, testa\u021bi cilindrul \u00een condi\u021bii normale de func\u021bionare pentru a verifica dac\u0103 func\u021bioneaz\u0103 corect. Orice reglaje necesare trebuie efectuate prompt pentru a preveni problemele de func\u021bionare.<\/p>\n<h2>Sarcini comune de \u00eentre\u021binere<\/h2>\n<h3>Inspec\u021bii regulate<\/h3>\n<p>Efectua\u021bi inspec\u021bii regulate pentru a identifica din timp poten\u021bialele probleme. C\u0103uta\u021bi semne de uzur\u0103, coroziune sau scurgeri \u0219i remedia\u021bi-le prompt pentru a evita deteriorarea pe termen lung.<\/p>\n<h3>Lubrifiere adecvat\u0103<\/h3>\n<p>Men\u021binerea nivelurilor adecvate de lubrifiere este vital\u0103. Folosi\u021bi uleiul hidraulic recomandat de produc\u0103tor \u0219i aplica\u021bi-l conform intervalelor specificate pentru a asigura o func\u021bionare f\u0103r\u0103 probleme.<\/p>\n<h3>\u00cenlocuirea garniturii \u0219i verificarea calibr\u0103rii<\/h3>\n<p>\u00cenlocuirea garniturilor este necesar\u0103 pentru men\u021binerea eficien\u021bei hidraulice. Urma\u021bi un program de \u00eenlocuire a garniturilor \u0219i verifica\u021bi periodic calibrarea cilindrului pentru a asigura func\u021bionarea corect\u0103.<\/p>\n<p><img decoding=\"async\" src=\"https:\/\/www.hydraulic-cylinders.net\/wp-content\/uploads\/2025\/04\/songte-chushion-collar.webp\" alt=\"Guler amortizor pentru hidraulic\u0103\" \/><\/p>\n<h2>Considera\u021bii de siguran\u021b\u0103 \u0219i factori de mediu<\/h2>\n<p>Atunci c\u00e2nd se lucreaz\u0103 cu sisteme hidraulice, respectarea m\u0103surilor de siguran\u021b\u0103 este esen\u021bial\u0103. O instruire adecvat\u0103 privind opera\u021biunile hidraulice asigur\u0103 c\u0103 operatorii pot manipula echipamentele \u00een siguran\u021b\u0103. \u00cen plus, utilizarea responsabil\u0103 a cilindrilor hidraulici minimizeaz\u0103 impactul asupra mediului. Asigura\u021bi eliminarea corespunz\u0103toare a fluidelor hidraulice \u0219i a altor materiale pentru a proteja mediul.<\/p>\n<h2>Depanare \u0219i probleme frecvente<\/h2>\n<ul>\n<li><strong>Garnituri cu scurgeri:<\/strong> Dac\u0103 apar scurgeri, verifica\u021bi garniturile pentru uzur\u0103 sau deteriorare \u0219i \u00eenlocui\u021bi-le dac\u0103 este necesar.<\/li>\n<li><strong>Performan\u021b\u0103 redus\u0103:<\/strong> Dac\u0103 cilindrul nu func\u021bioneaz\u0103 eficient, verifica\u021bi nivelurile adecvate de lubrifiere \u0219i calitatea fluidului hidraulic.<\/li>\n<li><strong>Zgomote neobi\u0219nuite:<\/strong> Sunetele neobi\u0219nuite pot indica deterior\u0103ri interne sau necesitatea \u00eentre\u021binerii \u2014 efectua\u021bi o inspec\u021bie am\u0103nun\u021bit\u0103.<\/li>\n<\/ul>\n<h2>Diagnostic \u0219i solu\u021bii<\/h2>\n<p>Pentru a depana eficient problemele, \u00eencepe\u021bi prin identificarea simptomelor: semne de uzur\u0103, zgomote nea\u0219teptate sau sc\u0103deri de performan\u021b\u0103. Efectua\u021bi o inspec\u021bie sistematic\u0103, concentr\u00e2ndu-v\u0103 pe etan\u0219\u0103ri, lubrifiere \u0219i niveluri de fluid hidraulic. Implementa\u021bi m\u0103suri preventive, cum ar fi \u00eentre\u021binerea \u0219i inspec\u021biile regulate, pentru a atenua riscurile \u0219i a prelungi durata de via\u021b\u0103 a cilindrului bra\u021bului.<\/p>\n<p><img decoding=\"async\" src=\"https:\/\/www.hydraulic-cylinders.net\/wp-content\/uploads\/2025\/04\/songte-bushings-with-all-kinds-of-excavator-models.webp\" alt=\"Buc\u0219e pentru modele de excavatoare\" \/><\/p>\n<h2>Despre compania noastr\u0103<\/h2>\n<p>Suntem un produc\u0103tor important de cilindri hidraulici de schimb, oferind o gam\u0103 complet\u0103 de produse care satisfac diverse nevoi ale pie\u021bei. Concentrarea noastr\u0103 pe calitate excep\u021bional\u0103 \u0219i strategii de fabrica\u021bie de precizie ne pozi\u021bioneaz\u0103 ca un competitor de top at\u00e2t pe pie\u021bele interne, c\u00e2t \u0219i pe cele interna\u021bionale. Utiliz\u0103m tehnologii avansate, profesioni\u0219ti califica\u021bi \u0219i un sistem robust de asigurare a calit\u0103\u021bii pentru a ne \u00eembun\u0103t\u0103\u021bi capacit\u0103\u021bile de produc\u021bie \u0219i a asigura standarde \u00eenalte.<\/p>\n<p>Angajamentul nostru fa\u021b\u0103 de satisfac\u021bia clien\u021bilor se reflect\u0103 \u00een serviciile noastre personalizabile, certific\u0103rile interna\u021bionale \u0219i asisten\u021ba post-v\u00e2nzare dedicat\u0103. Ne str\u0103duim s\u0103 \u00eendeplinim cerin\u021bele unice ale clien\u021bilor no\u0219tri, men\u021bin\u00e2nd \u00een acela\u0219i timp standarde de v\u00e2rf \u00een fabricarea cilindrilor hidraulici.<\/p>\n<p><img decoding=\"async\" src=\"https:\/\/www.hydraulic-cylinders.net\/wp-content\/uploads\/2025\/04\/songte-company-4.webp\" alt=\"Compania noastr\u0103\" \/><br \/>\n<img decoding=\"async\" src=\"https:\/\/www.hydraulic-cylinders.net\/wp-content\/uploads\/2025\/04\/songte-company-3.webp\" alt=\"Procesul de fabrica\u021bie\" \/><\/p>\n<p>Autor: lyl<\/p>","protected":false},"excerpt":{"rendered":"<p>Boom Cylinder For Volwa Large Excavator DLS330-8B Product Overview The Boom Cylinder For Volwa Large Excavator DLS330-8B is an essential component in the hydraulic system of excavators. It is specifically designed to control the movement of the boom, which is crucial for various heavy machinery tasks. A boom cylinder operates by directing hydraulic fluid to [&hellip;]<\/p>","protected":false},"featured_media":17877,"comment_status":"open","ping_status":"closed","template":"","meta":{"_et_pb_use_builder":"","_et_pb_old_content":"","_et_gb_content_width":""},"product_brand":[],"product_cat":[1546],"product_tag":[1547,1496],"class_list":{"0":"post-19614","1":"product","2":"type-product","3":"status-publish","4":"has-post-thumbnail","6":"product_cat-boom-cylinders","7":"product_tag-boom-cylinders","8":"product_tag-hydraulic-cylinders","10":"first","11":"instock","12":"shipping-taxable","13":"product-type-simple"},"amp_enabled":true,"_links":{"self":[{"href":"https:\/\/www.hydraulic-cylinders.net\/ro\/wp-json\/wp\/v2\/product\/19614","targetHints":{"allow":["GET"]}}],"collection":[{"href":"https:\/\/www.hydraulic-cylinders.net\/ro\/wp-json\/wp\/v2\/product"}],"about":[{"href":"https:\/\/www.hydraulic-cylinders.net\/ro\/wp-json\/wp\/v2\/types\/product"}],"replies":[{"embeddable":true,"href":"https:\/\/www.hydraulic-cylinders.net\/ro\/wp-json\/wp\/v2\/comments?post=19614"}],"wp:featuredmedia":[{"embeddable":true,"href":"https:\/\/www.hydraulic-cylinders.net\/ro\/wp-json\/wp\/v2\/media\/17877"}],"wp:attachment":[{"href":"https:\/\/www.hydraulic-cylinders.net\/ro\/wp-json\/wp\/v2\/media?parent=19614"}],"wp:term":[{"taxonomy":"product_brand","embeddable":true,"href":"https:\/\/www.hydraulic-cylinders.net\/ro\/wp-json\/wp\/v2\/product_brand?post=19614"},{"taxonomy":"product_cat","embeddable":true,"href":"https:\/\/www.hydraulic-cylinders.net\/ro\/wp-json\/wp\/v2\/product_cat?post=19614"},{"taxonomy":"product_tag","embeddable":true,"href":"https:\/\/www.hydraulic-cylinders.net\/ro\/wp-json\/wp\/v2\/product_tag?post=19614"}],"curies":[{"name":"wp","href":"https:\/\/api.w.org\/{rel}","templated":true}]}}