{"id":19616,"date":"2025-04-07T06:57:32","date_gmt":"2025-04-07T06:57:32","guid":{"rendered":"https:\/\/www.hydraulic-cylinders.net\/product\/boom-cylinder-for-volwa-large-excavator-dls450-8b\/"},"modified":"2025-04-07T06:57:34","modified_gmt":"2025-04-07T06:57:34","slug":"boom-cylinder-for-volwa-large-excavator-dls450-8b","status":"publish","type":"product","link":"https:\/\/www.hydraulic-cylinders.net\/ro\/produs\/boom-cylinder-for-volwa-large-excavator-dls450-8b\/","title":{"rendered":"Cilindru de bra\u021b pentru excavatorul mare Volwa DLS450-8B"},"content":{"rendered":"<h1>Cilindru de bra\u021b pentru excavatorul mare Volwa DLS450-8B<\/h1>\n<h2>Prezentare general\u0103 a produsului<\/h2>\n<p>Cel\/Cea\/Cei\/Cele <strong>Cilindru de bra\u021b pentru excavatorul mare Volwa DLS450-8B<\/strong> este o component\u0103 crucial\u0103 \u00een sistemele hidraulice ale utilajelor grele. Acest tip de cilindru hidraulic este special conceput pentru a controla mi\u0219carea cupelor \u00een diverse echipamente grele, cum ar fi excavatoarele, \u00eenc\u0103rc\u0103toarele cu excavator \u0219i \u00eenc\u0103rc\u0103toare frontale. Acesta permite ridicarea, cobor\u00e2rea \u0219i \u00eenclinarea cupei, facilit\u00e2nd eficient sarcinile de manipulare a materialelor. Cilindrul cupei este esen\u021bial pentru a furniza for\u021ba \u0219i mi\u0219carea necesare pentru a opera eficient aceste ma\u0219ini.<\/p>\n<p><img decoding=\"async\" src=\"https:\/\/www.hydraulic-cylinders.net\/wp-content\/uploads\/2025\/04\/songte-company-1.webp\" alt=\"Cilindru de bra\u021b\" \/><\/p>\n<h2>Caracteristicile cilindrului bra\u021bului<\/h2>\n<ul>\n<li><strong>Rezisten\u021b\u0103 \u0219i durabilitate ridicate:<\/strong> Fabricat din o\u021bel sau aluminiu de \u00eenalt\u0103 rezisten\u021b\u0103, acest cilindru poate rezista la presiuni ridicate \u0219i sarcini grele, fiind potrivit pentru medii de lucru dure. Designul s\u0103u ia \u00een considerare rezisten\u021ba la uzur\u0103 \u0219i la coroziune, asigur\u00e2nd o durat\u0103 de via\u021b\u0103 mai lung\u0103.<\/li>\n<li><strong>Func\u021bionare hidraulic\u0103 eficient\u0103:<\/strong> Utiliz\u00e2nd presiunea uleiului hidraulic, cilindrul asigur\u0103 o extensie \u0219i o retragere lin\u0103, permi\u021b\u00e2nd un r\u0103spuns rapid la comenzile de control \u0219i furniz\u00e2nd for\u021be puternice de \u00eempingere \u0219i tragere pentru gestionarea sarcinilor grele \u0219i complexe.<\/li>\n<li><strong>Diverse tipuri:<\/strong> Disponibile \u00een variante cu ac\u021biune simpl\u0103 (func\u021bie hidraulic\u0103 \u00eentr-o singur\u0103 direc\u021bie) sau cu ac\u021biune dubl\u0103 (func\u021bie hidraulic\u0103 \u00een ambele direc\u021bii) pentru a satisface diverse nevoi opera\u021bionale. Unele modele sunt telescopice, permi\u021b\u00e2nd o extensie mai mare f\u0103r\u0103 a cre\u0219te dimensiunile exterioare, perfecte pentru aplica\u021bii cu spa\u021biu limitat.<\/li>\n<li><strong>Solu\u021bii personalizabile:<\/strong> Produsele noastre pot \u00eenlocui perfect diver\u0219i cilindri hidraulici, oferind flexibilitate \u00een \u00eendeplinirea cerin\u021belor specifice ale clien\u021bilor.<\/li>\n<\/ul>\n<p><img decoding=\"async\" src=\"https:\/\/www.hydraulic-cylinders.net\/wp-content\/uploads\/2025\/04\/songte-cylinder-head-with-all-kinds-excavator-models.webp\" alt=\"Chiulas\u0103\" \/><\/p>\n<h2>Aplica\u021bii ale cilindrului bra\u021bului<\/h2>\n<h3>Echipamente de construc\u021bii<\/h3>\n<p>\u00cen excavatoare, cilindrii bra\u021bului sunt vitali pentru s\u0103pare, \u00eenc\u0103rcare \u0219i mutarea p\u0103m\u00e2ntului sau a resturilor. Ace\u0219tia ajut\u0103 la furnizarea for\u021bei necesare pentru a p\u0103trunde prin materiale dure, ceea ce \u00eei face indispensabili pentru orice proiect de construc\u021bii.<\/p>\n<h3>Ma\u0219ini agricole<\/h3>\n<p>\u00cen \u00eenc\u0103rc\u0103toarele frontale, cilindrii bra\u021bului joac\u0103 un rol esen\u021bial \u00een ridicarea, transportul solului, f\u00e2nului \u0219i altor materiale. Eficien\u021ba lor spore\u0219te productivitatea \u00een sarcinile agricole, f\u0103c\u00e2ndu-i o component\u0103 cheie \u00een opera\u021biunile agricole.<\/p>\n<h3>Excavatoare<\/h3>\n<p>\u00cen opera\u021biunile de excavare, cilindrii bra\u021bului permit cupei s\u0103 p\u0103trund\u0103 eficient \u00een sol, facilit\u00e2nd sarcinile de excavare. Designul lor asigur\u0103 c\u0103 pot face fa\u021b\u0103 solicit\u0103rilor implicate \u00een aceste procese, \u00eembun\u0103t\u0103\u021bind astfel performan\u021ba general\u0103 a ma\u0219inii.<\/p>\n<h3>\u00cenc\u0103rc\u0103toare<\/h3>\n<p>\u00cen cazul \u00eenc\u0103rc\u0103toarelor frontale, ace\u0219ti cilindri ajut\u0103 la ridicarea \u0219i desc\u0103rcarea eficient\u0103 a \u00eenc\u0103rc\u0103turilor. Func\u021bionarea lor fiabil\u0103 asigur\u0103 c\u0103 materialele pot fi mutate rapid \u0219i cu precizie, esen\u021bial pentru orice sarcin\u0103 de \u00eenc\u0103rcare.<\/p>\n<h2>Considera\u021bii de proiectare \u0219i criterii de selec\u021bie<\/h2>\n<h3>Capacitate de \u00eenc\u0103rcare<\/h3>\n<p>Atunci c\u00e2nd selecta\u021bi un cilindru pentru bra\u021b, este esen\u021bial s\u0103 evalua\u021bi capacitatea sa de \u00eenc\u0103rcare. Cilindrul trebuie s\u0103 poat\u0103 suporta sarcinile maxime care vor fi \u00eent\u00e2lnite \u00een timpul func\u021bion\u0103rii. Evaluarea corect\u0103 a capacit\u0103\u021bilor de \u00eenc\u0103rcare asigur\u0103 o utilizare sigur\u0103 \u0219i eficient\u0103, prevenind poten\u021bialele defec\u021biuni care ar putea ap\u0103rea din cauza supra\u00eenc\u0103rc\u0103rii.<\/p>\n<h3>Sistem de etan\u0219are<\/h3>\n<p>Etan\u0219area este un aspect vital al cilindrilor hidraulici. Etan\u0219\u0103rile de \u00eenalt\u0103 calitate previn scurgerile de fluid hidraulic, ceea ce poate duce la sc\u0103derea performan\u021bei \u0219i la cre\u0219terea costurilor de \u00eentre\u021binere. Etan\u0219\u0103rile potrivite vor spori longevitatea cilindrului \u0219i \u00eei vor men\u021bine eficien\u021ba \u00een timp.<\/p>\n<h3>Durabilitate<\/h3>\n<p>Durabilitatea este o considera\u021bie cheie, \u00een special \u00een medii de lucru dure. Alegerea materialelor care rezist\u0103 la uzur\u0103 \u0219i coroziune poate prelungi semnificativ durata de via\u021b\u0103 a unui cilindru de bra\u021b. Evalu\u0103rile regulate ale integrit\u0103\u021bii materialelor vor ajuta, de asemenea, la abordarea preventiv\u0103 a problemelor poten\u021biale.<\/p>\n<h3>Caracteristici de siguran\u021b\u0103<\/h3>\n<p>Siguran\u021ba \u00een proiectare nu trebuie niciodat\u0103 compromis\u0103. Incorporarea de caracteristici precum supapele de suprapresiune ajut\u0103 la prevenirea defec\u021biunilor cilindrilor. Men\u021binerea standardelor de siguran\u021b\u0103 opera\u021bional\u0103 protejeaz\u0103 nu doar echipamentul, ci \u0219i operatorii \u0219i personalul din jur.<\/p>\n<h3>Mentenabilitate<\/h3>\n<p>\u00cen cele din urm\u0103, u\u0219urin\u021ba \u00eentre\u021binerii este crucial\u0103. Un cilindru bine proiectat ar trebui s\u0103 permit\u0103 inspec\u021bii \u0219i service simple. Accesul facil la componente precum garniturile \u0219i lubrifian\u021bii permite verific\u0103ri de \u00eentre\u021binere de rutin\u0103, prelungind durata de via\u021b\u0103 a produsului.<\/p>\n<p><img decoding=\"async\" src=\"https:\/\/www.hydraulic-cylinders.net\/wp-content\/uploads\/2025\/04\/songte-oil-pipes-and-spare-parts.webp\" alt=\"Conducte de petrol \u0219i piese de schimb\" \/><\/p>\n<h2>Etan\u0219are \u0219i lubrifiere<\/h2>\n<p>Utilizarea diverselor componente de etan\u0219are, cum ar fi etan\u0219\u0103rile pistonului \u0219i etan\u0219\u0103rile tijei, este esen\u021bial\u0103 pentru men\u021binerea integrit\u0103\u021bii cilindrului hidraulic. Etan\u0219\u0103rile sunt de obicei fabricate din materiale rezistente la uzur\u0103, cum ar fi poliuretanul \u0219i cauciucul nitrilic, selectate pentru durabilitatea \u0219i capacitatea lor de a rezista la presiuni ridicate. Corpul cilindrului \u0219i capetele filetate sunt supuse unor prelucr\u0103ri precise pentru a spori rezisten\u021ba la uzur\u0103. Lubrifierea regulat\u0103 cu ulei hidraulic adecvat este necesar\u0103 pentru a asigura func\u021bionarea f\u0103r\u0103 probleme a cilindrului \u0219i pentru a minimiza uzura pieselor \u00een mi\u0219care.<\/p>\n<h2>Inspec\u021bie regulat\u0103 \u0219i \u00eentre\u021binere preventiv\u0103<\/h2>\n<ul>\n<li><strong>Inspec\u021bii regulate:<\/strong> Programa\u021bi verific\u0103ri vizuale \u0219i opera\u021bionale de rutin\u0103 pentru a identifica orice semne de uzur\u0103, scurgeri sau deteriorare. Depistarea timpurie a problemelor poate preveni repara\u021bii costisitoare pe viitor.<\/li>\n<li><strong>Lubrifiere adecvat\u0103:<\/strong> Asigura\u021bi-v\u0103 c\u0103 nivelurile uleiului hidraulic sunt men\u021binute. Lubrifierea sus\u021bine performan\u021ba optim\u0103 \u0219i reduce frecarea dintre piesele mobile, reduc\u00e2nd la minimum uzura.<\/li>\n<li><strong>\u00cenlocuirea garniturii:<\/strong> \u00cen timp, garniturile se pot degrada din cauza uzurii sau a expunerii la factorii de mediu. Verifica\u021bi \u0219i \u00eenlocui\u021bi periodic garniturile pentru a preveni scurgerile \u0219i a men\u021bine eficien\u021ba.<\/li>\n<\/ul>\n<h2>Instruc\u021biuni de instalare<\/h2>\n<p>Instalarea corect\u0103 a cilindrului bra\u021bului este esen\u021bial\u0103 pentru asigurarea unei performan\u021be fiabile. \u00cencepe\u021bi prin a v\u0103 asigura c\u0103 toate componentele sunt curate \u0219i f\u0103r\u0103 resturi. Folosi\u021bi suporturi de montare adecvate pentru a fixa cilindrul \u00een pozi\u021bie, asigur\u00e2ndu-v\u0103 c\u0103 este aliniat corect cu componentele opera\u021bionale ale ma\u0219inii. Urma\u021bi specifica\u021biile produc\u0103torului pentru set\u0103rile de cuplu pentru a preveni str\u00e2ngerea excesiv\u0103, care poate deteriora cilindrul. Dup\u0103 instalare, efectua\u021bi o verificare am\u0103nun\u021bit\u0103 a tuturor fitingurilor \u0219i conexiunilor pentru a v\u0103 asigura c\u0103 sunt fixate. \u00cen cele din urm\u0103, testa\u021bi sistemul la presiune sc\u0103zut\u0103 \u00eenainte de func\u021bionarea complet\u0103 pentru a v\u0103 asigura c\u0103 totul func\u021bioneaz\u0103 corect.<\/p>\n<p><img decoding=\"async\" src=\"https:\/\/www.hydraulic-cylinders.net\/wp-content\/uploads\/2025\/04\/songte-chushion-collar.webp\" alt=\"Guler de pern\u0103\" \/><\/p>\n<h2>Considera\u021bii de siguran\u021b\u0103 \u0219i factori de mediu<\/h2>\n<p>Atunci c\u00e2nd se utilizeaz\u0103 cilindri pentru bra\u021b, respectarea m\u0103surilor de siguran\u021b\u0103 este esen\u021bial\u0103. Operatorii trebuie s\u0103 fie instrui\u021bi cu privire la utilizarea \u0219i manipularea corect\u0103 a echipamentelor hidraulice pentru a reduce riscurile. \u00cen plus, trebuie respectate practici de mediu adecvate pentru a evita scurgerile de fluide hidraulice care pot d\u0103una ecosistemelor. Instruirea regulat\u0103 privind protocoalele de siguran\u021b\u0103 \u0219i practicile de \u00eentre\u021binere promoveaz\u0103 o cultur\u0103 a siguran\u021bei \u0219i responsabilit\u0103\u021bii \u00een r\u00e2ndul operatorilor.<\/p>\n<h2>Diagnosticarea defec\u021biunilor \u0219i probleme frecvente<\/h2>\n<ul>\n<li><strong>Scurgere de fluide:<\/strong> Inspecta\u021bi garniturile \u0219i conexiunile \u00een mod regulat. \u00cenlocui\u021bi prompt garniturile deteriorate pentru a preveni pierderea de fluid hidraulic, care poate duce la sc\u0103derea performan\u021bei.<\/li>\n<li><strong>Func\u021bionare zgomotoas\u0103:<\/strong> Zgomotele neobi\u0219nuite pot indica o lubrifiere insuficient\u0103 sau uzura componentelor interne. Verifica\u021bi nivelurile de lubrifiere \u0219i lua\u021bi \u00een considerare o inspec\u021bie am\u0103nun\u021bit\u0103 a cilindrului.<\/li>\n<li><strong>Mi\u0219care inconsistent\u0103:<\/strong> Dac\u0103 cilindrul nu se extinde sau nu se retrage lin, acest lucru se poate datora prezen\u021bei aerului \u00een sistem sau unor niveluri inadecvate de lichid hidraulic. Aerisi\u021bi sistemul \u0219i completa\u021bi cu lichid hidraulic, dup\u0103 cum este necesar.<\/li>\n<\/ul>\n<h2>Sfaturi de depanare<\/h2>\n<p>Pentru a diagnostica \u0219i rezolva eficient problemele, este important s\u0103 urma\u021bi o abordare sistematic\u0103. \u00cencepe\u021bi cu o inspec\u021bie vizual\u0103 pentru a identifica orice semne evidente de uzur\u0103 sau deteriorare. Men\u021bine\u021bi un jurnal al activit\u0103\u021bilor de \u00eentre\u021binere pentru a urm\u0103ri performan\u021ba \u0219i problemele \u00een timp. Implementa\u021bi un program regulat de \u00eentre\u021binere preventiv\u0103 pentru a minimiza poten\u021bialele probleme \u0219i a asigura o func\u021bionalitate optim\u0103. \u00cen cele din urm\u0103, consulta\u021bi instruc\u021biunile produc\u0103torului pentru proceduri \u0219i recomand\u0103ri specifice de depanare.<\/p>\n<p><img decoding=\"async\" src=\"https:\/\/www.hydraulic-cylinders.net\/wp-content\/uploads\/2025\/04\/songte-bushings-with-all-kinds-of-excavator-models.webp\" alt=\"Buc\u0219e\" \/><\/p>\n<h2>Despre compania noastr\u0103<\/h2>\n<p>Suntem un produc\u0103tor specializat \u00een cilindri hidraulici de schimb. Gama noastr\u0103 extins\u0103 de produse ne-a transformat \u00eentr-unul dintre principalii produc\u0103tori \u0219i angrosi\u0219ti \u200b\u200bde cilindri hidraulici, at\u00e2t pe pia\u021ba intern\u0103, c\u00e2t \u0219i pe cea interna\u021bional\u0103. Ader\u0103m la principiul excelen\u021bei, utiliz\u00e2nd o strategie detaliat\u0103 de fabrica\u021bie \u00een atelier. Concentr\u00e2ndu-ne pe talentul tehnologic, echipamente digitale de fabrica\u021bie de ultim\u0103 genera\u021bie \u0219i sisteme de inspec\u021bie specializate, ne \u00eembun\u0103t\u0103\u021bim continuu capacit\u0103\u021bile de produc\u021bie. Angajamentul nostru fa\u021b\u0103 de eficien\u021b\u0103 ridicat\u0103, precizie \u0219i calitate asigur\u0103 satisfacerea nevoilor diverse ale clien\u021bilor no\u0219tri.<\/p>\n<p><img decoding=\"async\" src=\"https:\/\/www.hydraulic-cylinders.net\/wp-content\/uploads\/2025\/04\/songte-company-4.webp\" alt=\"Prezentare general\u0103 a companiei\" \/><br \/>\n<img decoding=\"async\" src=\"https:\/\/www.hydraulic-cylinders.net\/wp-content\/uploads\/2025\/04\/songte-company-3.webp\" alt=\"Facilit\u0103\u021bi ale companiei\" \/><\/p>\n<p>Autor: lyl<\/p>","protected":false},"excerpt":{"rendered":"<p>Boom Cylinder For Volwa Large Excavator DLS450-8B Product Overview The Boom Cylinder for Volwa Large Excavator DLS450-8B is a crucial component in the hydraulic systems of heavy machinery. This type of hydraulic cylinder is specifically designed to control the movement of buckets in various heavy equipment like excavators, backhoe loaders, and front-end loaders. It enables [&hellip;]<\/p>","protected":false},"featured_media":17879,"comment_status":"open","ping_status":"closed","template":"","meta":{"_et_pb_use_builder":"","_et_pb_old_content":"","_et_gb_content_width":""},"product_brand":[],"product_cat":[1546],"product_tag":[1547,1496],"class_list":{"0":"post-19616","1":"product","2":"type-product","3":"status-publish","4":"has-post-thumbnail","6":"product_cat-boom-cylinders","7":"product_tag-boom-cylinders","8":"product_tag-hydraulic-cylinders","10":"first","11":"instock","12":"shipping-taxable","13":"product-type-simple"},"amp_enabled":true,"_links":{"self":[{"href":"https:\/\/www.hydraulic-cylinders.net\/ro\/wp-json\/wp\/v2\/product\/19616","targetHints":{"allow":["GET"]}}],"collection":[{"href":"https:\/\/www.hydraulic-cylinders.net\/ro\/wp-json\/wp\/v2\/product"}],"about":[{"href":"https:\/\/www.hydraulic-cylinders.net\/ro\/wp-json\/wp\/v2\/types\/product"}],"replies":[{"embeddable":true,"href":"https:\/\/www.hydraulic-cylinders.net\/ro\/wp-json\/wp\/v2\/comments?post=19616"}],"wp:featuredmedia":[{"embeddable":true,"href":"https:\/\/www.hydraulic-cylinders.net\/ro\/wp-json\/wp\/v2\/media\/17879"}],"wp:attachment":[{"href":"https:\/\/www.hydraulic-cylinders.net\/ro\/wp-json\/wp\/v2\/media?parent=19616"}],"wp:term":[{"taxonomy":"product_brand","embeddable":true,"href":"https:\/\/www.hydraulic-cylinders.net\/ro\/wp-json\/wp\/v2\/product_brand?post=19616"},{"taxonomy":"product_cat","embeddable":true,"href":"https:\/\/www.hydraulic-cylinders.net\/ro\/wp-json\/wp\/v2\/product_cat?post=19616"},{"taxonomy":"product_tag","embeddable":true,"href":"https:\/\/www.hydraulic-cylinders.net\/ro\/wp-json\/wp\/v2\/product_tag?post=19616"}],"curies":[{"name":"wp","href":"https:\/\/api.w.org\/{rel}","templated":true}]}}