{"id":19619,"date":"2025-04-07T06:57:53","date_gmt":"2025-04-07T06:57:53","guid":{"rendered":"https:\/\/www.hydraulic-cylinders.net\/product\/boom-cylinder-for-volwa-cane-unloader-dls880-9a\/"},"modified":"2025-04-07T06:57:55","modified_gmt":"2025-04-07T06:57:55","slug":"boom-cylinder-for-volwa-cane-unloader-dls880-9a","status":"publish","type":"product","link":"https:\/\/www.hydraulic-cylinders.net\/ro\/produs\/boom-cylinder-for-volwa-cane-unloader-dls880-9a\/","title":{"rendered":"Cilindru de bra\u021b pentru desc\u0103rcatorul de trestie Volwa DLS880-9A"},"content":{"rendered":"<h1>Cilindru de bra\u021b pentru desc\u0103rcatorul de trestie Volwa DLS880-9A<\/h1>\n<h2>Prezentare general\u0103 a produsului<\/h2>\n<p>Cilindrul hidraulic pentru desc\u0103rc\u0103torul de trestie Volwa DLS880-9A este o component\u0103 esen\u021bial\u0103 conceput\u0103 special pentru \u00eembun\u0103t\u0103\u021birea performan\u021bei utilajelor grele. Acest cilindru hidraulic joac\u0103 un rol crucial \u00een controlul mi\u0219c\u0103rii diferitelor echipamente, \u00een special \u00een sectorul agricol. Acesta ofer\u0103 for\u021ba necesar\u0103 pentru ridicarea, cobor\u00e2rea \u0219i \u00eenclinarea bra\u021bului, facilit\u00e2nd sarcinile eficiente de manipulare a materialelor.<\/p>\n<p><img decoding=\"async\" src=\"https:\/\/www.hydraulic-cylinders.net\/wp-content\/uploads\/2025\/04\/songte-company-1.webp\" alt=\"Cilindru de bra\u021b pentru desc\u0103rcatorul de trestie de zah\u0103r Volwa\" \/><\/p>\n<h3>Defini\u021bie \u0219i func\u021bie<\/h3>\n<p>Un cilindru hidraulic este un tip de cilindru hidraulic special conceput pentru a controla mi\u0219carea unui bra\u021b \u00een utilaje grele, cum ar fi excavatoarele, excavatoarele \u0219i \u00eenc\u0103rc\u0103toarele frontale. Func\u021bia sa principal\u0103 este de a facilita func\u021bionarea lin\u0103 a cupei ma\u0219inii. Prin utilizarea uleiului hidraulic, cilindrul bra\u021bului poate oferi o for\u021b\u0103 de ridicare puternic\u0103 \u0219i precizie \u00een mi\u0219care, ceea ce este esen\u021bial pentru sarcini precum s\u0103parea, \u00eenc\u0103rcarea \u0219i transportul materialelor. Designul acestor cilindri le permite s\u0103 reziste la presiuni ridicate \u0219i sarcini substan\u021biale, ceea ce \u00eei face ideali pentru medii de lucru solicitante.<\/p>\n<h2>Caracteristici cheie<\/h2>\n<ul>\n<li><strong>Rezisten\u021b\u0103 \u0219i durabilitate ridicate:<\/strong> Fabricat din o\u021bel sau aluminiu de \u00eenalt\u0103 rezisten\u021b\u0103, cilindrul bra\u021bului este proiectat s\u0103 reziste la presiuni ridicate \u0219i sarcini grele, asigur\u00e2nd fiabilitate \u00een condi\u021bii dificile de lucru.<\/li>\n<li><strong>Func\u021bionare hidraulic\u0103 eficient\u0103:<\/strong> Cilindrul utilizeaz\u0103 presiunea uleiului hidraulic pentru o extensie \u0219i retragere lin\u0103, oferind r\u0103spunsuri rapide la comenzile de control \u0219i furniz\u00e2nd for\u021be puternice de \u00eempingere \u0219i tragere.<\/li>\n<li><strong>Diverse tipuri:<\/strong> Disponibil \u00een configura\u021bii cu ac\u021biune simpl\u0103 sau dubl\u0103 pentru a satisface diverse nevoi opera\u021bionale, unele modele fiind dotate cu designuri telescopice pentru o raz\u0103 de ac\u021biune extins\u0103 f\u0103r\u0103 a cre\u0219te dimensiunile exterioare.<\/li>\n<li><strong>Integrare u\u0219oar\u0103:<\/strong> Cilindrul nostru de bra\u021b poate \u00eenlocui perfect cilindrii hidraulici existen\u021bi, asigur\u00e2nd compatibilitatea \u0219i u\u0219urin\u021ba instal\u0103rii.<\/li>\n<li><strong>\u00centre\u021binere u\u0219oar\u0103:<\/strong> Designul permite accesul facil \u00een timpul \u00eentre\u021binerii, asigur\u00e2nd longevitatea \u0219i eficien\u021ba opera\u021bional\u0103.<\/li>\n<\/ul>\n<p><img decoding=\"async\" src=\"https:\/\/www.hydraulic-cylinders.net\/wp-content\/uploads\/2025\/04\/songte-cylinder-head-with-all-kinds-excavator-models.webp\" alt=\"Chiulas\u0103 hidraulic\u0103\" \/><\/p>\n<h2>Scenarii de aplica\u021bii<\/h2>\n<h3>Echipamente de construc\u021bii<\/h3>\n<p>\u00cen echipamentele de construc\u021bii, cilindrul bra\u021bului este vital pentru excavatoare, unde faciliteaz\u0103 s\u0103parea, \u00eenc\u0103rcarea \u0219i mutarea solului sau a resturilor. Acesta permite un control precis \u00een timpul sarcinilor de excavare, asigur\u00e2nd eficien\u021ba \u0219i acurate\u021bea opera\u021biunilor. Designul robust al cilindrului \u00eei permite s\u0103 gestioneze ridic\u0103rile grele asociate proiectelor de construc\u021bii, ceea ce \u00eel face un instrument indispensabil \u00een industrie.<\/p>\n<h3>Ma\u0219ini agricole<\/h3>\n<p>\u00cen aplica\u021biile agricole, cilindrii bra\u021bului se g\u0103sesc de obicei la \u00eenc\u0103rc\u0103toarele frontale, unde ajut\u0103 la scoberea, ridicarea \u0219i transportul solului, f\u00e2nului \u0219i altor materiale. Ac\u021biunea hidraulic\u0103 permite o func\u021bionare lin\u0103, permi\u021b\u00e2nd fermierilor s\u0103 \u00eendeplineasc\u0103 diverse sarcini cu u\u0219urin\u021b\u0103 \u0219i precizie. Acest lucru spore\u0219te productivitatea la ferm\u0103 \u0219i sus\u021bine o gam\u0103 larg\u0103 de practici agricole.<\/p>\n<h3>Excavatoare<\/h3>\n<p>La excavatoare, cilindrul bra\u021bului permite cupei s\u0103 p\u0103trund\u0103 \u00een sol pentru opera\u021biunile de s\u0103pare. Acesta ofer\u0103 for\u021ba \u0219i controlul necesare, permi\u021b\u00e2nd operatorilor s\u0103 execute sarcinile eficient. Fiabilitatea \u0219i rezisten\u021ba cilindrului bra\u021bului sunt cruciale pentru a asigura performan\u021ba optim\u0103 a excavatoarelor, \u00een special pe terenuri dificile.<\/p>\n<h3>\u00cenc\u0103rc\u0103toare<\/h3>\n<p>\u00cen cazul \u00eenc\u0103rc\u0103toarelor frontale, cilindrii bra\u021bului joac\u0103 un rol semnificativ \u00een ridicarea \u0219i desc\u0103rcarea eficient\u0103 a \u00eenc\u0103rc\u0103turilor. Designul lor robust asigur\u0103 gestionarea \u00een siguran\u021b\u0103 a \u00eenc\u0103rc\u0103turilor grele, sporind func\u021bionalitatea \u0219i fiabilitatea \u00eenc\u0103rc\u0103torului pe \u0219antier.<\/p>\n<h2>Considera\u021bii de proiectare \u0219i standarde de selec\u021bie<\/h2>\n<h3>Capacitate de \u00eenc\u0103rcare<\/h3>\n<p>Capacitatea de \u00eenc\u0103rcare a unui cilindru al bra\u021bului este o considera\u021bie critic\u0103 de proiectare. Acesta trebuie s\u0103 poat\u0103 sus\u021bine greutatea materialelor manipulate f\u0103r\u0103 a compromite siguran\u021ba sau performan\u021ba. Selectarea unui cilindru al bra\u021bului cu o capacitate de \u00eenc\u0103rcare adecvat\u0103 asigur\u0103 o func\u021bionare eficient\u0103 \u0219i previne defec\u021biunile mecanice.<\/p>\n<h3>Performan\u021ba de etan\u0219are<\/h3>\n<p>Etan\u0219area eficient\u0103 este esen\u021bial\u0103 pentru cilindrii hidraulici. Integritatea etan\u0219\u0103rilor previne scurgerile de fluid hidraulic, ceea ce poate duce la probleme de performan\u021b\u0103 \u0219i la cre\u0219terea costurilor de \u00eentre\u021binere. Etan\u0219\u0103rile de \u00eenalt\u0103 calitate, fabricate din materiale durabile, sunt esen\u021biale pentru men\u021binerea unei func\u021bion\u0103ri optime.<\/p>\n<h3>Durabilitate<\/h3>\n<p>Durabilitatea este un factor vital \u00een proiectarea cilindrilor bra\u021bului. Ace\u0219tia ar trebui s\u0103 fie construi\u021bi din materiale de \u00eenalt\u0103 calitate, care s\u0103 reziste uzurii rezultate \u00een urma utiliz\u0103rii constante \u00een medii dure. Aceast\u0103 durabilitate prelunge\u0219te durata de via\u021b\u0103 a produsului \u0219i reduce frecven\u021ba \u00eenlocuirilor.<\/p>\n<h3>Caracteristici de siguran\u021b\u0103<\/h3>\n<p>Siguran\u021ba este o considera\u021bie major\u0103 \u00een proiectarea cilindrilor hidraulici. Caracteristici precum supapele de suprapresiune \u0219i dispozitivele de protec\u021bie la suprasarcin\u0103 pot preveni accidentele \u0219i pot asigura o func\u021bionare sigur\u0103, protej\u00e2nd astfel at\u00e2t echipamentul, c\u00e2t \u0219i operatorul.<\/p>\n<h3>Accesibilitate pentru \u00eentre\u021binere<\/h3>\n<p>Proiectarea cilindrilor bra\u021bului pentru o \u00eentre\u021binere u\u0219oar\u0103 este esen\u021bial\u0103 pentru asigurarea longevit\u0103\u021bii acestora. Componentele accesibile permit verific\u0103ri regulate, lubrifiere \u0219i \u00eenlocuirea pieselor, ceea ce poate \u00eembun\u0103t\u0103\u021bi performan\u021ba \u0219i reduce timpul de nefunc\u021bionare.<\/p>\n<p><img decoding=\"async\" src=\"https:\/\/www.hydraulic-cylinders.net\/wp-content\/uploads\/2025\/04\/songte-oil-pipes-and-spare-parts.webp\" alt=\"Piese cilindru hidraulic\" \/><\/p>\n<h2>Etan\u0219are \u0219i lubrifiere<\/h2>\n<p>Etan\u0219area \u0219i lubrifierea eficiente sunt esen\u021biale pentru performan\u021ba cilindrilor hidraulici. Utilizarea diferitelor componente de etan\u0219are, cum ar fi etan\u0219\u0103rile pistonului \u0219i etan\u0219\u0103rile tijei, este vital\u0103 pentru prevenirea scurgerilor \u0219i asigurarea func\u021bion\u0103rii eficiente. Aceste etan\u0219\u0103ri sunt adesea fabricate din materiale rezistente la uzur\u0103, cum ar fi poliuretanul \u0219i cauciucul nitrilic, care sporesc durabilitatea. Mai mult, corpul cilindrului \u0219i suprafe\u021bele filetate sunt tratate fin pentru a \u00eembun\u0103t\u0103\u021bi rezisten\u021ba la uzur\u0103. Lubrifierea regulat\u0103 cu ulei hidraulic adecvat este necesar\u0103 pentru a men\u021bine o func\u021bionare lin\u0103 \u0219i a preveni uzura prematur\u0103.<\/p>\n<h2>M\u0103suri de \u00eentre\u021binere preventiv\u0103<\/h2>\n<ul>\n<li><strong>Inspec\u021bii regulate:<\/strong> Efectuarea inspec\u021biilor de rutin\u0103 ajut\u0103 la identificarea poten\u021bialelor probleme \u00eenainte ca acestea s\u0103 escaladeze, asigur\u00e2nd func\u021bionarea eficient\u0103 a sistemului hidraulic.<\/li>\n<li><strong>Lubrifiere:<\/strong> Lubrifierea adecvat\u0103 este esen\u021bial\u0103 pentru a reduce frecarea \u0219i uzura pieselor mobile. Verifica\u021bi \u0219i completa\u021bi periodic nivelurile de ulei hidraulic.<\/li>\n<li><strong>\u00cenlocuirea garniturii:<\/strong> \u00cenlocuirea periodic\u0103 a garniturilor poate preveni scurgerile \u0219i poate men\u021bine eficien\u021ba hidraulic\u0103. Este esen\u021bial s\u0103 se utilizeze piese de schimb de \u00eenalt\u0103 calitate pentru a asigura compatibilitatea \u0219i performan\u021ba.<\/li>\n<\/ul>\n<h2>Instruc\u021biuni de instalare<\/h2>\n<p>Instalarea corect\u0103 a cilindrului bra\u021bului este crucial\u0103 pentru o performan\u021b\u0103 optim\u0103. \u00cencepe\u021bi prin a v\u0103 asigura c\u0103 toate componentele sunt curate \u0219i f\u0103r\u0103 resturi. Alinia\u021bi corect cilindrul cu punctele de montare ale ma\u0219inii \u0219i utiliza\u021bi console de montare adecvate pentru a-l fixa \u00een pozi\u021bie. Evita\u021bi alinierea gre\u0219it\u0103, deoarece acest lucru poate duce la uzur\u0103 prematur\u0103 \u0219i defec\u021biuni. Dup\u0103 instalare, verifica\u021bi conexiunile hidraulice pentru scurgeri \u0219i asigura\u021bi-v\u0103 c\u0103 sistemul nu con\u021bine aer \u00eenainte de utilizare. Revizui\u021bi periodic instalarea pentru a men\u021bine performan\u021ba \u00een timp.<\/p>\n<h2>Sarcini comune de \u00eentre\u021binere<\/h2>\n<h3>Inspec\u021bii regulate<\/h3>\n<p>Efectuarea inspec\u021biilor regulate este esen\u021bial\u0103 pentru identificarea timpurie a uzurii sau a deterior\u0103rii. Verifica\u021bi cilindrul pentru orice semne de scurgeri, coroziune sau deteriorare fizic\u0103. Asigurarea faptului c\u0103 toate conexiunile sunt sigure \u0219i c\u0103 garniturile sunt intacte va ajuta la men\u021binerea eficien\u021bei hidraulice.<\/p>\n<h3>Lubrifiere adecvat\u0103<\/h3>\n<p>Lubrifierea este vital\u0103 pentru buna func\u021bionare a cilindrilor hidraulici. Folosi\u021bi uleiul hidraulic recomandat de produc\u0103tor \u0219i asigura\u021bi-v\u0103 c\u0103 acesta este completat \u00een mod regulat. Lubrifierea adecvat\u0103 minimizeaz\u0103 frecarea \u0219i uzura pieselor mobile, prelungind durata de via\u021b\u0103 a cilindrului.<\/p>\n<h3>\u00cenlocuirea garniturii \u0219i verific\u0103ri ale calibr\u0103rii<\/h3>\n<p>\u00cenlocuirea periodic\u0103 a garniturilor este crucial\u0103 pentru prevenirea scurgerilor \u0219i men\u021binerea presiunii hidraulice. Urma\u021bi instruc\u021biunile produc\u0103torului pentru programele de \u00eenlocuire a garniturilor. De asemenea, trebuie efectuate verific\u0103ri de calibrare pentru a asigura c\u0103 sistemul func\u021bioneaz\u0103 \u00een parametrii specifica\u021bi, sporind fiabilitatea \u0219i siguran\u021ba.<\/p>\n<p><img decoding=\"async\" src=\"https:\/\/www.hydraulic-cylinders.net\/wp-content\/uploads\/2025\/04\/songte-chushion-collar.webp\" alt=\"Guler de pern\u0103\" \/><\/p>\n<h2>Considera\u021bii de siguran\u021b\u0103 \u0219i factori de mediu<\/h2>\n<p>La manipularea cilindrilor hidraulici, m\u0103surile de siguran\u021b\u0103 sunt primordiale. Operatorii trebuie instrui\u021bi \u00een recunoa\u0219terea pericolelor asociate cu sistemele hidraulice, cum ar fi mediile de \u00eenalt\u0103 presiune \u0219i poten\u021bialul de scurgeri de fluid hidraulic. Implementarea unor protocoale de siguran\u021b\u0103 adecvate poate reduce semnificativ riscurile \u0219i poate proteja at\u00e2t personalul, c\u00e2t \u0219i echipamentele. \u00cen plus, lua\u021bi \u00een considerare factorii de mediu, cum ar fi eliminarea corect\u0103 a fluidelor hidraulice \u0219i asigurarea faptului c\u0103 opera\u021biunile respect\u0103 reglement\u0103rile de mediu.<\/p>\n<h2>Depanare \u0219i probleme frecvente<\/h2>\n<ul>\n<li><strong>Scurgere:<\/strong> Cea mai frecvent\u0103 problem\u0103 este scurgerea, care poate fi cauzat\u0103 de uzura garniturilor de etan\u0219are. Inspec\u021biile regulate \u0219i \u00eenlocuirile la timp pot atenua aceast\u0103 problem\u0103.<\/li>\n<li><strong>Pierdere de presiune:<\/strong> Pierderea presiunii hidraulice poate rezulta din scurgeri sau aer \u00een sistem. Aerisi\u021bi sistemul \u0219i verifica\u021bi dac\u0103 exist\u0103 scurgeri pentru a rezolva aceast\u0103 problem\u0103.<\/li>\n<li><strong>Func\u021bionare lent\u0103:<\/strong> Dac\u0103 cilindrul func\u021bioneaz\u0103 lent, acest lucru poate indica niveluri sc\u0103zute de lichid hidraulic sau contaminare. Verifica\u021bi nivelurile de lichid \u0219i \u00eenlocui\u021bi-le dac\u0103 este necesar.<\/li>\n<\/ul>\n<h2>Sfaturi pentru rezolvarea problemelor<\/h2>\n<p>Rezolvarea prompt\u0103 a problemelor minore poate preveni probleme mai mari la cilindrii hidraulici. \u00cen cazul scurgerilor, identifica\u021bi sursa \u0219i \u00eenlocui\u021bi garniturile dup\u0103 cum este necesar. \u00cen cazul pierderii de presiune, asigura\u021bi-v\u0103 c\u0103 toate conexiunile sunt str\u00e2nse \u0219i c\u0103 nu exist\u0103 scurgeri. \u00centre\u021binerea regulat\u0103 \u0219i depanarea la timp pot minimiza poten\u021bialele probleme \u0219i pot prelungi durata de via\u021b\u0103 a sistemului hidraulic.<\/p>\n<p><img decoding=\"async\" src=\"https:\/\/www.hydraulic-cylinders.net\/wp-content\/uploads\/2025\/04\/songte-bushings-with-all-kinds-of-excavator-models.webp\" alt=\"Buc\u0219e pentru cilindri hidraulici\" \/><\/p>\n<h2>Despre compania noastr\u0103<\/h2>\n<p>Suntem un produc\u0103tor \u0219i distribuitor angro de top de cilindri hidraulici de schimb, cu o gam\u0103 divers\u0103 de produse care deservesc at\u00e2t pie\u021bele interne, c\u00e2t \u0219i cele interna\u021bionale. Angajamentul nostru fa\u021b\u0103 de excelen\u021ba \u00een calitate este sus\u021binut de o strategie sofisticat\u0103 de management al produc\u021biei, care pune accent pe fabrica\u021bia de precizie. Utiliz\u0103m tehnologii avansate de fabrica\u021bie, tehnicieni califica\u021bi \u0219i sisteme riguroase de testare pentru a ne \u00eembun\u0103t\u0103\u021bi capacit\u0103\u021bile de produc\u021bie. Concentrarea noastr\u0103 pe eficien\u021b\u0103, precizie \u0219i standarde \u00eenalte asigur\u0103 satisfacerea nevoilor diverse ale clien\u021bilor no\u0219tri.<\/p>\n<p><img decoding=\"async\" src=\"https:\/\/www.hydraulic-cylinders.net\/wp-content\/uploads\/2025\/04\/songte-company-4.webp\" alt=\"Unitatea de produc\u021bie a companiei\" \/><br \/>\n<img decoding=\"async\" src=\"https:\/\/www.hydraulic-cylinders.net\/wp-content\/uploads\/2025\/04\/songte-company-3.webp\" alt=\"Echipamente de produc\u021bie ale companiei\" \/><\/p>\n<p>Dedica\u021bia noastr\u0103 fa\u021b\u0103 de profesionalism este \u00eent\u0103rit\u0103 de certific\u0103ri interna\u021bionale, servicii personalizate, echipamente de produc\u021bie de ultim\u0103 genera\u021bie \u0219i asisten\u021b\u0103 post-v\u00e2nzare prompt\u0103, asigur\u00e2nd c\u0103 produsele noastre \u00eendeplinesc \u0219i chiar dep\u0103\u0219esc a\u0219tept\u0103rile clien\u021bilor.<\/p>\n<p>Autor: lyl<\/p>","protected":false},"excerpt":{"rendered":"<p>Boom Cylinder For Volwa Cane Unloader DLS880-9A Product Overview The Boom Cylinder For Volwa Cane Unloader DLS880-9A is an essential component designed specifically for enhancing the performance of heavy machinery. This hydraulic cylinder plays a crucial role in controlling the movement of various equipment, particularly in the agricultural sector. It provides the necessary force to [&hellip;]<\/p>","protected":false},"featured_media":17867,"comment_status":"open","ping_status":"closed","template":"","meta":{"_et_pb_use_builder":"","_et_pb_old_content":"","_et_gb_content_width":""},"product_brand":[],"product_cat":[1546],"product_tag":[1547,1496],"class_list":{"0":"post-19619","1":"product","2":"type-product","3":"status-publish","4":"has-post-thumbnail","6":"product_cat-boom-cylinders","7":"product_tag-boom-cylinders","8":"product_tag-hydraulic-cylinders","10":"first","11":"instock","12":"shipping-taxable","13":"product-type-simple"},"amp_enabled":true,"_links":{"self":[{"href":"https:\/\/www.hydraulic-cylinders.net\/ro\/wp-json\/wp\/v2\/product\/19619","targetHints":{"allow":["GET"]}}],"collection":[{"href":"https:\/\/www.hydraulic-cylinders.net\/ro\/wp-json\/wp\/v2\/product"}],"about":[{"href":"https:\/\/www.hydraulic-cylinders.net\/ro\/wp-json\/wp\/v2\/types\/product"}],"replies":[{"embeddable":true,"href":"https:\/\/www.hydraulic-cylinders.net\/ro\/wp-json\/wp\/v2\/comments?post=19619"}],"wp:featuredmedia":[{"embeddable":true,"href":"https:\/\/www.hydraulic-cylinders.net\/ro\/wp-json\/wp\/v2\/media\/17867"}],"wp:attachment":[{"href":"https:\/\/www.hydraulic-cylinders.net\/ro\/wp-json\/wp\/v2\/media?parent=19619"}],"wp:term":[{"taxonomy":"product_brand","embeddable":true,"href":"https:\/\/www.hydraulic-cylinders.net\/ro\/wp-json\/wp\/v2\/product_brand?post=19619"},{"taxonomy":"product_cat","embeddable":true,"href":"https:\/\/www.hydraulic-cylinders.net\/ro\/wp-json\/wp\/v2\/product_cat?post=19619"},{"taxonomy":"product_tag","embeddable":true,"href":"https:\/\/www.hydraulic-cylinders.net\/ro\/wp-json\/wp\/v2\/product_tag?post=19619"}],"curies":[{"name":"wp","href":"https:\/\/api.w.org\/{rel}","templated":true}]}}