{"id":19621,"date":"2025-04-07T06:58:00","date_gmt":"2025-04-07T06:58:00","guid":{"rendered":"https:\/\/www.hydraulic-cylinders.net\/product\/boom-cylinder-for-volwa-cane-unloader-dls190-9a\/"},"modified":"2025-04-07T06:58:03","modified_gmt":"2025-04-07T06:58:03","slug":"boom-cylinder-for-volwa-cane-unloader-dls190-9a","status":"publish","type":"product","link":"https:\/\/www.hydraulic-cylinders.net\/ro\/produs\/boom-cylinder-for-volwa-cane-unloader-dls190-9a\/","title":{"rendered":"Cilindru de bra\u021b pentru desc\u0103rcatorul de trestie Volwa DLS190-9A"},"content":{"rendered":"<h1>Cilindru de bra\u021b pentru desc\u0103rcatorul de trestie Volwa DLS190-9A<\/h1>\n<h2>Introducere \u00een cilindrul bra\u021bului<\/h2>\n<p>The boom cylinder is an essential component in hydraulic systems, specifically designed to control the movements of various heavy machinery&#8217;s buckets, such as excavators, backhoe loaders, and front loaders. This hydraulic cylinder enables the bucket to lift, lower, and tilt, facilitating material handling tasks efficiently. The functionality of boom cylinders is paramount in industries where heavy lifting and precise movement are required, as they provide the necessary force and control to manipulate large loads safely and effectively.<\/p>\n<p><img decoding=\"async\" src=\"https:\/\/www.hydraulic-cylinders.net\/wp-content\/uploads\/2025\/04\/songte-company-1.webp\" alt=\"Imaginea cilindrului bra\u021bului\"><\/p>\n<h2>Caracteristicile cilindrului bra\u021bului<\/h2>\n<ul>\n<li>\n<h3>Rezisten\u021b\u0103 \u0219i durabilitate ridicate<\/h3>\n<p>De obicei, construi\u021bi din o\u021bel sau aluminiu de \u00eenalt\u0103 rezisten\u021b\u0103, cilindrii bra\u021bului sunt proiecta\u021bi s\u0103 reziste la presiuni ridicate \u0219i sarcini grele, ceea ce \u00eei face potrivi\u021bi pentru condi\u021bii de lucru dure. Designul lor ia \u00een considerare rezisten\u021ba la uzur\u0103 \u0219i la coroziune, prelungindu-le semnificativ durata de via\u021b\u0103.<\/p>\n<\/li>\n<li>\n<h3>Func\u021bionare hidraulic\u0103 eficient\u0103<\/h3>\n<p>Utiliz\u00e2nd presiunea uleiului hidraulic pentru o extensie \u0219i retragere lin\u0103, ace\u0219ti cilindri r\u0103spund rapid la comenzile de control, oferind o \u00eempingere puternic\u0103 potrivit\u0103 pentru manipularea obiectelor grele \u0219i a sarcinilor opera\u021bionale complexe.<\/p>\n<\/li>\n<li>\n<h3>Diverse tipuri<\/h3>\n<p>Disponibili fie cu ac\u021biune simpl\u0103 (folosind for\u021ba hidraulic\u0103 \u00eentr-o singur\u0103 direc\u021bie), fie cu ac\u021biune dubl\u0103 (folosind for\u021ba hidraulic\u0103 \u00een dou\u0103 direc\u021bii), cilindrii bra\u021bului r\u0103spund diverselor nevoi opera\u021bionale. Unele modele sunt telescopice, permi\u021b\u00e2nd o extensie mai mare f\u0103r\u0103 a cre\u0219te dimensiunile exterioare, ideale pentru aplica\u021bii cu spa\u021biu limitat.<\/p>\n<\/li>\n<li>\n<h3>Produc\u021bie personalizat\u0103<\/h3>\n<p>Putem fabrica acest produs, iar produsele noastre pot \u00eenlocui perfect ace\u0219ti cilindri hidraulici, asigur\u00e2nd compatibilitate \u0219i performan\u021b\u0103.<\/p>\n<\/li>\n<li>\n<h3>Versatilitatea aplica\u021biilor<\/h3>\n<p>\u00cen func\u021bie de utilajele implicate, cilindrii bra\u021bului pot fi adapta\u021bi pentru a \u00eendeplini cerin\u021be opera\u021bionale specifice, asigur\u00e2nd performan\u021be optime \u00een diverse situa\u021bii.<\/p>\n<\/li>\n<\/ul>\n<p><img decoding=\"async\" src=\"https:\/\/www.hydraulic-cylinders.net\/wp-content\/uploads\/2025\/04\/songte-cylinder-head-with-all-kinds-excavator-models.webp\" alt=\"Diverse modele de excavatoare\"><\/p>\n<h2>Aplica\u021bii ale cilindrilor bra\u021bului<\/h2>\n<ul>\n<li>\n<h3>Echipamente de construc\u021bii<\/h3>\n<p>\u00cen excavatoare, cilindrii bra\u021bului sunt cruciali pentru s\u0103pare, \u00eenc\u0103rcare \u0219i mutarea p\u0103m\u00e2ntului sau a resturilor. Ace\u0219tia permit cupei s\u0103 p\u0103trund\u0103 eficient \u00een sol, facilit\u00e2nd excavarea eficient\u0103. \u00cen cazul \u00eenc\u0103rc\u0103toarelor excavatoare, cilindrii bra\u021bului ajut\u0103 at\u00e2t la s\u0103pare, c\u00e2t \u0219i la ridicare, demonstr\u00e2nd capacitatea lor multifunc\u021bional\u0103 \u00een sarcinile de construc\u021bie.<\/p>\n<\/li>\n<li>\n<h3>Ma\u0219ini agricole<\/h3>\n<p>\u00cenc\u0103rc\u0103toarele frontale se bazeaz\u0103 pe cilindrii bra\u021bului pentru a transporta, transporta solul, f\u00e2nul \u0219i alte materiale, cresc\u00e2nd productivitatea \u00een opera\u021biunile agricole. Puterea hidraulic\u0103 furnizat\u0103 de ace\u0219ti cilindri permite fermierilor s\u0103 manipuleze cu u\u0219urin\u021b\u0103 cantit\u0103\u021bi mari de materiale.<\/p>\n<\/li>\n<li>\n<h3>Excavatoare<\/h3>\n<p>Cilindrii bra\u021bului permit excavatoarelor s\u0103 execute ac\u021biuni de s\u0103pare, permi\u021b\u00e2nd cupei s\u0103 p\u0103trund\u0103 eficient \u00een sol, asigur\u00e2nd performan\u021be \u0219i eficien\u021b\u0103 optim\u0103 a s\u0103p\u0103rii pe \u0219antierele de construc\u021bii.<\/p>\n<\/li>\n<li>\n<h3>\u00cenc\u0103rc\u0103toare<\/h3>\n<p>La \u00eenc\u0103rc\u0103toarele frontale, cilindrii bra\u021bului joac\u0103 un rol vital \u00een ridicarea \u0219i desc\u0103rcarea eficient\u0103 a sarcinilor, sporind productivitatea general\u0103 a sarcinilor de manipulare a materialelor \u00een diverse medii.<\/p>\n<\/li>\n<\/ul>\n<h2>Considera\u021bii de proiectare \u0219i criterii de selec\u021bie<\/h2>\n<ul>\n<li>\n<h3>Capacitate de \u00eenc\u0103rcare<\/h3>\n<p>Atunci c\u00e2nd se selecteaz\u0103 un cilindru pentru bra\u021b, \u00een\u021belegerea capacit\u0103\u021bii sale de \u00eenc\u0103rcare este crucial\u0103. Fiecare cilindru trebuie s\u0103 fie capabil s\u0103 suporte sarcina maxim\u0103 necesar\u0103 pentru aplica\u021bia specific\u0103, f\u0103r\u0103 riscul de defec\u021biune. Aceasta include evaluarea greut\u0103\u021bii materialelor mutate \u0219i a for\u021belor exercitate \u00een timpul func\u021bion\u0103rii. Un cilindru cu o capacitate de \u00eenc\u0103rcare insuficient\u0103 poate duce la defec\u021biuni catastrofale, pun\u00e2nd \u00een pericol at\u00e2t siguran\u021ba, c\u00e2t \u0219i echipamentul.<\/p>\n<\/li>\n<li>\n<h3>Sigilare<\/h3>\n<p>Etan\u0219area eficient\u0103 este vital\u0103 pentru men\u021binerea presiunii hidraulice \u0219i prevenirea scurgerilor. Alegerea garniturilor potrivite, cum ar fi garniturile pistonului \u0219i garniturile tijei, asigur\u0103 performan\u021be optime \u0219i longevitate. Garniturile fabricate din materiale precum poliuretanul \u0219i cauciucul nitrilic sunt adesea preferate pentru rezisten\u021ba la uzur\u0103 \u0219i durabilitatea lor, prelungind durata de via\u021b\u0103 a cilindrului.<\/p>\n<\/li>\n<li>\n<h3>Durabilitate<\/h3>\n<p>Materialele de construc\u021bie durabile \u0219i procesele de fabrica\u021bie de calitate sunt esen\u021biale pentru asigurarea longevit\u0103\u021bii cilindrilor hidraulici. Ace\u0219tia trebuie s\u0103 reziste la condi\u021bii extreme, inclusiv fluctua\u021bii de temperatur\u0103 \u0219i expunerea la medii dure, f\u0103r\u0103 a se deteriora. Acest lucru necesit\u0103 selectarea unor materiale care ofer\u0103 at\u00e2t rezisten\u021b\u0103, c\u00e2t \u0219i rezisten\u021b\u0103 la uzur\u0103.<\/p>\n<\/li>\n<li>\n<h3>Siguran\u0163\u0103<\/h3>\n<p>Siguran\u021ba este o considera\u021bie primordial\u0103 atunci c\u00e2nd se aleg cilindrii bra\u021bului. Ace\u0219tia ar trebui s\u0103 \u00eencorporeze caracteristici de siguran\u021b\u0103 pentru a preveni defec\u021biunile accidentale sau func\u021bionarea defectuoas\u0103 \u00een timpul func\u021bion\u0103rii. Aceasta include asigurarea unei construc\u021bii robuste \u0219i a unor mecanisme de etan\u0219are fiabile, precum \u0219i respectarea standardelor de siguran\u021b\u0103 din industrie pentru a proteja operatorii \u0219i echipamentele.<\/p>\n<\/li>\n<li>\n<h3>\u00centre\u0163inere<\/h3>\n<p>\u00centre\u021binerea u\u0219oar\u0103 este un factor critic \u00een alegerea cilindrilor hidraulici. Trebuie luat \u00een considerare c\u00e2t de u\u0219or pot fi \u00eenlocuite garniturile, c\u00e2t de des este necesar\u0103 lubrifierea \u0219i accesibilitatea diferitelor componente pentru inspec\u021bii \u0219i repara\u021bii. Proiectarea cilindrilor av\u00e2nd \u00een vedere \u00eentre\u021binerea poate reduce semnificativ timpii de nefunc\u021bionare \u0219i poate spori fiabilitatea.<\/p>\n<\/li>\n<\/ul>\n<p><img decoding=\"async\" src=\"https:\/\/www.hydraulic-cylinders.net\/wp-content\/uploads\/2025\/04\/songte-oil-pipes-and-spare-parts.webp\" alt=\"Componente hidraulice\"><\/p>\n<h2>Etan\u0219are \u0219i lubrifiere<\/h2>\n<p>Utilizarea diferitelor tipuri de etan\u0219\u0103ri, inclusiv etan\u0219\u0103rile pistonului \u0219i etan\u0219\u0103rile tijei, este esen\u021bial\u0103 pentru asigurarea integrit\u0103\u021bii unui cilindru al bra\u021bului. Materialele de etan\u0219are, cum ar fi poliuretanul \u0219i cauciucul nitrilic, ofer\u0103 o rezisten\u021b\u0103 excelent\u0103 la uzur\u0103 \u0219i durabilitate. Corpul cilindrului \u0219i suprafe\u021bele filetate ale cap\u0103tului sunt supuse unor prelucr\u0103ri precise pentru a spori rezisten\u021ba la uzur\u0103, \u00eembun\u0103t\u0103\u021bind \u0219i mai mult performan\u021ba. Lubrifierea regulat\u0103 cu ulei hidraulic este necesar\u0103 pentru a minimiza frecarea \u0219i a preveni uzura prematur\u0103 a componentelor \u00een mi\u0219care. Lubrifierea adecvat\u0103 ajut\u0103, de asemenea, la men\u021binerea eficacit\u0103\u021bii etan\u0219\u0103rii, asigur\u00e2nd func\u021bionarea fluid\u0103 \u0219i eficient\u0103 a cilindrului.<\/p>\n<h2>M\u0103suri de \u00eentre\u021binere preventiv\u0103<\/h2>\n<ul>\n<li>\n<h3>Inspec\u021bii regulate<\/h3>\n<p>Efectuarea inspec\u021biilor regulate este esen\u021bial\u0103 pentru identificarea poten\u021bialelor probleme \u00eenainte ca acestea s\u0103 se transforme \u00een probleme majore. Aceasta include verificarea semnelor de uzur\u0103, scurgerilor sau a oric\u0103ror zgomote neobi\u0219nuite \u00een timpul func\u021bion\u0103rii. Depistarea timpurie permite repara\u021bii la timp, reduc\u00e2nd la minimum timpul de nefunc\u021bionare \u0219i prelungind durata de via\u021b\u0103 a echipamentului.<\/p>\n<\/li>\n<li>\n<h3>Lubrifiere adecvat\u0103<\/h3>\n<p>Men\u021binerea unor niveluri adecvate de lubrifiere este crucial\u0103 pentru buna func\u021bionare a cilindrilor hidraulici. \u00cen timp, lubrifiantul se poate degrada sau epuiza, duc\u00e2nd la cre\u0219terea frec\u0103rii \u0219i a uzurii. Verificarea \u0219i completarea regulat\u0103 a uleiului hidraulic pot preveni aceste probleme, asigur\u00e2nd performan\u021be eficiente \u0219i longevitate.<\/p>\n<\/li>\n<li>\n<h3>\u00cenlocuirea garniturii<\/h3>\n<p>Garniturile sunt componente de uzur\u0103 care necesit\u0103 \u00eenlocuire regulat\u0103 pentru a men\u021bine integritatea sistemului hidraulic. Stabilirea unui program de \u00eenlocuire bazat pe orele de func\u021bionare sau intensitatea utiliz\u0103rii asigur\u0103 faptul c\u0103 garniturile sunt \u00eentotdeauna \u00een stare optim\u0103, prevenind scurgerile \u0219i men\u021bin\u00e2nd eficien\u021ba hidraulic\u0103.<\/p>\n<\/li>\n<\/ul>\n<h2>Instruc\u021biuni de instalare corect\u0103<\/h2>\n<p>Instalarea corect\u0103 a unui cilindru al bra\u021bului este crucial\u0103 pentru func\u021bionarea sa eficient\u0103. \u00cencepe\u021bi prin a v\u0103 asigura c\u0103 suprafe\u021bele de montare sunt curate \u0219i f\u0103r\u0103 resturi. Alinierea corect\u0103 a cilindrului hidraulic este esen\u021bial\u0103; utiliza\u021bi console de montare adecvate pentru a fixa cilindrul \u00een pozi\u021bie. Alinierea incorect\u0103 poate duce la uzur\u0103 neuniform\u0103 \u0219i la poten\u021biale defec\u021biuni. Dup\u0103 fixarea cilindrului, conecta\u021bi conductele hidraulice, asigur\u00e2ndu-v\u0103 c\u0103 sunt fixate str\u00e2ns pentru a preveni scurgerile. Dup\u0103 instalare, este important s\u0103 aerisi\u021bi sistemul hidraulic pentru a elimina orice bul\u0103 de aer, care poate afecta performan\u021ba. \u00cen cele din urm\u0103, efectua\u021bi un test de func\u021bionare pentru a verifica dac\u0103 cilindrul func\u021bioneaz\u0103 f\u0103r\u0103 probleme \u0219i eficient \u00eenainte de a-l pune \u00een func\u021biune complet\u0103.<\/p>\n<h2>Sarcini comune de \u00eentre\u021binere<\/h2>\n<ul>\n<li>\n<h3>Inspec\u021bii regulate<\/h3>\n<p>Regular inspections are vital for maintaining the functionality of hydraulic cylinders. Operators should check for any signs of wear, leaks, or damage to the cylinder body and seals. Keeping a record of inspections can help track the cylinder&#8217;s condition over time, aiding in preventive maintenance efforts.<\/p>\n<\/li>\n<li>\n<h3>Lubrifiere adecvat\u0103<\/h3>\n<p>Lubrifierea corespunz\u0103toare trebuie efectuat\u0103 \u00een mod regulat pentru a asigura buna func\u021bionare a cilindrului hidraulic. Utilizarea uleiului hidraulic recomandat \u0219i respectarea programului de lubrifiere sunt cruciale pentru minimizarea uzurii \u0219i prelungirea duratei de via\u021b\u0103 a cilindrului. Operatorii trebuie instrui\u021bi s\u0103 recunoasc\u0103 semnele de lubrifiere inadecvat\u0103, cum ar fi cre\u0219terea temperaturii sau zgomotul.<\/p>\n<\/li>\n<li>\n<h3>\u00cenlocuirea \u0219i calibrarea etan\u0219\u0103rii<\/h3>\n<p>Garniturile trebuie \u00eenlocuite dup\u0103 cum este necesar, \u00een func\u021bie de rezultatele inspec\u021biei. Verific\u0103rile regulate de calibrare pot ajuta la asigurarea func\u021bion\u0103rii cilindrului \u00een parametrii de proiectare, prevenind defec\u021biunile sau deteriorarea. Recunoa\u0219terea momentului \u00een care trebuie \u00eenlocuite garniturile este esen\u021bial\u0103 pentru men\u021binerea integrit\u0103\u021bii \u0219i performan\u021bei hidraulice.<\/p>\n<\/li>\n<\/ul>\n<p><img decoding=\"async\" src=\"https:\/\/www.hydraulic-cylinders.net\/wp-content\/uploads\/2025\/04\/songte-chushion-collar.webp\" alt=\"Guler de pern\u0103\"><\/p>\n<h2>Considera\u021bii de siguran\u021b\u0103 \u0219i factori de mediu<\/h2>\n<p>Atunci c\u00e2nd se lucreaz\u0103 cu sisteme hidraulice, implementarea m\u0103surilor de siguran\u021b\u0103 este esen\u021bial\u0103. Operatorii trebuie s\u0103 fie instrui\u021bi \u00een recunoa\u0219terea pericolelor poten\u021biale asociate cu cilindrii hidraulici, cum ar fi riscul de eliberare brusc\u0103 a presiunii sau defectarea cilindrului. Trebuie purtat echipament individual de protec\u021bie (EIP) adecvat \u0219i trebuie stabilite protocoale de siguran\u021b\u0103 pentru a asigura un mediu de lucru sigur. \u00cen plus, factorii de mediu, cum ar fi temperatura \u0219i expunerea la substan\u021be corozive, trebuie lua\u021bi \u00een considerare la selectarea materialelor \u0219i proiectarea sistemelor hidraulice pentru a asigura fiabilitatea \u0219i siguran\u021ba \u00een diverse condi\u021bii.<\/p>\n<h2>Diagnosticarea defec\u021biunilor \u0219i probleme frecvente<\/h2>\n<ul>\n<li>\n<h3>Scurgere<\/h3>\n<p>Scurgerile sunt o problem\u0103 frecvent\u0103 care poate ap\u0103rea din cauza uzurii sau deterior\u0103rii garniturilor. Identificarea sursei scurgerii este crucial\u0103, deoarece poate duce la performan\u021be reduse \u0219i pierderi de presiune hidraulic\u0103. Operatorii ar trebui s\u0103 monitorizeze \u00een mod regulat petele de ulei \u0219i s\u0103 efectueze teste de presiune pentru a detecta scurgerile.<\/p>\n<\/li>\n<li>\n<h3>Performan\u021b\u0103 redus\u0103<\/h3>\n<p>Dac\u0103 un cilindru hidraulic func\u021bioneaz\u0103 mai lent dec\u00e2t se a\u0219teapt\u0103 sau prezint\u0103 capacit\u0103\u021bi de ridicare slabe, acest lucru poate indica o deteriorare intern\u0103 sau o cantitate insuficient\u0103 de fluid hidraulic. Operatorii trebuie s\u0103 verifice nivelurile de fluid \u0219i s\u0103 inspecteze dac\u0103 exist\u0103 blocaje sau deterior\u0103ri \u00een conductele hidraulice.<\/p>\n<\/li>\n<li>\n<h3>Zgomote neobi\u0219nuite<\/h3>\n<p>Zgomotele neobi\u0219nuite \u00een timpul func\u021bion\u0103rii pot semnala probleme mecanice, cum ar fi componente uzate sau aliniere necorespunz\u0103toare. Este necesar\u0103 o investiga\u021bie imediat\u0103 pentru a preveni deteriorarea ulterioar\u0103 \u0219i a asigura func\u021bionarea \u00een siguran\u021b\u0103.<\/p>\n<\/li>\n<\/ul>\n<p>Prin implementarea unor tehnici eficiente de depanare, operatorii pot aborda prompt aceste probleme, asigur\u00e2nd eficien\u021ba \u0219i siguran\u021ba continu\u0103 \u00een opera\u021biuni.<\/p>\n<h2>Solu\u021bii pentru depanare<\/h2>\n<p>Pentru a diagnostica \u0219i rezolva eficient problemele legate de cilindrii bra\u021bului, operatorii ar trebui s\u0103 efectueze mai \u00eent\u00e2i o inspec\u021bie am\u0103nun\u021bit\u0103 pentru a identifica orice semne vizibile de uzur\u0103 sau deteriorare. Practicile regulate de \u00eentre\u021binere, cum ar fi asigurarea lubrifierii adecvate \u0219i \u00eenlocuirea la timp a garniturilor, pot preveni multe probleme comune. Implementarea unei rutine de verific\u0103ri regulate poate ajuta la minimizarea riscului de defec\u021biuni nea\u0219teptate. Pentru probleme mai complexe, consultarea cu speciali\u0219ti \u00een hidraulic\u0103 poate oferi informa\u021bii despre probleme mai complicate care necesit\u0103 aten\u021bie profesional\u0103, asigur\u00e2ndu-se c\u0103 toate echipamentele func\u021bioneaz\u0103 optim \u0219i \u00een siguran\u021b\u0103.<\/p>\n<p><img decoding=\"async\" src=\"https:\/\/www.hydraulic-cylinders.net\/wp-content\/uploads\/2025\/04\/songte-bushings-with-all-kinds-of-excavator-models.webp\" alt=\"Componente buc\u0219e\"><\/p>\n<h2>Despre compania noastr\u0103<\/h2>\n<p>We are a leading manufacturer of replacement hydraulic cylinders, offering a comprehensive range of products that have established us as one of the top manufacturers and wholesale distributors in both domestic and international markets. We adhere to excellence in quality, relying on a refined manufacturing workshop&#8217;s industrial production management strategy. Our company continually enhances the manufacturing platform through the integration of skilled technical talent, high-end digital manufacturing equipment, and professional testing systems. This commitment positions us to meet diverse customer needs efficiently, delivering high precision and top-quality hydraulic solutions.<\/p>\n<p><img decoding=\"async\" src=\"https:\/\/www.hydraulic-cylinders.net\/wp-content\/uploads\/2025\/04\/songte-company-4.webp\" alt=\"Prezentare general\u0103 a companiei\"><br \/>\n<img decoding=\"async\" src=\"https:\/\/www.hydraulic-cylinders.net\/wp-content\/uploads\/2025\/04\/songte-company-3.webp\" alt=\"Facilit\u0103\u021bi de produc\u021bie\"><\/p>\n<p>Specializarea noastr\u0103 \u00een sisteme hidraulice este completat\u0103 de certific\u0103ri interna\u021bionale, servicii personalizate adaptate cerin\u021belor individuale, echipamente de produc\u021bie avansate \u0219i asisten\u021b\u0103 post-v\u00e2nzare complet\u0103. Prioritiz\u0103m satisfac\u021bia clien\u021bilor prin furnizarea de solu\u021bii durabile \u0219i eficiente care sporesc eficien\u021ba opera\u021bional\u0103 \u00een diverse aplica\u021bii.<\/p>\n<p>Autor: lyl<\/p>","protected":false},"excerpt":{"rendered":"<p>Boom Cylinder For Volwa Cane Unloader DLS190-9A Introduction to Boom Cylinder The boom cylinder is an essential component in hydraulic systems, specifically designed to control the movements of various heavy machinery&#8217;s buckets, such as excavators, backhoe loaders, and front loaders. This hydraulic cylinder enables the bucket to lift, lower, and tilt, facilitating material handling tasks [&hellip;]<\/p>","protected":false},"featured_media":17869,"comment_status":"open","ping_status":"closed","template":"","meta":{"_et_pb_use_builder":"","_et_pb_old_content":"","_et_gb_content_width":""},"product_brand":[],"product_cat":[1546],"product_tag":[1547,1496],"class_list":{"0":"post-19621","1":"product","2":"type-product","3":"status-publish","4":"has-post-thumbnail","6":"product_cat-boom-cylinders","7":"product_tag-boom-cylinders","8":"product_tag-hydraulic-cylinders","10":"first","11":"instock","12":"shipping-taxable","13":"product-type-simple"},"amp_enabled":true,"_links":{"self":[{"href":"https:\/\/www.hydraulic-cylinders.net\/ro\/wp-json\/wp\/v2\/product\/19621","targetHints":{"allow":["GET"]}}],"collection":[{"href":"https:\/\/www.hydraulic-cylinders.net\/ro\/wp-json\/wp\/v2\/product"}],"about":[{"href":"https:\/\/www.hydraulic-cylinders.net\/ro\/wp-json\/wp\/v2\/types\/product"}],"replies":[{"embeddable":true,"href":"https:\/\/www.hydraulic-cylinders.net\/ro\/wp-json\/wp\/v2\/comments?post=19621"}],"wp:featuredmedia":[{"embeddable":true,"href":"https:\/\/www.hydraulic-cylinders.net\/ro\/wp-json\/wp\/v2\/media\/17869"}],"wp:attachment":[{"href":"https:\/\/www.hydraulic-cylinders.net\/ro\/wp-json\/wp\/v2\/media?parent=19621"}],"wp:term":[{"taxonomy":"product_brand","embeddable":true,"href":"https:\/\/www.hydraulic-cylinders.net\/ro\/wp-json\/wp\/v2\/product_brand?post=19621"},{"taxonomy":"product_cat","embeddable":true,"href":"https:\/\/www.hydraulic-cylinders.net\/ro\/wp-json\/wp\/v2\/product_cat?post=19621"},{"taxonomy":"product_tag","embeddable":true,"href":"https:\/\/www.hydraulic-cylinders.net\/ro\/wp-json\/wp\/v2\/product_tag?post=19621"}],"curies":[{"name":"wp","href":"https:\/\/api.w.org\/{rel}","templated":true}]}}