{"id":19622,"date":"2025-04-07T06:58:03","date_gmt":"2025-04-07T06:58:03","guid":{"rendered":"https:\/\/www.hydraulic-cylinders.net\/product\/boom-cylinder-for-volwa-cane-unloader-dls210-9a\/"},"modified":"2025-04-07T06:58:05","modified_gmt":"2025-04-07T06:58:05","slug":"boom-cylinder-for-volwa-cane-unloader-dls210-9a","status":"publish","type":"product","link":"https:\/\/www.hydraulic-cylinders.net\/ro\/produs\/boom-cylinder-for-volwa-cane-unloader-dls210-9a\/","title":{"rendered":"Cilindru de bra\u021b pentru desc\u0103rcatorul de trestie Volwa DLS210-9A"},"content":{"rendered":"<h1>Cilindru de bra\u021b pentru desc\u0103rcatorul de trestie Volwa DLS210-9A<\/h1>\n<h2>Prezentare general\u0103 a produsului<\/h2>\n<p>Cilindrul hidraulic pentru desc\u0103rc\u0103torul de trestie de zah\u0103r Volwa DLS210-9A este o component\u0103 hidraulic\u0103 crucial\u0103, conceput\u0103 special pentru \u00eembun\u0103t\u0103\u021birea func\u021bionalit\u0103\u021bii utilajelor grele, cum ar fi desc\u0103rc\u0103toarele de trestie de zah\u0103r. Acest tip de cilindru hidraulic este responsabil pentru controlul mi\u0219c\u0103rii cupei \u00een diverse aplica\u021bii grele, cum ar fi excavatoarele, excavatoarele \u0219i \u00eenc\u0103rc\u0103toarele frontale. Acesta faciliteaz\u0103 ridicarea, cobor\u00e2rea \u0219i \u00eenclinarea cupei, \u00eembun\u0103t\u0103\u021bind astfel eficien\u021ba sarcinilor de manipulare a materialelor.<\/p>\n<p><img decoding=\"async\" src=\"https:\/\/www.hydraulic-cylinders.net\/wp-content\/uploads\/2025\/04\/songte-company-1.webp\" alt=\"Cilindru de bra\u021b pentru desc\u0103rcatorul de trestie de zah\u0103r Volwa\" \/><\/p>\n<h3>Ce este un cilindru de cup\u0103?<\/h3>\n<p>Un cilindru hidraulic pentru cup\u0103 este un cilindru hidraulic specializat, conceput pentru a gestiona mi\u0219carea cupelor \u00een echipamentele grele. Ace\u0219ti cilindri sunt proiecta\u021bi s\u0103 reziste la presiuni ridicate \u0219i sarcini grele, ceea ce \u00eei face ideali pentru medii care necesit\u0103 durabilitate \u0219i fiabilitate. Rolul principal al unui cilindru pentru cup\u0103 este de a permite un control precis asupra ac\u021biunilor cupei, ceea ce este esen\u021bial pentru sarcini precum s\u0103parea, ridicarea \u0219i transportul materialelor. Ingineria din spatele acestor cilindri include considera\u021bii privind rezisten\u021ba, durabilitatea \u0219i eficien\u021ba, ceea ce \u00eei face o component\u0103 fundamental\u0103 \u00een sistemele hidraulice din diverse industrii.<\/p>\n<h2>Caracteristicile cilindrului bra\u021bului<\/h2>\n<ul>\n<li><strong>Rezisten\u021b\u0103 \u0219i durabilitate ridicate:<\/strong> Fabricat de obicei din o\u021bel sau aluminiu de \u00eenalt\u0103 rezisten\u021b\u0103, cilindrul bra\u021bului poate rezista la presiuni ridicate \u0219i sarcini grele, fiind potrivit pentru medii de lucru dure. Designul pune accent pe rezisten\u021ba la uzur\u0103 \u0219i protec\u021bia \u00eempotriva coroziunii, prelungindu-i durata de via\u021b\u0103.<\/li>\n<li><strong>Func\u021bionare hidraulic\u0103 eficient\u0103:<\/strong> Utiliz\u00e2nd presiunea uleiului hidraulic, cilindrul permite extinderea \u0219i retragerea lin\u0103, permi\u021b\u00e2nd un r\u0103spuns rapid la comenzile opera\u021bionale. Aceast\u0103 capacitate ofer\u0103 o putere semnificativ\u0103 de \u00eempingere \u0219i tragere, ideal\u0103 pentru manipularea sarcinilor grele \u0219i a sarcinilor complexe.<\/li>\n<li><strong>Diverse tipuri disponibile:<\/strong> Cilindrii cupei pot fi selecta\u021bi \u00een configura\u021bii cu ac\u021biune simpl\u0103 (func\u021bion\u00e2nd \u00eentr-o singur\u0103 direc\u021bie) sau cu ac\u021biune dubl\u0103 (func\u021bion\u00e2nd \u00een ambele direc\u021bii) pentru a satisface diferite nevoi opera\u021bionale. Anumite modele sunt telescopice, permi\u021b\u00e2nd o extensie mai mare f\u0103r\u0103 a cre\u0219te dimensiunile exterioare, potrivite pentru aplica\u021bii cu spa\u021biu limitat.<\/li>\n<li><strong>Compatibilitate cu diverse echipamente:<\/strong> Produsele noastre pot \u00eenlocui f\u0103r\u0103 probleme cilindrii hidraulici existen\u021bi, asigur\u00e2nd compatibilitatea cu o gam\u0103 larg\u0103 de utilaje \u0219i \u00eembun\u0103t\u0103\u021bind performan\u021ba acestora.<\/li>\n<li><strong>Design u\u0219or de \u00eentre\u021binut:<\/strong> Designul cilindrului bra\u021bului simplific\u0103 \u00eentre\u021binerea \u0219i repara\u021biile, facilit\u00e2nd efectuarea lucr\u0103rilor de \u00eentre\u021binere necesare de c\u0103tre operatori pentru a asigura performan\u021be optime.<\/li>\n<\/ul>\n<p><img decoding=\"async\" src=\"https:\/\/www.hydraulic-cylinders.net\/wp-content\/uploads\/2025\/04\/songte-cylinder-head-with-all-kinds-excavator-models.webp\" alt=\"Chiulas\u0103 cup\u0103\" \/><\/p>\n<h2>Aplica\u021bii ale cilindrului bra\u021bului<\/h2>\n<h3>Echipamente de construc\u021bii<\/h3>\n<p>\u00cen echipamentele de construc\u021bii, cum ar fi excavatoarele, cilindrul bra\u021bului joac\u0103 un rol vital \u00een s\u0103parea, \u00eenc\u0103rcarea \u0219i mutarea solului sau a resturilor. Capacit\u0103\u021bile sale hidraulice permit operatorului s\u0103 efectueze mi\u0219c\u0103ri precise, esen\u021biale pentru sarcini eficiente de excavare. La \u00eenc\u0103rc\u0103toarele cu excavator, cilindrul cupei asist\u0103 at\u00e2t la opera\u021biunile de s\u0103pare, c\u00e2t \u0219i la cele de ridicare, ceea ce \u00eel face o component\u0103 cheie \u00een diverse proiecte de construc\u021bii.<\/p>\n<h3>Ma\u0219ini agricole<\/h3>\n<p>\u00cen agricultur\u0103, \u00eenc\u0103rc\u0103toarele frontale utilizeaz\u0103 cilindri ai bra\u021bului pentru \u00eenc\u0103rcarea, ridicarea \u0219i transportul solului, f\u00e2nului \u0219i altor materiale. Capacitatea de a controla pozi\u021bia cupei permite \u00eenc\u0103rcarea \u0219i desc\u0103rcarea eficient\u0103 a materialelor, sporind semnificativ productivitatea fermelor.<\/p>\n<h3>Excavatoare<\/h3>\n<p>\u00cen cazul excavatoarelor, cilindrul bra\u021bului permite cupei s\u0103 p\u0103trund\u0103 eficient \u00een sol, facilit\u00e2nd opera\u021biunile de excavare. Aceast\u0103 func\u021bionalitate este esen\u021bial\u0103, deoarece permite operatorilor s\u0103 ating\u0103 ad\u00e2ncimile dorite \u0219i s\u0103 \u00ee\u0219i maximizeze eforturile de excavare, av\u00e2nd un impact semnificativ asupra termenelor \u0219i eficien\u021bei proiectului.<\/p>\n<h3>\u00cenc\u0103rc\u0103toare<\/h3>\n<p>La \u00eenc\u0103rc\u0103toarele frontale, cilindrii bra\u021bului sunt esen\u021biali pentru ridicarea \u0219i desc\u0103rcarea eficient\u0103 a materialelor. Controlul hidraulic oferit de ace\u0219ti cilindri asigur\u0103 c\u0103 operatorii pot gestiona sarcini grele \u00een siguran\u021b\u0103 \u0219i eficient, \u00eembun\u0103t\u0103\u021bind performan\u021ba general\u0103 a utilajelor.<\/p>\n<h2>Considera\u021bii de proiectare \u0219i criterii de selec\u021bie<\/h2>\n<h3>Capacitate de \u00eenc\u0103rcare<\/h3>\n<p>Atunci c\u00e2nd se selecteaz\u0103 un cilindru pentru bra\u021b, este esen\u021bial\u0103 \u00een\u021belegerea capacit\u0103\u021bii sale de \u00eenc\u0103rcare. Cilindrul trebuie s\u0103 fie capabil s\u0103 suporte sarcina maxim\u0103 a\u0219teptat\u0103, men\u021bin\u00e2nd \u00een acela\u0219i timp standardele de siguran\u021b\u0103 \u0219i performan\u021b\u0103. Aceasta implic\u0103 calcule care iau \u00een considerare greutatea materialelor mutate, dinamica ma\u0219inii \u0219i factorii de siguran\u021b\u0103 pentru a preveni defec\u021biunile sub sarcin\u0103.<\/p>\n<h3>Performan\u021ba de etan\u0219are<\/h3>\n<p>Etan\u0219area este un aspect vital al proiect\u0103rii cilindrilor hidraulici. Garniturile eficiente previn scurgerile de fluid, asigur\u00e2nd func\u021bionarea eficient\u0103 a sistemului hidraulic. Garniturile de \u00eenalt\u0103 calitate, fabricate din materiale precum poliuretanul \u0219i cauciucul nitrilic, sunt utilizate pentru a rezista la uzur\u0103, men\u021bin\u00e2nd \u00een acela\u0219i timp integritatea sub presiune. Inspec\u021biile \u0219i \u00eenlocuirile regulate ale garniturilor sunt necesare pentru a preveni pierderea de fluid hidraulic \u0219i a men\u021bine performan\u021ba sistemului.<\/p>\n<h3>Durabilitate<\/h3>\n<p>Durabilitatea este o considera\u021bie critic\u0103, \u00een special \u00een medii de operare dure. Cilindrul trebuie s\u0103 fie rezistent la uzur\u0103, coroziune \u0219i temperaturi extreme. Produc\u0103torii folosesc adesea materiale \u0219i acoperiri avansate pentru a spori durabilitatea, asigur\u00e2ndu-se c\u0103 produsul poate rezista la condi\u021bii dificile f\u0103r\u0103 a compromite performan\u021ba.<\/p>\n<h3>Caracteristici de siguran\u021b\u0103<\/h3>\n<p>Caracteristicile de siguran\u021b\u0103 sunt primordiale \u00een proiectarea cilindrilor hidraulici. Aceasta include asigurarea faptului c\u0103 cilindrul poate func\u021biona \u00een siguran\u021b\u0103 \u00een condi\u021bii de presiune maxim\u0103 \u0219i c\u0103 exist\u0103 dispozitive de siguran\u021b\u0103 pentru a preveni accidentele sau defec\u021biunile echipamentelor. \u00cen\u021belegerea clasific\u0103rilor de siguran\u021b\u0103 \u0219i a certific\u0103rilor unui cilindru este esen\u021bial\u0103 pentru asigurarea conformit\u0103\u021bii cu reglement\u0103rile \u0219i standardele din industrie.<\/p>\n<h3>Accesibilitate pentru \u00eentre\u021binere<\/h3>\n<p>Un cilindru hidraulic bine proiectat ar trebui s\u0103 faciliteze \u00eentre\u021binerea. Aceasta include puncte de acces pentru lubrifiere, inspec\u021bie \u0219i \u00eenlocuirea garniturilor \u0219i a altor componente. \u00centre\u021binerea regulat\u0103 asigur\u0103 longevitatea \u0219i performan\u021ba optim\u0103, reduc\u00e2nd timpii de nefunc\u021bionare \u0219i costurile de repara\u021bii pentru operatori.<\/p>\n<p><img decoding=\"async\" src=\"https:\/\/www.hydraulic-cylinders.net\/wp-content\/uploads\/2025\/04\/songte-oil-pipes-and-spare-parts.webp\" alt=\"Piese hidraulice\" \/><\/p>\n<h2>Etan\u0219are \u0219i lubrifiere<\/h2>\n<p>Practicile eficiente de etan\u0219are \u0219i lubrifiere sunt esen\u021biale pentru buna func\u021bionare a cilindrilor hidraulici. Diverse componente de etan\u0219are, cum ar fi etan\u0219\u0103rile pistonului \u0219i etan\u0219\u0103rile tijei, sunt utilizate pentru a men\u021bine presiunea \u0219i a preveni scurgerile. Alegerea etan\u0219\u0103rilor fabricate din materiale durabile, cum ar fi poliuretanul \u0219i cauciucul nitrilic, este esen\u021bial\u0103 pentru asigurarea longevit\u0103\u021bii \u0219i a rezisten\u021bei la uzur\u0103.<\/p>\n<p>\u00cen plus, corpul cilindrului \u0219i suprafe\u021bele filetate ale cap\u0103tului sunt prelucrate cu precizie pentru a spori rezisten\u021ba la uzur\u0103. Lubrifierea regulat\u0103 cu ulei hidraulic este necesar\u0103 pentru a reduce frecarea \u0219i uzura pieselor mobile, asigur\u00e2nd o func\u021bionare eficient\u0103 \u0219i prelungind durata de via\u021b\u0103 a cilindrului. Operatorii ar trebui s\u0103 men\u021bin\u0103 un program de lubrifiere pentru a preveni deteriorarea \u0219i a asigura performan\u021be optime.<\/p>\n<h2>M\u0103suri de \u00eentre\u021binere preventiv\u0103<\/h2>\n<ul>\n<li><strong>Inspec\u021bii regulate:<\/strong> Efectuarea inspec\u021biilor de rutin\u0103 ale cilindrului hidraulic \u0219i ale componentelor acestuia este crucial\u0103 pentru identificarea uzurii \u0219i a poten\u021bialelor probleme \u00eenainte ca acestea s\u0103 devin\u0103 probleme semnificative. Inspecta\u021bi garniturile, conexiunile \u0219i corpul cilindrului pentru semne de uzur\u0103 sau deteriorare.<\/li>\n<li><strong>Lubrifiere adecvat\u0103:<\/strong> Asigurarea unei lubrifieri adecvate a cilindrului este vital\u0103 pentru func\u021bionarea acestuia. Folosi\u021bi uleiuri hidraulice recomandate \u0219i men\u021bine\u021bi nivelurile adecvate pentru a preveni uscarea \u0219i uzura excesiv\u0103 a pieselor mobile.<\/li>\n<li><strong>\u00cenlocuirea garniturii:<\/strong> Verifica\u021bi periodic garniturile pentru uzur\u0103 \u0219i \u00eenlocui\u021bi-le dup\u0103 cum este necesar. Garniturile uzate pot duce la scurgeri \u0219i la sc\u0103derea eficien\u021bei, afect\u00e2nd performan\u021ba general\u0103 a sistemului hidraulic.<\/li>\n<\/ul>\n<h2>Ghid de instalare<\/h2>\n<p>Instalarea corect\u0103 a cilindrului bra\u021bului este esen\u021bial\u0103 pentru asigurarea performan\u021bei \u0219i siguran\u021bei optime. Urma\u021bi ace\u0219ti pa\u0219i pentru o instalare corect\u0103:<\/p>\n<ol>\n<li><strong>Preparare:<\/strong> \u00cenainte de instalare, asigura\u021bi-v\u0103 c\u0103 echipamentul este oprit \u0219i c\u0103 toat\u0103 presiunea hidraulic\u0103 a fost eliberat\u0103. Aduna\u021bi uneltele \u0219i componentele necesare pentru instalare.<\/li>\n<li><strong>Aliniere:<\/strong> Alinia\u021bi corect cilindrul cu punctele de montare de pe ma\u0219in\u0103rie. Utilizarea suporturilor de montare adecvate poate ajuta la ob\u021binerea unei alinieri corecte \u0219i la fixarea cilindrului \u00een pozi\u021bie.<\/li>\n<li><strong>Conexiune:<\/strong> Conecta\u021bi cu aten\u021bie conductele hidraulice, asigur\u00e2ndu-v\u0103 c\u0103 toate fitingurile sunt str\u00e2nse \u0219i f\u0103r\u0103 scurgeri. Lua\u021bi \u00een considerare utilizarea unui etan\u0219ant pentru filete acolo unde este necesar pentru a preveni scurgerile.<\/li>\n<li><strong>Testare:<\/strong> Dup\u0103 instalare, testa\u021bi sistemul pentru a asigura func\u021bionarea corect\u0103. Verifica\u021bi dac\u0103 exist\u0103 scurgeri \u0219i asculta\u021bi zgomote neobi\u0219nuite care ar putea indica probleme de instalare.<\/li>\n<\/ol>\n<h2>Sarcini comune de \u00eentre\u021binere<\/h2>\n<ul>\n<li><strong>Inspec\u021bii regulate:<\/strong> Efectuarea inspec\u021biilor regulate permite identificarea timpurie a poten\u021bialelor probleme. C\u0103uta\u021bi semne de uzur\u0103, scurgeri \u0219i deterior\u0103ri.<\/li>\n<li><strong>Lubrifiere adecvat\u0103:<\/strong> Men\u021bine\u021bi programe regulate de lubrifiere pentru a asigura buna func\u021bionare a tuturor pieselor mobile, reduc\u00e2nd frecarea \u0219i uzura.<\/li>\n<li><strong>\u00cenlocuirea garniturii:<\/strong> Monitoriza\u021bi starea garniturilor de etan\u0219are \u0219i \u00eenlocui\u021bi-le dup\u0103 cum este necesar pentru a men\u021bine eficien\u021ba hidraulic\u0103 \u0219i a preveni scurgerile.<\/li>\n<\/ul>\n<h2>Considera\u021bii de siguran\u021b\u0103 \u0219i factori de mediu<\/h2>\n<p>Atunci c\u00e2nd se utilizeaz\u0103 cilindri hidraulici, este esen\u021bial s\u0103 se implementeze m\u0103suri de siguran\u021b\u0103 adecvate. Operatorii trebuie s\u0103 fie instrui\u021bi pentru a \u00een\u021belege riscurile poten\u021biale asociate cu sistemele hidraulice, inclusiv pericolele de \u00eenalt\u0103 presiune \u0219i importan\u021ba respect\u0103rii protocoalelor de siguran\u021b\u0103 \u00een timpul func\u021bion\u0103rii \u0219i \u00eentre\u021binerii. Utilizarea echipamentului individual de protec\u021bie (EIP) \u0219i respectarea instruc\u021biunilor produc\u0103torului asigur\u0103 o manipulare \u0219i o operare \u00een siguran\u021b\u0103.<\/p>\n<h2>Depanare \u0219i probleme frecvente<\/h2>\n<ul>\n<li><strong>Scurgere:<\/strong> Dac\u0103 se observ\u0103 scurgeri, verifica\u021bi garniturile \u0219i conexiunile pentru a vedea dac\u0103 sunt deteriorate. \u00cenlocui\u021bi garniturile uzate \u0219i asigura\u021bi-v\u0103 c\u0103 conexiunile sunt fixate pentru a preveni pierderea de fluid.<\/li>\n<li><strong>R\u0103spuns lent:<\/strong> Un r\u0103spuns lent poate indica niveluri sc\u0103zute de lichid hidraulic sau aer \u00een sistem. Verifica\u021bi nivelurile de lichid \u0219i aerisi\u021bi sistemul dac\u0103 este necesar.<\/li>\n<li><strong>F\u0103r\u0103 mi\u0219care:<\/strong> Dac\u0103 cilindrul nu se mi\u0219c\u0103, verifica\u021bi dac\u0103 exist\u0103 obstruc\u021bii, asigura\u021bi-v\u0103 c\u0103 presiunea hidraulic\u0103 este adecvat\u0103 \u0219i verifica\u021bi dac\u0103 exist\u0103 componente deteriorate care ar putea necesita \u00eenlocuire.<\/li>\n<\/ul>\n<h2>Sfaturi de depanare<\/h2>\n<p>Pentru a diagnostica \u0219i rezolva eficient problemele legate de cilindrii hidraulici, urma\u021bi aceste sfaturi de depanare:<\/p>\n<ul>\n<li><strong>\u00centre\u021binere regulat\u0103:<\/strong> Implementa\u021bi un program de mentenan\u021b\u0103 preventiv\u0103 pentru a identifica problemele din timp \u0219i a men\u021bine sistemul \u00een func\u021biune eficient\u0103.<\/li>\n<li><strong>Monitorizarea performan\u021bei:<\/strong> Urm\u0103ri\u021bi performan\u021ba cilindrului hidraulic. Orice nereguli trebuie investigate prompt pentru a evita deteriorarea grav\u0103.<\/li>\n<li><strong>Profesioni\u0219ti \u00een consultan\u021b\u0103:<\/strong> Dac\u0103 problemele persist\u0103, consultarea cu profesioni\u0219ti \u00een sisteme hidraulice poate oferi informa\u021bii valoroase \u0219i recomand\u0103ri pentru repara\u021bii.<\/li>\n<\/ul>\n<p><img decoding=\"async\" src=\"https:\/\/www.hydraulic-cylinders.net\/wp-content\/uploads\/2025\/04\/songte-bushings-with-all-kinds-of-excavator-models.webp\" alt=\"Buc\u0219e\" \/><\/p>\n<h2>Prezentare general\u0103 a companiei<\/h2>\n<p>Suntem un produc\u0103tor important de cilindri hidraulici de schimb, oferind o gam\u0103 complet\u0103 de produse care deservesc pie\u021bele interne \u0219i interna\u021bionale. Angajamentul nostru fa\u021b\u0103 de excelen\u021b\u0103 este sus\u021binut de o strategie sofisticat\u0103 de fabrica\u021bie \u0219i de o concentrare pe calitate. Pun\u00e2nd accent pe fabrica\u021bia de precizie, instala\u021biile noastre de produc\u021bie sunt dotate cu tehnologie avansat\u0103 \u0219i tehnicieni califica\u021bi pentru a asigura standarde \u00eenalte de control al calit\u0103\u021bii.<\/p>\n<p>Specializarea noastr\u0103 \u00een solu\u021bii personalizate ne permite s\u0103 satisfacem nevoile diverse ale clien\u021bilor no\u0219tri, \u00een timp ce certific\u0103rile noastre interna\u021bionale atest\u0103 respectarea standardelor globale de fabrica\u021bie. De la echipamentele de produc\u021bie p\u00e2n\u0103 la serviciile post-v\u00e2nzare, prioritiz\u0103m satisfac\u021bia clien\u021bilor \u0219i ne str\u0103duim s\u0103 men\u021binem rela\u021bii de lung\u0103 durat\u0103 cu ace\u0219tia.<\/p>\n<p><img decoding=\"async\" src=\"https:\/\/www.hydraulic-cylinders.net\/wp-content\/uploads\/2025\/04\/songte-company-4.webp\" alt=\"Prezentare general\u0103 a companiei\" \/><br \/>\n<img decoding=\"async\" src=\"https:\/\/www.hydraulic-cylinders.net\/wp-content\/uploads\/2025\/04\/songte-company-3.webp\" alt=\"Facilit\u0103\u021bi ale companiei\" \/><\/p>\n<p>Autor: lyl<\/p>","protected":false},"excerpt":{"rendered":"<p>Boom Cylinder For Volwa Cane Unloader DLS210-9A Product Overview The Boom Cylinder For Volwa Cane Unloader DLS210-9A is a crucial hydraulic component designed specifically for enhancing the functionality of heavy machinery like cane unloaders. This type of hydraulic cylinder is responsible for controlling the movement of the bucket in various heavy-duty applications, such as excavators, [&hellip;]<\/p>","protected":false},"featured_media":17870,"comment_status":"open","ping_status":"closed","template":"","meta":{"_et_pb_use_builder":"","_et_pb_old_content":"","_et_gb_content_width":""},"product_brand":[],"product_cat":[1546],"product_tag":[1547,1496],"class_list":{"0":"post-19622","1":"product","2":"type-product","3":"status-publish","4":"has-post-thumbnail","6":"product_cat-boom-cylinders","7":"product_tag-boom-cylinders","8":"product_tag-hydraulic-cylinders","10":"first","11":"instock","12":"shipping-taxable","13":"product-type-simple"},"amp_enabled":true,"_links":{"self":[{"href":"https:\/\/www.hydraulic-cylinders.net\/ro\/wp-json\/wp\/v2\/product\/19622","targetHints":{"allow":["GET"]}}],"collection":[{"href":"https:\/\/www.hydraulic-cylinders.net\/ro\/wp-json\/wp\/v2\/product"}],"about":[{"href":"https:\/\/www.hydraulic-cylinders.net\/ro\/wp-json\/wp\/v2\/types\/product"}],"replies":[{"embeddable":true,"href":"https:\/\/www.hydraulic-cylinders.net\/ro\/wp-json\/wp\/v2\/comments?post=19622"}],"wp:featuredmedia":[{"embeddable":true,"href":"https:\/\/www.hydraulic-cylinders.net\/ro\/wp-json\/wp\/v2\/media\/17870"}],"wp:attachment":[{"href":"https:\/\/www.hydraulic-cylinders.net\/ro\/wp-json\/wp\/v2\/media?parent=19622"}],"wp:term":[{"taxonomy":"product_brand","embeddable":true,"href":"https:\/\/www.hydraulic-cylinders.net\/ro\/wp-json\/wp\/v2\/product_brand?post=19622"},{"taxonomy":"product_cat","embeddable":true,"href":"https:\/\/www.hydraulic-cylinders.net\/ro\/wp-json\/wp\/v2\/product_cat?post=19622"},{"taxonomy":"product_tag","embeddable":true,"href":"https:\/\/www.hydraulic-cylinders.net\/ro\/wp-json\/wp\/v2\/product_tag?post=19622"}],"curies":[{"name":"wp","href":"https:\/\/api.w.org\/{rel}","templated":true}]}}