{"id":19623,"date":"2025-04-07T06:58:05","date_gmt":"2025-04-07T06:58:05","guid":{"rendered":"https:\/\/www.hydraulic-cylinders.net\/product\/boom-cylinder-for-volwa-cane-unloader-dls870-9m\/"},"modified":"2025-04-07T06:58:08","modified_gmt":"2025-04-07T06:58:08","slug":"boom-cylinder-for-volwa-cane-unloader-dls870-9m","status":"publish","type":"product","link":"https:\/\/www.hydraulic-cylinders.net\/ro\/produs\/boom-cylinder-for-volwa-cane-unloader-dls870-9m\/","title":{"rendered":"Cilindru de bra\u021b pentru desc\u0103rcatorul de trestie de zah\u0103r Volwa DLS870-9M"},"content":{"rendered":"<h1>Cilindru de bra\u021b pentru desc\u0103rcatorul de trestie de zah\u0103r Volwa DLS870-9M<\/h1>\n<h2>Introducere \u00een cilindrii bra\u021bului<\/h2>\n<p>Cilindrul bra\u021bului pentru desc\u0103rc\u0103torul de trestie de zah\u0103r Volwa DLS870-9M este o component\u0103 esen\u021bial\u0103 \u00een cadrul sistemelor hidraulice special concepute pentru a controla mi\u0219carea cupelor pentru utilaje grele \u00een aplica\u021bii precum excavatoare, \u00eenc\u0103rc\u0103toare excavatoare \u0219i \u00eenc\u0103rc\u0103toare frontale. Ace\u0219ti cilindri sunt vitali pentru ridicarea, cobor\u00e2rea \u0219i \u00eenclinarea cupelor, permi\u021b\u00e2nd opera\u021biuni eficiente de manipulare a materialelor. \u00cen sistemele hidraulice, cilindrii bra\u021bului transform\u0103 presiunea hidraulic\u0103 \u00een for\u021b\u0103 mecanic\u0103, permi\u021b\u00e2nd mi\u0219c\u0103rile precise necesare \u00een sarcinile solicitante de construc\u021bii \u0219i agricultur\u0103.<\/p>\n<p><img decoding=\"async\" src=\"https:\/\/www.hydraulic-cylinders.net\/wp-content\/uploads\/2025\/04\/songte-company-1.webp\" alt=\"Cilindru de bra\u021b\" \/><\/p>\n<h3>Prezentare general\u0103 a cilindrilor cupei<\/h3>\n<p>Cilindrii cupei sunt cilindri hidraulici special proiecta\u021bi pentru gestionarea diverselor utilaje grele. Ace\u0219tia faciliteaz\u0103 mi\u0219c\u0103rile critice, cum ar fi s\u0103parea, ridicarea \u0219i transportul materialelor. Designul include materiale de \u00eenalt\u0103 rezisten\u021b\u0103, asigur\u00e2nd durabilitate \u0219i fiabilitate \u00een condi\u021bii dificile de lucru. Ace\u0219ti cilindri se caracterizeaz\u0103 prin capacitatea lor de a func\u021biona eficient sub presiune ridicat\u0103, ceea ce \u00eei face integran\u021bi \u00een opera\u021biunile utilajelor.<\/p>\n<h2>Caracteristicile cilindrului bra\u021bului<\/h2>\n<ul>\n<li><strong>Rezisten\u021b\u0103 \u0219i durabilitate ridicate:<\/strong> Construi\u021bi din o\u021bel sau aluminiu de \u00eenalt\u0103 rezisten\u021b\u0103, cilindrii bra\u021bului sunt proiecta\u021bi s\u0103 reziste la presiuni ridicate \u0219i sarcini grele, fiind \u00een acela\u0219i timp rezisten\u021bi \u00een medii de lucru dure.<\/li>\n<li><strong>Func\u021bionare hidraulic\u0103 eficient\u0103:<\/strong> Ace\u0219ti cilindri utilizeaz\u0103 presiunea uleiului hidraulic pentru o extensie \u0219i retragere lin\u0103, oferind un r\u0103spuns rapid la comenzile de control \u0219i gener\u00e2nd for\u021be substan\u021biale de \u00eempingere \u0219i tragere.<\/li>\n<li><strong>Diverse tipuri:<\/strong> Disponibile ca cilindri cu ac\u021biune simpl\u0103 (folosind presiunea hidraulic\u0103 \u00eentr-o singur\u0103 direc\u021bie) sau cu ac\u021biune dubl\u0103 (folosind presiunea hidraulic\u0103 \u00een ambele direc\u021bii) pentru a satisface diverse nevoi opera\u021bionale. Unele modele sunt telescopice, permi\u021b\u00e2nd o extensie mai mare f\u0103r\u0103 a cre\u0219te dimensiunile exterioare.<\/li>\n<li><strong>Fabrica\u021bie personalizat\u0103:<\/strong> Ne specializ\u0103m \u00een producerea acestor produse, oferind \u00eenlocuiri perfecte pentru cilindrii hidraulici existen\u021bi.<\/li>\n<li><strong>Aplica\u021bii \u00een diverse industrii:<\/strong> Potrivit pentru diverse aplica\u021bii, asigur\u00e2nd versatilitate \u00een operarea utilajelor.<\/li>\n<\/ul>\n<p><img decoding=\"async\" src=\"https:\/\/www.hydraulic-cylinders.net\/wp-content\/uploads\/2025\/04\/songte-cylinder-head-with-all-kinds-excavator-models.webp\" alt=\"Chiulas\u0103\" \/><\/p>\n<h2>Aplica\u021bii ale cilindrului bra\u021bului<\/h2>\n<h3>Echipamente de construc\u021bii<\/h3>\n<p>\u00cen echipamentele de construc\u021bii, cilindrii bra\u021bului se g\u0103sesc \u00een excavatoare, unde joac\u0103 un rol crucial \u00een s\u0103parea, \u00eenc\u0103rcarea \u0219i mutarea solului sau a resturilor. Ace\u0219tia permit cupei s\u0103 p\u0103trund\u0103 \u00een sol, facilit\u00e2nd excavarea eficient\u0103. \u00cen cazul \u00eenc\u0103rc\u0103toarelor excavatoare, cilindrii cupei ajut\u0103 at\u00e2t la opera\u021biunile de s\u0103pare, c\u00e2t \u0219i la cele de ridicare, ceea ce \u00eei face indispensabili \u00een sarcinile de construc\u021bie.<\/p>\n<h3>Ma\u0219ini agricole<\/h3>\n<p>\u00cen utilajele agricole, cum ar fi \u00eenc\u0103rc\u0103toarele frontale, cilindrii bra\u021bului sunt esen\u021biali pentru \u00eenc\u0103rcarea, ridicarea \u0219i transportul materialelor precum p\u0103m\u00e2nt, f\u00e2n \u0219i alte \u00eenc\u0103rc\u0103turi. Ace\u0219tia sporesc productivitatea permi\u021b\u00e2nd manipularea lin\u0103 \u0219i eficient\u0103 a materialelor, ceea ce este vital \u00een opera\u021biunile agricole.<\/p>\n<h3>Excavatoare<\/h3>\n<p>Cilindrii cupei permit excavatoarelor s\u0103 sape eficient, permi\u021b\u00e2nd cupei s\u0103 p\u0103trund\u0103 \u00een sol. Designul lor asigur\u0103 c\u0103 for\u021ba aplicat\u0103 \u00een timpul s\u0103p\u0103turii este optimizat\u0103 pentru performan\u021b\u0103, ceea ce \u00eei face esen\u021biali pentru eficien\u021ba excavatoarelor pe diverse terenuri.<\/p>\n<h3>\u00cenc\u0103rc\u0103toare frontale<\/h3>\n<p>La \u00eenc\u0103rc\u0103toarele frontale, cilindrii bra\u021bului ajut\u0103 la ridicarea \u0219i desc\u0103rcarea eficient\u0103 a materialelor. Puterea hidraulic\u0103 permite operatorilor s\u0103 manevreze cu u\u0219urin\u021b\u0103 sarcini grele, sporind eficien\u021ba opera\u021bional\u0103 \u0219i reduc\u00e2nd efortul fizic necesar pentru manipularea materialelor.<\/p>\n<h2>Considera\u021bii de proiectare \u0219i criterii de selec\u021bie<\/h2>\n<h3>Capacitate de \u00eenc\u0103rcare<\/h3>\n<p>Capacitatea de \u00eenc\u0103rcare a unui cilindru de bra\u021b este unul dintre cei mai importan\u021bi factori de luat \u00een considerare \u00een timpul procesului de selec\u021bie. Acesta trebuie s\u0103 fie suficient pentru a gestiona greutatea maxim\u0103 a materialelor pe care utilajul trebuie s\u0103 le ridice sau s\u0103 le deplaseze. Inginerii trebuie s\u0103 calculeze capacitatea de \u00eenc\u0103rcare necesar\u0103 \u00een func\u021bie de aplica\u021bia specific\u0103 pentru a asigura siguran\u021ba \u0219i func\u021bionalitatea. Selectarea unui cilindru cu o capacitate de \u00eenc\u0103rcare inadecvat\u0103 poate duce la defec\u021biuni care compromit utilajele \u0219i prezint\u0103 riscuri pentru operatori.<\/p>\n<h3>Mecanisme de etan\u0219are<\/h3>\n<p>Etan\u0219area eficient\u0103 este crucial\u0103 pentru prevenirea scurgerilor de fluid hidraulic \u0219i asigurarea eficien\u021bei opera\u021bionale a cilindrului bra\u021bului. Proiectarea ar trebui s\u0103 includ\u0103 etan\u0219\u0103ri de \u00eenalt\u0103 calitate, care s\u0103 poat\u0103 rezista la presiunile \u0219i temperaturile \u00eent\u00e2lnite \u00een sistemele hidraulice. Etan\u0219area optim\u0103 nu numai c\u0103 protejeaz\u0103 fluidul hidraulic, dar spore\u0219te \u0219i longevitatea cilindrului \u00een sine. Verific\u0103rile \u0219i \u00eentre\u021binerea regulat\u0103 a etan\u0219\u0103rilor sunt esen\u021biale pentru a evita problemele de performan\u021b\u0103 \u0219i repara\u021biile costisitoare.<\/p>\n<h3>Durabilitate<\/h3>\n<p>Durabilitatea este vital\u0103 pentru cilindrii bra\u021bului, \u00een special \u00een mediile solicitante unde sunt expu\u0219i la condi\u021bii dure. Materialele utilizate \u00een construc\u021bie ar trebui s\u0103 reziste la uzur\u0103, oferind \u00een acela\u0219i timp rezisten\u021b\u0103 la coroziune. G\u0103sirea unui echilibru \u00eentre greutate \u0219i rezisten\u021b\u0103 este crucial\u0103, deoarece cilindrii prea grei pot afecta performan\u021ba ma\u0219inilor. Produc\u0103torii utilizeaz\u0103 adesea materiale \u0219i acoperiri avansate pentru a spori durabilitatea produselor lor.<\/p>\n<h3>Caracteristici de siguran\u021b\u0103<\/h3>\n<p>Incorporarea caracteristicilor de siguran\u021b\u0103 \u00een proiectarea cilindrului bra\u021bului este esen\u021bial\u0103. Acestea pot include supape de suprapresiune pentru a preveni supra\u00eenc\u0103rcarea \u0219i mecanisme care asigur\u0103 func\u021bionarea corect\u0103 a cilindrului, f\u0103r\u0103 risc de defec\u021biune. Operatorii trebuie s\u0103 fie instrui\u021bi s\u0103 recunoasc\u0103 pericolele poten\u021biale asociate cu echipamentele hidraulice, iar m\u0103surile de siguran\u021b\u0103 trebuie s\u0103 fie implementate pentru a atenua riscurile \u00een timpul func\u021bion\u0103rii.<\/p>\n<h3>\u00centre\u021binere \u0219i service<\/h3>\n<p>Proiectarea cilindrilor bra\u021bului av\u00e2nd \u00een vedere \u00eentre\u021binerea va facilita service-ul \u0219i va prelungi durata de via\u021b\u0103 a produsului. Caracteristici precum orificiile de service pentru acces facil la fluidul hidraulic \u0219i garniturile \u00eenlocuibile pot reduce semnificativ timpul de nefunc\u021bionare pentru repara\u021bii. Ar trebui stabilite programe regulate de \u00eentre\u021binere pentru a se asigura c\u0103 toate componentele r\u0103m\u00e2n \u00een stare bun\u0103 de func\u021bionare, \u00eembun\u0103t\u0103\u021bind drastic fiabilitatea.<\/p>\n<p><img decoding=\"async\" src=\"https:\/\/www.hydraulic-cylinders.net\/wp-content\/uploads\/2025\/04\/songte-oil-pipes-and-spare-parts.webp\" alt=\"Conducte de petrol \u0219i piese de schimb\" \/><\/p>\n<h2>Etan\u0219are \u0219i lubrifiere<\/h2>\n<p>Etan\u0219area \u0219i lubrifierea eficiente sunt esen\u021biale pentru men\u021binerea performan\u021bei \u0219i fiabilit\u0103\u021bii cilindrilor bra\u021bului. Diverse componente de etan\u0219are, inclusiv etan\u0219\u0103rile pistonului \u0219i etan\u0219\u0103rile tijei, sunt esen\u021biale pentru prevenirea scurgerilor de fluid hidraulic. Selec\u021bia materialelor pentru etan\u0219\u0103ri, cum ar fi poliuretanul \u0219i cauciucul nitrilic, joac\u0103 un rol semnificativ \u00een durabilitatea \u0219i rezisten\u021ba lor la uzur\u0103.<\/p>\n<p>Corpul cilindrului \u0219i suprafe\u021bele filetate ale cap\u0103tului sunt supuse unor prelucr\u0103ri de precizie pentru a spori rezisten\u021ba la uzur\u0103 \u0219i a asigura o potrivire perfect\u0103 a etan\u0219\u0103rilor. \u00cen plus, lubrifierea periodic\u0103 cu ulei hidraulic adecvat este necesar\u0103 pentru a men\u021bine o func\u021bionare lin\u0103 \u0219i a preveni uzura pieselor mobile. Verific\u0103rile regulate ale nivelului \u0219i calit\u0103\u021bii uleiului vor preveni defec\u021biunile sistemului hidraulic \u0219i vor prelungi durata de via\u021b\u0103 a cilindrului bra\u021bului.<\/p>\n<h2>M\u0103suri de inspec\u021bie \u0219i \u00eentre\u021binere preventiv\u0103<\/h2>\n<ul>\n<li><strong>Inspec\u021bii regulate:<\/strong> Efectuarea inspec\u021biilor de rutin\u0103 pentru a identifica orice semne de uzur\u0103, scurgeri sau deterior\u0103ri este crucial\u0103 pentru detectarea timpurie a poten\u021bialelor probleme. Aceast\u0103 practic\u0103 asigur\u0103 efectuarea prompt\u0103 a oric\u0103ror repara\u021bii necesare, reduc\u00e2nd riscul unor defec\u021biuni nea\u0219teptate.<\/li>\n<li><strong>Lubrifiere adecvat\u0103:<\/strong> Asigurarea lubrifierii adecvate a pieselor mobile reduce frecarea \u0219i uzura. Operatorii trebuie s\u0103 respecte recomand\u0103rile produc\u0103torului privind tipul \u0219i frecven\u021ba lubrifierii pentru a men\u021bine performan\u021be optime.<\/li>\n<li><strong>\u00cenlocuirea garniturii:<\/strong> Monitorizarea \u0219i \u00eenlocuirea garniturilor de etan\u0219are atunci c\u00e2nd sunt uzate sau deteriorate este esen\u021bial\u0103 pentru a preveni scurgerile de fluid hidraulic \u0219i a men\u021bine integritatea sistemului. Evalu\u0103rile regulate pot ajuta la programarea \u00eenlocuirilor la timp.<\/li>\n<\/ul>\n<h2>Instruc\u021biuni de instalare<\/h2>\n<p>Instalarea corect\u0103 a cilindrilor bra\u021bului este vital\u0103 pentru asigurarea func\u021bion\u0103rii eficiente \u0219i a siguran\u021bei. Este esen\u021bial s\u0103 respecta\u021bi aceste instruc\u021biuni:<\/p>\n<ol>\n<li><strong>Aliniere:<\/strong> Asigura\u021bi-v\u0103 c\u0103 cilindrul este aliniat corect cu punctele de montare. Alinierea necorespunz\u0103toare poate duce la uzur\u0103 neuniform\u0103 \u0219i la poten\u021biale defec\u021biuni.<\/li>\n<li><strong>Folosi\u021bi suporturi de montare adecvate:<\/strong> Folosi\u021bi suporturi de montare adecvate pentru a fixa cilindrul \u00een pozi\u021bie, \u00eempiedic\u00e2ndu-l s\u0103 se deplaseze \u00een timpul func\u021bion\u0103rii.<\/li>\n<li><strong>Conexiuni hidraulice:<\/strong> Conecta\u021bi conductele hidraulice conform specifica\u021biilor produc\u0103torului pentru a asigura un circuit hidraulic etan\u0219 \u0219i eficient.<\/li>\n<li><strong>Verifica\u021bi dac\u0103 exist\u0103 scurgeri:<\/strong> Dup\u0103 instalare, inspecta\u021bi toate conexiunile \u0219i garniturile pentru scurgeri \u00eenainte de a efectua orice teste de sarcin\u0103.<\/li>\n<li><strong>Testare:<\/strong> Efectua\u021bi un test am\u0103nun\u021bit al func\u021bion\u0103rii cilindrului \u00eenainte de a repune utilajul \u00een func\u021biune normal\u0103.<\/li>\n<\/ol>\n<h2>Sarcini de \u00eentre\u021binere<\/h2>\n<ul>\n<li><strong>Inspec\u021bii regulate:<\/strong> Verific\u0103rile regulate pentru a identifica orice problem\u0103 din timp pot economisi timp \u0219i bani pe termen lung. C\u0103uta\u021bi scurgeri, uzur\u0103 sau zgomote neobi\u0219nuite care ar putea indica o problem\u0103.<\/li>\n<li><strong>Lubrifiere adecvat\u0103:<\/strong> Asigurarea unei lubrifieri adecvate a sistemului hidraulic va reduce frecarea \u0219i uzura componentelor, duc\u00e2nd la o durat\u0103 de via\u021b\u0103 \u0219i o fiabilitate sporite.<\/li>\n<li><strong>\u00cenlocuirea garniturii \u0219i verific\u0103ri ale calibr\u0103rii:<\/strong> \u00cenlocui\u021bi periodic garniturile care prezint\u0103 semne de uzur\u0103 \u0219i efectua\u021bi verific\u0103ri de calibrare pentru a v\u0103 asigura c\u0103 toate componentele func\u021bioneaz\u0103 \u00een parametrii specifica\u021bi.<\/li>\n<\/ul>\n<p>Alinierea corect\u0103 \u00een timpul instal\u0103rii este crucial\u0103 pentru a preveni stresul asupra cilindrului. Utilizarea unor console de montare adecvate poate ajuta la fixarea sigur\u0103 a cilindrului. Este esen\u021bial s\u0103 respecta\u021bi protocoalele recomandate de inspec\u021bie, reparare \u0219i \u00eenlocuire pentru a men\u021bine integritatea opera\u021bional\u0103 \u0219i a prelungi durata de via\u021b\u0103 a cilindrului bra\u021bului.<\/p>\n<p><img decoding=\"async\" src=\"https:\/\/www.hydraulic-cylinders.net\/wp-content\/uploads\/2025\/04\/songte-chushion-collar.webp\" alt=\"Guler de pern\u0103\" \/><\/p>\n<h2>Considera\u021bii de siguran\u021b\u0103 \u0219i factori de mediu<\/h2>\n<p>M\u0103surile de siguran\u021b\u0103 sunt esen\u021biale la manipularea cilindrilor hidraulici, deoarece func\u021bionarea necorespunz\u0103toare poate duce la accidente \u0219i v\u0103t\u0103m\u0103ri corporale. Operatorii trebuie s\u0103 fie instrui\u021bi cu privire la practicile de manipulare \u00een siguran\u021b\u0103 \u0219i s\u0103 fie con\u0219tien\u021bi de poten\u021bialele pericole asociate cu sistemele hidraulice. \u00cen plus, factorii de mediu, cum ar fi temperaturile extreme \u0219i expunerea la substan\u021be corozive, trebuie lua\u021bi \u00een considerare \u00een timpul func\u021bion\u0103rii \u0219i depozit\u0103rii pentru a preveni defectarea prematur\u0103 a cilindrului.<\/p>\n<h2>Depanarea problemelor comune<\/h2>\n<ul>\n<li><strong>Cilindru cu scurgeri:<\/strong> O problem\u0103 frecvent\u0103 care poate ap\u0103rea este scurgerea de fluid hidraulic din cilindru. Aceasta poate fi cauzat\u0103 de garnituri uzate sau componente deteriorate. Inspecta\u021bi garniturile \u0219i \u00eenlocui\u021bi-le pe cele compromise pentru a preveni scurgeri ulterioare.<\/li>\n<li><strong>Func\u021bionare lent\u0103:<\/strong> Dac\u0103 cilindrul func\u021bioneaz\u0103 lent, acest lucru poate indica un nivel sc\u0103zut de lichid hidraulic sau aer prins \u00een sistem. Verifica\u021bi nivelurile de lichid \u0219i aerisi\u021bi sistemul pentru a elimina aerul prins.<\/li>\n<li><strong>Cilindru nereactiv:<\/strong> Un cilindru care nu r\u0103spunde la comand\u0103 poate fi cauzat de blocaje \u00een conductele hidraulice sau de probleme cu supapele de control. Inspecta\u021bi \u0219i cur\u0103\u021ba\u021bi conductele hidraulice \u0219i asigura\u021bi-v\u0103 c\u0103 supapele de control func\u021bioneaz\u0103 corect.<\/li>\n<\/ul>\n<p>Pentru o depanare eficient\u0103, operatorii trebuie s\u0103 fie familiariza\u021bi cu sistemul hidraulic \u0219i s\u0103 \u00een\u021beleag\u0103 semnele care indic\u0103 poten\u021biale probleme. \u00centre\u021binerea \u0219i inspec\u021bia regulat\u0103 pot ajuta la prevenirea apari\u021biei acestor probleme.<\/p>\n<p><img decoding=\"async\" src=\"https:\/\/www.hydraulic-cylinders.net\/wp-content\/uploads\/2025\/04\/songte-bushings-with-all-kinds-of-excavator-models.webp\" alt=\"Buc\u0219e\" \/><\/p>\n<h2>G\u00e2nduri finale despre compania noastr\u0103<\/h2>\n<p>Suntem un produc\u0103tor \u0219i distribuitor angro de top de cilindri hidraulici, specializa\u021bi \u00een alternative de \u00eenalt\u0103 calitate la produsele existente. Gama noastr\u0103 extins\u0103 de produse ne-a pozi\u021bionat ca un juc\u0103tor important at\u00e2t pe pie\u021bele interne, c\u00e2t \u0219i pe cele interna\u021bionale. Punem accent pe excelen\u021ba \u00een calitate, valorific\u00e2nd strategii rafinate de management al produc\u021biei \u0219i tehnologii avansate de fabrica\u021bie pentru a ne \u00eembun\u0103t\u0103\u021bi capacit\u0103\u021bile.<\/p>\n<p>Dedica\u021bia noastr\u0103 fa\u021b\u0103 de inova\u021bie este evident\u0103 \u00een investi\u021biile noastre \u00een profesioni\u0219ti califica\u021bi \u0219i echipamente de ultim\u0103 genera\u021bie, asigur\u00e2ndu-ne c\u0103 satisfacem diversele nevoi ale clien\u021bilor cu eficien\u021b\u0103, precizie \u0219i calitate ridicate. Certific\u0103rile \u0219i serviciile personalizate subliniaz\u0103 \u00een continuare angajamentul nostru de a oferi produse de top \u0219i asisten\u021b\u0103 post-v\u00e2nzare excep\u021bional\u0103.<\/p>\n<p><img decoding=\"async\" src=\"https:\/\/www.hydraulic-cylinders.net\/wp-content\/uploads\/2025\/04\/songte-company-4.webp\" alt=\"Imaginea companiei 1\" \/><br \/>\n<img decoding=\"async\" src=\"https:\/\/www.hydraulic-cylinders.net\/wp-content\/uploads\/2025\/04\/songte-company-3.webp\" alt=\"Imaginea companiei 2\" \/><\/p>\n<p>Autor: lyl<\/p>","protected":false},"excerpt":{"rendered":"<p>Boom Cylinder For Volwa Cane Unloader DLS870-9M Introduction to Boom Cylinders The Boom Cylinder for Volwa Cane Unloader DLS870-9M is an essential component within hydraulic systems specifically designed to control the movement of heavy machinery buckets in applications such as excavators, backhoe loaders, and front-end loaders. These cylinders are vital for lifting, lowering, and tilting [&hellip;]<\/p>","protected":false},"featured_media":17871,"comment_status":"open","ping_status":"closed","template":"","meta":{"_et_pb_use_builder":"","_et_pb_old_content":"","_et_gb_content_width":""},"product_brand":[],"product_cat":[1546],"product_tag":[1547,1496],"class_list":{"0":"post-19623","1":"product","2":"type-product","3":"status-publish","4":"has-post-thumbnail","6":"product_cat-boom-cylinders","7":"product_tag-boom-cylinders","8":"product_tag-hydraulic-cylinders","10":"first","11":"instock","12":"shipping-taxable","13":"product-type-simple"},"amp_enabled":true,"_links":{"self":[{"href":"https:\/\/www.hydraulic-cylinders.net\/ro\/wp-json\/wp\/v2\/product\/19623","targetHints":{"allow":["GET"]}}],"collection":[{"href":"https:\/\/www.hydraulic-cylinders.net\/ro\/wp-json\/wp\/v2\/product"}],"about":[{"href":"https:\/\/www.hydraulic-cylinders.net\/ro\/wp-json\/wp\/v2\/types\/product"}],"replies":[{"embeddable":true,"href":"https:\/\/www.hydraulic-cylinders.net\/ro\/wp-json\/wp\/v2\/comments?post=19623"}],"wp:featuredmedia":[{"embeddable":true,"href":"https:\/\/www.hydraulic-cylinders.net\/ro\/wp-json\/wp\/v2\/media\/17871"}],"wp:attachment":[{"href":"https:\/\/www.hydraulic-cylinders.net\/ro\/wp-json\/wp\/v2\/media?parent=19623"}],"wp:term":[{"taxonomy":"product_brand","embeddable":true,"href":"https:\/\/www.hydraulic-cylinders.net\/ro\/wp-json\/wp\/v2\/product_brand?post=19623"},{"taxonomy":"product_cat","embeddable":true,"href":"https:\/\/www.hydraulic-cylinders.net\/ro\/wp-json\/wp\/v2\/product_cat?post=19623"},{"taxonomy":"product_tag","embeddable":true,"href":"https:\/\/www.hydraulic-cylinders.net\/ro\/wp-json\/wp\/v2\/product_tag?post=19623"}],"curies":[{"name":"wp","href":"https:\/\/api.w.org\/{rel}","templated":true}]}}