{"id":19625,"date":"2025-04-07T06:58:11","date_gmt":"2025-04-07T06:58:11","guid":{"rendered":"https:\/\/www.hydraulic-cylinders.net\/product\/boom-cylinder-for-volwa-cane-unloader-dls118-9a\/"},"modified":"2025-04-07T06:58:13","modified_gmt":"2025-04-07T06:58:13","slug":"boom-cylinder-for-volwa-cane-unloader-dls118-9a","status":"publish","type":"product","link":"https:\/\/www.hydraulic-cylinders.net\/ro\/produs\/boom-cylinder-for-volwa-cane-unloader-dls118-9a\/","title":{"rendered":"Cilindru de bra\u021b pentru desc\u0103rcatorul de trestie Volwa DLS118-9A"},"content":{"rendered":"<h1>Cilindru de bra\u021b pentru desc\u0103rcatorul de trestie Volwa DLS118-9A<\/h1>\n<h2>Prezentare general\u0103 a cilindrului bra\u021bului<\/h2>\n<p>Cilindrul bra\u021bului este o component\u0103 crucial\u0103 \u00een sistemele hidraulice, special conceput pentru a controla mi\u0219carea cupelor utilajelor grele, cum ar fi cele g\u0103site la excavatoare, \u00eenc\u0103rc\u0103toare frontale \u0219i \u00eenc\u0103rc\u0103toare frontale. Acest cilindru hidraulic permite ridicarea, cobor\u00e2rea \u0219i \u00eenclinarea cupei, facilit\u00e2nd sarcini eficiente de manipulare a materialelor. Prin utilizarea presiunii hidraulice, ace\u0219ti cilindri ofer\u0103 for\u021ba necesar\u0103 pentru a manevra sarcini mari, ceea ce \u00eei face indispensabili \u00een diverse aplica\u021bii industriale \u0219i agricole.<\/p>\n<p><img decoding=\"async\" src=\"https:\/\/www.hydraulic-cylinders.net\/wp-content\/uploads\/2025\/04\/songte-company-1.webp\" alt=\"Cilindru de bra\u021b\"><\/p>\n<h2>Caracteristicile cilindrului bra\u021bului<\/h2>\n<ul>\n<li><strong>Rezisten\u021b\u0103 \u0219i durabilitate ridicate:<\/strong> De obicei, construi\u021bi din o\u021bel sau aluminiu de \u00eenalt\u0103 rezisten\u021b\u0103, ace\u0219ti cilindri pot rezista la presiuni ridicate \u0219i sarcini grele, ceea ce \u00eei face potrivi\u021bi pentru medii de lucru dure. Designul lor ia \u00een considerare rezisten\u021ba la uzur\u0103 \u0219i la coroziune, prelungindu-le durata de via\u021b\u0103.<\/li>\n<li><strong>Func\u021bionare hidraulic\u0103 eficient\u0103:<\/strong> Utiliz\u00e2nd presiunea uleiului hidraulic pentru o extensie \u0219i retragere lin\u0103, ace\u0219ti cilindri r\u0103spund rapid la comenzile de control, oferind o for\u021b\u0103 puternic\u0103 de \u00eempingere \u0219i tragere, ideal\u0103 pentru gestionarea sarcinilor grele \u0219i complexe.<\/li>\n<li><strong>Diverse tipuri:<\/strong> Disponibile \u00een configura\u021bii cu ac\u021biune simpl\u0103 (ac\u021biune hidraulic\u0103 \u00eentr-o direc\u021bie) sau cu ac\u021biune dubl\u0103 (ac\u021biune hidraulic\u0103 \u00een ambele direc\u021bii), acestea r\u0103spund unor nevoi opera\u021bionale variate. Unele modele sunt telescopice, permi\u021b\u00e2nd o extensie mai mare f\u0103r\u0103 a cre\u0219te dimensiunile exterioare, potrivite pentru aplica\u021bii cu spa\u021biu limitat.<\/li>\n<\/ul>\n<h2>Capacit\u0103\u021bi de produc\u021bie<\/h2>\n<p>Ne specializ\u0103m \u00een producerea de cilindri hidraulici de \u00eenalt\u0103 calitate pentru bra\u021b, care pot \u00eenlocui perfect cilindrii hidraulici existen\u021bi. Produsele noastre sunt proiectate cu precizie \u0219i fiabilitate, asigur\u00e2ndu-se c\u0103 respect\u0103 standardele industriei.<\/p>\n<p><img decoding=\"async\" src=\"https:\/\/www.hydraulic-cylinders.net\/wp-content\/uploads\/2025\/04\/songte-cylinder-head-with-all-kinds-excavator-models.webp\" alt=\"Modele de cilindri de bra\u021b\"><\/p>\n<h2>Aplica\u021bii ale cilindrului bra\u021bului<\/h2>\n<h3>Echipamente de construc\u021bii<\/h3>\n<p>\u00cen sectorul construc\u021biilor, cilindrii bra\u021bului joac\u0103 un rol vital \u00een excavatoare, care sunt esen\u021biali pentru s\u0103parea, \u00eenc\u0103rcarea \u0219i transportul solului sau al resturilor. Cilindrul bra\u021bului permite cupei s\u0103 sape eficient \u00een p\u0103m\u00e2nt, permi\u021b\u00e2nd ma\u0219inii s\u0103 \u00eendeplineasc\u0103 diverse sarcini cu u\u0219urin\u021b\u0103 \u0219i eficien\u021b\u0103. \u00cen cazul \u00eenc\u0103rc\u0103toarelor excavatoare, ace\u0219ti cilindri nu numai c\u0103 ajut\u0103 la excavare, dar ajut\u0103 \u0219i la opera\u021biunile de ridicare, ceea ce le face versatile pentru aplica\u021bii multiple.<\/p>\n<h3>Ma\u0219ini agricole<\/h3>\n<p>\u00cen agricultur\u0103, \u00eenc\u0103rc\u0103toarele frontale echipate cu cilindri de bra\u021b sunt utilizate pentru scoaterea, ridicarea \u0219i transportul solului, f\u00e2nului \u0219i altor materiale. Ace\u0219ti cilindri sporesc capacitatea \u00eenc\u0103rc\u0103torului de a manipula eficient materialele vrac, eficientiz\u00e2nd opera\u021biunile agricole \u0219i cresc\u00e2nd productivitatea.<\/p>\n<h3>Excavatoare<\/h3>\n<p>La excavatoare, cilindrii bra\u021bului faciliteaz\u0103 ac\u021biunea de s\u0103pare permi\u021b\u00e2nd cupei s\u0103 p\u0103trund\u0103 \u00een sol f\u0103r\u0103 efort. Aceast\u0103 component\u0103 hidraulic\u0103 este esen\u021bial\u0103 pentru ob\u021binerea ad\u00e2ncimii \u0219i preciziei \u00een sarcinile de excavare, contribuind la preg\u0103tirea eficient\u0103 a \u0219antierului \u0219i la lucr\u0103rile de funda\u021bie.<\/p>\n<h3>\u00cenc\u0103rc\u0103toare<\/h3>\n<p>\u00cen cazul \u00eenc\u0103rc\u0103toarelor frontale, cilindrii bra\u021bului permit ridicarea \u0219i desc\u0103rcarea eficient\u0103 a materialelor. Ace\u0219tia asigur\u0103 c\u0103 \u00eenc\u0103rc\u0103torul poate manipula sarcini grele cu efort minim, ceea ce \u00eei face indispensabili pentru opera\u021biunile de construc\u021bii \u0219i manipulare a materialelor.<\/p>\n<h2>Considera\u021bii de proiectare \u0219i criterii de selec\u021bie<\/h2>\n<ul>\n<li><strong>Capacitate de \u00eenc\u0103rcare:<\/strong> Este esen\u021bial s\u0103 se evalueze capacitatea de \u00eenc\u0103rcare a cilindrului bra\u021bului pentru a se asigura c\u0103 acesta poate \u00eendeplini sarcinile prev\u0103zute f\u0103r\u0103 defec\u021biuni. Capacitatea portant\u0103 a unui cilindru este determinat\u0103 de dimensiunea, materialul \u0219i designul s\u0103u. O evaluare corect\u0103 garanteaz\u0103 performan\u021be optime \u0219i siguran\u021b\u0103 \u00een timpul func\u021bion\u0103rii.<\/li>\n<li><strong>Etan\u0219are:<\/strong> Sistemul de etan\u0219are dintr-un cilindru hidraulic joac\u0103 un rol esen\u021bial \u00een prevenirea scurgerilor \u0219i men\u021binerea presiunii. Selectarea unor etan\u0219\u0103ri de \u00eenalt\u0103 calitate, fabricate din materiale durabile, cum ar fi poliuretanul sau cauciucul nitrilic, poate spori longevitatea \u0219i fiabilitatea cilindrului. \u00cen plus, prelucrarea precis\u0103 a corpului cilindrului \u0219i a suprafe\u021belor filetate ale cap\u0103tului minimizeaz\u0103 uzura etan\u0219\u0103rilor.<\/li>\n<li><strong>Durabilitate:<\/strong> Un cilindru de bra\u021b bine proiectat ar trebui s\u0103 reziste condi\u021biilor dure \u0219i utiliz\u0103rii repetate. Factori precum rezisten\u021ba la coroziune \u0219i rezisten\u021ba la uzur\u0103 ar trebui prioritiza\u021bi \u00een proiectare pentru a prelungi durata de via\u021b\u0103 a produsului. Utilizarea materialelor de \u00eenalt\u0103 rezisten\u021b\u0103 \u0219i a acoperirilor protectoare contribuie la durabilitatea general\u0103.<\/li>\n<li><strong>Siguran\u0163\u0103:<\/strong> Caracteristicile de siguran\u021b\u0103 ale sistemului hidraulic sunt primordiale. Este crucial s\u0103 se implementeze m\u0103suri de siguran\u021b\u0103, cum ar fi supape de suprapresiune \u0219i sisteme de montare proiectate corespunz\u0103tor, pentru a preveni accidentele \u00een timpul func\u021bion\u0103rii. Verific\u0103rile regulate de \u00eentre\u021binere pot, de asemenea, s\u0103 \u00eembun\u0103t\u0103\u021beasc\u0103 standardele de siguran\u021b\u0103.<\/li>\n<li><strong>Mentenabilitate:<\/strong> Accesibilitatea u\u0219oar\u0103 pentru \u00eentre\u021binere este vital\u0103 pentru a asigura men\u021binerea sistemului hidraulic \u00een stare optim\u0103. Considera\u021biile de proiectare ar trebui s\u0103 faciliteze inspec\u021bia, lubrifierea \u0219i \u00eenlocuirea componentelor, reduc\u00e2nd la minimum timpii de nefunc\u021bionare \u0219i costurile de \u00eentre\u021binere.<\/li>\n<\/ul>\n<p><img decoding=\"async\" src=\"https:\/\/www.hydraulic-cylinders.net\/wp-content\/uploads\/2025\/04\/songte-oil-pipes-and-spare-parts.webp\" alt=\"Piese hidraulice\"><\/p>\n<h2>Etan\u0219area \u0219i lubrifierea cilindrului hidraulic<\/h2>\n<p>Eficacitatea unui cilindru hidraulic este influen\u021bat\u0103 semnificativ de sistemele sale de etan\u0219are \u0219i lubrifiere. Diverse componente de etan\u0219are, cum ar fi etan\u0219\u0103rile pistonului \u0219i etan\u0219\u0103rile tijei, lucreaz\u0103 \u00eempreun\u0103 pentru a men\u021bine integritatea sistemului. Etan\u0219\u0103rile fabricate din materiale rezistente la uzur\u0103, precum poliuretanul \u0219i cauciucul nitrilic, ofer\u0103 durabilitate sub presiune.<\/p>\n<p>Mai mult, corpul cilindrului \u0219i capetele filetate trebuie s\u0103 fie supuse unui tratament de suprafa\u021b\u0103 meticulos pentru a spori rezisten\u021ba la uzur\u0103. Lubrifierea regulat\u0103 cu ulei hidraulic este esen\u021bial\u0103 pentru a asigura o func\u021bionare lin\u0103 \u0219i a preveni defec\u021biunile. Men\u021binerea unor niveluri adecvate de ulei \u0219i \u00eenlocuirea regulat\u0103 a acestuia pot prelungi semnificativ durata de via\u021b\u0103 a cilindrului hidraulic.<\/p>\n<h2>Inspec\u021bie regulat\u0103 \u0219i m\u0103suri de \u00eentre\u021binere preventiv\u0103<\/h2>\n<ul>\n<li><strong>Inspec\u021bii regulate:<\/strong> Efectuarea inspec\u021biilor de rutin\u0103 este crucial\u0103 pentru identificarea poten\u021bialelor probleme \u00eenainte ca acestea s\u0103 se agraveze. Verifica\u021bi dac\u0103 exist\u0103 scurgeri, uzur\u0103 neobi\u0219nuit\u0103 \u0219i performan\u021ba general\u0103 a cilindrului. Depistarea timpurie a problemelor poate preveni repara\u021bii costisitoare \u0219i timpi de nefunc\u021bionare.<\/li>\n<li><strong>Lubrifiere adecvat\u0103:<\/strong> Asigurarea lubrifierii adecvate a cilindrului hidraulic \u00eei va \u00eembun\u0103t\u0103\u021bi performan\u021ba. Verifica\u021bi periodic nivelurile de ulei \u0219i aplica\u021bi fluidul hidraulic corespunz\u0103tor, dup\u0103 cum este necesar, pentru a men\u021bine func\u021bionalitatea optim\u0103 \u0219i a preveni supra\u00eenc\u0103lzirea.<\/li>\n<li><strong>\u00cenlocuirea garniturii:<\/strong> Garniturile din cilindrii hidraulici se uzeaz\u0103 \u00een timp din cauza presiunii \u0219i mi\u0219c\u0103rii constante. \u00cenlocuirea programat\u0103 a garniturilor poate preveni scurgerile \u0219i men\u021bine presiunea \u00een sistem, asigur\u00e2nd o func\u021bionare eficient\u0103.<\/li>\n<\/ul>\n<h2>Instruc\u021biuni de instalare corect\u0103<\/h2>\n<p>Pentru a asigura o performan\u021b\u0103 optim\u0103 a cilindrului bra\u021bului, instalarea corect\u0103 este esen\u021bial\u0103. \u00cencepe\u021bi prin alinierea corect\u0103 a cilindrului cu aplica\u021bia pentru a preveni stresul excesiv \u0219i nealinierea. Folosi\u021bi console de montare adecvate pentru a fixa cilindrul \u00een pozi\u021bie, asigur\u00e2ndu-v\u0103 c\u0103 este fixat ferm \u0219i c\u0103 nu se va deplasa \u00een timpul func\u021bion\u0103rii.<\/p>\n<p>Urma\u021bi instruc\u021biunile produc\u0103torului privind specifica\u021biile de cuplu \u00een timpul fix\u0103rii pentru a evita deteriorarea. Dup\u0103 instalare, efectua\u021bi o inspec\u021bie am\u0103nun\u021bit\u0103 pentru a confirma c\u0103 toate conexiunile sunt sigure \u0219i c\u0103 nu exist\u0103 scurgeri. \u00cen timpul func\u021bion\u0103rii ini\u021biale, monitoriza\u021bi cu aten\u021bie cilindrul pentru a depista orice nereguli, efectu\u00e2nd ajust\u0103rile necesare pentru a asigura o func\u021bionare f\u0103r\u0103 probleme.<\/p>\n<h2>Sarcini comune de \u00eentre\u021binere<\/h2>\n<ul>\n<li><strong>Inspec\u021bii regulate:<\/strong> Efectua\u021bi verific\u0103ri frecvente pentru a v\u0103 asigura c\u0103 sistemul hidraulic func\u021bioneaz\u0103 corect. C\u0103uta\u021bi orice semne de uzur\u0103 sau deteriorare care ar putea duce la defec\u021biuni. O inspec\u021bie adecvat\u0103 ajut\u0103 la men\u021binerea eficien\u021bei cilindrului \u0219i prelunge\u0219te durata sa de via\u021b\u0103.<\/li>\n<li><strong>Lubrifiere adecvat\u0103:<\/strong> Asigura\u021bi-v\u0103 c\u0103 uleiul hidraulic este la nivelul optim \u0219i \u00eenlocui\u021bi-l periodic. Lubrifierea adecvat\u0103 este vital\u0103 pentru reducerea frec\u0103rii \u0219i uzurii dintre piesele mobile, \u00eembun\u0103t\u0103\u021bind func\u021bionarea general\u0103 a sistemului hidraulic.<\/li>\n<li><strong>\u00cenlocuirea garniturii:<\/strong> Verifica\u021bi periodic garniturile pentru uzur\u0103 \u0219i \u00eenlocui\u021bi-le dup\u0103 cum este necesar. Etan\u0219area eficient\u0103 este crucial\u0103 pentru men\u021binerea presiunii \u0219i prevenirea scurgerilor, care pot compromite performan\u021ba sistemului.<\/li>\n<\/ul>\n<p>Instalarea \u0219i alinierea corect\u0103 a cilindrului sunt vitale pentru a preveni orice probleme de func\u021bionare. Utiliza\u021bi console de montare adecvate pentru a stabiliza cilindrul \u0219i respecta\u021bi instruc\u021biunile produc\u0103torului privind procedurile de instalare pentru a asigura fiabilitatea \u0219i eficien\u021ba.<\/p>\n<p><img decoding=\"async\" src=\"https:\/\/www.hydraulic-cylinders.net\/wp-content\/uploads\/2025\/04\/songte-chushion-collar.webp\" alt=\"Guler de pern\u0103\"><\/p>\n<h2>Considera\u021bii de siguran\u021b\u0103 \u0219i factori de mediu<\/h2>\n<p>Atunci c\u00e2nd se opereaz\u0103 sisteme hidraulice, implementarea m\u0103surilor de siguran\u021b\u0103 este esen\u021bial\u0103. Operatorii trebuie s\u0103 poarte \u00eentotdeauna echipament de protec\u021bie adecvat \u0219i s\u0103 respecte protocoalele de siguran\u021b\u0103 pentru a minimiza riscurile asociate cu defec\u021biunile presiunii hidraulice. \u00centre\u021binerea \u0219i inspec\u021biile regulate sunt cruciale pentru a asigura func\u021bionarea corect\u0103 a sistemelor de siguran\u021b\u0103, cum ar fi supapele de suprapresiune, pentru a preveni accidentele.<\/p>\n<h2>Diagnosticarea defec\u021biunilor \u0219i probleme frecvente<\/h2>\n<ul>\n<li><strong>Scurgeri hidraulice:<\/strong> Una dintre cele mai frecvente probleme sunt scurgerile de fluid hidraulic, care pot rezulta din uzura garniturilor de etan\u0219are sau a furtunurilor deteriorate. Identificarea sursei scurgerii este esen\u021bial\u0103 pentru a preveni pierderea de presiune \u0219i a men\u021bine func\u021bionalitatea.<\/li>\n<li><strong>Performan\u021b\u0103 redus\u0103:<\/strong> Dac\u0103 cilindrul bra\u021bului nu func\u021bioneaz\u0103 conform a\u0219tept\u0103rilor, acest lucru poate indica un nivel sc\u0103zut de lichid hidraulic sau daune interne. Diagnosticarea prompt\u0103 a acestei probleme poate preveni complica\u021bii ulterioare.<\/li>\n<li><strong>Zgomote neobi\u0219nuite:<\/strong> Sunetele ciudate din timpul func\u021bion\u0103rii, cum ar fi scr\u00e2\u0219nitul sau loviturile, pot sugera uzura sau nealinierea componentelor. Rezolvarea rapid\u0103 a acestor zgomote poate preveni defec\u021biuni catastrofale.<\/li>\n<\/ul>\n<p>Pentru a ajuta la diagnosticarea eficient\u0103 a defec\u021biunilor, operatorii ar trebui s\u0103 se familiarizeze cu simptomele problemelor comune \u0219i s\u0103 ia m\u0103suri proactive pentru a le remedia. \u00centre\u021binerea \u0219i inspec\u021biile regulate pot reduce semnificativ probabilitatea apari\u021biei acestor probleme.<\/p>\n<p><img decoding=\"async\" src=\"https:\/\/www.hydraulic-cylinders.net\/wp-content\/uploads\/2025\/04\/songte-bushings-with-all-kinds-of-excavator-models.webp\" alt=\"Modele de buc\u0219e\"><\/p>\n<h2>Despre compania noastr\u0103<\/h2>\n<p>Suntem un produc\u0103tor important de cilindri hidraulici, oferind o gam\u0103 complet\u0103 de produse care deservesc at\u00e2t pie\u021bele interne, c\u00e2t \u0219i cele interna\u021bionale. Angajamentul nostru fa\u021b\u0103 de excelen\u021b\u0103 garanteaz\u0103 men\u021binerea unor standarde \u00eenalte de fabrica\u021bie prin strategii de management rafinate \u00een atelierele noastre de produc\u021bie. Compania noastr\u0103 investe\u0219te \u00een talente tehnice, echipamente digitale avansate de fabrica\u021bie \u0219i sisteme profesionale de testare pentru a ne \u00eembun\u0103t\u0103\u021bi continuu capacit\u0103\u021bile de produc\u021bie.<\/p>\n<p>Concentr\u00e2ndu-ne pe eficien\u021b\u0103 ridicat\u0103, precizie \u0219i calitate, ne str\u0103duim s\u0103 satisfacem nevoile diverse ale clien\u021bilor no\u0219tri. Certific\u0103rile noastre interna\u021bionale \u0219i serviciile personalizate garanteaz\u0103 c\u0103 oferim solu\u021bii adaptate pentru diverse aplica\u021bii. Facilit\u0103\u021bile noastre de produc\u021bie de ultim\u0103 genera\u021bie \u0219i serviciul post-v\u00e2nzare dedicat ne diferen\u021biaz\u0103 \u00een industria cilindrilor hidraulici.<\/p>\n<p><img decoding=\"async\" src=\"https:\/\/www.hydraulic-cylinders.net\/wp-content\/uploads\/2025\/04\/songte-company-4.webp\" alt=\"Imaginea companiei 1\"><br \/>\n<img decoding=\"async\" src=\"https:\/\/www.hydraulic-cylinders.net\/wp-content\/uploads\/2025\/04\/songte-company-3.webp\" alt=\"Imaginea companiei 2\"><\/p>\n<p>Autor: lyl<\/p>","protected":false},"excerpt":{"rendered":"<p>Boom Cylinder For Volwa Cane Unloader DLS118-9A Overview of Boom Cylinder The Boom Cylinder is a crucial component in hydraulic systems, specifically designed to control the movement of heavy machinery&#8217;s buckets, such as those found in excavators, backhoe loaders, and front-end loaders. This hydraulic cylinder enables the bucket to lift, lower, and tilt, facilitating efficient [&hellip;]<\/p>","protected":false},"featured_media":17873,"comment_status":"open","ping_status":"closed","template":"","meta":{"_et_pb_use_builder":"","_et_pb_old_content":"","_et_gb_content_width":""},"product_brand":[],"product_cat":[1546],"product_tag":[1547,1496],"class_list":{"0":"post-19625","1":"product","2":"type-product","3":"status-publish","4":"has-post-thumbnail","6":"product_cat-boom-cylinders","7":"product_tag-boom-cylinders","8":"product_tag-hydraulic-cylinders","10":"first","11":"instock","12":"shipping-taxable","13":"product-type-simple"},"amp_enabled":true,"_links":{"self":[{"href":"https:\/\/www.hydraulic-cylinders.net\/ro\/wp-json\/wp\/v2\/product\/19625","targetHints":{"allow":["GET"]}}],"collection":[{"href":"https:\/\/www.hydraulic-cylinders.net\/ro\/wp-json\/wp\/v2\/product"}],"about":[{"href":"https:\/\/www.hydraulic-cylinders.net\/ro\/wp-json\/wp\/v2\/types\/product"}],"replies":[{"embeddable":true,"href":"https:\/\/www.hydraulic-cylinders.net\/ro\/wp-json\/wp\/v2\/comments?post=19625"}],"wp:featuredmedia":[{"embeddable":true,"href":"https:\/\/www.hydraulic-cylinders.net\/ro\/wp-json\/wp\/v2\/media\/17873"}],"wp:attachment":[{"href":"https:\/\/www.hydraulic-cylinders.net\/ro\/wp-json\/wp\/v2\/media?parent=19625"}],"wp:term":[{"taxonomy":"product_brand","embeddable":true,"href":"https:\/\/www.hydraulic-cylinders.net\/ro\/wp-json\/wp\/v2\/product_brand?post=19625"},{"taxonomy":"product_cat","embeddable":true,"href":"https:\/\/www.hydraulic-cylinders.net\/ro\/wp-json\/wp\/v2\/product_cat?post=19625"},{"taxonomy":"product_tag","embeddable":true,"href":"https:\/\/www.hydraulic-cylinders.net\/ro\/wp-json\/wp\/v2\/product_tag?post=19625"}],"curies":[{"name":"wp","href":"https:\/\/api.w.org\/{rel}","templated":true}]}}