{"id":19626,"date":"2025-04-07T06:58:13","date_gmt":"2025-04-07T06:58:13","guid":{"rendered":"https:\/\/www.hydraulic-cylinders.net\/product\/boom-cylinder-for-volwa-cane-unloader-dls150-9a\/"},"modified":"2025-04-07T06:58:16","modified_gmt":"2025-04-07T06:58:16","slug":"boom-cylinder-for-volwa-cane-unloader-dls150-9a","status":"publish","type":"product","link":"https:\/\/www.hydraulic-cylinders.net\/ro\/produs\/boom-cylinder-for-volwa-cane-unloader-dls150-9a\/","title":{"rendered":"Cilindru de bra\u021b pentru desc\u0103rcatorul de trestie de zah\u0103r Volwa DLS150-9A"},"content":{"rendered":"<h1>Cilindru de bra\u021b pentru desc\u0103rcatorul de trestie de zah\u0103r Volwa DLS150-9A<\/h1>\n<h2>Prezentare general\u0103 a produsului<\/h2>\n<p>Cilindrul hidraulic pentru desc\u0103rc\u0103torul de trestie de zah\u0103r Volwa DLS150-9A este un cilindru hidraulic specializat, conceput pentru controlul mi\u0219c\u0103rii cupelor utilajelor grele, cum ar fi excavatoarele, \u00eenc\u0103rc\u0103toarele excavatoare \u0219i \u00eenc\u0103rc\u0103toarele frontale. Acest cilindru faciliteaz\u0103 ridicarea, cobor\u00e2rea \u0219i \u00eenclinarea cupei, eficientiz\u00e2nd sarcinile de manipulare a materialelor. Cilindrul cupei joac\u0103 un rol crucial \u00een sistemele hidraulice, deoarece transform\u0103 presiunea hidraulic\u0103 \u00een for\u021b\u0103 mecanic\u0103 pentru a efectua diverse opera\u021biuni \u00een sectoarele construc\u021biilor \u0219i agriculturii.<\/p>\n<p><img decoding=\"async\" src=\"https:\/\/www.hydraulic-cylinders.net\/wp-content\/uploads\/2025\/04\/songte-company-1.webp\" alt=\"Cilindru hidraulic\" \/><\/p>\n<h2>Caracteristicile cilindrului bra\u021bului<\/h2>\n<ul>\n<li><strong>Rezisten\u021b\u0103 \u0219i durabilitate ridicate:<\/strong> Construit de obicei din o\u021bel sau aluminiu de \u00eenalt\u0103 rezisten\u021b\u0103, cilindrul bra\u021bului poate rezista la presiuni ridicate \u0219i sarcini grele. Este conceput s\u0103 reziste la medii de lucru dure, asigur\u00e2nd performan\u021be de lung\u0103 durat\u0103.<\/li>\n<li><strong>Func\u021bionare hidraulic\u0103 eficient\u0103:<\/strong> Cilindrul utilizeaz\u0103 presiunea uleiului hidraulic pentru a realiza o extensie \u0219i o retragere lin\u0103. Acesta r\u0103spunde rapid la comenzile de control, oferind o for\u021b\u0103 puternic\u0103 de \u00eempingere \u0219i tragere, fiind ideal pentru sarcini grele \u0219i complexe.<\/li>\n<li><strong>Diverse tipuri:<\/strong> Gama de produse include cilindri cu ac\u021biune simpl\u0103 (folose\u0219te for\u021ba hidraulic\u0103 \u00eentr-o singur\u0103 direc\u021bie) \u0219i cu ac\u021biune dubl\u0103 (folose\u0219te for\u021ba hidraulic\u0103 \u00een ambele direc\u021bii) pentru a satisface diverse nevoi opera\u021bionale. Unele modele au un design telescopic, permi\u021b\u00e2nd o extensie mai mare f\u0103r\u0103 a cre\u0219te dimensiunile exterioare, potrivit pentru aplica\u021bii cu spa\u021biu limitat.<\/li>\n<li><strong>Fabrica\u021bie personalizat\u0103:<\/strong> Compania noastr\u0103 ofer\u0103 capacit\u0103\u021bi de fabrica\u021bie care \u00eenlocuiesc perfect cilindrii hidraulici existen\u021bi, asigur\u00e2nd compatibilitate \u0219i fiabilitate.<\/li>\n<p>    <img decoding=\"async\" src=\"https:\/\/www.hydraulic-cylinders.net\/wp-content\/uploads\/2025\/04\/songte-cylinder-head-with-all-kinds-excavator-models.webp\" alt=\"Modele de excavatoare\" \/>\n<\/ul>\n<h2>Aplica\u021bii ale cilindrului bra\u021bului<\/h2>\n<h3>Echipamente de construc\u021bii<\/h3>\n<p>\u00cen excavatoare, cilindrii bra\u021bului sunt esen\u021biali pentru s\u0103pare, \u00eenc\u0103rcare \u0219i mutarea p\u0103m\u00e2ntului sau a resturilor. Ace\u0219tia permit cupei s\u0103 p\u0103trund\u0103 eficient \u00een sol, ajut\u00e2nd la opera\u021biunile de excavare. \u00cen cazul \u00eenc\u0103rc\u0103toarelor basculante, ace\u0219ti cilindri ajut\u0103 at\u00e2t la s\u0103pare, c\u00e2t \u0219i la ridicare, ceea ce le face unelte versatile pe \u0219antierele de construc\u021bii.<\/p>\n<h3>Ma\u0219ini agricole<\/h3>\n<p>\u00cen \u00eenc\u0103rc\u0103toarele frontale, cilindrii bra\u021bului sunt utiliza\u021bi pentru \u00eenc\u0103rcarea, ridicarea \u0219i transportul materialelor precum solul, f\u00e2nul \u0219i alte produse. Ace\u0219tia sunt cruciali pentru \u00eembun\u0103t\u0103\u021birea eficien\u021bei opera\u021biunilor agricole, cre\u0219terea productivit\u0103\u021bii \u0219i gestionarea for\u021bei de munc\u0103.<\/p>\n<h3>Excavatoare<\/h3>\n<p>Cilindrii cupei permit excavatoarelor s\u0103 p\u0103trund\u0103 eficient \u00een sol, permi\u021b\u00e2ndu-le s\u0103 efectueze ac\u021biuni de s\u0103pare \u00een diverse terenuri. Aceast\u0103 capacitate este vital\u0103 pentru proiectele de construc\u021bii \u0219i amenaj\u0103ri peisagistice.<\/p>\n<h3>\u00cenc\u0103rc\u0103toare<\/h3>\n<p>La \u00eenc\u0103rc\u0103toarele frontale, cilindrii bra\u021bului ajut\u0103 la ridicarea \u0219i desc\u0103rcarea eficient\u0103 a \u00eenc\u0103rc\u0103turilor. Aceast\u0103 func\u021bie este esen\u021bial\u0103 pentru manipularea materialelor, asigur\u00e2nd c\u0103 operatorii pot gestiona cu u\u0219urin\u021b\u0103 \u00eenc\u0103rc\u0103turile grele.<\/p>\n<h2>Considera\u021bii de proiectare \u0219i standarde de selec\u021bie<\/h2>\n<ul>\n<li><strong>Capacitate de \u00eenc\u0103rcare:<\/strong> Capacitatea de \u00eenc\u0103rcare a cilindrului bra\u021bului trebuie s\u0103 fie aliniat\u0103 cu cerin\u021bele specifice ale utilajelor pe care le deserve\u0219te. \u00cen\u021belegerea dinamicii sarcinii este crucial\u0103 pentru performan\u021b\u0103 \u0219i siguran\u021b\u0103.<\/li>\n<li><strong>Etan\u0219are:<\/strong> Solu\u021biile eficiente de etan\u0219are sunt esen\u021biale pentru a preveni scurgerile de fluid hidraulic \u0219i a men\u021bine o presiune optim\u0103. Etan\u0219\u0103rile de \u00eenalt\u0103 calitate prelungesc durata de via\u021b\u0103 a sistemelor hidraulice \u0219i sporesc fiabilitatea.<\/li>\n<li><strong>Durabilitate:<\/strong> Materialele utilizate \u00een fabrica\u021bie trebuie s\u0103 reziste la uzur\u0103 \u0219i coroziune. O\u021belul sau aluminiul de \u00eenalt\u0103 calitate cu acoperiri protectoare sunt alegerile preferate pentru cre\u0219terea longevit\u0103\u021bii.<\/li>\n<li><strong>Siguran\u0163\u0103:<\/strong> Caracteristicile de siguran\u021b\u0103 trebuie integrate \u00een proiectare pentru a proteja operatorii \u0219i utilajele de poten\u021bialele pericole \u00een timpul func\u021bion\u0103rii.<\/li>\n<li><strong>\u00centre\u0163inere:<\/strong> Accesul facil pentru \u00eentre\u021binere este esen\u021bial. Considera\u021biile de proiectare ar trebui s\u0103 faciliteze service-ul prompt \u0219i s\u0103 reduc\u0103 timpul de nefunc\u021bionare pentru repara\u021bii.<\/li>\n<\/ul>\n<p><img decoding=\"async\" src=\"https:\/\/www.hydraulic-cylinders.net\/wp-content\/uploads\/2025\/04\/songte-oil-pipes-and-spare-parts.webp\" alt=\"Piese hidraulice\" \/><\/p>\n<h2>Etan\u0219are \u0219i lubrifiere<\/h2>\n<p>Etan\u0219area eficient\u0103 este esen\u021bial\u0103 \u00een sistemele hidraulice. Diverse componente de etan\u0219are, cum ar fi etan\u0219\u0103rile pistonului \u0219i ale tijei, sunt utilizate pentru a preveni scurgerile. Materiale precum poliuretanul \u0219i cauciucul nitrilic sunt utilizate \u00een mod obi\u0219nuit pentru rezisten\u021ba lor la abraziune. \u00cen plus, corpul cilindrului \u0219i suprafe\u021bele filetate ale cap\u0103tului sunt prelucrate fin pentru a spori rezisten\u021ba la uzur\u0103. Lubrifierea regulat\u0103 cu ulei hidraulic adecvat este necesar\u0103 pentru a men\u021bine eficien\u021ba opera\u021bional\u0103 a sistemului.<\/p>\n<h2>Inspec\u021bie regulat\u0103 \u0219i \u00eentre\u021binere preventiv\u0103<\/h2>\n<ul>\n<li><strong>Inspec\u021bii de rutin\u0103:<\/strong> Trebuie efectuate verific\u0103ri regulate pentru scurgeri, uzur\u0103 \u0219i integritatea componentelor pentru a asigura func\u021bionarea corect\u0103 a cilindrului \u0219i pentru a depista din timp problemele.<\/li>\n<li><strong>Lubrifiere:<\/strong> Lubrifierea adecvat\u0103 este esen\u021bial\u0103 pentru o func\u021bionare lin\u0103 \u0219i pentru a preveni uzura prematur\u0103. Programa\u021bi intervale regulate de lubrifiere \u00een func\u021bie de cerin\u021bele opera\u021bionale.<\/li>\n<li><strong>\u00cenlocuirea garniturii:<\/strong> \u00cen timp, garniturile se pot deteriora \u0219i necesit\u0103 \u00eenlocuire. Monitorizarea regulat\u0103 \u0219i \u00eenlocuirea la timp a garniturilor previn scurgerile de fluid hidraulic.<\/li>\n<\/ul>\n<h2>Instruc\u021biuni de instalare<\/h2>\n<p>Instalarea corect\u0103 a cilindrului bra\u021bului este crucial\u0103 pentru o performan\u021b\u0103 optim\u0103. Asigura\u021bi-v\u0103 c\u0103 cilindrul este aliniat corect cu punctele de montare pentru a preveni solicit\u0103ri excesive asupra componentelor. Se recomand\u0103 utilizarea unor console de montare adecvate pentru fixarea cilindrului. \u00cen timpul instal\u0103rii, verifica\u021bi dac\u0103 exist\u0103 obstruc\u021bii \u0219i asigura\u021bi-v\u0103 c\u0103 liniile hidraulice sunt conectate corect pentru a preveni scurgerile. Calibra\u021bi sistemul dup\u0103 instalare pentru a asigura o mi\u0219care \u0219i un control precise.<\/p>\n<h2>Sarcini de \u00eentre\u021binere<\/h2>\n<ul>\n<li><strong>Verific\u0103ri regulate:<\/strong> Efectua\u021bi inspec\u021bii periodice pentru a identifica orice semne de uzur\u0103 sau deteriorare. Depistarea timpurie poate preveni probleme mai grave \u0219i poate men\u021bine eficien\u021ba opera\u021bional\u0103.<\/li>\n<li><strong>Lubrifiere adecvat\u0103:<\/strong> Asigurarea unei lubrifieri adecvate a cilindrului \u00eei va prelungi durata de via\u021b\u0103. Folosi\u021bi uleiul hidraulic recomandat \u0219i urma\u021bi instruc\u021biunile produc\u0103torului privind intervalele de lubrifiere.<\/li>\n<li><strong>\u00cenlocuirea garniturii:<\/strong> Verifica\u021bi periodic garniturile pentru uzur\u0103 \u0219i \u00eenlocui\u021bi-le dup\u0103 cum este necesar. Asigurarea integrit\u0103\u021bii garniturilor este crucial\u0103 pentru a preveni scurgerile de fluid hidraulic, care pot compromite performan\u021ba.<\/li>\n<\/ul>\n<p>Instalarea, lubrifierea \u0219i \u00eentre\u021binerea corect\u0103 sunt esen\u021biale pentru prelungirea duratei de via\u021b\u0103 a cilindrului bra\u021bului. Utiliza\u021bi tehnici de montare adecvate \u0219i verifica\u021bi periodic alinierea pentru a asigura o func\u021bionare f\u0103r\u0103 probleme.<\/p>\n<p><img decoding=\"async\" src=\"https:\/\/www.hydraulic-cylinders.net\/wp-content\/uploads\/2025\/04\/songte-chushion-collar.webp\" alt=\"Guler de pern\u0103\" \/><\/p>\n<h2>Considera\u021bii de siguran\u021b\u0103 \u0219i factori de mediu<\/h2>\n<p>Atunci c\u00e2nd lucra\u021bi cu sisteme hidraulice, m\u0103surile de siguran\u021b\u0103 sunt primordiale. Asigura\u021bi-v\u0103 c\u0103 tot personalul este instruit cu privire la procedurile de operare \u00een siguran\u021b\u0103 \u0219i poart\u0103 \u00eentotdeauna echipament individual de protec\u021bie (EIP) adecvat. Instruirea regulat\u0103 \u0219i respectarea protocoalelor de siguran\u021b\u0103 ajut\u0103 la minimizarea riscurilor asociate cu operarea cilindrilor hidraulici.<\/p>\n<h2>Depanarea problemelor comune<\/h2>\n<ul>\n<li><strong>Scurgeri hidraulice:<\/strong> Verifica\u021bi garniturile \u0219i conexiunile pentru a depista semne de uzur\u0103 sau deteriorare. \u00cenlocui\u021bi orice componente defecte pentru a preveni pierderea de lichid.<\/li>\n<li><strong>Func\u021bionare lent\u0103:<\/strong> Acest lucru poate indica niveluri sc\u0103zute de lichid hidraulic sau un filtru \u00eenfundat. Asigura\u021bi niveluri adecvate de lichid \u0219i cur\u0103\u021ba\u021bi sau \u00eenlocui\u021bi filtrele dup\u0103 cum este necesar.<\/li>\n<li><strong>Zgomote neobi\u0219nuite:<\/strong> Asculta\u021bi zgomote de scr\u00e2\u0219net sau sc\u00e2r\u021b\u00e2it, care ar putea indica probleme mecanice. Inspecta\u021bi cilindrul \u0219i componentele aferente pentru a depista eventuale deterior\u0103ri.<\/li>\n<\/ul>\n<h2>Sfaturi de depanare<\/h2>\n<p>C\u00e2nd diagnostica\u021bi probleme, \u00eencepe\u021bi \u00eentotdeauna cu o inspec\u021bie vizual\u0103 a cilindrului \u0219i a conductelor hidraulice. C\u0103uta\u021bi semne evidente de scurgeri, uzur\u0103 sau nealiniere. Men\u021bine\u021bi un mediu de lucru curat pentru a preveni contaminarea fluidului hidraulic. Stabili\u021bi un program de \u00eentre\u021binere periodic\u0103 pentru a men\u021bine sistemul func\u021bional la performan\u021be maxime.<\/p>\n<p><img decoding=\"async\" src=\"https:\/\/www.hydraulic-cylinders.net\/wp-content\/uploads\/2025\/04\/songte-bushings-with-all-kinds-of-excavator-models.webp\" alt=\"Buc\u0219e pentru excavator\" \/><\/p>\n<h2>Prezentare general\u0103 a companiei<\/h2>\n<p>Suntem un produc\u0103tor \u0219i distribuitor angro de top de cilindri hidraulici, specializa\u021bi \u00een piese de schimb pentru diverse aplica\u021bii hidraulice. Gama noastr\u0103 extins\u0103 de produse \u0219i angajamentul fa\u021b\u0103 de calitate ne-au pozi\u021bionat ca lider pe pia\u021ba intern\u0103 \u0219i interna\u021bional\u0103. Ader\u0103m la excelen\u021b\u0103 \u00een produc\u021bie, sus\u021binute de o strategie de management al produc\u021biei bine pus\u0103 la punct. For\u021ba noastr\u0103 de munc\u0103 calificat\u0103, echipamentele digitale avansate de produc\u021bie \u0219i sistemele profesionale de inspec\u021bie ne sporesc capacit\u0103\u021bile de produc\u021bie, asigur\u00e2nd o eficien\u021b\u0103 ridicat\u0103, precizie \u0219i calitate \u00een satisfacerea diverselor nevoi ale clien\u021bilor.<\/p>\n<p>Ofertele noastre includ:<\/p>\n<ul>\n<li><strong>Profesionalism:<\/strong> Echipa noastr\u0103 este \u00eenalt calificat\u0103 \u0219i are experien\u021b\u0103 \u00een tehnologia hidraulic\u0103, asigur\u00e2nd consultan\u021b\u0103 \u0219i servicii de specialitate.<\/li>\n<li><strong>Certific\u0103ri interna\u021bionale:<\/strong> Produsele noastre \u00eendeplinesc diverse standarde interna\u021bionale, asigur\u00e2nd clien\u021bii de calitatea \u0219i fiabilitatea lor.<\/li>\n<li><strong>Servicii personalizate:<\/strong> Oferim solu\u021bii personalizate pentru a satisface cerin\u021bele specifice ale clien\u021bilor, asigur\u00e2nd compatibilitate \u0219i performan\u021b\u0103 optime.<\/li>\n<li><strong>Echipamente avansate de produc\u021bie:<\/strong> Facilit\u0103\u021bile noastre de produc\u021bie de ultim\u0103 genera\u021bie \u00eencorporeaz\u0103 cele mai noi tehnologii pentru o eficien\u021b\u0103 sporit\u0103 a produc\u021biei.<\/li>\n<li><strong>Serviciu post-v\u00e2nzare:<\/strong> Oferim asisten\u021b\u0103 complet\u0103 post-v\u00e2nzare pentru a ajuta clien\u021bii cu instalare, \u00eentre\u021binere \u0219i depanare.<\/li>\n<\/ul>\n<p><img decoding=\"async\" src=\"https:\/\/www.hydraulic-cylinders.net\/wp-content\/uploads\/2025\/04\/songte-company-4.webp\" alt=\"Facilit\u0103\u021bi ale companiei\" \/><br \/>\n<img decoding=\"async\" src=\"https:\/\/www.hydraulic-cylinders.net\/wp-content\/uploads\/2025\/04\/songte-company-3.webp\" alt=\"Echipamente de produc\u021bie\" \/><\/p>\n<p>Autor: lyl<\/p>","protected":false},"excerpt":{"rendered":"<p>Boom Cylinder For Volwa Cane Unloader DLS150-9A Product Overview The Boom Cylinder for Volwa Cane Unloader DLS150-9A is a specialized hydraulic cylinder designed for controlling the movement of heavy machinery&#8217;s buckets, such as excavators, backhoe loaders, and front-end loaders. This cylinder facilitates the lifting, lowering, and tilting of the bucket, making material handling tasks more [&hellip;]<\/p>","protected":false},"featured_media":17874,"comment_status":"open","ping_status":"closed","template":"","meta":{"_et_pb_use_builder":"","_et_pb_old_content":"","_et_gb_content_width":""},"product_brand":[],"product_cat":[1546],"product_tag":[1547,1496],"class_list":{"0":"post-19626","1":"product","2":"type-product","3":"status-publish","4":"has-post-thumbnail","6":"product_cat-boom-cylinders","7":"product_tag-boom-cylinders","8":"product_tag-hydraulic-cylinders","10":"first","11":"instock","12":"shipping-taxable","13":"product-type-simple"},"amp_enabled":true,"_links":{"self":[{"href":"https:\/\/www.hydraulic-cylinders.net\/ro\/wp-json\/wp\/v2\/product\/19626","targetHints":{"allow":["GET"]}}],"collection":[{"href":"https:\/\/www.hydraulic-cylinders.net\/ro\/wp-json\/wp\/v2\/product"}],"about":[{"href":"https:\/\/www.hydraulic-cylinders.net\/ro\/wp-json\/wp\/v2\/types\/product"}],"replies":[{"embeddable":true,"href":"https:\/\/www.hydraulic-cylinders.net\/ro\/wp-json\/wp\/v2\/comments?post=19626"}],"wp:featuredmedia":[{"embeddable":true,"href":"https:\/\/www.hydraulic-cylinders.net\/ro\/wp-json\/wp\/v2\/media\/17874"}],"wp:attachment":[{"href":"https:\/\/www.hydraulic-cylinders.net\/ro\/wp-json\/wp\/v2\/media?parent=19626"}],"wp:term":[{"taxonomy":"product_brand","embeddable":true,"href":"https:\/\/www.hydraulic-cylinders.net\/ro\/wp-json\/wp\/v2\/product_brand?post=19626"},{"taxonomy":"product_cat","embeddable":true,"href":"https:\/\/www.hydraulic-cylinders.net\/ro\/wp-json\/wp\/v2\/product_cat?post=19626"},{"taxonomy":"product_tag","embeddable":true,"href":"https:\/\/www.hydraulic-cylinders.net\/ro\/wp-json\/wp\/v2\/product_tag?post=19626"}],"curies":[{"name":"wp","href":"https:\/\/api.w.org\/{rel}","templated":true}]}}