{"id":19637,"date":"2025-04-07T06:58:56","date_gmt":"2025-04-07T06:58:56","guid":{"rendered":"https:\/\/www.hydraulic-cylinders.net\/product\/boom-cylinder-for-aotai-at180e-9\/"},"modified":"2025-04-07T06:58:59","modified_gmt":"2025-04-07T06:58:59","slug":"boom-cylinder-for-aotai-at180e-9","status":"publish","type":"product","link":"https:\/\/www.hydraulic-cylinders.net\/ro\/produs\/boom-cylinder-for-aotai-at180e-9\/","title":{"rendered":"Cilindru bra\u021b pentru Aotai AT180E-9"},"content":{"rendered":"<h1>Cilindru bra\u021b pentru Aotai AT180E-9<\/h1>\n<h2>Prezentare general\u0103 a produsului<\/h2>\n<p>Cilindrul bra\u021bului pentru Aotai AT180E-9 este un cilindru hidraulic specializat, conceput pentru a controla mi\u0219carea cupelor \u00een diverse utilaje grele, cum ar fi excavatoare, \u00eenc\u0103rc\u0103toare frontale \u0219i \u00eenc\u0103rc\u0103toare. Acest cilindru hidraulic permite ridicarea, cobor\u00e2rea \u0219i \u00eenclinarea cupei, facilit\u00e2nd sarcini eficiente de manipulare a materialelor. Cilindrul cupei este esen\u021bial \u00een sistemele hidraulice, oferind for\u021ba \u0219i controlul necesare pentru o gam\u0103 larg\u0103 de opera\u021biuni \u00een construc\u021bii \u0219i agricultur\u0103. Rolul s\u0103u este esen\u021bial \u00een asigurarea func\u021bion\u0103rii eficiente \u0219i f\u0103r\u0103 probleme a utilajelor, ceea ce \u00eel face o component\u0103 vital\u0103 \u00een echipamentele grele.<\/p>\n<p><img decoding=\"async\" src=\"https:\/\/www.hydraulic-cylinders.net\/wp-content\/uploads\/2025\/04\/songte-company-1.webp\" alt=\"Cilindru bra\u021b pentru Aotai AT180E-9\"><\/p>\n<h2>Caracteristicile cilindrului bra\u021bului<\/h2>\n<ul>\n<li><strong>Rezisten\u021b\u0103 \u0219i durabilitate ridicate:<\/strong> De obicei, construi\u021bi din o\u021bel sau aluminiu de \u00eenalt\u0103 rezisten\u021b\u0103, ace\u0219ti cilindri pot rezista la presiuni ridicate \u0219i sarcini grele, adapt\u00e2ndu-se \u00een acela\u0219i timp la medii de lucru dure. Sunt proiecta\u021bi av\u00e2nd \u00een vedere rezisten\u021ba la uzur\u0103 \u0219i la coroziune, prelungindu-le durata de via\u021b\u0103.<\/li>\n<li><strong>Func\u021bionare hidraulic\u0103 eficient\u0103:<\/strong> Cilindrul bra\u021bului utilizeaz\u0103 presiunea uleiului hidraulic pentru a ob\u021bine mi\u0219c\u0103ri line de extensie \u0219i retragere, r\u0103spunz\u00e2nd rapid la comenzile opera\u021bionale \u0219i oferind o for\u021b\u0103 semnificativ\u0103 de tragere \u0219i \u00eempingere, fiind potrivit pentru manipularea sarcinilor grele \u0219i complexe.<\/li>\n<li><strong>Diverse tipuri:<\/strong> Disponibile \u00een configura\u021bii cu ac\u021biune simpl\u0103 (func\u021bionare hidraulic\u0103 \u00eentr-o singur\u0103 direc\u021bie) sau cu ac\u021biune dubl\u0103 (func\u021bionare hidraulic\u0103 \u00een ambele direc\u021bii) pentru a satisface diverse nevoi opera\u021bionale. Unele modele sunt telescopice, permi\u021b\u00e2nd o extensie mai mare f\u0103r\u0103 a cre\u0219te dimensiunile exterioare, ceea ce este ideal pentru aplica\u021bii cu spa\u021biu limitat.<\/li>\n<li><strong>Produc\u021bie personalizat\u0103:<\/strong> Noi fabric\u0103m acest produs, iar cilindrii no\u0219tri pot \u00eenlocui perfect cilindrii hidraulici existen\u021bi pentru diverse modele, asigur\u00e2nd compatibilitate \u0219i performan\u021b\u0103.<\/li>\n<\/ul>\n<p><img decoding=\"async\" src=\"https:\/\/www.hydraulic-cylinders.net\/wp-content\/uploads\/2025\/04\/songte-cylinder-head-with-all-kinds-excavator-models.webp\" alt=\"Produc\u021bia de cilindri hidraulici\"><\/p>\n<h2>Scenarii de aplica\u021bii<\/h2>\n<h3>Echipamente de construc\u021bii<\/h3>\n<p>\u00cen echipamentele de construc\u021bii, cum ar fi excavatoarele, cilindrii bra\u021bului sunt cruciali pentru s\u0103pare, \u00eenc\u0103rcare \u0219i mutarea solului sau a resturilor. Ace\u0219tia permit cupei s\u0103 p\u0103trund\u0103 \u00een sol, f\u0103c\u00e2nd sarcinile de excavare mai u\u0219oare \u0219i mai eficiente. \u00cen cazul \u00eenc\u0103rc\u0103toarelor basculante, ace\u0219ti cilindri ajut\u0103 at\u00e2t la s\u0103pare, c\u00e2t \u0219i la ridicare, oferind versatilitate ma\u0219inii \u0219i sporind productivitatea pe \u0219antiere.<\/p>\n<h3>Ma\u0219ini agricole<\/h3>\n<p>\u00cen \u00eenc\u0103rc\u0103toarele frontale, cilindrii bra\u021bului sunt utiliza\u021bi pentru scoaterea, ridicarea \u0219i transportul solului, f\u00e2nului \u0219i altor materiale. Ace\u0219tia faciliteaz\u0103 diversele sarcini necesare \u00een opera\u021biunile agricole, permi\u021b\u00e2nd manipularea eficient\u0103 a materialelor \u0219i sporind productivitatea \u00een activit\u0103\u021bile agricole.<\/p>\n<h3>Excavatoare<\/h3>\n<p>La excavatoare, cilindrul bra\u021bului permite cupei s\u0103 p\u0103trund\u0103 \u00een sol, realiz\u00e2nd ac\u021biuni de s\u0103pare cu precizie \u0219i putere. Aceast\u0103 capacitate este esen\u021bial\u0103 pentru sarcini variind de la s\u0103parea funda\u021biilor p\u00e2n\u0103 la excavarea de \u0219an\u021buri, unde precizia \u0219i rezisten\u021ba sunt cruciale pentru finalizarea cu succes.<\/p>\n<h3>\u00cenc\u0103rc\u0103toare<\/h3>\n<p>\u00cen cazul \u00eenc\u0103rc\u0103toarelor frontale, ace\u0219ti cilindri ajut\u0103 la ridicarea \u0219i desc\u0103rcarea eficient\u0103 a materialelor. Sunt esen\u021biali pentru mutarea materialelor vrac, asigur\u00e2nd c\u0103 procesele de \u00eenc\u0103rcare \u0219i desc\u0103rcare sunt efectuate rapid \u0219i eficient, optimiz\u00e2nd astfel productivitatea.<\/p>\n<h2>Considera\u021bii de proiectare \u0219i criterii de selec\u021bie<\/h2>\n<h3>Capacitate de \u00eenc\u0103rcare<\/h3>\n<p>Capacitatea de \u00eenc\u0103rcare a unui cilindru al bra\u021bului este o caracteristic\u0103 fundamental\u0103 care trebuie evaluat\u0103 \u00een func\u021bie de aplica\u021bia specific\u0103 \u0219i de condi\u021biile de func\u021bionare. \u00cen\u021belegerea greut\u0103\u021bii materialelor manipulate \u0219i a sarcinilor maxime pe care le va \u00eent\u00e2mpina utilajul este vital\u0103 pentru selectarea unui cilindru cu o capacitate nominal\u0103 adecvat\u0103. Acest lucru asigur\u0103 c\u0103 cilindrul poate func\u021biona \u00een siguran\u021b\u0103 \u0219i eficient \u00een toate condi\u021biile a\u0219teptate.<\/p>\n<h3>Sigilare<\/h3>\n<p>Etan\u0219area este esen\u021bial\u0103 \u00een aplica\u021biile hidraulice pentru a preveni scurgerile \u0219i a men\u021bine presiunea. Cilindrii hidraulici trebuie s\u0103 fie echipa\u021bi cu etan\u0219\u0103ri de \u00eenalt\u0103 calitate, potrivite pentru mediul de func\u021bionare. Alegerea materialelor, cum ar fi poliuretanul sau cauciucul nitrilic, poate afecta semnificativ performan\u021ba etan\u0219\u0103rilor. Etan\u0219area corect\u0103 asigur\u0103 func\u021bionarea eficient\u0103 a sistemului hidraulic \u0219i prelunge\u0219te durata de via\u021b\u0103 a cilindrului.<\/p>\n<h3>Durabilitate<\/h3>\n<p>Durabilitatea este o considera\u021bie cheie atunci c\u00e2nd se alege un cilindru pentru bra\u021b, deoarece aceste componente func\u021bioneaz\u0103 adesea \u00een condi\u021bii dure. Acestea ar trebui s\u0103 fie proiectate s\u0103 reziste uzurii, precum \u0219i coroziunii cauzate de expunerea la diver\u0219i factori de mediu. Procesul de fabrica\u021bie ar trebui s\u0103 includ\u0103 teste riguroase pentru a asigura performan\u021be de lung\u0103 durat\u0103, reduc\u00e2nd la minimum nevoia de \u00eenlocuiri \u0219i repara\u021bii frecvente.<\/p>\n<h3>Siguran\u0163\u0103<\/h3>\n<p>Caracteristicile de siguran\u021b\u0103 trebuie integrate \u00een proiectarea cilindrilor hidraulici pentru a preveni defec\u021biunile care ar putea duce la accidente. Aceasta include o construc\u021bie robust\u0103 \u0219i mecanisme de siguran\u021b\u0103 care asigur\u0103 c\u0103 cilindrul poate rezista la sarcini nea\u0219teptate. Trebuie efectuate verific\u0103ri regulate de \u00eentre\u021binere \u0219i siguran\u021b\u0103 pentru a se asigura c\u0103 toate caracteristicile de siguran\u021b\u0103 func\u021bioneaz\u0103 corect.<\/p>\n<h3>\u00centre\u0163inere<\/h3>\n<p>\u00centre\u021binerea este un aspect esen\u021bial \u00een asigurarea longevit\u0103\u021bii \u0219i performan\u021bei cilindrilor hidraulici. Accesul facil pentru inspec\u021bie \u0219i \u00eenlocuirea pieselor trebuie luat \u00een considerare \u00een faza de proiectare. Trebuie stabilite rutine regulate de \u00eentre\u021binere, inclusiv verific\u0103ri pentru scurgeri, uzur\u0103 \u0219i func\u021bionalitate corespunz\u0103toare, pentru a evita defec\u021biunile costisitoare \u0219i a asigura performan\u021be optime.<\/p>\n<p><img decoding=\"async\" src=\"https:\/\/www.hydraulic-cylinders.net\/wp-content\/uploads\/2025\/04\/songte-oil-pipes-and-spare-parts.webp\" alt=\"Componente cilindru hidraulic\"><\/p>\n<h2>Etan\u0219are \u0219i lubrifiere<\/h2>\n<p>Cilindrii hidraulici utilizeaz\u0103 diverse garnituri, cum ar fi garniturile pistonului \u0219i garniturile tijei, pentru a men\u021bine presiunea \u0219i a preveni scurgerile. Aceste garnituri sunt adesea fabricate din materiale durabile, cum ar fi poliuretanul \u0219i cauciucul nitrilic, care rezist\u0103 la uzur\u0103 \u0219i ofer\u0103 capacit\u0103\u021bi excelente de etan\u0219are. Corpul cilindrului \u0219i capetele filetate sunt prelucrate cu precizie pentru a spori durabilitatea \u0219i a reduce uzura. Este esen\u021bial s\u0103 lubrifia\u021bi regulat cilindrul cu uleiul hidraulic adecvat pentru a asigura o func\u021bionare lin\u0103 \u0219i a preveni deteriorarea cauzat\u0103 de frecare. Aceast\u0103 lubrifiere trebuie efectuat\u0103 la intervale \u00een func\u021bie de utilizare \u0219i de condi\u021biile de mediu pentru a men\u021bine performan\u021be optime.<\/p>\n<h2>M\u0103suri de \u00eentre\u021binere preventiv\u0103<\/h2>\n<ul>\n<li><strong>Inspec\u021bii regulate:<\/strong> Efectuarea inspec\u021biilor de rutin\u0103 ajut\u0103 la identificarea uzurii \u0219i a poten\u021bialelor probleme \u00eenainte ca acestea s\u0103 se agraveze. Verifica\u021bi dac\u0103 exist\u0103 scurgeri, uzura garniturilor \u0219i func\u021bionarea corect\u0103 a cilindrului.<\/li>\n<li><strong>Lubrifiere adecvat\u0103:<\/strong> Asigura\u021bi-v\u0103 c\u0103 cilindrul este lubrifiat corespunz\u0103tor cu uleiul hidraulic corect. Acest lucru reduce la minimum frecarea \u0219i uzura, prelungind durata de via\u021b\u0103 a cilindrului.<\/li>\n<li><strong>\u00cenlocuirea garniturii:<\/strong> \u00cen timp, garniturile se pot uza \u0219i pot necesita \u00eenlocuire. Evalua\u021bi periodic integritatea garniturilor \u0219i \u00eenlocui\u021bi-le dup\u0103 cum este necesar pentru a men\u021bine performan\u021ba.<\/li>\n<\/ul>\n<h2>Instruc\u021biuni de instalare<\/h2>\n<p>Instalarea corect\u0103 a unui cilindru al bra\u021bului este esen\u021bial\u0103 pentru asigurarea performan\u021bei optime \u0219i a longevit\u0103\u021bii. \u00cencepe\u021bi prin selectarea suporturilor de montare potrivite pentru cilindru \u0219i asigurarea c\u0103 acestea sunt compatibile cu ma\u0219ina. \u00cenainte de instalare, verifica\u021bi dac\u0103 cilindrul este curat \u0219i f\u0103r\u0103 resturi. Alinia\u021bi cu aten\u021bie cilindrul cu punctele de montare, asigur\u00e2ndu-v\u0103 c\u0103 este drept \u0219i sigur. Folosi\u021bi accesoriile adecvate pentru a fixa cilindrul \u0219i evita\u021bi str\u00e2ngerea excesiv\u0103, deoarece acest lucru poate duce la deteriorare. Dup\u0103 instalare, verifica\u021bi conexiunile hidraulice pentru scurgeri \u0219i asigura\u021bi-v\u0103 c\u0103 sistemul este umplut cu fluidul hidraulic corect. \u00cen cele din urm\u0103, efectua\u021bi un test func\u021bional pentru a v\u0103 asigura c\u0103 cilindrul func\u021bioneaz\u0103 f\u0103r\u0103 probleme.<\/p>\n<h2>Sarcini comune de \u00eentre\u021binere<\/h2>\n<h3>Inspec\u021bii regulate<\/h3>\n<p>Inspec\u021biile regulate sunt vitale pentru identificarea \u0219i remedierea problemelor poten\u021biale \u00eenainte ca acestea s\u0103 afecteze performan\u021ba. Inspecta\u021bi cilindrul pentru scurgeri, fisuri sau uzur\u0103 \u0219i asigura\u021bi-v\u0103 c\u0103 toate componentele sunt fixate. Aceast\u0103 abordare proactiv\u0103 poate preveni repara\u021biile costisitoare \u0219i timpii de nefunc\u021bionare.<\/p>\n<h3>Lubrifiere adecvat\u0103<\/h3>\n<p>Lubrifierea este esen\u021bial\u0103 pentru men\u021binerea performan\u021bei cilindrilor hidraulici. Asigura\u021bi-v\u0103 c\u0103 utiliza\u021bi tipul corect de ulei hidraulic \u0219i aplica\u021bi-l la intervalele recomandate. Lubrifierea adecvat\u0103 reduce frecarea, minimizeaz\u0103 uzura \u0219i prelunge\u0219te durata de via\u021b\u0103 a cilindrului, asigur\u00e2nd func\u021bionarea eficient\u0103 a acestuia.<\/p>\n<h3>\u00cenlocuirea garniturii \u0219i verific\u0103ri ale calibr\u0103rii<\/h3>\n<p>\u00cen timp, garniturile se pot degrada, duc\u00e2nd la scurgeri \u0219i la o eficien\u021b\u0103 redus\u0103. Verifica\u021bi periodic garniturile pentru a depista semne de uzur\u0103 \u0219i \u00eenlocui\u021bi-le dup\u0103 cum este necesar. De asemenea, trebuie efectuate verific\u0103ri de calibrare pentru a v\u0103 asigura c\u0103 cilindrul func\u021bioneaz\u0103 \u00een parametrii specifica\u021bi, ceea ce este esen\u021bial pentru o func\u021bionare sigur\u0103 \u0219i eficient\u0103.<\/p>\n<p><img decoding=\"async\" src=\"https:\/\/www.hydraulic-cylinders.net\/wp-content\/uploads\/2025\/04\/songte-chushion-collar.webp\" alt=\"Instalarea cilindrului hidraulic\"><\/p>\n<h2>Considera\u021bii de siguran\u021b\u0103 \u0219i factori de mediu<\/h2>\n<p>Atunci c\u00e2nd se lucreaz\u0103 cu cilindri hidraulici, m\u0103surile de siguran\u021b\u0103 sunt de o importan\u021b\u0103 capital\u0103. Operatorii trebuie instrui\u021bi s\u0103 \u00een\u021beleag\u0103 poten\u021bialele pericole asociate cu sistemele hidraulice, inclusiv riscul de eliberare brusc\u0103 a presiunii \u0219i de proiectare a resturilor. Trebuie purtat echipament de protec\u021bie adecvat \u00een permanen\u021b\u0103, iar protocoalele de siguran\u021b\u0103 trebuie implementate pentru a preveni accidentele. \u00cen plus, trebuie lua\u021bi \u00een considerare factorii de mediu, cum ar fi temperaturile extreme \u0219i expunerea la substan\u021be corozive, deoarece ace\u0219tia pot afecta performan\u021ba \u0219i longevitatea cilindrilor hidraulici.<\/p>\n<h2>Diagnosticarea defec\u021biunilor \u0219i probleme frecvente<\/h2>\n<ul>\n<li><strong>Scurgere:<\/strong> Una dintre cele mai frecvente probleme ale cilindrilor hidraulici este scurgerea. Aceasta poate ap\u0103rea din cauza garniturilor uzate sau a corpurilor cilindrilor deteriorate. Identificarea sursei scurgerii \u0219i \u00eenlocuirea garniturilor sau componentelor afectate este esen\u021bial\u0103.<\/li>\n<li><strong>Probleme de performan\u021b\u0103:<\/strong> Dac\u0103 cilindrul nu se extinde sau nu se retrage lin, acest lucru se poate datora unui nivel sc\u0103zut de lichid hidraulic, aerului prins \u00een sistem sau unor deterior\u0103ri interne. Verificarea nivelului de lichid \u0219i asigurarea unei aerisiri corecte a sistemului pot rezolva aceste probleme.<\/li>\n<li><strong>Zgomot:<\/strong> Zgomotele neobi\u0219nuite \u00een timpul func\u021bion\u0103rii pot indica o problem\u0103 la cilindru. Aceasta se poate datora unei lubrifieri insuficiente sau unor probleme mecanice din interiorul cilindrului. \u00centre\u021binerea regulat\u0103 poate ajuta la prevenirea problemelor legate de zgomot.<\/li>\n<\/ul>\n<p>Abordarea prompt\u0103 a acestor probleme comune poate ajuta la men\u021binerea performan\u021bei \u0219i eficien\u021bei cilindrilor hidraulici. \u00cen\u021belegerea cauzelor care stau la baza acestor probleme permite depanarea eficient\u0103 \u0219i luarea unor m\u0103suri preventive.<\/p>\n<p><img decoding=\"async\" src=\"https:\/\/www.hydraulic-cylinders.net\/wp-content\/uploads\/2025\/04\/songte-bushings-with-all-kinds-of-excavator-models.webp\" alt=\"Piese cilindru hidraulic\"><\/p>\n<h2>Prezentare general\u0103 a companiei<\/h2>\n<p>Suntem un produc\u0103tor important de cilindri hidraulici de schimb, oferind o gam\u0103 complet\u0103 de produse care deservesc at\u00e2t pie\u021bele interne, c\u00e2t \u0219i cele interna\u021bionale. Angajamentul nostru fa\u021b\u0103 de calitate este evident \u00een instala\u021biile noastre de produc\u021bie de ultim\u0103 genera\u021bie \u0219i \u00een respectarea unor strategii stricte de management al produc\u021biei. Valorific\u00e2nd tehnologia avansat\u0103 \u0219i personalul calificat, ne \u00eembun\u0103t\u0103\u021bim continuu procesele de fabrica\u021bie pentru a spori calitatea produselor \u0219i a satisface diversele nevoi ale clien\u021bilor. Dedica\u021bia noastr\u0103 fa\u021b\u0103 de excelen\u021b\u0103 ne-a consacrat ca unul dintre cei mai importan\u021bi produc\u0103tori \u0219i angrosi\u0219ti \u200b\u200bde cilindri hidraulici din \u00eentreaga lume.<\/p>\n<p><img decoding=\"async\" src=\"https:\/\/www.hydraulic-cylinders.net\/wp-content\/uploads\/2025\/04\/songte-company-4.webp\" alt=\"Fabrica de cilindri hidraulici\"><br \/>\n<img decoding=\"async\" src=\"https:\/\/www.hydraulic-cylinders.net\/wp-content\/uploads\/2025\/04\/songte-company-3.webp\" alt=\"Echipamente de fabrica\u021bie a cilindrilor hidraulici\"><\/p>\n<p>Autor: lyl<\/p>","protected":false},"excerpt":{"rendered":"<p>Boom Cylinder For Aotai AT180E-9 Product Overview The Boom Cylinder for Aotai AT180E-9 is a specialized hydraulic cylinder designed to control the movement of buckets in various heavy machinery such as excavators, backhoe loaders, and front loaders. This hydraulic cylinder enables the bucket to lift, lower, and tilt, facilitating efficient material handling tasks. The bucket [&hellip;]<\/p>","protected":false},"featured_media":17870,"comment_status":"open","ping_status":"closed","template":"","meta":{"_et_pb_use_builder":"","_et_pb_old_content":"","_et_gb_content_width":""},"product_brand":[],"product_cat":[1546],"product_tag":[1547,1496],"class_list":{"0":"post-19637","1":"product","2":"type-product","3":"status-publish","4":"has-post-thumbnail","6":"product_cat-boom-cylinders","7":"product_tag-boom-cylinders","8":"product_tag-hydraulic-cylinders","10":"first","11":"instock","12":"shipping-taxable","13":"product-type-simple"},"amp_enabled":true,"_links":{"self":[{"href":"https:\/\/www.hydraulic-cylinders.net\/ro\/wp-json\/wp\/v2\/product\/19637","targetHints":{"allow":["GET"]}}],"collection":[{"href":"https:\/\/www.hydraulic-cylinders.net\/ro\/wp-json\/wp\/v2\/product"}],"about":[{"href":"https:\/\/www.hydraulic-cylinders.net\/ro\/wp-json\/wp\/v2\/types\/product"}],"replies":[{"embeddable":true,"href":"https:\/\/www.hydraulic-cylinders.net\/ro\/wp-json\/wp\/v2\/comments?post=19637"}],"wp:featuredmedia":[{"embeddable":true,"href":"https:\/\/www.hydraulic-cylinders.net\/ro\/wp-json\/wp\/v2\/media\/17870"}],"wp:attachment":[{"href":"https:\/\/www.hydraulic-cylinders.net\/ro\/wp-json\/wp\/v2\/media?parent=19637"}],"wp:term":[{"taxonomy":"product_brand","embeddable":true,"href":"https:\/\/www.hydraulic-cylinders.net\/ro\/wp-json\/wp\/v2\/product_brand?post=19637"},{"taxonomy":"product_cat","embeddable":true,"href":"https:\/\/www.hydraulic-cylinders.net\/ro\/wp-json\/wp\/v2\/product_cat?post=19637"},{"taxonomy":"product_tag","embeddable":true,"href":"https:\/\/www.hydraulic-cylinders.net\/ro\/wp-json\/wp\/v2\/product_tag?post=19637"}],"curies":[{"name":"wp","href":"https:\/\/api.w.org\/{rel}","templated":true}]}}