{"id":19639,"date":"2025-04-07T06:59:01","date_gmt":"2025-04-07T06:59:01","guid":{"rendered":"https:\/\/www.hydraulic-cylinders.net\/product\/boom-cylinder-for-atlas-2006lc\/"},"modified":"2025-04-07T06:59:04","modified_gmt":"2025-04-07T06:59:04","slug":"boom-cylinder-for-atlas-2006lc","status":"publish","type":"product","link":"https:\/\/www.hydraulic-cylinders.net\/ro\/produs\/boom-cylinder-for-atlas-2006lc\/","title":{"rendered":"Cilindru bra\u021b pentru Atlas 2006LC"},"content":{"rendered":"<h1>Cilindru bra\u021b pentru Atlas 2006LC<\/h1>\n<h2>Introducere \u00een cilindrul bra\u021bului<\/h2>\n<p>Cilindrul bra\u021bului pentru Atlas 2006LC este un cilindru hidraulic specializat, conceput pentru a controla mi\u0219carea diverselor utilaje grele, inclusiv excavatoare, \u00eenc\u0103rc\u0103toare frontale \u0219i \u00eenc\u0103rc\u0103toare frontale. Aceast\u0103 component\u0103 esen\u021bial\u0103 permite ridicarea, cobor\u00e2rea \u0219i \u00eenclinarea cupei, facilit\u00e2nd sarcini eficiente de manipulare a materialelor. Ace\u0219ti cilindri hidraulici sunt cruciali \u00een sistemele hidraulice, permi\u021b\u00e2nd func\u021bionarea precis\u0103 a echipamentelor prin transformarea energiei hidraulice \u00een for\u021b\u0103 mecanic\u0103. Datorit\u0103 capacit\u0103\u021bii lor de a suporta presiuni \u0219i sarcini ridicate, cilindrii bra\u021bului sunt indispensabili pentru aplica\u021bii grele \u00een sectoarele construc\u021biilor, agriculturii \u0219i industriei.<\/p>\n<p><img decoding=\"async\" src=\"https:\/\/www.hydraulic-cylinders.net\/wp-content\/uploads\/2025\/04\/songte-company-1.webp\" alt=\"Imaginea cilindrului bra\u021bului\"><\/p>\n<h2>Caracteristicile cilindrului bra\u021bului<\/h2>\n<ul>\n<li><strong>Rezisten\u021b\u0103 \u0219i durabilitate ridicate:<\/strong> Fabrica\u021bi din o\u021bel sau aluminiu de \u00eenalt\u0103 rezisten\u021b\u0103, ace\u0219ti cilindri pot rezista la presiuni ridicate \u0219i sarcini grele, fiind potrivi\u021bi pentru medii de lucru dure.<\/li>\n<li><strong>Func\u021bionare hidraulic\u0103 eficient\u0103:<\/strong> Utiliz\u00e2nd presiunea uleiului hidraulic, cilindrul bra\u021bului ofer\u0103 o extensie \u0219i o retragere lin\u0103, oferind o for\u021b\u0103 puternic\u0103 de \u00eempingere \u0219i tragere pentru gestionarea sarcinilor grele \u0219i complexe.<\/li>\n<li><strong>Varietate de tipuri:<\/strong> Disponibile at\u00e2t \u00een \u200b\u200bvariante cu ac\u021biune simpl\u0103 (func\u021bioneaz\u0103 \u00eentr-o singur\u0103 direc\u021bie), c\u00e2t \u0219i cu ac\u021biune dubl\u0103 (func\u021bioneaz\u0103 \u00een dou\u0103 direc\u021bii) pentru a satisface diferite nevoi opera\u021bionale. Unele modele sunt dotate cu design telescopic pentru o raz\u0103 de ac\u021biune extins\u0103 f\u0103r\u0103 a cre\u0219te dimensiunile exterioare.<\/li>\n<\/ul>\n<p>Ne specializ\u0103m \u00een fabricarea de cilindri hidraulici pentru bra\u021b care \u00eenlocuiesc perfect cilindrii hidraulici existen\u021bi, asigur\u00e2nd compatibilitate \u0219i performan\u021b\u0103.<\/p>\n<p><img decoding=\"async\" src=\"https:\/\/www.hydraulic-cylinders.net\/wp-content\/uploads\/2025\/04\/songte-cylinder-head-with-all-kinds-excavator-models.webp\" alt=\"Modele de excavatoare\"><\/p>\n<h2>Aplica\u021bii ale cilindrului bra\u021bului<\/h2>\n<h3>Echipamente de construc\u021bii<\/h3>\n<p>\u00cen excavatoare, cilindrii bra\u021bului joac\u0103 un rol vital \u00een s\u0103pare, \u00eenc\u0103rcare \u0219i mutarea p\u0103m\u00e2ntului sau a resturilor. Ace\u0219ti cilindri permit un control precis asupra mi\u0219c\u0103rii cupei, permi\u021b\u00e2nd operatorilor s\u0103 excaveze \u0219i s\u0103 transporte materialele eficient.<\/p>\n<h3>Ma\u0219ini agricole<\/h3>\n<p>\u00cen cazul \u00eenc\u0103rc\u0103toarelor frontale, cilindrii bra\u021bului sunt esen\u021biali pentru scobere, ridicare \u0219i transportul solului, f\u00e2nului \u0219i altor materiale. Ace\u0219tia sporesc eficien\u021ba opera\u021bional\u0103 a utilajelor agricole, facilit\u00e2nd \u0219i acceler\u00e2nd sarcini precum preg\u0103tirea terenului \u0219i relocarea materialelor.<\/p>\n<h3>Excavatoare<\/h3>\n<p>Cilindrul bra\u021bului permite cupei s\u0103 p\u0103trund\u0103 eficient \u00een sol, facilit\u00e2nd ac\u021biunea de s\u0103pare. Aceast\u0103 capacitate este crucial\u0103 pentru proiectele de construc\u021bii \u0219i amenaj\u0103ri peisagistice unde este necesar\u0103 o excavare precis\u0103.<\/p>\n<h3>\u00cenc\u0103rc\u0103toare<\/h3>\n<p>La \u00eenc\u0103rc\u0103toarele frontale, cilindrii bra\u021bului ajut\u0103 la ridicarea \u0219i desc\u0103rcarea eficient\u0103 a \u00eenc\u0103rc\u0103turilor. Ac\u021biunea lor hidraulic\u0103 puternic\u0103 asigur\u0103 c\u0103 operatorii pot gestiona materiale grele cu u\u0219urin\u021b\u0103 \u0219i precizie.<\/p>\n<h2>Considera\u021bii de proiectare \u0219i criterii de selec\u021bie<\/h2>\n<h3>Capacitate de \u00eenc\u0103rcare<\/h3>\n<p>Capacitatea de \u00eenc\u0103rcare a unui cilindru al bra\u021bului este esen\u021bial\u0103 \u00een alegerea cilindrului potrivit pentru un anumit utilaj. Acesta trebuie s\u0103 poat\u0103 suporta sarcina maxim\u0103 f\u0103r\u0103 defec\u021biuni, asigur\u00e2nd at\u00e2t siguran\u021ba, c\u00e2t \u0219i performan\u021ba. O \u00een\u021belegere aprofundat\u0103 a sarcinilor de operare \u00een diverse aplica\u021bii este necesar\u0103 pentru a alege un cilindru care s\u0103 \u00eendeplineasc\u0103 sau s\u0103 dep\u0103\u0219easc\u0103 aceste cerin\u021be.<\/p>\n<h3>Performan\u021ba de etan\u0219are<\/h3>\n<p>Etan\u0219area eficient\u0103 este esen\u021bial\u0103 pentru prevenirea scurgerilor de fluid hidraulic, care ar putea duce la pierderi de presiune \u0219i, \u00een cele din urm\u0103, la defectarea echipamentului. Selectarea etan\u0219\u0103rilor de \u00eenalt\u0103 calitate, fabricate din materiale durabile, asigur\u0103 longevitate \u0219i fiabilitate, reduc\u00e2nd frecven\u021ba \u00eentre\u021binerii \u0219i repara\u021biilor.<\/p>\n<h3>Durabilitate<\/h3>\n<p>Durabilitatea este un factor cheie \u00een proiectarea cilindrilor bra\u021bului, deoarece ace\u0219tia sunt adesea expu\u0219i la medii de lucru dure. Materialele trebuie s\u0103 fie rezistente la uzur\u0103 \u0219i coroziune, asigur\u00e2ndu-se c\u0103 cilindrul poate rezista la condi\u021bii extreme, men\u021bin\u00e2nd \u00een acela\u0219i timp performan\u021be optime \u00een timp.<\/p>\n<h3>Caracteristici de siguran\u021b\u0103<\/h3>\n<p>Considera\u021biile de siguran\u021b\u0103 sunt esen\u021biale atunci c\u00e2nd se alege un cilindru pentru bra\u021b. Caracteristici precum supapele de suprapresiune \u0219i blocajele de siguran\u021b\u0103 pot preveni accidentele legate de defec\u021biunile hidraulice. Implementarea acestor m\u0103suri de siguran\u021b\u0103 este vital\u0103 pentru protejarea at\u00e2t a operatorilor, c\u00e2t \u0219i a echipamentelor.<\/p>\n<h3>Accesibilitate pentru \u00eentre\u021binere<\/h3>\n<p>Proiectarea cilindrilor bra\u021bului \u021bin\u00e2nd cont de accesibilitate permite o \u00eentre\u021binere \u0219i repara\u021bii mai u\u0219oare. Aceast\u0103 considera\u021bie poate reduce semnificativ timpul de nefunc\u021bionare \u0219i poate \u00eembun\u0103t\u0103\u021bi eficien\u021ba general\u0103 a opera\u021biunilor. Componentele care pot fi u\u0219or \u00eentre\u021binute sau \u00eenlocuite vor contribui la longevitatea echipamentului.<\/p>\n<p><img decoding=\"async\" src=\"https:\/\/www.hydraulic-cylinders.net\/wp-content\/uploads\/2025\/04\/songte-oil-pipes-and-spare-parts.webp\" alt=\"Conducte de petrol \u0219i piese de schimb\"><\/p>\n<h2>Etan\u0219area \u0219i lubrifierea cilindrului bra\u021bului<\/h2>\n<p>Etan\u0219area \u0219i lubrifierea cilindrilor bra\u021bului sunt vitale pentru men\u021binerea func\u021bionalit\u0103\u021bii \u0219i longevit\u0103\u021bii acestora. Diverse etan\u0219\u0103ri, inclusiv etan\u0219\u0103ri ale pistonului \u0219i etan\u0219\u0103ri ale tijei, sunt utilizate pentru a preveni scurgerile de fluid hidraulic. Etan\u0219\u0103rile fabricate din materiale rezistente la uzur\u0103, cum ar fi poliuretanul \u0219i cauciucul nitrilic, sporesc durabilitatea \u0219i performan\u021ba.<\/p>\n<p>Corpul cilindrului \u0219i capetele filetate trebuie supuse unor prelucr\u0103ri de precizie pentru a \u00eembun\u0103t\u0103\u021bi rezisten\u021ba la uzur\u0103 \u0219i eficien\u021ba etan\u0219\u0103rii. Lubrifierea regulat\u0103 cu uleiul hidraulic adecvat este necesar\u0103 pentru a asigura o func\u021bionare lin\u0103 \u0219i a reduce frecarea, care poate duce la uzur\u0103 prematur\u0103.<\/p>\n<h2>Inspec\u021bie regulat\u0103 \u0219i m\u0103suri de \u00eentre\u021binere preventiv\u0103<\/h2>\n<ul>\n<li><strong>Inspec\u021bii regulate:<\/strong> Efectua\u021bi verific\u0103ri de rutin\u0103 pentru a depista semne de scurgeri sau uzur\u0103. Inspec\u021biile regulate pot ajuta la identificarea poten\u021bialelor probleme \u00eenainte ca acestea s\u0103 se transforme \u00een probleme majore.<\/li>\n<li><strong>Lubrifiere adecvat\u0103:<\/strong> Asigura\u021bi-v\u0103 c\u0103 nivelurile uleiului hidraulic sunt adecvate \u0219i c\u0103 uleiul este curat. Lubrifierea adecvat\u0103 minimizeaz\u0103 frecarea \u0219i uzura, sporind performan\u021ba \u0219i durata de via\u021b\u0103 a cilindrului.<\/li>\n<li><strong>\u00cenlocuirea garniturii:<\/strong> Monitoriza\u021bi garniturile pentru semne de deteriorare \u0219i \u00eenlocui\u021bi-le dup\u0103 cum este necesar. Etan\u0219area eficient\u0103 este crucial\u0103 pentru men\u021binerea presiunii \u0219i prevenirea pierderilor de fluid hidraulic.<\/li>\n<\/ul>\n<h2>Instruc\u021biuni de instalare<\/h2>\n<p>Instalarea corect\u0103 a cilindrului bra\u021bului este esen\u021bial\u0103 pentru o performan\u021b\u0103 optim\u0103. Asigura\u021bi-v\u0103 c\u0103 cilindrul este aliniat corect \u00een timpul instal\u0103rii pentru a evita solicit\u0103ri excesive asupra componentelor. Utilizarea suporturilor de montare adecvate va fixa cilindrul \u00een pozi\u021bie \u0219i va preveni mi\u0219carea \u00een timpul func\u021bion\u0103rii.<\/p>\n<p>Urma\u021bi specifica\u021biile produc\u0103torului privind set\u0103rile de cuplu \u0219i fitingurile conectorilor pentru a asigura un ansamblu f\u0103r\u0103 scurgeri. Dup\u0103 instalare, efectua\u021bi o inspec\u021bie am\u0103nun\u021bit\u0103 pentru a verifica dac\u0103 exist\u0103 nealinieri sau poten\u021biale puncte de defec\u021biune.<\/p>\n<h2>Sarcini comune de \u00eentre\u021binere<\/h2>\n<ul>\n<li><strong>Inspec\u021bii regulate:<\/strong> Efectuarea unor verific\u0103ri periodice pentru a depista orice semne vizibile de uzur\u0103 sau scurgeri este crucial\u0103. C\u0103uta\u021bi orice sunete sau mi\u0219c\u0103ri anormale \u00een timpul func\u021bion\u0103rii. Inspec\u021biile regulate pot preveni apari\u021bia unor probleme mai mari.<\/li>\n<li><strong>Lubrifiere adecvat\u0103:<\/strong> Asigura\u021bi-v\u0103 c\u0103 uleiul hidraulic utilizat are specifica\u021biile corecte \u0219i este ad\u0103ugat \u00een cantit\u0103\u021bi corespunz\u0103toare. Lubrifierea corespunz\u0103toare este esen\u021bial\u0103 pentru func\u021bionarea eficient\u0103 a cilindrului bra\u021bului.<\/li>\n<li><strong>\u00cenlocuirea garniturii:<\/strong> Monitoriza\u021bi cu aten\u021bie garniturile pentru orice semne de uzur\u0103. \u00cenlocui\u021bi garniturile conform recomand\u0103rilor produc\u0103torului pentru a men\u021bine integritatea hidraulic\u0103 \u0219i a preveni scurgerile.<\/li>\n<\/ul>\n<p>\u00cen timpul instal\u0103rii, asigura\u021bi-v\u0103 c\u0103 cilindrul este aliniat corect pentru a preveni blocarea \u0219i uzura. Utilizarea unor suporturi de montare adecvate va ajuta la fixarea eficient\u0103 a cilindrului. Stabili\u021bi o rutin\u0103 pentru verificarea \u0219i calibrarea sistemului pentru a-l men\u021bine \u00een stare de func\u021bionare f\u0103r\u0103 probleme.<\/p>\n<p><img decoding=\"async\" src=\"https:\/\/www.hydraulic-cylinders.net\/wp-content\/uploads\/2025\/04\/songte-chushion-collar.webp\" alt=\"Guler de pern\u0103\"><\/p>\n<h2>Considera\u021bii de siguran\u021b\u0103 \u0219i factori de mediu<\/h2>\n<p>Atunci c\u00e2nd se lucreaz\u0103 cu sisteme hidraulice, \u00een\u021belegerea m\u0103surilor de siguran\u021b\u0103 este esen\u021bial\u0103. Operatorii trebuie s\u0103 fie instrui\u021bi s\u0103 recunoasc\u0103 poten\u021bialele pericole asociate cu sistemele hidraulice, cum ar fi presiunea ridicat\u0103 \u0219i scurgerile de fluide. Respectarea protocoalelor de siguran\u021b\u0103 nu numai c\u0103 protejeaz\u0103 operatorii, ci \u0219i echipamentele \u0219i mediul \u00eenconjur\u0103tor.<\/p>\n<h2>Diagnosticarea defec\u021biunilor \u0219i probleme frecvente<\/h2>\n<ul>\n<li><strong>Scurgeri de fluid hidraulic:<\/strong> Verifica\u021bi periodic garniturile \u0219i conexiunile pentru a depista semne de scurgeri. Scurgerile pot duce la pierderi de presiune \u0219i defectarea sistemului.<\/li>\n<li><strong>Performan\u021b\u0103 slab\u0103 a cilindrului:<\/strong> Dac\u0103 cilindrul nu se extinde sau nu se retrage lin, acest lucru poate indica un nivel sc\u0103zut de lichid hidraulic sau garnituri deteriorate.<\/li>\n<li><strong>Zgomote neobi\u0219nuite:<\/strong> Asculta\u021bi orice sunete de scr\u00e2\u0219net sau cioc\u0103nire \u00een timpul func\u021bion\u0103rii, care pot indica probleme mecanice \u00een interiorul cilindrului.<\/li>\n<\/ul>\n<p>Pentru a rezolva aceste probleme, sunt necesare ac\u021biuni imediate. \u00centre\u021binerea regulat\u0103 \u0219i inspec\u021biile adecvate pot ajuta la prevenirea multor probleme comune. Utilizarea pieselor de schimb de calitate asigur\u0103 fiabilitatea \u0219i eficien\u021ba cilindrului bra\u021bului.<\/p>\n<p><img decoding=\"async\" src=\"https:\/\/www.hydraulic-cylinders.net\/wp-content\/uploads\/2025\/04\/songte-bushings-with-all-kinds-of-excavator-models.webp\" alt=\"Buc\u0219e cu modele de excavatoare\"><\/p>\n<h2>Profilul Companiei<\/h2>\n<p>Suntem un produc\u0103tor \u0219i distribuitor angro de top de cilindri hidraulici, oferind o gam\u0103 divers\u0103 de produse pentru a satisface at\u00e2t cerin\u021bele pie\u021bei interne, c\u00e2t \u0219i cele interna\u021bionale. Angajamentul nostru fa\u021b\u0103 de excelen\u021b\u0103 ne determin\u0103 s\u0103 implement\u0103m o strategie rafinat\u0103 de management al produc\u021biei, concentr\u00e2ndu-ne pe calitate \u0219i eficien\u021b\u0103. Prin valorificarea tehnologiei avansate de fabrica\u021bie, a profesioni\u0219tilor califica\u021bi \u0219i a sistemelor riguroase de testare, ne \u00eembun\u0103t\u0103\u021bim continuu capacit\u0103\u021bile de produc\u021bie.<\/p>\n<p>Serviciile noastre includ solu\u021bii personalizate, adaptate pentru a satisface cerin\u021bele specifice ale clien\u021bilor, sus\u021binute de certific\u0103ri interna\u021bionale care asigur\u0103 calitatea \u0219i fiabilitatea produselor noastre. Ne m\u00e2ndrim cu serviciile noastre post-v\u00e2nzare, oferind asisten\u021b\u0103 \u0219i \u00eentre\u021binere pentru a ne asigura c\u0103 produsele noastre func\u021bioneaz\u0103 optim pe toat\u0103 durata lor de via\u021b\u0103.<\/p>\n<p><img decoding=\"async\" src=\"https:\/\/www.hydraulic-cylinders.net\/wp-content\/uploads\/2025\/04\/songte-company-4.webp\" alt=\"Imaginea companiei 4\"><br \/>\n<img decoding=\"async\" src=\"https:\/\/www.hydraulic-cylinders.net\/wp-content\/uploads\/2025\/04\/songte-company-3.webp\" alt=\"Imaginea companiei 3\"><\/p>\n<p>Autor: lyl<\/p>","protected":false},"excerpt":{"rendered":"<p>Boom Cylinder For Atlas 2006LC Introduction to Boom Cylinder The Boom Cylinder for Atlas 2006LC is a specialized hydraulic cylinder designed to control the movement of various heavy machinery, including excavators, backhoe loaders, and front loaders. This essential component allows the bucket to lift, lower, and tilt, facilitating efficient material handling tasks. These hydraulic cylinders [&hellip;]<\/p>","protected":false},"featured_media":17872,"comment_status":"open","ping_status":"closed","template":"","meta":{"_et_pb_use_builder":"","_et_pb_old_content":"","_et_gb_content_width":""},"product_brand":[],"product_cat":[1546],"product_tag":[1547,1496],"class_list":{"0":"post-19639","1":"product","2":"type-product","3":"status-publish","4":"has-post-thumbnail","6":"product_cat-boom-cylinders","7":"product_tag-boom-cylinders","8":"product_tag-hydraulic-cylinders","10":"first","11":"instock","12":"shipping-taxable","13":"product-type-simple"},"amp_enabled":true,"_links":{"self":[{"href":"https:\/\/www.hydraulic-cylinders.net\/ro\/wp-json\/wp\/v2\/product\/19639","targetHints":{"allow":["GET"]}}],"collection":[{"href":"https:\/\/www.hydraulic-cylinders.net\/ro\/wp-json\/wp\/v2\/product"}],"about":[{"href":"https:\/\/www.hydraulic-cylinders.net\/ro\/wp-json\/wp\/v2\/types\/product"}],"replies":[{"embeddable":true,"href":"https:\/\/www.hydraulic-cylinders.net\/ro\/wp-json\/wp\/v2\/comments?post=19639"}],"wp:featuredmedia":[{"embeddable":true,"href":"https:\/\/www.hydraulic-cylinders.net\/ro\/wp-json\/wp\/v2\/media\/17872"}],"wp:attachment":[{"href":"https:\/\/www.hydraulic-cylinders.net\/ro\/wp-json\/wp\/v2\/media?parent=19639"}],"wp:term":[{"taxonomy":"product_brand","embeddable":true,"href":"https:\/\/www.hydraulic-cylinders.net\/ro\/wp-json\/wp\/v2\/product_brand?post=19639"},{"taxonomy":"product_cat","embeddable":true,"href":"https:\/\/www.hydraulic-cylinders.net\/ro\/wp-json\/wp\/v2\/product_cat?post=19639"},{"taxonomy":"product_tag","embeddable":true,"href":"https:\/\/www.hydraulic-cylinders.net\/ro\/wp-json\/wp\/v2\/product_tag?post=19639"}],"curies":[{"name":"wp","href":"https:\/\/api.w.org\/{rel}","templated":true}]}}