{"id":19641,"date":"2025-04-07T06:59:07","date_gmt":"2025-04-07T06:59:07","guid":{"rendered":"https:\/\/www.hydraulic-cylinders.net\/product\/boom-cylinder-for-atlas-3608lc\/"},"modified":"2025-04-07T06:59:10","modified_gmt":"2025-04-07T06:59:10","slug":"boom-cylinder-for-atlas-3608lc","status":"publish","type":"product","link":"https:\/\/www.hydraulic-cylinders.net\/ro\/produs\/boom-cylinder-for-atlas-3608lc\/","title":{"rendered":"Cilindru de bra\u021b pentru Atlas 3608LC"},"content":{"rendered":"<h1>Cilindru de bra\u021b pentru Atlas 3608LC<\/h1>\n<h2>Prezentare general\u0103 a produsului<\/h2>\n<p>Cilindrul bra\u021bului pentru Atlas 3608LC este o component\u0103 esen\u021bial\u0103 \u00een sistemele hidraulice, special conceput pentru controlul mi\u0219c\u0103rii utilajelor grele, cum ar fi excavatoarele, \u00eenc\u0103rc\u0103toarele cu excavator \u0219i \u00eenc\u0103rc\u0103toarele frontale. Acest cilindru hidraulic permite ridicarea, cobor\u00e2rea \u0219i \u00eenclinarea bra\u021bului, facilit\u00e2nd sarcini eficiente de manipulare a materialelor. Cilindrul cupei este proiectat s\u0103 reziste la presiuni ridicate \u0219i sarcini grele, fiind esen\u021bial pentru diverse aplica\u021bii \u00een construc\u021bii \u0219i industrie.<\/p>\n<p><img decoding=\"async\" src=\"https:\/\/www.hydraulic-cylinders.net\/wp-content\/uploads\/2025\/04\/songte-company-1.webp\" alt=\"Imaginea cilindrului bra\u021bului\" \/><\/p>\n<h2>Caracteristici cheie<\/h2>\n<ul>\n<li><strong>Rezisten\u021b\u0103 \u0219i durabilitate ridicate:<\/strong> Fabricat din o\u021bel sau aluminiu de \u00eenalt\u0103 rezisten\u021b\u0103, poate rezista la presiuni ridicate \u0219i sarcini grele, fiind potrivit pentru medii de lucru dure. Designul ia \u00een considerare rezisten\u021ba la uzur\u0103 \u0219i la coroziune, prelungindu-i durata de via\u021b\u0103.<\/li>\n<li><strong>Func\u021bionare hidraulic\u0103 eficient\u0103:<\/strong> Utilizeaz\u0103 presiunea uleiului hidraulic pentru o ac\u021biune telescopic\u0103 lin\u0103, permi\u021b\u00e2nd un r\u0103spuns rapid la comenzile de control \u0219i oferind for\u021be puternice de \u00eempingere \u0219i tragere, ideal pentru manipularea obiectelor grele \u0219i a sarcinilor complexe.<\/li>\n<li><strong>Varietate de tipuri:<\/strong> Disponibile \u00een cilindri cu ac\u021biune simpl\u0103 (utilizare hidraulic\u0103 \u00eentr-o singur\u0103 direc\u021bie) sau cu ac\u021biune dubl\u0103 (utilizare hidraulic\u0103 \u00een ambele direc\u021bii) pentru a satisface diferite nevoi opera\u021bionale. Unele modele sunt telescopice, permi\u021b\u00e2nd o extensie mai mare f\u0103r\u0103 a cre\u0219te dimensiunile exterioare, potrivite pentru aplica\u021bii cu spa\u021biu limitat.<\/li>\n<li><strong>Fabrica\u021bie personalizat\u0103:<\/strong> Putem produce acest produs personalizat conform specifica\u021biilor dumneavoastr\u0103, asigur\u00e2nd un \u00eenlocuitor perfect pentru diver\u0219i cilindri hidraulici.<\/li>\n<\/ul>\n<p><img decoding=\"async\" src=\"https:\/\/www.hydraulic-cylinders.net\/wp-content\/uploads\/2025\/04\/songte-cylinder-head-with-all-kinds-excavator-models.webp\" alt=\"Chiulas\u0103 pentru excavatoare\" \/><\/p>\n<h2>Aplica\u021bii<\/h2>\n<h3>Echipamente de construc\u021bii<\/h3>\n<p>\u00cen excavatoare, cilindrii bra\u021bului sunt cruciali pentru s\u0103pare, \u00eenc\u0103rcare \u0219i mutarea solului sau a resturilor. Ace\u0219tia ofer\u0103 puterea necesar\u0103 pentru a efectua aceste sarcini eficient. \u00cen cazul \u00eenc\u0103rc\u0103toarelor excavatoare, cilindrul bra\u021bului ajut\u0103 at\u00e2t la opera\u021biunile de excavare, c\u00e2t \u0219i la cele de ridicare, permi\u021b\u00e2nd operatorilor s\u0103 treac\u0103 f\u0103r\u0103 probleme de la o sarcin\u0103 la alta.<\/p>\n<h3>Ma\u0219ini agricole<\/h3>\n<p>Utiliza\u021bi \u00een \u00eenc\u0103rc\u0103toarele frontale, cilindrii bra\u021bului sunt esen\u021biali pentru scobere, ridicare \u0219i transportul solului, f\u00e2nului \u0219i altor materiale. Ace\u0219tia sporesc eficien\u021ba sarcinilor agricole, oferind puterea necesar\u0103 pentru manevrarea eficient\u0103 a sarcinilor grele.<\/p>\n<h3>Excavatoare<\/h3>\n<p>La excavatoare, cilindrul bra\u021bului permite cupei s\u0103 p\u0103trund\u0103 \u00een sol, facilit\u00e2nd procesul de s\u0103pare. Designul s\u0103u asigur\u0103 c\u0103 operatorii pot atinge ad\u00e2ncimea \u0219i unghiul dorite, cresc\u00e2nd productivitatea la fa\u021ba locului.<\/p>\n<h3>\u00cenc\u0103rc\u0103toare<\/h3>\n<p>\u00cen cazul \u00eenc\u0103rc\u0103toarelor frontale, ace\u0219ti cilindri ajut\u0103 la ridicarea \u0219i desc\u0103rcarea eficient\u0103 a materialelor. Performan\u021ba lor fiabil\u0103 asigur\u0103 c\u0103 opera\u021biuni precum transportul \u0219i desc\u0103rcarea sunt executate f\u0103r\u0103 probleme \u0219i eficient.<\/p>\n<h2>Considera\u021bii de proiectare<\/h2>\n<h3>Capacitate de \u00eenc\u0103rcare<\/h3>\n<p>Capacitatea de \u00eenc\u0103rcare a cilindrului bra\u021bului este o considera\u021bie critic\u0103 de proiectare care determin\u0103 c\u00e2t\u0103 greutate poate ridica \u00een siguran\u021b\u0103. \u00cen\u021belegerea limitelor de \u00eenc\u0103rcare ajut\u0103 la asigurarea faptului c\u0103 cilindrul este utilizat \u00een parametrii proiecta\u021bi, prevenind defec\u021biunile \u0219i prelungindu-i durata de via\u021b\u0103.<\/p>\n<h3>Sistem de etan\u0219are<\/h3>\n<p>Un sistem de etan\u0219are robust este vital pentru men\u021binerea presiunii hidraulice \u0219i prevenirea scurgerilor. Etan\u0219\u0103rile de \u00eenalt\u0103 calitate previn contaminarea \u0219i asigur\u0103 performan\u021be optime, ceea ce este crucial pentru fiabilitatea sistemelor hidraulice.<\/p>\n<h3>Durabilitate<\/h3>\n<p>Durabilitatea cilindrului bra\u021bului este esen\u021bial\u0103 pentru performan\u021ba sa \u00een medii solicitante. Caracteristicile de design, cum ar fi materialele rezistente la uzur\u0103 \u0219i acoperirile protectoare, contribuie la longevitatea \u0219i fiabilitatea cilindrului, reduc\u00e2nd nevoile de \u00eentre\u021binere.<\/p>\n<h3>Caracteristici de siguran\u021b\u0103<\/h3>\n<p>Siguran\u021ba este primordial\u0103 \u00een proiectarea cilindrilor hidraulici. Caracteristici precum supapele de suprapresiune \u0219i sistemele de siguran\u021b\u0103 sunt esen\u021biale pentru a preveni accidentele \u0219i a asigura func\u021bionarea \u00een siguran\u021b\u0103 \u00een timpul sarcinilor grele de ridicare.<\/p>\n<h3>Service-ability<\/h3>\n<p>U\u0219urin\u021ba \u00eentre\u021binerii este o alt\u0103 considera\u021bie crucial\u0103 \u00een ceea ce prive\u0219te proiectarea. Cilindrii hidraulici ar trebui s\u0103 fie proiecta\u021bi pentru acces facil la componente, permi\u021b\u00e2nd repara\u021bii \u0219i \u00eenlocuiri rapide, dup\u0103 cum este necesar, asigur\u00e2nd un timp de nefunc\u021bionare minim pentru utilaje.<\/p>\n<p><img decoding=\"async\" src=\"https:\/\/www.hydraulic-cylinders.net\/wp-content\/uploads\/2025\/04\/songte-oil-pipes-and-spare-parts.webp\" alt=\"Conducte de petrol \u0219i piese de schimb\" \/><\/p>\n<h2>Etan\u0219are \u0219i lubrifiere<\/h2>\n<p>Sistemul de etan\u0219are din cilindrul bra\u021bului utilizeaz\u0103 diverse garnituri, inclusiv garnituri pentru piston \u0219i garnituri pentru tij\u0103, fabricate din materiale rezistente la abraziune, cum ar fi poliuretanul \u0219i cauciucul nitrilic. Corpul cilindrului \u0219i suprafe\u021bele filetate ale cap\u0103tului sunt prelucrate fin pentru a spori rezisten\u021ba la uzur\u0103. Lubrifierea regulat\u0103 cu ulei hidraulic este esen\u021bial\u0103 pentru a asigura o func\u021bionare lin\u0103 \u0219i a preveni uzura.<\/p>\n<h2>M\u0103suri de \u00eentre\u021binere preventiv\u0103<\/h2>\n<ul>\n<li><strong>Inspec\u021bii regulate:<\/strong> Efectua\u021bi inspec\u021bii de rutin\u0103 pentru a identifica orice semne de uzur\u0103 sau deteriorare. Depistarea timpurie a problemelor poate preveni defec\u021biuni majore.<\/li>\n<li><strong>Lubrifiere adecvat\u0103:<\/strong> Asigura\u021bi-v\u0103 c\u0103 nivelul uleiului hidraulic este corect \u0219i c\u0103 acesta este completat periodic pentru a men\u021bine o performan\u021b\u0103 optim\u0103.<\/li>\n<li><strong>\u00cenlocuirea garniturii:<\/strong> \u00cenlocui\u021bi garniturile la primul semn de uzur\u0103 pentru a preveni scurgerile \u0219i a men\u021bine presiunea hidraulic\u0103.<\/li>\n<\/ul>\n<h2>Instruc\u021biuni de instalare<\/h2>\n<p>Instalarea corect\u0103 este crucial\u0103 pentru performan\u021ba \u0219i longevitatea cilindrului bra\u021bului. \u00cencepe\u021bi prin a v\u0103 asigura c\u0103 toate componentele sunt curate \u0219i f\u0103r\u0103 resturi. Folosi\u021bi unelte de aliniere adecvate pentru a pozi\u021biona cilindrul cu precizie \u0219i fixa\u021bi-l cu suporturile de montare corespunz\u0103toare. Urma\u021bi specifica\u021biile produc\u0103torului pentru conexiunile hidraulice \u0219i set\u0103rile de cuplu. Dup\u0103 instalare, efectua\u021bi teste func\u021bionale pentru a v\u0103 asigura c\u0103 totul func\u021bioneaz\u0103 f\u0103r\u0103 probleme.<\/p>\n<h2>Sarcini comune de \u00eentre\u021binere<\/h2>\n<ul>\n<li><strong>Verific\u0103ri regulate:<\/strong> Efectua\u021bi verific\u0103ri de rutin\u0103 ale sistemului hidraulic pentru a identifica orice scurgeri sau nereguli de performan\u021b\u0103. Rezolvarea prompt\u0103 a problemelor poate preveni probleme mai semnificative.<\/li>\n<li><strong>Lubrifiere adecvat\u0103:<\/strong> Asigura\u021bi-v\u0103 c\u0103 cilindrul bra\u021bului este lubrifiat corect, conform recomand\u0103rilor produc\u0103torului. Lubrifierea adecvat\u0103 minimizeaz\u0103 frecarea \u0219i uzura.<\/li>\n<li><strong>\u00cenlocuirea garniturii:<\/strong> Monitoriza\u021bi periodic starea garniturilor. \u00cenlocuirea garniturilor uzate este esen\u021bial\u0103 pentru men\u021binerea presiunii hidraulice \u0219i prevenirea scurgerilor.<\/li>\n<\/ul>\n<h2>Considera\u021bii de siguran\u021b\u0103 \u0219i factori de mediu<\/h2>\n<p>M\u0103surile de siguran\u021b\u0103 trebuie s\u0103 fie prioritare atunci c\u00e2nd se utilizeaz\u0103 cilindri hidraulici. Operatorii trebuie instrui\u021bi cu privire la utilizarea corect\u0103 \u0219i la poten\u021bialele pericole asociate echipamentului. Echipamentul de protec\u021bie trebuie purtat, iar zona de lucru trebuie s\u0103 fie liber\u0103 de personal \u0219i obstacole inutile pentru a minimiza riscurile. Considera\u021biile de mediu includ eliminarea corect\u0103 a fluidelor hidraulice \u0219i asigurarea faptului c\u0103 toate componentele provin din surse sustenabile.<\/p>\n<h2>Diagnosticarea defec\u021biunilor \u0219i probleme frecvente<\/h2>\n<ul>\n<li><strong>Probleme de scurgeri:<\/strong> Scurgerile de lichid hidraulic pot indica o defec\u021biune a garniturilor sau conexiuni sl\u0103bite. Inspecta\u021bi garniturile \u0219i conexiunile pentru semne de uzur\u0103 sau deteriorare \u0219i \u00eenlocui\u021bi-le dac\u0103 este necesar.<\/li>\n<li><strong>Func\u021bionare lent\u0103:<\/strong> Dac\u0103 cilindrul bra\u021bului func\u021bioneaz\u0103 lent, acest lucru poate indica niveluri sc\u0103zute de lichid hidraulic sau aer \u00een sistem. Verifica\u021bi nivelurile de lichid \u0219i aerisi\u021bi sistemul dup\u0103 cum este necesar.<\/li>\n<li><strong>Mi\u0219c\u0103ri necontrolate:<\/strong> Acest lucru poate fi cauzat de defec\u021biuni ale supapei de suprapresiune sau de probleme ale supapei de control. Inspecta\u021bi aceste componente \u0219i \u00eenlocui\u021bi-le sau repara\u021bi-le dup\u0103 cum este necesar.<\/li>\n<\/ul>\n<h2>Sfaturi de depanare<\/h2>\n<p>Pentru o depanare eficient\u0103, consulta\u021bi \u00eentotdeauna instruc\u021biunile produc\u0103torului. \u00centre\u021binerea regulat\u0103 poate preveni majoritatea problemelor. Dac\u0103 apar probleme, \u00eencepe\u021bi prin verificarea nivelului fluidului hidraulic, inspectarea garniturilor pentru uzur\u0103 \u0219i examinarea oric\u0103ror scurgeri vizibile. P\u0103strarea unui jurnal de \u00eentre\u021binere poate ajuta la identificarea problemelor recurente \u0219i poate ajuta la prevenirea poten\u021bialelor probleme.<\/p>\n<p><img decoding=\"async\" src=\"https:\/\/www.hydraulic-cylinders.net\/wp-content\/uploads\/2025\/04\/songte-bushings-with-all-kinds-of-excavator-models.webp\" alt=\"Buc\u0219e pentru excavatoare\" \/><\/p>\n<h2>Despre compania noastr\u0103<\/h2>\n<p>Suntem un produc\u0103tor important de cilindri hidraulici de schimb, oferind o gam\u0103 complet\u0103 de produse care ne-au pozi\u021bionat ca unul dintre principalii furnizori at\u00e2t pe pie\u021bele interne, c\u00e2t \u0219i pe cele interna\u021bionale. Respect\u0103m standarde stricte de calitate, sus\u021binute de o strategie rafinat\u0103 de management al produc\u021biei industriale. Concentrarea noastr\u0103 pe tehnologie, echipamente avansate de fabrica\u021bie \u0219i sisteme profesionale de testare ne \u00eembun\u0103t\u0103\u021be\u0219te capacit\u0103\u021bile de produc\u021bie, permi\u021b\u00e2ndu-ne s\u0103 satisfacem diversele nevoi ale clien\u021bilor cu eficien\u021b\u0103, precizie \u0219i calitate ridicate.<\/p>\n<p><img decoding=\"async\" src=\"https:\/\/www.hydraulic-cylinders.net\/wp-content\/uploads\/2025\/04\/songte-company-4.webp\" alt=\"Imaginea companiei 1\" \/><br \/>\n<img decoding=\"async\" src=\"https:\/\/www.hydraulic-cylinders.net\/wp-content\/uploads\/2025\/04\/songte-company-3.webp\" alt=\"Imaginea companiei 2\" \/><\/p>\n<p>Angajamentul nostru fa\u021b\u0103 de profesionalism, certific\u0103rile interna\u021bionale, serviciile personalizate, echipamentele de produc\u021bie avansate \u0219i asisten\u021ba post-v\u00e2nzare excep\u021bional\u0103 ne disting pe pia\u021b\u0103.<\/p>\n<p>Autor: lyl<\/p>","protected":false},"excerpt":{"rendered":"<p>Boom Cylinder For Atlas 3608LC Product Overview The Boom Cylinder for Atlas 3608LC is a pivotal component in hydraulic systems, specifically designed for controlling the movement of heavy machinery such as excavators, backhoe loaders, and front loaders. This hydraulic cylinder enables the boom to lift, lower, and tilt, facilitating efficient material handling tasks. The bucket [&hellip;]<\/p>","protected":false},"featured_media":17874,"comment_status":"open","ping_status":"closed","template":"","meta":{"_et_pb_use_builder":"","_et_pb_old_content":"","_et_gb_content_width":""},"product_brand":[],"product_cat":[1546],"product_tag":[1547,1496],"class_list":{"0":"post-19641","1":"product","2":"type-product","3":"status-publish","4":"has-post-thumbnail","6":"product_cat-boom-cylinders","7":"product_tag-boom-cylinders","8":"product_tag-hydraulic-cylinders","10":"first","11":"instock","12":"shipping-taxable","13":"product-type-simple"},"amp_enabled":true,"_links":{"self":[{"href":"https:\/\/www.hydraulic-cylinders.net\/ro\/wp-json\/wp\/v2\/product\/19641","targetHints":{"allow":["GET"]}}],"collection":[{"href":"https:\/\/www.hydraulic-cylinders.net\/ro\/wp-json\/wp\/v2\/product"}],"about":[{"href":"https:\/\/www.hydraulic-cylinders.net\/ro\/wp-json\/wp\/v2\/types\/product"}],"replies":[{"embeddable":true,"href":"https:\/\/www.hydraulic-cylinders.net\/ro\/wp-json\/wp\/v2\/comments?post=19641"}],"wp:featuredmedia":[{"embeddable":true,"href":"https:\/\/www.hydraulic-cylinders.net\/ro\/wp-json\/wp\/v2\/media\/17874"}],"wp:attachment":[{"href":"https:\/\/www.hydraulic-cylinders.net\/ro\/wp-json\/wp\/v2\/media?parent=19641"}],"wp:term":[{"taxonomy":"product_brand","embeddable":true,"href":"https:\/\/www.hydraulic-cylinders.net\/ro\/wp-json\/wp\/v2\/product_brand?post=19641"},{"taxonomy":"product_cat","embeddable":true,"href":"https:\/\/www.hydraulic-cylinders.net\/ro\/wp-json\/wp\/v2\/product_cat?post=19641"},{"taxonomy":"product_tag","embeddable":true,"href":"https:\/\/www.hydraulic-cylinders.net\/ro\/wp-json\/wp\/v2\/product_tag?post=19641"}],"curies":[{"name":"wp","href":"https:\/\/api.w.org\/{rel}","templated":true}]}}