{"id":19643,"date":"2025-04-07T06:59:12","date_gmt":"2025-04-07T06:59:12","guid":{"rendered":"https:\/\/www.hydraulic-cylinders.net\/product\/boom-cylinder-for-atlas-7808lc\/"},"modified":"2025-04-07T06:59:15","modified_gmt":"2025-04-07T06:59:15","slug":"boom-cylinder-for-atlas-7808lc","status":"publish","type":"product","link":"https:\/\/www.hydraulic-cylinders.net\/ro\/produs\/boom-cylinder-for-atlas-7808lc\/","title":{"rendered":"Cilindru de bra\u021b pentru Atlas 7808LC"},"content":{"rendered":"<h1>Cilindru de bra\u021b pentru Atlas 7808LC<\/h1>\n<h2>Introducere \u00een cilindrul bra\u021bului<\/h2>\n<p>Cilindrul bra\u021bului este o component\u0103 vital\u0103 \u00een sistemele hidraulice, special conceput pentru controlul mi\u0219c\u0103rii cupei \u00een diverse utilaje grele, cum ar fi excavatoarele, \u00eenc\u0103rc\u0103toarele cu excavator \u0219i \u00eenc\u0103rc\u0103toarele frontale. Acest cilindru hidraulic permite ridicarea, cobor\u00e2rea \u0219i \u00eenclinarea cupei, facilit\u00e2nd sarcini eficiente de manipulare a materialelor. \u00cen esen\u021b\u0103, un cilindru al cupei serve\u0219te ca o central\u0103 electric\u0103 care manevreaz\u0103 pozi\u021bionarea cupei, asigur\u00e2ndu-se c\u0103 operatorii \u00ee\u0219i pot \u00eendeplini sarcinile cu precizie \u0219i u\u0219urin\u021b\u0103.<\/p>\n<p><img decoding=\"async\" src=\"https:\/\/www.hydraulic-cylinders.net\/wp-content\/uploads\/2025\/04\/songte-company-1.webp\" alt=\"Imagine cilindru hidraulic\"><\/p>\n<h3>Caracteristicile cilindrului bra\u021bului<\/h3>\n<ul>\n<li><strong>Rezisten\u021b\u0103 \u0219i durabilitate ridicate:<\/strong> Fabricat din o\u021bel sau aluminiu de \u00eenalt\u0103 rezisten\u021b\u0103, conceput pentru a rezista la presiuni ridicate \u0219i sarcini grele \u0219i potrivit pentru medii de lucru dure.<\/li>\n<li><strong>Func\u021bionare hidraulic\u0103 eficient\u0103:<\/strong> Utilizeaz\u0103 presiunea uleiului hidraulic pentru o extensie \u0219i retragere lin\u0103, r\u0103spunde rapid la comenzile de control, oferind o for\u021b\u0103 robust\u0103 de \u00eempingere \u0219i tragere.<\/li>\n<li><strong>Diverse tipuri:<\/strong> Disponibile \u00een cilindri cu ac\u021biune simpl\u0103 (func\u021bioneaz\u0103 \u00eentr-o singur\u0103 direc\u021bie) sau cu ac\u021biune dubl\u0103 (func\u021bioneaz\u0103 \u00een dou\u0103 direc\u021bii) pentru a satisface diverse nevoi opera\u021bionale; unele modele sunt telescopice, permi\u021b\u00e2nd o extensie mai mare f\u0103r\u0103 a cre\u0219te dimensiunile exterioare.<\/li>\n<li><strong>Op\u021biuni personalizabile:<\/strong> Clien\u021bii pot alege specifica\u021biile care se potrivesc cel mai bine echipamentului \u0219i sarcinilor lor, asigur\u00e2ndu-se c\u0103 cilindrul se integreaz\u0103 perfect \u00een sistemul lor.<\/li>\n<li><strong>Aplica\u021bii versatile:<\/strong> Ideal pentru o gam\u0103 larg\u0103 de industrii, inclusiv construc\u021bii, agricultur\u0103 \u0219i multe altele, sporind capacit\u0103\u021bile opera\u021bionale.<\/li>\n<\/ul>\n<h2>Capacit\u0103\u021bi de produc\u021bie<\/h2>\n<p>Suntem m\u00e2ndri s\u0103 fabric\u0103m acest produs, oferind cilindri hidraulici care \u00eenlocuiesc perfect modelele existente. Produsele noastre sunt proiectate pentru a \u00eendeplini standarde de \u00eenalt\u0103 performan\u021b\u0103, asigur\u00e2nd fiabilitatea \u0219i eficien\u021ba utilajelor dumneavoastr\u0103.<\/p>\n<p><img decoding=\"async\" src=\"https:\/\/www.hydraulic-cylinders.net\/wp-content\/uploads\/2025\/04\/songte-cylinder-head-with-all-kinds-excavator-models.webp\" alt=\"Imagine cu modele de excavatoare\"><\/p>\n<h2>Aplica\u021bii ale cilindrului bra\u021bului<\/h2>\n<h3>Echipamente de construc\u021bii<\/h3>\n<p>La excavatoare, cilindrul bra\u021bului este esen\u021bial pentru s\u0103pare, \u00eenc\u0103rcare \u0219i mutarea solului sau a resturilor. Acesta permite cupei s\u0103 p\u0103trund\u0103 eficient \u00een p\u0103m\u00e2nt, sporind semnificativ productivitatea opera\u021bional\u0103. La \u00eenc\u0103rc\u0103toarele cu excavator, cilindrul cupei ajut\u0103 at\u00e2t la s\u0103pare, c\u00e2t \u0219i la ridicare, asigur\u00e2nd tranzi\u021bii f\u0103r\u0103 probleme \u00eentre sarcini.<\/p>\n<h3>Ma\u0219ini agricole<\/h3>\n<p>Utiliza\u021bi \u00een \u00eenc\u0103rc\u0103toarele frontale, ace\u0219ti cilindri sunt esen\u021biali pentru scobere, ridicare \u0219i transportul solului, f\u00e2nului \u0219i diverselor materiale. Ace\u0219tia permit fermierilor s\u0103 \u00ee\u0219i gestioneze eficient opera\u021biunile, maximiz\u00e2nd productivitatea \u0219i reduc\u00e2nd la minimum costurile cu for\u021ba de munc\u0103.<\/p>\n<h3>Excavatoare<\/h3>\n<p>Cilindrul cupei permite ac\u021biunea de s\u0103pare a excavatorului, permi\u021b\u00e2nd cupei s\u0103 p\u0103trund\u0103 ad\u00e2nc \u00een sol, facilit\u00e2nd excavarea eficient\u0103 pentru proiecte de construc\u021bii \u0219i amenaj\u0103ri peisagistice. Aceast\u0103 func\u021bionalitate este crucial\u0103 \u00een mediile \u00een care precizia \u0219i ad\u00e2ncimea sunt necesare pentru succes.<\/p>\n<h3>\u00cenc\u0103rc\u0103toare<\/h3>\n<p>\u00cen cazul \u00eenc\u0103rc\u0103toarelor frontale, cilindrii bra\u021bului ajut\u0103 la ridicarea \u0219i desc\u0103rcarea eficient\u0103 a \u00eenc\u0103rc\u0103turilor, asigur\u00e2nd transportul u\u0219or al materialelor dintr-o loca\u021bie \u00een alta. Designul lor robust le permite s\u0103 gestioneze greut\u0103\u021bi substan\u021biale f\u0103r\u0103 a compromite performan\u021ba.<\/p>\n<h2>Considera\u021bii de proiectare \u0219i criterii de selec\u021bie<\/h2>\n<h3>Capacitate de \u00eenc\u0103rcare<\/h3>\n<p>La proiectarea cilindrilor de bra\u021b, considera\u021biile privind capacitatea de \u00eenc\u0103rcare sunt critice. Este esen\u021bial s\u0103 se evalueze greutatea pe care cilindrul va trebui s\u0103 o suporte \u00een timpul func\u021bion\u0103rii. O capacitate de \u00eenc\u0103rcare mai mare ofer\u0103 o siguran\u021b\u0103 \u0219i o eficien\u021b\u0103 sporite, reduc\u00e2nd riscul de defec\u021biune a cilindrului \u00een timpul sarcinilor grele. Calcularea sarcinii maxime ajut\u0103 la alegerea dimensiunii \u0219i specifica\u021biilor adecvate a cilindrului, asigur\u00e2ndu-se c\u0103 acesta poate func\u021biona optim \u00een condi\u021biile a\u0219teptate.<\/p>\n<h3>Mecanisme de etan\u0219are<\/h3>\n<p>Mecanismele eficiente de etan\u0219are sunt vitale pentru a preveni scurgerile de fluid hidraulic \u0219i pentru a men\u021bine presiunea \u00een interiorul cilindrului. Selec\u021bia unor etan\u0219\u0103ri de \u00eenalt\u0103 calitate, cum ar fi etan\u0219\u0103rile pistonului \u0219i etan\u0219\u0103rile tijei, fabricate din materiale durabile, precum poliuretanul \u0219i cauciucul nitrilic, spore\u0219te longevitatea cilindrului. Etan\u0219area adecvat\u0103 asigur\u0103 performan\u021be constante \u0219i reduce costurile de \u00eentre\u021binere \u00een timp.<\/p>\n<h3>Durabilitate<\/h3>\n<p>Durabilitatea este un factor cheie \u00een proiectarea cilindrilor bra\u021bului, \u00een special atunci c\u00e2nd sunt utiliza\u021bi \u00een medii solicitante. Materialele utilizate \u00een fabrica\u021bie trebuie s\u0103 fie rezistente la uzur\u0103 \u0219i coroziune, asigur\u00e2nd c\u0103 cilindrul r\u0103m\u00e2ne func\u021bional pe perioade lungi de timp. Utilizarea tratamentelor de suprafa\u021b\u0103 \u0219i a acoperirilor poate spori \u0219i mai mult durabilitatea, f\u0103c\u00e2nd cilindrul potrivit pentru diverse aplica\u021bii, inclusiv construc\u021bii \u0219i minerit.<\/p>\n<h3>Caracteristici de siguran\u021b\u0103<\/h3>\n<p>Incorporarea caracteristicilor de siguran\u021b\u0103 \u00een proiectarea cilindrilor bra\u021bului ajut\u0103 la protejarea at\u00e2t a utilajelor, c\u00e2t \u0219i a operatorilor. Caracteristici precum supapele de suprapresiune \u0219i mecanismele de protec\u021bie la suprasarcin\u0103 pot preveni accidentele \u0219i deteriorarea echipamentelor. Asigurarea implement\u0103rii acestor m\u0103suri de siguran\u021b\u0103 este esen\u021bial\u0103 pentru respectarea reglement\u0103rilor \u0219i standardelor din industrie.<\/p>\n<h3>\u00centre\u021binere \u0219i reparabilitate<\/h3>\n<p>Considera\u021biile de proiectare ar trebui s\u0103 includ\u0103 \u0219i u\u0219urin\u021ba \u00eentre\u021binerii \u0219i repara\u021biilor. Cilindrii hidraulici ar trebui proiecta\u021bi pentru acces facil la componentele care pot necesita service sau \u00eenlocuire regulat\u0103, cum ar fi etan\u0219\u0103rile \u0219i rulmen\u021bii. Un design care permite dezasamblarea rapid\u0103 poate reduce semnificativ timpul de nefunc\u021bionare \u00een timpul \u00eentre\u021binerii, \u00eembun\u0103t\u0103\u021bind \u00een cele din urm\u0103 productivitatea.<\/p>\n<p><img decoding=\"async\" src=\"https:\/\/www.hydraulic-cylinders.net\/wp-content\/uploads\/2025\/04\/songte-oil-pipes-and-spare-parts.webp\" alt=\"Imagine cu \u021bevi de petrol \u0219i piese de schimb\"><\/p>\n<h2>Etan\u0219are \u0219i lubrifiere<\/h2>\n<p>Etan\u0219area \u0219i lubrifierea eficiente sunt esen\u021biale pentru asigurarea longevit\u0103\u021bii \u0219i func\u021bionalit\u0103\u021bii cilindrilor bra\u021bului. Utilizarea diferitelor tipuri de etan\u0219\u0103ri, cum ar fi etan\u0219\u0103rile pistonului \u0219i tijei, este esen\u021bial\u0103 pentru men\u021binerea presiunii hidraulice \u0219i prevenirea scurgerilor. Etan\u0219\u0103rile fabricate din materiale precum poliuretanul \u0219i cauciucul nitrilic sunt preferate datorit\u0103 rezisten\u021bei la uzur\u0103 \u0219i durabilit\u0103\u021bii lor.<\/p>\n<p>Corpul cilindrului \u0219i suprafe\u021bele filetate ale cap\u0103tului sunt supuse unor prelucr\u0103ri fine pentru a \u00eembun\u0103t\u0103\u021bi rezisten\u021ba la uzur\u0103, asigur\u00e2ndu-se c\u0103 cilindrul poate rezista la condi\u021bii dure de func\u021bionare. Aplicarea regulat\u0103 a cantit\u0103\u021bii adecvate de ulei hidraulic pentru lubrifiere este crucial\u0103 pentru a minimiza frecarea \u0219i uzura, prelungind \u0219i mai mult durata de via\u021b\u0103 a cilindrului.<\/p>\n<h2>M\u0103suri de \u00eentre\u021binere preventiv\u0103<\/h2>\n<ul>\n<li><strong>Inspec\u021bii regulate:<\/strong> Efectua\u021bi inspec\u021bii programate pentru a identifica uzura, asigur\u00e2ndu-v\u0103 c\u0103 toate componentele func\u021bioneaz\u0103 corect.<\/li>\n<li><strong>Lubrifiere adecvat\u0103:<\/strong> Asigura\u021bi-v\u0103 c\u0103 cilindrul este lubrifiat corespunz\u0103tor pentru a reduce frecarea \u0219i a preveni deteriorarea garniturilor \u0219i a pieselor mobile.<\/li>\n<li><strong>\u00cenlocuirea etan\u0219\u0103rii:<\/strong> Verifica\u021bi periodic garniturile pentru semne de uzur\u0103 \u0219i \u00eenlocui\u021bi-le dup\u0103 cum este necesar pentru a men\u021bine presiunea hidraulic\u0103 \u0219i performan\u021ba.<\/li>\n<\/ul>\n<h2>Instruc\u021biuni de instalare<\/h2>\n<p>Instalarea corect\u0103 a cilindrilor bra\u021bului este crucial\u0103 pentru o performan\u021b\u0103 optim\u0103. \u00cencepe\u021bi prin a v\u0103 asigura c\u0103 toate componentele sunt curate \u0219i f\u0103r\u0103 resturi. Alinia\u021bi corect cilindrul cu punctele de montare ale ma\u0219inii pentru a preveni nealinierea, care poate cauza uzur\u0103 prematur\u0103.<\/p>\n<p>Folosi\u021bi console de montare adecvate pentru a fixa cilindrul ferm \u00een pozi\u021bie. Dup\u0103 instalare, verifica\u021bi alinierea \u0219i asigura\u021bi-v\u0103 c\u0103 cilindrul func\u021bioneaz\u0103 f\u0103r\u0103 probleme, f\u0103r\u0103 nicio rezisten\u021b\u0103. Respectarea instruc\u021biunilor produc\u0103torului pentru conexiunile hidraulice \u0219i specifica\u021biile de cuplu va maximiza performan\u021ba \u0219i fiabilitatea.<\/p>\n<h2>Sarcini comune de \u00eentre\u021binere<\/h2>\n<h3>Verific\u0103ri regulate<\/h3>\n<p>Efectuarea unor verific\u0103ri regulate ale func\u021bionalit\u0103\u021bii cilindrului este esen\u021bial\u0103. Aceste verific\u0103ri ar trebui s\u0103 includ\u0103 evaluarea nivelului fluidului hidraulic, inspec\u021bia pentru scurgeri \u0219i asigurarea siguran\u021bei tuturor conexiunilor. Depistarea timpurie a problemelor poate preveni repara\u021bii costisitoare \u0219i timpi de nefunc\u021bionare.<\/p>\n<h3>Lubrifiere adecvat\u0103<\/h3>\n<p>Lubrifierea este vital\u0103 pentru buna func\u021bionare a cilindrilor bra\u021bului. Utilizarea tipului corect de ulei hidraulic \u0219i aplicarea regulat\u0103 a acestuia, conform recomand\u0103rilor produc\u0103torului, vor ajuta la reducerea frec\u0103rii \u0219i a uzurii. Men\u021binerea unui program de lubrifiere poate \u00eembun\u0103t\u0103\u021bi performan\u021ba \u0219i longevitatea cilindrului.<\/p>\n<h3>\u00cenlocuirea \u0219i calibrarea etan\u0219\u0103rii<\/h3>\n<p>\u00cenlocuirea garniturilor pe m\u0103sur\u0103 ce se uzeaz\u0103 este crucial\u0103 pentru men\u021binerea presiunii hidraulice. Calibra\u021bi periodic cilindrul pentru a v\u0103 asigura c\u0103 func\u021bioneaz\u0103 \u00een parametrii specifica\u021bi. Acest proces implic\u0103 verificarea alinierii \u0219i reglarea oric\u0103ror componente necesare pentru a garanta o func\u021bionare eficient\u0103.<\/p>\n<p><img decoding=\"async\" src=\"https:\/\/www.hydraulic-cylinders.net\/wp-content\/uploads\/2025\/04\/songte-chushion-collar.webp\" alt=\"Imagine cu guler de pern\u0103\"><\/p>\n<h2>Considera\u021bii de siguran\u021b\u0103 \u0219i factori de mediu<\/h2>\n<p>Atunci c\u00e2nd se lucreaz\u0103 cu sisteme hidraulice, implementarea m\u0103surilor de siguran\u021b\u0103 este esen\u021bial\u0103. Operatorii trebuie s\u0103 respecte protocoalele de siguran\u021b\u0103 pentru a preveni accidentele, inclusiv purtarea echipamentului individual de protec\u021bie (EIP) adecvat \u0219i respectarea instruc\u021biunilor opera\u021bionale. Asigurarea unei bune \u00eentre\u021bineri a sistemului hidraulic reduce riscul de defec\u021biuni care ar putea duce la situa\u021bii periculoase.<\/p>\n<h2>Diagnosticarea defec\u021biunilor \u0219i probleme frecvente<\/h2>\n<ul>\n<li><strong>Scurgere:<\/strong> Una dintre cele mai frecvente probleme este scurgerea de lichid hidraulic. Verifica\u021bi garniturile \u0219i conexiunile pentru uzur\u0103 sau deteriorare.<\/li>\n<li><strong>Pierdere de presiune:<\/strong> Dac\u0103 butelia nu r\u0103spunde la comenzi, aceasta poate indica o pierdere de presiune. Verifica\u021bi dac\u0103 exist\u0103 scurgeri sau blocaje \u00een sistem.<\/li>\n<li><strong>Zgomot \u0219i vibra\u021bii:<\/strong> Zgomotele sau vibra\u021biile neobi\u0219nuite din timpul func\u021bion\u0103rii pot sugera o nealiniere sau uzura componentelor. Verific\u0103rile regulate de \u00eentre\u021binere pot ajuta la identificarea acestor probleme.<\/li>\n<\/ul>\n<h2>Sfaturi de depanare<\/h2>\n<p>Pentru a diagnostica \u0219i rezolva eficient problemele, operatorii ar trebui s\u0103 se familiarizeze cu caracteristicile opera\u021bionale ale ma\u0219inii. Monitorizarea regulat\u0103 poate ajuta la identificarea tiparelor \u0219i a modific\u0103rilor care indic\u0103 probleme. Implementa\u021bi m\u0103suri preventive, cum ar fi \u00eentre\u021binerea \u0219i inspec\u021biile de rutin\u0103, pentru a minimiza riscul de defec\u021biuni \u0219i a prelungi durata de via\u021b\u0103 a cilindrului bra\u021bului.<\/p>\n<p><img decoding=\"async\" src=\"https:\/\/www.hydraulic-cylinders.net\/wp-content\/uploads\/2025\/04\/songte-bushings-with-all-kinds-of-excavator-models.webp\" alt=\"Buc\u0219e cu imaginea modelelor de excavatoare\"><\/p>\n<h2>Prezentare general\u0103 a companiei<\/h2>\n<p>Suntem un produc\u0103tor important de cilindri hidraulici de schimb, oferind o gam\u0103 larg\u0103 de produse at\u00e2t pentru pie\u021bele interne, c\u00e2t \u0219i pentru cele interna\u021bionale. Angajamentul nostru fa\u021b\u0103 de excelen\u021b\u0103 este subliniat de strategia noastr\u0103 rafinat\u0103 de fabrica\u021bie \u0219i de tehnologia de ultim\u0103 genera\u021bie. Investim continuu \u00een personal calificat, echipamente de fabrica\u021bie de precizie \u0219i sisteme de testare specializate pentru a ne \u00eembun\u0103t\u0103\u021bi capacit\u0103\u021bile de produc\u021bie.<\/p>\n<p>Concentrarea noastr\u0103 pe eficien\u021b\u0103 ridicat\u0103, precizie \u0219i calitate ne permite s\u0103 satisfacem eficient diversele nevoi ale clien\u021bilor. Cu dedicarea de a oferi servicii personalizate \u0219i de a men\u021bine certific\u0103ri interna\u021bionale, ne asigur\u0103m c\u0103 produsele noastre pot rezista standardelor riguroase din industrie.<\/p>\n<p><img decoding=\"async\" src=\"https:\/\/www.hydraulic-cylinders.net\/wp-content\/uploads\/2025\/04\/songte-company-4.webp\" alt=\"Imaginea companiei 1\"><br \/>\n<img decoding=\"async\" src=\"https:\/\/www.hydraulic-cylinders.net\/wp-content\/uploads\/2025\/04\/songte-company-3.webp\" alt=\"Imaginea companiei 2\"><\/p>\n<p>Autor: lyl<\/p>","protected":false},"excerpt":{"rendered":"<p>Boom Cylinder For Atlas 7808LC Introduction to Boom Cylinder The Boom Cylinder is a vital component in hydraulic systems, specifically designed for controlling the movement of the bucket in various heavy machinery such as excavators, backhoe loaders, and front loaders. This hydraulic cylinder allows the bucket to raise, lower, and tilt, facilitating efficient material handling [&hellip;]<\/p>","protected":false},"featured_media":17876,"comment_status":"open","ping_status":"closed","template":"","meta":{"_et_pb_use_builder":"","_et_pb_old_content":"","_et_gb_content_width":""},"product_brand":[],"product_cat":[1546],"product_tag":[1547,1496],"class_list":{"0":"post-19643","1":"product","2":"type-product","3":"status-publish","4":"has-post-thumbnail","6":"product_cat-boom-cylinders","7":"product_tag-boom-cylinders","8":"product_tag-hydraulic-cylinders","10":"first","11":"instock","12":"shipping-taxable","13":"product-type-simple"},"amp_enabled":true,"_links":{"self":[{"href":"https:\/\/www.hydraulic-cylinders.net\/ro\/wp-json\/wp\/v2\/product\/19643","targetHints":{"allow":["GET"]}}],"collection":[{"href":"https:\/\/www.hydraulic-cylinders.net\/ro\/wp-json\/wp\/v2\/product"}],"about":[{"href":"https:\/\/www.hydraulic-cylinders.net\/ro\/wp-json\/wp\/v2\/types\/product"}],"replies":[{"embeddable":true,"href":"https:\/\/www.hydraulic-cylinders.net\/ro\/wp-json\/wp\/v2\/comments?post=19643"}],"wp:featuredmedia":[{"embeddable":true,"href":"https:\/\/www.hydraulic-cylinders.net\/ro\/wp-json\/wp\/v2\/media\/17876"}],"wp:attachment":[{"href":"https:\/\/www.hydraulic-cylinders.net\/ro\/wp-json\/wp\/v2\/media?parent=19643"}],"wp:term":[{"taxonomy":"product_brand","embeddable":true,"href":"https:\/\/www.hydraulic-cylinders.net\/ro\/wp-json\/wp\/v2\/product_brand?post=19643"},{"taxonomy":"product_cat","embeddable":true,"href":"https:\/\/www.hydraulic-cylinders.net\/ro\/wp-json\/wp\/v2\/product_cat?post=19643"},{"taxonomy":"product_tag","embeddable":true,"href":"https:\/\/www.hydraulic-cylinders.net\/ro\/wp-json\/wp\/v2\/product_tag?post=19643"}],"curies":[{"name":"wp","href":"https:\/\/api.w.org\/{rel}","templated":true}]}}