{"id":19648,"date":"2025-04-07T06:59:28","date_gmt":"2025-04-07T06:59:28","guid":{"rendered":"https:\/\/www.hydraulic-cylinders.net\/product\/boom-cylinder-for-bonny-wzyq42-6\/"},"modified":"2025-04-07T06:59:31","modified_gmt":"2025-04-07T06:59:31","slug":"boom-cylinder-for-bonny-wzyq42-6","status":"publish","type":"product","link":"https:\/\/www.hydraulic-cylinders.net\/ro\/produs\/boom-cylinder-for-bonny-wzyq42-6\/","title":{"rendered":"Cilindru bra\u021b pentru Bonny WZYQ42-6"},"content":{"rendered":"<h1>Cilindru bra\u021b pentru Bonny WZYQ42-6<\/h1>\n<h2>Introducere \u00een cilindrul bra\u021bului<\/h2>\n<p>Cilindrul bra\u021bului pentru Bonny WZYQ42-6 este o component\u0103 vital\u0103 \u00een sistemele hidraulice, special conceput pentru controlul mi\u0219c\u0103rii cupelor \u00een utilaje grele, cum ar fi excavatoarele, \u00eenc\u0103rc\u0103toarele cu buldoexcavatoare \u0219i \u00eenc\u0103rc\u0103toarele frontale. Acest cilindru hidraulic specializat permite ridicarea, cobor\u00e2rea \u0219i \u00eenclinarea cupei, facilit\u00e2nd sarcini eficiente de manipulare a materialelor. Cilindrul bra\u021bului func\u021bioneaz\u0103 sub presiune ridicat\u0103, asigur\u00e2nd mi\u0219c\u0103ri line \u0219i precise necesare pentru aplica\u021biile de excavare \u0219i \u00eenc\u0103rcare.<\/p>\n<p><img decoding=\"async\" src=\"https:\/\/www.hydraulic-cylinders.net\/wp-content\/uploads\/2025\/04\/songte-company-1.webp\" alt=\"Cilindru de bra\u021b\" \/><\/p>\n<h2>Caracteristicile cilindrului bra\u021bului<\/h2>\n<h3>Rezisten\u021b\u0103 \u0219i durabilitate ridicate<\/h3>\n<ul>\n<li>Construit din o\u021bel sau aluminiu de \u00eenalt\u0103 rezisten\u021b\u0103, capabil s\u0103 reziste la presiuni mari \u0219i sarcini grele.<\/li>\n<li>Conceput s\u0103 reziste la condi\u021bii dure de lucru, cu accent pe rezisten\u021ba la uzur\u0103 \u0219i la coroziune pentru a prelungi durata de via\u021b\u0103.<\/li>\n<\/ul>\n<h3>Func\u021bionare hidraulic\u0103 eficient\u0103<\/h3>\n<ul>\n<li>Utilizeaz\u0103 presiunea uleiului hidraulic pentru ac\u021biuni line de extensie \u0219i retragere, asigur\u00e2nd un r\u0103spuns rapid la comenzile de control.<\/li>\n<li>Ofer\u0103 o for\u021b\u0103 robust\u0103 de \u00eempingere \u0219i tragere, ideal\u0103 pentru manipularea obiectelor grele \u0219i sarcini opera\u021bionale complexe.<\/li>\n<\/ul>\n<h3>Diverse tipuri<\/h3>\n<ul>\n<li>Disponibil \u00een configura\u021bii cu ac\u021biune simpl\u0103 (utilizare hidraulic\u0103 \u00eentr-o singur\u0103 direc\u021bie) sau cu ac\u021biune dubl\u0103 (utilizare hidraulic\u0103 \u00een ambele direc\u021bii) pentru a satisface diverse nevoi opera\u021bionale.<\/li>\n<li>Unele modele au un design telescopic, permi\u021b\u00e2nd o extindere mai mare f\u0103r\u0103 a cre\u0219te dimensiunile exterioare, potrivit pentru aplica\u021bii cu spa\u021biu limitat.<\/li>\n<\/ul>\n<p>Produsele noastre sunt capabile s\u0103 \u00eenlocuiasc\u0103 perfect ace\u0219ti cilindri hidraulici.<\/p>\n<p><img decoding=\"async\" src=\"https:\/\/www.hydraulic-cylinders.net\/wp-content\/uploads\/2025\/04\/songte-cylinder-head-with-all-kinds-excavator-models.webp\" alt=\"Modele de cilindri hidraulici\" \/><\/p>\n<h2>Aplica\u021bii ale cilindrului bra\u021bului<\/h2>\n<h3>Echipamente de construc\u021bii<\/h3>\n<p>\u00cen excavatoare, cilindrii bra\u021bului sunt cruciali pentru s\u0103pare, \u00eenc\u0103rcare \u0219i mutarea p\u0103m\u00e2ntului sau a resturilor. Ace\u0219tia permit cupei s\u0103 p\u0103trund\u0103 eficient \u00een sol, facilit\u00e2nd procesul de excavare. \u00cen cazul \u00eenc\u0103rc\u0103toarelor excavatoare, cilindrul bra\u021bului ajut\u0103 at\u00e2t la opera\u021biunile de s\u0103pare, c\u00e2t \u0219i la cele de ridicare, permi\u021b\u00e2nd o func\u021bionalitate versatil\u0103 pe \u0219antierele de construc\u021bii.<\/p>\n<h3>Ma\u0219ini agricole<\/h3>\n<p>\u00cen \u00eenc\u0103rc\u0103toarele frontale, cilindrii bra\u021bului sunt esen\u021biali pentru scoaterea, ridicarea \u0219i transportul solului, f\u00e2nului \u0219i altor materiale. Ace\u0219ti cilindri asigur\u0103 func\u021bionarea eficient\u0103 a \u00eenc\u0103rc\u0103torului, maximiz\u00e2nd productivitatea \u00een aplica\u021biile agricole, furniz\u00e2nd for\u021ba hidraulic\u0103 necesar\u0103 pentru diverse sarcini.<\/p>\n<h3>Excavatoare<\/h3>\n<p>Cilindrul bra\u021bului excavatoarelor permite cupei s\u0103 p\u0103trund\u0103 \u00een sol, efectu\u00e2nd eficient ac\u021biuni de s\u0103pare. Aceast\u0103 capacitate o face un instrument indispensabil at\u00e2t \u00een \u200b\u200bproiectele de construc\u021bii, c\u00e2t \u0219i \u00een cele de demolare, asigur\u00e2nd c\u0103 excavatorul poate manipula cu u\u0219urin\u021b\u0103 o gam\u0103 larg\u0103 de materiale.<\/p>\n<h3>\u00cenc\u0103rc\u0103toare<\/h3>\n<p>\u00cen cazul \u00eenc\u0103rc\u0103toarelor frontale, cilindrii bra\u021bului ajut\u0103 la ridicarea \u0219i desc\u0103rcarea eficient\u0103 a \u00eenc\u0103rc\u0103turilor. Designul lor permite performan\u021be optime sub sarcini grele, asigur\u00e2nd c\u0103 materialele pot fi gestionate rapid \u0219i eficient, ceea ce este esen\u021bial \u00een mediile de construc\u021bii cu ritm rapid.<\/p>\n<h2>Considera\u021bii de proiectare \u0219i criterii de selec\u021bie<\/h2>\n<h3>Capacitate de \u00eenc\u0103rcare<\/h3>\n<p>Atunci c\u00e2nd se selecteaz\u0103 un cilindru pentru bra\u021b, \u00een\u021belegerea capacit\u0103\u021bii de \u00eenc\u0103rcare este esen\u021bial\u0103. Cilindrul trebuie s\u0103 poat\u0103 suporta sarcina maxim\u0103 anticipat\u0103 f\u0103r\u0103 riscul de defec\u021biune. Aceasta implic\u0103 evaluarea greut\u0103\u021bii materialelor mutate \u0219i a for\u021bei necesare pentru ridicarea acestora. O capacitate de \u00eenc\u0103rcare mai mare se traduce adesea printr-o siguran\u021b\u0103 \u0219i o fiabilitate sporite \u00een opera\u021biuni, \u00een special \u00een aplica\u021biile grele.<\/p>\n<h3>Mecanisme de etan\u0219are<\/h3>\n<p>Eficacitatea unui cilindru hidraulic este influen\u021bat\u0103 semnificativ de sistemele sale de etan\u0219are. Etan\u0219\u0103rile adecvate previn scurgerile de fluid hidraulic, ceea ce este vital pentru men\u021binerea presiunii \u0219i func\u021bionalit\u0103\u021bii. Alegerea materialelor pentru etan\u0219\u0103ri afecteaz\u0103, de asemenea, longevitatea \u0219i adaptabilitatea la diferite medii de lucru, deoarece etan\u0219\u0103rile de \u00eenalt\u0103 calitate pot rezista la uzur\u0103 \u0219i la factorii de mediu, asigur\u00e2nd performan\u021be constante \u00een timp.<\/p>\n<h3>Durabilitate<\/h3>\n<p>Durabilitatea este un factor critic \u00een proiectarea cilindrilor bra\u021bului. Ace\u0219tia trebuie s\u0103 fie suficient de robusti pentru a rezista la condi\u021bii dure de lucru f\u0103r\u0103 a se degrada. Aceasta include rezisten\u021ba la uzur\u0103, coroziune \u0219i oboseal\u0103, care pot ap\u0103rea din utilizarea repetat\u0103 sub presiune. Procesul de fabrica\u021bie ar trebui s\u0103 includ\u0103 materiale \u0219i tehnici care sporesc durabilitatea, asigur\u00e2nd c\u0103 cilindrul func\u021bioneaz\u0103 optim pe toat\u0103 durata sa de via\u021b\u0103.<\/p>\n<h3>Caracteristici de siguran\u021b\u0103<\/h3>\n<p>Incorporarea caracteristicilor de siguran\u021b\u0103 \u00een proiectarea cilindrilor hidraulici este esen\u021bial\u0103. Aceasta include mecanisme de protec\u021bie la suprasarcin\u0103 care \u00eempiedic\u0103 supunerea cilindrului la for\u021be care dep\u0103\u0219esc capacitatea sa, ceea ce ar putea duce la defec\u021biuni catastrofale. M\u0103surile de siguran\u021b\u0103 ar trebui s\u0103 includ\u0103 \u0219i supape de suprapresiune pentru a gestiona condi\u021biile de presiune excesiv\u0103, asigur\u00e2ndu-se c\u0103 operatorii pot lucra cu \u00eencredere, f\u0103r\u0103 riscuri excesive.<\/p>\n<h3>\u00centre\u021binere \u0219i service<\/h3>\n<p>\u00centre\u021binerea u\u0219oar\u0103 \u0219i func\u021bionalitatea sunt aspecte vitale atunci c\u00e2nd se alege un cilindru pentru bra\u021b. Designul ar trebui s\u0103 permit\u0103 inspec\u021bia \u0219i \u00eenlocuirea simpl\u0103 a pieselor, inclusiv a garniturilor \u0219i a altor componente interne. Protocoalele de \u00eentre\u021binere regulat\u0103 ar trebui s\u0103 fie u\u0219or de urmat, permi\u021b\u00e2nd operatorilor s\u0103 efectueze verific\u0103ri \u0219i repara\u021bii f\u0103r\u0103 perioade extinse de nefunc\u021bionare, sporind astfel eficien\u021ba opera\u021bional\u0103 general\u0103.<\/p>\n<p><img decoding=\"async\" src=\"https:\/\/www.hydraulic-cylinders.net\/wp-content\/uploads\/2025\/04\/songte-oil-pipes-and-spare-parts.webp\" alt=\"Conducte de petrol \u0219i piese de schimb\" \/><\/p>\n<h2>Etan\u0219are \u0219i lubrifiere<\/h2>\n<p>Etan\u0219area \u0219i lubrifierea eficiente sunt cruciale pentru longevitatea \u0219i performan\u021ba cilindrilor hidraulici. Diverse elemente de etan\u0219are, cum ar fi etan\u0219\u0103rile pistonului \u0219i etan\u0219\u0103rile tijei, sunt utilizate pentru a preveni scurgerile de fluid \u0219i a men\u021bine presiunea. Etan\u0219\u0103rile sunt adesea fabricate din materiale durabile, cum ar fi poliuretanul \u0219i cauciucul nitrilic, care ofer\u0103 o rezisten\u021b\u0103 excelent\u0103 la uzur\u0103. \u00cen plus, corpul cilindrului \u0219i suprafe\u021bele filetate ale cap\u0103tului sunt supuse unor prelucr\u0103ri de precizie pentru a spori durabilitatea.<\/p>\n<p>Lubrifierea regulat\u0103 cu ulei hidraulic este esen\u021bial\u0103 pentru a reduce frecarea \u0219i uzura pieselor mobile. Aceast\u0103 lubrifiere trebuie monitorizat\u0103 \u0219i completat\u0103 periodic pentru a asigura performan\u021be optime. Lipsa lubrifierii adecvate poate duce la o uzur\u0103 crescut\u0103 \u0219i la defec\u021biuni poten\u021bial catastrofale ale cilindrului.<\/p>\n<h2>M\u0103suri de \u00eentre\u021binere preventiv\u0103<\/h2>\n<ul>\n<li><strong>Inspec\u021bii regulate:<\/strong> Verific\u0103rile regulate pentru scurgeri, uzur\u0103 \u0219i deteriorare pot preveni transformarea unor probleme minore \u00een probleme majore. Inspecta\u021bi garniturile \u0219i asigura\u021bi-v\u0103 c\u0103 liniile hidraulice sunt \u00een stare bun\u0103.<\/li>\n<li><strong>Lubrifiere:<\/strong> Lubrifierea constant\u0103 a cilindrului va asigura o func\u021bionare lin\u0103 \u0219i va reduce uzura componentelor interne. Aceasta trebuie f\u0103cut\u0103 conform recomand\u0103rilor produc\u0103torului.<\/li>\n<li><strong>\u00cenlocuirea garniturii:<\/strong> \u00cen timp, garniturile se pot degrada \u0219i necesit\u0103 \u00eenlocuire pentru a men\u021bine integritatea sistemului hidraulic. Verifica\u021bi periodic garniturile \u0219i \u00eenlocui\u021bi-le dup\u0103 cum este necesar pentru a preveni scurgerile.<\/li>\n<\/ul>\n<h2>Instruc\u021biuni de instalare<\/h2>\n<p>Instalarea corect\u0103 a cilindrului bra\u021bului este esen\u021bial\u0103 pentru o performan\u021b\u0103 optim\u0103. \u00cencepe\u021bi prin a v\u0103 asigura c\u0103 toate suprafe\u021bele de montare sunt curate \u0219i f\u0103r\u0103 resturi. Folosi\u021bi unelte de aliniere adecvate pentru a v\u0103 asigura c\u0103 cilindrul este aliniat corect cu punctele de montare. Suporturile de instalare recomandate trebuie utilizate pentru a fixa cilindrul \u00een pozi\u021bie, prevenind orice nealiniere \u00een timpul func\u021bion\u0103rii.<\/p>\n<p>Regla\u021bi conexiunile hidraulice, asigur\u00e2ndu-v\u0103 c\u0103 toate fitingurile sunt str\u00e2nse \u0219i nu prezint\u0103 scurgeri. Dup\u0103 instalare, efectua\u021bi o inspec\u021bie am\u0103nun\u021bit\u0103 pentru a confirma c\u0103 totul este pozi\u021bionat \u0219i conectat corect. Este recomandabil s\u0103 efectua\u021bi o prob\u0103 de func\u021bionare la presiune sc\u0103zut\u0103 pentru a verifica dac\u0103 exist\u0103 scurgeri \u0219i probleme de func\u021bionare \u00eenainte de a trece la sarcini opera\u021bionale complete.<\/p>\n<h2>Sarcini comune de \u00eentre\u021binere<\/h2>\n<h3>Inspec\u021bii regulate<\/h3>\n<p>Efectuarea inspec\u021biilor regulate este crucial\u0103 pentru a asigura func\u021bionarea corect\u0103 a cilindrului hidraulic. C\u0103uta\u021bi semne de uzur\u0103, cum ar fi fisuri sau coroziune, \u0219i evalua\u021bi starea garniturilor pentru a depista orice semne de scurgeri. Depistarea timpurie a problemelor poate preveni repara\u021bii costisitoare \u0219i timpi de nefunc\u021bionare.<\/p>\n<h3>Lubrifiere adecvat\u0103<\/h3>\n<p>Asigura\u021bi-v\u0103 c\u0103 cilindrul hidraulic este lubrifiat corespunz\u0103tor pentru a facilita o func\u021bionare lin\u0103. Utilizarea tipului \u0219i cantit\u0103\u021bii corecte de fluid hidraulic prelunge\u0219te durata de via\u021b\u0103 a cilindrului \u0219i previne uzura excesiv\u0103. Verifica\u021bi periodic nivelurile de fluid \u0219i completa\u021bi dup\u0103 cum este necesar pentru a men\u021bine performan\u021be optime.<\/p>\n<h3>\u00cenlocuirea garniturii \u0219i verific\u0103ri ale calibr\u0103rii<\/h3>\n<p>Garniturile sunt componente critice care trebuie \u00eenlocuite periodic. Inspecta\u021bi periodic garniturile pentru uzur\u0103 \u0219i \u00eenlocui\u021bi-le prompt pentru a preveni scurgerile. Verific\u0103rile de calibrare asigur\u0103 c\u0103 cilindrul func\u021bioneaz\u0103 \u00een parametrii specifica\u021bi, contribuind la o func\u021bionare sigur\u0103 \u0219i eficient\u0103.<\/p>\n<p><img decoding=\"async\" src=\"https:\/\/www.hydraulic-cylinders.net\/wp-content\/uploads\/2025\/04\/songte-chushion-collar.webp\" alt=\"Guler de pern\u0103\" \/><\/p>\n<h2>Considera\u021bii de siguran\u021b\u0103 \u0219i factori de mediu<\/h2>\n<p>Atunci c\u00e2nd se lucreaz\u0103 cu cilindri hidraulici, este esen\u021bial s\u0103 se acorde prioritate m\u0103surilor de siguran\u021b\u0103. Operatorii trebuie s\u0103 fie instrui\u021bi pentru a \u00een\u021belege pericolele poten\u021biale asociate cu sistemele hidraulice, inclusiv riscurile scurgerilor de fluide la presiune \u00eenalt\u0103. Echipamentul individual de protec\u021bie (EIP) adecvat trebuie purtat \u00een permanen\u021b\u0103 pentru a minimiza riscurile de accidentare. \u00cen plus, trebuie luate \u00een considerare considera\u021biile de mediu, cum ar fi eliminarea corect\u0103 a fluidelor hidraulice \u0219i men\u021binerea cur\u0103\u021beniei \u00een zonele de lucru pentru a preveni scurgerile.<\/p>\n<h2>Depanare \u0219i probleme frecvente<\/h2>\n<ul>\n<li><strong>Scurgere:<\/strong> Una dintre cele mai frecvente probleme este scurgerea, adesea cauzat\u0103 de garnituri uzate sau fitinguri deteriorate. Dac\u0103 se detecteaz\u0103 o scurgere, inspecta\u021bi garniturile \u0219i \u00eenlocui\u021bi-le dup\u0103 cum este necesar.<\/li>\n<li><strong>Performan\u021b\u0103 redus\u0103:<\/strong> Dac\u0103 cilindrul hidraulic nu func\u021bioneaz\u0103 corect, acest lucru se poate datora unei lubrifieri insuficiente sau a aerului blocat \u00een sistemul hidraulic. Asigura\u021bi nivelurile corecte de lichid \u0219i elimina\u021bi aerul din sistem.<\/li>\n<li><strong>Zgomote neobi\u0219nuite:<\/strong> Zgomotele precum sc\u00e2r\u021b\u00e2itul sau scr\u00e2\u0219netul pot indica deterior\u0103ri interne sau lips\u0103 de lubrifiere. Verifica\u021bi cilindrul pentru uzur\u0103 \u0219i asigura\u021bi-v\u0103 c\u0103 lubrifierea este adecvat\u0103.<\/li>\n<\/ul>\n<h2>Sfaturi de depanare<\/h2>\n<p>Pentru a diagnostica \u0219i rezolva eficient problemele, \u00eencepe\u021bi prin a verifica nivelurile de lichid \u0219i a v\u0103 asigura c\u0103 nu exist\u0103 scurgeri \u00een sistemul hidraulic. Trebuie respectate practici regulate de \u00eentre\u021binere pentru a preveni apari\u021bia problemelor. De asemenea, operatorii ar trebui s\u0103 fie familiariza\u021bi cu simptomele poten\u021bialelor probleme \u0219i s\u0103 ac\u021bioneze rapid pentru a le remedia.<\/p>\n<p>Implementarea unor m\u0103suri preventive, cum ar fi inspec\u021biile regulate \u0219i \u00eentre\u021binerea la timp, poate reduce semnificativ probabilitatea apari\u021biei problemelor \u0219i poate prelungi durata de via\u021b\u0103 total\u0103 a cilindrului hidraulic.<\/p>\n<p><img decoding=\"async\" src=\"https:\/\/www.hydraulic-cylinders.net\/wp-content\/uploads\/2025\/04\/songte-bushings-with-all-kinds-of-excavator-models.webp\" alt=\"Buc\u0219e pentru modele de excavatoare\" \/><\/p>\n<h2>Despre compania noastr\u0103<\/h2>\n<p>Suntem produc\u0103tori de cilindri hidraulici de schimb, oferind o gam\u0103 complet\u0103 de produse \u0219i devenind unul dintre principalii produc\u0103tori \u0219i angrosi\u0219ti \u200b\u200bat\u00e2t pe pie\u021bele interne, c\u00e2t \u0219i interna\u021bionale. Prioritiz\u0103m calitatea excep\u021bional\u0103, utiliz\u00e2nd o strategie de fabrica\u021bie rafinat\u0103 care combin\u0103 tehnologie de v\u00e2rf \u00een industrie, personal calificat \u0219i un sistem robust de inspec\u021bie.<\/p>\n<p>Facilit\u0103\u021bile noastre sunt dotate cu echipamente digitale avansate de fabrica\u021bie, sporind eficien\u021ba \u0219i precizia produc\u021biei. \u00cembun\u0103t\u0103\u021bim continuu platforma noastr\u0103 de fabrica\u021bie pentru a asigura rute de produc\u021bie de \u00eenalt\u0103 calitate, satisf\u0103c\u00e2nd astfel diversele nevoi ale clien\u021bilor.<\/p>\n<p>Angajamentul nostru fa\u021b\u0103 de profesionalism este subliniat de certific\u0103rile noastre interna\u021bionale, serviciile personalizate adaptate specifica\u021biilor clien\u021bilor \u0219i investi\u021biile continue \u00een echipamente de produc\u021bie de ultim\u0103 genera\u021bie. Serviciul nostru dedicat post-v\u00e2nzare garanteaz\u0103 c\u0103 clien\u021bii primesc asisten\u021b\u0103 continu\u0103 chiar \u0219i dup\u0103 achizi\u021bie.<\/p>\n<p><img decoding=\"async\" src=\"https:\/\/www.hydraulic-cylinders.net\/wp-content\/uploads\/2025\/04\/songte-company-4.webp\" alt=\"Imaginea companiei 1\" \/><br \/>\n<img decoding=\"async\" src=\"https:\/\/www.hydraulic-cylinders.net\/wp-content\/uploads\/2025\/04\/songte-company-3.webp\" alt=\"Imaginea companiei 2\" \/><\/p>\n<p>Autor lyl.<\/p>","protected":false},"excerpt":{"rendered":"<p>Boom Cylinder For Bonny WZYQ42-6 Introduction to Boom Cylinder The Boom Cylinder for Bonny WZYQ42-6 is a vital component in hydraulic systems, specifically designed for controlling the movement of buckets in heavy machinery such as excavators, backhoe loaders, and front loaders. This specialized hydraulic cylinder allows for the lifting, lowering, and tilting of the bucket, [&hellip;]<\/p>","protected":false},"featured_media":17881,"comment_status":"open","ping_status":"closed","template":"","meta":{"_et_pb_use_builder":"","_et_pb_old_content":"","_et_gb_content_width":""},"product_brand":[],"product_cat":[1546],"product_tag":[1547,1496],"class_list":{"0":"post-19648","1":"product","2":"type-product","3":"status-publish","4":"has-post-thumbnail","6":"product_cat-boom-cylinders","7":"product_tag-boom-cylinders","8":"product_tag-hydraulic-cylinders","10":"first","11":"instock","12":"shipping-taxable","13":"product-type-simple"},"amp_enabled":true,"_links":{"self":[{"href":"https:\/\/www.hydraulic-cylinders.net\/ro\/wp-json\/wp\/v2\/product\/19648","targetHints":{"allow":["GET"]}}],"collection":[{"href":"https:\/\/www.hydraulic-cylinders.net\/ro\/wp-json\/wp\/v2\/product"}],"about":[{"href":"https:\/\/www.hydraulic-cylinders.net\/ro\/wp-json\/wp\/v2\/types\/product"}],"replies":[{"embeddable":true,"href":"https:\/\/www.hydraulic-cylinders.net\/ro\/wp-json\/wp\/v2\/comments?post=19648"}],"wp:featuredmedia":[{"embeddable":true,"href":"https:\/\/www.hydraulic-cylinders.net\/ro\/wp-json\/wp\/v2\/media\/17881"}],"wp:attachment":[{"href":"https:\/\/www.hydraulic-cylinders.net\/ro\/wp-json\/wp\/v2\/media?parent=19648"}],"wp:term":[{"taxonomy":"product_brand","embeddable":true,"href":"https:\/\/www.hydraulic-cylinders.net\/ro\/wp-json\/wp\/v2\/product_brand?post=19648"},{"taxonomy":"product_cat","embeddable":true,"href":"https:\/\/www.hydraulic-cylinders.net\/ro\/wp-json\/wp\/v2\/product_cat?post=19648"},{"taxonomy":"product_tag","embeddable":true,"href":"https:\/\/www.hydraulic-cylinders.net\/ro\/wp-json\/wp\/v2\/product_tag?post=19648"}],"curies":[{"name":"wp","href":"https:\/\/api.w.org\/{rel}","templated":true}]}}