{"id":19651,"date":"2025-04-07T06:59:37","date_gmt":"2025-04-07T06:59:37","guid":{"rendered":"https:\/\/www.hydraulic-cylinders.net\/product\/boom-cylinder-for-bonny-wy160ahd\/"},"modified":"2025-04-07T06:59:40","modified_gmt":"2025-04-07T06:59:40","slug":"boom-cylinder-for-bonny-wy160ahd","status":"publish","type":"product","link":"https:\/\/www.hydraulic-cylinders.net\/ro\/produs\/boom-cylinder-for-bonny-wy160ahd\/","title":{"rendered":"Cilindru bra\u021b pentru Bonny WY160AHD"},"content":{"rendered":"<h1>Cilindru bra\u021b pentru Bonny WY160AHD<\/h1>\n<h2>Prezentare general\u0103 a produsului<\/h2>\n<p>Cilindrul bra\u021bului pentru Bonny WY160AHD este un cilindru hidraulic specializat, conceput pentru a controla mi\u0219carea bra\u021bului \u00een diverse utilaje grele, cum ar fi excavatoare, \u00eenc\u0103rc\u0103toare frontale \u0219i \u00eenc\u0103rc\u0103toare. Ace\u0219ti cilindri permit ridicarea, cobor\u00e2rea \u0219i \u00eenclinarea bra\u021bului, facilit\u00e2nd sarcinile de manipulare a materialelor cu u\u0219urin\u021b\u0103 \u0219i precizie. Cilindrul cupei joac\u0103 un rol esen\u021bial \u00een sistemele hidraulice, oferind for\u021ba \u0219i controlul necesare pentru o func\u021bionare eficient\u0103 \u00een medii solicitante.<\/p>\n<p><img decoding=\"async\" src=\"https:\/\/www.hydraulic-cylinders.net\/wp-content\/uploads\/2025\/04\/songte-company-1.webp\" alt=\"Cilindru bra\u021b pentru Bonny WY160AHD\"><\/p>\n<h3>Defini\u021bie \u0219i func\u021bionalitate<\/h3>\n<p>Cilindrul cupei este un tip de cilindru hidraulic special conceput pentru a gestiona ac\u021biunile cupei asupra utilajelor grele. \u00cen excavatoare, acesta permite s\u0103parea, ridicarea \u0219i \u00eenclinarea precis\u0103 a cupei pentru a permite excavarea \u0219i transportul eficient al materialelor. Designul acestor cilindri ia \u00een considerare, de obicei, durabilitatea \u0219i fiabilitatea ridicate, asigur\u00e2nd performan\u021be optime \u00een condi\u021bii de presiune ridicat\u0103.<\/p>\n<h2>Caracteristicile cilindrului bra\u021bului<\/h2>\n<ul>\n<li><strong>Rezisten\u021b\u0103 \u0219i durabilitate ridicate:<\/strong> Fabrica\u021bi din o\u021bel sau aluminiu de \u00eenalt\u0103 rezisten\u021b\u0103, ace\u0219ti cilindri pot rezista la presiuni ridicate \u0219i sarcini grele, ceea ce \u00eei face potrivi\u021bi pentru medii de lucru dure. Designul lor ia \u00een considerare rezisten\u021ba la uzur\u0103 \u0219i protec\u021bia \u00eempotriva coroziunii pentru a le prelungi durata de via\u021b\u0103.<\/li>\n<li><strong>Func\u021bionare hidraulic\u0103 eficient\u0103:<\/strong> Utiliz\u00e2nd presiunea uleiului hidraulic pentru o extensie \u0219i retragere lin\u0103, ace\u0219ti cilindri r\u0103spund rapid la comenzile de control, oferind o for\u021b\u0103 semnificativ\u0103 de \u00eempingere \u0219i tragere, ideal\u0103 pentru gestionarea sarcinilor grele \u0219i complexe.<\/li>\n<li><strong>Diverse tipuri:<\/strong> Op\u021biunile includ cilindri cu ac\u021biune simpl\u0103 (func\u021bioneaz\u0103 \u00eentr-o singur\u0103 direc\u021bie) \u0219i cu ac\u021biune dubl\u0103 (func\u021bioneaz\u0103 \u00een ambele direc\u021bii), care r\u0103spund diverselor cerin\u021be opera\u021bionale. Unele modele sunt telescopice, permi\u021b\u00e2nd o extensie mai mare f\u0103r\u0103 a cre\u0219te dimensiunile exterioare, potrivite pentru aplica\u021bii cu spa\u021biu limitat.<\/li>\n<li><strong>Solu\u021bii personalizabile:<\/strong> Capacit\u0103\u021bile noastre de produc\u021bie ne permit s\u0103 producem cilindri care \u00eenlocuiesc perfect cilindrii hidraulici existen\u021bi, asigur\u00e2nd o integrare perfect\u0103 \u00een echipamentul dumneavoastr\u0103.<\/li>\n<li><strong>Design robust:<\/strong> Proiectarea acestor cilindri ia \u00een considerare factori precum capacitatea de \u00eenc\u0103rcare, etan\u0219area, durabilitatea, siguran\u021ba \u0219i mentenan\u021ba, asigur\u00e2nd performan\u021be fiabile \u00een toate aplica\u021biile.<\/li>\n<\/ul>\n<p><img decoding=\"async\" src=\"https:\/\/www.hydraulic-cylinders.net\/wp-content\/uploads\/2025\/04\/songte-cylinder-head-with-all-kinds-excavator-models.webp\" alt=\"Chiulas\u0103 pentru excavatoare\"><\/p>\n<h2>Aplica\u021bii ale cilindrului bra\u021bului<\/h2>\n<h3>Echipamente de construc\u021bii<\/h3>\n<p>\u00cen excavatoare, cilindrii bra\u021bului sunt esen\u021biali pentru s\u0103pare, \u00eenc\u0103rcare \u0219i mutarea solului sau a resturilor. Ace\u0219tia ofer\u0103 for\u021ba necesar\u0103 pentru a manipula eficient bra\u021bul, permi\u021b\u00e2nd operatorilor s\u0103 efectueze o serie de sarcini cu precizie. Capacitatea bra\u021bului de a ridica sarcini grele este crucial\u0103 \u00een proiectele de construc\u021bii, asigur\u00e2nd eficien\u021ba \u0219i productivitatea.<\/p>\n<h3>Ma\u0219ini agricole<\/h3>\n<p>Utiliza\u021bi \u00een \u00eenc\u0103rc\u0103toarele frontale, cilindrii bra\u021bului faciliteaz\u0103 \u00eenc\u0103rcarea, ridicarea \u0219i transportul materialelor precum solul \u0219i f\u00e2nul. Construc\u021bia lor robust\u0103 asigur\u0103 o func\u021bionare fiabil\u0103 \u00een diverse sarcini agricole, sporind semnificativ productivitatea fermelor.<\/p>\n<h3>Excavatoare<\/h3>\n<p>\u00cen excavatoare, cilindrii bra\u021bului permit ac\u021biunile de s\u0103pare permi\u021b\u00e2nd cupei s\u0103 p\u0103trund\u0103 \u00een sol. Designul lor maximizeaz\u0103 eficien\u021ba hidraulic\u0103, oferind puterea necesar\u0103 pentru excavarea eficient\u0103 a materialelor, \u00eembun\u0103t\u0103\u021bind astfel performan\u021ba general\u0103 a utilajelor.<\/p>\n<h3>\u00cenc\u0103rc\u0103toare<\/h3>\n<p>\u00cen cazul \u00eenc\u0103rc\u0103toarelor frontale, cilindrii bra\u021bului ajut\u0103 la ridicarea \u0219i desc\u0103rcarea eficient\u0103 a \u00eenc\u0103rc\u0103turilor. Capacitatea lor de a manipula materiale grele \u00eei face vitali \u00een construc\u021bii \u0219i manipularea materialelor, asigur\u00e2nd finalizarea rapid\u0103 \u0219i eficient\u0103 a sarcinilor.<\/p>\n<h2>Considera\u021bii de proiectare \u0219i criterii de selec\u021bie<\/h2>\n<h3>Capacitate de \u00eenc\u0103rcare<\/h3>\n<p>Atunci c\u00e2nd se selecteaz\u0103 un cilindru pentru bra\u021b, capacitatea de \u00eenc\u0103rcare este un aspect critic. Cilindrul trebuie s\u0103 poat\u0103 suporta sarcina maxim\u0103 pe care o va \u00eent\u00e2mpina utilajul. Acest lucru necesit\u0103 o proiectare atent\u0103 pentru a se asigura c\u0103 materialele utilizate pot rezista for\u021belor aplicate \u00een timpul func\u021bion\u0103rii f\u0103r\u0103 deform\u0103ri sau defec\u021biuni.<\/p>\n<h3>Sigilare<\/h3>\n<p>Etan\u0219area este un alt factor esen\u021bial. Garniturile eficiente previn scurgerile de fluid hidraulic \u0219i contaminarea, care pot compromite performan\u021ba \u0219i siguran\u021ba. Garniturile de \u00eenalt\u0103 calitate, fabricate din materiale precum poliuretanul sau cauciucul nitrilic, sunt cruciale pentru men\u021binerea integrit\u0103\u021bii sistemului hidraulic.<\/p>\n<h3>Durabilitate<\/h3>\n<p>Durabilitatea cilindrului bra\u021bului este vital\u0103, \u00een special \u00een medii dificile. Acesta ar trebui s\u0103 reziste uzurii cauzate de utilizarea constant\u0103 \u0219i expunerea la condi\u021bii dure. Aceasta include abraziunea cauzat\u0103 de murd\u0103rie \u0219i resturi, precum \u0219i coroziunea cauzat\u0103 de umiditate \u0219i substan\u021be chimice.<\/p>\n<h3>Siguran\u0163\u0103<\/h3>\n<p>Caracteristicile de siguran\u021b\u0103 trebuie integrate \u00een proiectarea cilindrilor bra\u021bului pentru a preveni accidentele. Acestea includ mecanisme de protec\u021bie la suprasarcin\u0103 \u0219i supape de siguran\u021b\u0103 care pot \u00eempiedica sistemul s\u0103 dep\u0103\u0219easc\u0103 limitele de func\u021bionare sigure, asigur\u00e2nd at\u00e2t siguran\u021ba operatorului, c\u00e2t \u0219i longevitatea echipamentelor.<\/p>\n<h3>Mentenabilitate<\/h3>\n<p>\u00cen cele din urm\u0103, u\u0219urin\u021ba \u00eentre\u021binerii este o considera\u021bie important\u0103. Un design care simplific\u0103 inspec\u021biile, lubrifierea \u0219i \u00eenlocuirea garniturilor va duce la reducerea timpilor de nefunc\u021bionare \u0219i a costurilor de \u00eentre\u021binere. Produc\u0103torii ar trebui s\u0103 acorde prioritate designurilor care permit accesul facil la componentele critice.<\/p>\n<p><img decoding=\"async\" src=\"https:\/\/www.hydraulic-cylinders.net\/wp-content\/uploads\/2025\/04\/songte-oil-pipes-and-spare-parts.webp\" alt=\"Componente hidraulice\"><\/p>\n<h2>Etan\u0219are \u0219i lubrifiere<\/h2>\n<p>Eficacitatea cilindrilor bra\u021bului depinde \u00een mare m\u0103sur\u0103 de o etan\u0219are \u0219i lubrifiere corespunz\u0103toare. Diverse componente de etan\u0219are, cum ar fi etan\u0219\u0103rile pistonului \u0219i etan\u0219\u0103rile tijei, sunt cruciale pentru men\u021binerea presiunii hidraulice \u0219i prevenirea scurgerilor. Garniturile sunt de obicei fabricate din materiale rezistente la uzur\u0103, cum ar fi poliuretanul sau cauciucul nitrilic, care ofer\u0103 o durabilitate excelent\u0103 \u00een condi\u021biile dure de func\u021bionare cu care se confrunt\u0103 adesea cilindrii hidraulici. \u00cen plus, suprafe\u021bele corpului cilindrului \u0219i capetele filetate sunt prelucrate fin pentru a spori rezisten\u021ba la uzur\u0103, contribuind la fiabilitatea general\u0103 a cilindrului.<\/p>\n<p>Lubrifierea regulat\u0103 este, de asemenea, esen\u021bial\u0103. Operatorilor li se recomand\u0103 s\u0103 umple periodic sistemul hidraulic cu uleiul hidraulic corespunz\u0103tor pentru a se asigura c\u0103 toate piesele mobile func\u021bioneaz\u0103 f\u0103r\u0103 probleme \u0219i pentru a minimiza frecarea. Aceast\u0103 practic\u0103 prelunge\u0219te durata de via\u021b\u0103 a cilindrului \u0219i men\u021bine performan\u021ba optim\u0103.<\/p>\n<h2>M\u0103suri de \u00eentre\u021binere preventiv\u0103<\/h2>\n<ul>\n<li><strong>Inspec\u021bii regulate:<\/strong> Programa\u021bi inspec\u021bii frecvente pentru a identifica orice semne de uzur\u0103, scurgeri sau deteriorare. Depistarea timpurie a problemelor poate preveni apari\u021bia unor probleme mai semnificative.<\/li>\n<li><strong>Lubrifiere adecvat\u0103:<\/strong> Asigura\u021bi-v\u0103 c\u0103 nivelurile fluidului hidraulic sunt men\u021binute \u0219i c\u0103 sistemul este lubrifiat periodic pentru a reduce frecarea \u0219i uzura pieselor mobile.<\/li>\n<li><strong>\u00cenlocuirea garniturii:<\/strong> Monitoriza\u021bi starea garniturilor de etan\u0219are \u0219i \u00eenlocui\u021bi-le dup\u0103 cum este necesar pentru a preveni scurgerile \u0219i a men\u021bine eficien\u021ba hidraulic\u0103.<\/li>\n<\/ul>\n<h2>Instruc\u021biuni de instalare<\/h2>\n<p>Instalarea corect\u0103 a cilindrului bra\u021bului este crucial\u0103 pentru func\u021bionare optim\u0103 \u0219i longevitate. \u00cencepe\u021bi prin a v\u0103 asigura c\u0103 punctele de montare de pe utilaj sunt curate \u0219i f\u0103r\u0103 resturi. Alinia\u021bi cilindrul cu aten\u021bie, av\u00e2nd grij\u0103 s\u0103 fie drept pentru a preveni orice nealiniere care ar putea duce la uzur\u0103 prematur\u0103 sau defec\u021biuni. Utiliza\u021bi console de montare adecvate pentru a fixa cilindrul \u00een pozi\u021bie, asigur\u00e2nd o fixare ferm\u0103.<\/p>\n<p>Consulta\u021bi \u00eentotdeauna specifica\u021biile produc\u0103torului pentru set\u0103rile de cuplu \u0219i orice cerin\u021be unice de instalare. Dup\u0103 instalare, efectua\u021bi teste pentru a confirma c\u0103 cilindrul func\u021bioneaz\u0103 f\u0103r\u0103 probleme \u0219i f\u0103r\u0103 scurgeri. \u00cen cele din urm\u0103, documenta\u021bi procesul de instalare \u0219i orice modific\u0103ri efectuate pentru referin\u021be ulterioare.<\/p>\n<h2>Sarcini comune de \u00eentre\u021binere<\/h2>\n<h3>Inspec\u021bii regulate<\/h3>\n<p>Efectuarea inspec\u021biilor regulate este vital\u0103 pentru identificarea problemelor poten\u021biale \u00eenainte ca acestea s\u0103 devin\u0103 grave. C\u0103uta\u021bi semne de uzur\u0103, cum ar fi fisuri sau deform\u0103ri ale cilindrului, \u0219i verifica\u021bi nivelurile fluidului hidraulic pentru a v\u0103 asigura c\u0103 se \u00eencadreaz\u0103 \u00een intervalul recomandat. Inspec\u021biile trebuie programate la intervale regulate pentru a men\u021bine integritatea \u0219i performan\u021ba cilindrului bra\u021bului.<\/p>\n<h3>Lubrifiere adecvat\u0103<\/h3>\n<p>Lubrifierea corespunz\u0103toare este esen\u021bial\u0103 pentru prelungirea duratei de via\u021b\u0103 a cilindrului bra\u021bului. Asigura\u021bi-v\u0103 c\u0103 nivelurile uleiului hidraulic sunt adecvate \u0219i c\u0103 punctele de lubrifiere sunt \u00eentre\u021binute periodic. Trebuie utilizat tipul corect de ulei hidraulic, iar operatorii trebuie s\u0103 respecte recomand\u0103rile produc\u0103torului pentru a preveni deteriorarea \u0219i a asigura o func\u021bionare f\u0103r\u0103 probleme.<\/p>\n<h3>\u00cenlocuirea garniturii<\/h3>\n<p>Garniturile sunt esen\u021biale pentru men\u021binerea presiunii hidraulice \u0219i prevenirea scurgerilor. Verifica\u021bi periodic garniturile pentru semne de uzur\u0103 sau deteriorare \u0219i \u00eenlocui\u021bi-le dup\u0103 cum este necesar. Acest lucru va ajuta la men\u021binerea eficien\u021bei sistemului hidraulic \u0219i la prevenirea repara\u021biilor costisitoare cauzate de scurgerile de fluid. P\u0103strarea unei eviden\u021be a \u00eenlocuirilor garniturilor va ajuta la urm\u0103rirea eforturilor de \u00eentre\u021binere.<\/p>\n<p><img decoding=\"async\" src=\"https:\/\/www.hydraulic-cylinders.net\/wp-content\/uploads\/2025\/04\/songte-chushion-collar.webp\" alt=\"Guler de pern\u0103\"><\/p>\n<h2>Considera\u021bii de siguran\u021b\u0103 \u0219i factori de mediu<\/h2>\n<p>La operarea sistemelor hidraulice, m\u0103surile de siguran\u021b\u0103 sunt primordiale. Operatorii trebuie s\u0103 respecte \u00eentotdeauna protocoalele de siguran\u021b\u0103, inclusiv purtarea echipamentului individual de protec\u021bie (EIP) adecvat \u0219i asigurarea faptului c\u0103 tot personalul este con\u0219tient de procedurile de operare. O instruire adecvat\u0103 este esen\u021bial\u0103 pentru prevenirea accidentelor \u0219i asigurarea func\u021bion\u0103rii \u00een siguran\u021b\u0103 a utilajelor echipate cu cilindri ai bra\u021bului.<\/p>\n<p>Factorii de mediu joac\u0103, de asemenea, un rol semnificativ \u00een func\u021bionarea \u0219i longevitatea cilindrilor hidraulici. Operatorii trebuie s\u0103 ia \u00een considerare temperaturile extreme, expunerea la umiditate \u0219i poten\u021bialii contaminan\u021bi din mediul de operare. Implementarea unor m\u0103suri de protec\u021bie, cum ar fi utilizarea capacelor sau selectarea materialelor adecvate, poate atenua aceste riscuri.<\/p>\n<h2>Diagnosticarea defec\u021biunilor \u0219i probleme frecvente<\/h2>\n<ul>\n<li><strong>Scurgere:<\/strong> Dac\u0103 exist\u0103 scurgeri de lichid hidraulic, verifica\u021bi garniturile \u0219i conexiunile pentru a depista eventualele deterior\u0103ri. \u00cenlocui\u021bi orice componente defecte pentru a restabili integritatea sistemului.<\/li>\n<li><strong>Func\u021bionare inconsistent\u0103:<\/strong> Dac\u0103 cilindrul nu se extinde sau nu se retrage lin, verifica\u021bi dac\u0103 exist\u0103 blocaje \u00een conductele hidraulice \u0219i asigura\u021bi-v\u0103 c\u0103 exist\u0103 suficient fluid hidraulic \u00een sistem.<\/li>\n<li><strong>Zgomote neobi\u0219nuite:<\/strong> Sunetele de scr\u00e2\u0219net sau z\u0103ng\u0103nit pot indica deterior\u0103ri sau uzur\u0103 intern\u0103. Inspecta\u021bi cilindrul pentru orice semne de defec\u021biune mecanic\u0103 sau uzur\u0103.<\/li>\n<\/ul>\n<h2>Sfaturi de depanare<\/h2>\n<p>Pentru a diagnostica \u0219i rezolva eficient problemele, operatorii ar trebui s\u0103 adopte o abordare sistematic\u0103. \u00cencepe\u021bi cu o inspec\u021bie vizual\u0103 a sistemului hidraulic, c\u0103ut\u00e2nd scurgeri sau daune evidente. Dac\u0103 se detecteaz\u0103 o problem\u0103, consulta\u021bi instruc\u021biunile produc\u0103torului pentru procedurile de depanare \u0219i reparare. Instruirea regulat\u0103 privind problemele \u0219i solu\u021biile comune poate permite operatorilor s\u0103 gestioneze problemele minore \u00eenainte ca acestea s\u0103 se transforme \u00een repara\u021bii majore.<\/p>\n<p>Implementarea unor m\u0103suri preventive, cum ar fi \u00eentre\u021binerea programat\u0103 \u0219i inspec\u021biile regulate, poate ajuta la minimizarea problemelor poten\u021biale \u0219i la asigurarea func\u021bion\u0103rii corespunz\u0103toare a cilindrului bra\u021bului.<\/p>\n<p><img decoding=\"async\" src=\"https:\/\/www.hydraulic-cylinders.net\/wp-content\/uploads\/2025\/04\/songte-bushings-with-all-kinds-of-excavator-models.webp\" alt=\"Buc\u0219e pentru excavatoare\"><\/p>\n<h2>Despre compania noastr\u0103<\/h2>\n<p>Suntem un produc\u0103tor \u0219i distribuitor angro de top de cilindri hidraulici de schimb, cu o gam\u0103 complet\u0103 de produse. Angajamentul nostru fa\u021b\u0103 de o calitate excep\u021bional\u0103 ne-a consacrat ca un juc\u0103tor important at\u00e2t pe pie\u021bele interne, c\u00e2t \u0219i pe cele interna\u021bionale. Ader\u0103m la o strategie de management al produc\u021biei rafinat\u0103 \u0219i industrializat\u0103, care se concentreaz\u0103 pe excelen\u021b\u0103 \u0219i eficien\u021b\u0103.<\/p>\n<p>Echipa noastr\u0103 este format\u0103 din profesioni\u0219ti califica\u021bi, echipa\u021bi cu tehnologii digitale avansate de fabrica\u021bie \u0219i sisteme profesionale de testare. Acest lucru asigur\u0103 \u00eembun\u0103t\u0103\u021birea continu\u0103 a platformei noastre de produc\u021bie, perfec\u021bion\u00e2nd rutele de produc\u021bie a calit\u0103\u021bii produselor noastre. Capacit\u0103\u021bile noastre creative robuste ne permit s\u0103 satisfacem diversele cerin\u021be ale clien\u021bilor cu eficien\u021b\u0103, precizie \u0219i calitate ridicate.<\/p>\n<p><img decoding=\"async\" src=\"https:\/\/www.hydraulic-cylinders.net\/wp-content\/uploads\/2025\/04\/songte-company-4.webp\" alt=\"Prezentare general\u0103 a companiei\"><br \/>\n<img decoding=\"async\" src=\"https:\/\/www.hydraulic-cylinders.net\/wp-content\/uploads\/2025\/04\/songte-company-3.webp\" alt=\"Unitate de produc\u021bie\"><\/p>\n<p>Oferim servicii specializate, inclusiv solu\u021bii personalizate, sus\u021binute de certific\u0103ri interna\u021bionale care confirm\u0103 angajamentul nostru fa\u021b\u0103 de calitate \u0219i siguran\u021b\u0103. Echipamentele noastre de produc\u021bie de ultim\u0103 genera\u021bie asigur\u0103 c\u0103 fiecare produs \u00eendepline\u0219te standarde riguroase ale industriei, \u00een timp ce serviciul nostru dedicat post-v\u00e2nzare garanteaz\u0103 satisfac\u021bia \u0219i asisten\u021ba clien\u021bilor.<\/p>\n<p>Autor: lyl<\/p>","protected":false},"excerpt":{"rendered":"<p>Boom Cylinder For Bonny WY160AHD Product Overview The Boom Cylinder for Bonny WY160AHD is a specialized hydraulic cylinder designed to control the movement of the boom in various heavy machinery such as excavators, backhoe loaders, and front loaders. These cylinders enable the boom to lift, lower, and tilt, facilitating material handling tasks with ease and [&hellip;]<\/p>","protected":false},"featured_media":17869,"comment_status":"open","ping_status":"closed","template":"","meta":{"_et_pb_use_builder":"","_et_pb_old_content":"","_et_gb_content_width":""},"product_brand":[],"product_cat":[1546],"product_tag":[1547,1496],"class_list":{"0":"post-19651","1":"product","2":"type-product","3":"status-publish","4":"has-post-thumbnail","6":"product_cat-boom-cylinders","7":"product_tag-boom-cylinders","8":"product_tag-hydraulic-cylinders","10":"first","11":"instock","12":"shipping-taxable","13":"product-type-simple"},"amp_enabled":true,"_links":{"self":[{"href":"https:\/\/www.hydraulic-cylinders.net\/ro\/wp-json\/wp\/v2\/product\/19651","targetHints":{"allow":["GET"]}}],"collection":[{"href":"https:\/\/www.hydraulic-cylinders.net\/ro\/wp-json\/wp\/v2\/product"}],"about":[{"href":"https:\/\/www.hydraulic-cylinders.net\/ro\/wp-json\/wp\/v2\/types\/product"}],"replies":[{"embeddable":true,"href":"https:\/\/www.hydraulic-cylinders.net\/ro\/wp-json\/wp\/v2\/comments?post=19651"}],"wp:featuredmedia":[{"embeddable":true,"href":"https:\/\/www.hydraulic-cylinders.net\/ro\/wp-json\/wp\/v2\/media\/17869"}],"wp:attachment":[{"href":"https:\/\/www.hydraulic-cylinders.net\/ro\/wp-json\/wp\/v2\/media?parent=19651"}],"wp:term":[{"taxonomy":"product_brand","embeddable":true,"href":"https:\/\/www.hydraulic-cylinders.net\/ro\/wp-json\/wp\/v2\/product_brand?post=19651"},{"taxonomy":"product_cat","embeddable":true,"href":"https:\/\/www.hydraulic-cylinders.net\/ro\/wp-json\/wp\/v2\/product_cat?post=19651"},{"taxonomy":"product_tag","embeddable":true,"href":"https:\/\/www.hydraulic-cylinders.net\/ro\/wp-json\/wp\/v2\/product_tag?post=19651"}],"curies":[{"name":"wp","href":"https:\/\/api.w.org\/{rel}","templated":true}]}}