{"id":19652,"date":"2025-04-07T06:59:40","date_gmt":"2025-04-07T06:59:40","guid":{"rendered":"https:\/\/www.hydraulic-cylinders.net\/product\/boom-cylinder-for-bonny-ced750-8\/"},"modified":"2025-04-07T06:59:55","modified_gmt":"2025-04-07T06:59:55","slug":"boom-cylinder-for-bonny-ced750-8","status":"publish","type":"product","link":"https:\/\/www.hydraulic-cylinders.net\/ro\/produs\/boom-cylinder-for-bonny-ced750-8\/","title":{"rendered":"Cilindru bra\u021b pentru Bonny CED750-8"},"content":{"rendered":"<h1>Cilindru bra\u021b pentru Bonny CED750-8<\/h1>\n<h2>Prezentare general\u0103 a produsului<\/h2>\n<p>Cilindrul hidraulic pentru Bonny CED750-8 este un cilindru hidraulic specializat, conceput pentru a controla mi\u0219carea cupei \u00een diverse utilaje grele, cum ar fi excavatoare, excavatoare \u0219i \u00eenc\u0103rc\u0103toare frontale. Acest cilindru permite cupei s\u0103 se ridice, s\u0103 coboare \u0219i s\u0103 se \u00eencline, facilit\u00e2nd eficient sarcinile de manipulare a materialelor. Cilindrii hidraulici, precum cilindrul hidraulic, joac\u0103 un rol vital \u00een sistemele hidraulice, unde transform\u0103 energia hidraulic\u0103 \u00een energie mecanic\u0103, permi\u021b\u00e2nd controlul precis al sarcinilor grele.<\/p>\n<p><img decoding=\"async\" src=\"https:\/\/www.hydraulic-cylinders.net\/wp-content\/uploads\/2025\/04\/songte-company-1.webp\" alt=\"Cilindru de bra\u021b\"><\/p>\n<h2>Caracteristici cheie<\/h2>\n<ul>\n<li>\n<h3>Rezisten\u021b\u0103 \u0219i durabilitate ridicate<\/h3>\n<p>Construit din o\u021bel sau aluminiu de \u00eenalt\u0103 rezisten\u021b\u0103, cilindrul bra\u021bului este conceput s\u0103 reziste la presiuni ridicate \u0219i sarcini grele, fiind potrivit pentru medii de lucru dure. Caracteristicile sale rezistente la uzur\u0103 \u0219i coroziune \u00eei prelungesc semnificativ durata de via\u021b\u0103.<\/p>\n<\/li>\n<li>\n<h3>Func\u021bionare hidraulic\u0103 eficient\u0103<\/h3>\n<p>Acest cilindru utilizeaz\u0103 presiunea uleiului hidraulic pentru a ob\u021bine mi\u0219c\u0103ri telescopice line, oferind un r\u0103spuns rapid la comenzile de control. Ofer\u0103 for\u021be puternice de \u00eempingere \u0219i tragere, ideale pentru manipularea materialelor grele \u0219i sarcini opera\u021bionale complexe.<\/p>\n<\/li>\n<li>\n<h3>Diverse tipuri disponibile<\/h3>\n<p>\u00cen func\u021bie de nevoile opera\u021bionale, exist\u0103 op\u021biuni pentru cilindri cu ac\u021biune simpl\u0103 (ac\u021biune hidraulic\u0103 \u00eentr-o singur\u0103 direc\u021bie) sau cu ac\u021biune dubl\u0103 (ac\u021biune hidraulic\u0103 \u00een ambele direc\u021bii). Unele modele sunt telescopice, permi\u021b\u00e2nd o extensie mai mare f\u0103r\u0103 a cre\u0219te dimensiunile exterioare, perfecte pentru aplica\u021bii \u00een spa\u021bii restr\u00e2nse.<\/p>\n<\/li>\n<li>\n<h3>Interschimbabil cu alte modele<\/h3>\n<p>Fabric\u0103m acest produs pentru a fi un \u00eenlocuitor perfect pentru cilindrii hidraulici existen\u021bi, asigur\u00e2nd compatibilitatea \u0219i performan\u021ba conform specifica\u021biilor originale.<\/p>\n<\/li>\n<li>\n<h3>Design personalizabil<\/h3>\n<p>Cilindrii no\u0219tri pot fi personaliza\u021bi pentru a \u00eendeplini cerin\u021be specifice, asigur\u00e2ndu-se c\u0103 se potrivesc perfect \u00een diverse tipuri de utilaje \u0219i scenarii opera\u021bionale.<\/p>\n<\/li>\n<\/ul>\n<p><img decoding=\"async\" src=\"https:\/\/www.hydraulic-cylinders.net\/wp-content\/uploads\/2025\/04\/songte-cylinder-head-with-all-kinds-excavator-models.webp\" alt=\"Modele de cilindri hidraulici\"><\/p>\n<h2>Scenarii de aplica\u021bii<\/h2>\n<ul>\n<li>\n<h3>Echipamente de construc\u021bii<\/h3>\n<p>\u00cen excavatoare, cilindrul bra\u021bului este crucial pentru s\u0103pare, \u00eenc\u0103rcare \u0219i mutarea solului sau a resturilor. Acesta ajut\u0103 nu numai la excavare, ci \u0219i la opera\u021biunile de ridicare. Precizia \u0219i puterea cilindrului bra\u021bului permit operatorilor s\u0103 \u00eendeplineasc\u0103 sarcinile eficient \u0219i eficace.<\/p>\n<\/li>\n<li>\n<h3>Ma\u0219ini agricole<\/h3>\n<p>La \u00eenc\u0103rc\u0103toarele frontale, cilindrul bra\u021bului este esen\u021bial pentru scobere, ridicare \u0219i transportul solului, f\u00e2nului \u0219i altor materiale. Aceast\u0103 aplica\u021bie este vital\u0103 pentru eficientizarea opera\u021biunilor agricole, permi\u021b\u00e2nd finalizarea rapid\u0103 \u0219i eficient\u0103 a sarcinilor.<\/p>\n<\/li>\n<li>\n<h3>Lucr\u0103ri de excavare<\/h3>\n<p>Cilindrul bra\u021bului permite cupei s\u0103 p\u0103trund\u0103 \u00een sol, facilit\u00e2nd opera\u021biuni eficiente de s\u0103pare. Designul s\u0103u robust asigur\u0103 c\u0103 poate face fa\u021b\u0103 solicit\u0103rii sarcinilor constante de s\u0103pare \u0219i ridicare f\u0103r\u0103 defec\u021biuni.<\/p>\n<\/li>\n<li>\n<h3>Se \u00eencarc\u0103 aplica\u021biile<\/h3>\n<p>La \u00eenc\u0103rc\u0103toarele frontale, cilindrii bra\u021bului ajut\u0103 la ridicarea \u0219i desc\u0103rcarea materialelor, contribuind la \u00eembun\u0103t\u0103\u021birea productivit\u0103\u021bii \u0219i eficien\u021bei sarcinilor de \u00eenc\u0103rcare. Ace\u0219ti cilindri sunt concepu\u021bi pentru a manipula cu u\u0219urin\u021b\u0103 sarcini grele, reduc\u00e2nd oboseala operatorului.<\/p>\n<\/li>\n<\/ul>\n<h2>Considera\u021bii de proiectare<\/h2>\n<ul>\n<li>\n<h3>Capacitate de \u00eenc\u0103rcare<\/h3>\n<p>Atunci c\u00e2nd selecta\u021bi un cilindru pentru bra\u021b, este esen\u021bial s\u0103 lua\u021bi \u00een considerare capacitatea sa de \u00eenc\u0103rcare. Cilindrul trebuie s\u0103 fie capabil s\u0103 suporte sarcina maxim\u0103 a\u0219teptat\u0103 \u00een timpul func\u021bion\u0103rii, asigur\u00e2nd siguran\u021ba \u0219i eficien\u021ba. Supra\u00eenc\u0103rcarea poate duce la defectarea cilindrului, rezult\u00e2nd timpi de nefunc\u021bionare \u0219i repara\u021bii costisitoare.<\/p>\n<\/li>\n<li>\n<h3>Integritatea etan\u0219\u0103rii<\/h3>\n<p>Sistemul de etan\u0219are este crucial pentru prevenirea scurgerilor de fluid hidraulic, men\u021binerea presiunii \u00een sistem \u0219i asigurarea performan\u021bei optime a cilindrului hidraulic. Garniturile de \u00eenalt\u0103 calitate, fabricate din materiale durabile, cum ar fi poliuretanul \u0219i cauciucul nitrilic, sunt esen\u021biale pentru o func\u021bionare fiabil\u0103.<\/p>\n<\/li>\n<li>\n<h3>Durabilitate<\/h3>\n<p>Durabilitatea este un factor cheie \u00een proiectarea cilindrilor hidraulici. Materialele utilizate trebuie s\u0103 reziste la condi\u021bii dure, inclusiv temperaturi extreme, medii corozive \u0219i uzur\u0103 mecanic\u0103. Un design robust asigur\u0103 o durat\u0103 de via\u021b\u0103 mai lung\u0103 \u0219i reduce nevoile de \u00eentre\u021binere.<\/p>\n<\/li>\n<li>\n<h3>Caracteristici de siguran\u021b\u0103<\/h3>\n<p>Incorporarea caracteristicilor de siguran\u021b\u0103, cum ar fi supapele de suprapresiune \u0219i mecanismele de oprire de urgen\u021b\u0103, este esen\u021bial\u0103 \u00een proiectarea cilindrilor hidraulici. Aceste caracteristici ajut\u0103 la prevenirea accidentelor \u0219i a r\u0103nilor, asigur\u00e2nd siguran\u021ba operatorilor \u0219i a echipamentelor.<\/p>\n<\/li>\n<li>\n<h3>Mentenabilitate<\/h3>\n<p>Proiectarea cilindrilor hidraulici pentru o \u00eentre\u021binere u\u0219oar\u0103 este vital\u0103. Caracteristici precum punctele de lubrifiere accesibile, garniturile \u00eenlocuibile \u0219i documenta\u021bia de service clar\u0103 contribuie la sarcini de \u00eentre\u021binere mai simple \u0219i mai rapide, reduc\u00e2nd la minimum timpul de nefunc\u021bionare.<\/p>\n<\/li>\n<\/ul>\n<p><img decoding=\"async\" src=\"https:\/\/www.hydraulic-cylinders.net\/wp-content\/uploads\/2025\/04\/songte-oil-pipes-and-spare-parts.webp\" alt=\"Conducte de petrol \u0219i piese de schimb\"><\/p>\n<h2>Etan\u0219are \u0219i lubrifiere<\/h2>\n<p>Eficacitatea cilindrilor hidraulici depinde \u00een mare m\u0103sur\u0103 de sistemele lor de etan\u0219are \u0219i lubrifiere. Se utilizeaz\u0103 diverse elemente de etan\u0219are, inclusiv etan\u0219\u0103ri pentru piston \u0219i etan\u0219\u0103ri pentru tij\u0103, pentru a preveni scurgerile de fluid \u0219i a men\u021bine presiunea. Utilizarea materialelor de \u00eenalt\u0103 calitate, cum ar fi poliuretanul \u0219i cauciucul nitrilic, spore\u0219te rezisten\u021ba la uzur\u0103 a acestora.<\/p>\n<p>Corpul cilindrului \u0219i suprafe\u021bele filetate ale cap\u0103tului sunt supuse unor prelucr\u0103ri de precizie pentru a \u00eembun\u0103t\u0103\u021bi rezisten\u021ba la uzur\u0103, asigur\u00e2nd longevitatea. Lubrifierea regulat\u0103 cu ulei hidraulic adecvat este necesar\u0103 pentru a men\u021bine o func\u021bionare lin\u0103 \u0219i a preveni uzura pieselor mobile. Este esen\u021bial s\u0103 se monitorizeze nivelurile de ulei \u0219i s\u0103 se \u00eenlocuiasc\u0103 fluidul dup\u0103 cum este necesar pentru a asigura o performan\u021b\u0103 optim\u0103.<\/p>\n<h2>Inspec\u021bie regulat\u0103 \u0219i \u00eentre\u021binere preventiv\u0103<\/h2>\n<ul>\n<li>\n<h3>Verific\u0103ri de rutin\u0103<\/h3>\n<p>Efectuarea inspec\u021biilor regulate ale cilindrului hidraulic este esen\u021bial\u0103 pentru a identifica orice semne de uzur\u0103 sau deteriorare. C\u0103uta\u021bi scurgeri, fisuri sau orice deform\u0103ri care pot afecta performan\u021ba. Depistarea timpurie a problemelor poate preveni defec\u021biuni mai semnificative \u0219i repara\u021bii costisitoare.<\/p>\n<\/li>\n<li>\n<h3>Lubrifiere adecvat\u0103<\/h3>\n<p>Ensuring that the hydraulic cylinder is adequately lubricated is vital for smooth operation. Use the recommended hydraulic oil and follow the manufacturer&#8217;s guidelines for lubrication intervals. Proper lubrication reduces friction and wear on seals and moving parts.<\/p>\n<\/li>\n<li>\n<h3>\u00cenlocuirea garniturii<\/h3>\n<p>Garniturile joac\u0103 un rol crucial \u00een func\u021bionarea cilindrilor hidraulici. Inspecta\u021bi periodic garniturile pentru a depista semne de uzur\u0103 sau deteriorare \u0219i \u00eenlocui\u021bi-le dup\u0103 cum este necesar. Ne\u00eenlocuirea garniturilor uzate poate duce la scurgeri de fluid \u0219i la sc\u0103derea eficien\u021bei.<\/p>\n<\/li>\n<\/ul>\n<h2>Instruc\u021biuni de instalare<\/h2>\n<p>Proper installation of the boom cylinder is critical for ensuring its functionality and longevity. Begin by ensuring that the mounting surfaces are clean and free from debris. Align the cylinder correctly with the machinery&#8217;s mounting points, using appropriate mounting brackets for stability.<\/p>\n<p>Asigura\u021bi-v\u0103 c\u0103 str\u00e2nge\u021bi toate elementele de fixare la cuplul specificat, deoarece str\u00e2ngerea inadecvat\u0103 poate duce la deplasare \u0219i uzur\u0103 \u00een timp. Dup\u0103 instalare, efectua\u021bi un test am\u0103nun\u021bit al sistemului hidraulic pentru a v\u0103 asigura c\u0103 cilindrul func\u021bioneaz\u0103 f\u0103r\u0103 probleme \u0219i eficient.<\/p>\n<h2>Sarcini comune de \u00eentre\u021binere<\/h2>\n<ul>\n<li>\n<h3>Inspec\u021bii regulate<\/h3>\n<p>Inspec\u021biile de rutin\u0103 ale sistemului hidraulic sunt esen\u021biale pentru a detecta din timp orice probleme poten\u021biale. Verifica\u021bi dac\u0103 exist\u0103 scurgeri, uzur\u0103 \u0219i starea general\u0103 a cilindrului pentru a asigura performan\u021be \u0219i siguran\u021b\u0103 optime.<\/p>\n<\/li>\n<li>\n<h3>Lubrifiere adecvat\u0103<\/h3>\n<p>Ensure that the hydraulic cylinder is adequately lubricated according to the manufacturer&#8217;s specifications. This involves checking oil levels regularly and topping up or replacing hydraulic oil as needed to maintain smooth operation.<\/p>\n<\/li>\n<li>\n<h3>\u00cenlocuirea \u0219i calibrarea etan\u0219\u0103rii<\/h3>\n<p>Verifica\u021bi periodic garniturile pentru uzur\u0103 \u0219i \u00eenlocui\u021bi-le dup\u0103 cum este necesar pentru a preveni scurgerile de fluid. \u00cen plus, calibrarea sistemului hidraulic asigur\u0103 func\u021bionarea corect\u0103 a tuturor componentelor, men\u021bin\u00e2nd eficien\u021ba \u0219i siguran\u021ba.<\/p>\n<\/li>\n<\/ul>\n<p><img decoding=\"async\" src=\"https:\/\/www.hydraulic-cylinders.net\/wp-content\/uploads\/2025\/04\/songte-chushion-collar.webp\" alt=\"Guler de pern\u0103\"><\/p>\n<h2>Considera\u021bii de siguran\u021b\u0103 \u0219i factori de mediu<\/h2>\n<p>Atunci c\u00e2nd se utilizeaz\u0103 cilindri hidraulici, este esen\u021bial s\u0103 se respecte m\u0103surile de siguran\u021b\u0103 pentru a proteja at\u00e2t operatorii, c\u00e2t \u0219i mediul \u00eenconjur\u0103tor. Asigura\u021bi-v\u0103 c\u0103 tot personalul este instruit \u00een procedurile de siguran\u021b\u0103 hidraulic\u0103, inclusiv manipularea corect\u0103 a fluidelor hidraulice \u0219i con\u0219tientizarea pericolelor poten\u021biale asociate cu sistemele de \u00eenalt\u0103 presiune. Implementarea protocoalelor de siguran\u021b\u0103 reduce riscul de accidente \u0219i v\u0103t\u0103m\u0103ri corporale.<\/p>\n<h2>Diagnosticarea defec\u021biunilor \u0219i probleme frecvente<\/h2>\n<ul>\n<li>\n<h3>Scurgerea cilindrului hidraulic<\/h3>\n<p>Scurgerea este o problem\u0103 frecvent\u0103 care poate duce la pierderea fluidului hidraulic \u0219i la performan\u021b\u0103 redus\u0103. Verifica\u021bi garniturile \u0219i conexiunile pentru uzur\u0103 sau deteriorare pentru a identifica sursa scurgerii.<\/p>\n<\/li>\n<li>\n<h3>Performan\u021b\u0103 redus\u0103 a cilindrului<\/h3>\n<p>Dac\u0103 cilindrul nu func\u021bioneaz\u0103 conform a\u0219tept\u0103rilor, acest lucru se poate datora unei lubrifieri insuficiente, prezen\u021bei aerului \u00een conductele hidraulice sau deterior\u0103rii interne. Verifica\u021bi nivelurile fluidului hidraulic \u0219i verifica\u021bi dac\u0103 exist\u0103 obstruc\u021bii \u00een sistem.<\/p>\n<\/li>\n<li>\n<h3>Mi\u0219care sau deriv\u0103 nea\u0219teptat\u0103<\/h3>\n<p>Unexpected movements can indicate issues with the cylinder&#8217;s sealing or control system. Ensure that seals are intact and that the control valves are functioning properly to maintain proper movement.<\/p>\n<\/li>\n<\/ul>\n<h2>Sfaturi de depanare<\/h2>\n<p>Pentru a diagnostica \u0219i rezolva eficient problemele legate de cilindrul bra\u021bului, \u00eencepe\u021bi prin a efectua o inspec\u021bie am\u0103nun\u021bit\u0103 a \u00eentregului sistem hidraulic. Verifica\u021bi dac\u0103 exist\u0103 scurgeri, asigura\u021bi-v\u0103 c\u0103 nivelurile de lichid sunt adecvate \u0219i examina\u021bi garniturile pentru uzur\u0103. Practicile regulate de \u00eentre\u021binere pot preveni multe probleme comune, a\u0219adar respecta\u021bi un program strict de \u00eentre\u021binere. \u00cen plus, monitorizarea atent\u0103 a presiunilor \u0219i temperaturilor de func\u021bionare poate ajuta la identificarea poten\u021bialelor probleme \u00eenainte ca acestea s\u0103 se agraveze.<\/p>\n<p><img decoding=\"async\" src=\"https:\/\/www.hydraulic-cylinders.net\/wp-content\/uploads\/2025\/04\/songte-bushings-with-all-kinds-of-excavator-models.webp\" alt=\"Modele de buc\u0219e\"><\/p>\n<h2>Despre compania noastr\u0103<\/h2>\n<p>Suntem un produc\u0103tor important de cilindri hidraulici, specializa\u021bi \u00een \u00eenlocuiri pentru diverse modele. Gama noastr\u0103 extins\u0103 de produse ne-a pozi\u021bionat ca un juc\u0103tor important at\u00e2t pe pie\u021bele interne, c\u00e2t \u0219i pe cele interna\u021bionale. Punem accent pe calitatea excep\u021bional\u0103 \u0219i folosim o strategie rafinat\u0103 de management al produc\u021biei, \u00eembun\u0103t\u0103\u021bind continuu capacit\u0103\u021bile noastre de produc\u021bie prin tehnologie de ultim\u0103 genera\u021bie, personal calificat \u0219i sisteme riguroase de testare. Angajamentul nostru fa\u021b\u0103 de eficien\u021b\u0103 ridicat\u0103, precizie \u0219i calitate a produselor ne permite s\u0103 satisfacem eficient diversele nevoi ale clien\u021bilor.<\/p>\n<p><img decoding=\"async\" src=\"https:\/\/www.hydraulic-cylinders.net\/wp-content\/uploads\/2025\/04\/songte-company-4.webp\" alt=\"Prezentare general\u0103 a companiei\"><br \/>\n<img decoding=\"async\" src=\"https:\/\/www.hydraulic-cylinders.net\/wp-content\/uploads\/2025\/04\/songte-company-3.webp\" alt=\"Facilit\u0103\u021bi ale companiei\"><\/p>\n<p>Expertiza noastr\u0103 se extinde \u00een domenii precum servicii profesionale, certific\u0103ri interna\u021bionale \u0219i op\u021biuni personalizabile adaptate specifica\u021biilor clien\u021bilor. Echipamentele noastre avansate de produc\u021bie garanteaz\u0103 c\u0103 producem produse de \u00eenalt\u0103 calitate care respect\u0103 standardele globale, \u00een timp ce asisten\u021ba noastr\u0103 dedicat\u0103 post-v\u00e2nzare \u00eei ajut\u0103 pe clien\u021bi cu orice \u00eentreb\u0103ri sau probleme cu care s-ar putea confrunta.<\/p>\n<p>Autor: lyl<\/p>","protected":false},"excerpt":{"rendered":"<p>Boom Cylinder For Bonny CED750-8 Product Overview The Boom Cylinder for Bonny CED750-8 is a specialized hydraulic cylinder designed to control the movement of the bucket in various heavy machinery such as excavators, backhoes, and front loaders. This cylinder enables the bucket to lift, lower, and tilt, facilitating material handling tasks efficiently. Hydraulic cylinders, like [&hellip;]<\/p>","protected":false},"featured_media":17870,"comment_status":"open","ping_status":"closed","template":"","meta":{"_et_pb_use_builder":"","_et_pb_old_content":"","_et_gb_content_width":""},"product_brand":[],"product_cat":[1546],"product_tag":[1547,1496],"class_list":{"0":"post-19652","1":"product","2":"type-product","3":"status-publish","4":"has-post-thumbnail","6":"product_cat-boom-cylinders","7":"product_tag-boom-cylinders","8":"product_tag-hydraulic-cylinders","10":"first","11":"instock","12":"shipping-taxable","13":"product-type-simple"},"amp_enabled":true,"_links":{"self":[{"href":"https:\/\/www.hydraulic-cylinders.net\/ro\/wp-json\/wp\/v2\/product\/19652","targetHints":{"allow":["GET"]}}],"collection":[{"href":"https:\/\/www.hydraulic-cylinders.net\/ro\/wp-json\/wp\/v2\/product"}],"about":[{"href":"https:\/\/www.hydraulic-cylinders.net\/ro\/wp-json\/wp\/v2\/types\/product"}],"replies":[{"embeddable":true,"href":"https:\/\/www.hydraulic-cylinders.net\/ro\/wp-json\/wp\/v2\/comments?post=19652"}],"wp:featuredmedia":[{"embeddable":true,"href":"https:\/\/www.hydraulic-cylinders.net\/ro\/wp-json\/wp\/v2\/media\/17870"}],"wp:attachment":[{"href":"https:\/\/www.hydraulic-cylinders.net\/ro\/wp-json\/wp\/v2\/media?parent=19652"}],"wp:term":[{"taxonomy":"product_brand","embeddable":true,"href":"https:\/\/www.hydraulic-cylinders.net\/ro\/wp-json\/wp\/v2\/product_brand?post=19652"},{"taxonomy":"product_cat","embeddable":true,"href":"https:\/\/www.hydraulic-cylinders.net\/ro\/wp-json\/wp\/v2\/product_cat?post=19652"},{"taxonomy":"product_tag","embeddable":true,"href":"https:\/\/www.hydraulic-cylinders.net\/ro\/wp-json\/wp\/v2\/product_tag?post=19652"}],"curies":[{"name":"wp","href":"https:\/\/api.w.org\/{rel}","templated":true}]}}