{"id":19653,"date":"2025-04-07T06:59:55","date_gmt":"2025-04-07T06:59:55","guid":{"rendered":"https:\/\/www.hydraulic-cylinders.net\/product\/boom-cylinder-for-bonny-ce2200-7\/"},"modified":"2025-04-07T06:59:57","modified_gmt":"2025-04-07T06:59:57","slug":"boom-cylinder-for-bonny-ce2200-7","status":"publish","type":"product","link":"https:\/\/www.hydraulic-cylinders.net\/ro\/produs\/boom-cylinder-for-bonny-ce2200-7\/","title":{"rendered":"Cilindru bra\u021b pentru Bonny CE2200-7"},"content":{"rendered":"<h1>Cilindru bra\u021b pentru Bonny CE2200-7<\/h1>\n<h2>Prezentare general\u0103 a produsului<\/h2>\n<p>Cilindrul bra\u021bului pentru Bonny CE2200-7 este o component\u0103 hidraulic\u0103 esen\u021bial\u0103, conceput\u0103 pentru a controla mi\u0219carea cupelor \u00een utilaje grele, cum ar fi excavatoarele, \u00eenc\u0103rc\u0103toarele cu buldoexcavatoare \u0219i \u00eenc\u0103rc\u0103toarele frontale. Cilindrii cupei joac\u0103 un rol crucial \u00een facilitarea sarcinilor legate de manipularea materialelor, permi\u021b\u00e2nd ridicarea, cobor\u00e2rea \u0219i \u00eenclinarea cupei. Ace\u0219ti cilindri hidraulici sunt special proiecta\u021bi pentru a rezista la condi\u021bii dificile, ceea ce \u00eei face o parte cheie a sistemelor hidraulice din diverse aplica\u021bii industriale.<\/p>\n<p><img decoding=\"async\" src=\"https:\/\/www.hydraulic-cylinders.net\/wp-content\/uploads\/2025\/04\/songte-company-1.webp\" alt=\"Cilindru bra\u021b pentru Bonny CE2200-7\"><\/p>\n<h2>Caracteristicile cilindrului bra\u021bului<\/h2>\n<ul>\n<li><strong>Rezisten\u021b\u0103 \u0219i durabilitate ridicate:<\/strong> Fabricate din o\u021bel sau aluminiu de \u00eenalt\u0103 rezisten\u021b\u0103, concepute s\u0103 reziste la presiuni ridicate \u0219i sarcini grele, potrivite pentru medii de lucru dure.<\/li>\n<li><strong>Func\u021bionare hidraulic\u0103 eficient\u0103:<\/strong> Utilizeaz\u0103 presiunea uleiului hidraulic pentru o extensie \u0219i retragere lin\u0103, oferind o for\u021b\u0103 puternic\u0103 de \u00eempingere-tragere, ideal\u0103 pentru sarcini grele \u0219i complexe.<\/li>\n<li><strong>Diverse tipuri:<\/strong> Disponibili ca cilindri cu ac\u021biune simpl\u0103 (utilizare hidraulic\u0103 \u00eentr-o singur\u0103 direc\u021bie) sau cu ac\u021biune dubl\u0103 (utilizare hidraulic\u0103 \u00een ambele direc\u021bii) pentru a satisface diverse nevoi opera\u021bionale.<\/li>\n<li><strong>Design care economise\u0219te spa\u021biu:<\/strong> Unele modele sunt telescopice, permi\u021b\u00e2nd o extensie mai mare f\u0103r\u0103 a cre\u0219te dimensiunile exterioare, perfecte pentru aplica\u021bii cu spa\u021biu limitat.<\/li>\n<li><strong>Rezisten\u021b\u0103 la coroziune:<\/strong> Proiectat cu materiale rezistente la uzur\u0103 \u0219i coroziune, prelungind semnificativ durata de via\u021b\u0103 a cilindrului.<\/li>\n<\/ul>\n<p>Produsele noastre pot \u00eenlocui perfect ace\u0219ti cilindri hidraulici.<\/p>\n<p><img decoding=\"async\" src=\"https:\/\/www.hydraulic-cylinders.net\/wp-content\/uploads\/2025\/04\/songte-cylinder-head-with-all-kinds-excavator-models.webp\" alt=\"Chiulas\u0103 hidraulic\u0103\"><\/p>\n<h2>Scenarii de aplica\u021bii<\/h2>\n<h3>Echipamente de construc\u021bii<\/h3>\n<p>La excavatoare, cilindrul bra\u021bului este crucial pentru s\u0103pare, \u00eenc\u0103rcare \u0219i mutarea p\u0103m\u00e2ntului sau a molozului. Acesta permite cupei s\u0103 p\u0103trund\u0103 eficient \u00een sol, facilit\u00e2nd procesul de excavare. La \u00eenc\u0103rc\u0103toarele portabile, cilindrul cupei ajut\u0103 at\u00e2t la sarcinile de s\u0103pare, c\u00e2t \u0219i la cele de ridicare, ceea ce \u00eel face o component\u0103 indispensabil\u0103 pentru opera\u021biunile de construc\u021bii.<\/p>\n<h3>Ma\u0219ini agricole<\/h3>\n<p>La \u00eenc\u0103rc\u0103toarele frontale, cilindrul cupei este vital pentru scobere, ridicare \u0219i transportul solului, f\u00e2nului \u0219i altor materiale. Aceast\u0103 func\u021bionalitate spore\u0219te eficien\u021ba sarcinilor agricole, permi\u021b\u00e2nd fermierilor s\u0103 \u00ee\u0219i gestioneze eficient resursele \u0219i s\u0103 \u00ee\u0219i \u00eembun\u0103t\u0103\u021beasc\u0103 productivitatea.<\/p>\n<h3>Excavatoare<\/h3>\n<p>Cilindrul cupei excavatoarelor joac\u0103 un rol esen\u021bial \u00een permiterea ac\u021biunii de s\u0103pare, permi\u021b\u00e2nd cupei s\u0103 p\u0103trund\u0103 \u00een sol. Aceast\u0103 capacitate este esen\u021bial\u0103 pentru diverse sarcini de excavare, asigur\u00e2nd eficien\u021ba at\u00e2t \u00een \u200b\u200bproiectele de construc\u021bii, c\u00e2t \u0219i \u00een cele de amenajare a teritoriului.<\/p>\n<h3>\u00cenc\u0103rc\u0103toare<\/h3>\n<p>La \u00eenc\u0103rc\u0103toarele frontale, cilindrul bra\u021bului ajut\u0103 la ridicarea \u0219i desc\u0103rcarea eficient\u0103 a \u00eenc\u0103rc\u0103turilor. Aceast\u0103 func\u021bie este esen\u021bial\u0103 pentru deplasarea rapid\u0103 \u0219i sigur\u0103 a materialelor, asigur\u00e2ndu-se c\u0103 \u00eenc\u0103rc\u0103toarele \u00ee\u0219i pot \u00eendeplini sarcinile eficient f\u0103r\u0103 a compromite siguran\u021ba.<\/p>\n<h2>Considera\u021bii de proiectare \u0219i criterii de selec\u021bie<\/h2>\n<h3>Capacitate de \u00eenc\u0103rcare<\/h3>\n<p>Atunci c\u00e2nd se selecteaz\u0103 un cilindru pentru bra\u021b, capacitatea de \u00eenc\u0103rcare este primordial\u0103. Cilindrul trebuie s\u0103 poat\u0103 suporta greutatea maxim\u0103 pe care o va \u00eent\u00e2lni \u00een timpul func\u021bion\u0103rii. Acest lucru asigur\u0103 c\u0103 utilajele func\u021bioneaz\u0103 \u00een siguran\u021b\u0103 \u0219i eficient, prevenind poten\u021bialele defec\u021biuni ale echipamentului.<\/p>\n<h3>Sigilare<\/h3>\n<p>Etan\u0219area eficient\u0103 este esen\u021bial\u0103 pentru cilindrii hidraulici pentru a men\u021bine presiunea \u0219i a preveni scurgerile de fluid. Alegerea materialelor de etan\u0219are, cum ar fi poliuretanul \u0219i cauciucul nitrilic, poate avea un impact semnificativ asupra performan\u021bei \u0219i longevit\u0103\u021bii cilindrului, fiind esen\u021bial\u0103 luarea \u00een considerare \u00een timpul selec\u021biei designului.<\/p>\n<h3>Durabilitate<\/h3>\n<p>Durabilitatea este un alt factor crucial, deoarece cilindrii hidraulici sunt adesea supu\u0219i unor condi\u021bii dure de lucru. Materialele utilizate \u00een construc\u021bie trebuie s\u0103 fie rezistente la uzur\u0103, precum \u0219i la factorii de mediu, cum ar fi umiditatea \u0219i substan\u021bele chimice, pentru a prelungi durata de via\u021b\u0103 a cilindrului.<\/p>\n<h3>Siguran\u0163\u0103<\/h3>\n<p>Implementarea caracteristicilor de siguran\u021b\u0103 \u00een proiectarea cilindrilor hidraulici este vital\u0103. Aceasta include sisteme de protec\u021bie la suprasarcin\u0103 \u0219i mecanisme de siguran\u021b\u0103 pentru a asigura c\u0103, \u00een caz de defec\u021biune, echipamentul poate func\u021biona \u00een siguran\u021b\u0103 pentru a preveni accidentele.<\/p>\n<h3>Mentenabilitate<\/h3>\n<p>U\u0219urin\u021ba \u00eentre\u021binerii este esen\u021bial\u0103 pentru a asigura func\u021bionarea eficient\u0103 a sistemelor hidraulice \u00een timp. Un cilindru bine proiectat permite inspec\u021bia, lubrifierea \u0219i \u00eenlocuirea simpl\u0103 a garniturilor \u0219i a altor componente, asigur\u00e2nd un timp de nefunc\u021bionare minim pentru utilaje.<\/p>\n<p><img decoding=\"async\" src=\"https:\/\/www.hydraulic-cylinders.net\/wp-content\/uploads\/2025\/04\/songte-oil-pipes-and-spare-parts.webp\" alt=\"Piese cilindru hidraulic\"><\/p>\n<h2>Etan\u0219are \u0219i lubrifiere<\/h2>\n<p>Pentru a asigura performan\u021be optime, se utilizeaz\u0103 diverse componente de etan\u0219are, inclusiv etan\u0219\u0103ri pentru piston \u0219i etan\u0219\u0103ri pentru tij\u0103. Selectarea materialelor durabile, cum ar fi poliuretanul \u0219i cauciucul nitrilic, asigur\u0103 rezisten\u021ba etan\u0219\u0103rilor la uzur\u0103. Corpul cilindrului hidraulic \u0219i suprafe\u021bele filetate ale cap\u0103tului sunt prelucrate fin pentru a spori rezisten\u021ba la uzur\u0103. Lubrifierea regulat\u0103 cu ulei hidraulic este necesar\u0103 pentru a men\u021bine o func\u021bionare lin\u0103 \u0219i a preveni uzura cauzat\u0103 de frecare.<\/p>\n<h2>M\u0103suri de \u00eentre\u021binere preventiv\u0103<\/h2>\n<ul>\n<li><strong>Inspec\u021bii regulate:<\/strong> Efectua\u021bi verific\u0103ri de rutin\u0103 pentru a identifica orice semne de uzur\u0103 sau deteriorare. Depistarea timpurie a problemelor poate preveni defec\u021biuni semnificative.<\/li>\n<li><strong>Lubrifiere adecvat\u0103:<\/strong> Asigura\u021bi-v\u0103 c\u0103 nivelurile uleiului hidraulic sunt adecvate \u0219i c\u0103 lubrifierea este efectuat\u0103 periodic pentru a men\u021bine performan\u021ba \u0219i a preveni blocarea.<\/li>\n<li><strong>\u00cenlocuirea garniturii:<\/strong> Monitoriza\u021bi garniturile pentru semne de uzur\u0103 \u0219i \u00eenlocui\u021bi-le dup\u0103 cum este necesar pentru a evita scurgerile \u0219i a men\u021bine eficien\u021ba.<\/li>\n<\/ul>\n<h2>Instruc\u021biuni de instalare<\/h2>\n<p>Instalarea corect\u0103 a cilindrului bra\u021bului este crucial\u0103 pentru o performan\u021b\u0103 optim\u0103. \u00cencepe\u021bi prin a v\u0103 asigura c\u0103 toate componentele sunt curate \u0219i f\u0103r\u0103 resturi. Alinia\u021bi corect cilindrul cu suporturile de montare pentru a preveni solicit\u0103rile excesive. Utiliza\u021bi suporturi de montare adecvate pentru a fixa cilindrul \u00een pozi\u021bie. Consulta\u021bi \u00eentotdeauna instruc\u021biunile produc\u0103torului pentru specifica\u021biile de cuplu \u0219i procedurile de instalare. Dup\u0103 instalare, efectua\u021bi o inspec\u021bie am\u0103nun\u021bit\u0103 pentru a v\u0103 asigura c\u0103 toate conexiunile sunt sigure \u0219i func\u021bioneaz\u0103 conform destina\u021biei.<\/p>\n<h2>Sarcini comune de \u00eentre\u021binere<\/h2>\n<ul>\n<li><strong>Verific\u0103ri regulate:<\/strong> Programa\u021bi inspec\u021bii de rutin\u0103 pentru a evalua starea sistemului hidraulic \u0219i a identifica poten\u021bialele probleme \u00eenainte ca acestea s\u0103 escaladeze.<\/li>\n<li><strong>Lubrifiere adecvat\u0103:<\/strong> Lubrifia\u021bi cilindrul \u00een mod regulat, conform recomand\u0103rilor produc\u0103torului, pentru a asigura o func\u021bionare f\u0103r\u0103 probleme \u0219i a preveni coroziunea.<\/li>\n<li><strong>\u00cenlocuirea garniturii:<\/strong> Verifica\u021bi periodic garniturile \u0219i \u00eenlocui\u021bi-le atunci c\u00e2nd sunt uzate pentru a preveni scurgerile care ar putea duce la defec\u021biuni hidraulice.<\/li>\n<\/ul>\n<h2>Considera\u021bii de siguran\u021b\u0103 \u0219i factori de mediu<\/h2>\n<p>Atunci c\u00e2nd se utilizeaz\u0103 cilindri hidraulici, este esen\u021bial s\u0103 se implementeze m\u0103suri de siguran\u021b\u0103 adecvate. Aceasta include asigurarea faptului c\u0103 operatorii sunt instrui\u021bi cu privire la echipament \u0219i con\u0219tien\u021bi de protocoalele de siguran\u021b\u0103. Men\u021binerea unui mediu de lucru curat \u0219i eliminarea corect\u0103 a fluidelor hidraulice sunt, de asemenea, esen\u021biale pentru a minimiza impactul asupra mediului.<\/p>\n<h2>Depanare \u0219i probleme frecvente<\/h2>\n<ul>\n<li><strong>Scurgeri hidraulice:<\/strong> Pot ap\u0103rea scurgeri din cauza garniturilor uzate sau a componentelor deteriorate. Verific\u0103rile regulate pot identifica problemele \u00eenainte ca acestea s\u0103 devin\u0103 semnificative.<\/li>\n<li><strong>R\u0103spuns slab al cilindrului:<\/strong> Dac\u0103 cilindrul nu r\u0103spunde corect, verifica\u021bi nivelurile fluidului hidraulic \u0219i asigura\u021bi-v\u0103 c\u0103 sistemul nu con\u021bine bule de aer.<\/li>\n<li><strong>Func\u021bionare zgomotoas\u0103:<\/strong> Zgomotul excesiv poate indica niveluri sc\u0103zute de lichid sau probleme mecanice \u00een interiorul cilindrului. \u00centre\u021binerea regulat\u0103 poate ajuta la evitarea acestor probleme.<\/li>\n<\/ul>\n<h2>Sfaturi pentru rezolvarea problemelor<\/h2>\n<p>Pentru a diagnostica \u0219i rezolva eficient problemele sistemului hidraulic, asigura\u021bi-v\u0103 c\u0103 toate conexiunile sunt str\u00e2nse \u0219i c\u0103 nivelurile fluidului hidraulic sunt optime. Identificarea timpurie a scurgerilor este crucial\u0103; utiliza\u021bi tehnici adecvate pentru a localiza sursa. Verific\u0103rile regulate de \u00eentre\u021binere pot preveni multe probleme comune \u00eenainte ca acestea s\u0103 escaladeze, asigur\u00e2nd c\u0103 sistemul r\u0103m\u00e2ne eficient \u0219i fiabil.<\/p>\n<p><img decoding=\"async\" src=\"https:\/\/www.hydraulic-cylinders.net\/wp-content\/uploads\/2025\/04\/songte-bushings-with-all-kinds-of-excavator-models.webp\" alt=\"Buc\u0219e pentru excavator\"><\/p>\n<h2>Introducerea companiei<\/h2>\n<p>Suntem un produc\u0103tor important de cilindri hidraulici de schimb, oferind o gam\u0103 larg\u0103 de produse pentru a satisface cerin\u021bele pie\u021bei interne \u0219i interna\u021bionale. Angajamentul nostru fa\u021b\u0103 de excelen\u021b\u0103 este sus\u021binut de o strategie de fabrica\u021bie rafinat\u0103, care \u00eencorporeaz\u0103 tehnologie avansat\u0103 \u0219i personal calificat. Prin \u00eembun\u0103t\u0103\u021birea continu\u0103 a capacit\u0103\u021bilor noastre de fabrica\u021bie \u0219i prioritizarea controlului calit\u0103\u021bii, ne asigur\u0103m c\u0103 produsele noastre \u00eendeplinesc cele mai \u00eenalte standarde. Expertiza noastr\u0103 se \u00eentinde pe produc\u021bie profesional\u0103, certificare interna\u021bional\u0103, servicii personalizate, echipamente de produc\u021bie avansate \u0219i servicii post-v\u00e2nzare excep\u021bionale, permi\u021b\u00e2ndu-ne s\u0103 r\u0103spundem eficient nevoilor diverse ale clien\u021bilor.<\/p>\n<p><img decoding=\"async\" src=\"https:\/\/www.hydraulic-cylinders.net\/wp-content\/uploads\/2025\/04\/songte-company-4.webp\" alt=\"Prezentare general\u0103 a companiei\"><br \/>\n<img decoding=\"async\" src=\"https:\/\/www.hydraulic-cylinders.net\/wp-content\/uploads\/2025\/04\/songte-company-3.webp\" alt=\"Unitate de produc\u021bie\"><\/p>\n<p>Autor: lyl<\/p>","protected":false},"excerpt":{"rendered":"<p>Boom Cylinder For Bonny CE2200-7 Product Overview The Boom Cylinder for Bonny CE2200-7 is an essential hydraulic component designed to control the movement of buckets in heavy machinery such as excavators, backhoe loaders, and front loaders. Bucket cylinders play a crucial role in facilitating tasks related to material handling by enabling the raising, lowering, and [&hellip;]<\/p>","protected":false},"featured_media":17871,"comment_status":"open","ping_status":"closed","template":"","meta":{"_et_pb_use_builder":"","_et_pb_old_content":"","_et_gb_content_width":""},"product_brand":[],"product_cat":[1546],"product_tag":[1547,1496],"class_list":{"0":"post-19653","1":"product","2":"type-product","3":"status-publish","4":"has-post-thumbnail","6":"product_cat-boom-cylinders","7":"product_tag-boom-cylinders","8":"product_tag-hydraulic-cylinders","10":"first","11":"instock","12":"shipping-taxable","13":"product-type-simple"},"amp_enabled":true,"_links":{"self":[{"href":"https:\/\/www.hydraulic-cylinders.net\/ro\/wp-json\/wp\/v2\/product\/19653","targetHints":{"allow":["GET"]}}],"collection":[{"href":"https:\/\/www.hydraulic-cylinders.net\/ro\/wp-json\/wp\/v2\/product"}],"about":[{"href":"https:\/\/www.hydraulic-cylinders.net\/ro\/wp-json\/wp\/v2\/types\/product"}],"replies":[{"embeddable":true,"href":"https:\/\/www.hydraulic-cylinders.net\/ro\/wp-json\/wp\/v2\/comments?post=19653"}],"wp:featuredmedia":[{"embeddable":true,"href":"https:\/\/www.hydraulic-cylinders.net\/ro\/wp-json\/wp\/v2\/media\/17871"}],"wp:attachment":[{"href":"https:\/\/www.hydraulic-cylinders.net\/ro\/wp-json\/wp\/v2\/media?parent=19653"}],"wp:term":[{"taxonomy":"product_brand","embeddable":true,"href":"https:\/\/www.hydraulic-cylinders.net\/ro\/wp-json\/wp\/v2\/product_brand?post=19653"},{"taxonomy":"product_cat","embeddable":true,"href":"https:\/\/www.hydraulic-cylinders.net\/ro\/wp-json\/wp\/v2\/product_cat?post=19653"},{"taxonomy":"product_tag","embeddable":true,"href":"https:\/\/www.hydraulic-cylinders.net\/ro\/wp-json\/wp\/v2\/product_tag?post=19653"}],"curies":[{"name":"wp","href":"https:\/\/api.w.org\/{rel}","templated":true}]}}