{"id":19658,"date":"2025-04-07T07:00:10","date_gmt":"2025-04-07T07:00:10","guid":{"rendered":"https:\/\/www.hydraulic-cylinders.net\/product\/boom-cylinder-for-bonny-wzy42-7\/"},"modified":"2025-04-07T07:00:13","modified_gmt":"2025-04-07T07:00:13","slug":"boom-cylinder-for-bonny-wzy42-7","status":"publish","type":"product","link":"https:\/\/www.hydraulic-cylinders.net\/ro\/produs\/boom-cylinder-for-bonny-wzy42-7\/","title":{"rendered":"Cilindru bra\u021b pentru Bonny WZY42-7"},"content":{"rendered":"<h1>Cilindru bra\u021b pentru Bonny WZY42-7<\/h1>\n<h2>Prezentare general\u0103 a produsului<\/h2>\n<p>Cilindrul hidraulic pentru Bonny WZY42-7 este un cilindru hidraulic specializat, conceput pentru a controla mi\u0219carea cupelor pentru utilaje grele, cum ar fi cele g\u0103site \u00een excavatoare, \u00eenc\u0103rc\u0103toare frontale \u0219i \u00eenc\u0103rc\u0103toare frontale. Cilindrii cupei permit ridicarea, cobor\u00e2rea \u0219i \u00eenclinarea cupelor, facilit\u00e2nd sarcini eficiente de manipulare a materialelor. Ace\u0219ti cilindri hidraulici sunt componente vitale \u00een sistemele hidraulice, transform\u00e2nd energia hidraulic\u0103 \u00een mi\u0219care mecanic\u0103.<\/p>\n<p><img decoding=\"async\" src=\"https:\/\/www.hydraulic-cylinders.net\/wp-content\/uploads\/2025\/04\/songte-company-1.webp\" alt=\"Cilindru de bra\u021b\"><\/p>\n<h3>Defini\u021bie \u0219i prezentare general\u0103<\/h3>\n<p>Un cilindru hidraulic este un tip de cilindru hidraulic utilizat \u00een mod special \u00een diverse utilaje grele pentru a permite un control precis asupra mi\u0219c\u0103rii cupelor. Ace\u0219ti cilindri joac\u0103 un rol crucial \u00eentr-un sistem hidraulic, utiliz\u00e2nd fluid hidraulic pentru a genera for\u021b\u0103 \u0219i mi\u0219care. \u00cen contextul construc\u021biilor \u0219i agriculturii, func\u021bionarea corect\u0103 a cilindrilor bra\u021bului este esen\u021bial\u0103 pentru sarcini precum s\u0103parea, ridicarea \u0219i mutarea materialelor. Acest lucru asigur\u0103 c\u0103 utilajele pot func\u021biona eficient sub solicit\u0103ri mari \u0219i sarcini grele.<\/p>\n<h2>Caracteristicile cilindrului bra\u021bului<\/h2>\n<ul>\n<li><strong>Rezisten\u021b\u0103 \u0219i durabilitate ridicate:<\/strong> De obicei fabricate din o\u021bel sau aluminiu de \u00eenalt\u0103 rezisten\u021b\u0103, aceste cilindri pot rezista la presiuni intense \u0219i sarcini grele, ceea ce le face potrivite pentru condi\u021bii dure de lucru.<\/li>\n<li><strong>Func\u021bionare hidraulic\u0103 eficient\u0103:<\/strong> Cilindrul bra\u021bului utilizeaz\u0103 presiunea fluidului hidraulic pentru a realiza o extensie \u0219i retragere lin\u0103, permi\u021b\u00e2nd r\u0103spunsuri rapide la comenzile de control, ceea ce este ideal pentru sarcini opera\u021bionale grele \u0219i complexe.<\/li>\n<li><strong>Diverse tipuri:<\/strong> Disponibil \u00een configura\u021bii cu ac\u021biune simpl\u0103 (ac\u021biune hidraulic\u0103 \u00eentr-o direc\u021bie) sau cu ac\u021biune dubl\u0103 (ac\u021biune hidraulic\u0103 \u00een ambele direc\u021bii), unele modele av\u00e2nd designuri telescopice pentru o raz\u0103 de ac\u021biune extins\u0103 f\u0103r\u0103 a cre\u0219te dimensiunile exterioare.<\/li>\n<li><strong>Rezisten\u021b\u0103 \u00eembun\u0103t\u0103\u021bit\u0103 la uzur\u0103:<\/strong> Conceput s\u0103 reziste la abraziune \u0219i coroziune, contribuind la o durat\u0103 de via\u021b\u0103 mai lung\u0103 \u0219i la reducerea nevoilor de \u00eentre\u021binere.<\/li>\n<li><strong>Op\u021biuni personalizabile:<\/strong> Specifica\u021bii personalizate pentru a satisface nevoile \u0219i preferin\u021bele opera\u021bionale specifice, asigur\u00e2nd performan\u021be optime \u00een diverse aplica\u021bii.<\/li>\n<\/ul>\n<p>Putem fabrica acest produs, iar produsele noastre pot \u00eenlocui perfect ace\u0219ti cilindri hidraulici.<\/p>\n<p><img decoding=\"async\" src=\"https:\/\/www.hydraulic-cylinders.net\/wp-content\/uploads\/2025\/04\/songte-cylinder-head-with-all-kinds-excavator-models.webp\" alt=\"Modele de excavatoare\"><\/p>\n<h2>Scenarii de aplica\u021bii<\/h2>\n<h3>Echipamente de construc\u021bii<\/h3>\n<p>\u00cen excavatoare, cilindrii bra\u021bului sunt esen\u021biali pentru s\u0103pare, \u00eenc\u0103rcare \u0219i mutarea solului sau a resturilor. Ace\u0219tia ofer\u0103 for\u021ba necesar\u0103 pentru a p\u0103trunde \u00een sol \u0219i a reloca materialele eficient. F\u0103r\u0103 un cilindru bra\u021b care func\u021bioneaz\u0103 corect, performan\u021ba excavatorului ar fi sever limitat\u0103, ceea ce ar duce la cre\u0219terea timpilor de proiect \u0219i a costurilor opera\u021bionale.<\/p>\n<h3>Ma\u0219ini agricole<\/h3>\n<p>\u00cen cazul \u00eenc\u0103rc\u0103toarelor frontale, cilindrii bra\u021bului faciliteaz\u0103 scoaterea, ridicarea \u0219i transportul solului, f\u00e2nului \u0219i altor materiale. Ace\u0219tia sunt vitali pentru opera\u021biuni precum \u00eenc\u0103rcarea camioanelor sau transferul materialelor c\u0103tre diferite loca\u021bii, asigur\u00e2nd productivitatea \u00een practicile agricole.<\/p>\n<h3>Excavatoare<\/h3>\n<p>Cilindrul bra\u021bului permite cupei s\u0103 p\u0103trund\u0103 \u00een sol, efectu\u00e2nd astfel ac\u021biuni de s\u0103pare eficient. Aceast\u0103 capacitate este esen\u021bial\u0103 pentru atingerea unor ad\u00e2ncimi precise \u0219i mutarea unor cantit\u0103\u021bi semnificative de p\u0103m\u00e2nt, aspect critic \u00een proiectele de construc\u021bii \u0219i amenaj\u0103ri peisagistice.<\/p>\n<h3>\u00cenc\u0103rc\u0103toare<\/h3>\n<p>La \u00eenc\u0103rc\u0103toarele frontale, cilindrii bra\u021bului ajut\u0103 la ridicarea \u0219i desc\u0103rcarea eficient\u0103 a \u00eenc\u0103rc\u0103turilor. Ace\u0219tia sporesc capacitatea ma\u0219inii de a transporta materiale grele, asigur\u00e2nd finalizarea eficient\u0103 a sarcinilor \u0219i optimiz\u00e2nd fluxul de lucru \u00een diverse opera\u021biuni.<\/p>\n<h2>Considera\u021bii de proiectare<\/h2>\n<h3>Capacitate de \u00eenc\u0103rcare<\/h3>\n<p>Capacitatea de \u00eenc\u0103rcare a unui cilindru al bra\u021bului este crucial\u0103 pentru a asigura c\u0103 acesta poate gestiona greutatea \u0219i stresul materialelor manipulate. Capacit\u0103\u021bile de \u00eenc\u0103rcare mai mari permit o versatilitate sporit\u0103 \u00een opera\u021biuni, g\u0103zduind sarcini mai mari \u0219i mai grele f\u0103r\u0103 riscul deterior\u0103rii sau defec\u021biunii sistemului hidraulic.<\/p>\n<h3>Sigilare<\/h3>\n<p>Etan\u0219area eficient\u0103 este esen\u021bial\u0103 pentru a preveni scurgerile de fluid hidraulic, care pot compromite at\u00e2t performan\u021ba, c\u00e2t \u0219i siguran\u021ba. Garnituri de \u00eenalt\u0103 calitate trebuie utilizate pentru a men\u021bine presiunea \u00een interiorul cilindrului \u0219i a asigura o func\u021bionare eficient\u0103, reduc\u00e2nd riscul de pierdere \u0219i contaminare a fluidului hidraulic.<\/p>\n<h3>Durabilitate<\/h3>\n<p>Durabilitatea este un factor semnificativ \u00een proiectarea cilindrilor bra\u021bului, deoarece ace\u0219tia sunt frecvent supu\u0219i unor condi\u021bii dure. Materialele \u0219i acoperirile care rezist\u0103 la uzur\u0103 \u0219i coroziune sunt utilizate pentru a spori longevitatea \u0219i a reduce nevoile de \u00eentre\u021binere, ceea ce duce \u00een cele din urm\u0103 la costuri opera\u021bionale mai mici.<\/p>\n<h3>Siguran\u0163\u0103<\/h3>\n<p>Caracteristicile de siguran\u021b\u0103 trebuie integrate \u00een proiectare pentru a proteja operatorii \u0219i persoanele din jur \u00een timpul func\u021bion\u0103rii. Acestea includ mecanisme care previn mi\u0219c\u0103rile nea\u0219teptate \u0219i ofer\u0103 indicatori vizuali clari ai st\u0103rii cilindrului pentru a evita accidentele.<\/p>\n<h3>Mentenabilitate<\/h3>\n<p>Proiectarea cilindrilor bra\u021bului pentru o \u00eentre\u021binere u\u0219oar\u0103 asigur\u0103 o \u00eentre\u021binere rapid\u0103 \u0219i eficient\u0103 a acestora. Aceasta include accesibilitatea la componentele critice pentru inspec\u021bie, lubrifiere \u0219i \u00eenlocuire, reduc\u00e2nd astfel la minimum timpul de nefunc\u021bionare \u0219i sporind fiabilitatea general\u0103 a utilajelor.<\/p>\n<p><img decoding=\"async\" src=\"https:\/\/www.hydraulic-cylinders.net\/wp-content\/uploads\/2025\/04\/songte-oil-pipes-and-spare-parts.webp\" alt=\"Conducte de petrol \u0219i piese de schimb\"><\/p>\n<h2>Etan\u0219are \u0219i lubrifiere<\/h2>\n<p>Etan\u0219area \u0219i lubrifierea eficient\u0103 a cilindrului bra\u021bului sunt esen\u021biale pentru performan\u021ba \u0219i longevitatea acestuia. Diverse componente de etan\u0219are, cum ar fi etan\u0219\u0103rile pistonului \u0219i etan\u0219\u0103rile tijei, joac\u0103 un rol \u00een men\u021binerea presiunii hidraulice \u0219i prevenirea scurgerilor de fluid. Selectarea etan\u0219\u0103rilor fabricate din materiale rezistente la uzur\u0103, cum ar fi poliuretanul \u0219i cauciucul nitrilic, spore\u0219te durabilitatea \u0219i reduce frecven\u021ba \u00eenlocuirilor.<\/p>\n<p>\u00cen plus, corpul cilindrului \u0219i suprafe\u021bele filetate ale cap\u0103tului trebuie supuse unor prelucr\u0103ri fine pentru a \u00eembun\u0103t\u0103\u021bi rezisten\u021ba la uzur\u0103, asigur\u00e2nd o durat\u0103 de via\u021b\u0103 mai lung\u0103. Ad\u0103ugarea regulat\u0103 a cantit\u0103\u021bii potrivite de ulei hidraulic pentru lubrifiere este crucial\u0103, deoarece reduce frecarea dintre piesele \u00een mi\u0219care, sporind astfel eficien\u021ba opera\u021bional\u0103.<\/p>\n<h2>M\u0103suri de \u00eentre\u021binere preventiv\u0103<\/h2>\n<ul>\n<li><strong>Inspec\u021bii regulate:<\/strong> Programa\u021bi verific\u0103ri de rutin\u0103 pentru semne de uzur\u0103, deteriorare sau scurgeri. Evalu\u0103rile regulate ajut\u0103 la identificarea poten\u021bialelor probleme \u00eenainte ca acestea s\u0103 se agraveze, asigur\u00e2nd buna func\u021bionare a cilindrului bra\u021bului.<\/li>\n<li><strong>Lubrifiere adecvat\u0103:<\/strong> Asigura\u021bi-v\u0103 c\u0103 nivelurile uleiului hidraulic sunt adecvate \u0219i c\u0103 uleiul utilizat \u00eendepline\u0219te specifica\u021biile produc\u0103torului. Lubrifierea adecvat\u0103 minimizeaz\u0103 frecarea, prelunge\u0219te durata de via\u021b\u0103 a componentelor \u0219i men\u021bine func\u021bionarea eficient\u0103.<\/li>\n<li><strong>\u00cenlocuiri de garnituri:<\/strong> Inspecta\u021bi periodic garniturile \u0219i \u00eenlocui\u021bi-le dup\u0103 cum este necesar pentru a preveni scurgerile \u0219i a men\u021bine presiunea hidraulic\u0103. \u00cenlocuirea la timp a garniturilor asigur\u0103 performan\u021be optime \u0219i previne defec\u021biunile costisitoare.<\/li>\n<\/ul>\n<h2>Instruc\u021biuni de instalare<\/h2>\n<p>Instalarea corect\u0103 a cilindrului bra\u021bului este esen\u021bial\u0103 pentru func\u021bionarea sa eficient\u0103. \u00cencepe\u021bi prin a v\u0103 asigura c\u0103 toate componentele sunt curate \u0219i f\u0103r\u0103 resturi \u00eenainte de asamblare. Alinia\u021bi cilindrul corespunz\u0103tor pentru a preveni blocarea \u00een timpul func\u021bion\u0103rii. Este recomandabil s\u0103 utiliza\u021bi console de montare adecvate pentru a fixa cilindrul \u00een pozi\u021bie, asigur\u00e2nd stabilitatea \u0219i reduc\u00e2nd la minimum vibra\u021biile.<\/p>\n<p>Conecta\u021bi cu aten\u021bie conductele hidraulice, asigur\u00e2ndu-v\u0103 c\u0103 nu str\u00e2nge\u021bi prea tare conexiunile, deoarece acestea pot provoca deterior\u0103ri. Testa\u021bi sistemul pentru scurgeri dup\u0103 instalare \u0219i efectua\u021bi o verificare func\u021bional\u0103 am\u0103nun\u021bit\u0103 pentru a confirma c\u0103 cilindrul func\u021bioneaz\u0103 conform a\u0219tept\u0103rilor. Respectarea acestor instruc\u021biuni va ajuta la asigurarea unei durate lungi de via\u021b\u0103 \u0219i a unei performan\u021be eficiente a cilindrului bra\u021bului.<\/p>\n<h2>Sarcini comune de \u00eentre\u021binere<\/h2>\n<h3>Verific\u0103ri regulate<\/h3>\n<p>Inspec\u021biile regulate sunt vitale pentru identificarea uzurii sau a poten\u021bialelor puncte de defec\u021biune. Acestea includ verificarea scurgerilor, a zgomotelor neobi\u0219nuite sau a modific\u0103rilor de performan\u021b\u0103. Stabilirea unui program de \u00eentre\u021binere de rutin\u0103 permite interven\u021bii la timp, prevenind defec\u021biunile nea\u0219teptate \u0219i prelungind durata de via\u021b\u0103 a utilajelor.<\/p>\n<h3>Lubrifiere adecvat\u0103<\/h3>\n<p>Asigurarea lubrifierii adecvate a cilindrului bra\u021bului este crucial\u0103 pentru men\u021binerea performan\u021bei. Verifica\u021bi \u0219i reumple\u021bi periodic uleiul hidraulic, respect\u00e2nd specifica\u021biile furnizate de produc\u0103tor. Lubrifierea adecvat\u0103 reduce frecarea, \u00eembun\u0103t\u0103\u021be\u0219te eficien\u021ba \u0219i minimizeaz\u0103 uzura componentelor, prelungind \u00een cele din urm\u0103 durata de via\u021b\u0103 a cilindrului bra\u021bului.<\/p>\n<h3>\u00cenlocuirea \u0219i calibrarea etan\u0219\u0103rii<\/h3>\n<p>\u00cenlocuirea regulat\u0103 a garniturilor este esen\u021bial\u0103 pentru men\u021binerea presiunii hidraulice \u0219i prevenirea scurgerilor. Monitoriza\u021bi starea garniturilor \u0219i \u00eenlocui\u021bi-le la primele semne de deteriorare. \u00cen plus, calibrarea sistemului hidraulic asigur\u0103 performan\u021be optime \u0219i precizie \u00een opera\u021biuni, ceea ce este vital pentru sarcinile care necesit\u0103 acurate\u021be.<\/p>\n<p><img decoding=\"async\" src=\"https:\/\/www.hydraulic-cylinders.net\/wp-content\/uploads\/2025\/04\/songte-chushion-collar.webp\" alt=\"Guler Chushion\"><\/p>\n<h2>Considera\u021bii de siguran\u021b\u0103<\/h2>\n<p>Atunci c\u00e2nd se lucreaz\u0103 cu sisteme hidraulice, m\u0103surile de siguran\u021b\u0103 sunt primordiale. O instruire adecvat\u0103 privind utilizarea cilindrilor bra\u021bului este esen\u021bial\u0103 pentru a evita accidentele. Purta\u021bi \u00eentotdeauna echipament individual de protec\u021bie (EIP) adecvat \u0219i asigura\u021bi-v\u0103 c\u0103 zona de lucru este lipsit\u0103 de pericole. Stabilirea protocoalelor de siguran\u021b\u0103 \u0219i a procedurilor de urgen\u021b\u0103 poate atenua semnificativ riscurile asociate cu func\u021bionarea echipamentelor hidraulice.<\/p>\n<h2>Diagnosticarea defec\u021biunilor \u0219i probleme frecvente<\/h2>\n<ul>\n<li><strong>Scurgere:<\/strong> Prezen\u021ba fluidului hidraulic \u00een afara cilindrului poate indica o defec\u021biune a etan\u0219\u0103rii. Verific\u0103rile regulate pot ajuta la identificarea timpurie a problemelor, reduc\u00e2nd pierderile de fluid.<\/li>\n<li><strong>Performan\u021b\u0103 redus\u0103:<\/strong> Dac\u0103 cilindrul nu r\u0103spunde conform a\u0219tept\u0103rilor, verifica\u021bi nivelurile fluidului hidraulic \u0219i inspecta\u021bi dac\u0103 exist\u0103 blocaje \u00een conductele hidraulice.<\/li>\n<li><strong>Zgomote neobi\u0219nuite:<\/strong> Sunetele de scr\u00e2\u0219net sau zdr\u0103ng\u0103nit pot sugera probleme mecanice sau lipsa lubrifierii. Investiga\u021bi \u0219i remedia\u021bi aceste sunete prompt pentru a evita deteriorarea ulterioar\u0103.<\/li>\n<\/ul>\n<h2>Sfaturi de depanare<\/h2>\n<p>Pentru a diagnostica \u0219i rezolva eficient problemele legate de cilindrul bra\u021bului, \u00eencepe\u021bi prin efectuarea unei inspec\u021bii am\u0103nun\u021bite a tuturor componentelor. Verifica\u021bi dac\u0103 exist\u0103 semne vizibile de uzur\u0103 sau deteriorare \u0219i asigura\u021bi-v\u0103 c\u0103 nivelurile fluidului hidraulic sunt adecvate. Dac\u0103 se detecteaz\u0103 scurgeri, \u00eenlocui\u021bi garniturile dup\u0103 cum este necesar \u0219i verifica\u021bi dac\u0103 conexiunile corecte ale conductelor hidraulice sunt corecte. Prin implementarea unor m\u0103suri preventive, cum ar fi \u00eentre\u021binerea regulat\u0103 \u0219i repara\u021biile la timp, operatorii pot minimiza riscul de defec\u021biuni majore \u0219i pot prelungi durata de via\u021b\u0103 a sistemelor lor hidraulice.<\/p>\n<p><img decoding=\"async\" src=\"https:\/\/www.hydraulic-cylinders.net\/wp-content\/uploads\/2025\/04\/songte-bushings-with-all-kinds-of-excavator-models.webp\" alt=\"Buc\u0219e cu modele de excavatoare\"><\/p>\n<h2>Despre compania noastr\u0103<\/h2>\n<p>Suntem un produc\u0103tor important de cilindri hidraulici, specializa\u021bi \u00een solu\u021bii de \u00eenlocuire pentru diverse aplica\u021bii. Gama noastr\u0103 extins\u0103 de produse ne-a pozi\u021bionat ca unul dintre cei mai importan\u021bi produc\u0103tori \u0219i angrosi\u0219ti \u200b\u200bat\u00e2t pe pie\u021bele interne, c\u00e2t \u0219i pe cele interna\u021bionale. Ader\u0103m la excelen\u021b\u0103 \u00een calitate \u0219i folosim o strategie rafinat\u0103 de management al produc\u021biei.<\/p>\n<p>Compania noastr\u0103 \u00ee\u0219i \u00eembun\u0103t\u0103\u021be\u0219te continuu capacit\u0103\u021bile de produc\u021bie prin tehnicieni califica\u021bi, echipamente digitale de produc\u021bie de ultim\u0103 genera\u021bie \u0219i sisteme profesionale de testare. Pun\u00e2nd un accent puternic pe eficien\u021b\u0103, precizie \u0219i calitate, ne angaj\u0103m s\u0103 satisfacem diversele nevoi ale clien\u021bilor, asigur\u00e2nd \u00een acela\u0219i timp o fiabilitate superioar\u0103 a produselor.<\/p>\n<p><img decoding=\"async\" src=\"https:\/\/www.hydraulic-cylinders.net\/wp-content\/uploads\/2025\/04\/songte-company-4.webp\" alt=\"Prezentare general\u0103 a companiei\"><br \/>\n<img decoding=\"async\" src=\"https:\/\/www.hydraulic-cylinders.net\/wp-content\/uploads\/2025\/04\/songte-company-3.webp\" alt=\"Facilit\u0103\u021bi ale companiei\"><\/p>\n<p>Autor: lyl<\/p>","protected":false},"excerpt":{"rendered":"<p>Boom Cylinder For Bonny WZY42-7 Product Overview The Boom Cylinder for Bonny WZY42-7 is a specialized hydraulic cylinder designed to control the movement of heavy machinery buckets, such as those found in excavators, backhoe loaders, and front loaders. Bucket cylinders allow for the lifting, lowering, and tilting of buckets, facilitating efficient material handling tasks. These [&hellip;]<\/p>","protected":false},"featured_media":17876,"comment_status":"open","ping_status":"closed","template":"","meta":{"_et_pb_use_builder":"","_et_pb_old_content":"","_et_gb_content_width":""},"product_brand":[],"product_cat":[1546],"product_tag":[1547,1496],"class_list":{"0":"post-19658","1":"product","2":"type-product","3":"status-publish","4":"has-post-thumbnail","6":"product_cat-boom-cylinders","7":"product_tag-boom-cylinders","8":"product_tag-hydraulic-cylinders","10":"first","11":"instock","12":"shipping-taxable","13":"product-type-simple"},"amp_enabled":true,"_links":{"self":[{"href":"https:\/\/www.hydraulic-cylinders.net\/ro\/wp-json\/wp\/v2\/product\/19658","targetHints":{"allow":["GET"]}}],"collection":[{"href":"https:\/\/www.hydraulic-cylinders.net\/ro\/wp-json\/wp\/v2\/product"}],"about":[{"href":"https:\/\/www.hydraulic-cylinders.net\/ro\/wp-json\/wp\/v2\/types\/product"}],"replies":[{"embeddable":true,"href":"https:\/\/www.hydraulic-cylinders.net\/ro\/wp-json\/wp\/v2\/comments?post=19658"}],"wp:featuredmedia":[{"embeddable":true,"href":"https:\/\/www.hydraulic-cylinders.net\/ro\/wp-json\/wp\/v2\/media\/17876"}],"wp:attachment":[{"href":"https:\/\/www.hydraulic-cylinders.net\/ro\/wp-json\/wp\/v2\/media?parent=19658"}],"wp:term":[{"taxonomy":"product_brand","embeddable":true,"href":"https:\/\/www.hydraulic-cylinders.net\/ro\/wp-json\/wp\/v2\/product_brand?post=19658"},{"taxonomy":"product_cat","embeddable":true,"href":"https:\/\/www.hydraulic-cylinders.net\/ro\/wp-json\/wp\/v2\/product_cat?post=19658"},{"taxonomy":"product_tag","embeddable":true,"href":"https:\/\/www.hydraulic-cylinders.net\/ro\/wp-json\/wp\/v2\/product_tag?post=19658"}],"curies":[{"name":"wp","href":"https:\/\/api.w.org\/{rel}","templated":true}]}}