{"id":19661,"date":"2025-04-07T07:00:20","date_gmt":"2025-04-07T07:00:20","guid":{"rendered":"https:\/\/www.hydraulic-cylinders.net\/product\/boom-cylinder-for-bonny-wzt46-7-45-7\/"},"modified":"2025-04-07T07:00:22","modified_gmt":"2025-04-07T07:00:22","slug":"boom-cylinder-for-bonny-wzt46-7-45-7","status":"publish","type":"product","link":"https:\/\/www.hydraulic-cylinders.net\/ro\/produs\/boom-cylinder-for-bonny-wzt46-7-45-7\/","title":{"rendered":"Cilindru de bra\u021b pentru Bonny WZT46-7\/45-7"},"content":{"rendered":"<h1>Cilindru de bra\u021b pentru Bonny WZT46-7\/45-7<\/h1>\n<h2>Introducere \u00een cilindrii bra\u021bului<\/h2>\n<p>Un cilindru hidraulic al bra\u021bului este un tip de cilindru hidraulic special conceput pentru a controla mi\u0219carea cupelor \u00een diverse utilaje grele, cum ar fi excavatoarele, \u00eenc\u0103rc\u0103toarele cu excavator \u0219i \u00eenc\u0103rc\u0103toarele frontale. Ace\u0219ti cilindri permit ridicarea, cobor\u00e2rea \u0219i \u00eenclinarea cupei, facilit\u00e2nd sarcinile de manipulare a materialelor. Cilindrul bra\u021bului joac\u0103 un rol crucial \u00een sistemele hidraulice, oferind puterea \u0219i precizia necesare pentru o func\u021bionare eficient\u0103 \u00een aplica\u021biile de construc\u021bii \u0219i agricultur\u0103.<\/p>\n<p><img decoding=\"async\" src=\"https:\/\/www.hydraulic-cylinders.net\/wp-content\/uploads\/2025\/04\/songte-company-1.webp\" alt=\"Cilindru de bra\u021b\" \/><\/p>\n<h2>Caracteristicile cilindrului bra\u021bului<\/h2>\n<ul>\n<li>\n<h3>Rezisten\u021b\u0103 \u0219i durabilitate ridicate<\/h3>\n<p>Construi\u021bi din o\u021bel sau aluminiu de \u00eenalt\u0103 rezisten\u021b\u0103, ace\u0219ti cilindri pot rezista la presiuni ridicate \u0219i sarcini grele, ceea ce \u00eei face potrivi\u021bi pentru medii de lucru dure. Sunt proiecta\u021bi av\u00e2nd \u00een vedere rezisten\u021ba la uzur\u0103 \u0219i la coroziune, prelungindu-le durata de via\u021b\u0103.<\/p>\n<\/li>\n<li>\n<h3>Func\u021bionare hidraulic\u0103 eficient\u0103<\/h3>\n<p>Prin utilizarea presiunii uleiului hidraulic, cilindrii bra\u021bului realizeaz\u0103 mi\u0219c\u0103ri line de extensie \u0219i retragere, oferind un r\u0103spuns rapid la comenzile de control \u0219i furniz\u00e2nd o for\u021b\u0103 puternic\u0103 de \u00eempingere-tragere, ideal\u0103 pentru manipularea obiectelor grele \u0219i a sarcinilor complexe.<\/p>\n<\/li>\n<li>\n<h3>Diverse tipuri<\/h3>\n<p>Disponibile \u00een configura\u021bii cu ac\u021biune simpl\u0103 (func\u021bioneaz\u0103 \u00eentr-o singur\u0103 direc\u021bie) sau cu ac\u021biune dubl\u0103 (func\u021bioneaz\u0103 \u00een ambele direc\u021bii) pentru a satisface diferite nevoi opera\u021bionale; unele modele sunt telescopice, permi\u021b\u00e2nd o extensie mai mare f\u0103r\u0103 a cre\u0219te dimensiunile exterioare, perfecte pentru aplica\u021bii cu spa\u021biu limitat.<\/p>\n<\/li>\n<\/ul>\n<p>Produsele noastre pot \u00eenlocui perfect ace\u0219ti cilindri hidraulici.<\/p>\n<p><img decoding=\"async\" src=\"https:\/\/www.hydraulic-cylinders.net\/wp-content\/uploads\/2025\/04\/songte-cylinder-head-with-all-kinds-excavator-models.webp\" alt=\"Modele de excavatoare\" \/><\/p>\n<h2>Aplica\u021bii ale cilindrilor bra\u021bului<\/h2>\n<ul>\n<li>\n<h3>Echipamente de construc\u021bii<\/h3>\n<p>\u00cen excavatoare, cilindrii bra\u021bului sunt cruciali pentru s\u0103pare, \u00eenc\u0103rcare \u0219i mutarea p\u0103m\u00e2ntului sau a resturilor. Ace\u0219tia ofer\u0103 for\u021ba necesar\u0103 pentru a p\u0103trunde \u00een sol \u0219i a ridica materialele eficient. \u00cen cazul \u00eenc\u0103rc\u0103toarelor excavatoare, ace\u0219tia ajut\u0103 at\u00e2t la opera\u021biunile de s\u0103pare, c\u00e2t \u0219i la cele de ridicare, ceea ce le face versatile \u00een sarcinile de construc\u021bie.<\/p>\n<\/li>\n<li>\n<h3>Ma\u0219ini agricole<\/h3>\n<p>Utiliza\u021bi \u00een \u00eenc\u0103rc\u0103toarele frontale, ace\u0219ti cilindri faciliteaz\u0103 scoaterea, ridicarea \u0219i transportul solului, f\u00e2nului \u0219i altor materiale. Capacitatea cilindrului bra\u021bului de a oferi o capacitate mare de ridicare asigur\u0103 executarea u\u0219oar\u0103 \u0219i eficient\u0103 a sarcinilor agricole.<\/p>\n<\/li>\n<\/ul>\n<h2>Considera\u021bii de proiectare \u0219i criterii de selec\u021bie<\/h2>\n<ul>\n<li>\n<h3>Capacitate de \u00eenc\u0103rcare<\/h3>\n<p>Este vital s\u0103 selecta\u021bi un cilindru pentru bra\u021b care s\u0103 poat\u0103 face fa\u021b\u0103 cerin\u021belor specifice de sarcin\u0103 ale utilajului \u00een care va fi utilizat. Capacitatea de \u00eenc\u0103rcare a cilindrului trebuie testat\u0103 \u00een diverse condi\u021bii pentru a se asigura c\u0103 \u00eendepline\u0219te cerin\u021bele opera\u021bionale.<\/p>\n<\/li>\n<li>\n<h3>Performan\u021ba de etan\u0219are<\/h3>\n<p>Etan\u0219area eficient\u0103 este esen\u021bial\u0103 pentru a preveni scurgerile de fluid hidraulic, care pot compromite eficien\u021ba \u0219i siguran\u021ba cilindrului. Trebuie utilizate materiale \u0219i modele de etan\u0219are de \u00eenalt\u0103 calitate pentru a men\u021bine integritatea sub presiune.<\/p>\n<\/li>\n<li>\n<h3>Durabilitate<\/h3>\n<p>Alegerea materialelor care rezist\u0103 la uzur\u0103 \u0219i coroziune va prelungi durata de via\u021b\u0103 a cilindrului. Evalu\u0103rile regulate ale st\u0103rii cilindrului pot ajuta la identificarea poten\u021bialelor probleme \u00eenainte ca acestea s\u0103 duc\u0103 la defec\u021biuni.<\/p>\n<\/li>\n<li>\n<h3>Caracteristici de siguran\u021b\u0103<\/h3>\n<p>Incorporarea caracteristicilor de siguran\u021b\u0103, cum ar fi protec\u021bia la suprasarcin\u0103 \u0219i mecanismele de declan\u0219are de urgen\u021b\u0103, spore\u0219te siguran\u021ba \u00een func\u021bionare. Operatorii trebuie s\u0103 se asigure c\u0103 aceste caracteristici sunt func\u021bionale \u0219i \u00eentre\u021binute periodic.<\/p>\n<\/li>\n<li>\n<h3>Accesibilitate pentru \u00eentre\u021binere<\/h3>\n<p>Proiectarea cilindrilor pentru o \u00eentre\u021binere u\u0219oar\u0103, inclusiv lubrifierea \u0219i \u00eenlocuirea garniturilor, asigur\u0103 c\u0103 ace\u0219tia r\u0103m\u00e2n opera\u021bionali cu timpi de nefunc\u021bionare minimi. Aceasta include luarea \u00een considerare a punctelor de acces pentru service.<\/p>\n<\/li>\n<\/ul>\n<p><img decoding=\"async\" src=\"https:\/\/www.hydraulic-cylinders.net\/wp-content\/uploads\/2025\/04\/songte-oil-pipes-and-spare-parts.webp\" alt=\"Conducte de petrol \u0219i piese de schimb\" \/><\/p>\n<h2>Etan\u0219are \u0219i lubrifiere<\/h2>\n<p>Utilizarea diverselor componente de etan\u0219are, cum ar fi etan\u0219\u0103rile pistonului \u0219i etan\u0219\u0103rile tijei, este esen\u021bial\u0103 pentru men\u021binerea eficien\u021bei hidraulice. Etan\u0219\u0103rile fabricate din materiale precum poliuretanul \u0219i cauciucul nitrilic asigur\u0103 durabilitatea \u00eempotriva uzurii. Corpul cilindrului \u0219i capetele filetate trebuie supuse unor prelucr\u0103ri fine pentru a spori rezisten\u021ba la uzur\u0103. Lubrifierea regulat\u0103 cu ulei hidraulic este necesar\u0103 pentru a men\u021bine o func\u021bionare lin\u0103 \u0219i a preveni uzura prematur\u0103.<\/p>\n<h2>M\u0103suri de \u00eentre\u021binere preventiv\u0103<\/h2>\n<ul>\n<li>\n<h3>Inspec\u021bii regulate<\/h3>\n<p>Efectuarea inspec\u021biilor periodice ale cilindrului bra\u021bului ajut\u0103 la identificarea tiparelor de uzur\u0103, a scurgerilor sau a altor probleme poten\u021biale \u00eenainte ca acestea s\u0103 se transforme \u00een probleme semnificative. Operatorii ar trebui s\u0103 documenteze aceste inspec\u021bii pentru referin\u021be ulterioare.<\/p>\n<\/li>\n<li>\n<h3>Lubrifiere adecvat\u0103<\/h3>\n<p>Asigurarea lubrifierii adecvate \u0219i la timp este esen\u021bial\u0103 pentru performan\u021ba cilindrului bra\u021bului. Operatorii trebuie s\u0103 respecte instruc\u021biunile produc\u0103torului privind intervalele \u0219i metodele de lubrifiere pentru a maximiza eficien\u021ba.<\/p>\n<\/li>\n<li>\n<h3>\u00cenlocuirea garniturii<\/h3>\n<p>Verificarea \u0219i \u00eenlocuirea regulat\u0103 a garniturilor de etan\u0219are este vital\u0103 pentru a preveni scurgerile de fluid hidraulic. Operatorii ar trebui s\u0103 se familiarizeze cu semnele de degradare a garniturilor de etan\u0219are, cum ar fi performan\u021ba sc\u0103zut\u0103 sau scurgerile vizibile.<\/p>\n<\/li>\n<\/ul>\n<h2>Instruc\u021biuni de instalare<\/h2>\n<p>La instalarea unui cilindru de bra\u021b, este esen\u021bial s\u0103 urma\u021bi ace\u0219ti pa\u0219i: Mai \u00eent\u00e2i, asigura\u021bi-v\u0103 c\u0103 spa\u021biul de lucru este curat \u0219i f\u0103r\u0103 resturi. Alinia\u021bi cilindrul corect cu punctele de montare ale utilajului, utiliz\u00e2nd console de montare adecvate pentru a-l fixa. Str\u00e2nge\u021bi cu aten\u021bie \u0219uruburile conform specifica\u021biilor produc\u0103torului, asigur\u00e2nd o fixare perfect\u0103, f\u0103r\u0103 a str\u00e2nge excesiv, deoarece acest lucru poate deteriora cilindrul. \u00cen cele din urm\u0103, verifica\u021bi \u00eenc\u0103 o dat\u0103 alinierea \u0219i func\u021bionalitatea opera\u021bional\u0103 \u00eenainte de a pune sistemul \u00een func\u021biune.<\/p>\n<p><img decoding=\"async\" src=\"https:\/\/www.hydraulic-cylinders.net\/wp-content\/uploads\/2025\/04\/songte-chushion-collar.webp\" alt=\"Guler de pern\u0103\" \/><\/p>\n<h2>Considera\u021bii de siguran\u021b\u0103 \u0219i factori de mediu<\/h2>\n<p>M\u0103surile de siguran\u021b\u0103 sunt primordiale atunci c\u00e2nd se opereaz\u0103 sisteme hidraulice. Operatorii trebuie instrui\u021bi s\u0103 recunoasc\u0103 poten\u021bialele pericole asociate cu cilindrii hidraulici, inclusiv riscul de rupturi bru\u0219te sau scurgeri. Implementarea protocoalelor de siguran\u021b\u0103 \u0219i utilizarea echipamentului individual de protec\u021bie (EIP) pot minimiza riscurile. \u00cen plus, factorii de mediu, cum ar fi eliminarea corect\u0103 a fluidelor hidraulice \u0219i reciclarea componentelor vechi, ar trebui lua\u021bi \u00een considerare pentru a reduce impactul asupra mediului.<\/p>\n<h2>Diagnosticarea defec\u021biunilor \u0219i probleme frecvente<\/h2>\n<ul>\n<li>\n<h3>Scurgere<\/h3>\n<p>Scurgerile de fluid hidraulic pot proveni de la garnituri uzate sau fitinguri deteriorate. Inspec\u021biile regulate pot ajuta la detectarea timpurie a scurgerilor, permi\u021b\u00e2nd repara\u021bii la timp.<\/p>\n<\/li>\n<li>\n<h3>Performan\u021b\u0103 inconsistent\u0103<\/h3>\n<p>Problemele de mi\u0219care sau performan\u021b\u0103 inconsistente pot indica probleme cu presiunea hidraulic\u0103, necesit\u00e2nd verificarea nivelurilor de fluid hidraulic \u0219i a func\u021bionalit\u0103\u021bii pompei.<\/p>\n<\/li>\n<li>\n<h3>Daune fizice<\/h3>\n<p>Deteriorarea fizic\u0103 a cilindrului poate ap\u0103rea din cauza impacturilor sau a sarcinilor excesive. Operatorii trebuie s\u0103 inspecteze cilindrul \u00een mod regulat pentru a depista semne de deteriorare \u0219i s\u0103 ia m\u0103suri corective, dup\u0103 cum este necesar.<\/p>\n<\/li>\n<\/ul>\n<h2>Sfaturi de depanare<\/h2>\n<p>Pentru a diagnostica \u0219i rezolva eficient problemele, operatorii ar trebui s\u0103 \u021bin\u0103 un jurnal al anomaliilor de performan\u021b\u0103 \u0219i al istoricului de \u00eentre\u021binere. Aceste informa\u021bii pot ajuta la identificarea tiparelor care duc la probleme recurente. Instruirea regulat\u0103 privind procedurile de depanare poate permite operatorilor s\u0103 abordeze problemele \u00een mod proactiv. Implementarea unui program de \u00eentre\u021binere preventiv\u0103 va ajuta, de asemenea, la atenuarea poten\u021bialelor defec\u021biuni \u00eenainte ca acestea s\u0103 apar\u0103.<\/p>\n<p><img decoding=\"async\" src=\"https:\/\/www.hydraulic-cylinders.net\/wp-content\/uploads\/2025\/04\/songte-bushings-with-all-kinds-of-excavator-models.webp\" alt=\"Buc\u0219e\" \/><\/p>\n<h2>Prezentare general\u0103 a companiei<\/h2>\n<p>Suntem un produc\u0103tor de cilindri hidraulici de schimb, recunoscu\u021bi ca unul dintre principalii produc\u0103tori \u0219i distribuitori angro at\u00e2t pe pie\u021bele interne, c\u00e2t \u0219i interna\u021bionale. Compania noastr\u0103 ader\u0103 la excelen\u021b\u0103 \u00een calitate, valorific\u00e2nd strategii rafinate de fabrica\u021bie \u00een atelier pentru a \u00eembun\u0103t\u0103\u021bi managementul produc\u021biei. Concentr\u00e2ndu-ne pe personal calificat, echipamente digitale avansate de fabrica\u021bie \u0219i sisteme de testare specializate, ne \u00eembun\u0103t\u0103\u021bim continuu platformele de fabrica\u021bie. Angajamentul nostru fa\u021b\u0103 de eficien\u021b\u0103, precizie \u0219i calitate ne permite s\u0103 satisfacem eficient diversele cerin\u021be ale clien\u021bilor.<\/p>\n<p><img decoding=\"async\" src=\"https:\/\/www.hydraulic-cylinders.net\/wp-content\/uploads\/2025\/04\/songte-company-4.webp\" alt=\"Prezentare general\u0103 a companiei\" \/><br \/>\n<img decoding=\"async\" src=\"https:\/\/www.hydraulic-cylinders.net\/wp-content\/uploads\/2025\/04\/songte-company-3.webp\" alt=\"Prezentare general\u0103 a companiei\" \/><\/p>\n<p>Autor: lyl<\/p>","protected":false},"excerpt":{"rendered":"<p>Boom Cylinder For Bonny WZT46-7\/45-7 Introduction to Boom Cylinders A boom cylinder is a type of hydraulic cylinder specifically designed to control the movement of buckets in various heavy machinery, such as excavators, backhoe loaders, and front-end loaders. These cylinders enable the bucket to lift, lower, and tilt, facilitating material handling tasks. The boom cylinder [&hellip;]<\/p>","protected":false},"featured_media":17879,"comment_status":"open","ping_status":"closed","template":"","meta":{"_et_pb_use_builder":"","_et_pb_old_content":"","_et_gb_content_width":""},"product_brand":[],"product_cat":[1546],"product_tag":[1547,1496],"class_list":{"0":"post-19661","1":"product","2":"type-product","3":"status-publish","4":"has-post-thumbnail","6":"product_cat-boom-cylinders","7":"product_tag-boom-cylinders","8":"product_tag-hydraulic-cylinders","10":"first","11":"instock","12":"shipping-taxable","13":"product-type-simple"},"amp_enabled":true,"_links":{"self":[{"href":"https:\/\/www.hydraulic-cylinders.net\/ro\/wp-json\/wp\/v2\/product\/19661","targetHints":{"allow":["GET"]}}],"collection":[{"href":"https:\/\/www.hydraulic-cylinders.net\/ro\/wp-json\/wp\/v2\/product"}],"about":[{"href":"https:\/\/www.hydraulic-cylinders.net\/ro\/wp-json\/wp\/v2\/types\/product"}],"replies":[{"embeddable":true,"href":"https:\/\/www.hydraulic-cylinders.net\/ro\/wp-json\/wp\/v2\/comments?post=19661"}],"wp:featuredmedia":[{"embeddable":true,"href":"https:\/\/www.hydraulic-cylinders.net\/ro\/wp-json\/wp\/v2\/media\/17879"}],"wp:attachment":[{"href":"https:\/\/www.hydraulic-cylinders.net\/ro\/wp-json\/wp\/v2\/media?parent=19661"}],"wp:term":[{"taxonomy":"product_brand","embeddable":true,"href":"https:\/\/www.hydraulic-cylinders.net\/ro\/wp-json\/wp\/v2\/product_brand?post=19661"},{"taxonomy":"product_cat","embeddable":true,"href":"https:\/\/www.hydraulic-cylinders.net\/ro\/wp-json\/wp\/v2\/product_cat?post=19661"},{"taxonomy":"product_tag","embeddable":true,"href":"https:\/\/www.hydraulic-cylinders.net\/ro\/wp-json\/wp\/v2\/product_tag?post=19661"}],"curies":[{"name":"wp","href":"https:\/\/api.w.org\/{rel}","templated":true}]}}