{"id":19662,"date":"2025-04-07T07:00:22","date_gmt":"2025-04-07T07:00:22","guid":{"rendered":"https:\/\/www.hydraulic-cylinders.net\/product\/boom-cylinder-for-bonny-waydq50-5\/"},"modified":"2025-04-07T07:00:25","modified_gmt":"2025-04-07T07:00:25","slug":"boom-cylinder-for-bonny-waydq50-5","status":"publish","type":"product","link":"https:\/\/www.hydraulic-cylinders.net\/ro\/produs\/boom-cylinder-for-bonny-waydq50-5\/","title":{"rendered":"Cilindru bra\u021b pentru Bonny WAYDQ50-5"},"content":{"rendered":"<h1>Cilindru bra\u021b pentru Bonny WAYDQ50-5<\/h1>\n<h2>Introducere \u00een cilindrul bra\u021bului<\/h2>\n<p>Cilindrul bra\u021bului, special conceput pentru Bonny WAYDQ50-5, este o component\u0103 vital\u0103 \u00een sistemele hidraulice care controleaz\u0103 mi\u0219carea cupelor utilajelor grele. Acest cilindru hidraulic este utilizat \u00een principal pentru a gestiona func\u021bionarea cupelor \u00een excavatoare, excavatoare \u0219i \u00eenc\u0103rc\u0103toare frontale, permi\u021b\u00e2nd ridicarea, cobor\u00e2rea \u0219i \u00eenclinarea cupei, facilit\u00e2nd astfel sarcinile eficiente de manipulare a materialelor.<\/p>\n<p>Un cilindru al cupei este proiectat s\u0103 reziste la presiuni ridicate \u0219i sarcini grele, asigur\u00e2nd performan\u021be fiabile \u00een medii solicitante. Acesta joac\u0103 un rol crucial \u00een permiterea unui control precis asupra mi\u0219c\u0103rilor cupei, ceea ce este esen\u021bial pentru excavare, ridicare \u0219i transportul materialelor. Datorit\u0103 designului s\u0103u robust, cilindrul bra\u021bului spore\u0219te productivitatea \u0219i eficien\u021ba \u00een diverse aplica\u021bii.<\/p>\n<p><img decoding=\"async\" src=\"https:\/\/www.hydraulic-cylinders.net\/wp-content\/uploads\/2025\/04\/songte-company-1.webp\" alt=\"Imagine cilindru hidraulic\"><\/p>\n<h2>Caracteristicile cilindrului bra\u021bului<\/h2>\n<ul>\n<li>\n<h3>Rezisten\u021b\u0103 \u0219i durabilitate ridicate<\/h3>\n<p>De obicei, construi\u021bi din o\u021bel sau aluminiu de \u00eenalt\u0103 rezisten\u021b\u0103, ace\u0219ti cilindri pot suporta presiuni ridicate \u0219i sarcini grele, fiind potrivi\u021bi pentru condi\u021bii de lucru dure. Designul lor pune, de asemenea, accentul pe rezisten\u021ba la uzur\u0103 \u0219i protec\u021bia \u00eempotriva coroziunii, prelungindu-le durata de via\u021b\u0103.<\/li>\n<li>\n<h3>Func\u021bionare hidraulic\u0103 eficient\u0103<\/h3>\n<p>Utiliz\u00e2nd presiunea uleiului hidraulic, ace\u0219ti cilindri ofer\u0103 ac\u021biuni line de extensie \u0219i retragere, permi\u021b\u00e2nd o reac\u021bie rapid\u0103 la comenzile de control \u0219i oferind o for\u021b\u0103 substan\u021bial\u0103 de \u00eempingere \u0219i tragere, ideal\u0103 pentru manipularea obiectelor grele \u0219i efectuarea sarcinilor complexe.<\/li>\n<li>\n<h3>Diverse tipuri<\/h3>\n<p>Disponibile at\u00e2t \u00een \u200b\u200bvariante cu ac\u021biune simpl\u0103 (func\u021bioneaz\u0103 \u00eentr-o singur\u0103 direc\u021bie), c\u00e2t \u0219i \u00een variante cu ac\u021biune dubl\u0103 (func\u021bioneaz\u0103 \u00een ambele direc\u021bii), aceste cilindri pot satisface diferite nevoi opera\u021bionale. Unele modele sunt telescopice, permi\u021b\u00e2nd o extensie mai mare f\u0103r\u0103 a cre\u0219te dimensiunile exterioare, ceea ce le face potrivite pentru aplica\u021bii cu spa\u021biu limitat.<\/li>\n<li>\n<h3>Compatibilitate<\/h3>\n<p>Produsele noastre pot \u00eenlocui perfect cilindrii hidraulici existen\u021bi, asigur\u00e2nd o integrare \u0219i func\u021bionalitate f\u0103r\u0103 probleme \u00een diverse modele de utilaje.<\/li>\n<\/ul>\n<p><img decoding=\"async\" src=\"https:\/\/www.hydraulic-cylinders.net\/wp-content\/uploads\/2025\/04\/songte-cylinder-head-with-all-kinds-excavator-models.webp\" alt=\"Imaginea chiulasei\"><\/p>\n<h2>Aplica\u021bii ale cilindrului bra\u021bului<\/h2>\n<ul>\n<li>\n<h3>Echipamente de construc\u021bii<\/h3>\n<p>\u00cen excavatoare, cilindrii bra\u021bului sunt esen\u021biali pentru s\u0103pare, \u00eenc\u0103rcare \u0219i mutarea p\u0103m\u00e2ntului sau a molozului. Ace\u0219tia permit nu doar excavarea, ci \u0219i ridicarea materialelor, sporind versatilitatea \u0219i eficien\u021ba ma\u0219inii pe \u0219antierele de construc\u021bii.<\/h3>\n<\/li>\n<li>\n<h3>Ma\u0219ini agricole<\/h3>\n<p>\u00cen cazul \u00eenc\u0103rc\u0103toarelor frontale, ace\u0219ti cilindri faciliteaz\u0103 scoaterea, ridicarea \u0219i transportul solului, f\u00e2nului \u0219i altor materiale. Designul lor permite operatorilor s\u0103 efectueze sarcini agricole eficient, \u00eembun\u0103t\u0103\u021bind productivitatea \u00een opera\u021biunile agricole.<\/h3>\n<\/li>\n<li>\n<h3>Excavatoare<\/h3>\n<p>Cilindrii cupei permit excavatoarelor s\u0103 p\u0103trund\u0103 eficient \u00een sol, facilit\u00e2nd procesul de s\u0103pare. Func\u021bionalitatea lor este esen\u021bial\u0103 pentru ob\u021binerea unor performan\u021be optime \u00een diverse sarcini de terasament.<\/h3>\n<\/li>\n<li>\n<h3>\u00cenc\u0103rc\u0103toare<\/h3>\n<p>La \u00eenc\u0103rc\u0103toarele frontale, cilindrii bra\u021bului ajut\u0103 la ridicarea \u0219i desc\u0103rcarea eficient\u0103 a \u00eenc\u0103rc\u0103turilor, ceea ce le face indispensabile pentru manipularea materialelor \u00een aplica\u021biile de construc\u021bii \u0219i amenajare a teritoriului.<\/h3>\n<\/li>\n<\/ul>\n<h2>Considera\u021bii de proiectare \u0219i criterii de selec\u021bie<\/h2>\n<ul>\n<li>\n<h3>Capacitate de \u00eenc\u0103rcare<\/h3>\n<p>Atunci c\u00e2nd selecta\u021bi un cilindru pentru bra\u021b, este esen\u021bial s\u0103 lua\u021bi \u00een considerare capacitatea sa de \u00eenc\u0103rcare. Cilindrul trebuie s\u0103 poat\u0103 suporta greutatea maxim\u0103 pe care o va \u00eent\u00e2lni \u00een timpul opera\u021biunilor. Acest lucru asigur\u0103 siguran\u021ba \u0219i fiabilitatea \u00een scenariile de ridicare a greut\u0103\u021bilor mari. O capacitate de \u00eenc\u0103rcare adecvat\u0103 previne defec\u021biunile \u0219i prelunge\u0219te durata de via\u021b\u0103 a echipamentului.<\/h3>\n<\/li>\n<li>\n<h3>Sigilare<\/h3>\n<p>Etan\u0219area eficient\u0103 este vital\u0103 pentru prevenirea scurgerilor de fluid hidraulic. Garniturile de \u00eenalt\u0103 calitate, fabricate din materiale durabile precum poliuretanul \u0219i cauciucul nitrilic, sporesc fiabilitatea cilindrului. Etan\u0219area corect\u0103 asigur\u0103 performan\u021be optime \u0219i reduce costurile de \u00eentre\u021binere prin prevenirea pierderilor de fluid.<\/h3>\n<\/li>\n<li>\n<h3>Durabilitate<\/h3>\n<p>Durabilitatea este un factor semnificativ \u00een alegerea unui cilindru pentru bra\u021b. Materialele utilizate \u00een construc\u021bie \u0219i designul general trebuie s\u0103 reziste la condi\u021bii dure de lucru, inclusiv temperaturi extreme, umiditate \u0219i materiale abrazive. Un cilindru durabil reduce timpii de nefunc\u021bionare \u0219i nevoile de \u00eentre\u021binere.<\/h3>\n<\/li>\n<li>\n<h3>Siguran\u0163\u0103<\/h3>\n<p>Caracteristicile de siguran\u021b\u0103 sunt esen\u021biale \u00een timpul func\u021bion\u0103rii. Cilindrul trebuie s\u0103 aib\u0103 mecanisme de siguran\u021b\u0103 \u00eencorporate pentru a preveni activarea accidental\u0103 \u0219i a asigura manipularea \u00een siguran\u021b\u0103 a sarcinilor grele. Respectarea standardelor de siguran\u021b\u0103 \u00een proiectare \u0219i func\u021bionare ajut\u0103 la protejarea at\u00e2t a operatorilor, c\u00e2t \u0219i a utilajelor.<\/h3>\n<\/li>\n<li>\n<h3>Mentenabilitate<\/h3>\n<p>U\u0219urin\u021ba \u00eentre\u021binerii este o considera\u021bie critic\u0103. Cilindrii proiecta\u021bi pentru proceduri simple de \u00eentre\u021binere permit inspec\u021bii, lubrifiere \u0219i \u00eenlocuire rapid\u0103 a garniturilor. Acest lucru minimizeaz\u0103 \u00eentreruperile opera\u021bionale \u0219i spore\u0219te eficien\u021ba utilajelor.<\/h3>\n<\/li>\n<\/ul>\n<p><img decoding=\"async\" src=\"https:\/\/www.hydraulic-cylinders.net\/wp-content\/uploads\/2025\/04\/songte-oil-pipes-and-spare-parts.webp\" alt=\"Imagine cu \u021bevi de petrol \u0219i piese de schimb\"><\/p>\n<h2>Etan\u0219area \u0219i lubrifierea cilindrului<\/h2>\n<p>Etan\u0219area \u0219i lubrifierea eficiente sunt esen\u021biale pentru longevitatea \u0219i eficien\u021ba cilindrilor hidraulici. Diverse tipuri de etan\u0219\u0103ri, cum ar fi etan\u0219\u0103rile pistonului \u0219i etan\u0219\u0103rile tijei, sunt utilizate pentru a preveni scurgerile \u0219i a men\u021bine presiunea \u00een sistem. Alegerea etan\u0219\u0103rilor este esen\u021bial\u0103, materiale precum poliuretanul \u0219i cauciucul nitrilic fiind preferate pentru rezisten\u021ba lor la uzur\u0103.<\/p>\n<p>Corpul cilindrului \u0219i suprafe\u021bele filetate ale cap\u0103tului sunt prelucrate meticulos pentru a spori rezisten\u021ba la uzur\u0103, asigur\u00e2nd performan\u021be optime \u00een timp. De asemenea, este necesar\u0103 o lubrifiere regulat\u0103 cu uleiul hidraulic adecvat pentru a minimiza frecarea \u0219i uzura dintre piesele mobile, contribuind la eficien\u021ba general\u0103 a sistemului hidraulic. Verific\u0103rile de rutin\u0103 ale integrit\u0103\u021bii etan\u0219\u0103rilor \u0219i nivelurilor de lubrifiere ar trebui s\u0103 fac\u0103 parte din orice program de \u00eentre\u021binere pentru a preveni defec\u021biunile opera\u021bionale.<\/p>\n<h2>Inspec\u021bie regulat\u0103 \u0219i m\u0103suri de \u00eentre\u021binere preventiv\u0103<\/h2>\n<ul>\n<li>\n<h3>Inspec\u021bii regulate<\/h3>\n<p>Efectuarea inspec\u021biilor regulate este crucial\u0103 pentru identificarea poten\u021bialelor probleme \u00eenainte ca acestea s\u0103 escaladeze. Operatorii ar trebui s\u0103 verifice dac\u0103 exist\u0103 scurgeri vizibile, zgomote neobi\u0219nuite \u0219i orice semne de uzur\u0103. Depistarea timpurie permite interven\u021bii la timp, evit\u00e2nd repara\u021bii costisitoare.<\/h3>\n<\/li>\n<li>\n<h3>Lubrifiere adecvat\u0103<\/h3>\n<p>Asigurarea lubrifierii adecvate a cilindrului ajut\u0103 la reducerea uzurii pieselor mobile. Operatorii trebuie s\u0103 respecte recomand\u0103rile produc\u0103torului privind intervalele de lubrifiere \u0219i tipurile de ulei. Lubrifierea adecvat\u0103 \u00eembun\u0103t\u0103\u021be\u0219te eficien\u021ba \u0219i durata de via\u021b\u0103 a sistemului hidraulic.<\/h3>\n<\/li>\n<li>\n<h3>\u00cenlocuirea garniturii<\/h3>\n<p>Garniturile trebuie \u00eenlocuite la intervalele recomandate sau c\u00e2nd apar semne evidente de uzur\u0103. Men\u021binerea integrit\u0103\u021bii garniturilor previne scurgerile de fluid hidraulic, care pot duce la probleme de performan\u021b\u0103 \u0219i pericole pentru siguran\u021b\u0103. \u00cenlocuirea regulat\u0103 a garniturilor poate prelungi semnificativ durata de via\u021b\u0103 a cilindrilor hidraulici.<\/h3>\n<\/li>\n<\/ul>\n<h2>Instruc\u021biuni de instalare<\/h2>\n<p>Instalarea unui cilindru al bra\u021bului necesit\u0103 o aten\u021bie deosebit\u0103 pentru a asigura func\u021bionalitatea \u0219i siguran\u021ba corespunz\u0103toare. \u00cencepe\u021bi prin a v\u0103 asigura c\u0103 spa\u021biul de lucru este liber \u0219i sigur pentru func\u021bionare. Alinierea corect\u0103 a cilindrului este esen\u021bial\u0103; acesta trebuie aliniat cu sistemul hidraulic pentru a evita solicit\u0103rile excesive \u0219i poten\u021bialele defec\u021biuni.<\/p>\n<p>Folosi\u021bi console de montare adecvate pentru a fixa cilindrul \u00een pozi\u021bie. Asigura\u021bi-v\u0103 c\u0103 racordurile sunt str\u00e2nse \u0219i f\u0103r\u0103 scurgeri pentru a men\u021bine presiunea hidraulic\u0103. Dup\u0103 instalare, efectua\u021bi o inspec\u021bie am\u0103nun\u021bit\u0103 pentru a verifica dac\u0103 toate componentele sunt instalate corect \u0219i func\u021bioneaz\u0103 conform destina\u021biei. Testa\u021bi sistemul la presiune sc\u0103zut\u0103 pentru a verifica dac\u0103 exist\u0103 scurgeri \u00eenainte de a trece la presiunea maxim\u0103 de func\u021bionare.<\/p>\n<h2>Sarcini de \u00eentre\u021binere<\/h2>\n<ul>\n<li>\n<h3>Verific\u0103ri regulate<\/h3>\n<p>Efectuarea verific\u0103rilor de rutin\u0103 ale sistemului hidraulic permite detectarea timpurie a poten\u021bialelor probleme, asigur\u00e2nd func\u021bionarea \u00een siguran\u021b\u0103. Operatorii ar trebui s\u0103 monitorizeze performan\u021ba \u0219i s\u0103 inspecteze orice comportamente neobi\u0219nuite.<\/h3>\n<\/li>\n<li>\n<h3>Lubrifiere adecvat\u0103<\/h3>\n<p>Lubrifierea corect\u0103 este fundamental\u0103 pentru men\u021binerea performan\u021bei cilindrului. Respectarea instruc\u021biunilor produc\u0103torului privind frecven\u021ba lubrifierii \u0219i tipul de ulei este esen\u021bial\u0103. Lubrifierea regulat\u0103 ajut\u0103 la reducerea uzurii \u0219i prelunge\u0219te durata de via\u021b\u0103 a cilindrului.<\/h3>\n<\/li>\n<li>\n<h3>\u00cenlocuirea \u0219i calibrarea etan\u0219\u0103rii<\/h3>\n<p>\u00cenlocuirea garniturilor atunci c\u00e2nd este necesar \u0219i efectuarea verific\u0103rilor de calibrare asigur\u0103 performan\u021be optime. Sistemele calibrate corespunz\u0103tor func\u021bioneaz\u0103 mai eficient \u0219i mai sigur. \u00centre\u021binerea regulat\u0103 a acestor componente previne scurgerile \u0219i prelunge\u0219te durata de via\u021b\u0103 a cilindrului hidraulic.<\/h3>\n<\/li>\n<\/ul>\n<p><img decoding=\"async\" src=\"https:\/\/www.hydraulic-cylinders.net\/wp-content\/uploads\/2025\/04\/songte-chushion-collar.webp\" alt=\"Imagine cu guler de pern\u0103\"><\/p>\n<h2>Considera\u021bii de siguran\u021b\u0103 \u0219i factori de mediu<\/h2>\n<p>Atunci c\u00e2nd se utilizeaz\u0103 cilindri hidraulici, \u00een\u021belegerea m\u0103surilor de siguran\u021b\u0103 este esen\u021bial\u0103. Operatorii trebuie instrui\u021bi s\u0103 recunoasc\u0103 pericolele asociate cu sistemele hidraulice, inclusiv riscurile de \u00eenalt\u0103 presiune \u0219i importan\u021ba echipamentului individual de protec\u021bie. Implementarea protocoalelor de siguran\u021b\u0103 poate preveni accidentele \u0219i v\u0103t\u0103m\u0103rile corporale.<\/p>\n<p>Din punct de vedere ecologic, este crucial s\u0103 gestion\u0103m corect fluidele hidraulice pentru a preveni scurgerile \u0219i devers\u0103rile care ar putea d\u0103una ecosistemului. \u00centre\u021binerea \u0219i inspec\u021biile regulate ajut\u0103 la asigurarea func\u021bion\u0103rii eficiente \u0219i sigure a sistemelor hidraulice, reduc\u00e2nd la minimum impactul asupra mediului.<\/p>\n<h2>Depanare \u0219i probleme frecvente<\/h2>\n<ul>\n<li>\n<h3>Scurgere<\/h3>\n<p>Scurgerile de fluid hidraulic pot ap\u0103rea din cauza garniturilor uzate sau a conexiunilor sl\u0103bite. Verifica\u021bi garniturile pentru uzur\u0103 \u0219i asigura\u021bi-v\u0103 c\u0103 toate fitingurile sunt str\u00e2nse. \u00cenlocuirea garniturilor uzate \u0219i fixarea corect\u0103 a conexiunilor pot rezolva aceast\u0103 problem\u0103.<\/h3>\n<\/li>\n<li>\n<h3>Performan\u021b\u0103 slab\u0103<\/h3>\n<p>Dac\u0103 cilindrul nu r\u0103spunde bine, verifica\u021bi dac\u0103 nivelurile de lichid hidraulic sunt inadecvate sau dac\u0103 exist\u0103 aer \u00een sistem. Aerisirea sistemului \u0219i asigurarea nivelurilor corecte de lichid pot \u00eembun\u0103t\u0103\u021bi performan\u021ba.<\/h3>\n<\/li>\n<li>\n<h3>Zgomote neobi\u0219nuite<\/h3>\n<p>Sunetele neobi\u0219nuite pot indica deterior\u0103ri interne sau o lips\u0103 de lubrifiere. Inspecta\u021bi cilindrul pentru a depista eventualele deterior\u0103ri \u0219i asigura\u021bi-v\u0103 c\u0103 este lubrifiat corespunz\u0103tor pentru a preveni probleme ulterioare.<\/h3>\n<\/li>\n<\/ul>\n<h2>Sfaturi de depanare<\/h2>\n<p>Pentru a diagnostica \u0219i rezolva eficient problemele, operatorii ar trebui s\u0103 urmeze o abordare sistematic\u0103. \u00cencepe\u021bi prin a verifica dac\u0103 exist\u0103 scurgeri vizibile \u0219i sunete anormale. Asigura\u021bi-v\u0103 c\u0103 nivelul fluidului hidraulic este adecvat \u0219i c\u0103 sistemul nu con\u021bine bule de aer. M\u0103surile preventive regulate, cum ar fi \u00eentre\u021binerea \u0219i inspec\u021biile de rutin\u0103, pot reduce semnificativ probabilitatea \u00eent\u00e2mpin\u0103rii acestor probleme.<\/p>\n<p>Prin respectarea instruc\u021biunilor de \u00eentre\u021binere adecvate \u0219i abordarea proactiv\u0103 a problemelor, operatorii pot prelungi durata de via\u021b\u0103 a cilindrilor hidraulici \u0219i pot men\u021bine eficien\u021ba opera\u021bional\u0103.<\/p>\n<p><img decoding=\"async\" src=\"https:\/\/www.hydraulic-cylinders.net\/wp-content\/uploads\/2025\/04\/songte-bushings-with-all-kinds-of-excavator-models.webp\" alt=\"Imagine buc\u0219e\"><\/p>\n<h2>Despre compania noastr\u0103<\/h2>\n<p>Suntem un produc\u0103tor important de cilindri hidraulici, specializa\u021bi \u00een furnizarea de cilindri de schimb de \u00eenalt\u0103 calitate pentru diverse aplica\u021bii. Gama noastr\u0103 extins\u0103 de produse ne-a pozi\u021bionat ca un juc\u0103tor cheie at\u00e2t pe pie\u021bele interne, c\u00e2t \u0219i pe cele interna\u021bionale. Ne m\u00e2ndrim cu angajamentul nostru fa\u021b\u0103 de excelen\u021b\u0103 \u0219i cu strategiile noastre rafinate de management al produc\u021biei, valorific\u00e2nd tehnologii avansate de fabrica\u021bie \u0219i sisteme profesionale de testare.<\/p>\n<p>Cu un accent puternic pe calitate, ne \u00eembun\u0103t\u0103\u021bim continuu procesele de fabrica\u021bie, asigur\u00e2nd o eficien\u021b\u0103 ridicat\u0103, precizie \u0219i calitate a produselor. Expertiza noastr\u0103 ne permite s\u0103 satisfacem diversele nevoi ale clien\u021bilor, oferind solu\u021bii personalizate care respect\u0103 standardele interna\u021bionale.<\/p>\n<p><img decoding=\"async\" src=\"https:\/\/www.hydraulic-cylinders.net\/wp-content\/uploads\/2025\/04\/songte-company-4.webp\" alt=\"Imaginea companiei\"><br \/>\n<img decoding=\"async\" src=\"https:\/\/www.hydraulic-cylinders.net\/wp-content\/uploads\/2025\/04\/songte-company-3.webp\" alt=\"Imaginea companiei\"><\/p>\n<p>Autor: lyl<\/p>","protected":false},"excerpt":{"rendered":"<p>Boom Cylinder For Bonny WAYDQ50-5 Introduction to Boom Cylinder The Boom Cylinder, specifically designed for the Bonny WAYDQ50-5, is a vital component in hydraulic systems that control the movement of heavy machinery buckets. This hydraulic cylinder is primarily used to manage the operation of buckets in excavators, backhoes, and front loaders, allowing the bucket to [&hellip;]<\/p>","protected":false},"featured_media":17880,"comment_status":"open","ping_status":"closed","template":"","meta":{"_et_pb_use_builder":"","_et_pb_old_content":"","_et_gb_content_width":""},"product_brand":[],"product_cat":[1546],"product_tag":[1547,1496],"class_list":{"0":"post-19662","1":"product","2":"type-product","3":"status-publish","4":"has-post-thumbnail","6":"product_cat-boom-cylinders","7":"product_tag-boom-cylinders","8":"product_tag-hydraulic-cylinders","10":"first","11":"instock","12":"shipping-taxable","13":"product-type-simple"},"amp_enabled":true,"_links":{"self":[{"href":"https:\/\/www.hydraulic-cylinders.net\/ro\/wp-json\/wp\/v2\/product\/19662","targetHints":{"allow":["GET"]}}],"collection":[{"href":"https:\/\/www.hydraulic-cylinders.net\/ro\/wp-json\/wp\/v2\/product"}],"about":[{"href":"https:\/\/www.hydraulic-cylinders.net\/ro\/wp-json\/wp\/v2\/types\/product"}],"replies":[{"embeddable":true,"href":"https:\/\/www.hydraulic-cylinders.net\/ro\/wp-json\/wp\/v2\/comments?post=19662"}],"wp:featuredmedia":[{"embeddable":true,"href":"https:\/\/www.hydraulic-cylinders.net\/ro\/wp-json\/wp\/v2\/media\/17880"}],"wp:attachment":[{"href":"https:\/\/www.hydraulic-cylinders.net\/ro\/wp-json\/wp\/v2\/media?parent=19662"}],"wp:term":[{"taxonomy":"product_brand","embeddable":true,"href":"https:\/\/www.hydraulic-cylinders.net\/ro\/wp-json\/wp\/v2\/product_brand?post=19662"},{"taxonomy":"product_cat","embeddable":true,"href":"https:\/\/www.hydraulic-cylinders.net\/ro\/wp-json\/wp\/v2\/product_cat?post=19662"},{"taxonomy":"product_tag","embeddable":true,"href":"https:\/\/www.hydraulic-cylinders.net\/ro\/wp-json\/wp\/v2\/product_tag?post=19662"}],"curies":[{"name":"wp","href":"https:\/\/api.w.org\/{rel}","templated":true}]}}