{"id":19669,"date":"2025-04-07T07:00:42","date_gmt":"2025-04-07T07:00:42","guid":{"rendered":"https:\/\/www.hydraulic-cylinders.net\/product\/boom-cylinder-for-bada-wys60\/"},"modified":"2025-04-07T07:00:52","modified_gmt":"2025-04-07T07:00:52","slug":"boom-cylinder-for-bada-wys60","status":"publish","type":"product","link":"https:\/\/www.hydraulic-cylinders.net\/ro\/produs\/boom-cylinder-for-bada-wys60\/","title":{"rendered":"Cilindru bra\u021b pentru Bada WYS60"},"content":{"rendered":"<h1>Cilindru bra\u021b pentru Bada WYS60<\/h1>\n<h2>Introducere \u00een cilindrul bra\u021bului<\/h2>\n<p>Cilindrul bra\u021bului pentru Bada WYS60 este o component\u0103 esen\u021bial\u0103 conceput\u0103 pentru utilaje grele, \u00een special \u00een sistemele hidraulice. Acest cilindru hidraulic joac\u0103 un rol crucial \u00een controlul mi\u0219c\u0103rii cupei \u00een excavatoare, \u00eenc\u0103rc\u0103toare frontale \u0219i \u00eenc\u0103rc\u0103toare. Permi\u021b\u00e2nd cupei s\u0103 se ridice, s\u0103 coboare \u0219i s\u0103 se \u00eencline, faciliteaz\u0103 sarcinile eficiente de manipulare a materialelor \u00een diverse industrii.<\/p>\n<p>\u00cen esen\u021b\u0103, cilindrul bra\u021bului este un actuator hidraulic care transform\u0103 energia hidraulic\u0103 \u00een for\u021b\u0103 mecanic\u0103, permi\u021b\u00e2nd operatorilor s\u0103 efectueze mi\u0219c\u0103ri complexe cu echipamente grele. Ace\u0219ti cilindri sunt proiecta\u021bi pentru a rezista rigorilor mediilor de lucru solicitante, fiind vitali pentru aplica\u021bii \u00een construc\u021bii, agricultur\u0103 \u0219i minerit.<\/p>\n<p><img decoding=\"async\" src=\"https:\/\/www.hydraulic-cylinders.net\/wp-content\/uploads\/2025\/04\/songte-company-1.webp\" alt=\"Imaginea cilindrului bra\u021bului\" \/><\/p>\n<h2>Caracteristicile cilindrului bra\u021bului<\/h2>\n<ul>\n<li>\n<h3>Rezisten\u021b\u0103 \u0219i durabilitate ridicate<\/h3>\n<p>Fabricat de obicei din o\u021bel sau aluminiu de \u00eenalt\u0103 rezisten\u021b\u0103, cilindrul bra\u021bului poate rezista la presiuni ridicate \u0219i sarcini grele. Designul s\u0103u ia \u00een considerare rezisten\u021ba la uzur\u0103 \u0219i protec\u021bia \u00eempotriva coroziunii, asigur\u00e2nd longevitatea \u00een condi\u021bii dure de lucru.<\/p>\n<\/li>\n<li>\n<h3>Func\u021bionare hidraulic\u0103 eficient\u0103<\/h3>\n<p>Utiliz\u00e2nd presiunea uleiului hidraulic, cilindrul ofer\u0103 ac\u021biuni line de extensie \u0219i retragere. Acesta r\u0103spunde rapid la comenzile operatorului, oferind for\u021be puternice de \u00eempingere \u0219i tragere, potrivite pentru gestionarea sarcinilor grele \u0219i complexe.<\/p>\n<\/li>\n<li>\n<h3>Diverse tipuri disponibile<\/h3>\n<p>Cilindrul bra\u021bului poate fi personalizat fie cu ac\u021biune simpl\u0103 (ac\u021biune hidraulic\u0103 \u00eentr-o singur\u0103 direc\u021bie), fie cu ac\u021biune dubl\u0103 (ac\u021biune hidraulic\u0103 \u00een ambele direc\u021bii) pentru a satisface diverse cerin\u021be opera\u021bionale. Unele modele sunt dotate cu design telescopic, permi\u021b\u00e2nd o raz\u0103 de ac\u021biune extins\u0103 f\u0103r\u0103 a cre\u0219te dimensiunile exterioare, ideale pentru aplica\u021bii cu spa\u021biu limitat.<\/p>\n<\/li>\n<li>\n<h3>Fabrica\u021bie personalizat\u0103<\/h3>\n<p>Ne specializ\u0103m \u00een produc\u021bia acestui produs, asigur\u00e2ndu-ne c\u0103 cilindrii no\u0219tri hidraulici pot \u00eenlocui perfect modelele existente, oferind o alternativ\u0103 fiabil\u0103 clien\u021bilor.<\/p>\n<\/li>\n<\/ul>\n<p><img decoding=\"async\" src=\"https:\/\/www.hydraulic-cylinders.net\/wp-content\/uploads\/2025\/04\/songte-cylinder-head-with-all-kinds-excavator-models.webp\" alt=\"Imagine cu modele de excavatoare\" \/><\/p>\n<h2>Aplica\u021bii ale cilindrului bra\u021bului<\/h2>\n<ul>\n<li>\n<h3>Echipamente de construc\u021bii<\/h3>\n<p>\u00cen excavatoare, cilindrii bra\u021bului sunt vitali pentru s\u0103pare, \u00eenc\u0103rcare \u0219i mutarea solului sau a resturilor. Ace\u0219tia permit cupei s\u0103 p\u0103trund\u0103 eficient \u00een sol, f\u0103c\u00e2nd sarcinile de excavare mai eficiente. \u00cen cazul \u00eenc\u0103rc\u0103toarelor basculante, ace\u0219ti cilindri ajut\u0103 at\u00e2t la opera\u021biunile de s\u0103pare, c\u00e2t \u0219i la cele de ridicare, sporind versatilitatea ma\u0219inii.<\/p>\n<\/li>\n<li>\n<h3>Ma\u0219ini agricole<\/h3>\n<p>Utiliza\u021bi \u00een \u00eenc\u0103rc\u0103toarele frontale, cilindrii bra\u021bului sunt esen\u021biali pentru scobere, ridicare \u0219i transportul solului, f\u00e2nului \u0219i altor materiale. Ace\u0219tia permit opera\u021biuni line \u00een sarcinile agricole, contribuind la \u00eembun\u0103t\u0103\u021birea productivit\u0103\u021bii \u00een sectoarele agricole.<\/p>\n<\/li>\n<li>\n<h3>Excavatoare<\/h3>\n<p>Ace\u0219ti cilindri permit cupei s\u0103 p\u0103trund\u0103 \u00een sol, facilit\u00e2nd opera\u021biuni eficiente de excavare. Designul lor robust asigur\u0103 c\u0103 pot face fa\u021b\u0103 for\u021belor semnificative exercitate \u00een timpul excava\u021biei, f\u0103c\u00e2ndu-i indispensabili \u00een acest domeniu.<\/p>\n<\/li>\n<li>\n<h3>\u00cenc\u0103rc\u0103toare<\/h3>\n<p>La \u00eenc\u0103rc\u0103toarele frontale, cilindrii bra\u021bului ajut\u0103 la ridicarea \u0219i desc\u0103rcarea eficient\u0103 a sarcinilor. Ace\u0219tia permit operatorilor s\u0103 efectueze sarcinile de manipulare a materialelor f\u0103r\u0103 probleme, cresc\u00e2nd eficien\u021ba opera\u021bional\u0103.<\/p>\n<\/li>\n<\/ul>\n<h2>Considera\u021bii de proiectare \u0219i criterii de selec\u021bie<\/h2>\n<ul>\n<li>\n<h3>Capacitate de \u00eenc\u0103rcare<\/h3>\n<p>\u00cen\u021belegerea capacit\u0103\u021bii de \u00eenc\u0103rcare este fundamental\u0103 atunci c\u00e2nd se selecteaz\u0103 un cilindru pentru bra\u021b. Cilindrul trebuie s\u0103 poat\u0103 suporta sarcinile maxime exercitate \u00een timpul func\u021bion\u0103rii f\u0103r\u0103 a compromite performan\u021ba sau siguran\u021ba. Calcularea corect\u0103 a sarcinii asigur\u0103 func\u021bionarea eficient\u0103 a cilindrului, reduc\u00e2nd la minimum riscurile de defec\u021biune.<\/p>\n<\/li>\n<li>\n<h3>Performan\u021ba de etan\u0219are<\/h3>\n<p>Etan\u0219area eficient\u0103 este esen\u021bial\u0103 pentru cilindrii hidraulici pentru a preveni scurgerile \u0219i a men\u021bine o presiune optim\u0103. Garniturile de \u00eenalt\u0103 calitate asigur\u0103 c\u0103 fluidul hidraulic r\u0103m\u00e2ne con\u021binut, permi\u021b\u00e2nd \u00een acela\u0219i timp func\u021bionarea lin\u0103 a cilindrilor. Inspec\u021bia regulat\u0103 a garniturilor este necesar\u0103 pentru a asigura performan\u021ba continu\u0103.<\/p>\n<\/li>\n<li>\n<h3>Durabilitate<\/h3>\n<p>Durabilitatea este esen\u021bial\u0103 \u00een proiectarea unui cilindru de bra\u021b, deoarece aceste componente se confrunt\u0103 cu condi\u021bii de mediu dure \u0219i sarcini mari de lucru. Utilizarea materialelor \u0219i a acoperirilor de \u00eenalt\u0103 calitate poate \u00eembun\u0103t\u0103\u021bi semnificativ durata de via\u021b\u0103 a cilindrului, reduc\u00e2nd necesitatea \u00eenlocuirilor frecvente.<\/p>\n<\/li>\n<li>\n<h3>Caracteristici de siguran\u021b\u0103<\/h3>\n<p>Incorporarea caracteristicilor de siguran\u021b\u0103 \u00een proiectarea cilindrilor bra\u021bului este esen\u021bial\u0103 pentru protejarea operatorilor \u0219i a utilajelor. Caracteristici precum supapele de suprapresiune \u0219i mecanismele de oprire de urgen\u021b\u0103 pot preveni accidentele \u0219i deteriorarea echipamentelor \u00een timpul func\u021bion\u0103rii.<\/p>\n<\/li>\n<li>\n<h3>Accesibilitate pentru \u00eentre\u021binere<\/h3>\n<p>Proiectele care permit o \u00eentre\u021binere u\u0219oar\u0103 \u0219i accesul la componentele interne pot reduce semnificativ timpii de nefunc\u021bionare \u0219i pot \u00eembun\u0103t\u0103\u021bi eficien\u021ba opera\u021bional\u0103. Verific\u0103rile regulate de \u00eentre\u021binere \u0219i accesul facil la piese faciliteaz\u0103 repara\u021bii mai rapide \u0219i prelungesc durata de via\u021b\u0103 a cilindrului.<\/p>\n<\/li>\n<\/ul>\n<p><img decoding=\"async\" src=\"https:\/\/www.hydraulic-cylinders.net\/wp-content\/uploads\/2025\/04\/songte-oil-pipes-and-spare-parts.webp\" alt=\"Imaginea componentelor hidraulice\" \/><\/p>\n<h2>Etan\u0219area \u0219i lubrifierea cilindrului hidraulic<\/h2>\n<p>Etan\u0219area \u0219i lubrifierea corespunz\u0103toare sunt vitale pentru func\u021bionarea optim\u0103 a cilindrilor bra\u021bului. Diverse etan\u0219\u0103ri, cum ar fi etan\u0219\u0103rile pistonului \u0219i etan\u0219\u0103rile tijei, sunt utilizate pentru a crea o barier\u0103 etan\u0219\u0103 care previne scurgerile de fluid hidraulic. Etan\u0219\u0103rile sunt adesea fabricate din materiale durabile, cum ar fi poliuretanul \u0219i cauciucul nitrilic, pentru a rezista la uzur\u0103.<\/p>\n<p>Corpul cilindrului \u0219i capetele filetate sunt prelucrate meticulos pentru a spori rezisten\u021ba la uzur\u0103, asigur\u00e2nd longevitatea. Lubrifierea regulat\u0103 cu ulei hidraulic este esen\u021bial\u0103 pentru men\u021binerea unei func\u021bion\u0103ri line. Nivelurile adecvate de ulei reduc frecarea \u0219i acumularea de c\u0103ldur\u0103, prelungind durata de via\u021b\u0103 \u0219i eficien\u021ba cilindrului.<\/p>\n<h2>Inspec\u021bie regulat\u0103 \u0219i \u00eentre\u021binere preventiv\u0103<\/h2>\n<ul>\n<li>\n<h3>Inspec\u021bie de rutin\u0103<\/h3>\n<p>Ar trebui efectuate inspec\u021bii regulate pentru a identifica orice semne de uzur\u0103, scurgeri sau deterior\u0103ri. Detectarea la timp a problemelor poate preveni probleme mai grave pe viitor. Operatorii ar trebui instrui\u021bi s\u0103 recunoasc\u0103 semnele de avertizare, asigur\u00e2nd o \u00eentre\u021binere proactiv\u0103.<\/p>\n<\/li>\n<li>\n<h3>Program de lubrifiere<\/h3>\n<p>Stabilirea unui program de lubrifiere ajut\u0103 la men\u021binerea func\u021bion\u0103rii optime a cilindrului hidraulic. Operatorii trebuie s\u0103 fie aten\u021bi la verificarea nivelurilor de ulei \u0219i la ad\u0103ugarea de ulei, dup\u0103 cum este necesar, pentru a preveni defec\u021biunile legate de lubrifiere.<\/p>\n<\/li>\n<li>\n<h3>\u00cenlocuirea garniturii<\/h3>\n<p>\u00cenlocuirea garniturilor la intervale regulate este crucial\u0103 pentru men\u021binerea eficien\u021bei hidraulice. Garniturile uzate pot duce la scurgeri de fluid, rezult\u00e2nd pierderi de performan\u021b\u0103 \u0219i poten\u021biale daune utilajelor. O abordare sistematic\u0103 a \u00eenlocuirii garniturilor poate \u00eembun\u0103t\u0103\u021bi performan\u021ba general\u0103.<\/p>\n<\/li>\n<\/ul>\n<h2>Instruc\u021biuni de instalare pentru cilindrul bra\u021bului<\/h2>\n<p>Instalarea corect\u0103 este esen\u021bial\u0103 pentru a asigura longevitatea \u0219i func\u021bionalitatea cilindrului bra\u021bului. \u00cencepe\u021bi prin a v\u0103 asigura c\u0103 cilindrul este curat \u0219i lipsit de contaminan\u021bi. Alinierea corect\u0103 este crucial\u0103; cilindrul trebuie aliniat corect pentru a preveni stresul excesiv asupra etan\u0219\u0103rilor \u0219i tijelor. Utiliza\u021bi console de montare adecvate pentru a fixa cilindrul \u00een pozi\u021bie, asigur\u00e2nd stabilitatea \u00een timpul func\u021bion\u0103rii.<\/p>\n<p>Urma\u021bi instruc\u021biunile produc\u0103torului privind specifica\u021biile de cuplu pentru a evita str\u00e2ngerea excesiv\u0103 sau insuficient\u0103 a conexiunilor. Dup\u0103 instalare, efectua\u021bi o verificare am\u0103nun\u021bit\u0103 pentru a depista eventualele scurgeri \u0219i asigura\u021bi-v\u0103 c\u0103 toate conexiunile sunt fixate. Verificarea regulat\u0103 a alinierii \u0219i a mont\u0103rii dup\u0103 instalare poate \u00eembun\u0103t\u0103\u021bi semnificativ performan\u021ba cilindrului.<\/p>\n<h2>Sarcini comune de \u00eentre\u021binere<\/h2>\n<ul>\n<li>\n<h3>Inspec\u021bii regulate<\/h3>\n<p>Efectuarea inspec\u021biilor regulate permite identificarea timpurie a poten\u021bialelor probleme. Operatorii ar trebui s\u0103 fie instrui\u021bi s\u0103 caute semne de uzur\u0103 sau scurgeri, asigur\u00e2ndu-se c\u0103 echipamentul func\u021bioneaz\u0103 f\u0103r\u0103 probleme.<\/p>\n<\/li>\n<li>\n<h3>Lubrifiere adecvat\u0103<\/h3>\n<p>Men\u021binerea unei lubrifieri adecvate este esen\u021bial\u0103 pentru func\u021bionarea eficient\u0103 a cilindrilor hidraulici. Operatorii trebuie s\u0103 respecte un program strict de lubrifiere pentru a asigura performan\u021be optime \u0219i a prelungi durata de via\u021b\u0103 a cilindrului.<\/p>\n<\/li>\n<li>\n<h3>\u00cenlocuirea \u0219i calibrarea etan\u0219\u0103rii<\/h3>\n<p>\u00cenlocuirea garniturilor \u0219i calibrarea cilindrului sunt vitale pentru men\u021binerea performan\u021bei. Operatorii trebuie s\u0103 fie familiariza\u021bi cu semnele care indic\u0103 necesitatea \u00eenlocuirii garniturilor, asigur\u00e2nd func\u021bionarea continu\u0103.<\/p>\n<\/li>\n<\/ul>\n<p><img decoding=\"async\" src=\"https:\/\/www.hydraulic-cylinders.net\/wp-content\/uploads\/2025\/04\/songte-chushion-collar.webp\" alt=\"Imagine cu guler de pern\u0103\" \/><\/p>\n<h2>Considera\u021bii de siguran\u021b\u0103 \u0219i factori de mediu<\/h2>\n<p>Atunci c\u00e2nd se utilizeaz\u0103 cilindri hidraulici, este esen\u021bial s\u0103 se acorde prioritate m\u0103surilor de siguran\u021b\u0103 pentru a proteja at\u00e2t operatorii, c\u00e2t \u0219i mediul \u00eenconjur\u0103tor. Asigura\u021bi-v\u0103 c\u0103 to\u021bi operatorii sunt instrui\u021bi cu privire la protocoalele de siguran\u021b\u0103 \u0219i \u00een\u021beleg riscurile asociate sistemelor hidraulice. Auditurile regulate de siguran\u021b\u0103 pot ajuta la identificarea domeniilor de \u00eembun\u0103t\u0103\u021bire \u0219i la implementarea modific\u0103rilor necesare.<\/p>\n<p>De asemenea, ar trebui luate \u00een considerare considera\u021biile de mediu. Eliminarea corect\u0103 a fluidelor hidraulice \u0219i \u00eentre\u021binerea echipamentelor pentru a preveni scurgerile pot reduce la minimum impactul asupra mediului. Implementarea unor practici ecologice poate \u00eembun\u0103t\u0103\u021bi reputa\u021bia companiei \u0219i poate reduce riscurile de reglementare.<\/p>\n<h2>Depanare \u0219i probleme frecvente<\/h2>\n<ul>\n<li>\n<h3>Probleme de scurgeri<\/h3>\n<p>Scurgerile pot ap\u0103rea din cauza garniturilor uzate sau a fitingurilor deteriorate. Inspec\u021bia regulat\u0103 a garniturilor \u0219i conexiunilor poate ajuta la identificarea timpurie a scurgerilor. Asigurarea cuplului adecvat al fitingurilor \u0219i \u00eenlocuirea periodic\u0103 a garniturilor pot atenua problemele de scurgeri.<\/p>\n<\/li>\n<li>\n<h3>Performan\u021b\u0103 sc\u0103zut\u0103<\/h3>\n<p>Dac\u0103 cilindrul nu func\u021bioneaz\u0103 conform a\u0219tept\u0103rilor, acest lucru se poate datora unei lubrifieri insuficiente sau componentelor uzate. Lubrifierea regulat\u0103 \u0219i \u00eenlocuirea la timp a pieselor uzate sunt cruciale pentru men\u021binerea performan\u021bei optime.<\/p>\n<\/li>\n<li>\n<h3>Ac\u021bionare nereactiv\u0103<\/h3>\n<p>Lipsa de reac\u021bie poate indica probleme cu nivelurile de lichid hidraulic sau aer blocat \u00een sistem. Verificarea regulat\u0103 a nivelurilor de lichid \u0219i aerisirea sistemului pot rezolva aceste probleme.<\/p>\n<\/li>\n<\/ul>\n<h2>Sfaturi de depanare<\/h2>\n<p>Pentru a diagnostica \u0219i rezolva eficient problemele legate de cilindrul bra\u021bului, operatorii ar trebui s\u0103 \u021bin\u0103 eviden\u021be clare ale inspec\u021biilor \u0219i sarcinilor de \u00eentre\u021binere. Aceast\u0103 documenta\u021bie poate ajuta la identificarea tiparelor \u0219i a problemelor recurente.<\/p>\n<p>M\u0103surile preventive, cum ar fi \u00eentre\u021binerea \u0219i inspec\u021biile de rutin\u0103, sunt vitale pentru a minimiza riscul apari\u021biei unor probleme semnificative. De asemenea, operatorii ar trebui s\u0103 fie instrui\u021bi s\u0103 reac\u021bioneze rapid la semnele de avertizare, asigur\u00e2nd o func\u021bionare eficient\u0103 \u0219i sigur\u0103.<\/p>\n<p><img decoding=\"async\" src=\"https:\/\/www.hydraulic-cylinders.net\/wp-content\/uploads\/2025\/04\/songte-bushings-with-all-kinds-of-excavator-models.webp\" alt=\"Imagine buc\u0219e\" \/><\/p>\n<h2>Despre compania noastr\u0103<\/h2>\n<p>Suntem un produc\u0103tor important de cilindri hidraulici de schimb, oferind o gam\u0103 complet\u0103 de produse. Angajamentul nostru fa\u021b\u0103 de excelen\u021b\u0103 ne-a pozi\u021bionat ca unul dintre cei mai importan\u021bi produc\u0103tori \u0219i angrosi\u0219ti \u200b\u200bpe pie\u021bele interne \u0219i interna\u021bionale. Ader\u0103m la o filozofie bazat\u0103 pe calitate, sus\u021binut\u0103 de strategii de fabrica\u021bie rafinate \u0219i echipamente digitale de ultim\u0103 genera\u021bie.<\/p>\n<p>Echipa noastr\u0103 de profesioni\u0219ti califica\u021bi este dedicat\u0103 \u00eembun\u0103t\u0103\u021birii platformei noastre de produc\u021bie \u0219i asigur\u0103rii celei mai \u00eenalte calit\u0103\u021bi a produselor. Oferim solu\u021bii personalizate, adaptate pentru a satisface diversele nevoi ale clien\u021bilor, sus\u021binute de certific\u0103ri interna\u021bionale care garanteaz\u0103 fiabilitatea \u0219i performan\u021ba produselor noastre.<\/p>\n<p><img decoding=\"async\" src=\"https:\/\/www.hydraulic-cylinders.net\/wp-content\/uploads\/2025\/04\/songte-company-4.webp\" alt=\"Imaginea Facilit\u0103\u021bii Companiei\" \/><br \/>\n<img decoding=\"async\" src=\"https:\/\/www.hydraulic-cylinders.net\/wp-content\/uploads\/2025\/04\/songte-company-3.webp\" alt=\"Imaginea produc\u021biei companiei\" \/><\/p>\n<p>Autor: lyl<\/p>","protected":false},"excerpt":{"rendered":"<p>Boom Cylinder For Bada WYS60 Introduction to Boom Cylinder The Boom Cylinder for Bada WYS60 is an essential component designed for heavy machinery, particularly in hydraulic systems. This hydraulic cylinder plays a crucial role in controlling the movement of the bucket in excavators, backhoe loaders, and front-end loaders. By allowing the bucket to lift, lower, [&hellip;]<\/p>","protected":false},"featured_media":17872,"comment_status":"open","ping_status":"closed","template":"","meta":{"_et_pb_use_builder":"","_et_pb_old_content":"","_et_gb_content_width":""},"product_brand":[],"product_cat":[1546],"product_tag":[1547,1496],"class_list":{"0":"post-19669","1":"product","2":"type-product","3":"status-publish","4":"has-post-thumbnail","6":"product_cat-boom-cylinders","7":"product_tag-boom-cylinders","8":"product_tag-hydraulic-cylinders","10":"first","11":"instock","12":"shipping-taxable","13":"product-type-simple"},"amp_enabled":true,"_links":{"self":[{"href":"https:\/\/www.hydraulic-cylinders.net\/ro\/wp-json\/wp\/v2\/product\/19669","targetHints":{"allow":["GET"]}}],"collection":[{"href":"https:\/\/www.hydraulic-cylinders.net\/ro\/wp-json\/wp\/v2\/product"}],"about":[{"href":"https:\/\/www.hydraulic-cylinders.net\/ro\/wp-json\/wp\/v2\/types\/product"}],"replies":[{"embeddable":true,"href":"https:\/\/www.hydraulic-cylinders.net\/ro\/wp-json\/wp\/v2\/comments?post=19669"}],"wp:featuredmedia":[{"embeddable":true,"href":"https:\/\/www.hydraulic-cylinders.net\/ro\/wp-json\/wp\/v2\/media\/17872"}],"wp:attachment":[{"href":"https:\/\/www.hydraulic-cylinders.net\/ro\/wp-json\/wp\/v2\/media?parent=19669"}],"wp:term":[{"taxonomy":"product_brand","embeddable":true,"href":"https:\/\/www.hydraulic-cylinders.net\/ro\/wp-json\/wp\/v2\/product_brand?post=19669"},{"taxonomy":"product_cat","embeddable":true,"href":"https:\/\/www.hydraulic-cylinders.net\/ro\/wp-json\/wp\/v2\/product_cat?post=19669"},{"taxonomy":"product_tag","embeddable":true,"href":"https:\/\/www.hydraulic-cylinders.net\/ro\/wp-json\/wp\/v2\/product_tag?post=19669"}],"curies":[{"name":"wp","href":"https:\/\/api.w.org\/{rel}","templated":true}]}}