{"id":1967,"date":"2023-10-23T08:13:37","date_gmt":"2023-10-23T08:13:37","guid":{"rendered":"https:\/\/hydraulic-cylinders.net\/?post_type=product&#038;p=1967"},"modified":"2023-10-23T08:13:38","modified_gmt":"2023-10-23T08:13:38","slug":"v33d-series-axial-piston-variable-displacement-hydraulic-pump","status":"publish","type":"product","link":"https:\/\/www.hydraulic-cylinders.net\/ro\/produs\/v33d-series-axial-piston-variable-displacement-hydraulic-pump\/","title":{"rendered":"Pomp\u0103 hidraulic\u0103 cu piston axial \u0219i deplasare variabil\u0103 seria V33D"},"content":{"rendered":"<h1 style=\"text-align: center;\"><strong>Pomp\u0103 hidraulic\u0103 cu piston axial \u0219i deplasare variabil\u0103 seria V33D<\/strong><\/h1>\n<p><img loading=\"lazy\" decoding=\"async\" class=\"aligncenter wp-image-1986\" src=\"https:\/\/hydraulic-cylinders.net\/wp-content\/uploads\/2023\/10\/v33d-series-axial-piston-variable-displacement-pump-1-300x300.webp\" alt=\"\" width=\"400\" height=\"400\" \/><\/p>\n<p>Pompa hidraulic\u0103 cu piston axial \u0219i debit variabil din seria V33D este un produs revolu\u021bionar, conceput pentru a cre\u0219te performan\u021ba \u0219i eficien\u021ba sistemelor hidraulice. Cu caracteristicile sale avansate, controlul precis \u0219i construc\u021bia durabil\u0103, aceast\u0103 pomp\u0103 hidraulic\u0103 stabile\u0219te noi standarde \u00een industrie.<\/p>\n<p>Pompa hidraulic\u0103 cu piston axial \u0219i debit variabil din seria V33D schimb\u0103 regulile jocului \u00een sistemele hidraulice. Capacitatea sa de debit variabil, performan\u021ba ridicat\u0103 \u0219i designul versatil ofer\u0103 control precis, eficien\u021b\u0103 sporit\u0103 \u0219i o livrare excep\u021bional\u0103 a puterii. Respect\u00e2nd metodele de utilizare recomandate \u0219i practicile de \u00eentre\u021binere regulat\u0103, pompa hidraulic\u0103 din seria V33D va continua s\u0103 ofere performan\u021be, eficien\u021b\u0103 \u0219i fiabilitate remarcabile. Profita\u021bi de puterea \u0219i eficien\u021ba pompei hidraulice cu piston axial \u0219i debit variabil din seria V33D pentru a debloca \u00eentregul poten\u021bial al sistemului dumneavoastr\u0103 hidraulic.<\/p>\n<p>Caracteristici cheie ale pompei hidraulice cu piston axial \u0219i deplasare variabil\u0103 din seria V33D:<\/p>\n<ul>\n<li>Capacitate de deplasare variabil\u0103: Pompa hidraulic\u0103 din seria V33D dispune de o tehnologie de ultim\u0103 genera\u021bie cu deplasare variabil\u0103, permi\u021b\u00e2ndu-i s\u0103 \u00ee\u0219i ajusteze debitul pentru a se potrivi cerin\u021belor sistemului. Aceast\u0103 caracteristic\u0103 asigur\u0103 o utilizare optim\u0103 a energiei, \u00eembun\u0103t\u0103\u021bind eficien\u021ba \u0219i reduc\u00e2nd consumul de energie.<\/li>\n<li>Performan\u021b\u0103 \u0219i putere ridicate: Datorit\u0103 designului \u0219i ingineriei sale excep\u021bionale, pompa hidraulic\u0103 din seria V33D ofer\u0103 performan\u021be \u0219i putere remarcabile. Func\u021bioneaz\u0103 perfect la diverse presiuni \u0219i viteze, oferind un control precis \u0219i o livrare eficient\u0103 a puterii pentru o performan\u021b\u0103 superioar\u0103 a sistemului.<\/li>\n<li>Design versatil pentru diverse aplica\u021bii: Pompa hidraulic\u0103 din seria V33D este proiectat\u0103 s\u0103 se adapteze la diverse sisteme \u0219i aplica\u021bii hidraulice. Ofer\u0103 versatilitate \u00een ceea ce prive\u0219te op\u021biunile de montare, compatibilitatea fluidelor \u0219i metodele de control, fiind potrivit\u0103 pentru multiple industrii \u0219i utilaje.<\/li>\n<li>Eficien\u021b\u0103 \u00eembun\u0103t\u0103\u021bit\u0103 la orice sarcin\u0103: Caracteristica de deplasare variabil\u0103 a pompei hidraulice din seria V33D asigur\u0103 eficien\u021b\u0103 pe o gam\u0103 larg\u0103 de sarcini. Aceasta minimizeaz\u0103 pierderile de energie \u0219i productivitatea, chiar \u0219i \u00een condi\u021bii de func\u021bionare variabile, prin ajustarea automat\u0103 a debitului pentru a se potrivi cerin\u021belor sistemului.<\/li>\n<\/ul>\n<h2><strong>Parametrul pompei hidraulice cu piston axial \u0219i deplasare variabil\u0103 din seria V33D:<\/strong><\/h2>\n<table class=\"table table-bordered table-hover table-colored\">\n<tbody>\n<tr class=\"firstRow\">\n<td colspan=\"1\" rowspan=\"2\" align=\"center\" valign=\"middle\">Dimensiune<\/td>\n<td rowspan=\"2\" align=\"center\" valign=\"middle\">Cilindree cc\/rota\u021bie<\/td>\n<td colspan=\"2\" rowspan=\"1\" align=\"center\" valign=\"middle\">Bara de presiune<\/td>\n<td colspan=\"2\" rowspan=\"1\" align=\"center\" valign=\"middle\">Viteza de rota\u021bie r\/min<\/td>\n<\/tr>\n<tr>\n<td align=\"center\" valign=\"middle\">Evaluat<\/td>\n<td align=\"center\" valign=\"middle\">V\u00e2rf<\/td>\n<td align=\"center\" valign=\"middle\">Max pentru autoamorsare<sup>*1<\/sup><\/td>\n<td align=\"center\" valign=\"middle\">Maxim<sup>*2<\/sup><\/td>\n<\/tr>\n<tr>\n<td align=\"center\" valign=\"middle\">V33D<\/td>\n<td align=\"center\" valign=\"middle\">250<\/td>\n<td align=\"center\" valign=\"middle\">350<\/td>\n<td align=\"center\" valign=\"middle\">420<\/td>\n<td align=\"center\" valign=\"middle\">2000<\/td>\n<td align=\"center\" valign=\"middle\">2000<\/td>\n<\/tr>\n<\/tbody>\n<\/table>\n<h2><strong>Avantajele pompei hidraulice cu piston axial \u0219i deplasare variabil\u0103 din seria V33D:<\/strong><\/h2>\n<p>\u2022 Aplicat \u00een sisteme hidraulice cu circuit \u00eenchis<br \/>\n\u2022 Zgomot redus<br \/>\n\u2022 Module de control multiple<br \/>\n\u2022 Structur\u0103 compact\u0103, densit\u0103\u021bi mari de putere<br \/>\n\u2022 Durat\u0103 lung\u0103 de via\u021b\u0103, vitez\u0103 mare de rota\u021bie cu autoamorsare<\/p>\n<h2><strong>Pomp\u0103 hidraulic\u0103 cu piston axial \u0219i deplasare variabil\u0103 seria V33D <\/strong><strong>Aplica\u021bie:<\/strong><\/h2>\n<p><img loading=\"lazy\" decoding=\"async\" class=\"alignnone wp-image-1983 size-full\" src=\"https:\/\/hydraulic-cylinders.net\/wp-content\/uploads\/2023\/10\/v60n-series-axial-piston-variable-displacement-pump-2.jpg\" alt=\"\" width=\"1146\" height=\"216\" srcset=\"https:\/\/hydraulic-cylinders.net\/wp-content\/uploads\/2023\/10\/v60n-series-axial-piston-variable-displacement-pump-2.jpg 1146w, https:\/\/hydraulic-cylinders.net\/wp-content\/uploads\/2023\/10\/v60n-series-axial-piston-variable-displacement-pump-2-980x185.jpg 980w, https:\/\/hydraulic-cylinders.net\/wp-content\/uploads\/2023\/10\/v60n-series-axial-piston-variable-displacement-pump-2-480x90.jpg 480w\" sizes=\"(min-width: 0px) and (max-width: 480px) 480px, (min-width: 481px) and (max-width: 980px) 980px, (min-width: 981px) 1146px, 100vw\" \/><\/p>\n<h2><strong>Metoda de utilizare a pompei hidraulice cu piston axial \u0219i deplasare variabil\u0103 din seria V33D<\/strong><strong>:<\/strong><\/h2>\n<ul>\n<li><strong>Instalare \u0219i integrare:<\/strong>\u00a0 Selecta\u021bi o loca\u021bie adecvat\u0103 \u00een sistemul hidraulic pentru a instala pompa hidraulic\u0103 cu piston axial \u0219i debit variabil din seria V33D. Asigura\u021bi o aliniere corect\u0103 \u0219i monta\u021bi pompa \u00een siguran\u021b\u0103 folosind suporturi sau accesorii adecvate. Conecta\u021bi pompa la sistemul hidraulic folosind fitinguri \u0219i furtunuri compatibile, asigur\u00e2nd conexiuni f\u0103r\u0103 scurgeri.<\/li>\n<li><strong>Compatibilitate fluide:<\/strong>\u00a0 Verifica\u021bi dac\u0103 fluidul hidraulic utilizat \u00een sistem este compatibil cu pompa hidraulic\u0103 din seria V33D. Consulta\u021bi tipul de fluid, v\u00e2scozitatea \u0219i intervalul de temperatur\u0103 recomandate de produc\u0103tor. Monitoriza\u021bi \u0219i \u00eentre\u021bine\u021bi periodic fluidul hidraulic pentru a asigura func\u021bionarea optim\u0103 \u0219i longevitatea pompei.<\/li>\n<li><strong>Control \u0219i ajustare:<\/strong>\u00a0 Familiariza\u021bi-v\u0103 cu op\u021biunile de control oferite de pompa hidraulic\u0103 din seria V33D. \u00cen func\u021bie de modelul specific, aceasta poate oferi diverse metode de control, cum ar fi controlul manual, propor\u021bional sau electronic. \u00cen\u021belege\u021bi set\u0103rile de control recomandate \u0219i ajusta\u021bi-le \u00een consecin\u021b\u0103 pentru a optimiza performan\u021ba pompei.<\/li>\n<li><strong>Optimizarea sistemului:<\/strong>\u00a0 Pompa hidraulic\u0103 din seria V33D permite optimizarea sistemului prin ajustarea debitului pompei pentru a se potrivi cerin\u021belor de sarcin\u0103. Profita\u021bi de aceast\u0103 caracteristic\u0103 pentru a maximiza eficien\u021ba energetic\u0103 \u0219i performan\u021ba general\u0103 a sistemului.<\/li>\n<\/ul>\n<h2><strong>Cum func\u021bioneaz\u0103 un cilindru hidraulic?<\/strong><\/h2>\n<p>\u00cenlocuirea garniturilor cilindrului hidraulic este o sarcin\u0103 important\u0103 de \u00eentre\u021binere care asigur\u0103 buna func\u021bionare a sistemelor hidraulice. Iat\u0103 un ghid pas cu pas despre cum se \u00eenlocuiesc garniturile cilindrului hidraulic:<\/p>\n<ol>\n<li><strong>Preparare:<\/strong>\n<ul>\n<li>Aduna\u021bi uneltele \u0219i echipamentul necesar, inclusiv un kit de etan\u0219are, ulei hidraulic, ochelari de protec\u021bie, m\u0103nu\u0219i \u0219i o zon\u0103 de lucru curat\u0103.<\/li>\n<li>Asigura\u021bi-v\u0103 c\u0103 sistemul hidraulic este depresurizat. Urma\u021bi instruc\u021biunile produc\u0103torului pentru procedurile corecte de depresurizare \u0219i blocare\/etichetare.<\/li>\n<\/ul>\n<\/li>\n<li><strong>Scoate\u021bi cilindrul:<\/strong>\n<ul>\n<li>Deconecta\u021bi orice furtunuri sau fitinguri hidraulice conectate la cilindru.<\/li>\n<li>Scoate\u021bi \u0219uruburile sau \u0219tifturile de montare care fixeaz\u0103 cilindrul \u00een pozi\u021bie.<\/li>\n<li>Extrage\u021bi cu grij\u0103 cilindrul din carcasa sau din locul de montare.<\/li>\n<\/ul>\n<\/li>\n<li><strong>Demonta\u021bi cilindrul:<\/strong>\n<ul>\n<li>A\u0219eza\u021bi cilindrul pe o suprafa\u021b\u0103 de lucru curat\u0103 \u0219i \u00eendep\u0103rta\u021bi orice componente externe, cum ar fi ap\u0103r\u0103torile de tij\u0103 sau \u0219terg\u0103toarele.<\/li>\n<li>Demonta\u021bi cu grij\u0103 cilindrul prin scoaterea capacului de cap\u0103t sau a garniturii de la \u021beava sau tubul cilindrului. Folosi\u021bi unelte adecvate, cum ar fi chei fixe sau cle\u0219ti, pentru a sl\u0103bi \u0219i scoate \u0219uruburile sau piuli\u021bele de fixare.<\/li>\n<li>Odat\u0103 ce capacul sau garnitura de siguran\u021b\u0103 este \u00eendep\u0103rtat\u0103, pistonul, tija \u0219i garniturile vor fi accesibile.<\/li>\n<\/ul>\n<\/li>\n<li><strong>\u00cendep\u0103rta\u021bi sigiliile vechi:<\/strong>\n<ul>\n<li>Inspecta\u021bi pistonul, tija \u0219i cilindrul pentru a depista orice semne de deteriorare sau uzur\u0103.<\/li>\n<li>\u00cendep\u0103rta\u021bi cu grij\u0103 garniturile vechi folosind unelte sau \u021b\u0103ru\u0219i de \u00eendep\u0103rtare a garniturilor. Re\u021bine\u021bi aranjamentul \u0219i orientarea garniturilor pentru instalarea corect\u0103 a noilor garnituri.<\/li>\n<\/ul>\n<\/li>\n<li><strong>Cur\u0103\u021bare \u0219i preg\u0103tire:<\/strong>\n<ul>\n<li>Cur\u0103\u021ba\u021bi temeinic componentele cilindrului folosind un solvent adecvat pentru a \u00eendep\u0103rta murd\u0103ria, resturile \u0219i resturile vechi de etan\u0219are. Asigura\u021bi-v\u0103 c\u0103 toate suprafe\u021bele sunt curate \u0219i uscate \u00eenainte de a continua.<\/li>\n<\/ul>\n<\/li>\n<li><strong>Instala\u021bi noile garnituri:<\/strong>\n<ul>\n<li>Consulta\u021bi instruc\u021biunile produc\u0103torului \u0219i kitul de etan\u0219\u0103ri pentru instalarea corect\u0103 a etan\u0219\u0103rilor. Lubrifia\u021bi noile etan\u0219\u0103ri cu ulei hidraulic sau cu un lubrifiant de etan\u0219\u0103ri recomandat.<\/li>\n<li>Instala\u021bi cu grij\u0103 noile garnituri pe piston, tij\u0103 \u0219i \u021beav\u0103, asigur\u00e2ndu-v\u0103 c\u0103 sunt a\u0219ezate \u0219i aliniate corect \u00een func\u021bie de aranjamentul \u0219i orientarea garniturilor.<\/li>\n<\/ul>\n<\/li>\n<li><strong>Reasambla\u021bi cilindrul:<\/strong>\n<ul>\n<li>Reasambla\u021bi cilindrul \u00een ordine invers\u0103 dezasambl\u0103rii. \u00cencepe\u021bi prin a ata\u0219a capacul de cap\u0103t sau garnitura de etan\u0219are la cilindru sau tub \u0219i str\u00e2nge\u021bi \u0219uruburile sau piuli\u021bele de fixare la cuplul specificat.<\/li>\n<li>Asigura\u021bi-v\u0103 c\u0103 toate componentele, inclusiv garniturile, sunt aliniate corect \u0219i pozi\u021bionate perfect.<\/li>\n<li>Reata\u0219a\u021bi orice componente externe, cum ar fi ap\u0103r\u0103torile de tije sau \u0219terg\u0103toarele.<\/li>\n<\/ul>\n<\/li>\n<li><strong>Instala\u021bi cilindrul:<\/strong>\n<ul>\n<li>A\u0219eza\u021bi cu grij\u0103 cilindrul reasamblat \u00eenapoi \u00een carcasa sau \u00een loca\u0219ul s\u0103u de montare.<\/li>\n<li>Fixa\u021bi cilindrul prin reinstalarea \u0219uruburilor sau \u0219tifturilor de montare \u0219i str\u00e2ngerea lor la cuplul specificat.<\/li>\n<li>Reconecta\u021bi orice furtunuri sau fitinguri hidraulice la cilindru, asigur\u00e2ndu-v\u0103 c\u0103 sunt str\u00e2nse \u0219i aliniate corect.<\/li>\n<\/ul>\n<\/li>\n<li><strong>Testare \u0219i verificare pentru scurgeri:<\/strong>\n<ul>\n<li>Reumple\u021bi sistemul hidraulic cu uleiul hidraulic recomandat p\u00e2n\u0103 la nivelul corespunz\u0103tor.<\/li>\n<li>Presuriza\u021bi \u00eencet sistemul \u0219i verifica\u021bi dac\u0103 exist\u0103 scurgeri \u00een jurul garniturilor nou \u00eenlocuite.<\/li>\n<li>Ac\u021biona\u021bi sistemul hidraulic pe \u00eentreaga sa gam\u0103 de mi\u0219care pentru a asigura func\u021bionarea corect\u0103 a etan\u0219\u0103rii \u0219i performan\u021ba sistemului.<\/li>\n<\/ul>\n<\/li>\n<\/ol>\n<h2><strong>Capabilitatea \u0219i capacitatea fabricii:<\/strong><\/h2>\n<h3>(1) Montaj<\/h3>\n<p>Avem o platform\u0103 de asamblare independent\u0103 de cercetare \u0219i dezvoltare de prim\u0103 clas\u0103. Atelierul de produc\u021bie a cilindrilor hidraulici are patru linii de asamblare semiautomate pentru cilindri de ridicare \u0219i o linie de asamblare automat\u0103 a cilindrilor de \u00eenclinare, cu o capacitate de produc\u021bie anual\u0103 proiectat\u0103 de 1 milion de buc\u0103\u021bi. Atelierul de cilindri speciali este echipat cu diverse specifica\u021bii ale unui sistem de asamblare semi-automat de cur\u0103\u021bare, cu o capacitate de produc\u021bie anual\u0103 proiectat\u0103 de 200.000 \u0219i dotat cu echipamente celebre de prelucrare CNC, un centru de prelucrare, un echipament special de prelucrare a cilindrilor de \u00eenalt\u0103 precizie, o ma\u0219in\u0103 de sudur\u0103 robotizat\u0103, o ma\u0219in\u0103 de cur\u0103\u021bare automat\u0103, o ma\u0219in\u0103 de asamblare automat\u0103 a cilindrilor \u0219i o linie de produc\u021bie automat\u0103 de vopsire. Echipamente critice existente de peste 300 de seturi (seturi). Alocarea optim\u0103 \u0219i utilizarea eficient\u0103 a resurselor de echipamente asigur\u0103 cerin\u021bele de precizie ale produselor \u0219i satisface nevoile de \u00eenalt\u0103 calitate ale produselor.<\/p>\n<p><img loading=\"lazy\" decoding=\"async\" class=\"alignnone wp-image-626\" src=\"https:\/\/hydraulic-cylinders.net\/wp-content\/uploads\/2023\/08\/hydraulic-cylinder-product-1-300x158.webp\" alt=\"\" width=\"495\" height=\"260\" srcset=\"https:\/\/hydraulic-cylinders.net\/wp-content\/uploads\/2023\/08\/hydraulic-cylinder-product-1-300x158.webp 495w, https:\/\/hydraulic-cylinders.net\/wp-content\/uploads\/2023\/08\/hydraulic-cylinder-product-1-480x252.webp 480w\" sizes=\"(min-width: 0px) and (max-width: 480px) 480px, (min-width: 481px) 495px, 100vw\" \/> <img loading=\"lazy\" decoding=\"async\" class=\"alignnone wp-image-627\" src=\"https:\/\/hydraulic-cylinders.net\/wp-content\/uploads\/2023\/08\/hydraulic-cylinder-product-2-300x189.webp\" alt=\"\" width=\"413\" height=\"260\" \/><\/p>\n<h3>(2) Prelucrare<\/h3>\n<p>Atelierul de prelucrare este echipat cu un centru de strunjire cu \u0219in\u0103 \u00eenclinat\u0103 personalizat, un centru de prelucrare, o ma\u0219in\u0103 de honuire de mare vitez\u0103, un robot de sudur\u0103 \u0219i alte echipamente conexe, care pot gestiona prelucrarea tuburilor cilindrice cu un diametru interior maxim de 400 mm \u0219i o lungime maxim\u0103 de 6 metri.<\/p>\n<p><img loading=\"lazy\" decoding=\"async\" class=\"alignnone wp-image-628 size-large\" src=\"https:\/\/hydraulic-cylinders.net\/wp-content\/uploads\/2023\/08\/hydraulic-cylinder-product-3-1024x391.webp\" alt=\"\" width=\"1024\" height=\"391\" srcset=\"https:\/\/hydraulic-cylinders.net\/wp-content\/uploads\/2023\/08\/hydraulic-cylinder-product-3-980x374.webp 980w, https:\/\/hydraulic-cylinders.net\/wp-content\/uploads\/2023\/08\/hydraulic-cylinder-product-3-480x183.webp 480w\" sizes=\"(min-width: 0px) and (max-width: 480px) 480px, (min-width: 481px) and (max-width: 980px) 980px, (min-width: 981px) 1024px, 100vw\" \/><\/p>\n<h3>(3) Sudur\u0103<\/h3>\n<p><img loading=\"lazy\" decoding=\"async\" class=\"alignnone wp-image-629 size-large\" src=\"https:\/\/hydraulic-cylinders.net\/wp-content\/uploads\/2023\/08\/hydraulic-cylinder-product-4-1024x510.webp\" alt=\"\" width=\"1024\" height=\"510\" srcset=\"https:\/\/hydraulic-cylinders.net\/wp-content\/uploads\/2023\/08\/hydraulic-cylinder-product-4-980x488.webp 980w, https:\/\/hydraulic-cylinders.net\/wp-content\/uploads\/2023\/08\/hydraulic-cylinder-product-4-480x239.webp 480w\" sizes=\"(min-width: 0px) and (max-width: 480px) 480px, (min-width: 481px) and (max-width: 980px) 980px, (min-width: 981px) 1024px, 100vw\" \/><\/p>\n<h3>(4) Vopsire \u0219i acoperire<\/h3>\n<p>Cu linii automate de acoperire cu vopsea pe baz\u0103 de ap\u0103 cu cilindru de dimensiuni mici \u0219i medii, pentru a realiza \u00eenc\u0103rcarea \u0219i desc\u0103rcarea automat\u0103 a robotului \u0219i pulverizarea automat\u0103, capacitatea de proiectare de 4000 de buc\u0103\u021bi pe schimb;<br \/>\nAvem, de asemenea, o linie de produc\u021bie semi-automat\u0103 de vopsire pentru cilindri mari, ac\u021bionat\u0103 de un lan\u021b de putere, cu o capacitate de proiectare de 60 de cutii pe schimb.<\/p>\n<p><img loading=\"lazy\" decoding=\"async\" class=\"alignnone wp-image-630\" src=\"https:\/\/hydraulic-cylinders.net\/wp-content\/uploads\/2023\/08\/hydraulic-cylinder-product-5-300x213.webp\" alt=\"\" width=\"366\" height=\"260\" \/> <img loading=\"lazy\" decoding=\"async\" class=\"alignnone wp-image-631\" src=\"https:\/\/hydraulic-cylinders.net\/wp-content\/uploads\/2023\/08\/hydraulic-cylinder-product-6-300x225.webp\" alt=\"\" width=\"347\" height=\"260\" \/><\/p>\n<h3>(5) Testarea<\/h3>\n<p>Dispunem de instala\u021bii de inspec\u021bie \u0219i bancuri de testare de prim\u0103 clas\u0103 pentru a ne asigura c\u0103 performan\u021ba cilindrului \u00eendepline\u0219te cerin\u021bele.<\/p>\n<p><img loading=\"lazy\" decoding=\"async\" class=\"alignnone wp-image-632\" src=\"https:\/\/hydraulic-cylinders.net\/wp-content\/uploads\/2023\/08\/hydraulic-cylinder-product-8-300x200.webp\" alt=\"\" width=\"389\" height=\"260\" \/><\/p>\n<p>&nbsp;<\/p>\n<p>&nbsp;<\/p>\n<p>Suntem unul dintre cei mai buni produc\u0103tori de cilindri hidraulici. Putem oferi o gam\u0103 complet\u0103 de cilindri hidraulici. De asemenea, oferim... <a href=\"https:\/\/hzpt.com\/agricultural-pto-gearbox\/\" target=\"_blank\" rel=\"noopener\">cutii de viteze agricole<\/a>Ne-am exportat produsele c\u0103tre clien\u021bi din \u00eentreaga lume \u0219i ne-am c\u00e2\u0219tigat o bun\u0103 reputa\u021bie datorit\u0103 calit\u0103\u021bii superioare a produselor noastre \u0219i a serviciilor post-v\u00e2nzare. \u00cei invit\u0103m pe clien\u021bii din \u021bar\u0103 \u0219i din str\u0103in\u0103tate s\u0103 ne contacteze pentru a negocia afaceri, a face schimb de informa\u021bii \u0219i... <a href=\"https:\/\/www.hydraulic-cylinders.net\/ro\/contact-us\/\">s\u0103 coopereze cu noi<\/a>!<\/p>\n<p>&nbsp;<\/p>","protected":false},"excerpt":{"rendered":"<p>V33D Series Axial Piston Variable Displacement Hydraulic Pump The V33D series axial piston variable displacement hydraulic pump is a revolutionary product designed to elevate the performance and efficiency of hydraulic systems. With its advanced features, precise control, and durable construction, this hydraulic pump sets new standards in the industry. The V33D series axial piston variable [&hellip;]<\/p>","protected":false},"featured_media":1987,"comment_status":"open","ping_status":"closed","template":"","meta":{"_et_pb_use_builder":"","_et_pb_old_content":"","_et_gb_content_width":""},"product_brand":[],"product_cat":[1425],"product_tag":[1426],"class_list":{"0":"post-1967","1":"product","2":"type-product","3":"status-publish","4":"has-post-thumbnail","6":"product_cat-piston-pump","7":"product_tag-hydraulic-pump","9":"first","10":"instock","11":"shipping-taxable","12":"product-type-simple"},"amp_enabled":true,"_links":{"self":[{"href":"https:\/\/www.hydraulic-cylinders.net\/ro\/wp-json\/wp\/v2\/product\/1967","targetHints":{"allow":["GET"]}}],"collection":[{"href":"https:\/\/www.hydraulic-cylinders.net\/ro\/wp-json\/wp\/v2\/product"}],"about":[{"href":"https:\/\/www.hydraulic-cylinders.net\/ro\/wp-json\/wp\/v2\/types\/product"}],"replies":[{"embeddable":true,"href":"https:\/\/www.hydraulic-cylinders.net\/ro\/wp-json\/wp\/v2\/comments?post=1967"}],"wp:featuredmedia":[{"embeddable":true,"href":"https:\/\/www.hydraulic-cylinders.net\/ro\/wp-json\/wp\/v2\/media\/1987"}],"wp:attachment":[{"href":"https:\/\/www.hydraulic-cylinders.net\/ro\/wp-json\/wp\/v2\/media?parent=1967"}],"wp:term":[{"taxonomy":"product_brand","embeddable":true,"href":"https:\/\/www.hydraulic-cylinders.net\/ro\/wp-json\/wp\/v2\/product_brand?post=1967"},{"taxonomy":"product_cat","embeddable":true,"href":"https:\/\/www.hydraulic-cylinders.net\/ro\/wp-json\/wp\/v2\/product_cat?post=1967"},{"taxonomy":"product_tag","embeddable":true,"href":"https:\/\/www.hydraulic-cylinders.net\/ro\/wp-json\/wp\/v2\/product_tag?post=1967"}],"curies":[{"name":"wp","href":"https:\/\/api.w.org\/{rel}","templated":true}]}}