{"id":19670,"date":"2025-04-07T07:00:52","date_gmt":"2025-04-07T07:00:52","guid":{"rendered":"https:\/\/www.hydraulic-cylinders.net\/product\/boom-cylinder-for-bada-wysbd500c-s\/"},"modified":"2025-04-07T07:00:56","modified_gmt":"2025-04-07T07:00:56","slug":"boom-cylinder-for-bada-wysbd500c-s","status":"publish","type":"product","link":"https:\/\/www.hydraulic-cylinders.net\/ro\/produs\/boom-cylinder-for-bada-wysbd500c-s\/","title":{"rendered":"Cilindru bra\u021b pentru Bada WYSBD500C-S"},"content":{"rendered":"<h1>Cilindru bra\u021b pentru Bada WYSBD500C-S<\/h1>\n<h2>\u00cen\u021belegerea cilindrului bra\u021bului<\/h2>\n<p>Cilindrul bra\u021bului, conceput special pentru Bada WYSBD500C-S, este o component\u0103 esen\u021bial\u0103 a sistemelor hidraulice utilizate \u00een diverse utilaje grele. Acest tip de cilindru hidraulic este utilizat \u00een principal pentru a controla mi\u0219carea cupelor \u00een excavatoare, excavatoare \u0219i \u00eenc\u0103rc\u0103toare frontale. Permi\u021b\u00e2nd ridicarea, cobor\u00e2rea \u0219i \u00eenclinarea cupei, acesta faciliteaz\u0103 dramatic sarcinile de manipulare a materialelor. Cilindrul cupei func\u021bioneaz\u0103 utiliz\u00e2nd presiunea uleiului hidraulic pentru a crea mi\u0219care, ceea ce \u00eel face un element critic \u00een asigurarea eficien\u021bei \u0219i eficacit\u0103\u021bii opera\u021biunilor cu echipamente grele.<\/p>\n<p><img decoding=\"async\" src=\"https:\/\/www.hydraulic-cylinders.net\/wp-content\/uploads\/2025\/04\/songte-company-1.webp\" alt=\"Cilindru de bra\u021b\" \/><\/p>\n<h2>Caracteristicile cilindrului bra\u021bului<\/h2>\n<h3>Rezisten\u021b\u0103 \u0219i durabilitate ridicate<\/h3>\n<ul>\n<li>Construit din o\u021bel sau aluminiu de \u00eenalt\u0103 rezisten\u021b\u0103, permi\u021b\u00e2ndu-i s\u0103 reziste la presiuni mari \u0219i sarcini grele.<\/li>\n<li>Conceput s\u0103 func\u021bioneze \u00een medii de lucru dure, lu\u00e2nd \u00een considerare rezisten\u021ba la uzur\u0103 \u0219i protec\u021bia la coroziune.<\/li>\n<li>Durat\u0103 de via\u021b\u0103 extins\u0103 datorit\u0103 standardelor robuste de fabrica\u021bie.<\/li>\n<\/ul>\n<h3>Func\u021bionare hidraulic\u0103 eficient\u0103<\/h3>\n<ul>\n<li>Utilizeaz\u0103 presiunea uleiului hidraulic pentru o extensie \u0219i retragere lin\u0103.<\/li>\n<li>R\u0103spunde rapid la comenzile operatorului, oferind capacit\u0103\u021bi puternice de \u00eempingere \u0219i tragere.<\/li>\n<li>Ideal pentru manipularea obiectelor grele \u0219i efectuarea cu precizie a sarcinilor complexe.<\/li>\n<\/ul>\n<h3>Diverse tipuri<\/h3>\n<ul>\n<li>Op\u021biuni \u00eentre cilindri cu ac\u021biune simpl\u0103 (func\u021bioneaz\u0103 \u00eentr-o singur\u0103 direc\u021bie) \u0219i cilindri cu ac\u021biune dubl\u0103 (func\u021bioneaz\u0103 \u00een ambele direc\u021bii) pentru a se potrivi diverselor cerin\u021be opera\u021bionale.<\/li>\n<li>Anumite modele sunt telescopice, permi\u021b\u00e2nd o extindere mai mare f\u0103r\u0103 a cre\u0219te dimensiunile exterioare, potrivite pentru aplica\u021bii cu spa\u021biu constr\u00e2ns.<\/li>\n<\/ul>\n<p>Compania noastr\u0103 este specializat\u0103 \u00een produc\u021bia acestor cilindri, asigur\u00e2ndu-se c\u0103 ace\u0219tia \u00eenlocuiesc perfect cilindrii hidraulici existen\u021bi.<\/p>\n<p><img decoding=\"async\" src=\"https:\/\/www.hydraulic-cylinders.net\/wp-content\/uploads\/2025\/04\/songte-cylinder-head-with-all-kinds-excavator-models.webp\" alt=\"Modele de excavatoare\" \/><\/p>\n<h2>Aplica\u021bii ale cilindrului bra\u021bului<\/h2>\n<h3>Echipamente de construc\u021bii<\/h3>\n<p>\u00cen echipamentele de construc\u021bii, precum excavatoarele, cilindrul bra\u021bului joac\u0103 un rol esen\u021bial \u00een excavarea, \u00eenc\u0103rcarea \u0219i mi\u0219carea solului sau a resturilor. Capacitatea sa hidraulic\u0103 permite s\u0103parea ad\u00e2nc\u0103 \u00een p\u0103m\u00e2nt, \u00een timp ce mi\u0219carea sa eficient\u0103 de ridicare permite transportul materialelor \u00een loca\u021biile dorite. Atunci c\u00e2nd este integrat \u00een \u00eenc\u0103rc\u0103toarele excavatoare, acesta ajut\u0103 nu numai la excavare, ci \u0219i la opera\u021biunile de ridicare, ceea ce \u00eel face un instrument versatil pentru sarcinile de construc\u021bie.<\/p>\n<h3>Ma\u0219ini agricole<\/h3>\n<p>\u00cen aplica\u021biile agricole, cilindrul bra\u021bului este crucial pentru \u00eenc\u0103rc\u0103toarele frontale, facilit\u00e2nd scoaterea, ridicarea \u0219i transportul solului, f\u00e2nului \u0219i altor materiale. Rezisten\u021ba sa hidraulic\u0103 sus\u021bine diverse sarcini agricole, permi\u021b\u00e2nd fermierilor s\u0103 \u00ee\u0219i gestioneze eficient opera\u021biunile \u0219i s\u0103 \u00ee\u0219i sporeasc\u0103 productivitatea.<\/p>\n<h3>Excavatoare<\/h3>\n<p>Pentru excavatoare, cilindrul bra\u021bului este esen\u021bial pentru a permite cupei s\u0103 p\u0103trund\u0103 \u00een sol \u00een timpul opera\u021biunilor de excavare. Aceast\u0103 capacitate asigur\u0103 excavarea eficient\u0103 a diferitelor materiale, ceea ce o face o component\u0103 indispensabil\u0103 \u00een sarcinile de terasament.<\/p>\n<h3>\u00cenc\u0103rc\u0103toare<\/h3>\n<p>La \u00eenc\u0103rc\u0103toarele frontale, cilindrii bra\u021bului ajut\u0103 la ridicarea \u0219i desc\u0103rcarea eficient\u0103 a materialelor. Designul lor permite o func\u021bionare lin\u0103, facilit\u00e2nd manipularea materialelor vrac \u0219i \u00eembun\u0103t\u0103\u021bind viteza \u0219i eficien\u021ba de lucru pe \u0219antier.<\/p>\n<h2>Considera\u021bii de proiectare \u0219i criterii de selec\u021bie<\/h2>\n<h3>Capacitate de \u00eenc\u0103rcare<\/h3>\n<p>Atunci c\u00e2nd selecta\u021bi un cilindru pentru bra\u021b, \u00een\u021belegerea capacit\u0103\u021bii sale de \u00eenc\u0103rcare este esen\u021bial\u0103. Cilindrul trebuie s\u0103 reziste sarcinilor opera\u021bionale f\u0103r\u0103 defec\u021biuni, asigur\u00e2nd siguran\u021ba \u0219i eficien\u021ba. Produc\u0103torii ofer\u0103 de obicei valori de \u00eenc\u0103rcare bazate pe teste extinse, a\u0219a c\u0103 este esen\u021bial s\u0103 alege\u021bi un cilindru care s\u0103 \u00eendeplineasc\u0103 sau s\u0103 dep\u0103\u0219easc\u0103 cerin\u021bele aplica\u021biei sale prev\u0103zute.<\/p>\n<h3>Sigilare<\/h3>\n<p>Etan\u0219area eficient\u0103 este crucial\u0103 pentru men\u021binerea presiunii hidraulice. Garniturile de \u00eenalt\u0103 calitate previn scurgerile \u0219i asigur\u0103 performan\u021ba optim\u0103 a cilindrului. Produc\u0103torii utilizeaz\u0103 adesea garnituri fabricate din materiale durabile, cum ar fi poliuretanul sau cauciucul nitrilic, care sunt concepute pentru a rezista la uzur\u0103 \u0219i condi\u021bii dure. Inspec\u021biile regulate \u0219i \u00eenlocuirile la timp sporesc longevitatea cilindrului.<\/p>\n<h3>Durabilitate<\/h3>\n<p>Durabilitatea este un factor cheie \u00een proiectarea cilindrilor bra\u021bului. Componentele sunt adesea supuse unor condi\u021bii extreme, inclusiv varia\u021bii de presiune \u0219i elemente de mediu. Prin urmare, alegerea unui cilindru construit din materiale de \u00eenalt\u0103 rezisten\u021b\u0103 cu acoperiri protectoare poate cre\u0219te semnificativ durata de via\u021b\u0103 a acestuia \u0219i poate reduce nevoile de \u00eentre\u021binere.<\/p>\n<h3>Caracteristici de siguran\u021b\u0103<\/h3>\n<p>Considera\u021biile de siguran\u021b\u0103 sunt esen\u021biale la proiectarea cilindrilor hidraulici. Caracteristici precum supapele de suprapresiune \u0219i mecanismele de montare sigure asigur\u0103 o func\u021bionare sigur\u0103. Selectarea cilindrilor cu caracteristici de siguran\u021b\u0103 \u00eencorporate ajut\u0103 la prevenirea accidentelor \u0219i a deterior\u0103rii echipamentelor, contribuind la un mediu de lucru mai sigur.<\/p>\n<h3>Accesibilitate pentru \u00eentre\u021binere<\/h3>\n<p>Proiectarea cilindrului bra\u021bului ar trebui s\u0103 ia \u00een considerare \u0219i u\u0219urin\u021ba \u00eentre\u021binerii. Punctele de service accesibile permit inspec\u021bii \u0219i repara\u021bii rapide, reduc\u00e2nd la minimum timpul de nefunc\u021bionare. \u00centre\u021binerea regulat\u0103 este vital\u0103 pentru a asigura func\u021bionarea eficient\u0103 \u0219i sigur\u0103 a cilindrului, prelungindu-i durata de via\u021b\u0103.<\/p>\n<p><img decoding=\"async\" src=\"https:\/\/www.hydraulic-cylinders.net\/wp-content\/uploads\/2025\/04\/songte-oil-pipes-and-spare-parts.webp\" alt=\"Conducte de petrol \u0219i piese de schimb\" \/><\/p>\n<h2>Etan\u0219area \u0219i lubrifierea cilindrului hidraulic<\/h2>\n<p>Pentru a men\u021bine performan\u021be optime, se utilizeaz\u0103 diverse componente de etan\u0219are, inclusiv etan\u0219\u0103ri pentru piston \u0219i etan\u0219\u0103ri pentru tij\u0103. Etan\u0219\u0103rile fabricate din materiale rezistente la uzur\u0103, precum poliuretanul \u0219i cauciucul nitrilic, sunt esen\u021biale pentru prevenirea scurgerilor de fluid hidraulic \u0219i men\u021binerea presiunii. \u00cen plus, corpul cilindrului \u0219i capetele filetate sunt supuse unor prelucr\u0103ri precise pentru a spori durabilitatea \u0219i rezisten\u021ba la uzur\u0103. Lubrifierea regulat\u0103 cu ulei hidraulic este necesar\u0103 pentru a asigura o func\u021bionare f\u0103r\u0103 probleme \u0219i a preveni deteriorarea intern\u0103, ceea ce necesit\u0103 verific\u0103ri \u0219i complet\u0103ri periodice.<\/p>\n<h2>Inspec\u021bii regulate \u0219i m\u0103suri de \u00eentre\u021binere preventiv\u0103<\/h2>\n<ul>\n<li><strong>Inspec\u021bii de rutin\u0103:<\/strong> Efectuarea inspec\u021biilor regulate ale cilindrului bra\u021bului este vital\u0103 pentru a identifica semnele de uzur\u0103, scurgeri \u0219i deterior\u0103ri. Inspec\u021biile programate permit interven\u021bii la timp care pot preveni probleme mai semnificative pe viitor.<\/li>\n<li><strong>\u00centre\u021binere preventiv\u0103:<\/strong> Implementarea unui program de \u00eentre\u021binere preventiv\u0103 poate \u00eembun\u0103t\u0103\u021bi semnificativ performan\u021ba \u0219i durata de via\u021b\u0103 a cilindrului. Sarcinile de \u00eentre\u021binere regulate ar trebui s\u0103 includ\u0103 verificarea garniturilor, lubrifierea pieselor mobile \u0219i asigurarea c\u0103 nivelul fluidului hidraulic este corespunz\u0103tor.<\/li>\n<li><strong>\u00cenlocuirea componentelor:<\/strong> Urm\u0103rirea uzurii componentelor \u0219i \u00eenlocuirea acestora atunci c\u00e2nd este necesar este crucial\u0103 pentru men\u021binerea eficien\u021bei opera\u021bionale. \u00cenlocuirea regulat\u0103 a garniturilor, furtunurilor \u0219i a altor piese critice poate preveni defec\u021biunile \u0219i poate prelungi durata de via\u021b\u0103 a echipamentelor.<\/li>\n<\/ul>\n<h2>Instruc\u021biuni de instalare<\/h2>\n<p>Pentru a asigura instalarea corect\u0103 a cilindrului bra\u021bului, urma\u021bi aceste instruc\u021biuni:<\/p>\n<ol>\n<li>Asigura\u021bi alinierea corect\u0103 a cilindrului cu punctele de montare de pe ma\u0219in\u0103.<\/li>\n<li>Folosi\u021bi suporturi de montare adecvate pentru a fixa cilindrul \u00een pozi\u021bie, \u00eempiedic\u00e2nd mi\u0219carea \u00een timpul func\u021bion\u0103rii.<\/li>\n<li>Urma\u021bi specifica\u021biile produc\u0103torului privind set\u0103rile de cuplu pentru \u0219uruburi \u0219i conexiuni pentru a asigura o fixare sigur\u0103.<\/li>\n<li>Verifica\u021bi toate conexiunile hidraulice pentru scurgeri dup\u0103 instalare \u0219i asigura\u021bi-v\u0103 c\u0103 nivelurile fluidului hidraulic sunt adecvate.<\/li>\n<li>Efectua\u021bi o opera\u021biune de prob\u0103 pentru a verifica dac\u0103 cilindrul func\u021bioneaz\u0103 corect \u0219i c\u0103 nu exist\u0103 obstruc\u021bii sau nealinieri.<\/li>\n<\/ol>\n<h2>Sarcini comune de \u00eentre\u021binere<\/h2>\n<ul>\n<li><strong>Inspec\u021bii regulate:<\/strong> Verific\u0103rile frecvente ale cilindrului bra\u021bului pentru a depista orice semne de uzur\u0103 sau deteriorare sunt esen\u021biale. Identificarea din timp a poten\u021bialelor probleme poate economisi timp \u0219i costuri legate de defec\u021biunile echipamentelor.<\/li>\n<li><strong>Lubrifiere adecvat\u0103:<\/strong> Asigurarea lubrifierii adecvate a cilindrului hidraulic previne uzura intern\u0103 \u0219i permite o func\u021bionare lin\u0103. Verifica\u021bi \u0219i completa\u021bi periodic uleiul hidraulic, dup\u0103 cum este necesar.<\/li>\n<li><strong>\u00cenlocuirea garniturii:<\/strong> \u00cen timp, garniturile se pot uza, duc\u00e2nd la scurgeri \u0219i performan\u021be reduse. Transformarea inspec\u021biei \u0219i \u00eenlocuirii garniturilor \u00eentr-o sarcin\u0103 de rutin\u0103 este vital\u0103 pentru men\u021binerea integrit\u0103\u021bii cilindrului hidraulic.<\/li>\n<\/ul>\n<h2>Considera\u021bii de siguran\u021b\u0103 \u0219i factori de mediu<\/h2>\n<p>Atunci c\u00e2nd se utilizeaz\u0103 cilindri hidraulici, este esen\u021bial s\u0103 se integreze m\u0103suri de siguran\u021b\u0103 pentru a proteja operatorii \u0219i personalul din jur. Implementarea unor programe adecvate de instruire privind func\u021bionarea \u0219i \u00eentre\u021binerea \u00een siguran\u021b\u0103 a sistemelor hidraulice poate reduce semnificativ accidentele. \u00cen plus, lua\u021bi \u00een considerare factorii de mediu, cum ar fi eliminarea fluidelor \u0219i cur\u0103\u021barea echipamentelor, pentru a minimiza impactul ecologic, asigur\u00e2nd respectarea reglement\u0103rilor din industrie \u0219i promov\u00e2nd practici durabile.<\/p>\n<h2>Diagnosticarea defec\u021biunilor \u0219i probleme frecvente<\/h2>\n<ul>\n<li><strong>Scurgere:<\/strong> Una dintre cele mai frecvente probleme ale cilindrilor hidraulici este scurgerea de fluid, care poate rezulta din uzura garniturilor de etan\u0219are sau a componentelor deteriorate. Verific\u0103rile regulate pentru detectarea scurgerilor pot ajuta la identificarea \u0219i repararea timpurie.<\/li>\n<li><strong>Pierdere de putere:<\/strong> O sc\u0103dere a puterii sau a r\u0103spunsului poate indica niveluri sc\u0103zute de lichid hidraulic sau deterior\u0103ri interne. Monitorizarea nivelurilor de lichid hidraulic \u0219i efectuarea \u00eentre\u021binerii de rutin\u0103 pot preveni aceast\u0103 problem\u0103.<\/li>\n<li><strong>Supra\u00eenc\u0103lzire:<\/strong> C\u0103ldura excesiv\u0103 poate afecta performan\u021ba hidraulic\u0103, adesea cauzat\u0103 de supra\u00eenc\u0103rcare sau lubrifiere insuficient\u0103. Asigurarea faptului c\u0103 sistemul hidraulic nu este supra\u00eenc\u0103rcat \u0219i verificarea regulat\u0103 a lubrifierii pot atenua riscurile de supra\u00eenc\u0103lzire.<\/li>\n<\/ul>\n<h2>Sfaturi \u0219i solu\u021bii pentru depanare<\/h2>\n<p>Pentru a diagnostica \u0219i remedia eficient problemele legate de cilindrii hidraulici, lua\u021bi \u00een considerare urm\u0103toarele sfaturi:<\/p>\n<ul>\n<li>Efectua\u021bi inspec\u021bii am\u0103nun\u021bite pentru a identifica sursa scurgerii, fie c\u0103 este vorba de o garnitur\u0103 sau de un furtun. \u00cenlocui\u021bi prompt componentele uzate pentru a evita deteriorarea ulterioar\u0103.<\/li>\n<li>Dac\u0103 \u00eent\u00e2mpina\u021bi o pierdere de putere, verifica\u021bi nivelurile de lichid hidraulic \u0219i completa\u021bi-le dup\u0103 cum este necesar. Dac\u0103 problema persist\u0103, verifica\u021bi dac\u0103 exist\u0103 deterior\u0103ri interne sau blocaje.<\/li>\n<li>\u00cen cazul problemelor de supra\u00eenc\u0103lzire, asigura\u021bi-v\u0103 c\u0103 sistemul nu este supra\u00eenc\u0103rcat \u0219i men\u021bine\u021bi niveluri adecvate de lubrifiere. Monitorizarea regulat\u0103 poate preveni supra\u00eenc\u0103lzirea \u0219i daunele asociate.<\/li>\n<\/ul>\n<p><img decoding=\"async\" src=\"https:\/\/www.hydraulic-cylinders.net\/wp-content\/uploads\/2025\/04\/songte-bushings-with-all-kinds-of-excavator-models.webp\" alt=\"Buc\u0219e pentru modele de excavatoare\" \/><\/p>\n<h2>Despre compania noastr\u0103<\/h2>\n<p>Suntem un produc\u0103tor \u0219i distribuitor angro de top de cilindri hidraulici, angaja\u021bi s\u0103 oferim o gam\u0103 complet\u0103 de produse adaptate pentru a satisface diversele nevoi ale pie\u021bei. Dedica\u021bia noastr\u0103 fa\u021b\u0103 de excelen\u021b\u0103 este evident\u0103 \u00een practicile noastre de fabrica\u021bie de precizie, conduse de tehnologie avansat\u0103 \u0219i personal calificat. Prin utilizarea de echipamente digitale de fabrica\u021bie de ultim\u0103 genera\u021bie \u0219i sisteme robuste de asigurare a calit\u0103\u021bii, ne \u00eembun\u0103t\u0103\u021bim continuu capacit\u0103\u021bile de produc\u021bie. Angajamentul nostru fa\u021b\u0103 de eficien\u021b\u0103 ridicat\u0103, precizie \u0219i calitate ne permite s\u0103 \u00eendeplinim eficient diversele cerin\u021be ale clien\u021bilor no\u0219tri.<\/p>\n<p>Ne m\u00e2ndrim cu expertiza noastr\u0103 profesional\u0103, certific\u0103rile interna\u021bionale, serviciile personalizate \u0219i asisten\u021ba post-v\u00e2nzare excep\u021bional\u0103. Facilit\u0103\u021bile noastre de produc\u021bie sunt dotate cu tehnologie de ultim\u0103 genera\u021bie, asigur\u00e2nd c\u0103 produsele noastre \u00eendeplinesc cele mai \u00eenalte standarde de calitate \u0219i performan\u021b\u0103.<\/p>\n<p><img decoding=\"async\" src=\"https:\/\/www.hydraulic-cylinders.net\/wp-content\/uploads\/2025\/04\/songte-company-4.webp\" alt=\"Facilit\u0103\u021bi ale companiei\" \/><br \/>\n<img decoding=\"async\" src=\"https:\/\/www.hydraulic-cylinders.net\/wp-content\/uploads\/2025\/04\/songte-company-3.webp\" alt=\"Prezentare general\u0103 a companiei\" \/><\/p>\n<p>Autor: lyl<\/p>","protected":false},"excerpt":{"rendered":"<p>Boom Cylinder For Bada WYSBD500C-S Understanding the Boom Cylinder The Boom Cylinder, specifically designed for the Bada WYSBD500C-S, is an essential component of hydraulic systems used in various heavy machinery. This type of hydraulic cylinder is primarily employed to control the movement of buckets in excavators, backhoes, and front loaders. By enabling the lifting, lowering, [&hellip;]<\/p>","protected":false},"featured_media":17873,"comment_status":"open","ping_status":"closed","template":"","meta":{"_et_pb_use_builder":"","_et_pb_old_content":"","_et_gb_content_width":""},"product_brand":[],"product_cat":[1546],"product_tag":[1547,1496],"class_list":{"0":"post-19670","1":"product","2":"type-product","3":"status-publish","4":"has-post-thumbnail","6":"product_cat-boom-cylinders","7":"product_tag-boom-cylinders","8":"product_tag-hydraulic-cylinders","10":"first","11":"instock","12":"shipping-taxable","13":"product-type-simple"},"amp_enabled":true,"_links":{"self":[{"href":"https:\/\/www.hydraulic-cylinders.net\/ro\/wp-json\/wp\/v2\/product\/19670","targetHints":{"allow":["GET"]}}],"collection":[{"href":"https:\/\/www.hydraulic-cylinders.net\/ro\/wp-json\/wp\/v2\/product"}],"about":[{"href":"https:\/\/www.hydraulic-cylinders.net\/ro\/wp-json\/wp\/v2\/types\/product"}],"replies":[{"embeddable":true,"href":"https:\/\/www.hydraulic-cylinders.net\/ro\/wp-json\/wp\/v2\/comments?post=19670"}],"wp:featuredmedia":[{"embeddable":true,"href":"https:\/\/www.hydraulic-cylinders.net\/ro\/wp-json\/wp\/v2\/media\/17873"}],"wp:attachment":[{"href":"https:\/\/www.hydraulic-cylinders.net\/ro\/wp-json\/wp\/v2\/media?parent=19670"}],"wp:term":[{"taxonomy":"product_brand","embeddable":true,"href":"https:\/\/www.hydraulic-cylinders.net\/ro\/wp-json\/wp\/v2\/product_brand?post=19670"},{"taxonomy":"product_cat","embeddable":true,"href":"https:\/\/www.hydraulic-cylinders.net\/ro\/wp-json\/wp\/v2\/product_cat?post=19670"},{"taxonomy":"product_tag","embeddable":true,"href":"https:\/\/www.hydraulic-cylinders.net\/ro\/wp-json\/wp\/v2\/product_tag?post=19670"}],"curies":[{"name":"wp","href":"https:\/\/api.w.org\/{rel}","templated":true}]}}