{"id":19672,"date":"2025-04-07T07:00:59","date_gmt":"2025-04-07T07:00:59","guid":{"rendered":"https:\/\/www.hydraulic-cylinders.net\/product\/boom-cylinder-for-bada-wys40\/"},"modified":"2025-04-07T07:01:02","modified_gmt":"2025-04-07T07:01:02","slug":"boom-cylinder-for-bada-wys40","status":"publish","type":"product","link":"https:\/\/www.hydraulic-cylinders.net\/ro\/produs\/boom-cylinder-for-bada-wys40\/","title":{"rendered":"Cilindru de bra\u021b pentru Bada WYS40"},"content":{"rendered":"<h1>Cilindru de bra\u021b pentru Bada WYS40<\/h1>\n<h2>Introducere \u00een cilindrul bra\u021bului<\/h2>\n<p>Cilindrul bra\u021bului este o component\u0103 hidraulic\u0103 vital\u0103, conceput\u0103 special pentru controlul mi\u0219c\u0103rii cupelor \u00een diverse utilaje grele, cum ar fi excavatoarele, \u00eenc\u0103rc\u0103toarele excavatoare \u0219i \u00eenc\u0103rc\u0103toarele frontale. Acest cilindru hidraulic permite ridicarea, cobor\u00e2rea \u0219i \u00eenclinarea cupei, facilit\u00e2nd sarcini eficiente de manipulare a materialelor. Cilindrul cupei func\u021bioneaz\u0103 sub presiune ridicat\u0103 \u0219i joac\u0103 un rol crucial \u00een sistemele hidraulice care alimenteaz\u0103 aceste ma\u0219ini.<\/p>\n<p><img decoding=\"async\" src=\"https:\/\/www.hydraulic-cylinders.net\/wp-content\/uploads\/2025\/04\/songte-company-1.webp\" alt=\"Imaginea cilindrului bra\u021bului\" \/><\/p>\n<h3>Defini\u021bie \u0219i prezentare general\u0103<\/h3>\n<p>Un cilindru al cupei, adesea denumit cilindru al bra\u021bului, este proiectat s\u0103 reziste cerin\u021belor riguroase ale aplica\u021biilor grele. Func\u021bia sa principal\u0103 este de a oferi un control precis asupra mi\u0219c\u0103rilor cupei, asigur\u00e2ndu-se c\u0103 operatorii pot executa sarcini precum s\u0103parea, ridicarea \u0219i transportul materialelor cu u\u0219urin\u021b\u0103. Designul cilindrului este optimizat pentru durabilitate \u0219i eficien\u021b\u0103, ceea ce \u00eel face o alegere fiabil\u0103 pentru diverse aplica\u021bii industriale.<\/p>\n<h2>Caracteristicile cilindrului bra\u021bului<\/h2>\n<ul>\n<li><strong>Rezisten\u021b\u0103 \u0219i durabilitate ridicate:<\/strong> De obicei fabricate din o\u021bel sau aluminiu de \u00eenalt\u0103 rezisten\u021b\u0103, aceste cilindri pot rezista la presiuni ridicate \u0219i sarcini grele, adapt\u00e2ndu-se \u00een acela\u0219i timp la medii de lucru dure. Sunt proiectate av\u00e2nd \u00een vedere rezisten\u021ba la uzur\u0103 \u0219i la coroziune, prelungindu-le durata de via\u021b\u0103.<\/li>\n<li><strong>Func\u021bionare hidraulic\u0103 eficient\u0103:<\/strong> Utiliz\u00e2nd presiunea uleiului hidraulic, cilindrul bra\u021bului realizeaz\u0103 o extensie \u0219i o retragere lin\u0103. Aceast\u0103 reac\u021bie rapid\u0103 permite for\u021be puternice de \u00eempingere \u0219i tragere, fiind potrivit pentru manipularea materialelor grele \u0219i a opera\u021biunilor complexe.<\/li>\n<li><strong>Varietate de tipuri:<\/strong> Sunt disponibile op\u021biuni pentru cilindri cu ac\u021biune simpl\u0103 (folosind presiunea hidraulic\u0103 \u00eentr-o singur\u0103 direc\u021bie) sau cu ac\u021biune dubl\u0103 (folosind presiunea hidraulic\u0103 \u00een ambele direc\u021bii), pentru a satisface diferite nevoi opera\u021bionale. Unele modele sunt telescopice, permi\u021b\u00e2nd o extensie mai mare f\u0103r\u0103 a cre\u0219te dimensiunile exterioare, ideale pentru aplica\u021bii cu spa\u021biu limitat.<\/li>\n<\/ul>\n<h3>Capacitate de produc\u021bie<\/h3>\n<p>Ne specializ\u0103m \u00een fabricarea cilindrilor hidraulici pentru bra\u021b, asigur\u00e2ndu-ne c\u0103 produsele noastre \u00eenlocuiesc perfect cilindrii hidraulici existen\u021bi. Angajamentul nostru fa\u021b\u0103 de calitate garanteaz\u0103 c\u0103 fiecare cilindru \u00eendepline\u0219te standarde stricte de performan\u021b\u0103.<\/p>\n<p><img decoding=\"async\" src=\"https:\/\/www.hydraulic-cylinders.net\/wp-content\/uploads\/2025\/04\/songte-cylinder-head-with-all-kinds-excavator-models.webp\" alt=\"Modele de excavatoare\" \/><\/p>\n<h2>Aplica\u021bii ale cilindrului bra\u021bului<\/h2>\n<h3>Echipamente de construc\u021bii<\/h3>\n<p>\u00cen excavatoare, cilindrii bra\u021bului sunt esen\u021biali pentru excavare, \u00eenc\u0103rcare \u0219i mutarea p\u0103m\u00e2ntului sau a resturilor. Ace\u0219tia permit ac\u021biuni precise de s\u0103pare \u0219i ridicare, asigur\u00e2ndu-se c\u0103 operatorii \u00ee\u0219i pot gestiona eficient volumul de munc\u0103. \u00cen cazul \u00eenc\u0103rc\u0103toarelor excavatoare, ace\u0219ti cilindri ajut\u0103 at\u00e2t la s\u0103pare, c\u00e2t \u0219i la ridicare, oferind versatilitate pe \u0219antier.<\/p>\n<h3>Ma\u0219ini agricole<\/h3>\n<p>\u00cenc\u0103rc\u0103toarele frontale utilizeaz\u0103 cilindri ai bra\u021bului pentru a scoate, ridica \u0219i transporta p\u0103m\u00e2nt, f\u00e2n \u0219i alte materiale. Fiabilitatea lor le face indispensabile \u00een mediul agricol, unde manipularea eficient\u0103 a materialelor este esen\u021bial\u0103 pentru productivitate.<\/p>\n<h3>Excavatoare<\/h3>\n<p>La excavatoare, cilindrul bra\u021bului permite cupei s\u0103 p\u0103trund\u0103 eficient \u00een sol, permi\u021b\u00e2nd opera\u021biuni eficiente de s\u0103pare. Controlul hidraulic oferit de cilindru asigur\u0103 mi\u0219c\u0103ri line \u0219i precise, vitale pentru proiectele de construc\u021bii \u0219i amenaj\u0103ri peisagistice.<\/p>\n<h3>\u00cenc\u0103rc\u0103toare<\/h3>\n<p>\u00cen cazul \u00eenc\u0103rc\u0103toarelor frontale, cilindrii bra\u021bului ajut\u0103 la ridicarea \u0219i desc\u0103rcarea eficient\u0103 a \u00eenc\u0103rc\u0103turilor. Designul lor permite capacit\u0103\u021bi de ridicare semnificative, ceea ce le face ideale pentru manipularea materialelor grele \u00een diverse aplica\u021bii.<\/p>\n<h2>Considera\u021bii de proiectare \u0219i criterii de selec\u021bie<\/h2>\n<h3>Capacitate de \u00eenc\u0103rcare<\/h3>\n<p>Atunci c\u00e2nd selecta\u021bi un cilindru pentru bra\u021b, este esen\u021bial s\u0103 lua\u021bi \u00een considerare capacitatea sa de \u00eenc\u0103rcare. Aceast\u0103 capacitate dicteaz\u0103 greutatea maxim\u0103 pe care cilindrul o poate suporta f\u0103r\u0103 a compromite performan\u021ba sau siguran\u021ba. Calcule \u0219i evalu\u0103ri precise sunt necesare pentru a asigura c\u0103 cilindrul \u00eendepline\u0219te cerin\u021bele aplica\u021biilor specifice.<\/p>\n<h3>Etan\u0219are \u0219i durabilitate<\/h3>\n<p>Etan\u0219area eficient\u0103 este esen\u021bial\u0103 pentru longevitatea cilindrilor hidraulici. Garniturile de \u00eenalt\u0103 calitate previn scurgerile de fluid, asigur\u00e2nd func\u021bionarea eficient\u0103 a sistemului hidraulic. Alegerea materialelor pentru garnituri, cum ar fi poliuretanul \u0219i cauciucul nitrilic, spore\u0219te rezisten\u021ba la uzur\u0103 \u0219i durabilitatea, contribuind la performan\u021ba general\u0103 a cilindrului.<\/p>\n<h3>Considera\u021bii de siguran\u021b\u0103<\/h3>\n<p>Siguran\u021ba este primordial\u0103 atunci c\u00e2nd se proiecteaz\u0103 cilindrii bra\u021bului. Caracteristici precum supapele de suprapresiune \u0219i sistemele de siguran\u021b\u0103 ajut\u0103 la atenuarea riscului de accidente \u0219i de defec\u021biuni ale echipamentelor. \u00centre\u021binerea \u0219i inspec\u021biile regulate sunt esen\u021biale pentru a asigura func\u021bionarea corect\u0103 a mecanismelor de siguran\u021b\u0103, protej\u00e2nd at\u00e2t operatorii, c\u00e2t \u0219i echipamentele.<\/p>\n<p><img decoding=\"async\" src=\"https:\/\/www.hydraulic-cylinders.net\/wp-content\/uploads\/2025\/04\/songte-oil-pipes-and-spare-parts.webp\" alt=\"Conducte de petrol \u0219i piese de schimb\" \/><\/p>\n<h2>Etan\u0219area \u0219i lubrifierea cilindrului hidraulic<\/h2>\n<p>Cilindrii hidraulici se bazeaz\u0103 pe diverse componente de etan\u0219are, cum ar fi etan\u0219\u0103rile pistonului \u0219i etan\u0219\u0103rile tijei, pentru a men\u021bine performan\u021be optime. Alegerea etan\u0219\u0103rilor fabricate din materiale durabile, cum ar fi poliuretanul sau cauciucul nitrilic, este crucial\u0103 pentru asigurarea unei protec\u021bii de lung\u0103 durat\u0103 \u00eempotriva uzurii. \u00cen plus, corpul cilindrului \u0219i capetele filetate sunt supuse unui tratament de suprafa\u021b\u0103 precis pentru a spori rezisten\u021ba la uzur\u0103.<\/p>\n<p>Lubrifierea regulat\u0103 cu ulei hidraulic este esen\u021bial\u0103 pentru buna func\u021bionare a cilindrului. Lubrifierea corect\u0103 reduce frecarea dintre piesele mobile, asigur\u00e2nd o ac\u021biune hidraulic\u0103 eficient\u0103 \u0219i prelungind durata de via\u021b\u0103 a cilindrului. Operatorii trebuie s\u0103 respecte programele de \u00eentre\u021binere pentru a asigura niveluri adecvate de lubrifiere, prevenind uzura prematur\u0103.<\/p>\n<h2>Inspec\u021bie regulat\u0103 \u0219i m\u0103suri de \u00eentre\u021binere preventiv\u0103<\/h2>\n<ul>\n<li><strong>Inspec\u021bii de rutin\u0103:<\/strong> Inspec\u021biile regulate ajut\u0103 la identificarea poten\u021bialelor probleme \u00eenainte ca acestea s\u0103 se agraveze. Operatorii ar trebui s\u0103 examineze cilindrul pentru a depista semne de uzur\u0103, scurgeri sau deterior\u0103ri, asigur\u00e2ndu-se c\u0103 orice repara\u021bii necesare pot fi efectuate prompt.<\/li>\n<li><strong>Lubrifiere adecvat\u0103:<\/strong> Asigurarea lubrifierii adecvate a cilindrului hidraulic este vital\u0103 pentru longevitatea acestuia. Operatorii trebuie s\u0103 respecte instruc\u021biunile de \u00eentre\u021binere privind intervalele \u0219i cantit\u0103\u021bile de lubrifiere, prevenind uzura excesiv\u0103 a componentelor interne.<\/li>\n<li><strong>\u00cenlocuirea garniturii:<\/strong> Garniturile din cilindrii hidraulici sunt componente de uzur\u0103 care necesit\u0103 \u00eenlocuire periodic\u0103. Identificarea timpurie a semnelor de degradare a garniturilor poate preveni scurgerile de ulei \u0219i poate men\u021bine eficien\u021ba cilindrului.<\/li>\n<\/ul>\n<h2>Instruc\u021biuni de instalare pentru cilindrul bra\u021bului<\/h2>\n<p>Instalarea corect\u0103 a cilindrului bra\u021bului este esen\u021bial\u0103 pentru performan\u021ba acestuia. Iat\u0103 c\u00e2\u021biva pa\u0219i cheie de urmat:<\/p>\n<ol>\n<li><strong>Aliniere:<\/strong> Asigura\u021bi-v\u0103 c\u0103 cilindrul este aliniat corect cu punctele de montare de pe ma\u0219in\u0103. Nealinierea poate duce la uzur\u0103 prematur\u0103 \u0219i la deteriorarea cilindrului.<\/li>\n<li><strong>Folosi\u021bi suporturi de montare adecvate:<\/strong> Folosi\u021bi console de montare adecvate pentru a fixa cilindrul \u00een pozi\u021bie. Acest lucru previne mi\u0219carea \u00een timpul func\u021bion\u0103rii, care ar putea duce la defec\u021biuni.<\/li>\n<li><strong>Urma\u021bi instruc\u021biunile produc\u0103torului:<\/strong> Respecta\u021bi instruc\u021biunile de instalare ale produc\u0103torului pentru modelele specifice. Acestea includ specifica\u021biile de cuplu \u0219i conexiunile conductelor hidraulice.<\/li>\n<li><strong>Verifica\u021bi dac\u0103 exist\u0103 scurgeri:<\/strong> Dup\u0103 instalare, porni\u021bi sistemul hidraulic \u0219i verifica\u021bi dac\u0103 exist\u0103 scurgeri. Remedia\u021bi imediat orice problem\u0103 pentru a preveni pierderea de fluid hidraulic.<\/li>\n<\/ol>\n<h2>Sarcini comune de \u00eentre\u021binere<\/h2>\n<ul>\n<li><strong>Inspec\u021bii regulate:<\/strong> Efectua\u021bi inspec\u021bii frecvente pentru a v\u0103 asigura c\u0103 toate componentele func\u021bioneaz\u0103 corect. C\u0103uta\u021bi semne de uzur\u0103, deteriorare sau scurgeri \u0219i remedia\u021bi-le prompt.<\/li>\n<li><strong>Lubrifiere adecvat\u0103:<\/strong> Aplica\u021bi tipul corect de fluid hidraulic \u0219i lubrifia\u021bi piesele mobile la intervale regulate pentru a \u00eembun\u0103t\u0103\u021bi performan\u021ba \u0219i a preveni uzura.<\/li>\n<li><strong>\u00cenlocuirea garniturii:<\/strong> \u00cenlocui\u021bi garniturile dup\u0103 cum este necesar, \u00een func\u021bie de uzur\u0103. \u00centre\u021binerea regulat\u0103 a garniturilor ajut\u0103 la men\u021binerea integrit\u0103\u021bii \u0219i eficien\u021bei sistemului.<\/li>\n<\/ul>\n<p>Instalarea, lubrifierea \u0219i reglajele corecte sunt cruciale pentru longevitatea cilindrului hidraulic. Asigurarea unei alinieri precise \u00een timpul instal\u0103rii ajut\u0103 la minimizarea uzurii cilindrului \u0219i a componentelor conectate.<\/p>\n<p><img decoding=\"async\" src=\"https:\/\/www.hydraulic-cylinders.net\/wp-content\/uploads\/2025\/04\/songte-chushion-collar.webp\" alt=\"Guler de pern\u0103\" \/><\/p>\n<h2>Considera\u021bii de siguran\u021b\u0103 \u0219i factori de mediu<\/h2>\n<p>Atunci c\u00e2nd se lucreaz\u0103 cu cilindri hidraulici, implementarea m\u0103surilor de siguran\u021b\u0103 este crucial\u0103 pentru prevenirea accidentelor. Operatorii trebuie s\u0103 poarte echipament individual de protec\u021bie (EIP) adecvat \u0219i s\u0103 respecte protocoalele de siguran\u021b\u0103 pentru a asigura un mediu de lucru sigur. Programele regulate de instruire \u0219i con\u0219tientizare pot ajuta la atenuarea riscurilor asociate cu sistemele hidraulice.<\/p>\n<h2>Diagnosticarea defec\u021biunilor \u0219i probleme frecvente<\/h2>\n<ul>\n<li><strong>Scurgere:<\/strong> Una dintre cele mai frecvente probleme ale cilindrilor hidraulici este scurgerea. Aceasta poate proveni din uzura garniturilor de etan\u0219are sau deteriorarea conexiunilor. Inspec\u021biile regulate \u0219i repara\u021biile la timp sunt esen\u021biale pentru a remedia scurgerile.<\/li>\n<li><strong>R\u0103spuns lent:<\/strong> Dac\u0103 sistemul hidraulic prezint\u0103 timpi de r\u0103spuns len\u021bi, acest lucru poate indica niveluri sc\u0103zute de lichid hidraulic sau aer blocat \u00een sistem. Repararea nivelurilor de lichid \u0219i aerisirea sistemului pot rezolva adesea aceast\u0103 problem\u0103.<\/li>\n<li><strong>Zgomot excesiv:<\/strong> Zgomotele neobi\u0219nuite din timpul func\u021bion\u0103rii pot sugera uzur\u0103 intern\u0103 sau necesitatea lubrifierii. Este esen\u021bial s\u0103 investiga\u021bi sursa zgomotului \u0219i s\u0103 lua\u021bi m\u0103suri corective pentru a evita deteriorarea ulterioar\u0103.<\/li>\n<\/ul>\n<h2>Sfaturi de depanare<\/h2>\n<p>Pentru a diagnostica \u0219i rezolva eficient problemele legate de cilindrul bra\u021bului, urma\u021bi aceste sfaturi de depanare:<\/p>\n<ul>\n<li>Monitoriza\u021bi orice semne de scurgeri sau pierderi de lichide \u0219i remedia\u021bi-le imediat pentru a preveni deteriorarea ulterioar\u0103.<\/li>\n<li>Verifica\u021bi periodic nivelurile \u0219i calitatea fluidului hidraulic, ad\u0103ug\u00e2nd sau \u00eenlocuind fluidele dup\u0103 cum este necesar pentru a men\u021bine performan\u021be optime.<\/li>\n<li>Implementa\u021bi m\u0103suri de \u00eentre\u021binere preventiv\u0103, cum ar fi inspec\u021biile \u0219i lubrifierile periodice, pentru a prelungi durata de via\u021b\u0103 a sistemului hidraulic.<\/li>\n<\/ul>\n<p><img decoding=\"async\" src=\"https:\/\/www.hydraulic-cylinders.net\/wp-content\/uploads\/2025\/04\/songte-bushings-with-all-kinds-of-excavator-models.webp\" alt=\"Buc\u0219e pentru modele de excavatoare\" \/><\/p>\n<h2>Prezentare general\u0103 a companiei<\/h2>\n<p>Suntem un produc\u0103tor important de cilindri hidraulici, oferind o gam\u0103 complet\u0103 de produse care deservesc at\u00e2t pie\u021bele interne, c\u00e2t \u0219i cele interna\u021bionale. Angajamentul nostru fa\u021b\u0103 de excelen\u021b\u0103 ne-a pozi\u021bionat ca un juc\u0103tor important \u00een industria de fabrica\u021bie \u0219i distribu\u021bie angro a cilindrilor hidraulici. Respect\u0103m standarde stricte de calitate \u0219i utiliz\u0103m strategii avansate de fabrica\u021bie, inclusiv ateliere de precizie \u0219i echipamente digitale moderne, pentru a ne \u00eembun\u0103t\u0103\u021bi capacit\u0103\u021bile de produc\u021bie.<\/p>\n<p>Echipa noastr\u0103 de profesioni\u0219ti, combinat\u0103 cu un sistem robust de testare, garanteaz\u0103 c\u0103 produsele noastre \u00eendeplinesc cele mai \u00eenalte cerin\u021be de calitate. Ne m\u00e2ndrim cu capacitatea noastr\u0103 de a satisface diversele nevoi ale clien\u021bilor prin servicii \u0219i solu\u021bii personalizate.<\/p>\n<p><img decoding=\"async\" src=\"https:\/\/www.hydraulic-cylinders.net\/wp-content\/uploads\/2025\/04\/songte-company-4.webp\" alt=\"Prezentare general\u0103 a companiei\" \/><br \/>\n<img decoding=\"async\" src=\"https:\/\/www.hydraulic-cylinders.net\/wp-content\/uploads\/2025\/04\/songte-company-3.webp\" alt=\"Facilitatea companiei\" \/><\/p>\n<p>Autor: lyl<\/p>","protected":false},"excerpt":{"rendered":"<p>Boom Cylinder For Bada WYS40 Introduction to the Boom Cylinder The Boom Cylinder is a vital hydraulic component designed specifically for controlling the movement of buckets in various heavy machinery, such as excavators, backhoe loaders, and front loaders. This hydraulic cylinder enables the bucket to lift, lower, and tilt, facilitating efficient material handling tasks. The [&hellip;]<\/p>","protected":false},"featured_media":17875,"comment_status":"open","ping_status":"closed","template":"","meta":{"_et_pb_use_builder":"","_et_pb_old_content":"","_et_gb_content_width":""},"product_brand":[],"product_cat":[1546],"product_tag":[1547,1496],"class_list":{"0":"post-19672","1":"product","2":"type-product","3":"status-publish","4":"has-post-thumbnail","6":"product_cat-boom-cylinders","7":"product_tag-boom-cylinders","8":"product_tag-hydraulic-cylinders","10":"first","11":"instock","12":"shipping-taxable","13":"product-type-simple"},"amp_enabled":true,"_links":{"self":[{"href":"https:\/\/www.hydraulic-cylinders.net\/ro\/wp-json\/wp\/v2\/product\/19672","targetHints":{"allow":["GET"]}}],"collection":[{"href":"https:\/\/www.hydraulic-cylinders.net\/ro\/wp-json\/wp\/v2\/product"}],"about":[{"href":"https:\/\/www.hydraulic-cylinders.net\/ro\/wp-json\/wp\/v2\/types\/product"}],"replies":[{"embeddable":true,"href":"https:\/\/www.hydraulic-cylinders.net\/ro\/wp-json\/wp\/v2\/comments?post=19672"}],"wp:featuredmedia":[{"embeddable":true,"href":"https:\/\/www.hydraulic-cylinders.net\/ro\/wp-json\/wp\/v2\/media\/17875"}],"wp:attachment":[{"href":"https:\/\/www.hydraulic-cylinders.net\/ro\/wp-json\/wp\/v2\/media?parent=19672"}],"wp:term":[{"taxonomy":"product_brand","embeddable":true,"href":"https:\/\/www.hydraulic-cylinders.net\/ro\/wp-json\/wp\/v2\/product_brand?post=19672"},{"taxonomy":"product_cat","embeddable":true,"href":"https:\/\/www.hydraulic-cylinders.net\/ro\/wp-json\/wp\/v2\/product_cat?post=19672"},{"taxonomy":"product_tag","embeddable":true,"href":"https:\/\/www.hydraulic-cylinders.net\/ro\/wp-json\/wp\/v2\/product_tag?post=19672"}],"curies":[{"name":"wp","href":"https:\/\/api.w.org\/{rel}","templated":true}]}}