{"id":19673,"date":"2025-04-07T07:01:03","date_gmt":"2025-04-07T07:01:03","guid":{"rendered":"https:\/\/www.hydraulic-cylinders.net\/product\/boom-cylinder-for-baoding-wy65-6\/"},"modified":"2025-04-07T07:01:06","modified_gmt":"2025-04-07T07:01:06","slug":"boom-cylinder-for-baoding-wy65-6","status":"publish","type":"product","link":"https:\/\/www.hydraulic-cylinders.net\/ro\/produs\/boom-cylinder-for-baoding-wy65-6\/","title":{"rendered":"Cilindru de bra\u021b pentru Baoding WY65-6"},"content":{"rendered":"<h1>Cilindru de bra\u021b pentru Baoding WY65-6<\/h1>\n<h2>Prezentare general\u0103 a produsului<\/h2>\n<p>Cilindrul bra\u021bului pentru Baoding WY65-6 este un cilindru hidraulic specializat, conceput pentru a controla mi\u0219carea cupelor \u00een utilaje grele, cum ar fi excavatoarele, \u00eenc\u0103rc\u0103toarele cu buldoexcavatoare \u0219i \u00eenc\u0103rc\u0103toarele frontale. Acest cilindru hidraulic permite ridicarea, cobor\u00e2rea \u0219i \u00eenclinarea eficient\u0103 a cupei, facilit\u00e2nd diverse sarcini de manipulare a materialelor. Cilindrul cupei este o component\u0103 esen\u021bial\u0103 a sistemelor hidraulice, unde transform\u0103 energia hidraulic\u0103 \u00een energie mecanic\u0103, permi\u021b\u00e2nd mi\u0219c\u0103ri line \u0219i controlate \u00een echipamentele de construc\u021bii \u0219i agricole.<\/p>\n<p><img decoding=\"async\" src=\"https:\/\/www.hydraulic-cylinders.net\/wp-content\/uploads\/2025\/04\/songte-company-1.webp\" alt=\"Cilindru de bra\u021b\" \/><\/p>\n<h2>Caracteristici cheie<\/h2>\n<ul>\n<li><strong>Rezisten\u021b\u0103 \u0219i durabilitate ridicate:<\/strong> Fabricat din o\u021bel sau aluminiu de \u00eenalt\u0103 rezisten\u021b\u0103, capabil s\u0103 reziste la presiuni ridicate \u0219i sarcini grele. Conceput pentru rezisten\u021b\u0103 la uzur\u0103 \u0219i protec\u021bie \u00eempotriva coroziunii, prelungindu-i durata de via\u021b\u0103.<\/li>\n<li><strong>Func\u021bionare hidraulic\u0103 eficient\u0103:<\/strong> Utilizeaz\u0103 presiunea uleiului hidraulic pentru o extensie \u0219i retragere lin\u0103, permi\u021b\u00e2nd r\u0103spunsuri rapide la comenzile de control \u0219i oferind o for\u021b\u0103 puternic\u0103 de \u00eempingere-tragere pentru gestionarea sarcinilor grele \u0219i complexe.<\/li>\n<li><strong>Diverse tipuri:<\/strong> Disponibile \u00een configura\u021bii cu ac\u021biune simpl\u0103 (func\u021bie hidraulic\u0103 utilizat\u0103 \u00eentr-o singur\u0103 direc\u021bie) sau cu ac\u021biune dubl\u0103 (func\u021bie hidraulic\u0103 utilizat\u0103 \u00een ambele direc\u021bii) pentru a satisface diverse nevoi opera\u021bionale. Unele modele sunt dotate cu designuri telescopice pentru o raz\u0103 de ac\u021biune extins\u0103 f\u0103r\u0103 a cre\u0219te dimensiunea, potrivite pentru aplica\u021bii cu spa\u021biu limitat.<\/li>\n<li><strong>Fabrica\u021bie personalizat\u0103:<\/strong> Capacit\u0103\u021bile noastre de produc\u021bie ne permit s\u0103 producem acest produs, asigur\u00e2nd un \u00eenlocuitor perfect pentru diver\u0219i cilindri hidraulici de pe pia\u021b\u0103.<\/li>\n<li><strong>Control complet al calit\u0103\u021bii:<\/strong> Fiecare cilindru este supus unor teste riguroase pentru a se asigura c\u0103 \u00eendepline\u0219te standarde \u00eenalte de calitate, fiabilitate \u0219i performan\u021b\u0103.<\/li>\n<\/ul>\n<p><img decoding=\"async\" src=\"https:\/\/www.hydraulic-cylinders.net\/wp-content\/uploads\/2025\/04\/songte-cylinder-head-with-all-kinds-excavator-models.webp\" alt=\"Op\u021biuni cilindru hidraulic\" \/><\/p>\n<h2>Scenarii de aplica\u021bii<\/h2>\n<h3>Echipamente de construc\u021bii<\/h3>\n<p>\u00cen excavatoare, cilindrii bra\u021bului sunt cruciali pentru s\u0103pare, \u00eenc\u0103rcare \u0219i mutarea solului sau a resturilor. Ace\u0219tia ofer\u0103 for\u021ba necesar\u0103 pentru ridicarea sarcinilor grele \u0219i sunt parte integrant\u0103 a func\u021bion\u0103rii ma\u0219inii. \u00cen cazul \u00eenc\u0103rc\u0103toarelor excavatoare, ace\u0219tia ajut\u0103 at\u00e2t la s\u0103pare, c\u00e2t \u0219i la ridicare, ceea ce le face versatile pentru diverse sarcini.<\/p>\n<h3>Ma\u0219ini agricole<\/h3>\n<p>\u00cen \u00eenc\u0103rc\u0103toarele frontale, cilindrii bra\u021bului sunt utiliza\u021bi pentru \u00eenc\u0103rcarea, ridicarea \u0219i transportul solului, f\u00e2nului \u0219i altor materiale. Performan\u021ba lor fiabil\u0103 asigur\u0103 procese eficiente de \u00eenc\u0103rcare \u0219i desc\u0103rcare, sporind productivitatea \u00een ferme \u0219i pe \u0219antiere.<\/p>\n<h3>Excavatoare<\/h3>\n<p>Cilindrul bra\u021bului permite cupei s\u0103 p\u0103trund\u0103 eficient \u00een sol, facilit\u00e2nd opera\u021biunile de excavare. Aceast\u0103 capacitate este esen\u021bial\u0103 at\u00e2t pentru proiectele de construc\u021bii, c\u00e2t \u0219i pentru cele de demolare, unde este necesar\u0103 o excavare precis\u0103.<\/p>\n<h3>\u00cenc\u0103rc\u0103toare<\/h3>\n<p>\u00cen cazul \u00eenc\u0103rc\u0103toarelor frontale, cilindrii bra\u021bului sunt esen\u021biali pentru ridicarea \u0219i desc\u0103rcarea eficient\u0103 a materialelor. Ace\u0219tia permit operatorilor s\u0103 manipuleze cu u\u0219urin\u021b\u0103 materialele vrac, sporind func\u021bionalitatea \u0219i eficien\u021ba \u00eenc\u0103rc\u0103torului.<\/p>\n<h2>Considera\u021bii de proiectare \u0219i criterii de selec\u021bie<\/h2>\n<h3>Capacitate de \u00eenc\u0103rcare<\/h3>\n<p>Capacitatea de \u00eenc\u0103rcare a unui cilindru hidraulic este o considera\u021bie principal\u0103 atunci c\u00e2nd se alege un cilindru pentru bra\u021b. Acesta trebuie s\u0103 fie capabil s\u0103 gestioneze sarcina maxim\u0103 a\u0219teptat\u0103 \u00een timpul func\u021bion\u0103rii f\u0103r\u0103 a compromite siguran\u021ba sau performan\u021ba. Produc\u0103torii utilizeaz\u0103 materiale de \u00eenalt\u0103 rezisten\u021b\u0103 \u0219i designuri robuste pentru a se asigura c\u0103 p\u00e2n\u0103 \u0219i cele mai grele sarcini pot fi gestionate eficient. Un cilindru cu o capacitate corect\u0103 nu numai c\u0103 va func\u021biona mai bine, dar va cre\u0219te \u0219i durata de via\u021b\u0103 a utilajului.<\/p>\n<h3>Sisteme de etan\u0219are<\/h3>\n<p>Eficien\u021ba \u0219i longevitatea unui cilindru hidraulic sunt influen\u021bate semnificativ de sistemele sale de etan\u0219are. Garnituri de \u00eenalt\u0103 calitate trebuie utilizate pentru a preveni scurgerile \u0219i contaminarea fluidului hidraulic. Materiale precum poliuretanul \u0219i cauciucul nitrilic sunt preferate pentru durabilitatea \u0219i rezisten\u021ba lor la uzur\u0103. Etan\u0219area adecvat\u0103 este esen\u021bial\u0103 pentru a men\u021bine presiunea \u00een sistem \u0219i pentru a asigura buna func\u021bionare a cilindrului.<\/p>\n<h3>Durabilitate<\/h3>\n<p>Durabilitatea este un alt factor critic \u00een alegerea cilindrilor hidraulici. Componentele trebuie s\u0103 reziste la medii de lucru dure, inclusiv temperaturi extreme, praf \u0219i umiditate. Produc\u0103torii utilizeaz\u0103 de obicei acoperiri \u0219i tratamente avansate pentru a spori rezisten\u021ba la coroziune \u0219i caracteristicile de uzur\u0103 ale cilindrilor hidraulici, asigur\u00e2ndu-se c\u0103 ace\u0219tia r\u0103m\u00e2n func\u021bionali \u00een timp, chiar \u0219i \u00een condi\u021bii dificile.<\/p>\n<h3>Caracteristici de siguran\u021b\u0103<\/h3>\n<p>Siguran\u021ba este primordial\u0103 \u00een proiectarea cilindrilor bra\u021bului. Caracteristici precum supapele de suprapresiune \u0219i capacele robuste ajut\u0103 la prevenirea defec\u021biunilor catastrofale. Este esen\u021bial ca operatorii s\u0103 fie con\u0219tien\u021bi de m\u0103surile de siguran\u021b\u0103 \u0219i s\u0103 se asigure c\u0103 toate sistemele existente func\u021bioneaz\u0103 corect pentru a evita accidentele \u00een timpul func\u021bion\u0103rii.<\/p>\n<h3>Accesibilitate pentru \u00eentre\u021binere<\/h3>\n<p>Proiectarea cilindrilor hidraulici av\u00e2nd \u00een vedere \u00eentre\u021binerea faciliteaz\u0103 accesul mai u\u0219or pentru inspec\u021bii, repara\u021bii \u0219i \u00eenlocuiri. Aceast\u0103 considera\u021bie reduce timpul de nefunc\u021bionare \u0219i \u00eembun\u0103t\u0103\u021be\u0219te productivitatea general\u0103. Elementele de design, cum ar fi capacele deta\u0219abile \u0219i racordurile de ungere u\u0219or accesibile, pot \u00eembun\u0103t\u0103\u021bi semnificativ eficien\u021ba \u00eentre\u021binerii.<\/p>\n<p><img decoding=\"async\" src=\"https:\/\/www.hydraulic-cylinders.net\/wp-content\/uploads\/2025\/04\/songte-oil-pipes-and-spare-parts.webp\" alt=\"Piese de schimb\" \/><\/p>\n<h2>Etan\u0219are \u0219i lubrifiere<\/h2>\n<p>Etan\u0219area \u0219i lubrifierea eficiente sunt vitale pentru performan\u021ba cilindrilor hidraulici. Diverse componente de etan\u0219are, inclusiv etan\u0219\u0103rile pistonului \u0219i etan\u0219\u0103rile tijei, joac\u0103 un rol esen\u021bial \u00een prevenirea scurgerilor \u0219i men\u021binerea presiunii. Selec\u021bia etan\u0219\u0103rilor fabricate din materiale durabile, cum ar fi poliuretanul \u0219i cauciucul nitrilic, asigur\u0103 rezisten\u021ba acestora la uzur\u0103 \u0219i la factorii de mediu. Corpul cilindrului \u0219i capetele filetate sunt supuse unor prelucr\u0103ri de precizie pentru a spori rezisten\u021ba la uzur\u0103. Lubrifierea regulat\u0103 cu ulei hidraulic este esen\u021bial\u0103 pentru a minimiza frecarea \u0219i a prelungi durata de via\u021b\u0103 a componentelor hidraulice, asigur\u00e2ndu-le c\u0103 acestea func\u021bioneaz\u0103 f\u0103r\u0103 probleme \u00een timp.<\/p>\n<h2>M\u0103suri de \u00eentre\u021binere preventiv\u0103<\/h2>\n<ul>\n<li><strong>Inspec\u021bii regulate:<\/strong> Efectua\u021bi verific\u0103ri frecvente ale sistemului hidraulic pentru a depista orice semne de scurgeri, uzur\u0103 sau deteriorare. Depistarea timpurie a problemelor poate preveni apari\u021bia unor probleme mai semnificative pe viitor.<\/li>\n<li><strong>Lubrifiere adecvat\u0103:<\/strong> Asigura\u021bi-v\u0103 c\u0103 nivelurile de ulei hidraulic sunt men\u021binute \u0219i c\u0103 lubrifierea este efectuat\u0103 conform recomand\u0103rilor produc\u0103torului pentru a men\u021bine func\u021bionarea optim\u0103 a sistemului.<\/li>\n<li><strong>\u00cenlocuirea garniturii:<\/strong> Evalua\u021bi periodic starea garniturilor \u0219i \u00eenlocui\u021bi-le atunci c\u00e2nd devin evidente semne de uzur\u0103. Etan\u0219area corect\u0103 este crucial\u0103 pentru men\u021binerea integrit\u0103\u021bii \u0219i eficien\u021bei sistemului hidraulic.<\/li>\n<\/ul>\n<h2>Instruc\u021biuni de instalare<\/h2>\n<p>Instalarea corect\u0103 a cilindrului bra\u021bului este esen\u021bial\u0103 pentru o performan\u021b\u0103 optim\u0103. \u00cencepe\u021bi prin a v\u0103 asigura c\u0103 zona de instalare este curat\u0103 \u0219i f\u0103r\u0103 resturi. Alinia\u021bi cilindrul cu precizie cu suporturile de montare, asigur\u00e2ndu-v\u0103 c\u0103 este fixat \u00een siguran\u021b\u0103. Se recomand\u0103 utilizarea suporturilor de montare adecvate pentru a asigura stabilitate \u0219i sus\u021binere \u00een timpul func\u021bion\u0103rii. Verifica\u021bi dac\u0103 conductele hidraulice sunt conectate corect \u0219i nu prezint\u0103 scurgeri. \u00cen cele din urm\u0103, odat\u0103 instalat, efectua\u021bi o verificare am\u0103nun\u021bit\u0103 a \u00eentregului sistem pentru a v\u0103 asigura c\u0103 nu exist\u0103 probleme \u00eenainte de a-l pune \u00een func\u021biune.<\/p>\n<h2>Sarcini comune de \u00eentre\u021binere<\/h2>\n<ul>\n<li><strong>Verific\u0103ri regulate:<\/strong> Efectua\u021bi inspec\u021bii de rutin\u0103 pentru a identifica din timp orice probleme poten\u021biale. Verific\u0103rile regulate ajut\u0103 la men\u021binerea integrit\u0103\u021bii sistemului \u0219i la prelungirea duratei de via\u021b\u0103 a componentelor hidraulice.<\/li>\n<li><strong>Lubrifiere adecvat\u0103:<\/strong> Lubrifia\u021bi piesele mobile conform instruc\u021biunilor pentru a asigura o func\u021bionare f\u0103r\u0103 probleme. Lubrifierea adecvat\u0103 reduce uzura componentelor, \u00eembun\u0103t\u0103\u021bind performan\u021ba.<\/li>\n<li><strong>\u00cenlocuirea garniturii:<\/strong> Programa\u021bi verific\u0103ri \u0219i \u00eenlocuiri regulate ale garniturilor, dup\u0103 cum este necesar. Garniturile bine \u00eentre\u021binute previn scurgerile \u0219i men\u021bin presiunea \u00een sistem, esen\u021bial\u0103 pentru o func\u021bionare eficient\u0103.<\/li>\n<\/ul>\n<h2>Considera\u021bii de siguran\u021b\u0103 \u0219i factori de mediu<\/h2>\n<p>Atunci c\u00e2nd se lucreaz\u0103 cu sisteme hidraulice, implementarea m\u0103surilor de siguran\u021b\u0103 este imperativ\u0103. Operatorii trebuie s\u0103 fie instrui\u021bi cu privire la func\u021bionarea \u00een siguran\u021b\u0103 a utilajelor hidraulice pentru a minimiza accidentele. Auditurile regulate de siguran\u021b\u0103 \u0219i respectarea protocoalelor de siguran\u021b\u0103 pot reduce semnificativ riscurile. \u00cen plus, considera\u021biile de mediu joac\u0103 un rol vital; gestionarea eficient\u0103 a scurgerilor de ulei hidraulic \u0219i eliminarea corect\u0103 a garniturilor \u0219i componentelor uzate contribuie la un mediu mai sigur.<\/p>\n<h2>Depanare \u0219i probleme frecvente<\/h2>\n<ul>\n<li><strong>Scurgere:<\/strong> Dac\u0103 exist\u0103 o sc\u0103dere vizibil\u0103 a nivelului de lichid hidraulic, verifica\u021bi garniturile \u0219i conexiunile pentru scurgeri. Str\u00e2ngerea fitingurilor sau \u00eenlocuirea garniturilor poate rezolva problema.<\/li>\n<li><strong>Performan\u021b\u0103 slab\u0103:<\/strong> Dac\u0103 func\u021bionarea cilindrului este lent\u0103, verifica\u021bi nivelurile \u0219i calitatea uleiului hidraulic. Contaminarea poate necesita \u00eenlocuirea uleiului \u0219i sp\u0103larea sistemului.<\/li>\n<li><strong>Func\u021bionare zgomotoas\u0103:<\/strong> Zgomotele neobi\u0219nuite pot indica deterior\u0103ri interne sau lips\u0103 de lubrifiere. Inspecta\u021bi cilindrul pentru semne de uzur\u0103 \u0219i asigura\u021bi-v\u0103 c\u0103 este aplicat\u0103 o lubrifiere adecvat\u0103.<\/li>\n<\/ul>\n<p>Abordarea prompt\u0103 a acestor probleme poate ajuta la men\u021binerea eficien\u021bei sistemului \u0219i la prelungirea duratei de via\u021b\u0103 a componentelor hidraulice.<\/p>\n<p><img decoding=\"async\" src=\"https:\/\/www.hydraulic-cylinders.net\/wp-content\/uploads\/2025\/04\/songte-bushings-with-all-kinds-of-excavator-models.webp\" alt=\"Buc\u0219e hidraulice\" \/><\/p>\n<h2>Prezentare general\u0103 a companiei<\/h2>\n<p>Suntem un produc\u0103tor \u0219i distribuitor angro de top de cilindri hidraulici de schimb, oferind o gam\u0103 complet\u0103 de produse at\u00e2t pe pie\u021bele interne, c\u00e2t \u0219i interna\u021bionale. Angajamentul nostru fa\u021b\u0103 de excelen\u021ba \u00een calitate este sus\u021binut de o strategie rafinat\u0103 de management al produc\u021biei. Prin valorificarea tehnologiilor avansate de fabrica\u021bie \u0219i a personalului calificat, ne \u00eembun\u0103t\u0103\u021bim continuu procesele de produc\u021bie. Sistemele noastre robuste de asigurare a calit\u0103\u021bii garanteaz\u0103 c\u0103 satisfacem nevoile diverse ale clien\u021bilor no\u0219tri, men\u021bin\u00e2nd \u00een acela\u0219i timp standarde ridicate de eficien\u021b\u0103, precizie \u0219i calitate.<\/p>\n<p><img decoding=\"async\" src=\"https:\/\/www.hydraulic-cylinders.net\/wp-content\/uploads\/2025\/04\/songte-company-4.webp\" alt=\"Prezentare general\u0103 a companiei\" \/><br \/>\n<img decoding=\"async\" src=\"https:\/\/www.hydraulic-cylinders.net\/wp-content\/uploads\/2025\/04\/songte-company-3.webp\" alt=\"Facilit\u0103\u021bi de produc\u021bie\" \/><\/p>\n<p>Capacit\u0103\u021bile noastre profesionale, certific\u0103rile interna\u021bionale, serviciile personalizate, echipamentele de produc\u021bie de ultim\u0103 genera\u021bie \u0219i asisten\u021ba post-v\u00e2nzare excep\u021bional\u0103 ne diferen\u021biaz\u0103 \u00een industrie. Prioritiz\u0103m satisfac\u021bia clien\u021bilor \u0219i ne str\u0103duim s\u0103 livr\u0103m produse care respect\u0103 cele mai \u00eenalte standarde.<\/p>\n<p>Autor: lyl<\/p>","protected":false},"excerpt":{"rendered":"<p>Boom Cylinder For Baoding WY65-6 Product Overview The Boom Cylinder for Baoding WY65-6 is a specialized hydraulic cylinder designed to control the movement of buckets in heavy machinery such as excavators, backhoe loaders, and front-end loaders. This hydraulic cylinder enables the bucket to lift, lower, and tilt efficiently, facilitating various material handling tasks. The bucket [&hellip;]<\/p>","protected":false},"featured_media":17876,"comment_status":"open","ping_status":"closed","template":"","meta":{"_et_pb_use_builder":"","_et_pb_old_content":"","_et_gb_content_width":""},"product_brand":[],"product_cat":[1546],"product_tag":[1547,1496],"class_list":{"0":"post-19673","1":"product","2":"type-product","3":"status-publish","4":"has-post-thumbnail","6":"product_cat-boom-cylinders","7":"product_tag-boom-cylinders","8":"product_tag-hydraulic-cylinders","10":"first","11":"instock","12":"shipping-taxable","13":"product-type-simple"},"amp_enabled":true,"_links":{"self":[{"href":"https:\/\/www.hydraulic-cylinders.net\/ro\/wp-json\/wp\/v2\/product\/19673","targetHints":{"allow":["GET"]}}],"collection":[{"href":"https:\/\/www.hydraulic-cylinders.net\/ro\/wp-json\/wp\/v2\/product"}],"about":[{"href":"https:\/\/www.hydraulic-cylinders.net\/ro\/wp-json\/wp\/v2\/types\/product"}],"replies":[{"embeddable":true,"href":"https:\/\/www.hydraulic-cylinders.net\/ro\/wp-json\/wp\/v2\/comments?post=19673"}],"wp:featuredmedia":[{"embeddable":true,"href":"https:\/\/www.hydraulic-cylinders.net\/ro\/wp-json\/wp\/v2\/media\/17876"}],"wp:attachment":[{"href":"https:\/\/www.hydraulic-cylinders.net\/ro\/wp-json\/wp\/v2\/media?parent=19673"}],"wp:term":[{"taxonomy":"product_brand","embeddable":true,"href":"https:\/\/www.hydraulic-cylinders.net\/ro\/wp-json\/wp\/v2\/product_brand?post=19673"},{"taxonomy":"product_cat","embeddable":true,"href":"https:\/\/www.hydraulic-cylinders.net\/ro\/wp-json\/wp\/v2\/product_cat?post=19673"},{"taxonomy":"product_tag","embeddable":true,"href":"https:\/\/www.hydraulic-cylinders.net\/ro\/wp-json\/wp\/v2\/product_tag?post=19673"}],"curies":[{"name":"wp","href":"https:\/\/api.w.org\/{rel}","templated":true}]}}