{"id":19674,"date":"2025-04-07T07:01:06","date_gmt":"2025-04-07T07:01:06","guid":{"rendered":"https:\/\/www.hydraulic-cylinders.net\/product\/boom-cylinder-for-baoding-wy150\/"},"modified":"2025-04-07T07:01:09","modified_gmt":"2025-04-07T07:01:09","slug":"boom-cylinder-for-baoding-wy150","status":"publish","type":"product","link":"https:\/\/www.hydraulic-cylinders.net\/ro\/produs\/boom-cylinder-for-baoding-wy150\/","title":{"rendered":"Cilindru de bra\u021b pentru Baoding WY150"},"content":{"rendered":"<h1>Cilindru de bra\u021b pentru Baoding WY150<\/h1>\n<h2>\u00cen\u021belegerea cilindrului bra\u021bului<\/h2>\n<p>Cilindrul bra\u021bului este un cilindru hidraulic specializat utilizat \u00een diverse utilaje grele, cum ar fi excavatoare, \u00eenc\u0103rc\u0103toare frontale \u0219i \u00eenc\u0103rc\u0103toare frontale. Func\u021bia sa principal\u0103 este de a controla mi\u0219carea cupei, permi\u021b\u00e2ndu-i s\u0103 ridice, s\u0103 coboare \u0219i s\u0103 \u00eencline eficient. Aceast\u0103 capacitate este crucial\u0103 pentru sarcinile de manipulare a materialelor, f\u0103c\u00e2nd din cilindrul bra\u021bului o component\u0103 esen\u021bial\u0103 \u00een sistemele hidraulice ale acestor utilaje.<\/p>\n<p><img decoding=\"async\" src=\"https:\/\/www.hydraulic-cylinders.net\/wp-content\/uploads\/2025\/04\/songte-company-1.webp\" alt=\"Cilindru de bra\u021b\" \/><\/p>\n<h2>Caracteristici cheie ale cilindrului bra\u021bului<\/h2>\n<ul>\n<li>\n<h3>Rezisten\u021b\u0103 \u0219i durabilitate ridicate<\/h3>\n<p> De obicei fabrica\u021bi din o\u021bel sau aluminiu de \u00eenalt\u0103 rezisten\u021b\u0103, cilindrii bra\u021bului pot rezista la presiuni ridicate \u0219i sarcini grele, adapt\u00e2ndu-se \u00een acela\u0219i timp la condi\u021bii dure de lucru. Designul lor pune accent pe rezisten\u021ba la uzur\u0103 \u0219i protec\u021bia la coroziune, prelungindu-le durata de via\u021b\u0103.<\/li>\n<li>\n<h3>Func\u021bionare hidraulic\u0103 eficient\u0103<\/h3>\n<p> Ace\u0219ti cilindri utilizeaz\u0103 presiunea uleiului hidraulic pentru o extensie \u0219i retragere lin\u0103. R\u0103spund rapid la comenzile opera\u021bionale \u0219i ofer\u0103 o for\u021b\u0103 substan\u021bial\u0103 de \u00eempingere \u0219i tragere, ceea ce \u00eei face potrivi\u021bi pentru manipularea obiectelor grele \u0219i a sarcinilor complexe.<\/li>\n<li>\n<h3>Diverse tipuri disponibile<\/h3>\n<p> Cilindrii bra\u021bului pot fi selecta\u021bi \u00een modele cu ac\u021biune simpl\u0103 (folosind presiunea hidraulic\u0103 \u00eentr-o singur\u0103 direc\u021bie) sau cu ac\u021biune dubl\u0103 (folosind presiunea hidraulic\u0103 \u00een ambele direc\u021bii) pentru a satisface diferite nevoi opera\u021bionale. Anumite modele sunt telescopice, permi\u021b\u00e2nd o extensie mai mare f\u0103r\u0103 a cre\u0219te dimensiunile exterioare, ideale pentru aplica\u021bii cu spa\u021biu limitat.<\/li>\n<li>\n<h3>Fabrica\u021bie personalizat\u0103<\/h3>\n<p> Produsele noastre \u00eenlocuiesc perfect ace\u0219ti cilindri hidraulici, asigur\u00e2nd compatibilitate \u0219i performan\u021b\u0103.<\/li>\n<li>\n<h3>Aplica\u021bii versatile<\/h3>\n<p> Cilindrul bra\u021bului este utilizat \u00een diverse utilaje \u0219i industrii, subliniind adaptabilitatea \u0219i rolul s\u0103u esen\u021bial \u00een construc\u021bii \u0219i agricultur\u0103.<\/h3>\n<\/li>\n<\/ul>\n<p><img decoding=\"async\" src=\"https:\/\/www.hydraulic-cylinders.net\/wp-content\/uploads\/2025\/04\/songte-cylinder-head-with-all-kinds-excavator-models.webp\" alt=\"Modele de excavatoare\" \/><\/p>\n<h2>Scenarii de aplicare a cilindrilor bra\u021bului<\/h2>\n<ul>\n<li>\n<h3>Echipamente de construc\u021bii<\/h3>\n<p> \u00cen excavatoare, cilindrii bra\u021bului sunt vitali pentru s\u0103pare, \u00eenc\u0103rcare \u0219i mutarea solului sau a resturilor. Ace\u0219tia ajut\u0103 la \u00eembun\u0103t\u0103\u021birea eficien\u021bei \u0219i productivit\u0103\u021bii \u00een sarcinile de construc\u021bie, permi\u021b\u00e2nd operatorilor s\u0103 lucreze cu precizie \u0219i control.<\/h3>\n<\/li>\n<li>\n<h3>Ma\u0219ini agricole<\/h3>\n<p> \u00cen cazul \u00eenc\u0103rc\u0103toarelor frontale, cilindrii bra\u021bului sunt esen\u021biali pentru scobere, ridicare \u0219i transportul solului, f\u00e2nului \u0219i altor materiale. Designul lor robust le permite s\u0103 manipuleze sarcini grele, ceea ce le face indispensabile \u00een opera\u021biunile agricole.<\/h3>\n<\/li>\n<li>\n<h3>Excavatoare<\/h3>\n<p> Cilindrul bra\u021bului permite cupei s\u0103 p\u0103trund\u0103 eficient \u00een sol, permi\u021b\u00e2nd opera\u021biuni eficiente de excavare. Aceast\u0103 func\u021bionalitate cre\u0219te semnificativ productivitatea excavatoarelor pe diverse terenuri.<\/h3>\n<\/li>\n<li>\n<h3>\u00cenc\u0103rc\u0103toare<\/h3>\n<p> \u00cen cazul \u00eenc\u0103rc\u0103toarelor frontale, cilindrii bra\u021bului ajut\u0103 la ridicarea \u0219i desc\u0103rcarea eficient\u0103 a \u00eenc\u0103rc\u0103turilor. Rezisten\u021ba lor asigur\u0103 performan\u021be fiabile atunci c\u00e2nd se lucreaz\u0103 cu materiale grele, sporind capacit\u0103\u021bile opera\u021bionale.<\/h3>\n<\/li>\n<\/ul>\n<h2>Considera\u021bii de proiectare \u0219i criterii de selec\u021bie<\/h2>\n<ul>\n<li>\n<h3>Capacitate de \u00eenc\u0103rcare<\/h3>\n<p> Capacitatea de \u00eenc\u0103rcare a cilindrului bra\u021bului este crucial\u0103, deoarece influen\u021beaz\u0103 direct tipul de sarcini pe care le poate efectua utilajul. Cilindrii cu capacitate mare de \u00eenc\u0103rcare sunt esen\u021biali pentru aplica\u021biile grele, asigur\u00e2nd siguran\u021ba \u0219i eficacitatea \u00een opera\u021biuni. Calculele \u0219i considera\u021biile adecvate trebuie f\u0103cute \u00een func\u021bie de utilizarea preconizat\u0103 \u0219i de mediu.<\/h3>\n<\/li>\n<li>\n<h3>Integritatea etan\u0219\u0103rii<\/h3>\n<p> Sistemele de etan\u0219are robuste sunt esen\u021biale pentru prevenirea scurgerilor de fluid hidraulic, care pot compromite eficien\u021ba \u0219i siguran\u021ba. Utilizarea unor etan\u0219\u0103ri de \u00eenalt\u0103 calitate, proiectate s\u0103 reziste la condi\u021bii extreme, asigur\u0103 longevitate \u0219i fiabilitate. Inspec\u021bia \u0219i \u00eentre\u021binerea regulat\u0103 a etan\u0219\u0103rilor contribuie semnificativ la performan\u021ba general\u0103 a sistemelor hidraulice.<\/h3>\n<\/li>\n<li>\n<h3>Durabilitate<\/h3>\n<p> Materialele utilizate \u00een construc\u021bia cilindrului bra\u021bului trebuie s\u0103 reziste la condi\u021bii dure. O\u021belul de \u00eenalt\u0103 calitate sau aliajele speciale sporesc durabilitatea, permi\u021b\u00e2nd cilindrului s\u0103 func\u021bioneze constant sub solicit\u0103ri. Acest aspect este vital pentru men\u021binerea timpului de func\u021bionare \u0219i minimizarea costurilor de repara\u021bii.<\/h3>\n<\/li>\n<li>\n<h3>Caracteristici de siguran\u021b\u0103<\/h3>\n<p> Mecanismele de siguran\u021b\u0103, cum ar fi protec\u021bia la suprasarcin\u0103 \u0219i designurile cu siguran\u021b\u0103 \u00een caz de defec\u021biune, sunt esen\u021biale \u00een cilindrii hidraulici pentru a preveni accidentele \u0219i deteriorarea echipamentelor. Alegerea cilindrilor cu caracteristici de siguran\u021b\u0103 \u00eencorporate asigur\u0103 protec\u021bia operatorilor \u0219i a utilajelor.<\/h3>\n<\/li>\n<li>\n<h3>Accesibilitate pentru \u00eentre\u021binere<\/h3>\n<p> Designul ar trebui s\u0103 faciliteze \u00eentre\u021binerea \u0219i repara\u021biile. Componentele u\u0219or accesibile pentru inspec\u021bie, lubrifiere \u0219i \u00eenlocuire contribuie la longevitatea sistemului hidraulic \u0219i reduc timpul de nefunc\u021bionare.<\/h3>\n<\/li>\n<\/ul>\n<p><img decoding=\"async\" src=\"https:\/\/www.hydraulic-cylinders.net\/wp-content\/uploads\/2025\/04\/songte-oil-pipes-and-spare-parts.webp\" alt=\"Conducte de petrol \u0219i piese de schimb\" \/><\/p>\n<h2>Etan\u0219area \u0219i lubrifierea cilindrilor bra\u021bului<\/h2>\n<p>Func\u021bionarea eficient\u0103 a unui cilindru al bra\u021bului depinde \u00een mare m\u0103sur\u0103 de sistemele sale de etan\u0219are \u0219i lubrifiere. Diverse etan\u0219\u0103ri, cum ar fi etan\u0219\u0103rile pistonului \u0219i etan\u0219\u0103rile tijei, sunt utilizate pentru a men\u021bine presiunea hidraulic\u0103 \u0219i a preveni scurgerile de fluid. Garniturile fabricate din materiale rezistente la uzur\u0103, cum ar fi poliuretanul \u0219i cauciucul nitrilic, sunt utilizate \u00een mod obi\u0219nuit pentru a spori durabilitatea.<\/p>\n<p>\u00cen plus, corpul cilindrului \u0219i suprafe\u021bele filetate ale cap\u0103tului sunt supuse unor prelucr\u0103ri fine pentru a cre\u0219te rezisten\u021ba la uzur\u0103. Lubrifierea regulat\u0103 cu ulei hidraulic adecvat este crucial\u0103 pentru men\u021binerea unei func\u021bion\u0103ri line, deoarece reduce frecarea \u0219i uzura dintre componentele \u00een mi\u0219care. Un sistem hidraulic bine lubrifiat asigur\u0103 performan\u021be optime \u0219i longevitatea cilindrului bra\u021bului.<\/p>\n<h2>M\u0103suri de \u00eentre\u021binere preventiv\u0103<\/h2>\n<ul>\n<li>\n<h3>Inspec\u021bii regulate<\/h3>\n<p> Efectuarea unor inspec\u021bii frecvente ale cilindrului bra\u021bului \u0219i ale sistemului hidraulic este vital\u0103 pentru identificarea timpurie a poten\u021bialelor probleme. Operatorii ar trebui s\u0103 caute semne de uzur\u0103, scurgeri sau deteriorare, care pot duce la repara\u021bii costisitoare dac\u0103 nu sunt abordate prompt.<\/h3>\n<\/li>\n<li>\n<h3>Lubrifiere adecvat\u0103<\/h3>\n<p> Lubrifierea adecvat\u0103 este esen\u021bial\u0103 pentru prevenirea uzurii componentelor hidraulice. Operatorii trebuie s\u0103 respecte recomand\u0103rile produc\u0103torului privind intervalele de lubrifiere \u0219i tipurile de ulei pentru a asigura o func\u021bionare f\u0103r\u0103 probleme.<\/h3>\n<\/li>\n<li>\n<h3>\u00cenlocuirea garniturii<\/h3>\n<p> Garniturile trebuie inspectate periodic \u0219i \u00eenlocuite dup\u0103 cum este necesar. Garniturile uzate sau deteriorate pot duce la scurgeri \u0219i la o eficien\u021b\u0103 redus\u0103, afect\u00e2nd performan\u021ba general\u0103 a sistemului hidraulic. \u00cenlocuirea la timp a garniturilor contribuie la longevitatea cilindrului bra\u021bului.<\/h3>\n<\/li>\n<\/ul>\n<h2>Instruc\u021biuni corecte de instalare<\/h2>\n<p>Instalarea corect\u0103 a cilindrului bra\u021bului este crucial\u0103 pentru performan\u021ba \u0219i longevitatea acestuia. \u00cencepe\u021bi prin a v\u0103 asigura c\u0103 toate componentele sunt curate \u0219i f\u0103r\u0103 resturi. Alinia\u021bi cilindrul cu precizie cu punctele de montare pentru a evita solicit\u0103ri excesive asupra cilindrului \u00een timpul func\u021bion\u0103rii.<\/p>\n<p>Folosi\u021bi console de montare adecvate pentru a fixa cilindrul ferm \u00een pozi\u021bie, prevenind mi\u0219carea care ar putea duce la defec\u021biuni. Urma\u021bi specifica\u021biile produc\u0103torului privind set\u0103rile de cuplu \u0219i metodele de conectare. Dup\u0103 instalare, efectua\u021bi un test func\u021bional pentru a asigura func\u021bionarea corect\u0103 \u0219i regla\u021bi dup\u0103 cum este necesar.<\/p>\n<h2>Sarcini comune de \u00eentre\u021binere<\/h2>\n<ul>\n<li>\n<h3>Verific\u0103ri regulate<\/h3>\n<p> Inspec\u021biile regulate ajut\u0103 la identificarea poten\u021bialelor probleme \u00eenainte ca acestea s\u0103 devin\u0103 semnificative. Este esen\u021bial s\u0103 se monitorizeze starea general\u0103 a cilindrului bra\u021bului \u0219i a sistemului hidraulic, c\u0103ut\u00e2nd orice semne de uzur\u0103 sau deteriorare.<\/h3>\n<\/li>\n<li>\n<h3>Lubrifiere adecvat\u0103<\/h3>\n<p> Men\u021binerea unei lubrifieri adecvate este esen\u021bial\u0103 pentru buna func\u021bionare a cilindrilor hidraulici. Respectarea programului de lubrifiere recomandat \u0219i utilizarea uleiului hidraulic adecvat asigur\u0103 func\u021bionarea corect\u0103 a pieselor mobile.<\/h3>\n<\/li>\n<li>\n<h3>\u00cenlocuirea garniturii \u0219i verific\u0103ri ale calibr\u0103rii<\/h3>\n<p> Verific\u0103rile \u0219i \u00eenlocuirile periodice ale garniturilor previn scurgerile \u0219i men\u021bin presiunea hidraulic\u0103. Verific\u0103rile de calibrare asigur\u0103 func\u021bionarea armonioas\u0103 a tuturor componentelor, contribuind la eficien\u021ba general\u0103 a sistemului hidraulic.<\/h3>\n<\/li>\n<\/ul>\n<p><img decoding=\"async\" src=\"https:\/\/www.hydraulic-cylinders.net\/wp-content\/uploads\/2025\/04\/songte-chushion-collar.webp\" alt=\"Guler de pern\u0103\" \/><\/p>\n<h2>Considera\u021bii de siguran\u021b\u0103 \u0219i factori de mediu<\/h2>\n<p>Atunci c\u00e2nd se utilizeaz\u0103 cilindri ai bra\u021bului, m\u0103surile de siguran\u021b\u0103 sunt primordiale pentru a asigura siguran\u021ba operatorilor \u0219i a mediului \u00eenconjur\u0103tor. Instruirea regulat\u0103 privind siguran\u021ba \u00een func\u021bionare, manipularea corect\u0103 a fluidelor hidraulice \u0219i \u00een\u021belegerea limitelor utilajelor este crucial\u0103. \u00cen timpul opera\u021biunilor \u0219i sarcinilor de \u00eentre\u021binere, trebuie purtat echipament individual de protec\u021bie (EIP) adecvat pentru a minimiza riscurile.<\/p>\n<h2>Diagnosticarea defec\u021biunilor \u0219i probleme frecvente<\/h2>\n<ul>\n<li>\n<h3>Scurgeri de fluid hidraulic<\/h3>\n<p> Una dintre cele mai frecvente probleme sunt scurgerile de fluid hidraulic, care pot proveni din etan\u0219\u0103ri sau conexiuni deteriorate. Inspec\u021biile regulate pot ajuta la identificarea timpurie a scurgerilor, permi\u021b\u00e2nd repara\u021bii prompte. Operatorii ar trebui s\u0103 monitorizeze cu aten\u021bie nivelurile de fluid \u0219i s\u0103 remedieze imediat orice semn de scurgere.<\/h3>\n<\/li>\n<li>\n<h3>Mi\u0219care lent\u0103 sau f\u0103r\u0103 r\u0103spuns<\/h3>\n<p> Dac\u0103 cilindrul bra\u021bului r\u0103spunde lent sau prezint\u0103 mi\u0219c\u0103ri sacadate, acest lucru poate indica niveluri sc\u0103zute de lichid hidraulic sau aer blocat \u00een sistem. Aerisirea sistemului \u0219i asigurarea unor niveluri adecvate de lichid sunt pa\u0219i esen\u021biali \u00een depanarea acestei probleme.<\/h3>\n<\/li>\n<li>\n<h3>Zgomote neobi\u0219nuite<\/h3>\n<p> Sunetele neobi\u0219nuite din timpul func\u021bion\u0103rii pot semnala probleme mecanice sau lubrifiere insuficient\u0103. Operatorii trebuie s\u0103 investigheze sursa zgomotului \u0219i s\u0103 ia m\u0103suri corective pentru a preveni deteriorarea ulterioar\u0103.<\/h3>\n<\/li>\n<\/ul>\n<p>Furnizarea de sfaturi \u0219i solu\u021bii practice poate ajuta cititorii s\u0103 diagnosticheze \u0219i s\u0103 rezolve eficient aceste probleme comune. Stabilirea unui program regulat de \u00eentre\u021binere reduce semnificativ poten\u021bialele probleme, asigur\u00e2nd o func\u021bionare mai lin\u0103 \u0219i o durat\u0103 de via\u021b\u0103 mai lung\u0103 a cilindrului bra\u021bului.<\/p>\n<p><img decoding=\"async\" src=\"https:\/\/www.hydraulic-cylinders.net\/wp-content\/uploads\/2025\/04\/songte-bushings-with-all-kinds-of-excavator-models.webp\" alt=\"Buc\u0219e cu modele de excavatoare\" \/><\/p>\n<h2>Despre compania noastr\u0103<\/h2>\n<p>Suntem un produc\u0103tor important de cilindri hidraulici de schimb, oferind o gam\u0103 complet\u0103 de produse care deservesc at\u00e2t pie\u021bele interne, c\u00e2t \u0219i cele interna\u021bionale. Aderen\u021ba noastr\u0103 la excelen\u021ba \u00een materie de calitate \u0219i strategiile meticuloase de fabrica\u021bie ne pozi\u021bioneaz\u0103 ca unul dintre cei mai importan\u021bi produc\u0103tori \u0219i angrosi\u0219ti \u200b\u200bde cilindri hidraulici.<\/p>\n<p>Concentr\u00e2ndu-ne pe expertiza tehnic\u0103, echipamente digitale de produc\u021bie de ultim\u0103 genera\u021bie \u0219i sisteme de testare specializate, ne \u00eembun\u0103t\u0103\u021bim continuu capacit\u0103\u021bile de produc\u021bie. Angajamentul nostru fa\u021b\u0103 de eficien\u021b\u0103 ridicat\u0103, precizie \u0219i calitate garanteaz\u0103 c\u0103 satisfacem diversele nevoi ale clien\u021bilor.<\/p>\n<p>\u00cen plus, compania noastr\u0103 ofer\u0103 servicii personalizate, certific\u0103ri interna\u021bionale \u0219i asisten\u021b\u0103 post-v\u00e2nzare robust\u0103, consolid\u00e2ndu-ne reputa\u021bia \u00een industrie.<\/p>\n<p><img decoding=\"async\" src=\"https:\/\/www.hydraulic-cylinders.net\/wp-content\/uploads\/2025\/04\/songte-company-4.webp\" alt=\"Prezentare general\u0103 a companiei\" \/><\/p>\n<p><img decoding=\"async\" src=\"https:\/\/www.hydraulic-cylinders.net\/wp-content\/uploads\/2025\/04\/songte-company-3.webp\" alt=\"Infrastructura companiei\" \/><\/p>\n<p>Autor: lyl<\/p>","protected":false},"excerpt":{"rendered":"<p>Boom Cylinder For Baoding WY150 Understanding the Boom Cylinder The Boom Cylinder is a specialized hydraulic cylinder used in various heavy machinery, such as excavators, backhoe loaders, and front-end loaders. Its primary function is to control the movement of the bucket, allowing it to lift, lower, and tilt effectively. This capability is crucial for material [&hellip;]<\/p>","protected":false},"featured_media":17877,"comment_status":"open","ping_status":"closed","template":"","meta":{"_et_pb_use_builder":"","_et_pb_old_content":"","_et_gb_content_width":""},"product_brand":[],"product_cat":[1546],"product_tag":[1547,1496],"class_list":{"0":"post-19674","1":"product","2":"type-product","3":"status-publish","4":"has-post-thumbnail","6":"product_cat-boom-cylinders","7":"product_tag-boom-cylinders","8":"product_tag-hydraulic-cylinders","10":"first","11":"instock","12":"shipping-taxable","13":"product-type-simple"},"amp_enabled":true,"_links":{"self":[{"href":"https:\/\/www.hydraulic-cylinders.net\/ro\/wp-json\/wp\/v2\/product\/19674","targetHints":{"allow":["GET"]}}],"collection":[{"href":"https:\/\/www.hydraulic-cylinders.net\/ro\/wp-json\/wp\/v2\/product"}],"about":[{"href":"https:\/\/www.hydraulic-cylinders.net\/ro\/wp-json\/wp\/v2\/types\/product"}],"replies":[{"embeddable":true,"href":"https:\/\/www.hydraulic-cylinders.net\/ro\/wp-json\/wp\/v2\/comments?post=19674"}],"wp:featuredmedia":[{"embeddable":true,"href":"https:\/\/www.hydraulic-cylinders.net\/ro\/wp-json\/wp\/v2\/media\/17877"}],"wp:attachment":[{"href":"https:\/\/www.hydraulic-cylinders.net\/ro\/wp-json\/wp\/v2\/media?parent=19674"}],"wp:term":[{"taxonomy":"product_brand","embeddable":true,"href":"https:\/\/www.hydraulic-cylinders.net\/ro\/wp-json\/wp\/v2\/product_brand?post=19674"},{"taxonomy":"product_cat","embeddable":true,"href":"https:\/\/www.hydraulic-cylinders.net\/ro\/wp-json\/wp\/v2\/product_cat?post=19674"},{"taxonomy":"product_tag","embeddable":true,"href":"https:\/\/www.hydraulic-cylinders.net\/ro\/wp-json\/wp\/v2\/product_tag?post=19674"}],"curies":[{"name":"wp","href":"https:\/\/api.w.org\/{rel}","templated":true}]}}