{"id":19677,"date":"2025-04-07T07:01:14","date_gmt":"2025-04-07T07:01:14","guid":{"rendered":"https:\/\/www.hydraulic-cylinders.net\/product\/boom-cylinder-for-baoding-wy80-6\/"},"modified":"2025-04-07T07:01:17","modified_gmt":"2025-04-07T07:01:17","slug":"boom-cylinder-for-baoding-wy80-6","status":"publish","type":"product","link":"https:\/\/www.hydraulic-cylinders.net\/ro\/produs\/boom-cylinder-for-baoding-wy80-6\/","title":{"rendered":"Cilindru de bra\u021b pentru Baoding WY80-6"},"content":{"rendered":"<h1>Cilindru de bra\u021b pentru Baoding WY80-6<\/h1>\n<h2>Introducere \u00een cilindrul bra\u021bului<\/h2>\n<p>Cilindrul bra\u021bului, special conceput pentru Baoding WY80-6, este o component\u0103 vital\u0103 utilizat\u0103 \u00een diverse utilaje grele. Acesta joac\u0103 un rol crucial \u00een sistemele hidraulice, facilit\u00e2nd mi\u0219carea cupelor echipamentelor \u00een excavatoare, \u00eenc\u0103rc\u0103toare excavatoare \u0219i \u00eenc\u0103rc\u0103toare frontale. Ace\u0219ti cilindri permit ridicarea, cobor\u00e2rea \u0219i \u00eenclinarea cupei, ajut\u00e2nd astfel la sarcinile de manipulare a materialelor esen\u021biale \u00een construc\u021bii \u0219i agricultur\u0103.<\/p>\n<p><img decoding=\"async\" src=\"https:\/\/www.hydraulic-cylinders.net\/wp-content\/uploads\/2025\/04\/songte-company-1.webp\" alt=\"Cilindru de bra\u021b pentru Baoding WY80-6\"><\/p>\n<h2>Caracteristicile cilindrului bra\u021bului<\/h2>\n<ul>\n<li><strong>Rezisten\u021b\u0103 \u0219i durabilitate ridicate:<\/strong> Construit din o\u021bel sau aluminiu de \u00eenalt\u0103 rezisten\u021b\u0103, acest cilindru poate rezista la presiuni ridicate \u0219i sarcini grele. Este conceput s\u0103 func\u021bioneze \u00een medii de lucru dure, lu\u00e2nd \u00een considerare rezisten\u021ba la uzur\u0103 \u0219i la coroziune, prelungindu-i durata de via\u021b\u0103.<\/li>\n<li><strong>Func\u021bionare hidraulic\u0103 eficient\u0103:<\/strong> Utilizarea presiunii uleiului hidraulic permite o extensie \u0219i o retragere lin\u0103, oferind un r\u0103spuns rapid la comenzile de control \u0219i furniz\u00e2nd for\u021be puternice de \u00eempingere \u0219i tragere, ideale pentru manipularea obiectelor grele \u0219i a sarcinilor complexe.<\/li>\n<li><strong>Diverse tipuri:<\/strong> Disponibil \u00een configura\u021bii cu ac\u021biune simpl\u0103 (func\u021bioneaz\u0103 \u00eentr-o singur\u0103 direc\u021bie) sau cu ac\u021biune dubl\u0103 (func\u021bioneaz\u0103 \u00een ambele direc\u021bii) pentru a satisface diferite cerin\u021be opera\u021bionale. Unele modele sunt dotate cu design telescopic care permite o extensie mai mare f\u0103r\u0103 a cre\u0219te dimensiunile externe, potrivit pentru aplica\u021bii cu spa\u021biu limitat.<\/li>\n<\/ul>\n<p>Putem fabrica acest produs, iar ofertele noastre pot \u00eenlocui perfect ace\u0219ti cilindri hidraulici.<\/p>\n<p><img decoding=\"async\" src=\"https:\/\/www.hydraulic-cylinders.net\/wp-content\/uploads\/2025\/04\/songte-cylinder-head-with-all-kinds-excavator-models.webp\" alt=\"Modele de excavatoare\"><\/p>\n<h2>Aplica\u021bii ale cilindrului bra\u021bului<\/h2>\n<h3>Echipamente de construc\u021bii<\/h3>\n<p>\u00cen excavatoare, cilindrii bra\u021bului sunt esen\u021biali pentru excavare, \u00eenc\u0103rcare \u0219i mutarea solului sau a resturilor. Ace\u0219tia joac\u0103 un rol semnificativ at\u00e2t \u00een \u200b\u200bopera\u021biunile de s\u0103pare, c\u00e2t \u0219i \u00een cele de ridicare, fiind esen\u021biali pentru \u0219antierele de construc\u021bii unde este necesar\u0103 ridicarea de sarcini grele. Func\u021bionarea hidraulic\u0103 eficient\u0103 a acestor cilindri contribuie la productivitatea \u0219i eficien\u021ba general\u0103 a utilajelor de construc\u021bii.<\/p>\n<h3>Ma\u0219ini agricole<\/h3>\n<p>Utiliza\u021bi \u00een \u00eenc\u0103rc\u0103toarele frontale, cilindrii bra\u021bului faciliteaz\u0103 scoaterea, ridicarea \u0219i transportul solului, f\u00e2nului \u0219i altor materiale. \u00cen aplica\u021biile agricole, controlul precis oferit de ace\u0219ti cilindri spore\u0219te eficien\u021ba \u00een sarcini precum \u00eenc\u0103rcarea \u0219i desc\u0103rcarea, asigur\u00e2ndu-se c\u0103 fermierii \u00ee\u0219i pot gestiona opera\u021biunile f\u0103r\u0103 probleme \u0219i eficient.<\/p>\n<h3>Excavatoare<\/h3>\n<p>La excavatoare, cilindrul bra\u021bului permite cupei s\u0103 p\u0103trund\u0103 \u00een sol, permi\u021b\u00e2nd opera\u021biuni eficiente de excavare. Aceast\u0103 capacitate este crucial\u0103 \u00een diverse aplica\u021bii, inclusiv s\u0103parea de \u0219an\u021buri \u0219i nivelarea, unde sunt necesare pozi\u021bionarea \u0219i controlul precis al cupei pentru a ob\u021bine rezultate optime \u00een sarcinile de excavare.<\/p>\n<h3>\u00cenc\u0103rc\u0103toare<\/h3>\n<p>\u00cen cazul \u00eenc\u0103rc\u0103toarelor frontale, cilindrii bra\u021bului ajut\u0103 la ridicarea \u0219i desc\u0103rcarea eficient\u0103 a sarcinilor. Datorit\u0103 capacit\u0103\u021bii lor de ridicare puternice, ace\u0219tia asigur\u0103 \u00eenc\u0103rcarea \u0219i deplasarea materialelor f\u0103r\u0103 munc\u0103 manual\u0103 excesiv\u0103 sau consum de timp, contribuind la eficien\u021ba general\u0103 a opera\u021biunilor de \u00eenc\u0103rcare.<\/p>\n<h2>Considera\u021bii de proiectare \u0219i criterii de selec\u021bie<\/h2>\n<h3>Capacitate de \u00eenc\u0103rcare<\/h3>\n<p>Atunci c\u00e2nd alege\u021bi un cilindru pentru bra\u021b, capacitatea de \u00eenc\u0103rcare este un factor critic. Aceasta determin\u0103 c\u00e2t\u0103 greutate poate suporta cilindrul \u00een timpul opera\u021biunilor. Selectarea unui cilindru cu o capacitate de \u00eenc\u0103rcare care \u00eendepline\u0219te sau dep\u0103\u0219e\u0219te cerin\u021bele utilajului asigur\u0103 siguran\u021ba \u0219i fiabilitatea \u00een sarcinile de ridicare grele. Inginerii trebuie s\u0103 ia \u00een considerare greutatea maxim\u0103 pe care o va \u00eent\u00e2lni cilindrul \u00een aplica\u021biile din lumea real\u0103 pentru a preveni defec\u021biunile.<\/p>\n<h3>Sigilare<\/h3>\n<p>Etan\u0219area unui cilindru al bra\u021bului este esen\u021bial\u0103 pentru prevenirea scurgerilor de fluid hidraulic \u0219i asigurarea func\u021bion\u0103rii eficiente. Garniturile de \u00eenalt\u0103 calitate, fabricate din materiale durabile, precum poliuretanul sau cauciucul nitrilic, sunt necesare pentru a rezista la uzur\u0103 \u0219i a men\u021bine presiunea hidraulic\u0103. Designul adecvat al etan\u0219\u0103rii reduce, de asemenea, riscul de contaminare din sistemul hidraulic, care poate provoca deteriorarea componentelor.<\/p>\n<h3>Durabilitate<\/h3>\n<p>Durabilitatea este esen\u021bial\u0103 \u00een cazul cilindrilor hidraulici, \u00een special \u00een medii solicitante. Materialele utilizate \u00een construc\u021bie trebuie s\u0103 fie rezistente la uzur\u0103, coroziune \u0219i oboseal\u0103. Aceast\u0103 considera\u021bie asigur\u0103 c\u0103 cilindrul poate func\u021biona eficient \u00een timp, reduc\u00e2nd la minimum timpul de nefunc\u021bionare datorat repara\u021biilor sau \u00eenlocuirilor. Produc\u0103torii utilizeaz\u0103 adesea tratamente de suprafa\u021b\u0103 sau acoperiri pentru a spori durabilitatea componentelor hidraulice.<\/p>\n<h3>Siguran\u0163\u0103<\/h3>\n<p>Siguran\u021ba este primordial\u0103 atunci c\u00e2nd se proiecteaz\u0103 cilindri hidraulici. Caracteristici precum supapele de suprapresiune \u0219i construc\u021bia robust\u0103 ajut\u0103 la prevenirea defec\u021biunilor catastrofale. Proiectan\u021bii trebuie s\u0103 respecte standardele de siguran\u021b\u0103 din industrie pentru a se asigura c\u0103 cilindrii pot rezista la sarcini \u0219i presiuni nea\u0219teptate, oferind un mediu de func\u021bionare sigur pentru utilizatori.<\/p>\n<h3>\u00centre\u0163inere<\/h3>\n<p>U\u0219urin\u021ba \u00eentre\u021binerii este o alt\u0103 considera\u021bie important\u0103 \u00een ceea ce prive\u0219te proiectarea. Cilindrii hidraulici ar trebui s\u0103 fie proiecta\u021bi pentru acces facil la garnituri \u0219i alte componente pentru inspec\u021bie \u0219i \u00eenlocuire. Un cilindru bine proiectat permite efectuarea eficient\u0103 a sarcinilor de \u00eentre\u021binere de rutin\u0103, prelungind durata de via\u021b\u0103 a echipamentului \u0219i asigur\u00e2nd performan\u021be optime.<\/p>\n<p><img decoding=\"async\" src=\"https:\/\/www.hydraulic-cylinders.net\/wp-content\/uploads\/2025\/04\/songte-oil-pipes-and-spare-parts.webp\" alt=\"Piese de schimb\"><\/p>\n<h2>Etan\u0219area \u0219i lubrifierea cilindrului bra\u021bului<\/h2>\n<p>Eficien\u021ba unui cilindru al bra\u021bului depinde \u00een mare m\u0103sur\u0103 de etan\u0219area \u0219i lubrifierea acestuia. Diverse etan\u0219\u0103ri, inclusiv etan\u0219\u0103rile pistonului \u0219i etan\u0219\u0103rile tijei, sunt esen\u021biale pentru men\u021binerea integrit\u0103\u021bii presiunii hidraulice din interiorul cilindrului. Etan\u0219\u0103rile fabricate din poliuretan sau cauciuc nitrilic sunt preferate pentru rezisten\u021ba lor la uzur\u0103 \u0219i longevitatea lor. Prelucrarea fin\u0103 a corpului cilindrului \u0219i a capetelor filetate spore\u0219te rezisten\u021ba la uzur\u0103, contribuind la o durat\u0103 de via\u021b\u0103 mai lung\u0103. Lubrifierea regulat\u0103 cu ulei hidraulic adecvat este necesar\u0103 pentru a asigura o func\u021bionare lin\u0103 \u0219i a preveni uzura componentelor interne.<\/p>\n<h2>Inspec\u021bii regulate \u0219i \u00eentre\u021binere preventiv\u0103<\/h2>\n<ul>\n<li><strong>Inspec\u021bii regulate:<\/strong> Efectuarea inspec\u021biilor de rutin\u0103 ale cilindrului bra\u021bului ajut\u0103 la identificarea poten\u021bialelor probleme \u00eenainte ca acestea s\u0103 se transforme \u00een probleme grave. Aceasta include verificarea scurgerilor, a uzurii garniturilor \u0219i asigurarea siguran\u021bei tuturor conexiunilor.<\/li>\n<li><strong>Lubrifiere adecvat\u0103:<\/strong> Asigurarea lubrifierii regulate a cilindrului cu tipul \u0219i cantitatea corect\u0103 de ulei hidraulic este crucial\u0103 pentru men\u021binerea performan\u021belor optime. Lubrifierea insuficient\u0103 poate duce la o uzur\u0103 crescut\u0103 \u0219i la o posibil\u0103 defec\u021biune a cilindrului.<\/li>\n<li><strong>\u00cenlocuirea garniturii:<\/strong> \u00cen timp, garniturile se vor uza \u0219i vor necesita \u00eenlocuire. Verificarea regulat\u0103 a st\u0103rii garniturilor \u0219i \u00eenlocuirea acestora, dup\u0103 cum este necesar, poate preveni scurgerile de fluid hidraulic \u0219i poate men\u021bine eficien\u021ba cilindrului.<\/li>\n<\/ul>\n<h2>Instruc\u021biuni de instalare pentru cilindrul bra\u021bului<\/h2>\n<p>Instalarea unui cilindru al bra\u021bului este esen\u021bial\u0103 pentru performan\u021ba \u0219i longevitatea acestuia. \u00cencepe\u021bi prin a v\u0103 asigura c\u0103 toate suprafe\u021bele de montare sunt curate \u0219i f\u0103r\u0103 resturi. Alinia\u021bi cilindrul corect pentru a evita nealinierea \u00een timpul func\u021bion\u0103rii, ceea ce poate duce la uzur\u0103 prematur\u0103 sau defec\u021biuni. Folosi\u021bi console de montare adecvate pentru a fixa cilindrul \u00een pozi\u021bie, asigur\u00e2ndu-v\u0103 c\u0103 este fixat ferm pe utilaj. Respectarea specifica\u021biilor produc\u0103torului privind set\u0103rile de cuplu \u0219i procedurile de instalare este esen\u021bial\u0103. Dup\u0103 instalare, efectua\u021bi o verificare am\u0103nun\u021bit\u0103 a tuturor conexiunilor \u0219i efectua\u021bi un test de func\u021bionare pentru a asigura func\u021bionalitatea.<\/p>\n<h2>Sarcini de \u00eentre\u021binere pentru cilindrul bra\u021bului<\/h2>\n<ul>\n<li><strong>Inspec\u021bii regulate:<\/strong> Inspec\u021biile frecvente ajut\u0103 la depistarea din timp a poten\u021bialelor probleme. Verifica\u021bi dac\u0103 exist\u0103 semne de uzur\u0103, scurgeri \u0219i asigura\u021bi-v\u0103 c\u0103 toate componentele func\u021bioneaz\u0103 corect. Documenta\u021bi orice constat\u0103ri \u0219i remedia\u021bi-le prompt pentru a evita complica\u021bii ulterioare.<\/li>\n<li><strong>Lubrifiere adecvat\u0103:<\/strong> Aplicarea regulat\u0103 a uleiului hidraulic corect asigur\u0103 o func\u021bionare lin\u0103 \u0219i previne uzura. Folosi\u021bi doar uleiuri recomandate de produc\u0103tor \u0219i urma\u021bi programul de lubrifiere pentru performan\u021be optime.<\/li>\n<li><strong>\u00cenlocuirea \u0219i calibrarea garniturii:<\/strong> Monitoriza\u021bi uzura garniturilor \u0219i \u00eenlocui\u021bi-le dup\u0103 cum este necesar. Calibrarea regulat\u0103 a cilindrului bra\u021bului asigur\u0103 func\u021bionarea acestuia \u00een parametrii necesari, prevenind solicit\u0103rile inutile asupra sistemului hidraulic.<\/li>\n<\/ul>\n<h2>Considera\u021bii de siguran\u021b\u0103 \u0219i factori de mediu<\/h2>\n<p>Atunci c\u00e2nd se lucreaz\u0103 cu cilindri hidraulici, implementarea m\u0103surilor de siguran\u021b\u0103 este crucial\u0103. Operatorii trebuie s\u0103 fie instrui\u021bi cu privire la utilizarea corect\u0103 a utilajelor \u0219i s\u0103 \u00een\u021beleag\u0103 poten\u021bialele pericole asociate cu sistemele hidraulice. Revizuirea regulat\u0103 a protocoalelor de siguran\u021b\u0103 \u0219i asigurarea unei bune \u00eentre\u021bineri a echipamentelor pot reduce la minimum riscurile. \u00cen plus, practicile ecologice, cum ar fi eliminarea corect\u0103 a fluidelor hidraulice, ajut\u0103 la protejarea ecosistemului \u0219i la respectarea reglement\u0103rilor.<\/p>\n<h2>Diagnosticarea defec\u021biunilor \u0219i probleme frecvente<\/h2>\n<ul>\n<li><strong>Scurgere:<\/strong> Scurgerile de lichid hidraulic pot indica garnituri uzate sau componente deteriorate. Inspecta\u021bi cilindrul \u0219i garniturile pentru orice semne de uzur\u0103 \u0219i \u00eenlocui\u021bi-le dup\u0103 cum este necesar.<\/li>\n<li><strong>Performan\u021b\u0103 slab\u0103:<\/strong> Dac\u0103 cilindrul nu func\u021bioneaz\u0103 corect, verifica\u021bi dac\u0103 exist\u0103 lubrifiere corespunz\u0103toare, dac\u0103 exist\u0103 aer \u00een conductele hidraulice sau dac\u0103 exist\u0103 blocaje \u00een sistem.<\/li>\n<li><strong>Zgomote neobi\u0219nuite:<\/strong> Zgomotele de m\u0103cinare sau zdr\u0103ng\u0103nit pot indica deterior\u0103ri interne sau lubrifiere insuficient\u0103. Investiga\u021bi sursa zgomotului \u0219i remedia\u021bi prompt orice problem\u0103 mecanic\u0103.<\/li>\n<\/ul>\n<h2>Sfaturi de depanare<\/h2>\n<p>Pentru a diagnostica \u0219i rezolva eficient problemele legate de cilindrul bra\u021bului, operatorii ar trebui s\u0103 urmeze o abordare sistematic\u0103. \u00cencepe\u021bi prin a verifica sistemul hidraulic pentru scurgeri sau conexiuni necorespunz\u0103toare. Asigura\u021bi-v\u0103 c\u0103 cilindrul este lubrifiat corespunz\u0103tor \u0219i c\u0103 se utilizeaz\u0103 fluidul hidraulic corect. \u00centre\u021binerea regulat\u0103, inclusiv inspec\u021biile \u0219i \u00eenlocuirile garniturilor, poate preveni multe probleme comune. De asemenea, operatorii ar trebui s\u0103 se familiarizeze cu instruc\u021biunile de operare ale utilajelor pentru a minimiza riscul de deteriorare cauzat\u0103 de utilizarea necorespunz\u0103toare.<\/p>\n<p><img decoding=\"async\" src=\"https:\/\/www.hydraulic-cylinders.net\/wp-content\/uploads\/2025\/04\/songte-bushings-with-all-kinds-of-excavator-models.webp\" alt=\"Modele de excavatoare\"><\/p>\n<h2>Prezentare general\u0103 a companiei<\/h2>\n<p>Suntem un produc\u0103tor important de cilindri hidraulici, oferind o gam\u0103 complet\u0103 de produse care deservesc at\u00e2t pie\u021bele interne, c\u00e2t \u0219i cele interna\u021bionale. Angajamentul nostru fa\u021b\u0103 de excelen\u021b\u0103 se reflect\u0103 \u00een atelierele noastre de produc\u021bie de \u00eenalt\u0103 calitate \u0219i \u00een strategiile de management al produc\u021biei industriale. Concentr\u00e2ndu-ne pe talentul tehnologic, echipamentele digitale de produc\u021bie de ultim\u0103 genera\u021bie \u0219i sistemele profesionale de testare, ne \u00eembun\u0103t\u0103\u021bim continuu platforma de produc\u021bie. Capacit\u0103\u021bile noastre creative puternice asigur\u0103 satisfacerea diverselor nevoi ale clien\u021bilor cu eficien\u021b\u0103, precizie \u0219i calitate ridicate.<\/p>\n<p><img decoding=\"async\" src=\"https:\/\/www.hydraulic-cylinders.net\/wp-content\/uploads\/2025\/04\/songte-company-4.webp\" alt=\"Imaginea companiei\"><br \/>\n<img decoding=\"async\" src=\"https:\/\/www.hydraulic-cylinders.net\/wp-content\/uploads\/2025\/04\/songte-company-3.webp\" alt=\"Imaginea companiei\"><\/p>\n<p>Expertiza noastr\u0103 se extinde \u00een diverse domenii, inclusiv specializare, certific\u0103ri interna\u021bionale, servicii personalizate, echipamente de produc\u021bie avansate \u0219i asisten\u021b\u0103 complet\u0103 post-v\u00e2nzare.<\/p>\n<p>Autor: lyl<\/p>","protected":false},"excerpt":{"rendered":"<p>Boom Cylinder For Baoding WY80-6 Introduction to Boom Cylinder The Boom Cylinder, specifically designed for the Baoding WY80-6, is a vital component used in various heavy machinery. It plays a crucial role in hydraulic systems, facilitating the movement of equipment buckets in excavators, backhoe loaders, and front-end loaders. These cylinders enable the bucket to lift, [&hellip;]<\/p>","protected":false},"featured_media":17880,"comment_status":"open","ping_status":"closed","template":"","meta":{"_et_pb_use_builder":"","_et_pb_old_content":"","_et_gb_content_width":""},"product_brand":[],"product_cat":[1546],"product_tag":[1547,1496],"class_list":{"0":"post-19677","1":"product","2":"type-product","3":"status-publish","4":"has-post-thumbnail","6":"product_cat-boom-cylinders","7":"product_tag-boom-cylinders","8":"product_tag-hydraulic-cylinders","10":"first","11":"instock","12":"shipping-taxable","13":"product-type-simple"},"amp_enabled":true,"_links":{"self":[{"href":"https:\/\/www.hydraulic-cylinders.net\/ro\/wp-json\/wp\/v2\/product\/19677","targetHints":{"allow":["GET"]}}],"collection":[{"href":"https:\/\/www.hydraulic-cylinders.net\/ro\/wp-json\/wp\/v2\/product"}],"about":[{"href":"https:\/\/www.hydraulic-cylinders.net\/ro\/wp-json\/wp\/v2\/types\/product"}],"replies":[{"embeddable":true,"href":"https:\/\/www.hydraulic-cylinders.net\/ro\/wp-json\/wp\/v2\/comments?post=19677"}],"wp:featuredmedia":[{"embeddable":true,"href":"https:\/\/www.hydraulic-cylinders.net\/ro\/wp-json\/wp\/v2\/media\/17880"}],"wp:attachment":[{"href":"https:\/\/www.hydraulic-cylinders.net\/ro\/wp-json\/wp\/v2\/media?parent=19677"}],"wp:term":[{"taxonomy":"product_brand","embeddable":true,"href":"https:\/\/www.hydraulic-cylinders.net\/ro\/wp-json\/wp\/v2\/product_brand?post=19677"},{"taxonomy":"product_cat","embeddable":true,"href":"https:\/\/www.hydraulic-cylinders.net\/ro\/wp-json\/wp\/v2\/product_cat?post=19677"},{"taxonomy":"product_tag","embeddable":true,"href":"https:\/\/www.hydraulic-cylinders.net\/ro\/wp-json\/wp\/v2\/product_tag?post=19677"}],"curies":[{"name":"wp","href":"https:\/\/api.w.org\/{rel}","templated":true}]}}