{"id":19679,"date":"2025-04-07T07:01:20","date_gmt":"2025-04-07T07:01:20","guid":{"rendered":"https:\/\/www.hydraulic-cylinders.net\/product\/boom-cylinder-for-baoding-sc240sd-8\/"},"modified":"2025-04-07T07:01:22","modified_gmt":"2025-04-07T07:01:22","slug":"boom-cylinder-for-baoding-sc240sd-8","status":"publish","type":"product","link":"https:\/\/www.hydraulic-cylinders.net\/ro\/produs\/boom-cylinder-for-baoding-sc240sd-8\/","title":{"rendered":"Cilindru de bra\u021b pentru Baoding SC240SD.8"},"content":{"rendered":"<h1>Cilindru de bra\u021b pentru Baoding SC240SD.8<\/h1>\n<h2>Introducere \u00een cilindrul bra\u021bului<\/h2>\n<p>Cilindrul bra\u021bului, conceput special pentru modelul Baoding SC240SD.8, este o component\u0103 esen\u021bial\u0103 \u00een sistemele hidraulice utilizate \u00een utilajele grele. Acest cilindru hidraulic joac\u0103 un rol crucial \u00een controlul mi\u0219c\u0103rii cupelor \u00een diverse echipamente, cum ar fi excavatoarele, \u00eenc\u0103rc\u0103toarele cu buldoexcavatoare \u0219i \u00eenc\u0103rc\u0103toarele frontale. Acesta permite ridicarea, cobor\u00e2rea \u0219i \u00eenclinarea cupei, facilit\u00e2nd sarcinile eficiente de manipulare a materialelor. Cilindrul bra\u021bului este un tip de cilindru hidraulic special conceput pentru a gestiona eficient aceste ac\u021biuni, asigur\u00e2ndu-se c\u0103 operatorii \u00ee\u0219i pot \u00eendeplini sarcinile cu precizie \u0219i fiabilitate.<\/p>\n<p><img decoding=\"async\" src=\"https:\/\/www.hydraulic-cylinders.net\/wp-content\/uploads\/2025\/04\/songte-company-1.webp\" alt=\"Imaginea cilindrului bra\u021bului\"><\/p>\n<h2>Caracteristicile cilindrului bra\u021bului<\/h2>\n<ul>\n<li><strong>Rezisten\u021b\u0103 \u0219i durabilitate ridicate:<\/strong> Construi\u021bi din o\u021bel sau aluminiu de \u00eenalt\u0103 rezisten\u021b\u0103, ace\u0219ti cilindri pot rezista la presiuni ridicate \u0219i sarcini grele, fiind potrivi\u021bi pentru medii de lucru dure. Designul lor ia \u00een considerare rezisten\u021ba la uzur\u0103 \u0219i la coroziune, prelungindu-le durata de via\u021b\u0103.<\/li>\n<li><strong>Func\u021bionare hidraulic\u0103 eficient\u0103:<\/strong> Utiliz\u00e2nd presiunea uleiului hidraulic, ace\u0219ti cilindri realizeaz\u0103 ac\u021biuni line de extensie \u0219i retragere. Ace\u0219tia r\u0103spund rapid la comenzile de control, oferind for\u021be puternice de \u00eempingere \u0219i tragere pentru a manipula obiecte grele \u0219i sarcini complexe.<\/li>\n<li><strong>Diverse tipuri:<\/strong> Cilindrii bra\u021bului sunt disponibili \u00een modele cu ac\u021biune simpl\u0103 (folosind presiunea hidraulic\u0103 \u00eentr-o singur\u0103 direc\u021bie) \u0219i cu ac\u021biune dubl\u0103 (folosind presiunea hidraulic\u0103 \u00een ambele direc\u021bii) pentru a satisface diverse nevoi opera\u021bionale. Unele modele sunt telescopice, permi\u021b\u00e2nd o extensie mai mare f\u0103r\u0103 a cre\u0219te dimensiunile exterioare, ideale pentru aplica\u021bii cu spa\u021biu limitat.<\/li>\n<li><strong>Fabrica\u021bie personalizat\u0103:<\/strong> Compania noastr\u0103 este specializat\u0103 \u00een producerea acestor cilindri hidraulici pentru bra\u021b, asigur\u00e2ndu-se c\u0103 ace\u0219tia \u00eenlocuiesc perfect cilindrii hidraulici existen\u021bi, cu o compatibilitate \u0219i performan\u021b\u0103 ridicate.<\/li>\n<\/ul>\n<p><img decoding=\"async\" src=\"https:\/\/www.hydraulic-cylinders.net\/wp-content\/uploads\/2025\/04\/songte-cylinder-head-with-all-kinds-excavator-models.webp\" alt=\"Imagine de fabrica\u021bie personalizat\u0103\"><\/p>\n<h2>Aplica\u021bii ale cilindrilor bra\u021bului<\/h2>\n<h3>Echipamente de construc\u021bii<\/h3>\n<p>\u00cen utilajele de construc\u021bii, cum ar fi excavatoarele, cilindrii bra\u021bului sunt vitali pentru s\u0103pare, \u00eenc\u0103rcare \u0219i mutarea solului sau a resturilor. Ace\u0219tia permit cupei de s\u0103pat s\u0103 p\u0103trund\u0103 eficient \u00een sol, permi\u021b\u00e2nd operatorilor s\u0103 excaveze materialul eficient. \u00cen plus, la \u00eenc\u0103rc\u0103toarele excavatoare, cilindrii bra\u021bului ajut\u0103 at\u00e2t la opera\u021biunile de s\u0103pare, c\u00e2t \u0219i la cele de ridicare, ceea ce le face unelte indispensabile pe \u0219antiere.<\/p>\n<h3>Ma\u0219ini agricole<\/h3>\n<p>\u00cen aplica\u021biile agricole, cilindrii bra\u021bului sunt utiliza\u021bi \u00een mod obi\u0219nuit la \u00eenc\u0103rc\u0103toarele frontale pentru a scoate, ridica \u0219i transporta sol, f\u00e2n \u0219i alte materiale. Ace\u0219tia ajut\u0103 fermierii s\u0103 \u00ee\u0219i gestioneze eficient sarcinile, \u00eembun\u0103t\u0103\u021bind productivitatea \u0219i reduc\u00e2nd timpul de munc\u0103. Capacit\u0103\u021bile de extensie \u0219i retragere ale acestor cilindri sporesc versatilitatea echipamentelor agricole.<\/p>\n<h3>Excavatoare<\/h3>\n<p>Cilindrii bra\u021bului excavatoarelor faciliteaz\u0103 mi\u0219carea de s\u0103pare permi\u021b\u00e2nd cupei s\u0103 p\u0103trund\u0103 \u00een sol. Acest lucru este crucial pentru diverse sarcini de terasament, fie \u00een construc\u021bii, fie \u00een amenaj\u0103ri peisagistice. Capacitatea lor de a func\u021biona sub solicit\u0103ri mari asigur\u0103 c\u0103 excavatoarele pot func\u021biona eficient, maximiz\u00e2nd productivitatea pe \u0219antier.<\/p>\n<h3>\u00cenc\u0103rc\u0103toare<\/h3>\n<p>\u00cen cazul \u00eenc\u0103rc\u0103toarelor frontale, cilindrii bra\u021bului joac\u0103 un rol semnificativ \u00een ridicarea \u0219i desc\u0103rcarea eficient\u0103 a materialelor. Ace\u0219tia permit operatorilor s\u0103 ridice bra\u021bele \u00eenc\u0103rc\u0103torului \u0219i s\u0103 \u00eencline cupa pentru a desc\u0103rca rapid materialele. Aceast\u0103 func\u021bionalitate este esen\u021bial\u0103 pentru opera\u021biunile din industria construc\u021biilor, amenaj\u0103rilor peisagistice \u0219i manipul\u0103rii materialelor.<\/p>\n<h2>Considera\u021bii de proiectare \u0219i criterii de selec\u021bie<\/h2>\n<h3>Capacitate de \u00eenc\u0103rcare<\/h3>\n<p>Capacitatea de \u00eenc\u0103rcare a unui cilindru de bra\u021b este o considera\u021bie critic\u0103 \u00een ceea ce prive\u0219te proiectarea. Acesta trebuie adaptat pentru a gestiona greutatea maxim\u0103 a materialelor mutate. Un cilindru bine proiectat va \u00eencorpora factori de siguran\u021b\u0103 pentru a evita defec\u021biunile sub sarcini mari, asigur\u00e2nd o func\u021bionare fiabil\u0103 \u00een medii solicitante. \u00cen\u021belegerea limitei de greutate \u0219i a aplica\u021biei va ghida utilizatorii \u00een alegerea cilindrului potrivit.<\/p>\n<h3>Sigilare<\/h3>\n<p>Etan\u0219area eficient\u0103 este esen\u021bial\u0103 pentru cilindrii hidraulici pentru a preveni scurgerile \u0219i a men\u021bine presiunea. Calitatea etan\u0219\u0103rilor influen\u021beaz\u0103 performan\u021ba \u0219i longevitatea cilindrului. Utilizarea materialelor de \u00eenalt\u0103 calitate pentru etan\u0219are, cum ar fi poliuretanul sau cauciucul nitrilic, spore\u0219te durabilitatea \u0219i rezisten\u021ba la uzur\u0103, asigur\u00e2nd o func\u021bionalitate optim\u0103 \u00een timp.<\/p>\n<h3>Durabilitate<\/h3>\n<p>Durabilitatea unui cilindru de bra\u021b este primordial\u0103, \u00een special \u00een condi\u021bii dure de lucru. Factori precum rezisten\u021ba la uzur\u0103, rezisten\u021ba la coroziune \u0219i integritatea structural\u0103 general\u0103 sunt vitali. Produc\u0103torii se concentreaz\u0103 pe utilizarea de materiale robuste \u0219i aplicarea de tratamente avansate de suprafa\u021b\u0103 pentru a \u00eembun\u0103t\u0103\u021bi durata de via\u021b\u0103 a cilindrilor, f\u0103c\u00e2ndu-i potrivi\u021bi pentru diverse aplica\u021bii.<\/p>\n<h3>Siguran\u0163\u0103<\/h3>\n<p>Caracteristicile de siguran\u021b\u0103 sunt esen\u021biale \u00een proiectarea cilindrilor hidraulici. Incorporarea supapelor de suprapresiune \u0219i a sistemelor robuste de montare ajut\u0103 la prevenirea accidentelor \u0219i asigur\u0103 o func\u021bionare sigur\u0103. Operatorii trebuie s\u0103 se asigure c\u0103 sunt implementate toate m\u0103surile de siguran\u021b\u0103 pentru a atenua riscurile asociate sistemelor hidraulice, men\u021bin\u00e2nd un mediu de lucru sigur.<\/p>\n<h3>\u00centre\u0163inere<\/h3>\n<p>Considera\u021biile privind \u00eentre\u021binerea ar trebui s\u0103 fie o prioritate atunci c\u00e2nd se alege un cilindru pentru bra\u021b. Caracteristicile care permit dezasamblarea, inspec\u021bia \u0219i repararea u\u0219oar\u0103 pot reduce semnificativ timpul de nefunc\u021bionare \u0219i costurile de \u00eentre\u021binere. \u00centre\u021binerea regulat\u0103 asigur\u0103 func\u021bionarea eficient\u0103 a sistemului hidraulic, prelungind durata de via\u021b\u0103 a cilindrului.<\/p>\n<p><img decoding=\"async\" src=\"https:\/\/www.hydraulic-cylinders.net\/wp-content\/uploads\/2025\/04\/songte-oil-pipes-and-spare-parts.webp\" alt=\"Imagine de \u00eentre\u021binere\"><\/p>\n<h2>Etan\u0219are \u0219i lubrifiere<\/h2>\n<p>Implementarea unor practici eficiente de etan\u0219are \u0219i lubrifiere este crucial\u0103 pentru performan\u021ba cilindrilor bra\u021bului. Diverse componente de etan\u0219are, cum ar fi etan\u0219\u0103rile pistonului \u0219i etan\u0219\u0103rile tijei, sunt utilizate pentru a asigura o func\u021bionare optim\u0103. Etan\u0219\u0103rile fabricate din materiale rezistente la uzur\u0103, cum ar fi poliuretanul sau cauciucul nitrilic, ofer\u0103 durabilitate, \u00een timp ce corpul cilindrului \u0219i suprafe\u021bele filetate ale cap\u0103tului sunt prelucrate fin pentru a spori rezisten\u021ba la uzur\u0103. De asemenea, este esen\u021bial s\u0103 se adauge \u00een mod regulat ulei hidraulic adecvat pentru lubrifiere, asigur\u00e2nd o func\u021bionare lin\u0103 \u0219i reduc\u00e2nd la minimum frecarea din interiorul cilindrului.<\/p>\n<h2>M\u0103suri de \u00eentre\u021binere preventiv\u0103<\/h2>\n<ul>\n<li><strong>Inspec\u021bii regulate:<\/strong> Efectua\u021bi inspec\u021bii am\u0103nun\u021bite ale tuturor conexiunilor \u0219i etan\u0219\u0103rilor hidraulice pentru a detecta din timp orice semne de uzur\u0103 sau scurgeri. Verific\u0103rile regulate ajut\u0103 la men\u021binerea performan\u021bei optime \u0219i la prevenirea defec\u021biunilor nea\u0219teptate.<\/li>\n<li><strong>Lubrifiere:<\/strong> Asigura\u021bi-v\u0103 c\u0103 nivelurile uleiului hidraulic sunt men\u021binute \u0219i c\u0103 lubrifierea este aplicat\u0103 conform specifica\u021biilor produc\u0103torului pentru a preveni uzura, asigur\u00e2nd o func\u021bionare f\u0103r\u0103 probleme.<\/li>\n<li><strong>\u00cenlocuirea garniturii:<\/strong> Verifica\u021bi periodic garniturile pentru a depista semne de deteriorare sau uzur\u0103. \u00cenlocuirea proactiv\u0103 a garniturilor poate preveni scurgerile \u0219i poate men\u021bine eficient presiunea hidraulic\u0103.<\/li>\n<\/ul>\n<h2>Instruc\u021biuni de instalare<\/h2>\n<p>Instalarea corect\u0103 a cilindrului bra\u021bului este esen\u021bial\u0103 pentru o performan\u021b\u0103 optim\u0103. \u00cencepe\u021bi prin a v\u0103 asigura c\u0103 toate punctele de montare sunt curate \u0219i f\u0103r\u0103 resturi. Alinia\u021bi cilindrul cu precizie cu suporturile de montare ale ma\u0219inii \u0219i utiliza\u021bi suporturi de instalare adecvate pentru a-l fixa \u00een pozi\u021bie. Este esen\u021bial s\u0103 respecta\u021bi specifica\u021biile produc\u0103torului pentru set\u0103rile de cuplu \u0219i aliniere. Dup\u0103 instalare, verifica\u021bi conexiunile hidraulice pentru eventuale scurgeri \u0219i efectua\u021bi o prob\u0103 de func\u021bionare pentru a v\u0103 asigura c\u0103 totul func\u021bioneaz\u0103 f\u0103r\u0103 probleme. Inspecta\u021bi periodic instala\u021bia pentru a men\u021bine alinierea \u0219i func\u021bionarea corect\u0103 \u00een timp.<\/p>\n<h2>Sarcini comune de \u00eentre\u021binere<\/h2>\n<ul>\n<li><strong>Inspec\u021bii regulate:<\/strong> Inspectarea regulat\u0103 a cilindrului ajut\u0103 la identificarea timpurie a poten\u021bialelor probleme, asigur\u00e2ndu-se c\u0103 acesta func\u021bioneaz\u0103 la performan\u021be maxime.<\/li>\n<li><strong>Lubrifiere adecvat\u0103:<\/strong> Lubrifierea adecvat\u0103 este esen\u021bial\u0103 pentru buna func\u021bionare a cilindrului. Asigura\u021bi-v\u0103 c\u0103 se utilizeaz\u0103 tipul \u0219i cantitatea corect\u0103 de ulei hidraulic \u0219i monitoriza\u021bi nivelurile \u00een mod constant.<\/li>\n<li><strong>\u00cenlocuirea garniturii:<\/strong> \u00cen timp, garniturile se pot uza \u0219i pot necesita \u00eenlocuire pentru a preveni scurgerile \u0219i a men\u021bine presiunea. Evalua\u021bi periodic starea garniturilor \u0219i \u00eenlocui\u021bi-le dup\u0103 cum este necesar.<\/li>\n<\/ul>\n<p>Instalarea, lubrifierea \u0219i reglarea corect\u0103 sunt esen\u021biale pentru longevitatea \u0219i eficacitatea cilindrului bra\u021bului. \u00cen timpul instal\u0103rii, alinia\u021bi cilindrul cu precizie \u0219i utiliza\u021bi suporturi de montare adecvate. Trebuie respectate procedurile recomandate pentru inspec\u021bie, reparare \u0219i \u00eenlocuire, asigur\u00e2ndu-v\u0103 c\u0103 orice componente uzate sau deteriorate sunt remediate prompt. Practicile regulate de \u00eentre\u021binere \u00eembun\u0103t\u0103\u021besc durata de via\u021b\u0103 a cilindrului hidraulic.<\/p>\n<p><img decoding=\"async\" src=\"https:\/\/www.hydraulic-cylinders.net\/wp-content\/uploads\/2025\/04\/songte-chushion-collar.webp\" alt=\"Imagine de instalare\"><\/p>\n<h2>Considera\u021bii de siguran\u021b\u0103 \u0219i factori de mediu<\/h2>\n<p>Atunci c\u00e2nd se utilizeaz\u0103 cilindri ai bra\u021bului, implementarea m\u0103surilor de siguran\u021b\u0103 este esen\u021bial\u0103. Operatorii trebuie s\u0103 respecte protocoalele de siguran\u021b\u0103 stabilite pentru a reduce riscurile asociate cu sistemele hidraulice. Instruirea adecvat\u0103 a tuturor utilizatorilor, verific\u0103rile regulate ale echipamentelor \u0219i asigurarea func\u021bion\u0103rii corecte a tuturor componentelor contribuie la un mediu de lucru sigur. \u00cen plus, factorii de mediu, cum ar fi eliminarea corect\u0103 a fluidelor \u0219i materialelor hidraulice, ar trebui lua\u021bi \u00een considerare pentru a minimiza impactul asupra mediului.<\/p>\n<h2>Depanare \u0219i probleme frecvente<\/h2>\n<ul>\n<li><strong>Scurgere:<\/strong> Scurgerile pot ap\u0103rea din cauza garniturilor uzate sau a instal\u0103rii necorespunz\u0103toare. Inspec\u021biile regulate pot ajuta la identificarea din timp a poten\u021bialelor probleme.<\/li>\n<li><strong>Func\u021bionare lent\u0103:<\/strong> Dac\u0103 cilindrul bra\u021bului func\u021bioneaz\u0103 lent, acest lucru poate indica un nivel sc\u0103zut de lichid hidraulic sau probleme cu pompa hidraulic\u0103. Verifica\u021bi nivelurile de lichid \u0219i inspecta\u021bi func\u021bionalitatea pompei.<\/li>\n<li><strong>Zgomot:<\/strong> Zgomotele neobi\u0219nuite \u00een timpul func\u021bion\u0103rii semnaleaz\u0103 adesea probleme. Zgomotul poate indica un nivel sc\u0103zut de lubrifiere sau o defec\u021biune mecanic\u0103, care necesit\u0103 aten\u021bie imediat\u0103.<\/li>\n<\/ul>\n<h2>Sfaturi pentru rezolvarea problemelor<\/h2>\n<p>Pentru a diagnostica \u0219i rezolva eficient problemele legate de cilindrii bra\u021bului, operatorii trebuie s\u0103 urmeze pa\u0219i specifici de depanare. Mai \u00eent\u00e2i, inspecta\u021bi pentru scurgeri \u0219i verifica\u021bi toate garniturile \u0219i conexiunile. Apoi, asigura\u021bi-v\u0103 c\u0103 nivelurile fluidului hidraulic sunt adecvate \u0219i c\u0103 pompa hidraulic\u0103 func\u021bioneaz\u0103 corect. \u00cen cazul unor zgomote neobi\u0219nuite, este necesar\u0103 o inspec\u021bie imediat\u0103, deoarece acestea pot indica probleme mecanice grave. Practicile regulate de \u00eentre\u021binere, inclusiv lubrifierea la timp \u0219i \u00eenlocuirea garniturilor, pot reduce semnificativ probabilitatea apari\u021biei unor probleme poten\u021biale.<\/p>\n<p><img decoding=\"async\" src=\"https:\/\/www.hydraulic-cylinders.net\/wp-content\/uploads\/2025\/04\/songte-bushings-with-all-kinds-of-excavator-models.webp\" alt=\"Depanarea erorilor de imagine\"><\/p>\n<h2>Despre compania noastr\u0103<\/h2>\n<p>Suntem un produc\u0103tor important de cilindri hidraulici alternativi, oferind o gam\u0103 complet\u0103 de produse at\u00e2t pentru pie\u021bele interne, c\u00e2t \u0219i pentru cele interna\u021bionale. Angajamentul nostru fa\u021b\u0103 de excelen\u021b\u0103 ne determin\u0103 s\u0103 men\u021binem standarde \u00eenalte de calitate, sus\u021binute de o strategie rafinat\u0103 de management al produc\u021biei. Prin valorificarea tehnologiei avansate, a echipamentelor digitale de produc\u021bie de ultim\u0103 genera\u021bie \u0219i a unui sistem de testare profesional, ne \u00eembun\u0103t\u0103\u021bim continuu capacit\u0103\u021bile de produc\u021bie. Capacitatea noastr\u0103 robust\u0103 de inovare asigur\u0103 satisfacerea diverselor nevoi ale clien\u021bilor cu eficien\u021b\u0103, precizie \u0219i calitate.<\/p>\n<p>Ne concentr\u0103m pe profesionalism, certific\u0103ri interna\u021bionale \u0219i servicii personalizate adaptate cerin\u021belor clien\u021bilor. Echipamentele noastre de produc\u021bie de ultim\u0103 genera\u021bie, \u00eempreun\u0103 cu un serviciu post-v\u00e2nzare excep\u021bional, asigur\u0103 satisfac\u021bia clien\u021bilor \u0219i construiesc parteneriate pe termen lung.<\/p>\n<p><img decoding=\"async\" src=\"https:\/\/www.hydraulic-cylinders.net\/wp-content\/uploads\/2025\/04\/songte-company-4.webp\" alt=\"Imaginea companiei\"><br \/>\n<img decoding=\"async\" src=\"https:\/\/www.hydraulic-cylinders.net\/wp-content\/uploads\/2025\/04\/songte-company-3.webp\" alt=\"Imaginea echipamentului companiei\"><\/p>\n<p>Autor: lyl<\/p>","protected":false},"excerpt":{"rendered":"<p>Boom Cylinder For Baoding SC240SD.8 Introduction to Boom Cylinder The Boom Cylinder, particularly designed for the Baoding SC240SD.8 model, is an essential component in hydraulic systems used in heavy machinery. This hydraulic cylinder plays a crucial role in controlling the movement of buckets in various equipment such as excavators, backhoe loaders, and front loaders. It [&hellip;]<\/p>","protected":false},"featured_media":17867,"comment_status":"open","ping_status":"closed","template":"","meta":{"_et_pb_use_builder":"","_et_pb_old_content":"","_et_gb_content_width":""},"product_brand":[],"product_cat":[1546],"product_tag":[1547,1496],"class_list":{"0":"post-19679","1":"product","2":"type-product","3":"status-publish","4":"has-post-thumbnail","6":"product_cat-boom-cylinders","7":"product_tag-boom-cylinders","8":"product_tag-hydraulic-cylinders","10":"first","11":"instock","12":"shipping-taxable","13":"product-type-simple"},"amp_enabled":true,"_links":{"self":[{"href":"https:\/\/www.hydraulic-cylinders.net\/ro\/wp-json\/wp\/v2\/product\/19679","targetHints":{"allow":["GET"]}}],"collection":[{"href":"https:\/\/www.hydraulic-cylinders.net\/ro\/wp-json\/wp\/v2\/product"}],"about":[{"href":"https:\/\/www.hydraulic-cylinders.net\/ro\/wp-json\/wp\/v2\/types\/product"}],"replies":[{"embeddable":true,"href":"https:\/\/www.hydraulic-cylinders.net\/ro\/wp-json\/wp\/v2\/comments?post=19679"}],"wp:featuredmedia":[{"embeddable":true,"href":"https:\/\/www.hydraulic-cylinders.net\/ro\/wp-json\/wp\/v2\/media\/17867"}],"wp:attachment":[{"href":"https:\/\/www.hydraulic-cylinders.net\/ro\/wp-json\/wp\/v2\/media?parent=19679"}],"wp:term":[{"taxonomy":"product_brand","embeddable":true,"href":"https:\/\/www.hydraulic-cylinders.net\/ro\/wp-json\/wp\/v2\/product_brand?post=19679"},{"taxonomy":"product_cat","embeddable":true,"href":"https:\/\/www.hydraulic-cylinders.net\/ro\/wp-json\/wp\/v2\/product_cat?post=19679"},{"taxonomy":"product_tag","embeddable":true,"href":"https:\/\/www.hydraulic-cylinders.net\/ro\/wp-json\/wp\/v2\/product_tag?post=19679"}],"curies":[{"name":"wp","href":"https:\/\/api.w.org\/{rel}","templated":true}]}}