{"id":19682,"date":"2025-04-07T07:01:29","date_gmt":"2025-04-07T07:01:29","guid":{"rendered":"https:\/\/www.hydraulic-cylinders.net\/product\/boom-cylinder-for-baoding-wy75-7\/"},"modified":"2025-04-07T07:01:32","modified_gmt":"2025-04-07T07:01:32","slug":"boom-cylinder-for-baoding-wy75-7","status":"publish","type":"product","link":"https:\/\/www.hydraulic-cylinders.net\/ro\/produs\/boom-cylinder-for-baoding-wy75-7\/","title":{"rendered":"Cilindru de bra\u021b pentru Baoding WY75-7"},"content":{"rendered":"<h1>Cilindru de bra\u021b pentru Baoding WY75-7<\/h1>\n<h2>Prezentare general\u0103 a produsului<\/h2>\n<p>Cilindrul hidraulic pentru Baoding WY75-7 este un cilindru hidraulic specializat, conceput pentru a controla mi\u0219carea cupelor pe diverse utilaje grele, cum ar fi excavatoare, excavatoare \u0219i \u00eenc\u0103rc\u0103toare frontale. Acest cilindru hidraulic faciliteaz\u0103 ridicarea, cobor\u00e2rea \u0219i \u00eenclinarea cupei, permi\u021b\u00e2nd sarcini eficiente de manipulare a materialelor.<\/p>\n<p><img decoding=\"async\" src=\"https:\/\/www.hydraulic-cylinders.net\/wp-content\/uploads\/2025\/04\/songte-company-1.webp\" alt=\"Cilindru de bra\u021b\"><\/p>\n<h3>\u00cen\u021belegerea cilindrilor cupei<\/h3>\n<p>Cilindrii cupei sunt componente integrante ale sistemelor hidraulice, oferind for\u021ba necesar\u0103 pentru a \u00eendeplini sarcini critice \u00een utilajele de construc\u021bii \u0219i agricole. Ace\u0219ti cilindri utilizeaz\u0103 fluid hidraulic pentru a crea mi\u0219care, permi\u021b\u00e2nd operatorilor s\u0103 \u00eendeplineasc\u0103 o gam\u0103 larg\u0103 de sarcini eficient. Designul acestor cilindri este crucial pentru performan\u021ba lor, f\u0103c\u00e2ndu-i fiabili pentru aplica\u021bii solicitante.<\/p>\n<h2>Caracteristici cheie ale cilindrului bra\u021bului<\/h2>\n<ul>\n<li><strong>Rezisten\u021b\u0103 \u0219i durabilitate ridicate:<\/strong> Fabrica\u021bi din o\u021bel sau aluminiu de \u00eenalt\u0103 rezisten\u021b\u0103, ace\u0219ti cilindri pot rezista la presiuni ridicate \u0219i sarcini grele, fiind potrivi\u021bi pentru medii de lucru dure.<\/li>\n<li><strong>Func\u021bionare hidraulic\u0103 eficient\u0103:<\/strong> Utiliz\u00e2nd presiunea uleiului hidraulic pentru o extensie \u0219i retragere lin\u0103, acestea r\u0103spund rapid la comenzile de control \u0219i ofer\u0103 for\u021be puternice de \u00eempingere \u0219i tragere, ideale pentru manipularea obiectelor grele.<\/li>\n<li><strong>Diverse tipuri:<\/strong> Disponibile \u00een configura\u021bii cu ac\u021biune simpl\u0103 (func\u021bioneaz\u0103 \u00eentr-o singur\u0103 direc\u021bie) sau cu ac\u021biune dubl\u0103 (func\u021bioneaz\u0103 \u00een ambele direc\u021bii), acestea pot \u00eendeplini diverse cerin\u021be opera\u021bionale, unele modele fiind dotate cu designuri telescopice pentru o raz\u0103 de ac\u021biune extins\u0103 \u00een spa\u021bii restr\u00e2nse.<\/li>\n<li><strong>Sistem de etan\u0219are optimizat:<\/strong> Proiectat cu tehnologii avansate de etan\u0219are pentru a preveni scurgerile \u0219i a asigura performan\u021be optime \u00een timp.<\/li>\n<li><strong>Op\u021biuni de personalizare:<\/strong> Produsele noastre pot \u00eenlocui perfect cilindrii hidraulici existen\u021bi, oferind solu\u021bii personalizate pentru nevoile specifice ale utilajelor.<\/li>\n<\/ul>\n<p><img decoding=\"async\" src=\"https:\/\/www.hydraulic-cylinders.net\/wp-content\/uploads\/2025\/04\/songte-cylinder-head-with-all-kinds-excavator-models.webp\" alt=\"Modele de cilindri de bra\u021b\"><\/p>\n<h2>Aplica\u021bii ale cilindrului bra\u021bului<\/h2>\n<h3>Echipamente de construc\u021bii<\/h3>\n<p>\u00cen excavatoare, cilindrii bra\u021bului joac\u0103 un rol esen\u021bial \u00een s\u0103parea, \u00eenc\u0103rcarea \u0219i mutarea solului sau a resturilor. Ace\u0219tia ofer\u0103 puterea necesar\u0103 pentru ridicarea cupei pentru o ad\u00e2ncime optim\u0103 de s\u0103pare \u0219i faciliteaz\u0103 transportul eficient al materialelor. \u00cen cazul \u00eenc\u0103rc\u0103toarelor excavatoare, cilindrul cupei ajut\u0103 at\u00e2t la sarcinile de excavare, c\u00e2t \u0219i la cele de ridicare, sporind productivitatea general\u0103 pe \u0219antierele de construc\u021bii.<\/p>\n<h3>Ma\u0219ini agricole<\/h3>\n<p>Pentru \u00eenc\u0103rc\u0103toarele frontale, cilindrul bra\u021bului este esen\u021bial pentru \u00eenc\u0103rcarea, ridicarea \u0219i transportul solului, f\u00e2nului \u0219i diverselor materiale. Ac\u021biunea hidraulic\u0103 permite un control precis, facilit\u00e2nd gestionarea sarcinilor grele \u0219i executarea sarcinilor cu precizie, reduc\u00e2nd astfel timpul de operare \u0219i costurile cu for\u021ba de munc\u0103.<\/p>\n<h3>Procese de excavare<\/h3>\n<p>Cilindrul bra\u021bului permite excavatoarelor s\u0103 p\u0103trund\u0103 eficient \u00een sol. Permi\u021b\u00e2nd cupei s\u0103 sape \u00een sol, aceasta maximizeaz\u0103 capacitatea ma\u0219inii de a \u00eendep\u0103rta rapid p\u0103m\u00e2ntul \u0219i resturile, ceea ce o face o component\u0103 fundamental\u0103 pentru lucr\u0103rile de excavare.<\/p>\n<h3>Func\u021bii \u00eenc\u0103rc\u0103tor<\/h3>\n<p>\u00cen cazul \u00eenc\u0103rc\u0103toarelor frontale, cilindrii bra\u021bului ajut\u0103 la ridicarea \u0219i desc\u0103rcarea eficient\u0103 a sarcinilor. Sistemul lor hidraulic permite operatorilor s\u0103 efectueze sarcini precum mutarea materialelor, cur\u0103\u021barea resturilor \u0219i \u00eenc\u0103rcarea camioanelor cu efort minim, \u00eembun\u0103t\u0103\u021bind eficien\u021ba pe \u0219antier.<\/p>\n<h2>Considera\u021bii de proiectare \u0219i criterii de selec\u021bie<\/h2>\n<h3>Capacitate de \u00eenc\u0103rcare<\/h3>\n<p>Atunci c\u00e2nd se selecteaz\u0103 un cilindru pentru bra\u021b, unul dintre cei mai importan\u021bi factori de luat \u00een considerare este capacitatea sa de \u00eenc\u0103rcare. Cilindrul trebuie s\u0103 poat\u0103 suporta sarcinile a\u0219teptate f\u0103r\u0103 riscul de defec\u021biune. Inginerii evalueaz\u0103 adesea for\u021ba maxim\u0103 pe care trebuie s\u0103 o exercite cilindrul, lu\u00e2nd \u00een considerare greutatea util\u0103 \u0219i condi\u021biile nefavorabile de func\u021bionare pentru a asigura fiabilitatea \u0219i performan\u021ba.<\/p>\n<h3>Performan\u021ba de etan\u0219are<\/h3>\n<p>Sistemul de etan\u0219are al unui cilindru hidraulic este vital pentru func\u021bionarea acestuia. Garniturile trebuie s\u0103 previn\u0103 eficient scurgerile de fluid, rezist\u00e2nd \u00een acela\u0219i timp la presiuni ridicate \u0219i temperaturi variabile. Alegerea materialelor potrivite, cum ar fi poliuretanul sau cauciucul nitrilic, asigur\u0103 durabilitate \u0219i performan\u021be optime de etan\u0219are, sporind durata de via\u021b\u0103 general\u0103 a cilindrului.<\/p>\n<h3>Durabilitate \u0219i \u00eentre\u021binere<\/h3>\n<p>Durabilitatea este esen\u021bial\u0103 pentru cilindrii hidraulici, deoarece ace\u0219tia func\u021bioneaz\u0103 \u00een medii dificile. Produc\u0103torii proiecteaz\u0103 aceste produse cu materiale care rezist\u0103 la uzur\u0103 \u0219i coroziune. Mai mult, caracteristicile de \u00eentre\u021binere u\u0219oar\u0103 ajut\u0103 la prelungirea duratei de via\u021b\u0103 a cilindrilor. Verific\u0103rile regulate \u0219i practicile de \u00eentre\u021binere sunt esen\u021biale pentru evitarea repara\u021biilor costisitoare \u0219i asigurarea unei performan\u021be constante.<\/p>\n<h3>Caracteristici de siguran\u021b\u0103<\/h3>\n<p>Siguran\u021ba ar trebui s\u0103 fie \u00eentotdeauna o prioritate absolut\u0103 \u00een proiectarea cilindrilor hidraulici. Incorporarea unor caracteristici precum supapele de suprapresiune ajut\u0103 la prevenirea supra\u00eenc\u0103rc\u0103rii, \u00een timp ce construc\u021bia robust\u0103 minimizeaz\u0103 riscul de defec\u021biuni catastrofale. M\u0103surile de siguran\u021b\u0103 adecvate asigur\u0103 c\u0103 operatorii pot lucra cu \u00eencredere, \u0219tiind c\u0103 echipamentul lor este fiabil.<\/p>\n<p><img decoding=\"async\" src=\"https:\/\/www.hydraulic-cylinders.net\/wp-content\/uploads\/2025\/04\/songte-oil-pipes-and-spare-parts.webp\" alt=\"Piese cilindru hidraulic\"><\/p>\n<h2>Etan\u0219are \u0219i lubrifiere<\/h2>\n<p>Etan\u0219area \u0219i lubrifierea eficiente joac\u0103 roluri esen\u021biale \u00een asigurarea longevit\u0103\u021bii \u0219i performan\u021bei cilindrilor hidraulici. Diverse etan\u0219\u0103ri, inclusiv etan\u0219\u0103ri pentru piston \u0219i etan\u0219\u0103ri pentru tij\u0103, sunt utilizate pentru a men\u021bine presiunea \u0219i a preveni scurgerile. Materialele de \u00eenalt\u0103 calitate, precum poliuretanul \u0219i cauciucul nitrilic, ofer\u0103 o rezisten\u021b\u0103 excep\u021bional\u0103 la uzur\u0103.<\/p>\n<p>Corpul cilindrului \u0219i suprafe\u021bele filetate ale cap\u0103tului sunt supuse unor prelucr\u0103ri de precizie pentru a spori rezisten\u021ba la uzur\u0103. Lubrifierea regulat\u0103 cu ulei hidraulic este necesar\u0103 pentru a men\u021bine func\u021bionarea corect\u0103 a componentelor \u0219i pentru a preveni uzura prematur\u0103.<\/p>\n<h2>M\u0103suri de \u00eentre\u021binere preventiv\u0103<\/h2>\n<ul>\n<li><strong>Inspec\u021bii de rutin\u0103:<\/strong> Verific\u0103rile regulate pentru scurgeri, uzur\u0103 \u0219i niveluri de lichid hidraulic pot identifica poten\u021bialele probleme \u00eenainte ca acestea s\u0103 devin\u0103 critice.<\/li>\n<li><strong>Practici de lubrifiere:<\/strong> Lubrifierea adecvat\u0103 este esen\u021bial\u0103 pentru buna func\u021bionare a cilindrilor hidraulici. Aplicarea tipului \u0219i cantit\u0103\u021bii corecte de ulei hidraulic va \u00eembun\u0103t\u0103\u021bi performan\u021ba \u0219i va reduce uzura.<\/li>\n<li><strong>\u00cenlocuirea garniturii:<\/strong> Garniturile trebuie inspectate \u0219i \u00eenlocuite dup\u0103 cum este necesar pentru a evita scurgerile \u0219i a asigura o performan\u021b\u0103 optim\u0103.<\/li>\n<\/ul>\n<h2>Instruc\u021biuni de instalare<\/h2>\n<p>Instalarea unui cilindru de bra\u021b necesit\u0103 o aten\u021bie deosebit\u0103 detaliilor pentru a asigura func\u021bionarea corect\u0103 \u0219i siguran\u021ba. Iat\u0103 pa\u0219ii esen\u021biali pentru o instalare corect\u0103:<\/p>\n<ol>\n<li>\u00cencepe\u021bi prin a v\u0103 asigura c\u0103 suprafe\u021bele de montare at\u00e2t de pe ma\u0219in\u0103, c\u00e2t \u0219i de pe cilindru sunt curate \u0219i f\u0103r\u0103 resturi.<\/li>\n<li>Alinia\u021bi corect cilindrul cu punctele de montare. Utilizarea dispozitivelor de aliniere sau a dispozitivelor de fixare poate ajuta la men\u021binerea pozi\u021biei corecte.<\/li>\n<li>Fixa\u021bi cilindrul folosind suporturile sau dispozitivele de montare recomandate, asigur\u00e2ndu-v\u0103 c\u0103 sunt str\u00e2nse conform specifica\u021biilor produc\u0103torului.<\/li>\n<li>Conecta\u021bi conductele hidraulice, asigur\u00e2ndu-v\u0103 c\u0103 utiliza\u021bi fitingurile corecte \u0219i evita\u021bi filetarea \u00eencruci\u0219at\u0103.<\/li>\n<li>Umple\u021bi sistemul hidraulic cu fluid \u0219i aerisi\u021bi sistemul pentru a elimina orice bul\u0103 de aer \u00eenainte de a testa func\u021bionarea.<\/li>\n<\/ol>\n<h2>Sarcini comune de \u00eentre\u021binere<\/h2>\n<h3>Inspec\u021bii regulate<\/h3>\n<p>Inspec\u021biile frecvente ale sistemului hidraulic sunt vitale pentru a identifica din timp orice semne de uzur\u0103 sau deteriorare. Verificarea scurgerilor, evaluarea st\u0103rii garniturilor \u0219i monitorizarea nivelului de fluid hidraulic pot ajuta la men\u021binerea performan\u021bei optime.<\/p>\n<h3>Lubrifiere adecvat\u0103<\/h3>\n<p>Lubrifierea este esen\u021bial\u0103 pentru reducerea frec\u0103rii dintre piesele \u00een mi\u0219care. Utilizarea tipului corect de ulei hidraulic \u0219i aplicarea acestuia \u00een cantit\u0103\u021bi adecvate va spori eficien\u021ba sistemului hidraulic \u0219i va prelungi durata sa de via\u021b\u0103.<\/p>\n<h3>\u00cenlocuirea garniturii \u0219i verific\u0103ri ale calibr\u0103rii<\/h3>\n<p>\u00cenlocuirile regulate ale garniturilor \u0219i verific\u0103rile de calibrare sunt esen\u021biale pentru a asigura func\u021bionarea cilindrului hidraulic \u00een parametrii proiecta\u021bi. P\u0103strarea unui jurnal detaliat de \u00eentre\u021binere va facilita interven\u021biile la timp, prevenind defec\u021biunile nea\u0219teptate.<\/p>\n<p><img decoding=\"async\" src=\"https:\/\/www.hydraulic-cylinders.net\/wp-content\/uploads\/2025\/04\/songte-chushion-collar.webp\" alt=\"Guler de amortizare a cilindrului\"><\/p>\n<h2>Considera\u021bii de siguran\u021b\u0103 \u0219i factori de mediu<\/h2>\n<p>Asigurarea siguran\u021bei \u00een timpul func\u021bion\u0103rii cilindrilor hidraulici este primordial\u0103. Implementarea unor m\u0103suri de siguran\u021b\u0103 adecvate, cum ar fi utilizarea echipamentului de protec\u021bie \u0219i respectarea protocoalelor opera\u021bionale, minimizeaz\u0103 riscurile. \u00cen plus, luarea \u00een considerare a factorilor de mediu, cum ar fi izolarea scurgerilor de fluide, este crucial\u0103 pentru men\u021binerea unui mediu de lucru sigur \u0219i responsabil.<\/p>\n<h2>Depanare \u0219i probleme frecvente<\/h2>\n<ul>\n<li><strong>Scurgere:<\/strong> Identifica\u021bi sursa scurgerilor, adesea din cauza garniturilor uzate sau a componentelor deteriorate. \u00cenlocui\u021bi garniturile \u0219i verifica\u021bi dac\u0103 exist\u0103 deterior\u0103ri.<\/li>\n<li><strong>Mi\u0219care inconsistent\u0103:<\/strong> Acest lucru se poate datora prezen\u021bei aerului \u00een sistem sau a unei cantit\u0103\u021bi insuficiente de lichid hidraulic. Aerisi\u021bi sistemul \u0219i verifica\u021bi nivelurile de lichid.<\/li>\n<li><strong>Supra\u00eenc\u0103lzire:<\/strong> Supra\u00eenc\u0103lzirea poate rezulta din sarcina excesiv\u0103 sau circula\u021bia inadecvat\u0103 a fluidelor. Evalua\u021bi sarcina \u0219i asigura\u021bi nivelurile adecvate de lichid.<\/li>\n<\/ul>\n<h2>Sfaturi pentru depanare eficient\u0103<\/h2>\n<p>Pentru a diagnostica \u0219i rezolva eficient problemele, urma\u021bi aceste instruc\u021biuni:<\/p>\n<ul>\n<li>Efectua\u021bi verific\u0103ri regulate de \u00eentre\u021binere pentru a identifica semnele timpurii de uzur\u0103.<\/li>\n<li>Utiliza\u021bi instruc\u021biunile produc\u0103torului pentru depanarea problemelor specifice, asigur\u00e2ndu-v\u0103 respectarea practicilor recomandate.<\/li>\n<li>Investi\u021bi \u00een instruirea operatorilor pentru a recunoa\u0219te \u0219i a aborda proactiv poten\u021bialele probleme.<\/li>\n<\/ul>\n<p><img decoding=\"async\" src=\"https:\/\/www.hydraulic-cylinders.net\/wp-content\/uploads\/2025\/04\/songte-bushings-with-all-kinds-of-excavator-models.webp\" alt=\"Buc\u0219e pentru excavator\"><\/p>\n<h2>Introducerea companiei<\/h2>\n<p>Compania noastr\u0103 este un produc\u0103tor \u0219i distribuitor angro de top de cilindri hidraulici de schimb, recunoscut at\u00e2t pe pie\u021bele interne, c\u00e2t \u0219i pe cele interna\u021bionale. Respect\u0103m cele mai \u00eenalte standarde de calitate, sus\u021binute de o strategie de fabrica\u021bie rafinat\u0103, care \u00eencorporeaz\u0103 tehnologie avansat\u0103 \u0219i personal calificat. Angajamentul nostru fa\u021b\u0103 de excelen\u021b\u0103 garanteaz\u0103 c\u0103 satisfacem diversele nevoi ale clien\u021bilor cu eficien\u021b\u0103 \u0219i precizie ridicate.<\/p>\n<p>Expertiza noastr\u0103 se extinde pe diverse aspecte:<\/p>\n<ul>\n<li><strong>Profesionalism:<\/strong> Cu o echip\u0103 dedicat\u0103 de exper\u021bi, punem pe primul loc calitatea produselor \u0219i satisfac\u021bia clien\u021bilor.<\/li>\n<li><strong>Certificare interna\u021bional\u0103:<\/strong> Produsele noastre respect\u0103 standardele industriei, asigur\u00e2nd fiabilitate \u0219i siguran\u021b\u0103.<\/li>\n<li><strong>Servicii personalizate:<\/strong> Oferim solu\u021bii personalizate pentru a satisface cerin\u021bele specifice ale clien\u021bilor, oferind o abordare personalizat\u0103.<\/li>\n<li><strong>Echipamente avansate de produc\u021bie:<\/strong> Utilizarea unor utilaje de ultim\u0103 genera\u021bie ne \u00eembun\u0103t\u0103\u021be\u0219te capacit\u0103\u021bile de produc\u021bie \u0219i \u00eembun\u0103t\u0103\u021be\u0219te calitatea produselor.<\/li>\n<li><strong>Asisten\u021b\u0103 post-v\u00e2nzare:<\/strong> Echipa noastr\u0103 de asisten\u021b\u0103 clien\u021bi este \u00eentotdeauna disponibil\u0103 pentru a v\u0103 ajuta cu orice \u00eentreb\u0103ri sau asisten\u021b\u0103 necesar\u0103 dup\u0103 cump\u0103rare.<\/li>\n<\/ul>\n<p><img decoding=\"async\" src=\"https:\/\/www.hydraulic-cylinders.net\/wp-content\/uploads\/2025\/04\/songte-company-4.webp\" alt=\"Prezentare general\u0103 a companiei\"><br \/>\n<img decoding=\"async\" src=\"https:\/\/www.hydraulic-cylinders.net\/wp-content\/uploads\/2025\/04\/songte-company-3.webp\" alt=\"Unitate de produc\u021bie\"><\/p>\n<p>Autor: lyl<\/p>","protected":false},"excerpt":{"rendered":"<p>Boom Cylinder For Baoding WY75-7 Product Overview The Boom Cylinder for Baoding WY75-7 is a specialized hydraulic cylinder designed to control the movement of buckets on various heavy machinery such as excavators, backhoes, and front loaders. This hydraulic cylinder facilitates the lifting, lowering, and tilting of the bucket, enabling efficient material handling tasks. Understanding Bucket [&hellip;]<\/p>","protected":false},"featured_media":17870,"comment_status":"open","ping_status":"closed","template":"","meta":{"_et_pb_use_builder":"","_et_pb_old_content":"","_et_gb_content_width":""},"product_brand":[],"product_cat":[1546],"product_tag":[1547,1496],"class_list":{"0":"post-19682","1":"product","2":"type-product","3":"status-publish","4":"has-post-thumbnail","6":"product_cat-boom-cylinders","7":"product_tag-boom-cylinders","8":"product_tag-hydraulic-cylinders","10":"first","11":"instock","12":"shipping-taxable","13":"product-type-simple"},"amp_enabled":true,"_links":{"self":[{"href":"https:\/\/www.hydraulic-cylinders.net\/ro\/wp-json\/wp\/v2\/product\/19682","targetHints":{"allow":["GET"]}}],"collection":[{"href":"https:\/\/www.hydraulic-cylinders.net\/ro\/wp-json\/wp\/v2\/product"}],"about":[{"href":"https:\/\/www.hydraulic-cylinders.net\/ro\/wp-json\/wp\/v2\/types\/product"}],"replies":[{"embeddable":true,"href":"https:\/\/www.hydraulic-cylinders.net\/ro\/wp-json\/wp\/v2\/comments?post=19682"}],"wp:featuredmedia":[{"embeddable":true,"href":"https:\/\/www.hydraulic-cylinders.net\/ro\/wp-json\/wp\/v2\/media\/17870"}],"wp:attachment":[{"href":"https:\/\/www.hydraulic-cylinders.net\/ro\/wp-json\/wp\/v2\/media?parent=19682"}],"wp:term":[{"taxonomy":"product_brand","embeddable":true,"href":"https:\/\/www.hydraulic-cylinders.net\/ro\/wp-json\/wp\/v2\/product_brand?post=19682"},{"taxonomy":"product_cat","embeddable":true,"href":"https:\/\/www.hydraulic-cylinders.net\/ro\/wp-json\/wp\/v2\/product_cat?post=19682"},{"taxonomy":"product_tag","embeddable":true,"href":"https:\/\/www.hydraulic-cylinders.net\/ro\/wp-json\/wp\/v2\/product_tag?post=19682"}],"curies":[{"name":"wp","href":"https:\/\/api.w.org\/{rel}","templated":true}]}}