{"id":19686,"date":"2025-04-07T07:01:40","date_gmt":"2025-04-07T07:01:40","guid":{"rendered":"https:\/\/www.hydraulic-cylinders.net\/product\/boom-cylinder-for-tiangong-zg3255lc-9c\/"},"modified":"2025-04-07T07:01:43","modified_gmt":"2025-04-07T07:01:43","slug":"boom-cylinder-for-tiangong-zg3255lc-9c","status":"publish","type":"product","link":"https:\/\/www.hydraulic-cylinders.net\/ro\/produs\/boom-cylinder-for-tiangong-zg3255lc-9c\/","title":{"rendered":"Cilindru de bra\u021b pentru Tiangong ZG3255LC-9C"},"content":{"rendered":"<h1>Cilindru de bra\u021b pentru Tiangong ZG3255LC-9C<\/h1>\n<h2>Prezentare general\u0103 a produsului<\/h2>\n<p>Cilindrul bra\u021bului pentru Tiangong ZG3255LC-9C este o component\u0103 hidraulic\u0103 esen\u021bial\u0103, special conceput\u0103 pentru a controla mi\u0219carea cupelor \u00een diverse utilaje grele, cum ar fi excavatoarele, excavatoarele \u0219i \u00eenc\u0103rc\u0103toarele frontale. Acest cilindru hidraulic permite ridicarea, cobor\u00e2rea \u0219i \u00eenclinarea cupei, ceea ce o face un instrument vital pentru sarcinile de manipulare a materialelor. Cilindrul cupei func\u021bioneaz\u0103 prin utilizarea presiunii fluidului hidraulic pentru a crea mi\u0219care, oferind o putere robust\u0103 pentru s\u0103parea, ridicarea \u0219i transportul eficient al materialelor. Designul s\u0103u se concentreaz\u0103 pe durabilitate, asigur\u00e2ndu-se c\u0103 poate rezista rigorilor mediilor de lucru dure.<\/p>\n<p><img decoding=\"async\" src=\"https:\/\/www.hydraulic-cylinders.net\/wp-content\/uploads\/2025\/04\/songte-company-1.webp\" alt=\"Imaginea cilindrului bra\u021bului\" \/><\/p>\n<h2>Caracteristicile cilindrului bra\u021bului<\/h2>\n<ul>\n<li>\n<h3>Rezisten\u021b\u0103 \u0219i durabilitate ridicate<\/h3>\n<p>Construit din o\u021bel sau aluminiu de \u00eenalt\u0103 rezisten\u021b\u0103, cilindrul bra\u021bului este proiectat s\u0103 reziste la presiuni ridicate \u0219i sarcini grele, asigur\u00e2nd fiabilitate \u00een condi\u021bii dure. Materialele utilizate sunt alese pentru rezisten\u021ba lor la uzur\u0103 \u0219i protec\u021bia \u00eempotriva coroziunii, prelungind ciclul de via\u021b\u0103 al produsului.<\/p>\n<\/li>\n<li>\n<h3>Func\u021bionare hidraulic\u0103 eficient\u0103<\/h3>\n<p>Acest cilindru func\u021bioneaz\u0103 lin \u0219i r\u0103spunde rapid la comenzile de control, datorit\u0103 utiliz\u0103rii eficiente a presiunii uleiului hidraulic. Acesta ofer\u0103 o for\u021b\u0103 substan\u021bial\u0103 de \u00eempingere \u0219i tragere, fiind potrivit pentru manipularea obiectelor grele \u0219i a sarcinilor complexe.<\/p>\n<\/li>\n<li>\n<h3>Diverse tipuri<\/h3>\n<p>Sunt disponibile diferite configura\u021bii pentru a satisface nevoile opera\u021bionale specifice, inclusiv cilindri cu ac\u021biune simpl\u0103 (care func\u021bioneaz\u0103 \u00eentr-o singur\u0103 direc\u021bie) \u0219i cu ac\u021biune dubl\u0103 (care func\u021bioneaz\u0103 \u00een ambele direc\u021bii). Anumite modele sunt dotate cu designuri telescopice pentru o raz\u0103 de ac\u021biune extins\u0103 f\u0103r\u0103 a cre\u0219te dimensiunile exterioare, ideale pentru aplica\u021bii cu spa\u021biu limitat.<\/p>\n<\/li>\n<li>\n<h3>Capacit\u0103\u021bi de produc\u021bie personalizate<\/h3>\n<p>Fabric\u0103m acest produs pentru a \u00eenlocui perfect cilindrii hidraulici existen\u021bi, asigur\u00e2nd compatibilitate \u0219i performan\u021b\u0103. Procesul nostru de produc\u021bie respect\u0103 cele mai \u00eenalte standarde pentru a satisface diverse cerin\u021be ale clien\u021bilor.<\/p>\n<\/li>\n<li>\n<h3>Asigurarea Calit\u0103\u021bii Cuprinz\u0103toare<\/h3>\n<p>To\u021bi cilindrii no\u0219tri hidraulici sunt supu\u0219i unor teste riguroase \u0219i unor verific\u0103ri ale calit\u0103\u021bii pentru a ne asigura c\u0103 respect\u0103 standardele industriei. Acest angajament fa\u021b\u0103 de calitate le garanteaz\u0103 clien\u021bilor no\u0219tri performan\u021ba \u0219i longevitatea cilindrului bra\u021bului.<\/p>\n<\/li>\n<\/ul>\n<p><img decoding=\"async\" src=\"https:\/\/www.hydraulic-cylinders.net\/wp-content\/uploads\/2025\/04\/songte-cylinder-head-with-all-kinds-excavator-models.webp\" alt=\"Imaginea chiulasei\" \/><\/p>\n<h2>Aplica\u021bii ale cilindrului bra\u021bului<\/h2>\n<ul>\n<li>\n<h3>Echipamente de construc\u021bii<\/h3>\n<p>\u00cen excavatoare, cilindrul bra\u021bului joac\u0103 un rol crucial \u00een s\u0103parea, \u00eenc\u0103rcarea \u0219i mutarea p\u0103m\u00e2ntului sau a resturilor. Capacitatea sa de a facilita mi\u0219c\u0103rile precise ale cupei spore\u0219te eficien\u021ba opera\u021bional\u0103, permi\u021b\u00e2nd gestionarea eficient\u0103 a materialelor pe \u0219antiere.<\/p>\n<\/li>\n<li>\n<h3>Ma\u0219ini agricole<\/h3>\n<p>La \u00eenc\u0103rc\u0103toarele frontale, cilindrul bra\u021bului este esen\u021bial pentru scobere, ridicare \u0219i transportul solului, f\u00e2nului \u0219i altor materiale. Performan\u021ba sa fiabil\u0103 \u00een aplica\u021bii agricole maximizeaz\u0103 productivitatea, reduc\u00e2nd \u00een acela\u0219i timp efortul asupra operatorului.<\/p>\n<\/li>\n<li>\n<h3>Excavatoare<\/h3>\n<p>Cilindrul bra\u021bului permite cupei s\u0103 p\u0103trund\u0103 eficient \u00een sol, facilit\u00e2nd o excavare eficient\u0103. Aceast\u0103 capacitate este crucial\u0103 pentru construc\u021bii, amenaj\u0103ri peisagistice \u0219i diverse sarcini de terasament.<\/p>\n<\/li>\n<li>\n<h3>\u00cenc\u0103rc\u0103toare<\/h3>\n<p>\u00cen cazul \u00eenc\u0103rc\u0103toarelor frontale, acestea ajut\u0103 la ridicarea \u0219i desc\u0103rcarea eficient\u0103 a \u00eenc\u0103rc\u0103turilor. Designul cilindrului bra\u021bului permite o \u00een\u0103l\u021bime maxim\u0103 de ridicare \u0219i unghiuri optime de desc\u0103rcare, esen\u021biale pentru manipularea eficient\u0103 a materialelor.<\/p>\n<\/li>\n<\/ul>\n<h2>Considera\u021bii de proiectare \u0219i criterii de selec\u021bie<\/h2>\n<ul>\n<li>\n<h3>Capacitate de \u00eenc\u0103rcare<\/h3>\n<p>Capacitatea de \u00eenc\u0103rcare a cilindrului bra\u021bului este un aspect vital al designului s\u0103u. Aceasta trebuie evaluat\u0103 pentru a se asigura c\u0103 \u00eendepline\u0219te cerin\u021bele opera\u021bionale ale utilajelor cu care este utilizat. Inginerii iau \u00een considerare greutatea maxim\u0103 pe care cilindrul va trebui s\u0103 o ridice \u0219i se asigur\u0103 c\u0103 materialele utilizate pot suporta \u00een siguran\u021b\u0103 aceast\u0103 greutate, prevenind defec\u021biunile \u00een timpul func\u021bion\u0103rii. Calculele corecte din faza de proiectare ajut\u0103 la selectarea dimensiunilor \u0219i materialelor adecvate pentru cilindru, pentru a spori siguran\u021ba \u0219i func\u021bionalitatea.<\/p>\n<\/li>\n<li>\n<h3>Integritatea etan\u0219\u0103rii<\/h3>\n<p>Etan\u0219area este crucial\u0103 \u00een cilindrii hidraulici pentru a preveni scurgerile de fluid \u0219i a men\u021bine presiunea. Alegerea garniturilor \u0219i instalarea acestora trebuie s\u0103 asigure performan\u021ba \u0219i fiabilitatea pe termen lung. Garniturile de \u00eenalt\u0103 calitate, fabricate din materiale precum poliuretanul \u0219i cauciucul nitrilic, sporesc durabilitatea cilindrului. Designul trebuie s\u0103 asigure, de asemenea, acces facil pentru \u00eenlocuirea garniturilor \u00een timpul \u00eentre\u021binerii, pentru a minimiza timpii de nefunc\u021bionare \u0219i \u00eentreruperile opera\u021bionale.<\/p>\n<\/li>\n<li>\n<h3>Durabilitate<\/h3>\n<p>Durabilitatea cilindrului bra\u021bului este esen\u021bial\u0103, \u00een special \u00een condi\u021bii dure de operare. Selec\u021bia materialelor joac\u0103 un rol semnificativ \u00een atingerea longevit\u0103\u021bii, o\u021belul sau aluminiul de \u00eenalt\u0103 rezisten\u021b\u0103 fiind preferate pentru rezisten\u021ba lor la uzur\u0103. Procesele de fabrica\u021bie ar trebui s\u0103 includ\u0103 tratamente care s\u0103 sporeasc\u0103 duritatea suprafe\u021bei \u0219i rezisten\u021ba la coroziune, permi\u021b\u00e2nd cilindrului s\u0103 reziste la condi\u021bii extreme f\u0103r\u0103 degradare.<\/p>\n<\/li>\n<li>\n<h3>Caracteristici de siguran\u021b\u0103<\/h3>\n<p>Siguran\u021ba este primordial\u0103 \u00een sistemele hidraulice. Designul cilindrului bra\u021bului ar trebui s\u0103 includ\u0103 caracteristici precum supape de suprapresiune \u0219i blocaje de siguran\u021b\u0103 pentru a preveni mi\u0219c\u0103rile necontrolate. Audituri de siguran\u021b\u0103 regulate ar trebui efectuate pentru a se asigura c\u0103 aceste caracteristici func\u021bioneaz\u0103 corect \u0219i respect\u0103 standardele de reglementare. Operatorii ar trebui s\u0103 fie instrui\u021bi pentru a \u00een\u021belege aceste caracteristici de siguran\u021b\u0103, asigur\u00e2nd func\u021bionarea \u00een siguran\u021b\u0103 \u0219i reduc\u00e2nd la minimum riscul de accidente.<\/p>\n<\/li>\n<li>\n<h3>Accesibilitate pentru \u00eentre\u021binere<\/h3>\n<p>Proiectarea cilindrului bra\u021bului av\u00e2nd \u00een vedere \u00eentre\u021binerea \u00eembun\u0103t\u0103\u021be\u0219te durata de via\u021b\u0103 \u0219i func\u021bionalitatea acestuia. Caracteristici precum accesul facil la punctele de lubrifiere, garniturile deta\u0219abile \u0219i etichetele clare pentru identificarea componentelor cheie pot face ca lucr\u0103rile de \u00eentre\u021binere s\u0103 fie mai rapide \u0219i mai eficiente. \u00cen plus, ar trebui furnizat un manual de \u00eentre\u021binere detaliat pentru a ghida operatorii \u00een efectuarea eficient\u0103 a sarcinilor de \u00eentre\u021binere necesare.<\/p>\n<\/li>\n<\/ul>\n<p><img decoding=\"async\" src=\"https:\/\/www.hydraulic-cylinders.net\/wp-content\/uploads\/2025\/04\/songte-oil-pipes-and-spare-parts.webp\" alt=\"Imagine cu \u021bevi de petrol \u0219i piese de schimb\" \/><\/p>\n<h2>Etan\u0219area \u0219i lubrifierea cilindrului<\/h2>\n<p>Etan\u0219area \u0219i lubrifierea eficiente sunt esen\u021biale pentru performan\u021ba optim\u0103 a cilindrilor hidraulici. Diverse elemente de etan\u0219are, cum ar fi etan\u0219\u0103rile pistonului \u0219i etan\u0219\u0103rile tijei, sunt utilizate pentru a preveni scurgerile de fluid hidraulic. Garniturile fabricate din materiale durabile, cum ar fi poliuretanul \u0219i cauciucul nitrilic, sunt preferate datorit\u0103 rezisten\u021bei lor la uzur\u0103 \u0219i la factorii de mediu. Corpul cilindrului \u0219i suprafe\u021bele filetate ale cap\u0103tului sunt supuse unor prelucr\u0103ri de precizie pentru a spori rezisten\u021ba la uzur\u0103, asigur\u00e2nd men\u021binerea unei etan\u0219\u0103ri str\u00e2nse \u00een timpul func\u021bion\u0103rii. Lubrifierea regulat\u0103 cu uleiul hidraulic adecvat este esen\u021bial\u0103 pentru a reduce frecarea dintre piesele \u00een mi\u0219care, a promova o func\u021bionare lin\u0103 \u0219i a preveni uzura prematur\u0103. Operatorii trebuie s\u0103 respecte un program de lubrifiere pentru a asigura niveluri adecvate de ulei \u0219i a men\u021bine performan\u021be optime.<\/p>\n<h2>Inspec\u021bie regulat\u0103 \u0219i m\u0103suri de \u00eentre\u021binere preventiv\u0103<\/h2>\n<ul>\n<li>\n<h3>Inspec\u021bii regulate<\/h3>\n<p>Efectuarea inspec\u021biilor regulate ale cilindrului bra\u021bului ajut\u0103 la identificarea problemelor \u00eenainte ca acestea s\u0103 se transforme \u00een probleme semnificative. Operatorii ar trebui s\u0103 verifice dac\u0103 exist\u0103 semne de scurgeri, uzur\u0103 \u0219i deteriorare a garniturilor \u0219i a corpului cilindrului. Monitorizarea regulat\u0103 a indicatorilor de performan\u021b\u0103 poate indica, de asemenea, c\u00e2nd este necesar\u0103 \u00eentre\u021binerea, asigur\u00e2ndu-se c\u0103 cilindrul func\u021bioneaz\u0103 \u00een parametrii preconiza\u021bi.<\/p>\n<\/li>\n<li>\n<h3>Lubrifiere adecvat\u0103<\/h3>\n<p>Asigurarea unei lubrifieri adecvate a cilindrului este esen\u021bial\u0103 pentru o func\u021bionare f\u0103r\u0103 probleme. Operatorii trebuie s\u0103 respecte instruc\u021biunile produc\u0103torului privind frecven\u021ba lubrifierii \u0219i tipul de ulei hidraulic care trebuie utilizat. Lubrifierea adecvat\u0103 minimizeaz\u0103 frecarea, reduce generarea de c\u0103ldur\u0103 \u0219i prelunge\u0219te durata de via\u021b\u0103 a componentelor cilindrului.<\/p>\n<\/li>\n<li>\n<h3>\u00cenlocuirea garniturii \u0219i verific\u0103ri ale calibr\u0103rii<\/h3>\n<p>\u00cenlocuirea regulat\u0103 a garniturilor \u00een func\u021bie de uzura acestora este crucial\u0103 pentru men\u021binerea integrit\u0103\u021bii sistemului hidraulic. Operatorii trebuie instrui\u021bi s\u0103 identifice momentul \u00een care garniturile trebuie \u00eenlocuite \u0219i s\u0103 urmeze procedurile adecvate de instalare. Verific\u0103rile de calibrare asigur\u0103 func\u021bionarea cilindrului conform a\u0219tept\u0103rilor, ajut\u00e2nd la evitarea problemelor de nealiniere care ar putea duce la ineficien\u021be opera\u021bionale.<\/p>\n<\/li>\n<\/ul>\n<p><img decoding=\"async\" src=\"https:\/\/www.hydraulic-cylinders.net\/wp-content\/uploads\/2025\/04\/songte-chushion-collar.webp\" alt=\"Imagine cu guler de pern\u0103\" \/><\/p>\n<h2>Considera\u021bii de siguran\u021b\u0103 \u0219i factori de mediu<\/h2>\n<p>Atunci c\u00e2nd se utilizeaz\u0103 cilindri hidraulici, m\u0103surile de siguran\u021b\u0103 sunt de o importan\u021b\u0103 capital\u0103. Operatorii trebuie s\u0103 fie instrui\u021bi pentru a \u00een\u021belege riscurile poten\u021biale asociate cu sistemele hidraulice, cum ar fi defectarea brusc\u0103 a cilindrilor sau scurgerile de fluid hidraulic. Implementarea protocoalelor de siguran\u021b\u0103, cum ar fi utilizarea echipamentului individual de protec\u021bie (EIP) \u0219i asigurarea unei instruiri adecvate, ajut\u0103 la atenuarea riscurilor. De asemenea, ar trebui luate \u00een considerare aspectele legate de mediu, asigur\u00e2ndu-se c\u0103 fluidele hidraulice utilizate sunt ecologice \u0219i c\u0103 orice scurgeri sau scurgeri sunt re\u021binute \u0219i cur\u0103\u021bate prompt pentru a preveni contaminarea.<\/p>\n<h2>Depanare \u0219i probleme frecvente<\/h2>\n<ul>\n<li>\n<h3>Scurgeri<\/h3>\n<p>Scurgerile hidraulice sunt printre cele mai frecvente probleme \u00eent\u00e2lnite la cilindrii bra\u021bului. Acestea pot ap\u0103rea din cauza uzurii garniturilor de etan\u0219are sau a deterior\u0103rii corpului cilindrului. Trebuie efectuate verific\u0103ri regulate de \u00eentre\u021binere pentru a identifica scurgerile \u0219i trebuie luate m\u0103suri imediate pentru repararea sau \u00eenlocuirea garniturilor, dup\u0103 cum este necesar.<\/p>\n<\/li>\n<li>\n<h3>Func\u021bionare lent\u0103<\/h3>\n<p>Dac\u0103 cilindrul bra\u021bului func\u021bioneaz\u0103 lent, acest lucru poate indica niveluri sc\u0103zute de lichid hidraulic sau o conduct\u0103 blocat\u0103. Operatorii trebuie s\u0103 verifice nivelurile de lichid \u0219i conductele pentru a depista obstruc\u021bii. Asigurarea c\u0103 sistemul nu con\u021bine bule de aer \u0219i materiale str\u0103ine este esen\u021bial\u0103 pentru men\u021binerea unei func\u021bion\u0103ri line.<\/p>\n<\/li>\n<li>\n<h3>Zgomote neobi\u0219nuite<\/h3>\n<p>Zgomotele neobi\u0219nuite \u00een timpul func\u021bion\u0103rii pot indica probleme interne, cum ar fi cavita\u021bia sau defec\u021biunile mecanice. Operatorii trebuie s\u0103 opreasc\u0103 func\u021bionarea \u0219i s\u0103 efectueze o inspec\u021bie am\u0103nun\u021bit\u0103 pentru a identifica sursa zgomotului \u0219i a efectua imediat orice repara\u021bii necesare.<\/p>\n<\/li>\n<\/ul>\n<h2>Sfaturi pentru depanare eficient\u0103<\/h2>\n<p>Pentru a diagnostica \u0219i rezolva eficient problemele legate de cilindrii hidraulici, operatorii ar trebui s\u0103 urmeze o abordare sistematic\u0103. \u00cencepe\u021bi prin a revizui condi\u021biile de func\u021bionare \u0219i a le compara cu recomand\u0103rile produc\u0103torului. Inspecta\u021bi toate componentele pentru a depista semne de uzur\u0103, deteriorare sau nealiniere. Remedia\u021bi prompt problemele minore pentru a preveni escaladarea lor \u0219i men\u021bine\u021bi un jurnal al repara\u021biilor \u0219i inspec\u021biilor pentru a urm\u0103ri modelele \u00een timp. \u00cen plus, instruirea regulat\u0103 a operatorilor privind tehnicile de depanare poate \u00eembun\u0103t\u0103\u021bi semnificativ eficien\u021ba procesului de \u00eentre\u021binere.<\/p>\n<p><img decoding=\"async\" src=\"https:\/\/www.hydraulic-cylinders.net\/wp-content\/uploads\/2025\/04\/songte-bushings-with-all-kinds-of-excavator-models.webp\" alt=\"Imagine buc\u0219e\" \/><\/p>\n<h2>Despre compania noastr\u0103<\/h2>\n<p>Suntem un produc\u0103tor important de cilindri hidraulici de schimb, oferind o gam\u0103 complet\u0103 de produse care deservesc at\u00e2t pie\u021bele interne, c\u00e2t \u0219i cele interna\u021bionale. Angajamentul nostru fa\u021b\u0103 de excelen\u021b\u0103 este subliniat de concentrarea noastr\u0103 pe procese de fabrica\u021bie fine \u0219i strategii stricte de management al produc\u021biei. Prin valorificarea unor profesioni\u0219ti califica\u021bi, a unor echipamente digitale avansate de fabrica\u021bie \u0219i a unor sisteme robuste de testare, ne \u00eembun\u0103t\u0103\u021bim continuu capacit\u0103\u021bile de produc\u021bie. Aceast\u0103 dedicare fa\u021b\u0103 de precizie \u0219i calitate asigur\u0103 satisfacerea diverselor nevoi ale clien\u021bilor cu o eficien\u021b\u0103, acurate\u021be \u0219i calitate ridicate.<\/p>\n<ul>\n<li>\n<h3>Expertiz\u0103 profesional\u0103<\/h3>\n<p>Echipa noastr\u0103 este format\u0103 din profesioni\u0219ti cu \u00eenalt\u0103 calificare, care aduc cuno\u0219tin\u021be \u0219i experien\u021b\u0103 vaste \u00een procesul de fabrica\u021bie. Expertiza lor garanteaz\u0103 c\u0103 toate produsele \u00eendeplinesc sau chiar dep\u0103\u0219esc standardele industriei.<\/p>\n<\/li>\n<li>\n<h3>Certific\u0103ri interna\u021bionale<\/h3>\n<p>Respect\u0103m standardele interna\u021bionale de calitate, asigur\u00e2ndu-ne c\u0103 produsele noastre sunt certificate pentru pie\u021bele globale. Acest angajament spore\u0219te credibilitatea noastr\u0103 \u0219i \u00eencrederea clien\u021bilor.<\/p>\n<\/li>\n<li>\n<h3>Servicii personalizate<\/h3>\n<p>Oferim solu\u021bii personalizate pentru a satisface nevoile specifice ale clien\u021bilor no\u0219tri, oferind flexibilitate \u0219i produse adaptate care sporesc eficien\u021ba opera\u021bional\u0103.<\/p>\n<\/li>\n<li>\n<h3>Echipamente de produc\u021bie de ultim\u0103 genera\u021bie<\/h3>\n<p>Facilit\u0103\u021bile noastre de produc\u021bie sunt dotate cu cea mai recent\u0103 tehnologie, ceea ce ne permite s\u0103 producem cilindri hidraulici de \u00eenalt\u0103 calitate, cu precizie \u0219i eficien\u021b\u0103.<\/p>\n<\/li>\n<li>\n<h3>Asisten\u021b\u0103 complet\u0103 post-v\u00e2nzare<\/h3>\n<p>Credem \u00een oferirea de asisten\u021b\u0103 continu\u0103 clien\u021bilor no\u0219tri, oferind servicii post-v\u00e2nzare care asigur\u0103 longevitatea \u0219i fiabilitatea produselor noastre.<\/p>\n<\/li>\n<\/ul>\n<p><img decoding=\"async\" src=\"https:\/\/www.hydraulic-cylinders.net\/wp-content\/uploads\/2025\/04\/songte-company-4.webp\" alt=\"Imaginea companiei 1\" \/><br \/>\n<img decoding=\"async\" src=\"https:\/\/www.hydraulic-cylinders.net\/wp-content\/uploads\/2025\/04\/songte-company-3.webp\" alt=\"Imaginea companiei 2\" \/><\/p>\n<p>Autor lyl<\/p>","protected":false},"excerpt":{"rendered":"<p>Boom Cylinder For Tiangong ZG3255LC-9C Product Overview The Boom Cylinder for Tiangong ZG3255LC-9C is an essential hydraulic component specifically designed to control the motion of buckets in various heavy machinery, such as excavators, backhoes, and front loaders. This hydraulic cylinder allows for the lifting, lowering, and tilting of the bucket, making it a vital tool [&hellip;]<\/p>","protected":false},"featured_media":17874,"comment_status":"open","ping_status":"closed","template":"","meta":{"_et_pb_use_builder":"","_et_pb_old_content":"","_et_gb_content_width":""},"product_brand":[],"product_cat":[1546],"product_tag":[1547,1496],"class_list":{"0":"post-19686","1":"product","2":"type-product","3":"status-publish","4":"has-post-thumbnail","6":"product_cat-boom-cylinders","7":"product_tag-boom-cylinders","8":"product_tag-hydraulic-cylinders","10":"first","11":"instock","12":"shipping-taxable","13":"product-type-simple"},"amp_enabled":true,"_links":{"self":[{"href":"https:\/\/www.hydraulic-cylinders.net\/ro\/wp-json\/wp\/v2\/product\/19686","targetHints":{"allow":["GET"]}}],"collection":[{"href":"https:\/\/www.hydraulic-cylinders.net\/ro\/wp-json\/wp\/v2\/product"}],"about":[{"href":"https:\/\/www.hydraulic-cylinders.net\/ro\/wp-json\/wp\/v2\/types\/product"}],"replies":[{"embeddable":true,"href":"https:\/\/www.hydraulic-cylinders.net\/ro\/wp-json\/wp\/v2\/comments?post=19686"}],"wp:featuredmedia":[{"embeddable":true,"href":"https:\/\/www.hydraulic-cylinders.net\/ro\/wp-json\/wp\/v2\/media\/17874"}],"wp:attachment":[{"href":"https:\/\/www.hydraulic-cylinders.net\/ro\/wp-json\/wp\/v2\/media?parent=19686"}],"wp:term":[{"taxonomy":"product_brand","embeddable":true,"href":"https:\/\/www.hydraulic-cylinders.net\/ro\/wp-json\/wp\/v2\/product_brand?post=19686"},{"taxonomy":"product_cat","embeddable":true,"href":"https:\/\/www.hydraulic-cylinders.net\/ro\/wp-json\/wp\/v2\/product_cat?post=19686"},{"taxonomy":"product_tag","embeddable":true,"href":"https:\/\/www.hydraulic-cylinders.net\/ro\/wp-json\/wp\/v2\/product_tag?post=19686"}],"curies":[{"name":"wp","href":"https:\/\/api.w.org\/{rel}","templated":true}]}}