{"id":19688,"date":"2025-04-07T07:01:54","date_gmt":"2025-04-07T07:01:54","guid":{"rendered":"https:\/\/www.hydraulic-cylinders.net\/product\/boom-cylinder-for-tiangong-zg3255lc-9\/"},"modified":"2025-04-07T07:01:59","modified_gmt":"2025-04-07T07:01:59","slug":"boom-cylinder-for-tiangong-zg3255lc-9","status":"publish","type":"product","link":"https:\/\/www.hydraulic-cylinders.net\/ro\/produs\/boom-cylinder-for-tiangong-zg3255lc-9\/","title":{"rendered":"Cilindru de bra\u021b pentru Tiangong ZG3255LC-9"},"content":{"rendered":"<h1>Cilindru de bra\u021b pentru Tiangong ZG3255LC-9<\/h1>\n<h2>\u00cen\u021belegerea cilindrului bra\u021bului<\/h2>\n<p>Cilindrul bra\u021bului este un cilindru hidraulic specializat, conceput pentru a controla mi\u0219carea cupei \u00een diverse utilaje grele, cum ar fi excavatoarele, \u00eenc\u0103rc\u0103toarele excavatoare \u0219i \u00eenc\u0103rc\u0103toarele frontale. Func\u021bia sa principal\u0103 este de a permite ridicarea, cobor\u00e2rea \u0219i \u00eenclinarea cupei, ceea ce faciliteaz\u0103 sarcinile eficiente de manipulare a materialelor. Func\u021bionarea cilindrilor bra\u021bului este crucial\u0103 \u00een sistemele hidraulice, deoarece ofer\u0103 precizia \u0219i puterea necesare pentru opera\u021biunile grele de ridicare \u0219i s\u0103pare.<\/p>\n<p><img decoding=\"async\" src=\"https:\/\/www.hydraulic-cylinders.net\/wp-content\/uploads\/2025\/04\/songte-company-1.webp\" alt=\"Cilindru de bra\u021b\"><\/p>\n<h2>Caracteristici cheie ale cilindrului bra\u021bului<\/h2>\n<ul>\n<li><strong>Rezisten\u021b\u0103 \u0219i durabilitate ridicate:<\/strong> De obicei, construi\u021bi din o\u021bel sau aluminiu de \u00eenalt\u0103 rezisten\u021b\u0103, cilindrii bra\u021bului pot rezista la presiuni ridicate \u0219i sarcini grele, ceea ce \u00eei face ideali pentru medii de lucru dure. Designul lor \u00eencorporeaz\u0103 rezisten\u021b\u0103 la uzur\u0103 \u0219i protec\u021bie \u00eempotriva coroziunii, prelungindu-le durata de via\u021b\u0103.<\/li>\n<li><strong>Func\u021bionare hidraulic\u0103 eficient\u0103:<\/strong> Cilindrul func\u021bioneaz\u0103 folosind presiunea uleiului hidraulic, permi\u021b\u00e2nd o extensie \u0219i o retragere lin\u0103. Acesta r\u0103spunde rapid la comenzile de control, oferind o for\u021b\u0103 puternic\u0103 de \u00eempingere \u0219i tragere, potrivit\u0103 pentru manipularea obiectelor grele \u0219i a sarcinilor complexe.<\/li>\n<li><strong>Varietate de tipuri:<\/strong> Cilindrii bra\u021bului pot fi ale\u0219i ca fiind cu ac\u021biune simpl\u0103 (folosind presiunea hidraulic\u0103 \u00eentr-o singur\u0103 direc\u021bie) sau cu ac\u021biune dubl\u0103 (folosind presiunea hidraulic\u0103 \u00een ambele direc\u021bii), r\u0103spunz\u00e2nd diferitelor nevoi opera\u021bionale. Unele modele sunt telescopice, permi\u021b\u00e2nd o extensie mai mare f\u0103r\u0103 a cre\u0219te dimensiunile exterioare, potrivite pentru aplica\u021bii cu spa\u021biu limitat.<\/li>\n<li><strong>Designuri personalizabile:<\/strong> Putem fabrica acest produs, oferind \u00eenlocuiri perfecte pentru cilindrii hidraulici utiliza\u021bi \u00een diverse utilaje.<\/li>\n<li><strong>Tehnologie avansat\u0103:<\/strong> Procesul nostru de produc\u021bie integreaz\u0103 tehnologie de ultim\u0103 genera\u021bie, asigur\u00e2nd rezultate de \u00eenalt\u0103 calitate care respect\u0103 standardele industriei.<\/li>\n<\/ul>\n<p><img decoding=\"async\" src=\"https:\/\/www.hydraulic-cylinders.net\/wp-content\/uploads\/2025\/04\/songte-cylinder-head-with-all-kinds-excavator-models.webp\" alt=\"Modele de excavatoare\"><\/p>\n<h2>Aplica\u021bii ale cilindrului bra\u021bului<\/h2>\n<h3>Echipamente de construc\u021bii<\/h3>\n<p>\u00cen excavatoare, cilindrii bra\u021bului sunt cruciali pentru s\u0103pare, \u00eenc\u0103rcare \u0219i mutarea p\u0103m\u00e2ntului sau a resturilor. Capacitatea lor de a ridica \u0219i cobor\u00ee cupa \u00eembun\u0103t\u0103\u021be\u0219te func\u021bionalitatea excavatorului, permi\u021b\u00e2nd o func\u021bionare eficient\u0103 \u00een diverse sarcini de construc\u021bie. \u00cen cazul \u00eenc\u0103rc\u0103toarelor basculante, ace\u0219ti cilindri ajut\u0103 at\u00e2t la s\u0103pare, c\u00e2t \u0219i la ridicare, ceea ce \u00eei face indispensabili \u00een proiectele de terasament.<\/p>\n<h3>Ma\u0219ini agricole<\/h3>\n<p>\u00cen \u00eenc\u0103rc\u0103toarele frontale, cilindrii bra\u021bului sunt esen\u021biali pentru \u00eenc\u0103rcarea, ridicarea \u0219i transportul solului, f\u00e2nului \u0219i altor materiale. Ace\u0219tia permit o manipulare rapid\u0103 \u0219i eficient\u0103 a sarcinilor agricole, \u00eembun\u0103t\u0103\u021bind productivitatea \u00een ferme \u0219i \u00een opera\u021biunile agricole.<\/p>\n<h3>Excavatoare<\/h3>\n<p>La excavatoare, cilindrul bra\u021bului permite cupei s\u0103 p\u0103trund\u0103 \u00een sol, facilit\u00e2nd ac\u021biunile de s\u0103pare. Aceast\u0103 capacitate este vital\u0103 pentru s\u0103parea de \u0219an\u021buri, lucr\u0103rile de funda\u021bie \u0219i preg\u0103tirea \u0219antierului, asigur\u00e2nd finalizarea eficient\u0103 \u0219i efectiv\u0103 a sarcinilor.<\/p>\n<h3>\u00cenc\u0103rc\u0103toare<\/h3>\n<p>\u00cen cazul \u00eenc\u0103rc\u0103toarelor frontale, cilindrii bra\u021bului sunt responsabili pentru ridicarea \u0219i desc\u0103rcarea eficient\u0103 a materialelor. Func\u021bionarea lor puternic\u0103 permite transferul rapid al sarcinilor grele, optimiz\u00e2nd performan\u021ba general\u0103 \u00een aplica\u021biile de construc\u021bii \u0219i manipulare a materialelor.<\/p>\n<h2>Considera\u021bii de proiectare \u0219i criterii de selec\u021bie<\/h2>\n<h3>Capacitate de \u00eenc\u0103rcare<\/h3>\n<p>Atunci c\u00e2nd se selecteaz\u0103 un cilindru pentru bra\u021b, capacitatea de \u00eenc\u0103rcare trebuie luat\u0103 \u00een considerare cu aten\u021bie. Acest parametru determin\u0103 c\u00e2t\u0103 greutate poate suporta cilindrul f\u0103r\u0103 defec\u021biuni. O capacitate de \u00eenc\u0103rcare mai mare \u00eenseamn\u0103 c\u0103 cilindrul poate efectua eficient sarcini mai grele, dar acest lucru vine adesea cu pre\u021bul unei dimensiuni \u0219i greut\u0103\u021bi crescute. Prin urmare, este esen\u021bial s\u0103 se echilibreze capacitatea cu designul general al utilajului \u0219i cerin\u021bele opera\u021bionale.<\/p>\n<h3>Etan\u0219are \u0219i durabilitate<\/h3>\n<p>Etan\u0219area este crucial\u0103 \u00een cilindrii hidraulici pentru a preveni scurgerile \u0219i a asigura o func\u021bionare eficient\u0103. Garniturile de \u00eenalt\u0103 calitate trebuie alese \u00een func\u021bie de tipul de fluid utilizat \u0219i de mediul de operare. Etan\u0219area adecvat\u0103 men\u021bine presiunea hidraulic\u0103 \u0219i asigur\u0103 longevitatea cilindrului. \u00cen plus, materialele utilizate trebuie selectate pentru capacitatea lor de a rezista la uzur\u0103, coroziune \u0219i presiuni ridicate, deoarece ace\u0219ti factori au un impact semnificativ asupra durabilit\u0103\u021bii cilindrului.<\/p>\n<h3>Caracteristici de siguran\u021b\u0103<\/h3>\n<p>Siguran\u021ba este primordial\u0103 \u00een sistemele hidraulice. Cilindrii bra\u021bului ar trebui s\u0103 includ\u0103 caracteristici de siguran\u021b\u0103, cum ar fi supape de suprapresiune \u0219i blocaje de siguran\u021b\u0103, pentru a preveni accidentele \u00een timpul func\u021bion\u0103rii. Implementarea acestor m\u0103suri de siguran\u021b\u0103 minimizeaz\u0103 riscurile asociate cu defec\u021biunile hidraulice, asigur\u00e2nd siguran\u021ba at\u00e2t a operatorului, c\u00e2t \u0219i a echipamentului \u00een medii dificile.<\/p>\n<p><img decoding=\"async\" src=\"https:\/\/www.hydraulic-cylinders.net\/wp-content\/uploads\/2025\/04\/songte-oil-pipes-and-spare-parts.webp\" alt=\"Conducte de petrol \u0219i piese de schimb\"><\/p>\n<h2>Etan\u0219are \u0219i lubrifiere<\/h2>\n<p>Etan\u0219area \u0219i lubrifierea corespunz\u0103toare sunt vitale pentru func\u021bionarea eficient\u0103 a cilindrilor bra\u021bului. Diverse componente de etan\u0219are, cum ar fi etan\u0219\u0103rile pistonului \u0219i etan\u0219\u0103rile tijei, sunt utilizate pentru a asigura o \u00eenchidere etan\u0219\u0103. Materiale durabile precum poliuretanul \u0219i cauciucul nitrilic sunt utilizate \u00een mod obi\u0219nuit pentru aceste etan\u0219\u0103ri datorit\u0103 rezisten\u021bei lor excelente la uzur\u0103. \u00cen plus, suprafe\u021bele cilindrului hidraulic \u0219i ale cap\u0103tului filetat sunt supuse unor prelucr\u0103ri fine pentru a spori rezisten\u021ba la uzur\u0103. Lubrifierea regulat\u0103 cu ulei hidraulic este esen\u021bial\u0103 pentru a asigura o func\u021bionare lin\u0103 \u0219i a preveni uzura.<\/p>\n<h2>M\u0103suri de \u00eentre\u021binere preventiv\u0103<\/h2>\n<ul>\n<li><strong>Inspec\u021bii regulate:<\/strong> Inspecta\u021bi buteliile pentru orice semne de uzur\u0103, scurgeri sau deterior\u0103ri. Depistarea timpurie a poten\u021bialelor probleme poate preveni repara\u021bii costisitoare \u0219i poate prelungi durata de via\u021b\u0103 a buteliei.<\/li>\n<li><strong>Lubrifiere adecvat\u0103:<\/strong> Asigura\u021bi-v\u0103 c\u0103 cilindrul este lubrifiat corespunz\u0103tor cu uleiul hidraulic corespunz\u0103tor. Aceast\u0103 practic\u0103 reduce frecarea \u0219i uzura, contribuind la func\u021bionarea eficient\u0103 a sistemului hidraulic.<\/li>\n<li><strong>\u00cenlocuirea garniturii:<\/strong> Verifica\u021bi periodic garniturile pentru a depista eventualele deterior\u0103ri \u0219i \u00eenlocui\u021bi-le dup\u0103 cum este necesar. Garniturile uzate pot duce la scurgeri de fluid hidraulic, compromi\u021b\u00e2nd performan\u021ba \u0219i siguran\u021ba sistemului.<\/li>\n<\/ul>\n<h2>Instruc\u021biuni de instalare<\/h2>\n<p>Instalarea corect\u0103 a cilindrului bra\u021bului este esen\u021bial\u0103 pentru o performan\u021b\u0103 optim\u0103. La instalare, asigura\u021bi-v\u0103 c\u0103 cilindrul este aliniat corect cu utilajul pentru a preveni solicit\u0103rile excesive asupra componentelor. Este recomandabil s\u0103 utiliza\u021bi suporturi de montare adecvate pentru a fixa ferm cilindrul. Urma\u021bi specifica\u021biile produc\u0103torului pentru set\u0103rile de cuplu recomandate \u0219i procedurile de instalare. Inspecta\u021bi periodic instala\u021bia pentru orice semne de nealiniere sau uzur\u0103 \u0219i efectua\u021bi ajust\u0103rile necesare pentru a men\u021bine o func\u021bionare eficient\u0103.<\/p>\n<h2>Sarcini comune de \u00eentre\u021binere<\/h2>\n<h3>Verific\u0103ri regulate<\/h3>\n<p>Efectua\u021bi verific\u0103ri de rutin\u0103 ale sistemelor hidraulice pentru a v\u0103 asigura c\u0103 totul func\u021bioneaz\u0103 corect. Acestea includ c\u0103utarea scurgerilor, evaluarea performan\u021bei cilindrilor \u0219i confirmarea faptului c\u0103 toate componentele func\u021bioneaz\u0103 conform destina\u021biei. Detectarea timpurie a problemelor, cum ar fi zgomotele neobi\u0219nuite sau eficien\u021ba sc\u0103zut\u0103, poate reduce semnificativ costurile de repara\u021bii.<\/p>\n<h3>Lubrifiere adecvat\u0103<\/h3>\n<p>Lubrifierea este vital\u0103 pentru longevitatea cilindrului hidraulic. Utilizarea tipului corect de ulei hidraulic \u0219i asigurarea faptului c\u0103 acesta este la nivelul recomandat sunt esen\u021biale. Verific\u0103rile \u0219i schimb\u0103rile regulate ale lubrifiantului pot preveni problemele mecanice cauzate de lubrifierea insuficient\u0103, men\u021bin\u00e2nd astfel eficien\u021ba opera\u021bional\u0103.<\/p>\n<h3>\u00cenlocuirea garniturii \u0219i verific\u0103ri ale calibr\u0103rii<\/h3>\n<p>Garniturile sunt predispuse la uzur\u0103 din cauza presiunii ridicate \u0219i a frec\u0103rii la care sunt supuse \u00een timpul func\u021bion\u0103rii. Inspecta\u021bi \u0219i \u00eenlocui\u021bi periodic garniturile pentru a preveni scurgerile. De asemenea, trebuie efectuate verific\u0103ri de calibrare pentru a v\u0103 asigura c\u0103 sistemul hidraulic func\u021bioneaz\u0103 \u00een limitele specificate, \u00eembun\u0103t\u0103\u021bind performan\u021ba \u0219i siguran\u021ba general\u0103.<\/p>\n<p><img decoding=\"async\" src=\"https:\/\/www.hydraulic-cylinders.net\/wp-content\/uploads\/2025\/04\/songte-chushion-collar.webp\" alt=\"Guler de pern\u0103\"><\/p>\n<h2>Considera\u021bii privind siguran\u021ba \u0219i mediul<\/h2>\n<p>Atunci c\u00e2nd se lucreaz\u0103 cu cilindri hidraulici, m\u0103surile de siguran\u021b\u0103 sunt primordiale. Instruirea adecvat\u0103 a operatorilor este esen\u021bial\u0103 pentru a asigura manipularea \u00een siguran\u021b\u0103 a echipamentelor hidromecanice. \u00cen plus, ar trebui adoptate practici ecologice, cum ar fi eliminarea corect\u0103 a fluidelor \u0219i materialelor hidraulice. Con\u0219tientizarea pericolelor poten\u021biale asociate cu sistemele hidraulice va ajuta la men\u021binerea unui mediu de lucru sigur.<\/p>\n<h2>Depanare \u0219i probleme frecvente<\/h2>\n<ul>\n<li><strong>Scurgeri de fluid hidraulic:<\/strong> Verifica\u021bi dac\u0103 exist\u0103 scurgeri vizibile \u00een jurul garniturilor \u0219i conexiunilor. \u00cenlocui\u021bi garniturile deteriorate \u0219i asigura\u021bi-v\u0103 c\u0103 toate fitingurile sunt fixate str\u00e2ns pentru a preveni scurgerea fluidului.<\/li>\n<li><strong>Performan\u021b\u0103 slab\u0103 a cilindrului:<\/strong> Dac\u0103 cilindrul func\u021bioneaz\u0103 lent, verifica\u021bi dac\u0103 exist\u0103 niveluri sc\u0103zute de lichid sau contaminare \u00een fluidul hidraulic. Asigura\u021bi o lubrifiere corespunz\u0103toare \u0219i verifica\u021bi dac\u0103 exist\u0103 aer \u00een sistem.<\/li>\n<li><strong>Zgomote neobi\u0219nuite:<\/strong> Zgomotele pot indica probleme mecanice \u00een sistemul hidraulic. Verifica\u021bi dac\u0103 exist\u0103 componente sl\u0103bite sau deterior\u0103ri interne \u0219i remedia\u021bi-le imediat pentru a evita complica\u021bii ulterioare.<\/li>\n<\/ul>\n<h2>Sfaturi de depanare \u0219i m\u0103suri preventive<\/h2>\n<p>Pentru a diagnostica \u0219i rezolva eficient problemele hidraulice, men\u021bine\u021bi un program regulat de \u00eentre\u021binere pentru a depista din timp poten\u021bialele probleme. Operatorii ar trebui s\u0103 fie instrui\u021bi s\u0103 recunoasc\u0103 semnele de avertizare, cum ar fi sunetele sau performan\u021bele neregulate, pentru a ac\u021biona rapid. Implementarea unei verific\u0103ri de rutin\u0103 a nivelurilor de fluid hidraulic \u0219i a st\u0103rii garniturilor poate reduce semnificativ probabilitatea unor defec\u021biuni majore.<\/p>\n<p><img decoding=\"async\" src=\"https:\/\/www.hydraulic-cylinders.net\/wp-content\/uploads\/2025\/04\/songte-bushings-with-all-kinds-of-excavator-models.webp\" alt=\"Buc\u0219e cu modele de excavatoare\"><\/p>\n<h2>Prezentare general\u0103 a companiei<\/h2>\n<p>Suntem un produc\u0103tor important de cilindri hidraulici de schimb, cu o gam\u0103 complet\u0103 de produse care ne pozi\u021bioneaz\u0103 ca unul dintre cei mai importan\u021bi produc\u0103tori \u0219i angrosi\u0219ti \u200b\u200bat\u00e2t pe pie\u021bele interne, c\u00e2t \u0219i interna\u021bionale. Respect\u0103m standarde stricte de calitate \u0219i folosim o strategie de fabrica\u021bie rafinat\u0103 pentru a ne \u00eembun\u0103t\u0103\u021bi capacit\u0103\u021bile de produc\u021bie. Expertiza noastr\u0103 tehnologic\u0103, echipamentele avansate de fabrica\u021bie \u0219i sistemele profesionale de testare ne permit s\u0103 ne \u00eembun\u0103t\u0103\u021bim continuu platforma de produc\u021bie \u0219i s\u0103 asigur\u0103m produse de cea mai \u00eenalt\u0103 calitate. Ne m\u00e2ndrim cu capacitatea noastr\u0103 de a satisface nevoile diverse ale clien\u021bilor cu eficien\u021b\u0103, precizie \u0219i excelen\u021b\u0103.<\/p>\n<p><img decoding=\"async\" src=\"https:\/\/www.hydraulic-cylinders.net\/wp-content\/uploads\/2025\/04\/songte-company-4.webp\" alt=\"Prezentare general\u0103 a companiei\"><br \/>\n<img decoding=\"async\" src=\"https:\/\/www.hydraulic-cylinders.net\/wp-content\/uploads\/2025\/04\/songte-company-3.webp\" alt=\"Companie de produc\u021bie\"><\/p>\n<p>Pe l\u00e2ng\u0103 profesionalismul \u0219i certific\u0103rile interna\u021bionale, oferim servicii personalizate pentru a satisface cerin\u021bele specifice ale clien\u021bilor. Facilit\u0103\u021bile noastre de produc\u021bie sunt dotate cu utilaje de ultim\u0103 genera\u021bie, permi\u021b\u00e2nd fabricarea eficient\u0103 a unor produse de \u00eenalt\u0103 calitate. \u00cen plus, ne angaj\u0103m s\u0103 oferim servicii post-v\u00e2nzare excep\u021bionale pentru a sprijini clien\u021bii no\u0219tri mult timp dup\u0103 finalizarea v\u00e2nz\u0103rii.<\/p>\n<p>Autor: lyl<\/p>","protected":false},"excerpt":{"rendered":"<p>Boom Cylinder For Tiangong ZG3255LC-9 Understanding the Boom Cylinder The Boom Cylinder is a specialized hydraulic cylinder designed to control the movement of the bucket in various heavy machinery, such as excavators, backhoe loaders, and front-end loaders. Its primary function is to enable the bucket to lift, lower, and tilt, which facilitates effective material handling [&hellip;]<\/p>","protected":false},"featured_media":17876,"comment_status":"open","ping_status":"closed","template":"","meta":{"_et_pb_use_builder":"","_et_pb_old_content":"","_et_gb_content_width":""},"product_brand":[],"product_cat":[1546],"product_tag":[1547,1496],"class_list":{"0":"post-19688","1":"product","2":"type-product","3":"status-publish","4":"has-post-thumbnail","6":"product_cat-boom-cylinders","7":"product_tag-boom-cylinders","8":"product_tag-hydraulic-cylinders","10":"first","11":"instock","12":"shipping-taxable","13":"product-type-simple"},"amp_enabled":true,"_links":{"self":[{"href":"https:\/\/www.hydraulic-cylinders.net\/ro\/wp-json\/wp\/v2\/product\/19688","targetHints":{"allow":["GET"]}}],"collection":[{"href":"https:\/\/www.hydraulic-cylinders.net\/ro\/wp-json\/wp\/v2\/product"}],"about":[{"href":"https:\/\/www.hydraulic-cylinders.net\/ro\/wp-json\/wp\/v2\/types\/product"}],"replies":[{"embeddable":true,"href":"https:\/\/www.hydraulic-cylinders.net\/ro\/wp-json\/wp\/v2\/comments?post=19688"}],"wp:featuredmedia":[{"embeddable":true,"href":"https:\/\/www.hydraulic-cylinders.net\/ro\/wp-json\/wp\/v2\/media\/17876"}],"wp:attachment":[{"href":"https:\/\/www.hydraulic-cylinders.net\/ro\/wp-json\/wp\/v2\/media?parent=19688"}],"wp:term":[{"taxonomy":"product_brand","embeddable":true,"href":"https:\/\/www.hydraulic-cylinders.net\/ro\/wp-json\/wp\/v2\/product_brand?post=19688"},{"taxonomy":"product_cat","embeddable":true,"href":"https:\/\/www.hydraulic-cylinders.net\/ro\/wp-json\/wp\/v2\/product_cat?post=19688"},{"taxonomy":"product_tag","embeddable":true,"href":"https:\/\/www.hydraulic-cylinders.net\/ro\/wp-json\/wp\/v2\/product_tag?post=19688"}],"curies":[{"name":"wp","href":"https:\/\/api.w.org\/{rel}","templated":true}]}}