{"id":19691,"date":"2025-04-07T07:02:05","date_gmt":"2025-04-07T07:02:05","guid":{"rendered":"https:\/\/www.hydraulic-cylinders.net\/product\/boom-cylinder-for-dasin-ds18\/"},"modified":"2025-04-07T07:02:07","modified_gmt":"2025-04-07T07:02:07","slug":"boom-cylinder-for-dasin-ds18","status":"publish","type":"product","link":"https:\/\/www.hydraulic-cylinders.net\/ro\/produs\/boom-cylinder-for-dasin-ds18\/","title":{"rendered":"Cilindru de bra\u021b pentru Dasin DS18"},"content":{"rendered":"<h1>Cilindru de bra\u021b pentru Dasin DS18<\/h1>\n<h2>Introducere \u00een cilindrul bra\u021bului<\/h2>\n<p>Cilindrul bra\u021bului este o component\u0103 crucial\u0103 \u00een sistemele hidraulice, special conceput pentru a controla mi\u0219carea cupelor utilajelor grele, cum ar fi cele g\u0103site la excavatoare, \u00eenc\u0103rc\u0103toare frontale \u0219i \u00eenc\u0103rc\u0103toare frontale. Ace\u0219ti cilindri hidraulici permit ridicarea, cobor\u00e2rea \u0219i \u00eenclinarea cupei, facilit\u00e2nd sarcini eficiente de manipulare a materialelor. \u00cen esen\u021b\u0103, un cilindru al cupei este un tip de cilindru hidraulic care joac\u0103 un rol vital \u00een func\u021bionarea diferitelor echipamente de terasament.<\/p>\n<p><img decoding=\"async\" src=\"https:\/\/www.hydraulic-cylinders.net\/wp-content\/uploads\/2025\/04\/songte-company-1.webp\" alt=\"Imaginea cilindrului bra\u021bului\" \/><\/p>\n<h3>Func\u021bia \u0219i aplicarea cilindrilor cu cup\u0103<\/h3>\n<p>Cilindrii cupei sunt esen\u021biali pentru func\u021bionarea utilajelor grele. Ace\u0219tia ofer\u0103 puterea necesar\u0103 pentru ridicarea \u0219i manipularea sarcinilor grele, asigur\u00e2nd c\u0103 sarcinile de construc\u021bie \u0219i agricole pot fi efectuate eficient. Prin transformarea presiunii hidraulice \u00een for\u021b\u0103 mecanic\u0103, ace\u0219ti cilindri permit operatorilor s\u0103 efectueze manevre complexe cu precizie \u0219i control.<\/p>\n<h2>Caracteristici cheie ale cilindrului bra\u021bului<\/h2>\n<ul>\n<li><strong>Rezisten\u021b\u0103 \u0219i durabilitate ridicate:<\/strong> Fabrica\u021bi din o\u021bel sau aluminiu de \u00eenalt\u0103 rezisten\u021b\u0103, ace\u0219ti cilindri pot rezista la presiuni ridicate \u0219i sarcini grele, fiind potrivi\u021bi pentru medii de lucru dure.<\/li>\n<li><strong>Func\u021bionare hidraulic\u0103 eficient\u0103:<\/strong> Acestea utilizeaz\u0103 presiunea uleiului hidraulic pentru o extensie \u0219i retragere lin\u0103, oferind un r\u0103spuns rapid la comenzile de control \u0219i livr\u00e2nd o for\u021b\u0103 puternic\u0103 de \u00eempingere \u0219i tragere.<\/li>\n<li><strong>Diverse tipuri:<\/strong> Disponibile \u00een variante cu ac\u021biune simpl\u0103 (func\u021bioneaz\u0103 \u00eentr-o singur\u0103 direc\u021bie) sau cu ac\u021biune dubl\u0103 (func\u021bioneaz\u0103 \u00een ambele direc\u021bii), unele modele sunt telescopice, permi\u021b\u00e2nd o extensie mai mare f\u0103r\u0103 a cre\u0219te dimensiunile exterioare.<\/li>\n<li><strong>Performan\u021b\u0103 \u00eembun\u0103t\u0103\u021bit\u0103:<\/strong> Proiectate cu rezisten\u021b\u0103 la uzur\u0103 \u0219i protec\u021bie \u00eempotriva coroziunii, acestea asigur\u0103 longevitate \u0219i fiabilitate \u00een diverse aplica\u021bii.<\/li>\n<li><strong>Fabrica\u021bie personalizat\u0103:<\/strong> Putem produce acest produs, iar cilindrii no\u0219tri pot \u00eenlocui perfect cilindrii hidraulici existen\u021bi.<\/li>\n<\/ul>\n<p><img decoding=\"async\" src=\"https:\/\/www.hydraulic-cylinders.net\/wp-content\/uploads\/2025\/04\/songte-cylinder-head-with-all-kinds-excavator-models.webp\" alt=\"Op\u021biuni de \u00eenlocuire a cilindrilor\" \/><\/p>\n<h2>Aplica\u021bii ale cilindrului bra\u021bului<\/h2>\n<h3>Echipamente de construc\u021bii<\/h3>\n<p>\u00cen echipamentele de construc\u021bii, cilindrii bra\u021bului se g\u0103sesc \u00een excavatoare, unde sunt esen\u021biali pentru s\u0103pare, \u00eenc\u0103rcare \u0219i mutarea solului sau a resturilor. Cilindrul cupei faciliteaz\u0103 at\u00e2t ac\u021biunile de s\u0103pare, c\u00e2t \u0219i cele de ridicare, sporind versatilitatea \u0219i productivitatea ma\u0219inii.<\/p>\n<h3>Ma\u0219ini agricole<\/h3>\n<p>\u00cenc\u0103rc\u0103toarele frontale utilizeaz\u0103 cilindri ai bra\u021bului pentru a transporta, transporta p\u0103m\u00e2nt, f\u00e2n \u0219i alte materiale. Ace\u0219ti cilindri sunt vitali pentru opera\u021biunile care necesit\u0103 manipularea rapid\u0103 \u0219i eficient\u0103 a \u00eenc\u0103rc\u0103turilor agricole grele.<\/p>\n<h3>Excavatoare<\/h3>\n<p>La excavatoare, cilindrul cupei permite cupei s\u0103 p\u0103trund\u0103 \u00een p\u0103m\u00e2nt, permi\u021b\u00e2nd ac\u021biuni eficiente de s\u0103pare. Aceast\u0103 capacitate este crucial\u0103 pentru diverse sarcini de excavare, fie \u00een construc\u021bii, fie \u00een amenaj\u0103ri peisagistice.<\/p>\n<h3>\u00cenc\u0103rc\u0103toare<\/h3>\n<p>La \u00eenc\u0103rc\u0103toarele frontale, cilindrii bra\u021bului ajut\u0103 la ridicarea \u0219i desc\u0103rcarea eficient\u0103 a materialelor. Designul lor asigur\u0103 manipularea u\u0219oar\u0103 a sarcinilor grele, \u00eembun\u0103t\u0103\u021bind eficien\u021ba opera\u021bional\u0103.<\/p>\n<h2>Considera\u021bii de proiectare \u0219i criterii de selec\u021bie<\/h2>\n<h3>Capacitate de \u00eenc\u0103rcare<\/h3>\n<p>Capacitatea de \u00eenc\u0103rcare a unui cilindru de bra\u021b este un factor critic care influen\u021beaz\u0103 designul s\u0103u. Aceasta determin\u0103 c\u00e2t\u0103 greutate poate suporta cilindrul \u00een siguran\u021b\u0103, f\u0103r\u0103 riscul de defec\u021biuni structurale sau compromiterea performan\u021bei. Inginerii trebuie s\u0103 calculeze cu aten\u021bie capacit\u0103\u021bile de \u00eenc\u0103rcare pe baza aplica\u021biei preconizate, asigur\u00e2ndu-se c\u0103 cilindrul poate suporta greut\u0103\u021bile mari \u00eent\u00e2lnite de obicei \u00een mediile de construc\u021bii \u0219i agricultur\u0103.<\/p>\n<h3>Etan\u0219are \u0219i durabilitate<\/h3>\n<p>Etan\u0219area este esen\u021bial\u0103 \u00een cilindrii hidraulici pentru a preveni scurgerile de fluid \u0219i a men\u021bine presiunea. Garniturile de \u00eenalt\u0103 calitate, fabricate din materiale durabile, cum ar fi poliuretanul sau cauciucul nitrilic, sunt esen\u021biale. Aceste garnituri trebuie s\u0103 reziste la condi\u021bii dure \u0219i s\u0103 \u00ee\u0219i men\u021bin\u0103 integritatea \u00een timp, reduc\u00e2nd riscul de defec\u021biune a sistemului \u0219i asigur\u00e2nd o func\u021bionare fiabil\u0103.<\/p>\n<h3>Caracteristici de siguran\u021b\u0103<\/h3>\n<p>Incorporarea caracteristicilor de siguran\u021b\u0103 \u00een proiectarea cilindrilor bra\u021bului este esen\u021bial\u0103 pentru protejarea operatorilor \u0219i a utilajelor. Supapele de siguran\u021b\u0103, manometrele \u0219i sistemele robuste de montare contribuie la un mediu de operare mai sigur, prevenind accidentele \u0219i deteriorarea echipamentelor \u00een timpul func\u021bion\u0103rii.<\/p>\n<h3>\u00centre\u021binere \u0219i reparabilitate<\/h3>\n<p>Proiectarea pentru u\u0219urin\u021b\u0103 \u00een \u00eentre\u021binere asigur\u0103 accesul \u0219i \u00eenlocuirea u\u0219oar\u0103 a pieselor de schimb, cum ar fi garniturile \u0219i fitingurile. Acest lucru reduce timpul de nefunc\u021bionare \u0219i costurile de \u00eentre\u021binere, prelungind \u00een acela\u0219i timp durata de via\u021b\u0103 a cilindrului hidraulic. Produsele trebuie proiectate av\u00e2nd \u00een vedere func\u021bionalitatea pentru a facilita inspec\u021biile \u0219i repara\u021biile de rutin\u0103.<\/p>\n<p><img decoding=\"async\" src=\"https:\/\/www.hydraulic-cylinders.net\/wp-content\/uploads\/2025\/04\/songte-oil-pipes-and-spare-parts.webp\" alt=\"Conducte de petrol \u0219i piese de schimb\" \/><\/p>\n<h2>Etan\u0219area \u0219i lubrifierea cilindrului bra\u021bului<\/h2>\n<p>Etan\u0219area \u0219i lubrifierea eficiente sunt vitale pentru performan\u021ba \u0219i longevitatea cilindrilor bra\u021bului. Diverse componente de etan\u0219are, cum ar fi etan\u0219\u0103rile pistonului \u0219i etan\u0219\u0103rile tijei, sunt utilizate pentru a preveni scurgerile de fluid hidraulic. Etan\u0219\u0103rile sunt de obicei fabricate din materiale rezistente la uzur\u0103, cum ar fi poliuretanul \u0219i cauciucul nitrilic, capabile s\u0103 reziste condi\u021biilor solicitante \u00eent\u00e2lnite \u00een aplica\u021biile hidraulice. Corpul cilindrului \u0219i capetele filetate sunt supuse unor prelucr\u0103ri de precizie pentru a spori rezisten\u021ba la uzur\u0103 \u0219i a \u00eembun\u0103t\u0103\u021bi durabilitatea general\u0103.<\/p>\n<p>Lubrifierea regulat\u0103 cu ulei hidraulic este necesar\u0103 pentru a reduce frecarea dintre piesele mobile \u0219i a men\u021bine o func\u021bionare lin\u0103. Operatorii trebuie s\u0103 se asigure c\u0103 exist\u0103 o cantitate adecvat\u0103 de ulei hidraulic pentru a preveni supra\u00eenc\u0103lzirea \u0219i uzura, contribuind la o durat\u0103 de via\u021b\u0103 mai lung\u0103 a cilindrului hidraulic.<\/p>\n<h2>M\u0103suri de \u00eentre\u021binere preventiv\u0103<\/h2>\n<ul>\n<li><strong>Inspec\u021bii regulate:<\/strong> Efectua\u021bi inspec\u021bii periodice pentru a identifica poten\u021bialele probleme \u00eenainte ca acestea s\u0103 se transforme \u00een probleme majore. Verifica\u021bi dac\u0103 exist\u0103 scurgeri, uzur\u0103 \u0219i func\u021bionarea corect\u0103 a garniturilor \u0219i conexiunilor.<\/li>\n<li><strong>Lubrifiere adecvat\u0103:<\/strong> Asigura\u021bi-v\u0103 c\u0103 cilindrul hidraulic este lubrifiat corespunz\u0103tor cu tipul \u0219i cantitatea corect\u0103 de ulei hidraulic pentru a preveni deteriorarea componentelor interne \u0219i a men\u021bine eficien\u021ba.<\/li>\n<li><strong>\u00cenlocuirea garniturii:<\/strong> Verifica\u021bi periodic garniturile pentru uzur\u0103 \u0219i \u00eenlocui\u021bi-le dup\u0103 cum este necesar pentru a preveni scurgerile de fluid, care pot duce la ineficien\u021be \u0219i defec\u021biuni ale sistemului.<\/li>\n<\/ul>\n<h2>Instruc\u021biuni de instalare<\/h2>\n<p>Instalarea corect\u0103 a cilindrilor bra\u021bului este crucial\u0103 pentru o performan\u021b\u0103 optim\u0103. \u00cencepe\u021bi prin a v\u0103 asigura c\u0103 toate componentele sunt curate \u0219i f\u0103r\u0103 resturi. Alinia\u021bi cilindrul cu precizie cu punctele de montare pentru a evita nealinierea, care poate cauza solicit\u0103ri excesive asupra cilindrului \u0219i poate duce la defectarea prematur\u0103. Folosi\u021bi console de montare adecvate pentru a fixa \u00een siguran\u021b\u0103 cilindrul \u0219i a preveni mi\u0219carea \u00een timpul func\u021bion\u0103rii. Este esen\u021bial s\u0103 respecta\u021bi specifica\u021biile produc\u0103torului privind set\u0103rile de cuplu pentru a v\u0103 asigura c\u0103 toate elementele de fixare sunt str\u00e2nse \u0219i fixate corect.<\/p>\n<p>Dup\u0103 instalare, efectua\u021bi o verificare complet\u0103 a sistemului pentru a v\u0103 asigura c\u0103 nu exist\u0103 scurgeri \u0219i c\u0103 sistemul func\u021bioneaz\u0103 conform destina\u021biei. Monitoriza\u021bi nivelurile de fluid hidraulic \u0219i verifica\u021bi dac\u0103 debitul hidraulic c\u0103tre cilindru este corespunz\u0103tor. Evalua\u021bi periodic instala\u021bia pentru a v\u0103 asigura c\u0103 r\u0103m\u00e2ne sigur\u0103 \u0219i func\u021bional\u0103.<\/p>\n<p><img decoding=\"async\" src=\"https:\/\/www.hydraulic-cylinders.net\/wp-content\/uploads\/2025\/04\/songte-chushion-collar.webp\" alt=\"Guler de pern\u0103\" \/><\/p>\n<h2>Sarcini comune de \u00eentre\u021binere<\/h2>\n<h3>Inspec\u021bii regulate<\/h3>\n<p>Inspec\u021biile regulate sunt cruciale pentru identificarea timpurie a poten\u021bialelor probleme. C\u0103uta\u021bi semne de uzur\u0103, deteriorare sau scurgeri la cilindrul hidraulic. Rezolvarea prompt\u0103 a acestor probleme poate preveni probleme mai semnificative \u0219i repara\u021bii costisitoare \u00een viitor. Este esen\u021bial ca aceste inspec\u021bii s\u0103 fie incluse \u00eentr-un program de \u00eentre\u021binere de rutin\u0103 pentru a asigura func\u021bionarea eficient\u0103 a sistemului hidraulic.<\/p>\n<h3>Lubrifiere adecvat\u0103<\/h3>\n<p>Men\u021binerea lubrifierii corespunz\u0103toare a cilindrilor hidraulici este vital\u0103 pentru o func\u021bionare f\u0103r\u0103 probleme. Folosi\u021bi fluidul hidraulic recomandat \u0219i asigura\u021bi-v\u0103 c\u0103 este umplut la nivelul corect. Lubrifierea ajut\u0103 la reducerea frec\u0103rii dintre piesele mobile, prevenind uzura. Operatorii ar trebui, de asemenea, s\u0103 monitorizeze starea fluidului hidraulic, \u00eenlocuindu-l dup\u0103 cum este necesar pentru a men\u021bine performan\u021be optime.<\/p>\n<h3>\u00cenlocuirea garniturii \u0219i verific\u0103ri ale calibr\u0103rii<\/h3>\n<p>\u00cen timp, garniturile se pot uza \u0219i pot necesita \u00eenlocuire. Verifica\u021bi periodic garniturile pentru a depista semne de scurgeri sau deteriorare \u0219i \u00eenlocui\u021bi-le prompt pentru a men\u021bine integritatea sistemului. Verific\u0103rile de calibrare sunt, de asemenea, esen\u021biale pentru a asigura func\u021bionarea cilindrului hidraulic \u00een parametrii specifica\u021bi, men\u021bin\u00e2ndu-\u0219i eficien\u021ba \u0219i eficacitatea \u00een timpul func\u021bion\u0103rii.<\/p>\n<h2>Considera\u021bii de siguran\u021b\u0103 \u0219i factori de mediu<\/h2>\n<p>Atunci c\u00e2nd se lucreaz\u0103 cu sisteme hidraulice, m\u0103surile de siguran\u021b\u0103 sunt primordiale. Operatorii trebuie s\u0103 poarte \u00eentotdeauna echipament individual de protec\u021bie (EIP) adecvat \u0219i s\u0103 respecte protocoalele de siguran\u021b\u0103 pentru a preveni accidentele. \u00cen plus, fluidele hidraulice pot prezenta pericole pentru mediu, a\u0219a c\u0103 este esen\u021bial s\u0103 le manipula\u021bi \u0219i s\u0103 le elimina\u021bi \u00een mod corespunz\u0103tor pentru a minimiza impactul asupra mediului.<\/p>\n<h2>Depanare \u0219i probleme frecvente<\/h2>\n<ul>\n<li><strong>Performan\u021b\u0103 redus\u0103 a cilindrului:<\/strong> Dac\u0103 un cilindru prezint\u0103 performan\u021be reduse, verifica\u021bi dac\u0103 exist\u0103 aer \u00een fluidul hidraulic, dac\u0103 exist\u0103 scurgeri sau dac\u0103 exist\u0103 niveluri sc\u0103zute de lichid. Rezolvarea prompt\u0103 a acestor probleme poate restabili func\u021bionalitatea.<\/li>\n<li><strong>Garnituri cu scurgeri:<\/strong> Scurgerile la garnituri pot indica uzur\u0103 sau deteriorare. Verifica\u021bi \u00eentotdeauna garniturile \u0219i \u00eenlocui\u021bi-le atunci c\u00e2nd este necesar pentru a preveni pierderea de lichid.<\/li>\n<li><strong>Mi\u0219care nea\u0219teptat\u0103 a cilindrului:<\/strong> Dac\u0103 cilindrul se mi\u0219c\u0103 nea\u0219teptat, verifica\u021bi sistemul de control pentru defec\u021biuni \u0219i asigura\u021bi-v\u0103 c\u0103 toate componentele func\u021bioneaz\u0103 corect.<\/li>\n<\/ul>\n<h3>Sfaturi de depanare<\/h3>\n<p>Pentru a diagnostica \u0219i rezolva eficient problemele, operatorii ar trebui s\u0103 \u021bin\u0103 un jurnal detaliat al oric\u0103ror nereguli observate \u00een timpul func\u021bion\u0103rii. Acest jurnal poate ajuta la identificarea tiparelor \u0219i a poten\u021bialelor probleme subiacente. \u00centre\u021binerea regulat\u0103 \u0219i inspec\u021biile proactive sunt esen\u021biale pentru a minimiza riscul de defec\u021biuni \u0219i pentru a asigura buna func\u021bionare a sistemului hidraulic.<\/p>\n<p><img decoding=\"async\" src=\"https:\/\/www.hydraulic-cylinders.net\/wp-content\/uploads\/2025\/04\/songte-bushings-with-all-kinds-of-excavator-models.webp\" alt=\"Buc\u0219e pentru excavatoare\" \/><\/p>\n<h2>Despre compania noastr\u0103<\/h2>\n<p>Suntem un produc\u0103tor important de cilindri hidraulici de schimb, oferind o gam\u0103 complet\u0103 de produse de \u00eenalt\u0103 calitate, adaptate pentru a satisface diversele nevoi ale pie\u021belor interne \u0219i interna\u021bionale. Angajamentul nostru fa\u021b\u0103 de excelen\u021b\u0103 ne determin\u0103 s\u0103 ader\u0103m la practici de fabrica\u021bie superioare, \u00eencorpor\u00e2nd tehnologie avansat\u0103 \u0219i personal calificat \u00een procesele noastre de produc\u021bie.<\/p>\n<p>Ne m\u00e2ndrim cu gama noastr\u0103 extins\u0103 de produse \u0219i cu capacitatea noastr\u0103 de a personaliza solu\u021bii pentru a se potrivi cerin\u021belor specifice ale clien\u021bilor. Concentr\u00e2ndu-ne pe asigurarea calit\u0103\u021bii, utiliz\u0103m echipamente de fabrica\u021bie de ultim\u0103 genera\u021bie \u0219i sisteme riguroase de testare pentru a ne asigura c\u0103 cilindrii no\u0219tri hidraulici \u00eendeplinesc cele mai \u00eenalte standarde din industrie. Dedica\u021bia noastr\u0103 fa\u021b\u0103 de eficien\u021b\u0103, precizie \u0219i calitate ne pozi\u021bioneaz\u0103 ca un partener de \u00eencredere pentru solu\u021bii hidraulice.<\/p>\n<p><img decoding=\"async\" src=\"https:\/\/www.hydraulic-cylinders.net\/wp-content\/uploads\/2025\/04\/songte-company-4.webp\" alt=\"Prezentare general\u0103 a companiei\" \/><br \/>\n<img decoding=\"async\" src=\"https:\/\/www.hydraulic-cylinders.net\/wp-content\/uploads\/2025\/04\/songte-company-3.webp\" alt=\"Companie de produc\u021bie\" \/><\/p>\n<p>Scris de lyl.<\/p>","protected":false},"excerpt":{"rendered":"<p>Boom Cylinder For Dasin DS18 Introduction to Boom Cylinder The Boom Cylinder is a crucial component in hydraulic systems, specifically designed to control the movement of heavy machinery buckets, such as those found in excavators, backhoe loaders, and front loaders. These hydraulic cylinders enable the bucket to lift, lower, and tilt, facilitating efficient material handling [&hellip;]<\/p>","protected":false},"featured_media":17879,"comment_status":"open","ping_status":"closed","template":"","meta":{"_et_pb_use_builder":"","_et_pb_old_content":"","_et_gb_content_width":""},"product_brand":[],"product_cat":[1546],"product_tag":[1547,1496],"class_list":{"0":"post-19691","1":"product","2":"type-product","3":"status-publish","4":"has-post-thumbnail","6":"product_cat-boom-cylinders","7":"product_tag-boom-cylinders","8":"product_tag-hydraulic-cylinders","10":"first","11":"instock","12":"shipping-taxable","13":"product-type-simple"},"amp_enabled":true,"_links":{"self":[{"href":"https:\/\/www.hydraulic-cylinders.net\/ro\/wp-json\/wp\/v2\/product\/19691","targetHints":{"allow":["GET"]}}],"collection":[{"href":"https:\/\/www.hydraulic-cylinders.net\/ro\/wp-json\/wp\/v2\/product"}],"about":[{"href":"https:\/\/www.hydraulic-cylinders.net\/ro\/wp-json\/wp\/v2\/types\/product"}],"replies":[{"embeddable":true,"href":"https:\/\/www.hydraulic-cylinders.net\/ro\/wp-json\/wp\/v2\/comments?post=19691"}],"wp:featuredmedia":[{"embeddable":true,"href":"https:\/\/www.hydraulic-cylinders.net\/ro\/wp-json\/wp\/v2\/media\/17879"}],"wp:attachment":[{"href":"https:\/\/www.hydraulic-cylinders.net\/ro\/wp-json\/wp\/v2\/media?parent=19691"}],"wp:term":[{"taxonomy":"product_brand","embeddable":true,"href":"https:\/\/www.hydraulic-cylinders.net\/ro\/wp-json\/wp\/v2\/product_brand?post=19691"},{"taxonomy":"product_cat","embeddable":true,"href":"https:\/\/www.hydraulic-cylinders.net\/ro\/wp-json\/wp\/v2\/product_cat?post=19691"},{"taxonomy":"product_tag","embeddable":true,"href":"https:\/\/www.hydraulic-cylinders.net\/ro\/wp-json\/wp\/v2\/product_tag?post=19691"}],"curies":[{"name":"wp","href":"https:\/\/api.w.org\/{rel}","templated":true}]}}