{"id":19701,"date":"2025-04-07T07:02:33","date_gmt":"2025-04-07T07:02:33","guid":{"rendered":"https:\/\/www.hydraulic-cylinders.net\/product\/boom-cylinder-for-sinomach-zg3335lc-9c\/"},"modified":"2025-04-07T07:02:36","modified_gmt":"2025-04-07T07:02:36","slug":"boom-cylinder-for-sinomach-zg3335lc-9c","status":"publish","type":"product","link":"https:\/\/www.hydraulic-cylinders.net\/ro\/produs\/boom-cylinder-for-sinomach-zg3335lc-9c\/","title":{"rendered":"Cilindru bra\u021b pentru Sinomach ZG3335LC-9C"},"content":{"rendered":"<h1>Cilindru bra\u021b pentru Sinomach ZG3335LC-9C<\/h1>\n<h2>Prezentare general\u0103 a produsului<\/h2>\n<p>Cilindrul bra\u021bului pentru Sinomach ZG3335LC-9C este o component\u0103 crucial\u0103 \u00een sistemele hidraulice, special conceput pentru a controla mi\u0219carea cupelor \u00een utilaje grele, cum ar fi excavatoarele, \u00eenc\u0103rc\u0103toarele excavatoare \u0219i \u00eenc\u0103rc\u0103toarele frontale. Acest cilindru hidraulic permite cupei s\u0103 ridice, s\u0103 coboare \u0219i s\u0103 \u00eencline, facilit\u00e2nd sarcini eficiente de manipulare a materialelor. Cilindrul cupei este un tip de cilindru hidraulic care func\u021bioneaz\u0103 utiliz\u00e2nd fluid hidraulic pentru a genera for\u021b\u0103, permi\u021b\u00e2nd un control precis al mi\u0219c\u0103rilor necesare \u00een diverse aplica\u021bii. Ace\u0219ti cilindri sunt esen\u021biali pentru opera\u021biunile din construc\u021bii, agricultur\u0103 \u0219i alte industrii \u00een care sunt necesare ridic\u0103ri \u0219i mi\u0219c\u0103ri grele.<\/p>\n<p><img decoding=\"async\" src=\"https:\/\/www.hydraulic-cylinders.net\/wp-content\/uploads\/2025\/04\/songte-company-1.webp\" alt=\"Imaginea cilindrului bra\u021bului\"><\/p>\n<h2>Caracteristicile cilindrului bra\u021bului<\/h2>\n<ul>\n<li><strong>Rezisten\u021b\u0103 \u0219i durabilitate ridicate:<\/strong> De obicei, construi\u021bi din o\u021bel sau aluminiu de \u00eenalt\u0103 rezisten\u021b\u0103, ace\u0219ti cilindri pot rezista la presiuni ridicate \u0219i sarcini grele, ceea ce \u00eei face potrivi\u021bi pentru medii de lucru dure.<\/li>\n<li><strong>Func\u021bionare hidraulic\u0103 eficient\u0103:<\/strong> Utilizarea presiunii uleiului hidraulic permite o extindere \u0219i retragere lin\u0103 \u0219i rapid\u0103, oferind for\u021be puternice de \u00eempingere \u0219i tragere, ideale pentru manipularea obiectelor grele \u0219i a sarcinilor complexe.<\/li>\n<li><strong>Diverse tipuri:<\/strong> Disponibil \u00een configura\u021bii cu ac\u021biune simpl\u0103 (ac\u021biune hidraulic\u0103 \u00eentr-o direc\u021bie) sau cu ac\u021biune dubl\u0103 (ac\u021biune hidraulic\u0103 \u00een ambele direc\u021bii), permi\u021b\u00e2nd personalizarea \u00een func\u021bie de nevoile opera\u021bionale.<\/li>\n<li><strong>Design compact:<\/strong> Unele modele sunt dotate cu designuri telescopice care permit o extindere mai mare f\u0103r\u0103 a cre\u0219te dimensiunile exterioare, ceea ce le face potrivite pentru aplica\u021bii cu spa\u021biu limitat.<\/li>\n<li><strong>Mecanisme robuste de etan\u0219are:<\/strong> Solu\u021biile avansate de etan\u0219are asigur\u0103 fiabilitate \u0219i longevitate, reduc\u00e2nd riscul de scurgeri de fluid hidraulic \u0219i men\u021bin\u00e2nd performan\u021be optime.<\/li>\n<\/ul>\n<p>Noi fabric\u0103m acest produs, iar ofertele noastre pot \u00eenlocui perfect cilindrii hidraulici existen\u021bi.<\/p>\n<p><img decoding=\"async\" src=\"https:\/\/www.hydraulic-cylinders.net\/wp-content\/uploads\/2025\/04\/songte-cylinder-head-with-all-kinds-excavator-models.webp\" alt=\"Imaginea chiulasei\"><\/p>\n<h2>Aplica\u021bii ale cilindrului bra\u021bului<\/h2>\n<h3>Echipamente de construc\u021bii<\/h3>\n<p>\u00cen excavatoare, cilindrii bra\u021bului sunt vitali pentru s\u0103pare, \u00eenc\u0103rcare \u0219i mutarea solului sau a resturilor. Ace\u0219tia ofer\u0103 for\u021ba necesar\u0103 pentru a permite cupei s\u0103 p\u0103trund\u0103 \u00een sol, ceea ce \u00eei face esen\u021biali pentru sarcinile de excavare. Capacitatea lor de ridicare \u0219i \u00eenclinare permite \u00eenc\u0103rcarea eficient\u0103 a materialelor pe camioane sau alte utilaje, sporind productivitatea pe \u0219antierele de construc\u021bii.<\/p>\n<h3>Ma\u0219ini agricole<\/h3>\n<p>\u00cenc\u0103rc\u0103toarele frontale utilizeaz\u0103 cilindri ai bra\u021bului pentru a transporta, transporta p\u0103m\u00e2nt, f\u00e2n \u0219i alte materiale. Acestea joac\u0103 un rol crucial \u00een sarcini precum \u00eenc\u0103rcarea produselor agricole, mutarea resturilor \u0219i gestionarea materialelor \u00een timpul opera\u021biunilor agricole, contribuind la eficien\u021ba general\u0103 a proceselor agricole.<\/p>\n<h3>Excavatoare<\/h3>\n<p>La excavatoare, cilindrul bra\u021bului permite cupei s\u0103 p\u0103trund\u0103 \u00een sol, facilit\u00e2nd opera\u021biuni eficiente de excavare. Controlul precis oferit de ace\u0219ti cilindri este esen\u021bial pentru gestionarea ad\u00e2ncimii \u0219i asigurarea unei perturb\u0103ri minime a zonei \u00eenconjur\u0103toare, ceea ce \u00eei face indispensabili \u00een proiectele de excavare.<\/p>\n<h3>\u00cenc\u0103rc\u0103toare<\/h3>\n<p>\u00cen cazul \u00eenc\u0103rc\u0103toarelor frontale, cilindrii bra\u021bului ajut\u0103 la ridicarea \u0219i desc\u0103rcarea eficient\u0103 a \u00eenc\u0103rc\u0103turilor. Ace\u0219tia ofer\u0103 for\u021ba necesar\u0103 pentru ridicarea materialelor grele, asigur\u00e2nd c\u0103 opera\u021biunile sunt efectuate f\u0103r\u0103 probleme \u0219i \u00een siguran\u021b\u0103, ceea ce este crucial at\u00e2t \u00een \u200b\u200bconstruc\u021bii, c\u00e2t \u0219i \u00een agricultur\u0103.<\/p>\n<h2>Considera\u021bii de proiectare \u0219i criterii de selec\u021bie<\/h2>\n<h3>Capacitate de \u00eenc\u0103rcare<\/h3>\n<p>Capacitatea de \u00eenc\u0103rcare a unui cilindru al bra\u021bului este una dintre principalele considera\u021bii \u00een faza de proiectare. Acesta trebuie s\u0103 poat\u0103 gestiona greut\u0103\u021bile anticipate f\u0103r\u0103 a compromite integritatea structural\u0103. Inginerii folosesc calcule detaliate pentru a se asigura c\u0103 cilindrul poate ridica \u0219i cobor\u00ee \u00een siguran\u021b\u0103 sarcinile, \u021bin\u00e2nd cont de factori precum rezisten\u021ba materialului \u0219i limitele de presiune hidraulic\u0103.<\/p>\n<h3>Integritatea etan\u0219\u0103rii<\/h3>\n<p>Etan\u0219area este esen\u021bial\u0103 pentru men\u021binerea performan\u021bei unui cilindru hidraulic. Etan\u0219\u0103rile de \u00eenalt\u0103 calitate previn scurgerile de fluid hidraulic, care pot duce la pierderea presiunii \u0219i la defectarea sistemului. Proiectele includ adesea mai multe sisteme de etan\u0219are, utiliz\u00e2nd materiale precum poliuretanul \u0219i cauciucul nitrilic, care sunt rezistente la uzur\u0103 \u0219i la condi\u021biile de mediu. Suprafe\u021bele de etan\u0219are trebuie prelucrate fin pentru a spori durabilitatea \u0219i a men\u021bine func\u021bionalitatea sub diverse presiuni.<\/p>\n<h3>Durabilitate \u0219i longevitate<\/h3>\n<p>Durabilitatea este un factor cheie \u00een proiectarea cilindrilor bra\u021bului, deoarece ace\u0219tia sunt supu\u0219i unor condi\u021bii extreme. Alegerea materialelor \u0219i a proceselor de fabrica\u021bie are un impact direct asupra duratei de via\u021b\u0103 a cilindrului. De asemenea, se pot aplica tratamente de suprafa\u021b\u0103 \u0219i acoperiri pentru a spori rezisten\u021ba la uzur\u0103, coroziune \u0219i impact, asigur\u00e2ndu-se c\u0103 produsul r\u0103m\u00e2ne func\u021bional \u00een timp.<\/p>\n<h3>Caracteristici de siguran\u021b\u0103<\/h3>\n<p>Siguran\u021ba este primordial\u0103 \u00een sistemele hidraulice. Cilindrii bra\u021bului trebuie proiecta\u021bi cu sisteme de siguran\u021b\u0103 pentru a preveni accidentele, cum ar fi mecanisme de protec\u021bie la suprasarcin\u0103 care limiteaz\u0103 capacit\u0103\u021bile de ridicare la niveluri sigure. Testarea regulat\u0103 \u0219i respectarea reglement\u0103rilor de siguran\u021b\u0103 \u00een timpul fabrica\u021biei asigur\u0103 c\u0103 produsul \u00eendepline\u0219te standardele industriei pentru o func\u021bionare \u00een siguran\u021b\u0103.<\/p>\n<h3>Acces pentru \u00eentre\u021binere<\/h3>\n<p>Proiectele ar trebui s\u0103 faciliteze \u00eentre\u021binerea u\u0219oar\u0103, deoarece service-ul regulat este necesar pentru a asigura performan\u021be optime. Caracteristici precum racordurile de ungere accesibile \u0219i orificiile de inspec\u021bie permit verific\u0103ri \u0219i lubrifiere de rutin\u0103, ceea ce poate prelungi semnificativ durata de via\u021b\u0103 a cilindrului hidraulic \u0219i poate preveni repara\u021biile costisitoare.<\/p>\n<p><img decoding=\"async\" src=\"https:\/\/www.hydraulic-cylinders.net\/wp-content\/uploads\/2025\/04\/songte-oil-pipes-and-spare-parts.webp\" alt=\"Imagine cu \u021bevi de petrol \u0219i piese de schimb\"><\/p>\n<h2>Etan\u0219are \u0219i lubrifiere<\/h2>\n<p>Etan\u0219area \u0219i lubrifierea eficiente sunt cruciale pentru performan\u021ba \u0219i longevitatea unui cilindru al bra\u021bului. Diverse etan\u0219\u0103ri, inclusiv etan\u0219\u0103ri pentru piston \u0219i etan\u0219\u0103ri pentru tij\u0103, sunt utilizate pentru a preveni scurgerile de fluid hidraulic \u0219i a men\u021bine presiunea. Selec\u021bia materialelor durabile, cum ar fi poliuretanul \u0219i cauciucul nitrilic, asigur\u0103 rezisten\u021b\u0103 la uzur\u0103 \u0219i la degradarea mediului.<\/p>\n<p>Corpul cilindrului \u0219i capetele filetate necesit\u0103 prelucrare fin\u0103 pentru a spori rezisten\u021ba la uzur\u0103, permi\u021b\u00e2nd cilindrului s\u0103 fac\u0103 fa\u021b\u0103 unor presiuni ridicate \u0219i unor condi\u021bii dure. Lubrifierea regulat\u0103 cu ulei hidraulic este esen\u021bial\u0103, deoarece reduce frecarea dintre piesele mobile \u0219i minimizeaz\u0103 uzura, prelungind astfel durata de via\u021b\u0103 a cilindrului.<\/p>\n<h2>M\u0103suri de \u00eentre\u021binere preventiv\u0103<\/h2>\n<ul>\n<li><strong>Inspec\u021bii regulate:<\/strong> Programa\u021bi verific\u0103ri sistematice pentru a identifica uzura \u00eenainte ca aceasta s\u0103 duc\u0103 la defec\u021biuni. Inspecta\u021bi garniturile \u0219i conexiunile pentru scurgeri \u0219i semne de deteriorare.<\/li>\n<li><strong>Lubrifiere adecvat\u0103:<\/strong> Men\u021bine\u021bi niveluri adecvate de ulei hidraulic \u0219i asigura\u021bi-v\u0103 c\u0103 punctele de lubrifiere sunt \u00eentre\u021binute periodic pentru a evita func\u021bionarea f\u0103r\u0103 ulei.<\/li>\n<li><strong>\u00cenlocuirea garniturii:<\/strong> Monitoriza\u021bi starea garniturilor de etan\u0219are \u0219i \u00eenlocui\u021bi-le dup\u0103 cum este necesar pentru a men\u021bine o etan\u0219are eficient\u0103 \u0219i a preveni scurgerile de fluid.<\/li>\n<\/ul>\n<h2>Instruc\u021biuni de instalare<\/h2>\n<p>Instalarea corect\u0103 a cilindrului bra\u021bului este crucial\u0103 pentru func\u021bionalitatea acestuia. \u00cencepe\u021bi prin a v\u0103 asigura c\u0103 zona de lucru este curat\u0103 \u0219i lipsit\u0103 de resturi. Alinia\u021bi cilindrul cu aten\u021bie cu punctele de montare de pe utilaj, utiliz\u00e2nd consolele de instalare adecvate pentru a-l fixa \u00een pozi\u021bie. Asigura\u021bi-v\u0103 c\u0103 liniile hidraulice sunt conectate corect pentru a preveni scurgerile \u0219i pierderile de presiune.<\/p>\n<p>\u00cenainte de finalizarea instal\u0103rii, verifica\u021bi alinierea cilindrului pentru a evita solicit\u0103rile excesive asupra componentelor. Dup\u0103 instalare, efectua\u021bi o verificare am\u0103nun\u021bit\u0103 pentru a depista eventualele scurgeri \u0219i testa\u021bi sistemul hidraulic pentru a asigura o func\u021bionare f\u0103r\u0103 probleme. Urma\u021bi specifica\u021biile produc\u0103torului pentru set\u0103rile de cuplu ale \u0219uruburilor \u0219i fitingurilor pentru a asigura conexiuni sigure.<\/p>\n<h2>Sarcini comune de \u00eentre\u021binere<\/h2>\n<h3>Controale regulate<\/h3>\n<p>Inspec\u021biile de rutin\u0103 sunt vitale pentru identificarea din timp a poten\u021bialelor probleme. C\u0103uta\u021bi semne de uzur\u0103, scurgeri \u0219i orice zgomote neobi\u0219nuite \u00een timpul func\u021bion\u0103rii. Verific\u0103rile regulate asigur\u0103 func\u021bionarea eficient\u0103 a cilindrului \u0219i pot preveni defec\u021biunile nea\u0219teptate.<\/p>\n<h3>Lubrifiere adecvat\u0103<\/h3>\n<p>Men\u021binerea nivelurilor corecte de lubrifiere este esen\u021bial\u0103 pentru minimizarea frec\u0103rii \u0219i a uzurii. Asigura\u021bi-v\u0103 c\u0103 uleiul hidraulic este completat \u0219i c\u0103 punctele de lubrifiere sunt \u00eentre\u021binute conform recomand\u0103rilor produc\u0103torului. Acest lucru nu numai c\u0103 \u00eembun\u0103t\u0103\u021be\u0219te performan\u021ba, dar prelunge\u0219te \u0219i durata de via\u021b\u0103 a cilindrului.<\/p>\n<h3>\u00cenlocuirea garniturii \u0219i verific\u0103ri ale calibr\u0103rii<\/h3>\n<p>Garniturile trebuie \u00eenlocuite la intervale regulate, \u00een func\u021bie de condi\u021biile de func\u021bionare, pentru a preveni scurgerile. Verific\u0103rile de calibrare ale sistemului hidraulic sunt necesare pentru a asigura func\u021bionarea cilindrului \u00een limitele specificate. Nerespectarea acestor aspecte poate duce la o eficien\u021b\u0103 redus\u0103 \u0219i la un risc crescut de defec\u021biune.<\/p>\n<p><img decoding=\"async\" src=\"https:\/\/www.hydraulic-cylinders.net\/wp-content\/uploads\/2025\/04\/songte-chushion-collar.webp\" alt=\"Imagine cu guler de pern\u0103\"><\/p>\n<h2>Considera\u021bii de siguran\u021b\u0103 \u0219i factori de mediu<\/h2>\n<p>Implementarea m\u0103surilor de siguran\u021b\u0103 atunci c\u00e2nd se utilizeaz\u0103 cilindri hidraulici este esen\u021bial\u0103 pentru prevenirea accidentelor. Operatorii trebuie instrui\u021bi s\u0103 recunoasc\u0103 poten\u021bialele pericole asociate cu sistemele hidraulice, cum ar fi fluctua\u021biile bru\u0219te de presiune sau defec\u021biunile componentelor. Utilizarea echipamentului de protec\u021bie adecvat \u0219i respectarea instruc\u021biunilor de siguran\u021b\u0103 pot reduce semnificativ riscurile.<\/p>\n<h2>Depanare \u0219i probleme frecvente<\/h2>\n<ul>\n<li><strong>Scurgere:<\/strong> Monitoriza\u021bi scurgerile de fluid hidraulic, care pot indica garnituri uzate sau componente deteriorate. Repararea prompt\u0103 a scurgerilor este esen\u021bial\u0103 pentru a men\u021bine presiunea \u00een sistem.<\/li>\n<li><strong>Pierdere de putere:<\/strong> Lipsa puterii de ridicare poate sugera probleme cu nivelurile fluidului hidraulic sau deteriorarea intern\u0103 a cilindrului. Verifica\u021bi nivelurile fluidului \u0219i inspecta\u021bi pentru eventuale scurgeri interne.<\/li>\n<li><strong>Mi\u0219care inegal\u0103:<\/strong> Dac\u0103 cilindrul func\u021bioneaz\u0103 neuniform, acesta poate fi un semn de aer \u00een fluidul hidraulic sau de aliniere necorespunz\u0103toare. Aerisi\u021bi sistemul \u0219i asigura\u021bi o aliniere corect\u0103.<\/li>\n<\/ul>\n<h2>Sfaturi de depanare \u0219i m\u0103suri preventive<\/h2>\n<p>Pentru a diagnostica \u0219i rezolva eficient problemele, operatorii ar trebui s\u0103 \u021bin\u0103 eviden\u021be complete ale performan\u021bei cilindrilor. Verific\u0103rile regulate de \u00eentre\u021binere, inclusiv nivelurile fluidelor \u0219i integritatea etan\u0219\u0103rilor, pot ajuta la prevenirea problemelor \u00eenainte ca acestea s\u0103 escaladeze. Utilizarea unor m\u0103suri preventive de rutin\u0103, cum ar fi men\u021binerea cur\u0103\u021beniei \u00een sistemul hidraulic \u0219i evitarea supra\u00eenc\u0103rc\u0103rii, va reduce la minimum riscul de defec\u021biune.<\/p>\n<p><img decoding=\"async\" src=\"https:\/\/www.hydraulic-cylinders.net\/wp-content\/uploads\/2025\/04\/songte-bushings-with-all-kinds-of-excavator-models.webp\" alt=\"Imagine buc\u0219e\"><\/p>\n<h2>Prezentare general\u0103 a companiei<\/h2>\n<p>Suntem un produc\u0103tor \u0219i distribuitor angro de top de cilindri hidraulici de schimb, cu o gam\u0103 complet\u0103 de produse care ne pozi\u021bioneaz\u0103 ca un juc\u0103tor cheie at\u00e2t pe pie\u021bele interne, c\u00e2t \u0219i pe cele interna\u021bionale. Angajamentul nostru fa\u021b\u0103 de excelen\u021ba \u00een calitate este sus\u021binut de o strategie rafinat\u0103 de management al produc\u021biei, care pune accent pe fabrica\u021bia de precizie.<\/p>\n<p>Echipa noastr\u0103 de profesioni\u0219ti califica\u021bi utilizeaz\u0103 echipamente digitale de produc\u021bie de ultim\u0103 genera\u021bie \u0219i sisteme specializate de testare pentru a ne \u00eembun\u0103t\u0103\u021bi capacit\u0103\u021bile de produc\u021bie, asigur\u00e2ndu-ne c\u0103 \u00eendeplinim eficient diversele cerin\u021be ale clien\u021bilor. Concentr\u00e2ndu-ne pe eficien\u021b\u0103 ridicat\u0103, precizie \u0219i calitate, ne str\u0103duim continuu s\u0103 \u00eembun\u0103t\u0103\u021bim procesele noastre de fabrica\u021bie \u0219i ofertele de produse.<\/p>\n<p>De asemenea, oferim servicii \u0219i solu\u021bii personalizate, asigur\u00e2ndu-ne c\u0103 putem satisface nevoile specifice ale clien\u021bilor. Certific\u0103rile noastre interna\u021bionale valideaz\u0103 angajamentul nostru de a men\u021bine standarde \u00eenalte de siguran\u021b\u0103 \u0219i calitate, ceea ce ne face un partener de \u00eencredere pentru companiile din diverse industrii.<\/p>\n<p><img decoding=\"async\" src=\"https:\/\/www.hydraulic-cylinders.net\/wp-content\/uploads\/2025\/04\/songte-company-4.webp\" alt=\"Imaginea companiei\" \/><br \/>\n<img decoding=\"async\" src=\"https:\/\/www.hydraulic-cylinders.net\/wp-content\/uploads\/2025\/04\/songte-company-3.webp\" alt=\"Imaginea companiei\" \/><\/p>\n<p>Autor: lyl<\/p>","protected":false},"excerpt":{"rendered":"<p>Boom Cylinder For Sinomach ZG3335LC-9C Product Overview The Boom Cylinder for Sinomach ZG3335LC-9C is a crucial component in hydraulic systems, specifically designed to control the movement of buckets in heavy machinery such as excavators, backhoe loaders, and front-end loaders. This hydraulic cylinder enables the bucket to lift, lower, and tilt, facilitating efficient material handling tasks. [&hellip;]<\/p>","protected":false},"featured_media":17874,"comment_status":"open","ping_status":"closed","template":"","meta":{"_et_pb_use_builder":"","_et_pb_old_content":"","_et_gb_content_width":""},"product_brand":[],"product_cat":[1546],"product_tag":[1547,1496],"class_list":{"0":"post-19701","1":"product","2":"type-product","3":"status-publish","4":"has-post-thumbnail","6":"product_cat-boom-cylinders","7":"product_tag-boom-cylinders","8":"product_tag-hydraulic-cylinders","10":"first","11":"instock","12":"shipping-taxable","13":"product-type-simple"},"amp_enabled":true,"_links":{"self":[{"href":"https:\/\/www.hydraulic-cylinders.net\/ro\/wp-json\/wp\/v2\/product\/19701","targetHints":{"allow":["GET"]}}],"collection":[{"href":"https:\/\/www.hydraulic-cylinders.net\/ro\/wp-json\/wp\/v2\/product"}],"about":[{"href":"https:\/\/www.hydraulic-cylinders.net\/ro\/wp-json\/wp\/v2\/types\/product"}],"replies":[{"embeddable":true,"href":"https:\/\/www.hydraulic-cylinders.net\/ro\/wp-json\/wp\/v2\/comments?post=19701"}],"wp:featuredmedia":[{"embeddable":true,"href":"https:\/\/www.hydraulic-cylinders.net\/ro\/wp-json\/wp\/v2\/media\/17874"}],"wp:attachment":[{"href":"https:\/\/www.hydraulic-cylinders.net\/ro\/wp-json\/wp\/v2\/media?parent=19701"}],"wp:term":[{"taxonomy":"product_brand","embeddable":true,"href":"https:\/\/www.hydraulic-cylinders.net\/ro\/wp-json\/wp\/v2\/product_brand?post=19701"},{"taxonomy":"product_cat","embeddable":true,"href":"https:\/\/www.hydraulic-cylinders.net\/ro\/wp-json\/wp\/v2\/product_cat?post=19701"},{"taxonomy":"product_tag","embeddable":true,"href":"https:\/\/www.hydraulic-cylinders.net\/ro\/wp-json\/wp\/v2\/product_tag?post=19701"}],"curies":[{"name":"wp","href":"https:\/\/api.w.org\/{rel}","templated":true}]}}