{"id":19702,"date":"2025-04-07T07:02:36","date_gmt":"2025-04-07T07:02:36","guid":{"rendered":"https:\/\/www.hydraulic-cylinders.net\/product\/boom-cylinder-for-sinomach-zg3225c-9c\/"},"modified":"2025-04-07T07:02:39","modified_gmt":"2025-04-07T07:02:39","slug":"boom-cylinder-for-sinomach-zg3225c-9c","status":"publish","type":"product","link":"https:\/\/www.hydraulic-cylinders.net\/ro\/produs\/boom-cylinder-for-sinomach-zg3225c-9c\/","title":{"rendered":"Cilindru bra\u021b pentru Sinomach ZG3225C-9C"},"content":{"rendered":"<h1>Cilindru bra\u021b pentru Sinomach ZG3225C-9C<\/h1>\n<h2>Prezentare general\u0103 a cilindrului bra\u021bului<\/h2>\n<p>Cilindrul bra\u021bului este o component\u0103 crucial\u0103 \u00een sistemele hidraulice, special conceput pentru a controla mi\u0219carea cupelor \u00een utilaje grele, cum ar fi excavatoarele, \u00eenc\u0103rc\u0103toarele cu excavator \u0219i \u00eenc\u0103rc\u0103toarele frontale. Acest cilindru hidraulic permite ridicarea, cobor\u00e2rea \u0219i \u00eenclinarea cupei, facilit\u00e2nd sarcini eficiente de manipulare a materialelor. Cilindrul cupei func\u021bioneaz\u0103 utiliz\u00e2nd fluid hidraulic pentru a crea o for\u021b\u0103 care mi\u0219c\u0103 pistonul \u00een interiorul cilindrului, permi\u021b\u00e2nd controlul \u0219i func\u021bionarea precis\u0103 a echipamentului ata\u0219at.<\/p>\n<p><img decoding=\"async\" src=\"https:\/\/www.hydraulic-cylinders.net\/wp-content\/uploads\/2025\/04\/songte-company-1.webp\" alt=\"Imaginea cilindrului bra\u021bului\" \/><\/p>\n<h3>Defini\u021bie \u0219i func\u021bie<\/h3>\n<p>Un cilindru hidraulic pentru cup\u0103 este un tip de cilindru hidraulic conceput pentru a gestiona mi\u0219c\u0103rile cupelor \u00een diverse utilaje de construc\u021bii \u0219i agricole. Acesta joac\u0103 un rol vital \u00een a permite operatorilor de echipamente s\u0103 manipuleze eficient pozi\u021bia cupei, ceea ce este esen\u021bial pentru sarcini precum s\u0103parea, \u00eenc\u0103rcarea \u0219i transportul materialelor. Permi\u021b\u00e2nd mi\u0219c\u0103ri line \u0219i controlate, un cilindru al bra\u021bului \u00eembun\u0103t\u0103\u021be\u0219te productivitatea \u0219i eficien\u021ba general\u0103 a opera\u021biunilor grele.<\/p>\n<h2>Caracteristici cheie ale cilindrului bra\u021bului<\/h2>\n<ul>\n<li><strong>Rezisten\u021b\u0103 \u0219i durabilitate ridicate:<\/strong> Construi\u021bi din o\u021bel sau aluminiu de \u00eenalt\u0103 rezisten\u021b\u0103, ace\u0219ti cilindri pot rezista la presiuni ridicate \u0219i sarcini grele, fiind potrivi\u021bi pentru medii de lucru dure.<\/li>\n<li><strong>Func\u021bionare hidraulic\u0103 eficient\u0103:<\/strong> Cilindrul utilizeaz\u0103 presiunea fluidului hidraulic pentru o extensie \u0219i retragere lin\u0103, permi\u021b\u00e2nd un r\u0103spuns rapid la comenzile operatorului.<\/li>\n<li><strong>Diverse tipuri:<\/strong> Disponibil \u00een variante cu ac\u021biune simpl\u0103 \u0219i dubl\u0103, cilindrul bra\u021bului poate fi adaptat pentru a \u00eendeplini cerin\u021be opera\u021bionale specifice.<\/li>\n<li><strong>Design eficient din punct de vedere al spa\u021biului:<\/strong> Unele modele au un design telescopic, permi\u021b\u00e2nd o extindere mai mare f\u0103r\u0103 a cre\u0219te dimensiunile exterioare, ideal pentru spa\u021bii \u00eenguste.<\/li>\n<li><strong>Rezisten\u021b\u0103 la coroziune:<\/strong> Proiectat cu accent pe rezisten\u021ba la uzur\u0103 \u0219i protec\u021bia la coroziune, asigur\u00e2nd longevitate \u0219i fiabilitate.<\/li>\n<\/ul>\n<p>Putem fabrica acest produs perfect pentru a \u00eenlocui cilindrii hidraulici existen\u021bi, men\u021bin\u00e2nd standarde \u00eenalte de calitate.<\/p>\n<p><img decoding=\"async\" src=\"https:\/\/www.hydraulic-cylinders.net\/wp-content\/uploads\/2025\/04\/songte-cylinder-head-with-all-kinds-excavator-models.webp\" alt=\"Modele de excavatoare\" \/><\/p>\n<h2>Aplica\u021bii ale cilindrului bra\u021bului<\/h2>\n<h3>Echipamente de construc\u021bii<\/h3>\n<p>\u00cen excavatoare, cilindrii bra\u021bului sunt esen\u021biali pentru s\u0103pare, \u00eenc\u0103rcare \u0219i mutarea solului sau a resturilor. Ace\u0219tia ofer\u0103 for\u021ba necesar\u0103 pentru a p\u0103trunde \u00een sol, ceea ce \u00eei face cruciali pentru proiectele de construc\u021bii.<\/p>\n<h3>Ma\u0219ini agricole<\/h3>\n<p>\u00cen cazul \u00eenc\u0103rc\u0103toarelor frontale, cilindrii bra\u021bului faciliteaz\u0103 ridicarea \u0219i transportul solului, f\u00e2nului \u0219i altor materiale. Capacitatea lor de a manipula diverse sarcini le face nepre\u021buite \u00een opera\u021biunile agricole.<\/p>\n<h3>Excavatoare<\/h3>\n<p>Ace\u0219ti cilindri permit cupei excavatorului s\u0103 p\u0103trund\u0103 eficient \u00een sol, permi\u021b\u00e2nd opera\u021biuni eficiente de excavare. Designul lor sus\u021bine cerin\u021bele riguroase ale sarcinilor de excavare.<\/p>\n<h3>\u00cenc\u0103rc\u0103toare<\/h3>\n<p>La \u00eenc\u0103rc\u0103toarele frontale, cilindrii bra\u021bului ajut\u0103 la ridicarea \u0219i desc\u0103rcarea eficient\u0103 a sarcinilor, cresc\u00e2nd productivitatea \u0219i versatilitatea ma\u0219inii \u00een manipularea materialelor.<\/p>\n<h2>Considera\u021bii de proiectare \u0219i criterii de selec\u021bie<\/h2>\n<h3>Capacitate de \u00eenc\u0103rcare<\/h3>\n<p>Alegerea unui cilindru pentru bra\u021b include evaluarea capacit\u0103\u021bii sale de \u00eenc\u0103rcare pentru a se asigura c\u0103 \u00eendepline\u0219te cerin\u021bele opera\u021bionale. Cilindrul trebuie s\u0103 suporte greutatea combinat\u0103 a cupei \u0219i a materialelor mutate, men\u021bin\u00e2nd \u00een acela\u0219i timp integritatea structural\u0103.<\/p>\n<h3>Etan\u0219are \u0219i durabilitate<\/h3>\n<p>Etan\u0219area eficient\u0103 este esen\u021bial\u0103 pentru a preveni scurgerile de fluid hidraulic, care pot compromite performan\u021ba. Garnituri de \u00eenalt\u0103 calitate trebuie utilizate pentru a asigura longevitatea \u0219i fiabilitatea, \u00een special \u00een aplica\u021biile de \u00eenalt\u0103 presiune.<\/p>\n<h3>Caracteristici de siguran\u021b\u0103<\/h3>\n<p>Siguran\u021ba este primordial\u0103 atunci c\u00e2nd se opereaz\u0103 cilindri hidraulici. Caracteristici precum supapele de suprapresiune \u0219i blocajele de siguran\u021b\u0103 ajut\u0103 la prevenirea accidentelor \u0219i asigur\u0103 o func\u021bionare sigur\u0103 \u00een diverse condi\u021bii.<\/p>\n<h3>\u00centre\u021binere \u0219i accesibilitate<\/h3>\n<p>Proiectarea unui cilindru pentru bra\u021b av\u00e2nd \u00een vedere u\u0219urin\u021ba \u00eentre\u021binerii asigur\u0103 faptul c\u0103 operatorii pot efectua verific\u0103ri \u0219i service regulate, prelungind durata de via\u021b\u0103 total\u0103 a cilindrului \u0219i sporindu-i fiabilitatea.<\/p>\n<p><img decoding=\"async\" src=\"https:\/\/www.hydraulic-cylinders.net\/wp-content\/uploads\/2025\/04\/songte-oil-pipes-and-spare-parts.webp\" alt=\"Piese hidraulice\" \/><\/p>\n<h2>Etan\u0219are \u0219i lubrifiere<\/h2>\n<p>Diverse etan\u0219\u0103ri, cum ar fi etan\u0219\u0103rile pistonului \u0219i etan\u0219\u0103rile tijei, sunt cruciale pentru men\u021binerea integrit\u0103\u021bii hidraulice. Utilizarea materialelor rezistente la uzur\u0103, precum poliuretanul \u0219i cauciucul nitrilic, spore\u0219te durabilitatea cilindrului. \u00cen plus, corpul cilindrului \u0219i capetele filetate necesit\u0103 tratamente fine de suprafa\u021b\u0103 pentru a \u00eembun\u0103t\u0103\u021bi rezisten\u021ba la uzur\u0103. Lubrifierea regulat\u0103 cu ulei hidraulic este esen\u021bial\u0103 pentru performan\u021be optime \u0219i longevitate.<\/p>\n<h2>Inspec\u021bie regulat\u0103 \u0219i \u00eentre\u021binere preventiv\u0103<\/h2>\n<ul>\n<li><strong>Inspec\u021bii vizuale:<\/strong> Efectua\u021bi verific\u0103ri vizuale regulate pentru scurgeri, fisuri \u0219i uzur\u0103 a garniturilor pentru a identifica din timp poten\u021bialele probleme.<\/li>\n<li><strong>Verific\u0103ri ale lubrifierii:<\/strong> Asigura\u021bi o lubrifiere corespunz\u0103toare a pieselor mobile pentru a preveni uzura excesiv\u0103.<\/li>\n<li><strong>\u00cenlocuirea garniturii:<\/strong> \u00cenlocui\u021bi garniturile \u00een mod regulat, dup\u0103 cum este necesar, pentru a men\u021bine presiunea hidraulic\u0103 \u0219i a preveni scurgerile.<\/li>\n<\/ul>\n<h2>Instruc\u021biuni de instalare<\/h2>\n<p>Instalarea corect\u0103 a unui cilindru al bra\u021bului este esen\u021bial\u0103 pentru o performan\u021b\u0103 optim\u0103. Asigura\u021bi-v\u0103 c\u0103 cilindrul este aliniat corect cu suporturile de montare pentru a preveni solicitarea excesiv\u0103 a sistemului hidraulic. Utiliza\u021bi suporturi de montare adecvate pentru a fixa cilindrul \u00een pozi\u021bie. Urma\u021bi instruc\u021biunile produc\u0103torului pentru specifica\u021biile de cuplu \u0219i procedurile de conectare pentru a asigura o instalare sigur\u0103 \u0219i eficient\u0103.<\/p>\n<h2>Sarcini comune de \u00eentre\u021binere<\/h2>\n<ul>\n<li><strong>Inspec\u021bii regulate:<\/strong> Efectuarea inspec\u021biilor de rutin\u0103 ajut\u0103 la identificarea poten\u021bialelor probleme \u00eenainte ca acestea s\u0103 escaladeze, asigur\u00e2nd longevitatea cilindrului.<\/li>\n<li><strong>Lubrifiere adecvat\u0103:<\/strong> Lubrifierea adecvat\u0103 este crucial\u0103 pentru \u00eentre\u021binerea pieselor mobile \u0219i prevenirea uzurii, \u00eembun\u0103t\u0103\u021bind astfel performan\u021ba cilindrului.<\/li>\n<li><strong>\u00cenlocuirea garniturii:<\/strong> \u00cenlocuirea la timp a garniturilor este esen\u021bial\u0103 pentru men\u021binerea presiunii hidraulice \u0219i prevenirea scurgerilor, promov\u00e2nd o func\u021bionare eficient\u0103.<\/li>\n<\/ul>\n<h2>Considera\u021bii de siguran\u021b\u0103 \u0219i factori de mediu<\/h2>\n<p>Implementarea m\u0103surilor de siguran\u021b\u0103 \u00een timpul utiliz\u0103rii cilindrilor hidraulici este vital\u0103. Operatorii trebuie s\u0103 fie instrui\u021bi s\u0103 recunoasc\u0103 pericolele asociate cu sistemele hidraulice \u0219i s\u0103 utilizeze echipamentul individual de protec\u021bie (EIP) adecvat. \u00cen plus, considera\u021biile de mediu, cum ar fi eliminarea corect\u0103 a fluidelor \u0219i minimizarea scurgerilor, sunt esen\u021biale pentru a men\u021bine un mediu de lucru sigur.<\/p>\n<h2>Depanare \u0219i probleme frecvente<\/h2>\n<ul>\n<li><strong>Scurgere:<\/strong> Verifica\u021bi garniturile \u0219i fitingurile pentru uzur\u0103 \u0219i \u00eenlocui\u021bi-le dup\u0103 cum este necesar. Asigura\u021bi-v\u0103 c\u0103 racordurile sunt str\u00e2nse pentru a preveni pierderea de lichid.<\/li>\n<li><strong>Func\u021bionare lent\u0103:<\/strong> Verifica\u021bi nivelul \u0219i calitatea fluidului hidraulic. Lichidul contaminat sau cu nivel sc\u0103zut poate cauza o performan\u021b\u0103 redus\u0103. \u00centre\u021binerea regulat\u0103 a filtrelor hidraulice este esen\u021bial\u0103.<\/li>\n<li><strong>Zgomote neobi\u0219nuite:<\/strong> Zgomotele din timpul func\u021bion\u0103rii pot indica uzur\u0103 sau deteriorare. Inspec\u021bia cilindrului \u0219i a componentelor din jur este necesar\u0103 pentru a identifica sursa.<\/li>\n<\/ul>\n<p>Abordarea prompt\u0103 a acestor probleme poate preveni daune suplimentare \u0219i poate men\u021bine eficien\u021ba opera\u021bional\u0103.<\/p>\n<p>Pentru a cre\u0219te longevitatea cilindrului bra\u021bului, este esen\u021bial s\u0103 se adopte m\u0103suri preventive, cum ar fi verific\u0103ri regulate de \u00eentre\u021binere, repara\u021bii la timp \u0219i gestionarea fluidelor. Ac\u021biunea proactiv\u0103 minimizeaz\u0103 poten\u021bialele probleme \u0219i asigur\u0103 performan\u021be fiabile.<\/p>\n<p><img decoding=\"async\" src=\"https:\/\/www.hydraulic-cylinders.net\/wp-content\/uploads\/2025\/04\/songte-bushings-with-all-kinds-of-excavator-models.webp\" alt=\"Buc\u0219e cu modele de excavatoare\" \/><\/p>\n<h2>Prezentare general\u0103 a companiei<\/h2>\n<p>Suntem un produc\u0103tor important de cilindri hidraulici de schimb, furniz\u00e2nd o gam\u0103 divers\u0103 de produse at\u00e2t pie\u021belor interne, c\u00e2t \u0219i interna\u021bionale. Angajamentul nostru fa\u021b\u0103 de calitatea superioar\u0103 este sus\u021binut de o strategie de fabrica\u021bie rafinat\u0103, utiliz\u00e2nd tehnologie avansat\u0103 \u0219i profesioni\u0219ti califica\u021bi. Capacit\u0103\u021bile noastre de produc\u021bie sunt \u00eembun\u0103t\u0103\u021bite de echipamente digitale de fabrica\u021bie de ultim\u0103 genera\u021bie \u0219i sisteme de testare specializate, asigur\u00e2ndu-ne c\u0103 fiecare produs \u00eendepline\u0219te standarde stricte de calitate.<\/p>\n<p><img decoding=\"async\" src=\"https:\/\/www.hydraulic-cylinders.net\/wp-content\/uploads\/2025\/04\/songte-company-4.webp\" alt=\"Imaginea companiei 1\" \/><br \/>\n<img decoding=\"async\" src=\"https:\/\/www.hydraulic-cylinders.net\/wp-content\/uploads\/2025\/04\/songte-company-3.webp\" alt=\"Imaginea companiei 2\" \/><\/p>\n<p>Punem accent pe profesionalism, certific\u0103ri interna\u021bionale \u0219i servicii personalizate pentru a satisface nevoile unice ale clien\u021bilor. Echipamentele noastre avansate de produc\u021bie asigur\u0103 c\u0103 r\u0103m\u00e2nem competitivi \u00een industria de fabrica\u021bie a cilindrilor hidraulici, oferind servicii post-v\u00e2nzare excep\u021bionale pentru a cultiva rela\u021bii pe termen lung cu clien\u021bii.<\/p>\n<p>Autor: lyl<\/p>","protected":false},"excerpt":{"rendered":"<p>Boom Cylinder For Sinomach ZG3225C-9C Overview of Boom Cylinder The Boom Cylinder is a crucial component in hydraulic systems, specifically designed to control the movement of buckets in heavy machinery such as excavators, backhoe loaders, and front loaders. This hydraulic cylinder enables the bucket to lift, lower, and tilt, facilitating efficient material handling tasks. The [&hellip;]<\/p>","protected":false},"featured_media":17875,"comment_status":"open","ping_status":"closed","template":"","meta":{"_et_pb_use_builder":"","_et_pb_old_content":"","_et_gb_content_width":""},"product_brand":[],"product_cat":[1546],"product_tag":[1547,1496],"class_list":{"0":"post-19702","1":"product","2":"type-product","3":"status-publish","4":"has-post-thumbnail","6":"product_cat-boom-cylinders","7":"product_tag-boom-cylinders","8":"product_tag-hydraulic-cylinders","10":"first","11":"instock","12":"shipping-taxable","13":"product-type-simple"},"amp_enabled":true,"_links":{"self":[{"href":"https:\/\/www.hydraulic-cylinders.net\/ro\/wp-json\/wp\/v2\/product\/19702","targetHints":{"allow":["GET"]}}],"collection":[{"href":"https:\/\/www.hydraulic-cylinders.net\/ro\/wp-json\/wp\/v2\/product"}],"about":[{"href":"https:\/\/www.hydraulic-cylinders.net\/ro\/wp-json\/wp\/v2\/types\/product"}],"replies":[{"embeddable":true,"href":"https:\/\/www.hydraulic-cylinders.net\/ro\/wp-json\/wp\/v2\/comments?post=19702"}],"wp:featuredmedia":[{"embeddable":true,"href":"https:\/\/www.hydraulic-cylinders.net\/ro\/wp-json\/wp\/v2\/media\/17875"}],"wp:attachment":[{"href":"https:\/\/www.hydraulic-cylinders.net\/ro\/wp-json\/wp\/v2\/media?parent=19702"}],"wp:term":[{"taxonomy":"product_brand","embeddable":true,"href":"https:\/\/www.hydraulic-cylinders.net\/ro\/wp-json\/wp\/v2\/product_brand?post=19702"},{"taxonomy":"product_cat","embeddable":true,"href":"https:\/\/www.hydraulic-cylinders.net\/ro\/wp-json\/wp\/v2\/product_cat?post=19702"},{"taxonomy":"product_tag","embeddable":true,"href":"https:\/\/www.hydraulic-cylinders.net\/ro\/wp-json\/wp\/v2\/product_tag?post=19702"}],"curies":[{"name":"wp","href":"https:\/\/api.w.org\/{rel}","templated":true}]}}