{"id":19707,"date":"2025-04-07T07:03:02","date_gmt":"2025-04-07T07:03:02","guid":{"rendered":"https:\/\/www.hydraulic-cylinders.net\/product\/boom-cylinder-for-hengte-ht150-8\/"},"modified":"2025-04-07T07:03:05","modified_gmt":"2025-04-07T07:03:05","slug":"boom-cylinder-for-hengte-ht150-8","status":"publish","type":"product","link":"https:\/\/www.hydraulic-cylinders.net\/ro\/produs\/boom-cylinder-for-hengte-ht150-8\/","title":{"rendered":"Cilindru bra\u021b pentru Hengte HT150-8"},"content":{"rendered":"<h1>Cilindru bra\u021b pentru Hengte HT150-8<\/h1>\n<h2>Introducere \u00een cilindrul bra\u021bului<\/h2>\n<p>Cilindrul bra\u021bului, conceput special pentru Hengte HT150-8, este o component\u0103 hidraulic\u0103 esen\u021bial\u0103 care joac\u0103 un rol vital \u00een func\u021bionarea utilajelor grele. Acest cilindru hidraulic este utilizat \u00een principal pentru a controla mi\u0219carea cupei \u00een diverse aplica\u021bii, cum ar fi excavatoare, \u00eenc\u0103rc\u0103toare frontale \u0219i \u00eenc\u0103rc\u0103toare frontale. Acesta permite ridicarea, cobor\u00e2rea \u0219i \u00eenclinarea cupei, facilit\u00e2nd sarcini eficiente de manipulare a materialelor.<\/p>\n<p><img decoding=\"async\" src=\"https:\/\/www.hydraulic-cylinders.net\/wp-content\/uploads\/2025\/04\/songte-company-1.webp\" alt=\"Cilindru de bra\u021b\"><\/p>\n<h3>Prezentare general\u0103 a cilindrilor cupei<\/h3>\n<p>Cilindrii cupei sunt un tip de cilindru hidraulic special conceput pentru a controla mi\u0219carea cupelor \u00een utilajele grele. Ace\u0219tia sunt cruciali pentru sarcinile care implic\u0103 excavarea, \u00eenc\u0103rcarea \u0219i transportul materialelor. Func\u021bionarea acestor cilindri se bazeaz\u0103 pe fluidul hidraulic, care creeaz\u0103 presiunea necesar\u0103 pentru a permite o mi\u0219care lin\u0103 \u0219i eficient\u0103 a cupei. Permi\u021b\u00e2nd cupei s\u0103 se mi\u0219te \u00een diferite direc\u021bii, cilindrii cupei sporesc semnificativ versatilitatea \u0219i func\u021bionalitatea echipamentelor de construc\u021bii \u0219i agricole.<\/p>\n<h2>Caracteristici cheie ale cilindrului bra\u021bului<\/h2>\n<ul>\n<li><strong>Rezisten\u021b\u0103 \u0219i durabilitate ridicate:<\/strong> Fabrica\u021bi din o\u021bel sau aluminiu de \u00eenalt\u0103 rezisten\u021b\u0103, cilindrii bra\u021bului sunt proiecta\u021bi s\u0103 reziste la presiuni ridicate \u0219i sarcini grele, fiind potrivi\u021bi pentru medii de lucru dure.<\/li>\n<li><strong>Func\u021bionare hidraulic\u0103 eficient\u0103:<\/strong> Cilindrul utilizeaz\u0103 presiunea uleiului hidraulic pentru o extensie \u0219i retragere lin\u0103, oferind un r\u0103spuns rapid la comenzile de control \u0219i capacit\u0103\u021bi puternice de \u00eempingere \u0219i tragere.<\/li>\n<li><strong>Diverse tipuri:<\/strong> Disponibil at\u00e2t \u00een \u200b\u200bconfigura\u021bii cu ac\u021biune simpl\u0103, c\u00e2t \u0219i cu ac\u021biune dubl\u0103, permi\u021b\u00e2nd diverse nevoi opera\u021bionale. Unele modele sunt dotate cu design telescopic pentru o raz\u0103 de ac\u021biune extins\u0103 f\u0103r\u0103 a cre\u0219te dimensiunea total\u0103.<\/li>\n<li><strong>Tehnologie avansat\u0103 de etan\u0219are:<\/strong> \u00cencorporeaz\u0103 garnituri de \u00eenalt\u0103 calitate care asigur\u0103 reten\u021bia fluidului hidraulic, prevenind scurgerile \u0219i asigur\u00e2nd performan\u021be optime.<\/li>\n<li><strong>Fabrica\u021bie personalizat\u0103:<\/strong> Compania noastr\u0103 poate produce \u00eenlocuitori perfec\u021bi pentru ace\u0219ti cilindri hidraulici, asigur\u00e2nd compatibilitatea cu diverse modele de utilaje.<\/li>\n<\/ul>\n<p><img decoding=\"async\" src=\"https:\/\/www.hydraulic-cylinders.net\/wp-content\/uploads\/2025\/04\/songte-cylinder-head-with-all-kinds-excavator-models.webp\" alt=\"Compatibilitatea cilindrilor bra\u021bului\"><\/p>\n<h2>Aplica\u021bii ale cilindrului bra\u021bului<\/h2>\n<h3>Echipamente de construc\u021bii<\/h3>\n<p>\u00cen echipamentele de construc\u021bii, cilindrii bra\u021bului sunt componente indispensabile care se g\u0103sesc \u00een excavatoare. Ace\u0219tia permit s\u0103parea, \u00eenc\u0103rcarea \u0219i mi\u0219carea eficient\u0103 a solului sau a resturilor. Capacitatea de a controla unghiul \u0219i ad\u00e2ncimea cupei \u00eembun\u0103t\u0103\u021be\u0219te semnificativ productivitatea ma\u0219inii, permi\u021b\u00e2nd o excavare precis\u0103 \u0219i o gestionare a materialelor. Integrarea cilindrilor bra\u021bului \u00een \u00eenc\u0103rc\u0103toarele excavatoare ajut\u0103 \u00een plus at\u00e2t la sarcinile de s\u0103pare, c\u00e2t \u0219i la cele de ridicare, ceea ce le face o alegere versatil\u0103 pentru opera\u021biunile de construc\u021bii.<\/p>\n<h3>Ma\u0219ini agricole<\/h3>\n<p>\u00cen agricultur\u0103, \u00eenc\u0103rc\u0103toarele frontale utilizeaz\u0103 cilindri ai bra\u021bului pentru diverse sarcini, cum ar fi scoaterea, ridicarea \u0219i transportul solului, f\u00e2nului \u0219i al altor materiale. Capacitatea de a manevra eficient cupa este crucial\u0103 pentru sarcini precum \u00eenc\u0103rcarea furajelor, mutarea culturilor sau cur\u0103\u021barea terenului. Rezisten\u021ba \u0219i viteza de reac\u021bie a cilindrului bra\u021bului asigur\u0103 c\u0103 aceste ma\u0219ini pot manipula eficient sarcini grele, maximiz\u00e2nd productivitatea \u00een timpul opera\u021biunilor agricole.<\/p>\n<h3>Excavatoare<\/h3>\n<p>La excavatoare, cilindrul bra\u021bului faciliteaz\u0103 ac\u021biunea de s\u0103pare permi\u021b\u00e2nd cupei s\u0103 p\u0103trund\u0103 eficient \u00een sol. Puterea sa hidraulic\u0103 asigur\u0103 c\u0103 ma\u0219ina poate efectua excava\u021bii ad\u00e2nci cu efort minim. Controlul de precizie oferit de cilindrul bra\u021bului permite operatorilor s\u0103 execute opera\u021biuni complexe de s\u0103pare cu acurate\u021be, sporind eficien\u021ba opera\u021bional\u0103 general\u0103.<\/p>\n<h3>\u00cenc\u0103rc\u0103toare<\/h3>\n<p>\u00cen cazul \u00eenc\u0103rc\u0103toarelor frontale, cilindrii bra\u021bului joac\u0103 un rol esen\u021bial \u00een ridicarea \u0219i desc\u0103rcarea eficient\u0103 a materialelor. Ace\u0219tia ofer\u0103 for\u021ba necesar\u0103 pentru a ridica sarcini grele, asigur\u00e2nd transportul sigur \u0219i eficient al materialelor dintr-o loca\u021bie \u00een alta. Natura receptiv\u0103 a cilindrului bra\u021bului permite opera\u021biuni de desc\u0103rcare rapide \u0219i precise, ceea ce face ca \u00eenc\u0103rc\u0103toarele s\u0103 fie extrem de eficiente \u00een sarcinile de construc\u021bii \u0219i manipulare a materialelor.<\/p>\n<h2>Considera\u021bii de proiectare \u0219i criterii de selec\u021bie<\/h2>\n<h3>Capacitate de \u00eenc\u0103rcare<\/h3>\n<p>La proiectarea unui cilindru pentru bra\u021b, capacitatea de \u00eenc\u0103rcare este una dintre cele mai importante considera\u021bii. Fiecare cilindru trebuie s\u0103 poat\u0103 suporta sarcinile maxime anticipate f\u0103r\u0103 defec\u021biuni. Acest lucru necesit\u0103 o selec\u021bie atent\u0103 a materialelor \u0219i a specifica\u021biilor de proiectare care s\u0103 \u021bin\u0103 cont de solicit\u0103rile a\u0219teptate \u00een timpul func\u021bion\u0103rii. Inginerii efectueaz\u0103 adesea calcule \u0219i simul\u0103ri ample pentru a determina limitele de \u00eenc\u0103rcare adecvate, asigur\u00e2nd siguran\u021ba \u0219i fiabilitatea \u00een timpul utiliz\u0103rii.<\/p>\n<h3>Integritatea etan\u0219\u0103rii<\/h3>\n<p>Etan\u0219area este esen\u021bial\u0103 pentru func\u021bionarea eficient\u0103 a cilindrilor hidraulici. Etan\u0219\u0103rile de \u00eenalt\u0103 calitate previn scurgerile de fluid hidraulic, care pot compromite performan\u021ba \u0219i pot duce la defec\u021biuni ale sistemului. Selec\u021bia materialelor de etan\u0219are, cum ar fi poliuretanul sau cauciucul nitrilic, este influen\u021bat\u0103 de factori precum condi\u021biile de temperatur\u0103 \u0219i presiune. Mecanismele de etan\u0219are eficiente trebuie proiectate pentru a rezista la medii de lucru dure, men\u021bin\u00e2nd \u00een acela\u0219i timp integritatea performan\u021bei.<\/p>\n<h3>Durabilitate<\/h3>\n<p>Durabilitatea este un aspect cheie al designului oric\u0103rui cilindru hidraulic. Inginerii se concentreaz\u0103 pe selec\u021bia materialelor \u0219i tratamentele de suprafa\u021b\u0103 care sporesc rezisten\u021ba la uzur\u0103 \u0219i protec\u021bia \u00eempotriva coroziunii. Acest lucru asigur\u0103 c\u0103 cilindrul poate func\u021biona fiabil \u00een diverse condi\u021bii, inclusiv expunerea la murd\u0103rie, umiditate \u0219i substan\u021be chimice. Testarea regulat\u0103 \u0219i m\u0103surile de control al calit\u0103\u021bii contribuie, de asemenea, la longevitatea \u0219i robuste\u021bea produsului.<\/p>\n<h3>Caracteristici de siguran\u021b\u0103<\/h3>\n<p>Incorporarea caracteristicilor de siguran\u021b\u0103 \u00een proiectarea cilindrilor bra\u021bului este esen\u021bial\u0103. Aceasta include mecanisme care previn mi\u0219carea neinten\u021bionat\u0103, cum ar fi blocajele de siguran\u021b\u0103 \u0219i supapele de suprapresiune. Testarea siguran\u021bei este o etap\u0103 crucial\u0103 \u00een procesul de proiectare, asigur\u00e2nd c\u0103 cilindrul respect\u0103 standardele industriei \u0219i oferind operatorilor lini\u0219te sufleteasc\u0103 \u00een timpul utiliz\u0103rii.<\/p>\n<h3>Mentenabilitate<\/h3>\n<p>U\u0219urin\u021ba \u00eentre\u021binerii este o alt\u0103 considera\u021bie important\u0103. Un cilindru hidraulic bine proiectat ar trebui s\u0103 permit\u0103 inspec\u021bii, repara\u021bii \u0219i \u00eenlocuiri simple ale pieselor. Caracteristicile de proiectare care faciliteaz\u0103 accesul la componentele critice ajut\u0103 la minimizarea timpilor de nefunc\u021bionare \u0219i a costurilor de \u00eentre\u021binere, asigur\u00e2nd c\u0103 echipamentul r\u0103m\u00e2ne func\u021bional pe perioade lungi de timp.<\/p>\n<p><img decoding=\"async\" src=\"https:\/\/www.hydraulic-cylinders.net\/wp-content\/uploads\/2025\/04\/songte-oil-pipes-and-spare-parts.webp\" alt=\"Piese cilindru hidraulic\"><\/p>\n<h2>Etan\u0219are \u0219i lubrifiere<\/h2>\n<p>Etan\u0219area \u0219i lubrifierea corespunz\u0103toare sunt vitale pentru func\u021bionarea eficient\u0103 a cilindrilor hidraulici. Diverse tipuri de etan\u0219\u0103ri, cum ar fi etan\u0219\u0103rile pistonului \u0219i etan\u0219\u0103rile tijei, sunt utilizate pentru a men\u021bine integritatea fluidului hidraulic. Etan\u0219\u0103rile fabricate din materiale rezistente la uzur\u0103, cum ar fi poliuretanul \u0219i cauciucul nitrilic, asigur\u0103 performan\u021be de lung\u0103 durat\u0103. \u00cen plus, corpul cilindrului \u0219i capetele filetate sunt supuse unor prelucr\u0103ri de precizie pentru a spori durabilitatea \u0219i rezisten\u021ba la uzur\u0103.<\/p>\n<p>Lubrifierea regulat\u0103 cu uleiul hidraulic adecvat este necesar\u0103 pentru a reduce frecarea \u0219i uzura din interiorul cilindrului. Operatorii ar trebui s\u0103 monitorizeze nivelurile de ulei \u0219i s\u0103 le completeze dup\u0103 cum este necesar pentru a men\u021bine performan\u021be optime. Implementarea unei rutine de lubrifiere programate poate prelungi semnificativ durata de via\u021b\u0103 a sistemului hidraulic.<\/p>\n<h2>\u00centre\u021binere de rutin\u0103 \u0219i m\u0103suri preventive<\/h2>\n<ul>\n<li><strong>Inspec\u021bii regulate:<\/strong> Efectua\u021bi verific\u0103ri de rutin\u0103 ale sistemului hidraulic pentru a detecta orice semne de uzur\u0103 sau deteriorare. Depistarea timpurie poate preveni probleme mai semnificative pe viitor.<\/li>\n<li><strong>Lubrifiere adecvat\u0103:<\/strong> Asigura\u021bi-v\u0103 c\u0103 toate piesele mobile sunt lubrifiate corespunz\u0103tor pentru a minimiza frecarea \u0219i uzura. Un sistem bine lubrifiat func\u021bioneaz\u0103 mai eficient \u0219i are o durat\u0103 de via\u021b\u0103 mai lung\u0103.<\/li>\n<li><strong>\u00cenlocuirea garniturii:<\/strong> Verifica\u021bi periodic garniturile pentru a depista orice semne de uzur\u0103 sau deteriorare. \u00cenlocuirea prompt\u0103 a garniturilor uzate poate preveni scurgerile \u0219i poate men\u021bine integritatea sistemului hidraulic.<\/li>\n<\/ul>\n<h2>Instruc\u021biuni de instalare<\/h2>\n<p>Instalarea corect\u0103 a cilindrului bra\u021bului este crucial\u0103 pentru o performan\u021b\u0103 optim\u0103. \u00cencepe\u021bi prin a v\u0103 asigura c\u0103 toate componentele sunt curate \u0219i f\u0103r\u0103 resturi. Alinia\u021bi corect cilindrul cu suporturile de montare pentru a evita problemele de nealiniere. Utiliza\u021bi accesoriile de montare adecvate pentru a fixa cilindrul \u00een pozi\u021bie, asigur\u00e2ndu-v\u0103 c\u0103 poate rezista la solicit\u0103rile opera\u021bionale. Este recomandabil s\u0103 consulta\u021bi specifica\u021biile produc\u0103torului pentru set\u0103rile de cuplu \u0219i detaliile de aliniere.<\/p>\n<p>Dup\u0103 instalare, efectua\u021bi un test func\u021bional pentru a verifica func\u021bionarea cilindrului. Verifica\u021bi dac\u0103 exist\u0103 scurgeri hidraulice \u0219i efectua\u021bi ajust\u0103rile necesare. Monitoriza\u021bi periodic instala\u021bia pentru a depista orice semne de uzur\u0103 sau nealiniere, remediind prompt problemele pentru a men\u021bine performan\u021ba.<\/p>\n<h2>Sarcini comune de \u00eentre\u021binere<\/h2>\n<h3>Inspec\u021bii regulate<\/h3>\n<p>Efectuarea inspec\u021biilor regulate este crucial\u0103 pentru identificarea poten\u021bialelor probleme \u00eenainte ca acestea s\u0103 devin\u0103 probleme grave. Inspecta\u021bi toate conexiunile hidraulice, garniturile \u0219i furtunurile pentru scurgeri. C\u0103uta\u021bi semne de uzur\u0103 pe corpul cilindrului \u0219i asigura\u021bi-v\u0103 c\u0103 toate componentele de montare sunt fixate. Verific\u0103rile regulate ajut\u0103 la men\u021binerea eficien\u021bei opera\u021bionale \u0219i la prevenirea defec\u021biunilor nea\u0219teptate.<\/p>\n<h3>Lubrifiere adecvat\u0103<\/h3>\n<p>Lubrifierea este vital\u0103 pentru a asigura func\u021bionarea f\u0103r\u0103 probleme a cilindrului hidraulic. Men\u021bine\u021bi niveluri adecvate de fluid hidraulic \u0219i asigura\u021bi-v\u0103 c\u0103 fluidul este curat \u0219i lipsit de contaminan\u021bi. Lubrifia\u021bi regulat piesele mobile conform instruc\u021biunilor produc\u0103torului pentru a minimiza frecarea \u0219i a prelungi durata de via\u021b\u0103 a cilindrului.<\/p>\n<h3>\u00cenlocuirea garniturii \u0219i verific\u0103ri ale calibr\u0103rii<\/h3>\n<p>Verificarea regulat\u0103 a garniturilor pentru uzur\u0103 \u0219i \u00eenlocuirea lor atunci c\u00e2nd este necesar pot preveni scurgerile de fluid. \u00cen plus, verific\u0103rile de calibrare asigur\u0103 c\u0103 sistemul hidraulic func\u021bioneaz\u0103 corect \u0219i r\u0103spunde cu precizie la comenzile operatorului. Aceasta include verificarea faptului c\u0103 cilindrul se extinde \u0219i se retrage lin \u0219i eficient, men\u021bin\u00e2nd standardele de performan\u021b\u0103 a\u0219teptate.<\/p>\n<p><img decoding=\"async\" src=\"https:\/\/www.hydraulic-cylinders.net\/wp-content\/uploads\/2025\/04\/songte-chushion-collar.webp\" alt=\"Guler de pern\u0103\"><\/p>\n<h2>Considera\u021bii de siguran\u021b\u0103 \u0219i factori de mediu<\/h2>\n<p>La operarea cilindrilor hidraulici, m\u0103surile de siguran\u021b\u0103 sunt de o importan\u021b\u0103 capital\u0103. Operatorii trebuie s\u0103 fie instrui\u021bi \u00een utilizarea \u00een siguran\u021b\u0103 a sistemelor hidraulice, inclusiv \u00een \u00een\u021belegerea pericolelor poten\u021biale asociate cu sistemele de \u00eenalt\u0103 presiune. Echipamentul individual de protec\u021bie (EIP) adecvat trebuie purtat \u00een permanen\u021b\u0103, iar protocoalele de siguran\u021b\u0103 trebuie respectate pentru a preveni r\u0103nirea. \u00cen plus, operatorii trebuie s\u0103 fie con\u0219tien\u021bi de factorii de mediu care pot afecta performan\u021ba cilindrilor, cum ar fi temperaturile extreme \u0219i expunerea la substan\u021be corozive.<\/p>\n<h2>Depanare \u0219i probleme frecvente<\/h2>\n<ul>\n<li><strong>Scurgere:<\/strong> Una dintre cele mai frecvente probleme este scurgerea de fluid hidraulic, adesea cauzat\u0103 de garnituri uzate sau furtunuri deteriorate. Inspecta\u021bi garniturile \u0219i conexiunile \u00een mod regulat pentru a identifica \u0219i remedia scurgerile prompt.<\/li>\n<li><strong>Mi\u0219care inconsistent\u0103:<\/strong> Dac\u0103 cilindrul nu se extinde sau nu se retrage lin, acest lucru poate indica un nivel sc\u0103zut de lichid hidraulic sau aer blocat \u00een sistem. Verifica\u021bi periodic nivelurile de lichid \u0219i aerisi\u021bi sistemul, dac\u0103 este necesar.<\/li>\n<li><strong>Supra\u00eenc\u0103lzire:<\/strong> Supra\u00eenc\u0103lzirea poate ap\u0103rea din cauza frec\u0103rii excesive sau a lubrifierii insuficiente. Monitoriza\u021bi temperatura fluidului hidraulic \u0219i asigura\u021bi-v\u0103 c\u0103 sunt respectate protocoalele de lubrifiere adecvate.<\/li>\n<\/ul>\n<h2>Sfaturi \u0219i solu\u021bii pentru depanare<\/h2>\n<p>Pentru o depanare eficient\u0103, \u00eencepe\u021bi prin identificarea simptomului \u0219i a cauzelor sale poten\u021biale. \u00cen cazul scurgerilor, inspecta\u021bi cu aten\u021bie garniturile \u0219i conexiunile pentru a localiza sursa. \u00cen cazul mi\u0219c\u0103rii inconsistente, verifica\u021bi nivelurile fluidelor \u0219i c\u0103uta\u021bi buzunare de aer care trebuie eliminate. Implementarea unei rutine de \u00eentre\u021binere proactiv\u0103 poate preveni multe probleme comune, asigur\u00e2nd o func\u021bionare f\u0103r\u0103 probleme \u0219i reduc\u00e2nd timpii de nefunc\u021bionare.<\/p>\n<p><img decoding=\"async\" src=\"https:\/\/www.hydraulic-cylinders.net\/wp-content\/uploads\/2025\/04\/songte-bushings-with-all-kinds-of-excavator-models.webp\" alt=\"Buc\u0219e cilindru hidraulic\"><\/p>\n<h2>Prezentare general\u0103 a companiei<\/h2>\n<p>Suntem un produc\u0103tor \u0219i distribuitor angro de top de cilindri hidraulici de schimb. Gama noastr\u0103 extins\u0103 de produse ne pozi\u021bioneaz\u0103 ca un juc\u0103tor cheie at\u00e2t pe pie\u021bele interne, c\u00e2t \u0219i pe cele interna\u021bionale. Ader\u0103m la excelen\u021b\u0103 \u00een calitate \u0219i utiliz\u0103m o strategie rafinat\u0103 de fabrica\u021bie \u00een atelier pentru a \u00eembun\u0103t\u0103\u021bi procesele noastre de management al produc\u021biei.<\/p>\n<p>Angajamentul nostru fa\u021b\u0103 de calitate este sus\u021binut de personal \u00eenalt calificat, echipamente digitale avansate de produc\u021bie \u0219i un sistem riguros de testare. Aceast\u0103 investi\u021bie continu\u0103 \u00een platforma noastr\u0103 de produc\u021bie garanteaz\u0103 c\u0103 satisfacem diversele nevoi ale clien\u021bilor cu eficien\u021b\u0103, precizie \u0219i calitate ridicate.<\/p>\n<p><img decoding=\"async\" src=\"https:\/\/www.hydraulic-cylinders.net\/wp-content\/uploads\/2025\/04\/songte-company-4.webp\" alt=\"Prezentare general\u0103 a companiei\"><br \/>\n<img decoding=\"async\" src=\"https:\/\/www.hydraulic-cylinders.net\/wp-content\/uploads\/2025\/04\/songte-company-3.webp\" alt=\"Unitate de produc\u021bie\"><\/p>\n<p>Dedica\u021bia noastr\u0103 fa\u021b\u0103 de profesionalism este evident\u0103 \u00een certific\u0103rile noastre interna\u021bionale \u0219i \u00een serviciile personalizate, adaptate cerin\u021belor specifice ale clien\u021bilor. Echipamentele noastre de produc\u021bie de ultim\u0103 genera\u021bie asigur\u0103 men\u021binerea unor standarde \u00eenalte, \u00een timp ce serviciul nostru post-v\u00e2nzare garanteaz\u0103 satisfac\u021bia clien\u021bilor.<\/p>\n<p>Autor: lyl<\/p>","protected":false},"excerpt":{"rendered":"<p>Boom Cylinder For Hengte HT150-8 Introduction to the Boom Cylinder The Boom Cylinder, specifically designed for the Hengte HT150-8, is an essential hydraulic component that plays a vital role in the operation of heavy machinery. This hydraulic cylinder is primarily used to control the movement of the bucket in various applications such as excavators, backhoe [&hellip;]<\/p>","protected":false},"featured_media":17880,"comment_status":"open","ping_status":"closed","template":"","meta":{"_et_pb_use_builder":"","_et_pb_old_content":"","_et_gb_content_width":""},"product_brand":[],"product_cat":[1546],"product_tag":[1547,1496],"class_list":{"0":"post-19707","1":"product","2":"type-product","3":"status-publish","4":"has-post-thumbnail","6":"product_cat-boom-cylinders","7":"product_tag-boom-cylinders","8":"product_tag-hydraulic-cylinders","10":"first","11":"instock","12":"shipping-taxable","13":"product-type-simple"},"amp_enabled":true,"_links":{"self":[{"href":"https:\/\/www.hydraulic-cylinders.net\/ro\/wp-json\/wp\/v2\/product\/19707","targetHints":{"allow":["GET"]}}],"collection":[{"href":"https:\/\/www.hydraulic-cylinders.net\/ro\/wp-json\/wp\/v2\/product"}],"about":[{"href":"https:\/\/www.hydraulic-cylinders.net\/ro\/wp-json\/wp\/v2\/types\/product"}],"replies":[{"embeddable":true,"href":"https:\/\/www.hydraulic-cylinders.net\/ro\/wp-json\/wp\/v2\/comments?post=19707"}],"wp:featuredmedia":[{"embeddable":true,"href":"https:\/\/www.hydraulic-cylinders.net\/ro\/wp-json\/wp\/v2\/media\/17880"}],"wp:attachment":[{"href":"https:\/\/www.hydraulic-cylinders.net\/ro\/wp-json\/wp\/v2\/media?parent=19707"}],"wp:term":[{"taxonomy":"product_brand","embeddable":true,"href":"https:\/\/www.hydraulic-cylinders.net\/ro\/wp-json\/wp\/v2\/product_brand?post=19707"},{"taxonomy":"product_cat","embeddable":true,"href":"https:\/\/www.hydraulic-cylinders.net\/ro\/wp-json\/wp\/v2\/product_cat?post=19707"},{"taxonomy":"product_tag","embeddable":true,"href":"https:\/\/www.hydraulic-cylinders.net\/ro\/wp-json\/wp\/v2\/product_tag?post=19707"}],"curies":[{"name":"wp","href":"https:\/\/api.w.org\/{rel}","templated":true}]}}