{"id":19710,"date":"2025-04-07T07:03:11","date_gmt":"2025-04-07T07:03:11","guid":{"rendered":"https:\/\/www.hydraulic-cylinders.net\/product\/boom-cylinder-for-hengte-wheel-excavator-htl65-8\/"},"modified":"2025-04-07T07:03:13","modified_gmt":"2025-04-07T07:03:13","slug":"boom-cylinder-for-hengte-wheel-excavator-htl65-8","status":"publish","type":"product","link":"https:\/\/www.hydraulic-cylinders.net\/ro\/produs\/boom-cylinder-for-hengte-wheel-excavator-htl65-8\/","title":{"rendered":"Cilindru de bra\u021b pentru excavatorul cu ro\u021bi Hengte HTL65-8"},"content":{"rendered":"<h1>Cilindru de bra\u021b pentru excavatorul cu ro\u021bi Hengte HTL65-8<\/h1>\n<h2>Prezentare general\u0103 a produsului<\/h2>\n<p>Cilindrul bra\u021bului pentru excavatorul pe ro\u021bi Hengte HTL65-8 este un cilindru hidraulic specializat, conceput pentru a controla mi\u0219carea bra\u021bului la diverse utilaje grele, inclusiv excavatoare, \u00eenc\u0103rc\u0103toare frontale \u0219i \u00eenc\u0103rc\u0103toare frontale. Acest cilindru hidraulic joac\u0103 un rol crucial \u00een permiterea ridic\u0103rii, cobor\u00e2rii \u0219i \u00eenclin\u0103rii bra\u021bului, facilit\u00e2nd eficient sarcinile de manipulare a materialelor. Cilindrul cupei este proiectat pentru a oferi performan\u021be fiabile \u00een condi\u021bii extreme, asigur\u00e2nd c\u0103 sarcinile grele pot fi manevrate cu precizie \u0219i siguran\u021b\u0103.<\/p>\n<p><img decoding=\"async\" src=\"https:\/\/www.hydraulic-cylinders.net\/wp-content\/uploads\/2025\/04\/songte-company-1.webp\" alt=\"Cilindru de bra\u021b\" \/><\/p>\n<h2>Caracteristici cheie<\/h2>\n<ul>\n<li>\n<h3>Rezisten\u021b\u0103 \u0219i durabilitate ridicate<\/h3>\n<p>De obicei fabricate din o\u021bel sau aluminiu de \u00eenalt\u0103 rezisten\u021b\u0103, aceste cilindri pot rezista la presiuni ridicate \u0219i sarcini grele, ceea ce le face potrivite pentru medii de lucru dure. Designul pune accent pe rezisten\u021ba la uzur\u0103 \u0219i protec\u021bia \u00eempotriva coroziunii, prelungind considerabil durata de via\u021b\u0103.<\/p>\n<\/li>\n<li>\n<h3>Func\u021bionare hidraulic\u0103 eficient\u0103<\/h3>\n<p>Cilindrul utilizeaz\u0103 presiunea uleiului hidraulic pentru a realiza o extensie \u0219i o retragere lin\u0103, r\u0103spunz\u00e2nd rapid la comenzile de control \u0219i oferind capacit\u0103\u021bi puternice de \u00eempingere-tragere, ideale pentru manipularea obiectelor grele \u0219i a sarcinilor complexe.<\/p>\n<\/li>\n<li>\n<h3>Diverse tipuri<\/h3>\n<p>Disponibil at\u00e2t \u00een \u200b\u200bconfigura\u021bii cu ac\u021biune simpl\u0103 (utilizare hidraulic\u0103 \u00eentr-o singur\u0103 direc\u021bie), c\u00e2t \u0219i cu ac\u021biune dubl\u0103 (utilizare hidraulic\u0103 \u00een ambele direc\u021bii), cilindrul cupei poate fi adaptat pentru a satisface diverse nevoi opera\u021bionale, unele modele fiind telescopice, permi\u021b\u00e2nd o extensie mai mare f\u0103r\u0103 a cre\u0219te dimensiunile exterioare, perfect pentru aplica\u021bii cu spa\u021biu limitat.<\/p>\n<\/li>\n<\/ul>\n<p>Compania noastr\u0103 este specializat\u0103 \u00een producerea acestui produs, iar cilindrii no\u0219tri pot \u00eenlocui perfect cilindrii hidraulici existen\u021bi.<\/p>\n<p><img decoding=\"async\" src=\"https:\/\/www.hydraulic-cylinders.net\/wp-content\/uploads\/2025\/04\/songte-cylinder-head-with-all-kinds-excavator-models.webp\" alt=\"Modele de excavatoare\" \/><\/p>\n<h2>Aplica\u021bii<\/h2>\n<ul>\n<li>\n<h3>Echipamente de construc\u021bii<\/h3>\n<p>\u00cen excavatoare, cilindrii bra\u021bului sunt vitali pentru s\u0103pare, \u00eenc\u0103rcare \u0219i mutarea p\u0103m\u00e2ntului sau a molozului. Performan\u021ba lor este esen\u021bial\u0103 pentru procesul de excavare, asigur\u00e2nd c\u0103 operatorii pot gestiona eficient volume mari de material. Capacitatea bra\u021bului de a atinge diverse unghiuri \u0219i ad\u00e2ncimi spore\u0219te versatilitatea excavatorului pe \u0219antier.<\/p>\n<\/li>\n<li>\n<h3>Ma\u0219ini agricole<\/h3>\n<p>\u00cen \u00eenc\u0103rc\u0103toarele frontale, cilindrii bra\u021bului ajut\u0103 la scobere, ridicare \u0219i transportul solului, f\u00e2nului \u0219i altor materiale. Designul lor robust permite ma\u0219inilor agricole s\u0103 efectueze sarcini grele de ridicare, sporind productivitatea at\u00e2t \u00een \u200b\u200bferme, c\u00e2t \u0219i pe \u0219antierele de construc\u021bii.<\/p>\n<\/li>\n<li>\n<h3>Excavatoare<\/h3>\n<p>Cilindrul bra\u021bului permite cupei excavatorului s\u0103 p\u0103trund\u0103 eficient \u00een sol \u00een timpul opera\u021biunilor de s\u0103pare. Aceast\u0103 capacitate este crucial\u0103 pentru diverse proiecte, inclusiv amenaj\u0103ri peisagistice, minerit \u0219i construc\u021bii de drumuri, permi\u021b\u00e2nd s\u0103p\u0103turi mai ad\u00e2nci \u0219i mai eficiente.<\/p>\n<\/li>\n<li>\n<h3>\u00cenc\u0103rc\u0103toare<\/h3>\n<p>\u00cen cazul \u00eenc\u0103rc\u0103toarelor frontale, ace\u0219ti cilindri sunt esen\u021biali pentru ridicarea \u0219i desc\u0103rcarea eficient\u0103 a sarcinilor. Capacitatea lor de a gestiona greutatea \u0219i de a asigura stabilitatea \u00een timpul opera\u021biunilor \u00eei face indispensabili \u00een sarcinile de manipulare a materialelor.<\/p>\n<\/li>\n<\/ul>\n<h2>Considera\u021bii de proiectare<\/h2>\n<ul>\n<li>\n<h3>Capacitate de \u00eenc\u0103rcare<\/h3>\n<p>La proiectarea cilindrilor bra\u021bului, capacitatea de \u00eenc\u0103rcare este o considera\u021bie primordial\u0103, deoarece determin\u0103 tipurile de sarcini pe care le poate gestiona cilindrul. Capacitatea mare de \u00eenc\u0103rcare asigur\u0103 c\u0103 sistemul hidraulic poate ridica sau muta materiale grele f\u0103r\u0103 a compromite siguran\u021ba sau performan\u021ba.<\/p>\n<\/li>\n<li>\n<h3>Sigilare<\/h3>\n<p>Etan\u0219area eficient\u0103 este crucial\u0103 pentru prevenirea scurgerilor de fluid hidraulic, care pot compromite performan\u021ba \u0219i siguran\u021ba. Garniturile de \u00eenalt\u0103 calitate, fabricate din materiale durabile, precum poliuretanul sau cauciucul nitrilic, sunt esen\u021biale pentru men\u021binerea integrit\u0103\u021bii sistemului hidraulic.<\/p>\n<\/li>\n<li>\n<h3>Durabilitate<\/h3>\n<p>Durabilitatea este un factor semnificativ, deoarece cilindrii bra\u021bului sunt adesea expu\u0219i unor condi\u021bii dure de lucru. Materialele utilizate \u00een construc\u021bia lor \u0219i procesele de proiectare trebuie s\u0103 acorde prioritate performan\u021bei pe termen lung pentru a reduce frecven\u021ba \u00eentre\u021binerii \u0219i a \u00eenlocuirii.<\/p>\n<\/li>\n<li>\n<h3>Siguran\u0163\u0103<\/h3>\n<p>Considera\u021biile de siguran\u021b\u0103 includ utilizarea supapelor de siguran\u021b\u0103 \u0219i a altor mecanisme pentru a preveni suprapresiunea \u0219i a asigura func\u021bionarea \u00een siguran\u021b\u0103 a sistemului sub sarcin\u0103. Proiectarea ar trebui s\u0103 includ\u0103, de asemenea, caracteristici care s\u0103 permit\u0103 accesul facil \u00een timpul verific\u0103rilor de \u00eentre\u021binere.<\/p>\n<\/li>\n<li>\n<h3>\u00centre\u0163inere<\/h3>\n<p>Proiectarea pentru u\u0219urin\u021ba \u00eentre\u021binerii este vital\u0103, deoarece verific\u0103rile regulate pot preveni repara\u021biile costisitoare \u0219i timpii de nefunc\u021bionare. Caracteristici precum garniturile u\u0219or de \u00eenlocuit \u0219i punctele de montare accesibile sunt esen\u021biale pentru o \u00eentre\u021binere eficient\u0103.<\/p>\n<\/li>\n<\/ul>\n<p><img decoding=\"async\" src=\"https:\/\/www.hydraulic-cylinders.net\/wp-content\/uploads\/2025\/04\/songte-oil-pipes-and-spare-parts.webp\" alt=\"Conducte de petrol \u0219i piese de schimb\" \/><\/p>\n<h2>Etan\u0219are \u0219i lubrifiere<\/h2>\n<p>Etan\u0219area \u0219i lubrifierea corespunz\u0103toare sunt esen\u021biale pentru func\u021bionarea eficient\u0103 a cilindrilor hidraulici. Diverse tipuri de etan\u0219\u0103ri, inclusiv etan\u0219\u0103ri pentru piston \u0219i etan\u0219\u0103ri pentru tij\u0103, sunt utilizate pentru a asigura o fixare str\u00e2ns\u0103 \u0219i a preveni scurgerile. Materiale precum poliuretanul \u0219i cauciucul nitrilic sunt alese \u00een mod obi\u0219nuit pentru rezisten\u021ba \u0219i durabilitatea lor la uzur\u0103. Corpul cilindrului \u0219i capetele filetate sunt prelucrate fin pentru a spori rezisten\u021ba la uzur\u0103, ceea ce este esen\u021bial pentru longevitate.<\/p>\n<p>Lubrifierea regulat\u0103 este, de asemenea, necesar\u0103, necesit\u00e2nd verific\u0103ri programate pentru a se asigura c\u0103 se aplic\u0103 o cantitate adecvat\u0103 de ulei hidraulic pentru a men\u021bine performan\u021ba optim\u0103 \u0219i a preveni uzura. Importan\u021ba lubrifierii nu poate fi supraestimat\u0103, deoarece aceasta reduce frecarea \u0219i prelunge\u0219te durata de via\u021b\u0103 a componentelor hidraulice.<\/p>\n<h2>Inspec\u021bie regulat\u0103 \u0219i \u00eentre\u021binere preventiv\u0103<\/h2>\n<p>Implementarea unor m\u0103suri regulate de inspec\u021bie \u0219i \u00eentre\u021binere preventiv\u0103 este esen\u021bial\u0103 pentru longevitatea \u0219i performan\u021ba cilindrilor hidraulici. M\u0103surile cheie includ:<\/p>\n<ul>\n<li>\n<h3>Inspec\u021bii regulate<\/h3>\n<p>Efectua\u021bi inspec\u021bii periodice pentru a identifica orice semne de uzur\u0103 sau deteriorare. C\u0103uta\u021bi scurgeri, fisuri sau deform\u0103ri \u00een cilindru. Depistarea timpurie a problemelor poate preveni repara\u021bii costisitoare \u0219i timpi de nefunc\u021bionare.<\/p>\n<\/li>\n<li>\n<h3>Lubrifiere adecvat\u0103<\/h3>\n<p>Asigura\u021bi-v\u0103 c\u0103 nivelurile fluidului hidraulic sunt adecvate \u0219i c\u0103 uleiul este curat \u0219i f\u0103r\u0103 contaminan\u021bi. Stabili\u021bi un program regulat de lubrifiere pentru a men\u021bine performan\u021ba optim\u0103 a garniturilor \u0219i a pieselor mobile.<\/p>\n<\/li>\n<li>\n<h3>\u00cenlocuirea garniturii<\/h3>\n<p>Verifica\u021bi periodic garniturile pentru uzur\u0103 \u0219i \u00eenlocui\u021bi-le atunci c\u00e2nd este necesar pentru a preveni scurgerile \u0219i a men\u021bine presiunea \u00een sistem. Garniturile \u00eentre\u021binute corespunz\u0103tor prelungesc semnificativ durata de via\u021b\u0103 a cilindrului hidraulic.<\/p>\n<\/li>\n<\/ul>\n<h2>Instruc\u021biuni de instalare<\/h2>\n<p>Instalarea corect\u0103 a cilindrului bra\u021bului este esen\u021bial\u0103 pentru asigurarea performan\u021bei \u0219i siguran\u021bei optime. Urma\u021bi ace\u0219ti pa\u0219i pentru o instalare corect\u0103:<\/p>\n<p>Mai \u00eent\u00e2i, asigura\u021bi-v\u0103 c\u0103 zona de lucru este curat\u0103 \u0219i lipsit\u0103 de resturi pentru a facilita un proces de instalare f\u0103r\u0103 probleme. Apoi, alinia\u021bi cu precizie cilindrul hidraulic cu punctele de fixare de pe ma\u0219in\u0103. Folosi\u021bi consolele de montare adecvate pentru a fixa cilindrul ferm \u00een pozi\u021bie. Este important s\u0103 verifica\u021bi alinierea \u00eenainte de a str\u00e2nge \u0219uruburile pentru a preveni solicitarea excesiv\u0103 a cilindrului.<\/p>\n<p>Dup\u0103 fixarea cilindrului, conecta\u021bi conductele hidraulice, asigur\u00e2ndu-v\u0103 c\u0103 furtunurile nu prezint\u0103 \u00eendoiri sau r\u0103suciri. Umple\u021bi sistemul hidraulic cu fluidul recomandat \u0219i elimina\u021bi aerul din conducte \u00eenainte de a utiliza utilajul. \u00cen cele din urm\u0103, efectua\u021bi un test de func\u021bionalitate pentru a v\u0103 asigura c\u0103 totul func\u021bioneaz\u0103 f\u0103r\u0103 probleme, permi\u021b\u00e2nd ajust\u0103ri dup\u0103 cum este necesar.<\/p>\n<h2>Sarcini comune de \u00eentre\u021binere<\/h2>\n<p>\u00centre\u021binerea cilindrilor hidraulici necesit\u0103 aten\u021bie la c\u00e2teva sarcini cheie:<\/p>\n<ul>\n<li>\n<h3>Inspec\u021bii regulate<\/h3>\n<p>Verific\u0103rile periodice sunt necesare pentru a identifica uzura sau poten\u021bialele defec\u021biuni \u00eenainte ca acestea s\u0103 se agraveze. Inspec\u021biile ar trebui s\u0103 evalueze starea extern\u0103 a cilindrului, s\u0103 verifice dac\u0103 exist\u0103 scurgeri \u0219i s\u0103 se asigure c\u0103 toate fitingurile sunt fixate.<\/p>\n<\/li>\n<li>\n<h3>Lubrifiere adecvat\u0103<\/h3>\n<p>Lubrifierea este vital\u0103 pentru longevitatea cilindrilor hidraulici. Asigura\u021bi-v\u0103 c\u0103 garniturile sunt lubrifiate corespunz\u0103tor pentru a preveni uzura \u0219i a facilita func\u021bionarea lin\u0103. Completa\u021bi regulat cu fluid hidraulic, dup\u0103 cum este necesar.<\/p>\n<\/li>\n<li>\n<h3>\u00cenlocuirea garniturii<\/h3>\n<p>\u00cenlocui\u021bi garniturile \u00een mod regulat pentru a men\u021bine integritatea sistemului hidraulic. Aceast\u0103 sarcin\u0103 trebuie efectuat\u0103 \u00een timpul verific\u0103rilor de \u00eentre\u021binere de rutin\u0103, asigur\u00e2ndu-v\u0103 c\u0103 garniturile noi sunt instalate corect pentru a preveni scurgerile.<\/p>\n<\/li>\n<\/ul>\n<p><img decoding=\"async\" src=\"https:\/\/www.hydraulic-cylinders.net\/wp-content\/uploads\/2025\/04\/songte-chushion-collar.webp\" alt=\"Guler de pern\u0103\" \/><\/p>\n<h2>Considera\u021bii de siguran\u021b\u0103 \u0219i factori de mediu<\/h2>\n<p>M\u0103surile de siguran\u021b\u0103 sunt primordiale atunci c\u00e2nd se lucreaz\u0103 cu cilindri hidraulici. Instruirea adecvat\u0103 a operatorilor \u0219i a personalului de \u00eentre\u021binere este esen\u021bial\u0103 pentru a minimiza riscurile. Folosi\u021bi \u00eentotdeauna echipament individual de protec\u021bie (EIP) atunci c\u00e2nd lucra\u021bi cu sisteme hidraulice. \u00cen plus, lua\u021bi \u00een considerare impactul asupra mediului al scurgerilor de fluide; asigura\u021bi-v\u0103 c\u0103 toate garniturile \u0219i fitingurile sunt \u00een stare bun\u0103 pentru a preveni contaminarea solului \u0219i a surselor de ap\u0103.<\/p>\n<h2>Diagnosticarea defec\u021biunilor \u0219i probleme frecvente<\/h2>\n<ul>\n<li>\n<h3>Scurgere<\/h3>\n<p>Scurgerile de fluid hidraulic sunt cea mai frecvent\u0103 problem\u0103 a cilindrilor hidraulici. Acestea pot ap\u0103rea din cauza garniturilor uzate sau a fitingurilor deteriorate. Inspec\u021biile regulate \u0219i \u00eenlocuirea la timp a garniturilor sunt esen\u021biale pentru a preveni pierderea de fluid.<\/p>\n<\/li>\n<li>\n<h3>Performan\u021b\u0103 redus\u0103<\/h3>\n<p>Dac\u0103 cilindrul nu r\u0103spunde bine sau are o capacitate de ridicare redus\u0103, acest lucru poate indica deterior\u0103ri interne sau niveluri sc\u0103zute de lichid. Verifica\u021bi lichidul hidraulic \u0219i inspecta\u021bi cilindrul pentru uzur\u0103 intern\u0103.<\/p>\n<\/li>\n<li>\n<h3>Supra\u00eenc\u0103lzire<\/h3>\n<p>Supra\u00eenc\u0103lzirea poate ap\u0103rea din cauza presiunii ridicate a sistemului sau a lubrifierii inadecvate. Asigura\u021bi-v\u0103 c\u0103 uleiul hidraulic este schimbat periodic \u0219i c\u0103 sistemul nu este supra\u00eenc\u0103rcat.<\/p>\n<\/li>\n<\/ul>\n<h2>Sfaturi de depanare<\/h2>\n<p>Pentru a diagnostica \u0219i rezolva eficient problemele legate de cilindrii hidraulici, urma\u021bi aceste sfaturi de depanare:<\/p>\n<ul>\n<li>Verifica\u021bi dac\u0103 exist\u0103 deterior\u0103ri vizibile sau scurgeri la conductele \u0219i fitingurile hidraulice, \u00eenlocuindu-le sau repar\u00e2ndu-le dup\u0103 cum este necesar.<\/li>\n<li>Asigura\u021bi-v\u0103 c\u0103 lichidul hidraulic este la nivelul corespunz\u0103tor \u0219i \u00een stare bun\u0103, \u00eenlocuindu-l dac\u0103 este contaminat.<\/li>\n<li>Monitoriza\u021bi temperatura fluidului hidraulic \u0219i asigura\u021bi-v\u0103 c\u0103 aceasta se \u00eencadreaz\u0103 \u00een intervalele normale de func\u021bionare.<\/li>\n<\/ul>\n<p>Implementarea unor m\u0103suri preventive, cum ar fi verific\u0103rile regulate de \u00eentre\u021binere, va ajuta la minimizarea problemelor poten\u021biale \u0219i va asigura fiabilitatea sistemului hidraulic.<\/p>\n<p><img decoding=\"async\" src=\"https:\/\/www.hydraulic-cylinders.net\/wp-content\/uploads\/2025\/04\/songte-bushings-with-all-kinds-of-excavator-models.webp\" alt=\"Buc\u0219e\" \/><\/p>\n<h2>Prezentare general\u0103 a companiei<\/h2>\n<p>Suntem un produc\u0103tor specializat \u00een cilindri hidraulici alternativi, oferind o gam\u0103 larg\u0103 de produse care ne-au transformat \u00eentr-unul dintre principalii produc\u0103tori \u0219i angrosi\u0219ti \u200b\u200bat\u00e2t pe pia\u021ba intern\u0103, c\u00e2t \u0219i pe cea interna\u021bional\u0103. Ader\u0103m la principiul excelen\u021bei \u00een calitate, utiliz\u00e2nd strategii de fabrica\u021bie rafinate \u00een managementul produc\u021biei noastre. Angajamentul nostru de a valorifica personal calificat, echipamente digitale avansate de fabrica\u021bie \u0219i sisteme profesionale de testare ne \u00eembun\u0103t\u0103\u021be\u0219te continuu capacit\u0103\u021bile de produc\u021bie.<\/p>\n<p>Concentr\u00e2ndu-ne pe eficien\u021b\u0103, precizie \u0219i calitate \u00eenalt\u0103, ne str\u0103duim s\u0103 satisfacem diversele nevoi ale clien\u021bilor. Certific\u0103rile noastre interna\u021bionale garanteaz\u0103 c\u0103 produsele noastre \u00eendeplinesc standardele globale, \u00een timp ce serviciile noastre personalizate ne permit s\u0103 adapt\u0103m solu\u021bii pentru cerin\u021bele specifice ale clien\u021bilor. \u00cen plus, asisten\u021ba noastr\u0103 robust\u0103 post-v\u00e2nzare garanteaz\u0103 c\u0103 clien\u021bii no\u0219tri primesc asisten\u021ba de care au nevoie pentru a-\u0219i \u00eentre\u021bine eficient sistemele hidraulice.<\/p>\n<p><img decoding=\"async\" src=\"https:\/\/www.hydraulic-cylinders.net\/wp-content\/uploads\/2025\/04\/songte-company-4.webp\" alt=\"Prezentare general\u0103 a companiei\" \/><br \/>\n<img decoding=\"async\" src=\"https:\/\/www.hydraulic-cylinders.net\/wp-content\/uploads\/2025\/04\/songte-company-3.webp\" alt=\"Facilit\u0103\u021bi de produc\u021bie\" \/><\/p>\n<p>Autor: lyl<\/p>","protected":false},"excerpt":{"rendered":"<p>Boom Cylinder For Hengte Wheel Excavator HTL65-8 Product Overview The Boom Cylinder for Hengte Wheel Excavator HTL65-8 is a specialized hydraulic cylinder designed to control the movement of the boom on various heavy machinery, including excavators, backhoe loaders, and front loaders. This hydraulic cylinder plays a crucial role in enabling the boom to lift, lower, [&hellip;]<\/p>","protected":false},"featured_media":17868,"comment_status":"open","ping_status":"closed","template":"","meta":{"_et_pb_use_builder":"","_et_pb_old_content":"","_et_gb_content_width":""},"product_brand":[],"product_cat":[1546],"product_tag":[1547,1496],"class_list":{"0":"post-19710","1":"product","2":"type-product","3":"status-publish","4":"has-post-thumbnail","6":"product_cat-boom-cylinders","7":"product_tag-boom-cylinders","8":"product_tag-hydraulic-cylinders","10":"first","11":"instock","12":"shipping-taxable","13":"product-type-simple"},"amp_enabled":true,"_links":{"self":[{"href":"https:\/\/www.hydraulic-cylinders.net\/ro\/wp-json\/wp\/v2\/product\/19710","targetHints":{"allow":["GET"]}}],"collection":[{"href":"https:\/\/www.hydraulic-cylinders.net\/ro\/wp-json\/wp\/v2\/product"}],"about":[{"href":"https:\/\/www.hydraulic-cylinders.net\/ro\/wp-json\/wp\/v2\/types\/product"}],"replies":[{"embeddable":true,"href":"https:\/\/www.hydraulic-cylinders.net\/ro\/wp-json\/wp\/v2\/comments?post=19710"}],"wp:featuredmedia":[{"embeddable":true,"href":"https:\/\/www.hydraulic-cylinders.net\/ro\/wp-json\/wp\/v2\/media\/17868"}],"wp:attachment":[{"href":"https:\/\/www.hydraulic-cylinders.net\/ro\/wp-json\/wp\/v2\/media?parent=19710"}],"wp:term":[{"taxonomy":"product_brand","embeddable":true,"href":"https:\/\/www.hydraulic-cylinders.net\/ro\/wp-json\/wp\/v2\/product_brand?post=19710"},{"taxonomy":"product_cat","embeddable":true,"href":"https:\/\/www.hydraulic-cylinders.net\/ro\/wp-json\/wp\/v2\/product_cat?post=19710"},{"taxonomy":"product_tag","embeddable":true,"href":"https:\/\/www.hydraulic-cylinders.net\/ro\/wp-json\/wp\/v2\/product_tag?post=19710"}],"curies":[{"name":"wp","href":"https:\/\/api.w.org\/{rel}","templated":true}]}}