{"id":19711,"date":"2025-04-07T07:03:14","date_gmt":"2025-04-07T07:03:14","guid":{"rendered":"https:\/\/www.hydraulic-cylinders.net\/product\/boom-cylinder-for-hengte-wheel-excavator-htl85-8\/"},"modified":"2025-04-07T07:03:16","modified_gmt":"2025-04-07T07:03:16","slug":"boom-cylinder-for-hengte-wheel-excavator-htl85-8","status":"publish","type":"product","link":"https:\/\/www.hydraulic-cylinders.net\/ro\/produs\/boom-cylinder-for-hengte-wheel-excavator-htl85-8\/","title":{"rendered":"Cilindru de bra\u021b pentru excavatorul cu ro\u021bi Hengte HTL85-8"},"content":{"rendered":"<h1>Cilindru de bra\u021b pentru excavatorul cu ro\u021bi Hengte HTL85-8<\/h1>\n<h2>Introducere \u00een cilindrul bra\u021bului<\/h2>\n<p>Cel\/Cea\/Cei\/Cele <strong>Cilindru de bra\u021b<\/strong> este o component\u0103 hidraulic\u0103 esen\u021bial\u0103 care se g\u0103se\u0219te \u00een utilajele grele, \u00een special \u00een excavatoare, \u00eenc\u0103rc\u0103toare frontale \u0219i excavatoare. Este conceput\u0103 pentru a controla mi\u0219carea cupei, permi\u021b\u00e2ndu-i s\u0103 ridice, s\u0103 coboare \u0219i s\u0103 \u00eencline pentru sarcini eficiente de manipulare a materialelor. Acest cilindru hidraulic joac\u0103 un rol crucial \u00een sistemul hidraulic, unde uleiul hidraulic sub presiune este utilizat pentru a crea mi\u0219c\u0103ri controlate. \u00cen\u021belegerea func\u021biei cilindrului bra\u021bului este vital\u0103 pentru cei care se bazeaz\u0103 pe utilaje grele \u00een opera\u021biunile lor.<\/p>\n<p><img decoding=\"async\" src=\"https:\/\/www.hydraulic-cylinders.net\/wp-content\/uploads\/2025\/04\/songte-company-1.webp\" alt=\"Imaginea cilindrului bra\u021bului\" \/><\/p>\n<h3>Defini\u021bie \u0219i prezentare general\u0103<\/h3>\n<p>Un cilindru hidraulic pentru bra\u021b este un tip de cilindru hidraulic special conceput pentru controlul mi\u0219c\u0103rii cupelor \u00een diverse utilaje grele. Acesta permite cupei s\u0103 \u00eendeplineasc\u0103 sarcini esen\u021biale, cum ar fi s\u0103parea, ridicarea \u0219i transportul eficient al materialelor. Sistemul hidraulic func\u021bioneaz\u0103 utiliz\u00e2nd fluid sub presiune pentru a crea o mi\u0219care liniar\u0103, care se traduce prin mi\u0219carea mecanic\u0103 a cupei. Acest lucru permite operatorilor s\u0103 manipuleze sarcini grele \u0219i sarcini complexe cu precizie \u0219i u\u0219urin\u021b\u0103.<\/p>\n<h2>Caracteristicile cilindrului bra\u021bului<\/h2>\n<ul>\n<li><strong>Rezisten\u021b\u0103 \u0219i durabilitate ridicate:<\/strong> Fabricat de obicei din o\u021bel sau aluminiu de \u00eenalt\u0103 rezisten\u021b\u0103, cilindrul bra\u021bului este construit pentru a rezista la presiuni ridicate \u0219i sarcini grele, fiind potrivit pentru medii de lucru dure.<\/li>\n<li><strong>Func\u021bionare hidraulic\u0103 eficient\u0103:<\/strong> Utilizeaz\u0103 presiunea uleiului hidraulic pentru o extensie \u0219i retragere lin\u0103 \u0219i rapid\u0103, oferind for\u021be puternice de \u00eempingere \u0219i tragere, ideale pentru manipularea materialelor grele \u0219i a opera\u021biunilor complexe.<\/li>\n<li><strong>Diverse tipuri:<\/strong> Disponibile \u00een versiuni cu ac\u021biune simpl\u0103 (utilizare hidraulic\u0103 \u00eentr-o singur\u0103 direc\u021bie) sau cu ac\u021biune dubl\u0103 (utilizare hidraulic\u0103 \u00een ambele direc\u021bii) pentru a satisface diverse nevoi opera\u021bionale. Anumite modele dispun \u0219i de capacit\u0103\u021bi telescopice pentru o raz\u0103 de ac\u021biune mai mare f\u0103r\u0103 a cre\u0219te dimensiunile exterioare.<\/li>\n<li><strong>Op\u021biuni personalizabile:<\/strong> Capacitatea de a adapta specifica\u021biile \u00een func\u021bie de cerin\u021bele diferitelor utilaje \u0219i sarcini opera\u021bionale.<\/li>\n<li><strong>Design u\u0219or de \u00eentre\u021binut:<\/strong> Conceput pentru u\u0219urin\u021b\u0103 \u00een \u00eentre\u021binere, asigur\u00e2nd c\u0103 operatorii pot men\u021bine echipamentele \u00een func\u021biune f\u0103r\u0103 probleme cu un timp de nefunc\u021bionare minim.<\/li>\n<\/ul>\n<p>Compania noastr\u0103 este specializat\u0103 \u00een producerea de cilindri hidraulici de \u00eenalt\u0103 calitate pentru bra\u021b, care \u00eenlocuiesc perfect cilindrii hidraulici existen\u021bi.<\/p>\n<p><img decoding=\"async\" src=\"https:\/\/www.hydraulic-cylinders.net\/wp-content\/uploads\/2025\/04\/songte-cylinder-head-with-all-kinds-excavator-models.webp\" alt=\"Variante de cilindri de bra\u021b\" \/><\/p>\n<h2>Aplica\u021bii ale cilindrului bra\u021bului<\/h2>\n<h3>Echipamente de construc\u021bii<\/h3>\n<p>\u00cen excavatoare, cilindrii bra\u021bului sunt cruciali pentru s\u0103pare, \u00eenc\u0103rcare \u0219i mutarea p\u0103m\u00e2ntului sau a resturilor. Capacitatea lor de a oferi ac\u021biuni puternice de ridicare \u0219i cobor\u00e2re este esen\u021bial\u0103 pentru efectuarea eficient\u0103 a diverselor sarcini de construc\u021bie. Excavatoarele se bazeaz\u0103 pe cilindrii bra\u021bului pentru a executa mi\u0219c\u0103ri precise, asigur\u00e2nd c\u0103 materialele sunt manipulate \u00een siguran\u021b\u0103 \u0219i eficient pe \u0219antiere.<\/p>\n<h3>Ma\u0219ini agricole<\/h3>\n<p>\u00cenc\u0103rc\u0103toarele frontale utilizeaz\u0103 cilindri ai bra\u021bului pentru \u00eenc\u0103rcarea, ridicarea \u0219i transportul solului, f\u00e2nului \u0219i altor materiale. Cilindrii permit operatorilor s\u0103 manipuleze cu u\u0219urin\u021b\u0103 sarcini mari, contribuind la cre\u0219terea productivit\u0103\u021bii \u00een ferme \u0219i opera\u021biuni agricole. Capacitatea de a \u00eenclina \u0219i regla cupa spore\u0219te versatilitatea utilajelor agricole.<\/p>\n<h3>Sarcini de excavare<\/h3>\n<p>\u00centr-un excavator, cilindrul bra\u021bului permite cupei s\u0103 p\u0103trund\u0103 eficient \u00een sol, facilit\u00e2nd opera\u021biuni eficiente de s\u0103pare. Ac\u021biunea hidraulic\u0103 puternic\u0103 asigurat\u0103 de cilindrul bra\u021bului asigur\u0103 c\u0103 excavatorul poate face fa\u021b\u0103 unor condi\u021bii dificile de teren, ceea ce \u00eel face un instrument indispensabil pentru proiectele de construc\u021bii \u0219i amenaj\u0103ri peisagistice.<\/p>\n<h3>Ma\u0219ini de \u00eenc\u0103rcare<\/h3>\n<p>\u00cen cazul \u00eenc\u0103rc\u0103toarelor frontale, cilindrii bra\u021bului ajut\u0103 la ridicarea \u0219i desc\u0103rcarea eficient\u0103 a \u00eenc\u0103rc\u0103turilor. Designul lor faciliteaz\u0103 manipularea u\u0219oar\u0103 a materialelor, permi\u021b\u00e2nd operatorilor s\u0103 transporte rapid \u0219i \u00een siguran\u021b\u0103 m\u0103rfuri dintr-o loca\u021bie \u00een alta, sporind astfel productivitatea general\u0103 \u0219i eficien\u021ba opera\u021bional\u0103.<\/p>\n<h2>Considera\u021bii de proiectare \u0219i criterii de selec\u021bie<\/h2>\n<h3>Capacitate de \u00eenc\u0103rcare<\/h3>\n<p>Capacitatea de \u00eenc\u0103rcare a cilindrului bra\u021bului este o considera\u021bie critic\u0103 de proiectare. Acesta trebuie s\u0103 poat\u0103 sus\u021bine greutatea maxim\u0103 a materialelor manipulate, asigur\u00e2nd \u00een acela\u0219i timp siguran\u021ba \u0219i stabilitatea \u00een timpul opera\u021biunilor. Inginerii trebuie s\u0103 calculeze cerin\u021bele de \u00eenc\u0103rcare pe baza aplica\u021biilor specifice \u0219i a tipurilor de utilaje pentru a asigura performan\u021be optime f\u0103r\u0103 a risca integritatea structural\u0103.<\/p>\n<h3>Integritatea sigiliului<\/h3>\n<p>Integritatea etan\u0219\u0103rilor este vital\u0103 pentru prevenirea scurgerilor de fluid hidraulic \u0219i asigurarea func\u021bion\u0103rii eficiente. Etan\u0219\u0103rile de \u00eenalt\u0103 calitate, fabricate din materiale durabile, sunt esen\u021biale pentru a rezista la varia\u021biile de presiune \u0219i temperatur\u0103. Mecanismele de etan\u0219are adecvate reduc la minimum nevoile de \u00eentre\u021binere \u0219i prelungesc durata de via\u021b\u0103 a sistemului hidraulic, contribuind la fiabilitatea general\u0103 a echipamentului.<\/p>\n<h3>Durabilitate<\/h3>\n<p>Durabilitatea este un factor crucial \u00een proiectarea cilindrilor bra\u021bului. Componentele trebuie s\u0103 fie construite din materiale care rezist\u0103 la uzur\u0103 \u0219i coroziune, \u00een special \u00een medii dure. Proiectarea ar trebui s\u0103 includ\u0103 caracteristici care sporesc longevitatea, cum ar fi acoperiri protectoare \u0219i metode de construc\u021bie robuste, pentru a rezista rigorilor opera\u021biunilor grele.<\/p>\n<h3>Caracteristici de siguran\u021b\u0103<\/h3>\n<p>Siguran\u021ba este o prioritate \u00een proiectarea cilindrilor hidraulici. Caracteristici precum supapele de suprapresiune \u0219i sistemele robuste de montare ajut\u0103 la prevenirea accidentelor \u00een timpul func\u021bion\u0103rii. Implementarea standardelor de siguran\u021b\u0103 asigur\u0103 c\u0103 operatorii pot lucra cu \u00eencredere, \u0219tiind c\u0103 echipamentul va func\u021biona fiabil sub presiune, f\u0103r\u0103 defec\u021biuni.<\/p>\n<h3>Accesibilitate pentru \u00eentre\u021binere<\/h3>\n<p>Proiectarea cilindrilor bra\u021bului pentru o \u00eentre\u021binere u\u0219oar\u0103 este esen\u021bial\u0103 pentru minimizarea timpilor de nefunc\u021bionare. Caracteristici precum racorduri de ungere accesibile, garnituri u\u0219or de \u00eenlocuit \u0219i instruc\u021biuni clare de \u00eentre\u021binere contribuie la o service eficient\u0103. \u00centre\u021binerea regulat\u0103 ajut\u0103 la identificarea din timp a poten\u021bialelor probleme, maximiz\u00e2nd durata de via\u021b\u0103 opera\u021bional\u0103 a cilindrului hidraulic.<\/p>\n<p><img decoding=\"async\" src=\"https:\/\/www.hydraulic-cylinders.net\/wp-content\/uploads\/2025\/04\/songte-oil-pipes-and-spare-parts.webp\" alt=\"Componente cilindru hidraulic\" \/><\/p>\n<h2>Etan\u0219area \u0219i lubrifierea cilindrului hidraulic<\/h2>\n<p>Etan\u0219area \u0219i lubrifierea corespunz\u0103toare sunt cruciale pentru func\u021bionarea optim\u0103 a cilindrilor hidraulici. Diverse etan\u0219\u0103ri, cum ar fi etan\u0219\u0103rile pistonului \u0219i etan\u0219\u0103rile tijei, joac\u0103 roluri esen\u021biale \u00een prevenirea scurgerilor de fluid hidraulic. Materiale de \u00eenalt\u0103 calitate, precum poliuretanul \u0219i cauciucul nitrilic, sunt adesea utilizate pentru aceste etan\u0219\u0103ri, pentru a asigura durabilitatea \u0219i rezisten\u021ba la uzur\u0103.<\/p>\n<p>Corpul cilindrului \u0219i capetele filetate sunt supuse unor procese de prelucrare fin\u0103 pentru a spori rezisten\u021ba la uzur\u0103 \u0219i a asigura o potrivire corect\u0103 a garniturilor. Lubrifierea regulat\u0103 cu ulei hidraulic adecvat este necesar\u0103 pentru a minimiza frecarea, a reduce uzura \u0219i a asigura o func\u021bionare lin\u0103. Operatorii trebuie s\u0103 fie con\u0219tien\u021bi de importan\u021ba men\u021binerii unor niveluri adecvate de fluid \u0219i a \u00eenlocuirii garniturilor dup\u0103 cum este necesar pentru a men\u021bine performan\u021ba cilindrului.<\/p>\n<h2>\u00centre\u021binere regulat\u0103 \u0219i m\u0103suri preventive<\/h2>\n<ul>\n<li><strong>Inspec\u021bii regulate:<\/strong> Inspecta\u021bi cilindrul hidraulic \u00een mod regulat pentru a depista semne de uzur\u0103, scurgeri sau deterior\u0103ri. Depistarea timpurie a problemelor poate preveni apari\u021bia unor probleme mai grave pe viitor.<\/li>\n<li><strong>Lubrifiere adecvat\u0103:<\/strong> Asigura\u021bi-v\u0103 c\u0103 cilindrul hidraulic este lubrifiat corespunz\u0103tor cu uleiul hidraulic corespunz\u0103tor. Verifica\u021bi periodic nivelurile de lichid \u0219i completa\u021bi dup\u0103 cum este necesar pentru a men\u021bine performan\u021be optime.<\/li>\n<li><strong>\u00cenlocuirea garniturii:<\/strong> Monitoriza\u021bi uzura garniturilor \u0219i \u00eenlocui\u021bi-le atunci c\u00e2nd este necesar. Deteriorarea garniturilor poate duce la scurgeri de fluide \u0219i la o eficien\u021b\u0103 redus\u0103, a\u0219a c\u0103 \u00eenlocuirea la timp este crucial\u0103.<\/li>\n<\/ul>\n<h2>Instruc\u021biuni de instalare pentru cilindrul bra\u021bului<\/h2>\n<p>Instalarea corect\u0103 a cilindrului bra\u021bului este esen\u021bial\u0103 pentru asigurarea unei performan\u021be optime. \u00cencepe\u021bi prin a v\u0103 asigura c\u0103 toate suprafe\u021bele de montare sunt curate \u0219i f\u0103r\u0103 resturi. Alinia\u021bi corect cilindrul cu punctele de montare pentru a evita solicit\u0103ri inutile asupra componentelor.<\/p>\n<p>Folosi\u021bi console de montare adecvate pentru a fixa cilindrul \u00een pozi\u021bie, asigur\u00e2ndu-v\u0103 c\u0103 este fixat ferm f\u0103r\u0103 o for\u021b\u0103 excesiv\u0103 care ar putea provoca daune. Dup\u0103 instalare, verifica\u021bi conexiunile conductelor hidraulice pentru a v\u0103 asigura c\u0103 nu exist\u0103 scurgeri \u0219i c\u0103 toate fitingurile sunt fixate. Dup\u0103 instalare, testa\u021bi func\u021bionarea cilindrului pentru a confirma c\u0103 func\u021bioneaz\u0103 corect, efectu\u00e2nd orice ajust\u0103ri necesare, dup\u0103 cum este necesar.<\/p>\n<h2>Sarcini de \u00eentre\u021binere<\/h2>\n<h3>Inspec\u021bii regulate<\/h3>\n<p>Efectua\u021bi inspec\u021bii regulate ale cilindrului hidraulic pentru a identifica orice uzur\u0103 sau deteriorare. Aceasta include verificarea scurgerilor \u0219i asigurarea func\u021bion\u0103rii corecte a tuturor componentelor. Verific\u0103rile regulate ajut\u0103 la depistarea din timp a poten\u021bialelor probleme, ceea ce poate preveni probleme mai grave \u0219i repara\u021bii costisitoare.<\/p>\n<h3>Lubrifiere adecvat\u0103<\/h3>\n<p>Lubrifierea cilindrului hidraulic este esen\u021bial\u0103 pentru men\u021binerea unei func\u021bion\u0103ri line. Asigura\u021bi-v\u0103 c\u0103 utiliza\u021bi tipul corect de ulei hidraulic \u0219i verifica\u021bi regulat nivelurile de lichid. Lubrifierea adecvat\u0103 minimizeaz\u0103 uzura componentelor, prelungind durata de via\u021b\u0103 a cilindrului.<\/p>\n<h3>\u00cenlocuirea garniturii \u0219i verific\u0103ri ale calibr\u0103rii<\/h3>\n<p>Verifica\u021bi periodic garniturile pentru semne de uzur\u0103 \u0219i \u00eenlocui\u021bi-le atunci c\u00e2nd este necesar pentru a preveni scurgerile. Verific\u0103rile de calibrare asigur\u0103 c\u0103 cilindrul hidraulic func\u021bioneaz\u0103 \u00een parametrii specifica\u021bi, men\u021bin\u00e2nd eficien\u021ba \u0219i siguran\u021ba \u00een timpul utiliz\u0103rii. Echipamentele calibrate corespunz\u0103tor reduc riscul de defec\u021biuni \u0219i \u00eembun\u0103t\u0103\u021besc performan\u021ba general\u0103.<\/p>\n<p><img decoding=\"async\" src=\"https:\/\/www.hydraulic-cylinders.net\/wp-content\/uploads\/2025\/04\/songte-chushion-collar.webp\" alt=\"Instalarea cilindrului hidraulic\" \/><\/p>\n<h2>Considera\u021bii de siguran\u021b\u0103 \u0219i factori de mediu<\/h2>\n<p>La operarea cilindrilor hidraulici, m\u0103surile de siguran\u021b\u0103 sunt primordiale. Operatorii trebuie s\u0103 fie instrui\u021bi cu privire la procedurile de manipulare \u00een siguran\u021b\u0103 pentru a minimiza riscul de accidente. Aceasta include \u00een\u021belegerea importan\u021bei purt\u0103rii echipamentului individual de protec\u021bie (EIP) adecvat \u0219i respectarea protocoalelor de siguran\u021b\u0103 \u00een timpul func\u021bion\u0103rii \u0219i \u00eentre\u021binerii. Factorii de mediu, cum ar fi expunerea la temperaturi extreme \u0219i materiale corozive, trebuie, de asemenea, lua\u021bi \u00een considerare pentru a asigura longevitatea \u0219i fiabilitatea sistemelor hidraulice.<\/p>\n<h2>Depanare \u0219i probleme frecvente<\/h2>\n<h3>Probleme comune<\/h3>\n<ul>\n<li><strong>Scurgeri hidraulice:<\/strong> Verifica\u021bi garniturile \u0219i fitingurile pentru a identifica sursa oric\u0103ror scurgeri. Repararea prompt\u0103 a scurgerilor este esen\u021bial\u0103 pentru men\u021binerea presiunii \u00een sistem.<\/li>\n<li><strong>Mi\u0219care inconsistent\u0103:<\/strong> Investiga\u021bi poten\u021bialele blocaje din conductele hidraulice sau problemele legate de nivelul fluidului hidraulic pentru a rezolva problemele de mi\u0219care inconsistent\u0103.<\/li>\n<li><strong>Zgomot excesiv:<\/strong> Sunetele neobi\u0219nuite pot indica prezen\u021ba aerului \u00een sistemul hidraulic sau o lubrifiere insuficient\u0103. Aerisirea sistemului \u0219i asigurarea unor niveluri adecvate de lubrifiere pot rezolva aceast\u0103 problem\u0103.<\/li>\n<\/ul>\n<p>Implementarea unor m\u0103suri preventive, cum ar fi \u00eentre\u021binerea \u0219i inspec\u021biile regulate, poate ajuta la reducerea probabilit\u0103\u021bii apari\u021biei acestor probleme comune \u0219i poate asigura func\u021bionarea f\u0103r\u0103 probleme a cilindrului hidraulic.<\/p>\n<p><img decoding=\"async\" src=\"https:\/\/www.hydraulic-cylinders.net\/wp-content\/uploads\/2025\/04\/songte-bushings-with-all-kinds-of-excavator-models.webp\" alt=\"Depanarea cilindrului hidraulic\" \/><\/p>\n<h2>Despre compania noastr\u0103<\/h2>\n<p>Suntem un produc\u0103tor important de cilindri hidraulici, oferind o gam\u0103 complet\u0103 de produse care deservesc at\u00e2t pie\u021bele interne, c\u00e2t \u0219i cele interna\u021bionale. Angajamentul nostru fa\u021b\u0103 de excelen\u021b\u0103 ne determin\u0103 s\u0103 men\u021binem standarde de \u00eenalt\u0103 calitate \u00een fabrica\u021bie, sus\u021binute de o strategie rafinat\u0103 de management al produc\u021biei.<\/p>\n<p>Ne \u00eembun\u0103t\u0103\u021bim continuu capacit\u0103\u021bile de produc\u021bie prin tehnologie avansat\u0103, personal calificat \u0219i un sistem de testare specializat. Aceast\u0103 dedicare garanteaz\u0103 c\u0103 satisfacem diversele nevoi ale clien\u021bilor cu eficien\u021b\u0103, precizie \u0219i calitate ridicate.<\/p>\n<p>Compania noastr\u0103 ofer\u0103, de asemenea, servicii personalizate, certific\u0103ri interna\u021bionale \u0219i asisten\u021b\u0103 post-v\u00e2nzare excep\u021bional\u0103, ceea ce ne permite s\u0103 ne diferen\u021biem \u00een industrie. Prioritiz\u0103m satisfac\u021bia clien\u021bilor \u0219i ne str\u0103duim s\u0103 ne men\u021binem statutul de partener de \u00eencredere \u00een solu\u021bii hidraulice.<\/p>\n<p><img decoding=\"async\" src=\"https:\/\/www.hydraulic-cylinders.net\/wp-content\/uploads\/2025\/04\/songte-company-4.webp\" alt=\"Prezentare general\u0103 a companiei\" \/><br \/>\n<img decoding=\"async\" src=\"https:\/\/www.hydraulic-cylinders.net\/wp-content\/uploads\/2025\/04\/songte-company-3.webp\" alt=\"Produc\u021bia de cilindri hidraulici\" \/><\/p>\n<p>Autor: lyl<\/p>","protected":false},"excerpt":{"rendered":"<p>Boom Cylinder For Hengte Wheel Excavator HTL85-8 Introduction to the Boom Cylinder The Boom Cylinder is an essential hydraulic component found in heavy machinery, particularly in excavators, backhoe loaders, and front loaders. It is designed to control the movement of the bucket, allowing it to lift, lower, and tilt for efficient material handling tasks. This [&hellip;]<\/p>","protected":false},"featured_media":17869,"comment_status":"open","ping_status":"closed","template":"","meta":{"_et_pb_use_builder":"","_et_pb_old_content":"","_et_gb_content_width":""},"product_brand":[],"product_cat":[1546],"product_tag":[1547,1496],"class_list":{"0":"post-19711","1":"product","2":"type-product","3":"status-publish","4":"has-post-thumbnail","6":"product_cat-boom-cylinders","7":"product_tag-boom-cylinders","8":"product_tag-hydraulic-cylinders","10":"first","11":"instock","12":"shipping-taxable","13":"product-type-simple"},"amp_enabled":true,"_links":{"self":[{"href":"https:\/\/www.hydraulic-cylinders.net\/ro\/wp-json\/wp\/v2\/product\/19711","targetHints":{"allow":["GET"]}}],"collection":[{"href":"https:\/\/www.hydraulic-cylinders.net\/ro\/wp-json\/wp\/v2\/product"}],"about":[{"href":"https:\/\/www.hydraulic-cylinders.net\/ro\/wp-json\/wp\/v2\/types\/product"}],"replies":[{"embeddable":true,"href":"https:\/\/www.hydraulic-cylinders.net\/ro\/wp-json\/wp\/v2\/comments?post=19711"}],"wp:featuredmedia":[{"embeddable":true,"href":"https:\/\/www.hydraulic-cylinders.net\/ro\/wp-json\/wp\/v2\/media\/17869"}],"wp:attachment":[{"href":"https:\/\/www.hydraulic-cylinders.net\/ro\/wp-json\/wp\/v2\/media?parent=19711"}],"wp:term":[{"taxonomy":"product_brand","embeddable":true,"href":"https:\/\/www.hydraulic-cylinders.net\/ro\/wp-json\/wp\/v2\/product_brand?post=19711"},{"taxonomy":"product_cat","embeddable":true,"href":"https:\/\/www.hydraulic-cylinders.net\/ro\/wp-json\/wp\/v2\/product_cat?post=19711"},{"taxonomy":"product_tag","embeddable":true,"href":"https:\/\/www.hydraulic-cylinders.net\/ro\/wp-json\/wp\/v2\/product_tag?post=19711"}],"curies":[{"name":"wp","href":"https:\/\/api.w.org\/{rel}","templated":true}]}}