{"id":19712,"date":"2025-04-07T07:03:16","date_gmt":"2025-04-07T07:03:16","guid":{"rendered":"https:\/\/www.hydraulic-cylinders.net\/product\/boom-cylinder-for-hengte-wheel-excavator-htl90\/"},"modified":"2025-04-07T07:03:19","modified_gmt":"2025-04-07T07:03:19","slug":"boom-cylinder-for-hengte-wheel-excavator-htl90","status":"publish","type":"product","link":"https:\/\/www.hydraulic-cylinders.net\/ro\/produs\/boom-cylinder-for-hengte-wheel-excavator-htl90\/","title":{"rendered":"Cilindru de bra\u021b pentru excavatorul cu ro\u021bi Hengte HTL90"},"content":{"rendered":"<h1>Cilindru de bra\u021b pentru excavatorul cu ro\u021bi Hengte HTL90<\/h1>\n<h2>Prezentare general\u0103 a cilindrului bra\u021bului<\/h2>\n<p>Cilindrul bra\u021bului este o component\u0103 hidraulic\u0103 crucial\u0103, special conceput\u0103 pentru excavatorul pe ro\u021bi Hengte HTL90. Acest tip de cilindru hidraulic joac\u0103 un rol vital \u00een controlul mi\u0219c\u0103rii bra\u021bului excavatorului. Prin facilitarea ac\u021biunilor de ridicare, cobor\u00e2re \u0219i \u00eenclinare a bra\u021bului, acesta \u00eembun\u0103t\u0103\u021be\u0219te semnificativ eficien\u021ba sarcinilor de manipulare a materialelor. Cilindrul bra\u021bului func\u021bioneaz\u0103 prin presiune hidraulic\u0103, permi\u021b\u00e2nd mi\u0219c\u0103ri line \u0219i rapide, esen\u021biale \u00een diverse aplica\u021bii cu utilaje grele.<\/p>\n<p><img decoding=\"async\" src=\"https:\/\/www.hydraulic-cylinders.net\/wp-content\/uploads\/2025\/04\/songte-company-1.webp\" alt=\"Imaginea cilindrului bra\u021bului\" \/><\/p>\n<h2>Caracteristici cheie ale cilindrului bra\u021bului<\/h2>\n<ul>\n<li>\n<h3>Rezisten\u021b\u0103 \u0219i durabilitate ridicate<\/h3>\n<p>Fabrica\u021bi din o\u021bel sau aluminiu de \u00eenalt\u0103 rezisten\u021b\u0103, ace\u0219ti cilindri sunt construi\u021bi pentru a rezista la presiuni ridicate \u0219i sarcini grele. Sunt proiecta\u021bi s\u0103 func\u021bioneze optim \u00een medii de lucru dure, oferind rezisten\u021b\u0103 la uzur\u0103 \u0219i protec\u021bie \u00eempotriva coroziunii pentru a le prelungi durata de via\u021b\u0103.<\/p>\n<\/li>\n<li>\n<h3>Func\u021bionare hidraulic\u0103 eficient\u0103<\/h3>\n<p>Cilindrul bra\u021bului utilizeaz\u0103 presiunea uleiului hidraulic pentru a ob\u021bine mi\u0219c\u0103ri line de extensie \u0219i retragere. Acest r\u0103spuns rapid la comenzile de control ofer\u0103 o for\u021b\u0103 robust\u0103 de \u00eempingere \u0219i tragere, fiind ideal pentru manipularea sarcinilor grele \u0219i complexe.<\/p>\n<\/li>\n<li>\n<h3>Diverse tipuri disponibile<\/h3>\n<p>Clien\u021bii pot alege \u00eentre cilindri cu ac\u021biune simpl\u0103, care func\u021bioneaz\u0103 \u00eentr-o singur\u0103 direc\u021bie, sau cilindri cu ac\u021biune dubl\u0103, care func\u021bioneaz\u0103 \u00een ambele direc\u021bii. Unele modele sunt telescopice, permi\u021b\u00e2nd o raz\u0103 de ac\u021biune extins\u0103 f\u0103r\u0103 a cre\u0219te dimensiunile exterioare, potrivite pentru aplica\u021bii cu spa\u021biu limitat.<\/p>\n<\/li>\n<\/ul>\n<h2>Capacit\u0103\u021bi de produc\u021bie<\/h2>\n<p>Suntem m\u00e2ndri s\u0103 fabric\u0103m acest produs, oferind cilindri hidraulici care \u00eenlocuiesc perfect modelele existente. Angajamentul nostru fa\u021b\u0103 de calitate \u0219i performan\u021b\u0103 garanteaz\u0103 c\u0103 cilindrii no\u0219tri \u00eendeplinesc cele mai \u00eenalte standarde de excelen\u021b\u0103.<\/p>\n<p><img decoding=\"async\" src=\"https:\/\/www.hydraulic-cylinders.net\/wp-content\/uploads\/2025\/04\/songte-cylinder-head-with-all-kinds-excavator-models.webp\" alt=\"Modele de excavatoare\" \/><\/p>\n<h2>Aplica\u021bii ale cilindrului bra\u021bului<\/h2>\n<ul>\n<li>\n<h3>Echipamente de construc\u021bii<\/h3>\n<p>La excavatoare, cilindrul bra\u021bului este esen\u021bial pentru s\u0103parea, \u00eenc\u0103rcarea \u0219i relocarea p\u0103m\u00e2ntului sau a molozului. La excavatoarele cu buldoexcavator, acesta ajut\u0103 at\u00e2t la sarcinile de excavare, c\u00e2t \u0219i la cele de ridicare, ceea ce \u00eel face o component\u0103 versatil\u0103 \u00een opera\u021biunile de construc\u021bii.<\/p>\n<\/li>\n<li>\n<h3>Ma\u0219ini agricole<\/h3>\n<p>La \u00eenc\u0103rc\u0103toarele frontale, cilindrul bra\u021bului este utilizat pentru scoaterea, ridicarea \u0219i transportul solului, f\u00e2nului \u0219i altor materiale. Acesta \u00eembun\u0103t\u0103\u021be\u0219te func\u021bionalitatea echipamentelor agricole, contribuind la opera\u021biuni agricole eficiente.<\/p>\n<\/li>\n<li>\n<h3>Excavatoare<\/h3>\n<p>Cilindrul bra\u021bului permite cupei s\u0103 p\u0103trund\u0103 eficient \u00een sol, facilit\u00e2nd ac\u021biunea de s\u0103pare vital\u0103 pentru proiectele de excavare. Designul s\u0103u robust asigur\u0103 performan\u021be fiabile \u00een medii solicitante.<\/p>\n<\/li>\n<li>\n<h3>\u00cenc\u0103rc\u0103toare<\/h3>\n<p>La \u00eenc\u0103rc\u0103toarele frontale, cilindrul bra\u021bului ajut\u0103 la ridicarea \u0219i desc\u0103rcarea eficient\u0103 a \u00eenc\u0103rc\u0103turilor. Aceast\u0103 capacitate este esen\u021bial\u0103 pentru sarcinile de manipulare a materialelor \u00een diverse industrii, sporind productivitatea \u0219i eficien\u021ba.<\/p>\n<\/li>\n<\/ul>\n<h2>Considera\u021bii de proiectare \u0219i criterii de selec\u021bie<\/h2>\n<ul>\n<li>\n<h3>Capacitate de \u00eenc\u0103rcare<\/h3>\n<p>Una dintre principalele considera\u021bii la alegerea unui cilindru pentru bra\u021b este capacitatea sa de \u00eenc\u0103rcare. Cilindrul trebuie s\u0103 poat\u0103 suporta sarcina maxim\u0103 a\u0219teptat\u0103 \u00een timpul func\u021bion\u0103rii. Un cilindru cu o capacitate nominal\u0103 corect\u0103 asigur\u0103 siguran\u021ba \u0219i previne defec\u021biunile premature cauzate de supra\u00eenc\u0103rcare.<\/p>\n<\/li>\n<li>\n<h3>Performan\u021ba de etan\u0219are<\/h3>\n<p>Etan\u0219area eficient\u0103 este esen\u021bial\u0103 pentru a preveni scurgerile de fluid hidraulic \u0219i pentru a asigura func\u021bionarea eficient\u0103 a cilindrului. Garniturile de \u00eenalt\u0103 calitate, fabricate din materiale precum poliuretanul \u0219i cauciucul nitrilic, sunt esen\u021biale pentru men\u021binerea presiunii hidraulice \u0219i a longevit\u0103\u021bii.<\/p>\n<\/li>\n<li>\n<h3>Durabilitate<\/h3>\n<p>Componentele cilindrului bra\u021bului trebuie s\u0103 reziste la solicit\u0103ri constante \u0219i expunerii la condi\u021bii dure. Prin urmare, materialele trebuie alese cu aten\u021bie pentru a asigura o rezisten\u021b\u0103 ridicat\u0103 la uzur\u0103 \u0219i protec\u021bie \u00eempotriva coroziunii, contribuind la durabilitatea general\u0103 a cilindrului.<\/p>\n<\/li>\n<li>\n<h3>Caracteristici de siguran\u021b\u0103<\/h3>\n<p>Incorporarea caracteristicilor de siguran\u021b\u0103, cum ar fi supapele de suprapresiune \u0219i protec\u021bia la suprasarcin\u0103, este esen\u021bial\u0103 pentru prevenirea accidentelor \u0219i asigurarea func\u021bion\u0103rii \u00een siguran\u021b\u0103. \u00cen\u021belegerea standardelor de siguran\u021b\u0103 relevante pentru sistemele hidraulice este vital\u0103 pentru selectarea cilindrilor adecva\u021bi.<\/p>\n<\/li>\n<li>\n<h3>Accesibilitate pentru \u00eentre\u021binere<\/h3>\n<p>Proiectarea cilindrului pentru o \u00eentre\u021binere u\u0219oar\u0103 este crucial\u0103 pentru a asigura performan\u021ba pe termen lung. Componentele ar trebui s\u0103 fie accesibile pentru inspec\u021bie, lubrifiere \u0219i \u00eenlocuire, reduc\u00e2nd astfel la minimum timpii de nefunc\u021bionare \u0219i asigur\u00e2nd o func\u021bionare eficient\u0103.<\/p>\n<\/li>\n<\/ul>\n<p><img decoding=\"async\" src=\"https:\/\/www.hydraulic-cylinders.net\/wp-content\/uploads\/2025\/04\/songte-oil-pipes-and-spare-parts.webp\" alt=\"Piese hidraulice\" \/><\/p>\n<h2>Etan\u0219area \u0219i lubrifierea cilindrului hidraulic<\/h2>\n<p>Pentru a asigura o performan\u021b\u0103 optim\u0103, se utilizeaz\u0103 diverse componente de etan\u0219are, inclusiv etan\u0219\u0103ri pentru piston \u0219i etan\u0219\u0103ri pentru tij\u0103. Etan\u0219\u0103rile sunt de obicei fabricate din materiale durabile, cum ar fi poliuretanul \u0219i cauciucul nitrilic, care rezist\u0103 la uzur\u0103. Corpul cilindrului \u0219i suprafe\u021bele filetate ale cap\u0103tului sunt supuse unor prelucr\u0103ri de precizie pentru a spori rezisten\u021ba la uzur\u0103. Lubrifierea regulat\u0103 cu ulei hidraulic adecvat este esen\u021bial\u0103 pentru a minimiza frecarea \u0219i a preveni uzura prematur\u0103, asigur\u00e2nd func\u021bionarea f\u0103r\u0103 probleme a cilindrului \u00een timp.<\/p>\n<h2>M\u0103suri de \u00eentre\u021binere preventiv\u0103<\/h2>\n<ul>\n<li>\n<h3>Inspec\u021bii regulate<\/h3>\n<p>Efectuarea inspec\u021biilor regulate ale cilindrului bra\u021bului ajut\u0103 la identificarea timpurie a semnelor de uzur\u0103, scurgeri sau alte probleme. Verific\u0103rile vizuale pentru scurgeri de fluid hidraulic, uzura garniturilor \u0219i starea general\u0103 a cilindrului sunt m\u0103suri preventive esen\u021biale.<\/p>\n<\/li>\n<li>\n<h3>Lubrifiere adecvat\u0103<\/h3>\n<p>Men\u021binerea unor niveluri adecvate de lubrifiere este crucial\u0103 pentru longevitatea cilindrului. Verifica\u021bi \u0219i completa\u021bi periodic uleiul hidraulic pentru a v\u0103 asigura c\u0103 garniturile \u0219i piesele mobile sunt lubrifiate corespunz\u0103tor, reduc\u00e2nd uzura \u0219i \u00eembun\u0103t\u0103\u021bind performan\u021ba.<\/p>\n<\/li>\n<li>\n<h3>\u00cenlocuirea garniturii<\/h3>\n<p>Garniturile trebuie \u00eenlocuite conform recomand\u0103rilor produc\u0103torului sau atunci c\u00e2nd se detecteaz\u0103 uzur\u0103. Garniturile func\u021bionale corecte sunt vitale pentru men\u021binerea presiunii hidraulice \u0219i prevenirea scurgerilor de fluid.<\/p>\n<\/li>\n<\/ul>\n<h2>Instruc\u021biuni de instalare<\/h2>\n<p>Instalarea corect\u0103 a cilindrului bra\u021bului este esen\u021bial\u0103 pentru o performan\u021b\u0103 optim\u0103. \u00cencepe\u021bi prin a v\u0103 asigura c\u0103 suprafe\u021bele de montare sunt curate \u0219i f\u0103r\u0103 resturi. Alinia\u021bi cilindrul cu aten\u021bie cu punctele de montare, utiliz\u00e2nd console adecvate pentru a-l fixa \u00een pozi\u021bie. Este esen\u021bial s\u0103 men\u021bine\u021bi o aliniere corect\u0103 pe tot parcursul procesului de instalare pentru a preveni solicitarea excesiv\u0103 a cilindrului. Dup\u0103 instalare, verifica\u021bi conexiunile hidraulice pentru scurgeri \u0219i asigura\u021bi-v\u0103 c\u0103 sistemul este umplut cu tipul \u0219i cantitatea corect\u0103 de fluid hidraulic \u00eenainte de a testa func\u021bionarea cilindrului bra\u021bului.<\/p>\n<h2>Sarcini comune de \u00eentre\u021binere<\/h2>\n<ul>\n<li>\n<h3>Verifica\u021bi regulat nivelurile fluidului hidraulic<\/h3>\n<p>Este esen\u021bial s\u0103 monitoriza\u021bi \u0219i s\u0103 men\u021bine\u021bi nivelurile adecvate de fluid hidraulic pentru o func\u021bionare optim\u0103 a cilindrului. Nivelurile sc\u0103zute de fluid pot duce la o eficien\u021b\u0103 de func\u021bionare redus\u0103 \u0219i la poten\u021biale daune. Reumple\u021bi \u00eentotdeauna cu tipul de fluid recomandat \u0219i respecta\u021bi programele de \u00eentre\u021binere.<\/p>\n<\/li>\n<li>\n<h3>Lubrifiere adecvat\u0103<\/h3>\n<p>Lubrifierea asigur\u0103 o func\u021bionare lin\u0103 \u0219i prelunge\u0219te durata de via\u021b\u0103 a cilindrului bra\u021bului. Folosi\u021bi uleiul hidraulic specificat \u0219i urma\u021bi instruc\u021biunile produc\u0103torului privind intervalele de lubrifiere. Lubrifierea adecvat\u0103 reduce frecarea \u0219i uzura, \u00eembun\u0103t\u0103\u021bind performan\u021ba.<\/p>\n<\/li>\n<li>\n<h3>\u00cenlocuirea garniturii \u0219i verific\u0103ri ale calibr\u0103rii<\/h3>\n<p>Verifica\u021bi periodic garniturile pentru uzur\u0103 \u0219i \u00eenlocui\u021bi-le dup\u0103 cum este necesar pentru a preveni scurgerile de fluid hidraulic. Verific\u0103rile de calibrare asigur\u0103 c\u0103 cilindrul func\u021bioneaz\u0103 corect \u0219i \u00eendepline\u0219te specifica\u021biile opera\u021bionale. Abordarea prompt\u0103 a acestor sarcini poate preveni probleme mai mari pe viitor.<\/p>\n<\/li>\n<\/ul>\n<p><img decoding=\"async\" src=\"https:\/\/www.hydraulic-cylinders.net\/wp-content\/uploads\/2025\/04\/songte-chushion-collar.webp\" alt=\"Guler de pern\u0103\" \/><\/p>\n<h2>Considera\u021bii de siguran\u021b\u0103 \u0219i factori de mediu<\/h2>\n<p>M\u0103surile de siguran\u021b\u0103 sunt primordiale atunci c\u00e2nd se utilizeaz\u0103 componente hidraulice, cum ar fi cilindrul bra\u021bului. Operatorii trebuie instrui\u021bi cu privire la practicile de manipulare \u00een siguran\u021b\u0103 pentru a minimiza riscul de accidente. \u00centre\u021binerea \u0219i inspec\u021biile regulate ajut\u0103 la prevenirea defec\u021biunilor care ar putea duce la situa\u021bii periculoase. \u00cen plus, factorii de mediu, cum ar fi temperaturile extreme \u0219i expunerea la materiale corozive, pot afecta performan\u021ba cilindrului, necesit\u00e2nd o selec\u021bie adecvat\u0103 a materialelor \u0219i acoperiri protectoare pentru a spori durabilitatea.<\/p>\n<h2>Depanare \u0219i probleme frecvente<\/h2>\n<ul>\n<li>\n<h3>Probleme de scurgeri<\/h3>\n<p>Scurgerile sunt o problem\u0103 frecvent\u0103 care poate ap\u0103rea din cauza garniturilor uzate sau a fitingurilor sl\u0103bite. Inspec\u021bia regulat\u0103 \u0219i \u00eenlocuirea la timp a garniturilor pot atenua aceast\u0103 problem\u0103. Dac\u0103 apar scurgeri, identifica\u021bi sursa \u0219i remedia\u021bi-o prompt pentru a preveni pierderea de fluid hidraulic.<\/p>\n<\/li>\n<li>\n<h3>Func\u021bionare lent\u0103<\/h3>\n<p>Dac\u0103 cilindrul bra\u021bului func\u021bioneaz\u0103 lent, acest lucru poate indica niveluri sc\u0103zute de lichid hidraulic sau aer \u00een sistem. Verifica\u021bi nivelurile de lichid \u0219i aerisi\u021bi sistemul pentru a elimina buzunarele de aer, asigur\u00e2nd o func\u021bionare eficient\u0103.<\/p>\n<\/li>\n<li>\n<h3>Pierderea puterii<\/h3>\n<p>O pierdere de putere \u00een cilindrul bra\u021bului poate fi atribuit\u0103 diver\u0219ilor factori, inclusiv blocaje \u00een conductele hidraulice sau supape defecte. Inspecta\u021bi sistemul hidraulic pentru a depista obstruc\u021bii \u0219i asigura\u021bi-v\u0103 c\u0103 toate componentele func\u021bioneaz\u0103 corect.<\/p>\n<\/li>\n<\/ul>\n<p><img decoding=\"async\" src=\"https:\/\/www.hydraulic-cylinders.net\/wp-content\/uploads\/2025\/04\/songte-bushings-with-all-kinds-of-excavator-models.webp\" alt=\"Buc\u0219e pentru excavatoare\" \/><\/p>\n<h2>Sfaturi de depanare<\/h2>\n<p>Pentru a ajuta utilizatorii s\u0103 diagnosticheze \u0219i s\u0103 rezolve eficient problemele legate de cilindrul bra\u021bului, stabilirea unei rutine de \u00eentre\u021binere este esen\u021bial\u0103. Verific\u0103rile regulate pot ajuta la identificarea timpurie a poten\u021bialelor probleme. P\u0103strarea unui jurnal al activit\u0103\u021bilor de \u00eentre\u021binere \u0219i al oric\u0103ror nereguli de performan\u021b\u0103 poate ajuta la diagnosticarea problemelor. \u00cen plus, de\u021binerea pieselor de schimb la \u00eendem\u00e2n\u0103 poate accelera repara\u021biile \u0219i poate minimiza timpul de nefunc\u021bionare. M\u0103surile preventive, cum ar fi lubrifierea adecvat\u0103 \u0219i inspec\u021biile regulate, pot reduce semnificativ probabilitatea \u00eent\u00e2mpin\u0103rii unor probleme majore \u00een viitor.<\/p>\n<h2>Despre compania noastr\u0103<\/h2>\n<p>Suntem un produc\u0103tor important de cilindri hidraulici de schimb, oferind o gam\u0103 complet\u0103 de produse care satisfac cerin\u021bele pie\u021bei interne \u0219i interna\u021bionale. Angajamentul nostru fa\u021b\u0103 de excelen\u021b\u0103 se reflect\u0103 \u00een procesele noastre sofisticate de fabrica\u021bie, utiliz\u00e2nd tehnologie de ultim\u0103 genera\u021bie \u0219i personal calificat pentru a \u00eembun\u0103t\u0103\u021bi calitatea produselor. Ne perfec\u021bion\u0103m continuu strategiile de produc\u021bie pentru a asigura o eficien\u021b\u0103 \u0219i o precizie ridicate, satisf\u0103c\u00e2nd nevoile diverse ale clien\u021bilor no\u0219tri.<\/p>\n<p><img decoding=\"async\" src=\"https:\/\/www.hydraulic-cylinders.net\/wp-content\/uploads\/2025\/04\/songte-company-4.webp\" alt=\"Imaginea companiei 1\" \/><br \/>\n<img decoding=\"async\" src=\"https:\/\/www.hydraulic-cylinders.net\/wp-content\/uploads\/2025\/04\/songte-company-3.webp\" alt=\"Imaginea companiei 2\" \/><\/p>\n<p>Echipa noastr\u0103 de profesioni\u0219ti este dedicat\u0103 furniz\u0103rii de certific\u0103ri interna\u021bionale, servicii personalizate \u0219i asisten\u021b\u0103 robust\u0103 post-v\u00e2nzare. De\u021binem o gam\u0103 larg\u0103 de echipamente de produc\u021bie pentru a ne asigura c\u0103 putem \u00eendeplini eficient orice cerin\u021be specifice de fabrica\u021bie.<\/p>\n<p>Autor: lyl<\/p>","protected":false},"excerpt":{"rendered":"<p>Boom Cylinder For Hengte Wheel Excavator HTL90 Overview of the Boom Cylinder The Boom Cylinder is a crucial hydraulic component specifically designed for the Hengte Wheel Excavator HTL90. This type of hydraulic cylinder plays a vital role in controlling the movement of the excavator&#8217;s boom. By facilitating the boom&#8217;s lifting, lowering, and tilting actions, it [&hellip;]<\/p>","protected":false},"featured_media":17870,"comment_status":"open","ping_status":"closed","template":"","meta":{"_et_pb_use_builder":"","_et_pb_old_content":"","_et_gb_content_width":""},"product_brand":[],"product_cat":[1546],"product_tag":[1547,1496],"class_list":{"0":"post-19712","1":"product","2":"type-product","3":"status-publish","4":"has-post-thumbnail","6":"product_cat-boom-cylinders","7":"product_tag-boom-cylinders","8":"product_tag-hydraulic-cylinders","10":"first","11":"instock","12":"shipping-taxable","13":"product-type-simple"},"amp_enabled":true,"_links":{"self":[{"href":"https:\/\/www.hydraulic-cylinders.net\/ro\/wp-json\/wp\/v2\/product\/19712","targetHints":{"allow":["GET"]}}],"collection":[{"href":"https:\/\/www.hydraulic-cylinders.net\/ro\/wp-json\/wp\/v2\/product"}],"about":[{"href":"https:\/\/www.hydraulic-cylinders.net\/ro\/wp-json\/wp\/v2\/types\/product"}],"replies":[{"embeddable":true,"href":"https:\/\/www.hydraulic-cylinders.net\/ro\/wp-json\/wp\/v2\/comments?post=19712"}],"wp:featuredmedia":[{"embeddable":true,"href":"https:\/\/www.hydraulic-cylinders.net\/ro\/wp-json\/wp\/v2\/media\/17870"}],"wp:attachment":[{"href":"https:\/\/www.hydraulic-cylinders.net\/ro\/wp-json\/wp\/v2\/media?parent=19712"}],"wp:term":[{"taxonomy":"product_brand","embeddable":true,"href":"https:\/\/www.hydraulic-cylinders.net\/ro\/wp-json\/wp\/v2\/product_brand?post=19712"},{"taxonomy":"product_cat","embeddable":true,"href":"https:\/\/www.hydraulic-cylinders.net\/ro\/wp-json\/wp\/v2\/product_cat?post=19712"},{"taxonomy":"product_tag","embeddable":true,"href":"https:\/\/www.hydraulic-cylinders.net\/ro\/wp-json\/wp\/v2\/product_tag?post=19712"}],"curies":[{"name":"wp","href":"https:\/\/api.w.org\/{rel}","templated":true}]}}