{"id":19713,"date":"2025-04-07T07:03:19","date_gmt":"2025-04-07T07:03:19","guid":{"rendered":"https:\/\/www.hydraulic-cylinders.net\/product\/boom-cylinder-for-hengte-wheel-excavator-htl106\/"},"modified":"2025-04-07T07:03:22","modified_gmt":"2025-04-07T07:03:22","slug":"boom-cylinder-for-hengte-wheel-excavator-htl106","status":"publish","type":"product","link":"https:\/\/www.hydraulic-cylinders.net\/ro\/produs\/boom-cylinder-for-hengte-wheel-excavator-htl106\/","title":{"rendered":"Cilindru de bra\u021b pentru excavatorul cu ro\u021bi Hengte HTL106"},"content":{"rendered":"<h1>Cilindru de bra\u021b pentru excavatorul cu ro\u021bi Hengte HTL106<\/h1>\n<h2>Introducere \u00een cilindrii bra\u021bului<\/h2>\n<p>Cilindrul bra\u021bului este o component\u0103 hidraulic\u0103 crucial\u0103, conceput\u0103 pentru a controla mi\u0219carea bra\u021bului \u00een utilajele grele, \u00een special la excavatoare, \u00eenc\u0103rc\u0103toare frontale \u0219i excavatoare. Acesta permite ridicarea, cobor\u00e2rea \u0219i \u00eenclinarea bra\u021bului, facilit\u00e2nd sarcini eficiente de manipulare a materialelor. Acest cilindru hidraulic func\u021bioneaz\u0103 prin valorificarea presiunii fluidului hidraulic, transform\u00e2nd-o \u00een for\u021b\u0103 mecanic\u0103 pentru mi\u0219c\u0103ri precise.<\/p>\n<p><img decoding=\"async\" src=\"https:\/\/www.hydraulic-cylinders.net\/wp-content\/uploads\/2025\/04\/songte-company-1.webp\" alt=\"Imaginea cilindrului bra\u021bului\" \/><\/p>\n<p>\u00cen aplica\u021biile de construc\u021bii \u0219i agricultur\u0103, cilindrii bra\u021bului sunt fundamentali. Ace\u0219ti cilindri trebuie s\u0103 fie robu\u0219ti \u0219i fiabili, deoarece se confrunt\u0103 cu presiuni extreme \u0219i condi\u021bii dure de lucru. Capacitatea lor de a asigura o func\u021bionare lin\u0103 \u0219i eficient\u0103 are un impact direct asupra performan\u021bei utilajelor \u00een care sunt integra\u021bi.<\/p>\n<h2>Caracteristicile cilindrului bra\u021bului<\/h2>\n<h3>1. Rezisten\u021b\u0103 \u0219i durabilitate ridicate<\/h3>\n<p>Fabrica\u021bi din o\u021bel sau aluminiu de \u00eenalt\u0103 rezisten\u021b\u0103, cilindrii bra\u021bului sunt proiecta\u021bi s\u0103 reziste la sarcini grele \u0219i medii cu presiune ridicat\u0103. Construc\u021bia lor ia \u00een considerare rezisten\u021ba la uzur\u0103 \u0219i protec\u021bia \u00eempotriva coroziunii, prelungindu-le astfel durata de via\u021b\u0103.<\/p>\n<h3>2. Func\u021bionare hidraulic\u0103 eficient\u0103<\/h3>\n<p>Ace\u0219ti cilindri utilizeaz\u0103 presiunea fluidului hidraulic pentru o extensie \u0219i retragere lin\u0103. R\u0103spund rapid la comenzile operatorului, oferind for\u021be substan\u021biale de \u00eempingere \u0219i tragere necesare pentru manipularea materialelor grele \u0219i efectuarea sarcinilor complexe.<\/p>\n<h3>3. Varietate de tipuri<\/h3>\n<p>\u00cen func\u021bie de nevoile opera\u021bionale, utilizatorii pot alege \u00eentre cilindri cu ac\u021biune simpl\u0103 (folosind presiunea hidraulic\u0103 \u00eentr-o singur\u0103 direc\u021bie) sau cu ac\u021biune dubl\u0103 (folosind presiunea hidraulic\u0103 \u00een ambele direc\u021bii). Unele modele sunt telescopice, permi\u021b\u00e2nd o extensie mai mare f\u0103r\u0103 a cre\u0219te dimensiunile exterioare, fiind potrivite pentru aplica\u021bii cu spa\u021biu limitat.<\/p>\n<h3>4. Solu\u021bii personalizabile<\/h3>\n<p>Produsele noastre pot \u00eenlocui perfect cilindrii hidraulici existen\u021bi, asigur\u00e2nd compatibilitate \u0219i performan\u021b\u0103 \u00een diverse aplica\u021bii.<\/p>\n<p><img decoding=\"async\" src=\"https:\/\/www.hydraulic-cylinders.net\/wp-content\/uploads\/2025\/04\/songte-cylinder-head-with-all-kinds-excavator-models.webp\" alt=\"Solu\u021bii personalizabile\" \/><\/p>\n<h2>Scenarii de aplica\u021bii<\/h2>\n<h3>1. Echipamente de construc\u021bii<\/h3>\n<p>\u00cen excavatoare, cilindrii bra\u021bului joac\u0103 un rol vital \u00een s\u0103pare, \u00eenc\u0103rcare \u0219i mutarea p\u0103m\u00e2ntului sau a resturilor. Ace\u0219tia permit bra\u021bului s\u0103 se extind\u0103 \u0219i s\u0103 se retrag\u0103, oferind \u00een acela\u0219i timp capacit\u0103\u021bile de ridicare necesare pentru o func\u021bionare eficient\u0103. \u00cen cazul \u00eenc\u0103rc\u0103toarelor excavatoare, ace\u0219tia ajut\u0103 at\u00e2t la sarcinile de excavare, c\u00e2t \u0219i la cele de ridicare, demonstr\u00e2ndu-le versatilitatea \u00een \u0219antierele de construc\u021bii.<\/p>\n<h3>2. Ma\u0219ini agricole<\/h3>\n<p>\u00cen cazul \u00eenc\u0103rc\u0103toarelor frontale, cilindrii bra\u021bului sunt responsabili de scobere, ridicare \u0219i transportul solului, f\u00e2nului \u0219i altor materiale. Eficien\u021ba lor \u00een executarea acestor sarcini cre\u0219te productivitatea \u00een mediul agricol, f\u0103c\u00e2ndu-i indispensabili \u00een opera\u021biunile agricole.<\/p>\n<h3>3. Excavatoare<\/h3>\n<p>Ace\u0219ti cilindri hidraulici permit cupei s\u0103 p\u0103trund\u0103 \u00een sol, facilit\u00e2nd ac\u021biunile de s\u0103pare. Controlul precis oferit de cilindrii bra\u021bului este crucial pentru succesul proiectelor de excavare.<\/p>\n<h3>4. \u00cenc\u0103rc\u0103toare<\/h3>\n<p>La \u00eenc\u0103rc\u0103toarele frontale, cilindrii bra\u021bului ajut\u0103 la ridicarea \u0219i desc\u0103rcarea eficient\u0103 a \u00eenc\u0103rc\u0103turilor. Designul lor asigur\u0103 c\u0103 materialele grele pot fi gestionate f\u0103r\u0103 a compromite stabilitatea utilajului.<\/p>\n<h2>Considera\u021bii de proiectare \u0219i criterii de selec\u021bie<\/h2>\n<h3>1. Capacitate de \u00eenc\u0103rcare<\/h3>\n<p>Este esen\u021bial s\u0103 selecta\u021bi un cilindru pentru bra\u021b care s\u0103 \u00eendeplineasc\u0103 cerin\u021bele specifice de sarcin\u0103 ale echipamentului cu care va fi utilizat. Cilindrul trebuie s\u0103 fie capabil s\u0103 suporte sarcina maxim\u0103 f\u0103r\u0103 defec\u021biuni, asigur\u00e2nd func\u021bionarea \u00een siguran\u021b\u0103 \u00een timpul sarcinilor grele.<\/p>\n<h3>2. Capacitate de etan\u0219are<\/h3>\n<p>Etan\u0219area eficient\u0103 este esen\u021bial\u0103 pentru a preveni scurgerile de fluid hidraulic, care pot duce la ineficien\u021be \u0219i poten\u021biale daune. Trebuie utilizate etan\u0219\u0103ri de \u00eenalt\u0103 calitate pentru a men\u021bine integritatea opera\u021bional\u0103 \u0219i a minimiza nevoile de \u00eentre\u021binere.<\/p>\n<h3>3. Durabilitate<\/h3>\n<p>Durabilitatea este un aspect vital al proiect\u0103rii, deoarece cilindrii bra\u021bului func\u021bioneaz\u0103 \u00een medii solicitante. Ace\u0219tia ar trebui s\u0103 fie construi\u021bi din materiale care rezist\u0103 la uzur\u0103 \u0219i coroziune, sporindu-le astfel durata de via\u021b\u0103 \u0219i reduc\u00e2nd frecven\u021ba \u00eenlocuirilor.<\/p>\n<h3>4. Caracteristici de siguran\u021b\u0103<\/h3>\n<p>Incorporarea caracteristicilor de siguran\u021b\u0103 \u00een proiectare este esen\u021bial\u0103 pentru prevenirea accidentelor. Ar trebui incluse supape de siguran\u021b\u0103 \u0219i mecanisme de eliberare a presiunii pentru a proteja \u00eempotriva supra\u00eenc\u0103rc\u0103rii \u0219i a asigura siguran\u021ba operatorului.<\/p>\n<h3>5. \u00centre\u021binere \u0219i reparabilitate<\/h3>\n<p>Designul ar trebui s\u0103 faciliteze \u00eentre\u021binerea \u0219i repararea. Componentele care pot fi reparate sau \u00eenlocuite f\u0103r\u0103 perioade extinse de nefunc\u021bionare contribuie la eficien\u021ba opera\u021bional\u0103 general\u0103.<\/p>\n<p><img decoding=\"async\" src=\"https:\/\/www.hydraulic-cylinders.net\/wp-content\/uploads\/2025\/04\/songte-oil-pipes-and-spare-parts.webp\" alt=\"Considera\u021bii de proiectare\" \/><\/p>\n<h2>Etan\u0219are \u0219i lubrifiere<\/h2>\n<p>Eficacitatea cilindrilor hidraulici depinde \u00een mare m\u0103sur\u0103 de o etan\u0219are \u0219i o lubrifiere adecvate. Diverse componente de etan\u0219are, cum ar fi etan\u0219\u0103rile pistonului \u0219i ale tijei, trebuie utilizate pentru a men\u021bine presiunea hidraulic\u0103. Materiale precum poliuretanul \u0219i cauciucul nitrilic sunt preferate datorit\u0103 rezisten\u021bei lor la uzur\u0103. \u00cen plus, corpul cilindrului \u0219i capetele filetate trebuie s\u0103 fie finisate cu precizie pentru a spori durabilitatea la uzur\u0103. Lubrifierea regulat\u0103 cu ulei hidraulic este necesar\u0103 pentru a asigura o func\u021bionare lin\u0103 \u0219i a prelungi durata de via\u021b\u0103 a cilindrului, facilit\u00e2nd performan\u021be optime \u00een timpul utiliz\u0103rii.<\/p>\n<h2>M\u0103suri de \u00eentre\u021binere preventiv\u0103<\/h2>\n<ul>\n<li>Efectua\u021bi inspec\u021bii regulate pentru a identifica poten\u021biale scurgeri sau daune.<\/li>\n<li>Asigura\u021bi lubrifierea corespunz\u0103toare a garniturilor \u0219i a pieselor mobile pentru a men\u021bine eficien\u021ba.<\/li>\n<li>\u00cenlocui\u021bi prompt garniturile uzate pentru a preveni pierderea de fluid hidraulic.<\/li>\n<\/ul>\n<h2>Instruc\u021biuni de instalare<\/h2>\n<p>Instalarea corect\u0103 este esen\u021bial\u0103 pentru func\u021bionarea cu succes a cilindrilor bra\u021bului. \u00cencepe\u021bi prin alinierea cilindrului cu punctele de montare de pe utilaj. Utiliza\u021bi console de montare adecvate pentru a fixa ferm cilindrul. Asigura\u021bi-v\u0103 c\u0103 liniile hidraulice sunt conectate corect, evit\u00e2nd orice r\u0103suciri sau \u00eendoiri care pot duce la scurgeri. Dup\u0103 instalare, testa\u021bi sistemul pentru a confirma c\u0103 func\u021bioneaz\u0103 f\u0103r\u0103 probleme, f\u0103r\u0103 zgomote sau rezisten\u021b\u0103 neobi\u0219nuite. Acorda\u021bi o aten\u021bie deosebit\u0103 alinierii cilindrului pentru a preveni solicitarea excesiv\u0103 a componentelor, ceea ce poate duce la defec\u021biuni premature. Verificarea regulat\u0103 a conexiunilor \u0219i asigurarea amplas\u0103rii sigure vor spori longevitatea \u0219i performan\u021ba cilindrului bra\u021bului.<\/p>\n<h2>Sarcini comune de \u00eentre\u021binere<\/h2>\n<h3>1. Inspec\u021bii regulate<\/h3>\n<p>Verific\u0103rile de rutin\u0103 sunt cruciale pentru a identifica din timp orice semne de uzur\u0103 \u0219i deteriorare. Inspecta\u021bi conductele hidraulice pentru scurgeri \u0219i verifica\u021bi etan\u0219eitatea conexiunilor. Efectuarea acestor inspec\u021bii ajut\u0103 la prevenirea defec\u021biunilor nea\u0219teptate \u0219i permite repara\u021bii la timp.<\/p>\n<h3>2. Lubrifiere adecvat\u0103<\/h3>\n<p>Asigurarea lubrifierii adecvate a garniturilor \u0219i a pieselor mobile este vital\u0103 pentru a preveni deteriorarea cauzat\u0103 de frecare. Lubrifierea programat\u0103 cu tipul corect de ulei hidraulic va prelungi durata de via\u021b\u0103 a cilindrului \u0219i \u00eei va \u00eembun\u0103t\u0103\u021bi performan\u021ba.<\/p>\n<h3>3. \u00cenlocuirea garniturii \u0219i verificarea calibr\u0103rii<\/h3>\n<p>\u00cen timp, garniturile se pot uza \u0219i necesit\u0103 \u00eenlocuire. Este important s\u0103 le monitoriza\u021bi starea \u0219i s\u0103 le \u00eenlocui\u021bi dup\u0103 cum este necesar. \u00cen plus, calibrarea periodic\u0103 a sistemului hidraulic asigur\u0103 func\u021bionarea acestuia la o eficien\u021b\u0103 optim\u0103, men\u021bin\u00e2nd siguran\u021ba \u0219i func\u021bionalitatea echipamentului.<\/p>\n<p><img decoding=\"async\" src=\"https:\/\/www.hydraulic-cylinders.net\/wp-content\/uploads\/2025\/04\/songte-chushion-collar.webp\" alt=\"Sarcini de \u00eentre\u021binere\" \/><\/p>\n<h2>Considera\u021bii de siguran\u021b\u0103 \u0219i factori de mediu<\/h2>\n<p>Atunci c\u00e2nd se lucreaz\u0103 cu sisteme hidraulice, respectarea m\u0103surilor de siguran\u021b\u0103 este crucial\u0103 pentru a evita accidentele. Operatorii trebuie s\u0103 fie instrui\u021bi cu privire la practicile de operare \u00een siguran\u021b\u0103 \u0219i s\u0103 \u00een\u021beleag\u0103 func\u021bionalitatea cilindrului bra\u021bului. Utilizarea echipamentului individual de protec\u021bie (EIP) este esen\u021bial\u0103 pentru a atenua riscurile asociate cu expunerea la fluide hidraulice sau func\u021bionarea defectuoas\u0103 a echipamentelor. \u00cen plus, considera\u021biile de mediu ar trebui s\u0103 ghideze practicile de \u00eentre\u021binere pentru a preveni scurgerile de fluide care ar putea d\u0103una ecosistemelor \u00eenconjur\u0103toare.<\/p>\n<h2>Diagnosticarea defec\u021biunilor \u0219i probleme frecvente<\/h2>\n<h3>1. Scurgeri hidraulice<\/h3>\n<p>Scurgerile pot fi adesea detectate prin observarea b\u0103l\u021bilor de lichid din jurul echipamentului. Verificarea regulat\u0103 a etan\u0219\u0103rilor \u0219i fitingurilor poate preveni pierderea de lichid. Dac\u0103 se constat\u0103 o scurgere, inspecta\u021bi \u0219i \u00eenlocui\u021bi componentele defecte pentru a restabili func\u021bionalitatea.<\/p>\n<h3>2. Func\u021bionare lent\u0103<\/h3>\n<p>Dac\u0103 cilindrul func\u021bioneaz\u0103 lent, acest lucru poate indica un nivel sc\u0103zut de lichid hidraulic sau o blocare a conductelor. Verifica\u021bi nivelurile de lichid \u0219i \u00eendep\u0103rta\u021bi orice obstruc\u021bii pentru a asigura o func\u021bionare f\u0103r\u0103 probleme.<\/p>\n<h3>3. Zgomote neobi\u0219nuite<\/h3>\n<p>Orice sunete de scr\u00e2\u0219net sau z\u0103ng\u0103nit \u00een timpul func\u021bion\u0103rii semnaleaz\u0103 de obicei probleme mecanice. Investiga\u021bi sursa zgomotului \u0219i remedia\u021bi prompt orice componente uzate sau deteriorate.<\/p>\n<p><img decoding=\"async\" src=\"https:\/\/www.hydraulic-cylinders.net\/wp-content\/uploads\/2025\/04\/songte-bushings-with-all-kinds-of-excavator-models.webp\" alt=\"Diagnosticarea defec\u021biunilor\" \/><\/p>\n<h2>Sfaturi de depanare<\/h2>\n<p>Pentru o diagnosticare eficient\u0103 a defec\u021biunilor, \u00eencepe\u021bi prin a nota simptomele prezentate de cilindrul bra\u021bului. Efectua\u021bi o investiga\u021bie sistematic\u0103 a nivelurilor fluidului hidraulic, a etan\u0219\u0103rilor \u0219i a conexiunilor. Men\u021binerea unui jurnal de service poate ajuta la urm\u0103rirea problemelor anterioare, facilit\u00e2nd identificarea problemelor recurente. Implementarea unor m\u0103suri preventive, cum ar fi verific\u0103rile regulate de \u00eentre\u021binere \u0219i repara\u021biile prompte, poate atenua poten\u021bialele \u00eentreruperi opera\u021bionale \u0219i poate cre\u0219te longevitatea cilindrului bra\u021bului.<\/p>\n<h2>Despre compania noastr\u0103<\/h2>\n<p>Suntem un produc\u0103tor \u0219i distribuitor angro de top de cilindri hidraulici de schimb, oferind o gam\u0103 complet\u0103 de produse pentru a satisface diverse nevoi ale industriei. Angajamentul nostru fa\u021b\u0103 de calitate \u0219i excelen\u021b\u0103 ne ghideaz\u0103 procesele de fabrica\u021bie, sus\u021binute de strategii avansate de management al produc\u021biei. Echipa noastr\u0103 tehnic\u0103 calificat\u0103, combinat\u0103 cu echipamente digitale de fabrica\u021bie de ultim\u0103 genera\u021bie \u0219i sisteme profesionale de testare, asigur\u0103 o calitate superioar\u0103 a produselor. \u00cembun\u0103t\u0103\u021bim continuu platforma noastr\u0103 de fabrica\u021bie, ader\u00e2nd la principiile de eficien\u021b\u0103 ridicat\u0103, precizie \u0219i calitate pentru a satisface cerin\u021bele variate ale clien\u021bilor no\u0219tri.<\/p>\n<p><img decoding=\"async\" src=\"https:\/\/www.hydraulic-cylinders.net\/wp-content\/uploads\/2025\/04\/songte-company-4.webp\" alt=\"Prezentare general\u0103 a companiei\" \/><br \/>\n<img decoding=\"async\" src=\"https:\/\/www.hydraulic-cylinders.net\/wp-content\/uploads\/2025\/04\/songte-company-3.webp\" alt=\"Prezentare general\u0103 a companiei\" \/><\/p>\n<p>Compania noastr\u0103 se remarc\u0103 prin profesionalism, certific\u0103ri interna\u021bionale, servicii personalizate, echipamente de produc\u021bie avansate \u0219i asisten\u021b\u0103 post-v\u00e2nzare excep\u021bional\u0103.<\/p>\n<p>Autor: lyl<\/p>","protected":false},"excerpt":{"rendered":"<p>Boom Cylinder For Hengte Wheel Excavator HTL106 Introduction to Boom Cylinders The boom cylinder is a crucial hydraulic component designed to control the movement of the boom in heavy machinery, particularly in excavators, backhoe loaders, and front loaders. It allows the boom to lift, lower, and tilt, facilitating efficient material handling tasks. This hydraulic cylinder [&hellip;]<\/p>","protected":false},"featured_media":17871,"comment_status":"open","ping_status":"closed","template":"","meta":{"_et_pb_use_builder":"","_et_pb_old_content":"","_et_gb_content_width":""},"product_brand":[],"product_cat":[1546],"product_tag":[1547,1496],"class_list":{"0":"post-19713","1":"product","2":"type-product","3":"status-publish","4":"has-post-thumbnail","6":"product_cat-boom-cylinders","7":"product_tag-boom-cylinders","8":"product_tag-hydraulic-cylinders","10":"first","11":"instock","12":"shipping-taxable","13":"product-type-simple"},"amp_enabled":true,"_links":{"self":[{"href":"https:\/\/www.hydraulic-cylinders.net\/ro\/wp-json\/wp\/v2\/product\/19713","targetHints":{"allow":["GET"]}}],"collection":[{"href":"https:\/\/www.hydraulic-cylinders.net\/ro\/wp-json\/wp\/v2\/product"}],"about":[{"href":"https:\/\/www.hydraulic-cylinders.net\/ro\/wp-json\/wp\/v2\/types\/product"}],"replies":[{"embeddable":true,"href":"https:\/\/www.hydraulic-cylinders.net\/ro\/wp-json\/wp\/v2\/comments?post=19713"}],"wp:featuredmedia":[{"embeddable":true,"href":"https:\/\/www.hydraulic-cylinders.net\/ro\/wp-json\/wp\/v2\/media\/17871"}],"wp:attachment":[{"href":"https:\/\/www.hydraulic-cylinders.net\/ro\/wp-json\/wp\/v2\/media?parent=19713"}],"wp:term":[{"taxonomy":"product_brand","embeddable":true,"href":"https:\/\/www.hydraulic-cylinders.net\/ro\/wp-json\/wp\/v2\/product_brand?post=19713"},{"taxonomy":"product_cat","embeddable":true,"href":"https:\/\/www.hydraulic-cylinders.net\/ro\/wp-json\/wp\/v2\/product_cat?post=19713"},{"taxonomy":"product_tag","embeddable":true,"href":"https:\/\/www.hydraulic-cylinders.net\/ro\/wp-json\/wp\/v2\/product_tag?post=19713"}],"curies":[{"name":"wp","href":"https:\/\/api.w.org\/{rel}","templated":true}]}}