{"id":19714,"date":"2025-04-07T07:03:24","date_gmt":"2025-04-07T07:03:24","guid":{"rendered":"https:\/\/www.hydraulic-cylinders.net\/product\/boom-cylinder-for-hengte-wheel-excavator-htl135\/"},"modified":"2025-04-07T07:03:27","modified_gmt":"2025-04-07T07:03:27","slug":"boom-cylinder-for-hengte-wheel-excavator-htl135","status":"publish","type":"product","link":"https:\/\/www.hydraulic-cylinders.net\/ro\/produs\/boom-cylinder-for-hengte-wheel-excavator-htl135\/","title":{"rendered":"Cilindru de bra\u021b pentru excavatorul cu ro\u021bi Hengte HTL135"},"content":{"rendered":"<h1>Cilindru de bra\u021b pentru excavatorul cu ro\u021bi Hengte HTL135<\/h1>\n<h2>Introducere \u00een cilindrii bra\u021bului<\/h2>\n<p>Cilindrul bra\u021bului este o component\u0103 vital\u0103 \u00een sistemele hidraulice, special conceput pentru controlul mi\u0219c\u0103rilor cupei \u00een utilaje grele, cum ar fi excavatoarele, excavatoarele \u0219i \u00eenc\u0103rc\u0103toarele frontale. Acest cilindru hidraulic permite ridicarea, cobor\u00e2rea \u0219i \u00eenclinarea cupei, facilit\u00e2nd manipularea eficient\u0103 a materialelor. Prin transformarea presiunii hidraulice \u00een for\u021b\u0103 mecanic\u0103, cilindrii bra\u021bului optimizeaz\u0103 performan\u021ba echipamentelor grele, f\u0103c\u00e2ndu-le indispensabile \u00een construc\u021bii, agricultur\u0103 \u0219i diverse aplica\u021bii industriale.<\/p>\n<p><img decoding=\"async\" src=\"https:\/\/www.hydraulic-cylinders.net\/wp-content\/uploads\/2025\/04\/songte-company-1.webp\" alt=\"Cilindru de bra\u021b\"><\/p>\n<h2>Caracteristicile cilindrului bra\u021bului<\/h2>\n<ul>\n<li>\n<h3>Rezisten\u021b\u0103 \u0219i durabilitate ridicate<\/h3>\n<p>De obicei fabricate din o\u021bel sau aluminiu de \u00eenalt\u0103 rezisten\u021b\u0103, aceste cilindri pot rezista la presiuni ridicate \u0219i sarcini grele, ceea ce le face potrivite pentru medii de lucru dure. Designul lor pune accent pe rezisten\u021ba la uzur\u0103 \u0219i protec\u021bia \u00eempotriva coroziunii, asigur\u00e2nd o durat\u0103 de via\u021b\u0103 extins\u0103.<\/p>\n<\/li>\n<li>\n<h3>Func\u021bionare hidraulic\u0103 eficient\u0103<\/h3>\n<p>Utiliz\u00e2nd presiunea uleiului hidraulic, ace\u0219ti cilindri execut\u0103 ac\u021biuni line de extensie \u0219i retragere, oferind un r\u0103spuns rapid la comenzile operatorului \u0219i furniz\u00e2nd for\u021be puternice de \u00eempingere \u0219i tragere, esen\u021biale pentru gestionarea sarcinilor grele \u0219i complexe.<\/p>\n<\/li>\n<li>\n<h3>Diverse tipuri disponibile<\/h3>\n<p>Clien\u021bii pot alege \u00eentre cilindri cu ac\u021biune simpl\u0103 (func\u021bioneaz\u0103 \u00eentr-o singur\u0103 direc\u021bie) sau cu ac\u021biune dubl\u0103 (func\u021bioneaz\u0103 \u00een ambele direc\u021bii) \u00een func\u021bie de nevoile lor opera\u021bionale. Unele modele sunt telescopice, permi\u021b\u00e2nd o extensie mai mare f\u0103r\u0103 a cre\u0219te dimensiunile exterioare, ideale pentru aplica\u021bii cu spa\u021biu limitat.<\/p>\n<\/li>\n<\/ul>\n<h2>Capacitate de produc\u021bie<\/h2>\n<p>Ne specializ\u0103m \u00een producerea acestor cilindri hidraulici, asigur\u00e2ndu-ne c\u0103 produsele noastre pot \u00eenlocui perfect modelele existente, \u00eendeplinind sau dep\u0103\u0219ind standardele industriei.<\/p>\n<p><img decoding=\"async\" src=\"https:\/\/www.hydraulic-cylinders.net\/wp-content\/uploads\/2025\/04\/songte-cylinder-head-with-all-kinds-excavator-models.webp\" alt=\"Fabricarea cilindrilor hidraulici\"><\/p>\n<h2>Aplica\u021bii ale cilindrilor bra\u021bului<\/h2>\n<ul>\n<li>\n<h3>Echipamente de construc\u021bii<\/h3>\n<p>\u00cen excavatoare, cilindrii bra\u021bului sunt cruciali pentru s\u0103pare, \u00eenc\u0103rcare \u0219i mutarea solului sau a resturilor. Ace\u0219tia faciliteaz\u0103 ac\u021biunea de s\u0103pare permi\u021b\u00e2nd cupei s\u0103 p\u0103trund\u0103 eficient \u00een sol, ceea ce \u00eei face esen\u021biali \u00een \u0219antierele de construc\u021bii unde sunt necesare lucr\u0103ri de terasamente.<\/p>\n<\/li>\n<li>\n<h3>Ma\u0219ini agricole<\/h3>\n<p>\u00cenc\u0103rc\u0103toarele frontale utilizeaz\u0103 cilindri ai bra\u021bului pentru a transporta, transporta solul, f\u00e2nul \u0219i alte materiale. Ace\u0219ti cilindri sporesc productivitatea \u00een sarcinile agricole, permi\u021b\u00e2nd manipularea eficient\u0103 a materialelor, ceea ce este vital pentru opera\u021biunile agricole.<\/p>\n<\/li>\n<li>\n<h3>Excavatoare<\/h3>\n<p>La excavatoare, cilindrul bra\u021bului permite cupei s\u0103 p\u0103trund\u0103 \u00een sol, facilit\u00e2nd excavarea. Aceast\u0103 func\u021bie este crucial\u0103 pentru preg\u0103tirea \u0219antierului, s\u0103parea \u0219an\u021burilor \u0219i lucr\u0103rile de funda\u021bie, ceea ce face ca excavatoarele s\u0103 fie unelte versatile \u00een construc\u021bii.<\/p>\n<\/li>\n<li>\n<h3>\u00cenc\u0103rc\u0103toare<\/h3>\n<p>\u00cen cazul \u00eenc\u0103rc\u0103toarelor frontale, cilindrii bra\u021bului ajut\u0103 la ridicarea \u0219i desc\u0103rcarea eficient\u0103 a sarcinilor. Aceast\u0103 aplica\u021bie este esen\u021bial\u0103 pentru sarcini precum manipularea materialelor, nivelarea \u0219i diverse sarcini de ridicare \u00een proiectele de construc\u021bii \u0219i amenaj\u0103ri peisagistice.<\/p>\n<\/li>\n<\/ul>\n<h2>Considera\u021bii de proiectare \u0219i criterii de selec\u021bie<\/h2>\n<ul>\n<li>\n<h3>Capacitate de \u00eenc\u0103rcare<\/h3>\n<p>Capacitatea de \u00eenc\u0103rcare a unui cilindru al bra\u021bului este un factor critic pentru a asigura c\u0103 acesta poate suporta greutatea necesar\u0103. Este esen\u021bial s\u0103 selecta\u021bi un cilindru care nu numai c\u0103 \u00eendepline\u0219te cerin\u021bele opera\u021bionale, dar ofer\u0103 \u0219i o marj\u0103 de siguran\u021b\u0103 pentru a preveni defec\u021biunile.<\/p>\n<\/li>\n<li>\n<h3>Sigilare<\/h3>\n<p>Etan\u0219area eficient\u0103 este vital\u0103 pentru prevenirea scurgerilor de fluide \u0219i men\u021binerea presiunii. Etan\u0219\u0103rile de \u00eenalt\u0103 calitate \u00eembun\u0103t\u0103\u021besc performan\u021ba \u0219i longevitatea cilindrului hidraulic, reduc\u00e2nd costurile de \u00eentre\u021binere \u0219i timpii de nefunc\u021bionare.<\/p>\n<\/li>\n<li>\n<h3>Durabilitate<\/h3>\n<p>Durabilitatea este esen\u021bial\u0103 pentru longevitatea cilindrilor bra\u021bului. Ace\u0219tia trebuie s\u0103 reziste la medii dure, inclusiv expunerea la temperaturi extreme, umiditate \u0219i utilizare intens\u0103. Selectarea materialelor cu rezisten\u021b\u0103 ridicat\u0103 la uzur\u0103 \u0219i coroziune este esen\u021bial\u0103.<\/p>\n<\/li>\n<li>\n<h3>Caracteristici de siguran\u021b\u0103<\/h3>\n<p>Incorporarea caracteristicilor de siguran\u021b\u0103 este crucial\u0103 pentru prevenirea accidentelor. Acestea includ supape de suprapresiune \u0219i sisteme de protec\u021bie la suprasarcin\u0103 care asigur\u0103 o func\u021bionare sigur\u0103 \u00een condi\u021bii de sarcin\u0103 variabil\u0103.<\/p>\n<\/li>\n<li>\n<h3>Accesibilitate pentru \u00eentre\u021binere<\/h3>\n<p>Proiectarea cilindrilor pentru o \u00eentre\u021binere u\u0219oar\u0103 le \u00eembun\u0103t\u0103\u021be\u0219te durata de via\u021b\u0103. Caracteristici precum capacele de cap\u0103t deta\u0219abile \u0219i racordurile de ungere accesibile permit proceduri de \u00eentre\u021binere simple, reduc\u00e2nd timpii de nefunc\u021bionare.<\/p>\n<\/li>\n<\/ul>\n<p><img decoding=\"async\" src=\"https:\/\/www.hydraulic-cylinders.net\/wp-content\/uploads\/2025\/04\/songte-oil-pipes-and-spare-parts.webp\" alt=\"Componente cilindru hidraulic\"><\/p>\n<h2>Etan\u0219are \u0219i lubrifiere<\/h2>\n<p>Etan\u0219area \u0219i lubrifierea corespunz\u0103toare sunt vitale pentru func\u021bionarea eficient\u0103 a cilindrilor bra\u021bului. Diverse etan\u0219\u0103ri, cum ar fi etan\u0219\u0103rile pistonului \u0219i etan\u0219\u0103rile tijei, sunt esen\u021biale pentru men\u021binerea presiunii \u0219i prevenirea scurgerilor. Etan\u0219\u0103rile fabricate din materiale durabile, precum poliuretanul \u0219i cauciucul nitrilic, asigur\u0103 rezisten\u021ba la uzur\u0103. Corpul cilindrului \u0219i suprafe\u021bele filetate ale cap\u0103tului sunt supuse unor prelucr\u0103ri de precizie pentru a \u00eembun\u0103t\u0103\u021bi rezisten\u021ba la uzur\u0103. Ad\u0103ugarea regulat\u0103 a uleiului hidraulic adecvat pentru lubrifiere este necesar\u0103 pentru a men\u021bine performan\u021be optime \u0219i a preveni supra\u00eenc\u0103lzirea.<\/p>\n<h2>M\u0103suri de \u00eentre\u021binere preventiv\u0103<\/h2>\n<ul>\n<li>\n<h3>Inspec\u021bii regulate<\/h3>\n<p>Efectuarea inspec\u021biilor de rutin\u0103 ajut\u0103 la identificarea uzurii \u0219i a poten\u021bialelor probleme \u00eenainte ca acestea s\u0103 devin\u0103 grave, asigur\u00e2nd func\u021bionarea continu\u0103 \u0219i siguran\u021ba.<\/p>\n<\/li>\n<li>\n<h3>Lubrifiere adecvat\u0103<\/h3>\n<p>Men\u021binerea unor niveluri adecvate de lubrifiere este crucial\u0103 pentru a preveni frecarea \u0219i uzura, prelungind durata de via\u021b\u0103 a componentelor hidraulice.<\/p>\n<\/li>\n<li>\n<h3>\u00cenlocuirea garniturii<\/h3>\n<p>\u00cenlocuirea regulat\u0103 a garniturilor previne scurgerile \u0219i men\u021bine presiunea hidraulic\u0103, asigur\u00e2nd performan\u021be \u0219i siguran\u021b\u0103 optime.<\/p>\n<\/li>\n<\/ul>\n<h2>Instruc\u021biuni de instalare<\/h2>\n<p>Instalarea corect\u0103 a cilindrilor bra\u021bului este esen\u021bial\u0103 pentru func\u021bionarea lor eficient\u0103. \u00cencepe\u021bi prin a v\u0103 asigura c\u0103 toate componentele sunt curate \u0219i f\u0103r\u0103 resturi. Alinia\u021bi cilindrul cu precizie cu punctele de montare \u0219i utiliza\u021bi consolele de montare adecvate pentru a-l fixa \u00een pozi\u021bie. Acorda\u021bi aten\u021bie conexiunilor hidraulice, asigur\u00e2ndu-v\u0103 c\u0103 sunt str\u00e2nse \u0219i f\u0103r\u0103 scurgeri. Dup\u0103 instalare, verifica\u021bi \u00eentregul sistem pentru eventuale scurgeri \u0219i asigura\u021bi-v\u0103 c\u0103 exist\u0103 suficient fluid hidraulic \u00eenainte de a utiliza utilajul. Urma\u021bi specifica\u021biile produc\u0103torului pentru set\u0103rile de cuplu pentru a evita str\u00e2ngerea excesiv\u0103.<\/p>\n<h2>Sarcini comune de \u00eentre\u021binere<\/h2>\n<ul>\n<li>\n<h3>Inspec\u021bii regulate<\/h3>\n<p>Inspec\u021biile frecvente sunt cruciale pentru detectarea semnelor timpurii de uzur\u0103 sau deteriorare. Monitorizarea st\u0103rii garniturilor, furtunurilor \u0219i conexiunilor ajut\u0103 la prevenirea repara\u021biilor costisitoare \u0219i prelunge\u0219te durata de via\u021b\u0103 general\u0103 a echipamentului.<\/p>\n<\/li>\n<li>\n<h3>Lubrifiere adecvat\u0103<\/h3>\n<p>Lubrifierea adecvat\u0103 este vital\u0103 pentru reducerea frec\u0103rii \u0219i uzurii pieselor mobile. Asigura\u021bi-v\u0103 c\u0103 toate punctele de lubrifiere sunt accesibile \u0219i utiliza\u021bi uleiul hidraulic recomandat pentru a men\u021bine o func\u021bionare lin\u0103.<\/p>\n<\/li>\n<li>\n<h3>\u00cenlocuirea garniturii<\/h3>\n<p>\u00cenlocuirea regulat\u0103 a garniturilor este necesar\u0103 pentru a preveni scurgerile \u0219i a men\u021bine eficien\u021ba hidraulic\u0103. Stabili\u021bi un program de rutin\u0103 pentru verificarea \u0219i \u00eenlocuirea garniturilor uzate pentru a asigura o performan\u021b\u0103 optim\u0103.<\/p>\n<\/li>\n<\/ul>\n<p><img decoding=\"async\" src=\"https:\/\/www.hydraulic-cylinders.net\/wp-content\/uploads\/2025\/04\/songte-chushion-collar.webp\" alt=\"Guler de amortizare a cilindrului bra\u021bului\"><\/p>\n<h2>Considera\u021bii de siguran\u021b\u0103 \u0219i factori de mediu<\/h2>\n<p>Atunci c\u00e2nd se utilizeaz\u0103 cilindri pentru bra\u021b, este esen\u021bial s\u0103 se respecte m\u0103surile de siguran\u021b\u0103 pentru a preveni accidentele la locul de munc\u0103. Operatorii trebuie s\u0103 fie instrui\u021bi cu privire la manipularea \u0219i operarea corect\u0103 a utilajelor echipate cu sisteme hidraulice. \u00cen plus, verific\u0103rile regulate de \u00eentre\u021binere sunt esen\u021biale pentru a se asigura c\u0103 toate componentele func\u021bioneaz\u0103 corect \u0219i \u00een siguran\u021b\u0103. Considera\u021biile de mediu nu trebuie neglijate, deoarece eliminarea corect\u0103 a fluidelor hidraulice \u0219i a componentelor uzate este vital\u0103 pentru minimizarea impactului ecologic.<\/p>\n<h2>Diagnosticarea defec\u021biunilor \u0219i probleme frecvente<\/h2>\n<ul>\n<li>\n<h3>Scurgere<\/h3>\n<p>Scurgerile pot ap\u0103rea din cauza garniturilor uzate sau a conexiunilor deteriorate. Inspecta\u021bi garniturile \u00een mod regulat \u0219i \u00eenlocui\u021bi-le dup\u0103 cum este necesar pentru a preveni pierderea de lichid.<\/p>\n<\/li>\n<li>\n<h3>Performan\u021b\u0103 redus\u0103<\/h3>\n<p>Dac\u0103 cilindrul nu r\u0103spunde corespunz\u0103tor, acest lucru poate indica niveluri sc\u0103zute de lichid hidraulic sau aer \u00een sistem. Verifica\u021bi nivelurile de lichid \u0219i aerisi\u021bi sistemul pentru a elimina orice bul\u0103 de aer.<\/p>\n<\/li>\n<li>\n<h3>Zgomote ciudate<\/h3>\n<p>Zgomotele neobi\u0219nuite \u00een timpul func\u021bion\u0103rii pot semnala deterior\u0103ri interne sau lips\u0103 de lubrifiere. Investiga\u021bi sursa zgomotului \u0219i efectua\u021bi repara\u021biile sau lubrifierea necesare.<\/p>\n<\/li>\n<\/ul>\n<p>Pentru a atenua poten\u021bialele probleme, implementa\u021bi m\u0103suri de \u00eentre\u021binere preventiv\u0103, inspecta\u021bi frecvent \u0219i \u00eenlocui\u021bi prompt componentele uzate. Aceast\u0103 abordare proactiv\u0103 va ajuta la men\u021binerea fiabilit\u0103\u021bii sistemului hidraulic.<\/p>\n<p><img decoding=\"async\" src=\"https:\/\/www.hydraulic-cylinders.net\/wp-content\/uploads\/2025\/04\/songte-bushings-with-all-kinds-of-excavator-models.webp\" alt=\"Buc\u0219e cilindru hidraulic\"><\/p>\n<h2>Despre compania noastr\u0103<\/h2>\n<p>Suntem un produc\u0103tor important de cilindri hidraulici de schimb, oferind o gam\u0103 larg\u0103 de produse care deservesc at\u00e2t pie\u021bele interne, c\u00e2t \u0219i cele interna\u021bionale. Angajamentul nostru fa\u021b\u0103 de calitate este evident prin strategiile noastre rafinate de fabrica\u021bie \u0219i managementul produc\u021biei industriale. Cu o for\u021b\u0103 de munc\u0103 calificat\u0103, echipamente digitale avansate de fabrica\u021bie \u0219i un sistem robust de testare, ne \u00eembun\u0103t\u0103\u021bim continuu platformele de fabrica\u021bie. Principiile noastre se concentreaz\u0103 pe eficien\u021b\u0103 ridicat\u0103, precizie \u0219i calitate, permi\u021b\u00e2ndu-ne s\u0103 satisfacem nevoile diverse ale clien\u021bilor no\u0219tri.<\/p>\n<p><img decoding=\"async\" src=\"https:\/\/www.hydraulic-cylinders.net\/wp-content\/uploads\/2025\/04\/songte-company-4.webp\" alt=\"Prezentare general\u0103 a companiei\"><br \/>\n<img decoding=\"async\" src=\"https:\/\/www.hydraulic-cylinders.net\/wp-content\/uploads\/2025\/04\/songte-company-3.webp\" alt=\"Facilit\u0103\u021bi ale companiei\"><\/p>\n<p>Compania noastr\u0103 se m\u00e2ndre\u0219te cu profesionalismul, certific\u0103rile interna\u021bionale, serviciile personalizate, echipamentele de produc\u021bie de ultim\u0103 genera\u021bie \u0219i asisten\u021ba post-v\u00e2nzare excep\u021bional\u0103. Ne dedic\u0103m furniz\u0103rii celor mai bune solu\u021bii pentru nevoile cilindrilor hidraulici.<\/p>\n<p>Autor: lyl<\/p>","protected":false},"excerpt":{"rendered":"<p>Boom Cylinder For Hengte Wheel Excavator HTL135 Introduction to Boom Cylinders The boom cylinder is a vital component in hydraulic systems, specifically designed for controlling the movements of the bucket in heavy machinery like excavators, backhoes, and front loaders. This hydraulic cylinder allows the bucket to lift, lower, and tilt, facilitating the efficient handling of [&hellip;]<\/p>","protected":false},"featured_media":17872,"comment_status":"open","ping_status":"closed","template":"","meta":{"_et_pb_use_builder":"","_et_pb_old_content":"","_et_gb_content_width":""},"product_brand":[],"product_cat":[1546],"product_tag":[1547,1496],"class_list":{"0":"post-19714","1":"product","2":"type-product","3":"status-publish","4":"has-post-thumbnail","6":"product_cat-boom-cylinders","7":"product_tag-boom-cylinders","8":"product_tag-hydraulic-cylinders","10":"first","11":"instock","12":"shipping-taxable","13":"product-type-simple"},"amp_enabled":true,"_links":{"self":[{"href":"https:\/\/www.hydraulic-cylinders.net\/ro\/wp-json\/wp\/v2\/product\/19714","targetHints":{"allow":["GET"]}}],"collection":[{"href":"https:\/\/www.hydraulic-cylinders.net\/ro\/wp-json\/wp\/v2\/product"}],"about":[{"href":"https:\/\/www.hydraulic-cylinders.net\/ro\/wp-json\/wp\/v2\/types\/product"}],"replies":[{"embeddable":true,"href":"https:\/\/www.hydraulic-cylinders.net\/ro\/wp-json\/wp\/v2\/comments?post=19714"}],"wp:featuredmedia":[{"embeddable":true,"href":"https:\/\/www.hydraulic-cylinders.net\/ro\/wp-json\/wp\/v2\/media\/17872"}],"wp:attachment":[{"href":"https:\/\/www.hydraulic-cylinders.net\/ro\/wp-json\/wp\/v2\/media?parent=19714"}],"wp:term":[{"taxonomy":"product_brand","embeddable":true,"href":"https:\/\/www.hydraulic-cylinders.net\/ro\/wp-json\/wp\/v2\/product_brand?post=19714"},{"taxonomy":"product_cat","embeddable":true,"href":"https:\/\/www.hydraulic-cylinders.net\/ro\/wp-json\/wp\/v2\/product_cat?post=19714"},{"taxonomy":"product_tag","embeddable":true,"href":"https:\/\/www.hydraulic-cylinders.net\/ro\/wp-json\/wp\/v2\/product_tag?post=19714"}],"curies":[{"name":"wp","href":"https:\/\/api.w.org\/{rel}","templated":true}]}}