{"id":19715,"date":"2025-04-07T07:03:27","date_gmt":"2025-04-07T07:03:27","guid":{"rendered":"https:\/\/www.hydraulic-cylinders.net\/product\/boom-cylinder-for-hengte-wheel-excavator-htl150-8\/"},"modified":"2025-04-07T07:03:30","modified_gmt":"2025-04-07T07:03:30","slug":"boom-cylinder-for-hengte-wheel-excavator-htl150-8","status":"publish","type":"product","link":"https:\/\/www.hydraulic-cylinders.net\/ro\/produs\/boom-cylinder-for-hengte-wheel-excavator-htl150-8\/","title":{"rendered":"Cilindru de bra\u021b pentru excavatorul cu ro\u021bi Hengte HTL150-8"},"content":{"rendered":"<h1>Cilindru de bra\u021b pentru excavatorul cu ro\u021bi Hengte HTL150-8<\/h1>\n<h2>Introducere \u00een cilindrul bra\u021bului<\/h2>\n<p>Cilindrul bra\u021bului pentru excavatorul pe ro\u021bi Hengte HTL150-8 este o component\u0103 hidraulic\u0103 crucial\u0103, conceput\u0103 pentru a controla mi\u0219carea bra\u021bului \u00een utilajele grele. Conceput special pentru excavatoare, \u00eenc\u0103rc\u0103toare frontale \u0219i excavatoare, acest cilindru hidraulic faciliteaz\u0103 ridicarea, cobor\u00e2rea \u0219i \u00eenclinarea cupei. Acest mecanism este esen\u021bial pentru sarcini eficiente de manipulare a materialelor, \u00eembun\u0103t\u0103\u021bind performan\u021ba general\u0103 a utilajelor de construc\u021bii \u0219i agricole.<\/p>\n<p><img decoding=\"async\" src=\"https:\/\/www.hydraulic-cylinders.net\/wp-content\/uploads\/2025\/04\/songte-company-1.webp\" alt=\"Cilindru hidraulic\"><\/p>\n<h2>Caracteristicile cilindrului bra\u021bului<\/h2>\n<ul>\n<li><strong>Rezisten\u021b\u0103 \u0219i durabilitate ridicate:<\/strong> Fabricate din o\u021bel sau aluminiu de \u00eenalt\u0103 rezisten\u021b\u0103, concepute s\u0103 reziste la presiuni ridicate \u0219i sarcini grele, fiind \u00een acela\u0219i timp rezistente la uzur\u0103 \u0219i coroziune.<\/li>\n<li><strong>Func\u021bionare hidraulic\u0103 eficient\u0103:<\/strong> Utilizeaz\u0103 presiunea uleiului hidraulic pentru o extensie \u0219i retragere lin\u0103, oferind un r\u0103spuns rapid la comenzile de control \u0219i o for\u021b\u0103 puternic\u0103 de \u00eempingere-tragere pentru sarcini grele \u0219i complexe.<\/li>\n<li><strong>Varietate de tipuri:<\/strong> Op\u021biunile includ ac\u021biune simpl\u0103 (folosind for\u021ba hidraulic\u0103 \u00eentr-o singur\u0103 direc\u021bie) sau ac\u021biune dubl\u0103 (folosind for\u021ba hidraulic\u0103 \u00een ambele direc\u021bii), anumite modele av\u00e2nd designuri telescopice pentru a permite o extensie mai mare f\u0103r\u0103 a cre\u0219te dimensiunile exterioare.<\/li>\n<li><strong>Fabrica\u021bie personalizat\u0103:<\/strong> Produsele noastre pot \u00eenlocui perfect cilindrii hidraulici existen\u021bi, asigur\u00e2nd compatibilitate \u0219i fiabilitate.<\/li>\n<li><strong>Aplica\u021bii versatile:<\/strong> Potrivit pentru o gam\u0103 larg\u0103 de utilaje grele din diverse industrii.<\/li>\n<\/ul>\n<p><img decoding=\"async\" src=\"https:\/\/www.hydraulic-cylinders.net\/wp-content\/uploads\/2025\/04\/songte-cylinder-head-with-all-kinds-excavator-models.webp\" alt=\"Modele de cilindri pentru excavatoare\"><\/p>\n<h2>Aplica\u021bii ale cilindrului bra\u021bului<\/h2>\n<h3>Echipamente de construc\u021bii<\/h3>\n<p>\u00cen excavatoare, cilindrii bra\u021bului sunt vitali pentru s\u0103pare, \u00eenc\u0103rcare \u0219i transportul solului sau al resturilor. Ace\u0219tia permit cupei s\u0103 p\u0103trund\u0103 eficient \u00een sol, asigur\u00e2nd opera\u021biuni de excavare eficiente. \u00cen cazul \u00eenc\u0103rc\u0103toarelor excavatoare, cilindrul bra\u021bului ajut\u0103 nu numai la s\u0103pare, ci \u0219i la ridicarea sarcinilor grele, ceea ce \u00eel face o component\u0103 indispensabil\u0103 pe \u0219antierele de construc\u021bii.<\/p>\n<h3>Ma\u0219ini agricole<\/h3>\n<p>\u00cen \u00eenc\u0103rc\u0103toarele frontale, cilindrii bra\u021bului sunt utiliza\u021bi pentru scoaterea, ridicarea \u0219i transportul solului, f\u00e2nului \u0219i altor materiale. Func\u021bionarea lor hidraulic\u0103 puternic\u0103 permite fermierilor s\u0103 mute cantit\u0103\u021bi mari de materiale rapid \u0219i eficient, sporind productivitatea \u00een activit\u0103\u021bile agricole.<\/p>\n<h3>Opera\u021biuni de excavare<\/h3>\n<p>\u00cen utilajele de excavare, cilindrul bra\u021bului permite cupei s\u0103 sape eficient \u00een p\u0103m\u00e2nt. Controlul hidraulic permite mi\u0219c\u0103ri precise, cruciale pentru sarcinile care necesit\u0103 acurate\u021be \u0219i grij\u0103, cum ar fi s\u0103parea de \u0219an\u021buri \u0219i s\u0103parea funda\u021biilor.<\/p>\n<h3>Aplica\u021bii pentru \u00eenc\u0103rc\u0103toare<\/h3>\n<p>La \u00eenc\u0103rc\u0103toarele frontale, cilindrii bra\u021bului faciliteaz\u0103 ridicarea \u0219i desc\u0103rcarea sarcinilor, cum ar fi pietri\u0219ul sau p\u0103m\u00e2ntul. Aceast\u0103 func\u021bionalitate este esen\u021bial\u0103 pentru lucr\u0103rile de construc\u021bii \u0219i amenaj\u0103ri peisagistice, unde materialele vrac trebuie mutate rapid \u0219i eficient.<\/p>\n<h2>Considera\u021bii de proiectare \u0219i criterii de selec\u021bie<\/h2>\n<h3>Capacitate de \u00eenc\u0103rcare<\/h3>\n<p>Determinarea capacit\u0103\u021bii de \u00eenc\u0103rcare a cilindrului bra\u021bului este esen\u021bial\u0103, deoarece acesta trebuie s\u0103 reziste cerin\u021belor opera\u021bionale care \u00eei sunt impuse. Un cilindru bine proiectat asigur\u0103 c\u0103 acesta poate gestiona sarcini de v\u00e2rf f\u0103r\u0103 a compromite integritatea structural\u0103, prevenind defec\u021biunile care ar putea duce la timpi de nefunc\u021bionare semnificativi \u0219i costuri de repara\u021bii.<\/p>\n<h3>Etan\u0219are \u0219i durabilitate<\/h3>\n<p>Etan\u0219area eficient\u0103 este vital\u0103 pentru men\u021binerea presiunii hidraulice \u0219i prevenirea scurgerilor. Garniturile de \u00eenalt\u0103 calitate, fabricate din materiale durabile, cum ar fi poliuretanul sau cauciucul nitrilic, sporesc durata de via\u021b\u0103 a cilindrului prin minimizarea uzurii \u0219i asigurarea func\u021bion\u0103rii fiabile \u00een diverse medii.<\/p>\n<h3>Caracteristici de siguran\u021b\u0103<\/h3>\n<p>Siguran\u021ba este primordial\u0103 atunci c\u00e2nd se proiecteaz\u0103 cilindri hidraulici. \u00cencorporarea de caracteristici precum supape de suprapresiune \u0219i materiale durabile poate ajuta la atenuarea riscurilor asociate cu defec\u021biunile hidraulice, protej\u00e2nd at\u00e2t operatorii, c\u00e2t \u0219i echipamentele \u00een timpul func\u021bion\u0103rii.<\/p>\n<h3>Mentenabilitate<\/h3>\n<p>Proiectarea pentru mentenan\u021b\u0103 asigur\u0103 efectuarea eficient\u0103 a inspec\u021biilor \u0219i service-ului de rutin\u0103. Accesibilitatea la componentele cheie pentru lubrifiere \u0219i \u00eenlocuirea garniturilor spore\u0219te longevitatea \u0219i fiabilitatea cilindrului bra\u021bului, f\u0103c\u00e2ndu-l mai rentabil \u00een timp.<\/p>\n<p><img decoding=\"async\" src=\"https:\/\/www.hydraulic-cylinders.net\/wp-content\/uploads\/2025\/04\/songte-oil-pipes-and-spare-parts.webp\" alt=\"Piese hidraulice\"><\/p>\n<h2>Etan\u0219are \u0219i lubrifiere<\/h2>\n<p>Performan\u021ba unui cilindru al bra\u021bului depinde \u00een mare m\u0103sur\u0103 de calitatea sistemelor sale de etan\u0219are \u0219i lubrifiere. Diverse etan\u0219\u0103ri, inclusiv etan\u0219\u0103rile pistonului \u0219i etan\u0219\u0103rile tijei, sunt esen\u021biale pentru men\u021binerea presiunii hidraulice. Etan\u0219\u0103rile fabricate din materiale rezistente la uzur\u0103 previn scurgerile de fluid \u0219i asigur\u0103 func\u021bionarea eficient\u0103 a sistemului hidraulic.<\/p>\n<p>\u00cen plus, corpul cilindrului \u0219i capetele filetate sunt de obicei finisate cu precizie pentru a spori durabilitatea la uzur\u0103. Lubrifierea regulat\u0103 cu uleiul hidraulic adecvat este esen\u021bial\u0103 pentru a minimiza frecarea \u0219i uzura, prelungind astfel durata de via\u021b\u0103 a cilindrului.<\/p>\n<h2>M\u0103suri de \u00eentre\u021binere de rutin\u0103<\/h2>\n<ul>\n<li><strong>Inspec\u021bii regulate:<\/strong> Efectuarea inspec\u021biilor vizuale de rutin\u0103 ale sistemului hidraulic poate identifica poten\u021biale probleme \u00eenainte ca acestea s\u0103 se agraveze, cum ar fi scurgeri sau semne de uzur\u0103.<\/li>\n<li><strong>Lubrifiere adecvat\u0103:<\/strong> Asigurarea c\u0103 toate piesele mobile sunt lubrifiate corespunz\u0103tor reduce la minimum uzura \u0219i prelunge\u0219te durata de via\u021b\u0103 a cilindrului.<\/li>\n<li><strong>\u00cenlocuirea garniturii:<\/strong> Verificarea regulat\u0103 a st\u0103rii garniturilor \u0219i \u00eenlocuirea acestora atunci c\u00e2nd este necesar previne scurgerile \u0219i men\u021bine presiunea hidraulic\u0103.<\/li>\n<\/ul>\n<h2>Instruc\u021biuni de instalare<\/h2>\n<p>Instalarea corect\u0103 a unui cilindru al bra\u021bului este crucial\u0103 pentru performan\u021ba \u0219i longevitatea acestuia. \u00cencepe\u021bi prin a v\u0103 asigura c\u0103 toate componentele sunt curate \u0219i f\u0103r\u0103 resturi. Alinia\u021bi cilindrul corect pentru a evita solicit\u0103rile excesive asupra punctelor de montare. Utiliza\u021bi consolele de montare adecvate pentru a fixa cilindrul \u00een pozi\u021bie, asigur\u00e2ndu-v\u0103 c\u0103 este pozi\u021bionat corect \u00een func\u021bie de cerin\u021bele opera\u021bionale ale ma\u0219inii.<\/p>\n<p>Urma\u021bi specifica\u021biile produc\u0103torului pentru set\u0103rile de cuplu \u0219i asigura\u021bi-v\u0103 c\u0103 toate conexiunile hidraulice sunt fixate pentru a preveni scurgerile. Dup\u0103 instalare, efectua\u021bi o verificare am\u0103nun\u021bit\u0103 a sistemului hidraulic, inclusiv testarea pentru eventuale scurgeri \u0219i asigurarea func\u021bion\u0103rii line pe o gam\u0103 larg\u0103 de mi\u0219care.<\/p>\n<h2>Sarcini comune de \u00eentre\u021binere<\/h2>\n<h3>Verific\u0103ri regulate<\/h3>\n<p>Men\u021binerea unor verific\u0103ri regulate ale sistemului hidraulic ajut\u0103 la identificarea timpurie a problemelor. C\u0103uta\u021bi semne de scurgeri, zgomote neobi\u0219nuite sau performan\u021be reduse \u0219i remedia\u021bi prompt aceste probleme pentru a evita daune extinse.<\/p>\n<h3>Lubrifiere adecvat\u0103<\/h3>\n<p>Lubrifierea regulat\u0103 a cilindrului hidraulic este crucial\u0103 pentru asigurarea unei func\u021bion\u0103ri line. Folosi\u021bi fluidul hidraulic recomandat \u0219i asigura\u021bi-v\u0103 c\u0103 punctele de lubrifiere sunt u\u0219or accesibile pentru a facilita procesul.<\/p>\n<h3>\u00cenlocuirea garniturii \u0219i verific\u0103ri ale calibr\u0103rii<\/h3>\n<p>\u00cenlocuirile regulate ale garniturilor sunt necesare pentru a men\u021bine presiunea hidraulic\u0103 \u0219i a preveni scurgerile. Asigura\u021bi-v\u0103 c\u0103 garniturile sunt fabricate din materiale de \u00eenalt\u0103 calitate pentru a rezista cerin\u021belor opera\u021bionale \u0219i efectua\u021bi verific\u0103ri de calibrare pentru a v\u0103 asigura c\u0103 cilindrul func\u021bioneaz\u0103 \u00een parametrii specifica\u021bi.<\/p>\n<p><img decoding=\"async\" src=\"https:\/\/www.hydraulic-cylinders.net\/wp-content\/uploads\/2025\/04\/songte-chushion-collar.webp\" alt=\"Guler de pern\u0103\"><\/p>\n<h2>Considera\u021bii de siguran\u021b\u0103 \u0219i factori de mediu<\/h2>\n<p>Atunci c\u00e2nd se utilizeaz\u0103 cilindri hidraulici, respectarea m\u0103surilor de siguran\u021b\u0103 este esen\u021bial\u0103 pentru a preveni accidentele \u0219i v\u0103t\u0103m\u0103rile corporale. Operatorii trebuie s\u0103 fie instrui\u021bi cu privire la func\u021bionarea \u00een siguran\u021b\u0103 a echipamentelor hidraulice \u0219i trebuie purtat echipament individual de protec\u021bie (EIP) adecvat. Mai mult, factorii de mediu, cum ar fi temperatura \u0219i umiditatea, pot afecta performan\u021ba fluidului hidraulic; prin urmare, monitorizarea acestor condi\u021bii este esen\u021bial\u0103 pentru a men\u021bine o eficien\u021b\u0103 opera\u021bional\u0103 optim\u0103.<\/p>\n<h2>Depanare \u0219i probleme frecvente<\/h2>\n<ul>\n<li><strong>Pierdere de presiune:<\/strong> Acest lucru poate fi cauzat de scurgeri la garnituri sau conectori. Inspecta\u021bi \u0219i \u00eenlocui\u021bi garniturile uzate pentru a restabili presiunea.<\/li>\n<li><strong>Mi\u0219care lent\u0103 sau inconsistent\u0103:<\/strong> Acest lucru poate indica niveluri sc\u0103zute de lichid hidraulic sau probleme cu pompa. Verifica\u021bi nivelurile de lichid \u0219i asigura\u021bi-v\u0103 c\u0103 pompa hidraulic\u0103 func\u021bioneaz\u0103 corect.<\/li>\n<li><strong>Zgomote neobi\u0219nuite:<\/strong> Zgomotele pot semnala probleme mecanice sau lipsa lubrifierii. \u00centre\u021binerea \u0219i lubrifierea regulat\u0103 pot ajuta la atenuarea acestor probleme.<\/li>\n<\/ul>\n<h2>Sfaturi de depanare<\/h2>\n<p>Pentru o depanare eficient\u0103, \u00eencepe\u021bi prin identificarea simptomelor problemei. Verifica\u021bi dac\u0103 exist\u0103 semne de uzur\u0103 sau deteriorare, asigura\u021bi-v\u0103 c\u0103 nivelurile de lichid hidraulic sunt adecvate \u0219i inspecta\u021bi \u00eentregul sistem hidraulic pentru scurgeri. Practicile regulate de \u00eentre\u021binere pot preveni multe probleme comune, a\u0219a c\u0103 fi\u021bi proactiv \u00een abordarea dumneavoastr\u0103 privind \u00eengrijirea cilindrilor.<\/p>\n<p><img decoding=\"async\" src=\"https:\/\/www.hydraulic-cylinders.net\/wp-content\/uploads\/2025\/04\/songte-bushings-with-all-kinds-of-excavator-models.webp\" alt=\"Buc\u0219e pentru excavator\"><\/p>\n<h2>Despre compania noastr\u0103<\/h2>\n<p>Suntem un produc\u0103tor important de cilindri hidraulici de schimb, oferind o gam\u0103 larg\u0103 de produse pentru diverse aplica\u021bii. Angajamentul nostru fa\u021b\u0103 de calitate ne asigur\u0103 c\u0103 suntem recunoscu\u021bi ca unul dintre cei mai importan\u021bi produc\u0103tori \u0219i angrosi\u0219ti \u200b\u200bde cilindri hidraulici, at\u00e2t pe pie\u021bele interne, c\u00e2t \u0219i pe cele interna\u021bionale.<\/p>\n<p>Aderen\u021ba noastr\u0103 la excelen\u021b\u0103 este sus\u021binut\u0103 de o strategie sofisticat\u0103 de management al produc\u021biei \u0219i de un accent pus pe tehnologii avansate de fabrica\u021bie. Investind \u00een profesioni\u0219ti talenta\u021bi, echipamente de fabrica\u021bie de \u00eenalt\u0103 tehnologie \u0219i sisteme robuste de testare, ne \u00eembun\u0103t\u0103\u021bim continuu capacit\u0103\u021bile de produc\u021bie \u0219i satisfacem diversele nevoi ale clien\u021bilor.<\/p>\n<p><img decoding=\"async\" src=\"https:\/\/www.hydraulic-cylinders.net\/wp-content\/uploads\/2025\/04\/songte-company-4.webp\" alt=\"Prezentare general\u0103 a companiei\"><br \/>\n<img decoding=\"async\" src=\"https:\/\/www.hydraulic-cylinders.net\/wp-content\/uploads\/2025\/04\/songte-company-3.webp\" alt=\"Facilit\u0103\u021bi ale companiei\"><\/p>\n<p>Serviciile noastre sunt sus\u021binute de expertiz\u0103 profesional\u0103, certific\u0103ri interna\u021bionale \u0219i solu\u021bii personalizate, toate fiind sus\u021binute de un serviciu complet post-v\u00e2nzare pentru a asigura satisfac\u021bia clien\u021bilor.<\/p>\n<p>Autor: lyl<\/p>","protected":false},"excerpt":{"rendered":"<p>Boom Cylinder For Hengte Wheel Excavator HTL150-8 Introduction to the Boom Cylinder The Boom Cylinder for Hengte Wheel Excavator HTL150-8 is a crucial hydraulic component designed to control the motion of the boom in heavy machinery. Specifically engineered for excavators, backhoe loaders, and front loaders, this hydraulic cylinder facilitates the lifting, lowering, and tilting of [&hellip;]<\/p>","protected":false},"featured_media":17873,"comment_status":"open","ping_status":"closed","template":"","meta":{"_et_pb_use_builder":"","_et_pb_old_content":"","_et_gb_content_width":""},"product_brand":[],"product_cat":[1546],"product_tag":[1547,1496],"class_list":{"0":"post-19715","1":"product","2":"type-product","3":"status-publish","4":"has-post-thumbnail","6":"product_cat-boom-cylinders","7":"product_tag-boom-cylinders","8":"product_tag-hydraulic-cylinders","10":"first","11":"instock","12":"shipping-taxable","13":"product-type-simple"},"amp_enabled":true,"_links":{"self":[{"href":"https:\/\/www.hydraulic-cylinders.net\/ro\/wp-json\/wp\/v2\/product\/19715","targetHints":{"allow":["GET"]}}],"collection":[{"href":"https:\/\/www.hydraulic-cylinders.net\/ro\/wp-json\/wp\/v2\/product"}],"about":[{"href":"https:\/\/www.hydraulic-cylinders.net\/ro\/wp-json\/wp\/v2\/types\/product"}],"replies":[{"embeddable":true,"href":"https:\/\/www.hydraulic-cylinders.net\/ro\/wp-json\/wp\/v2\/comments?post=19715"}],"wp:featuredmedia":[{"embeddable":true,"href":"https:\/\/www.hydraulic-cylinders.net\/ro\/wp-json\/wp\/v2\/media\/17873"}],"wp:attachment":[{"href":"https:\/\/www.hydraulic-cylinders.net\/ro\/wp-json\/wp\/v2\/media?parent=19715"}],"wp:term":[{"taxonomy":"product_brand","embeddable":true,"href":"https:\/\/www.hydraulic-cylinders.net\/ro\/wp-json\/wp\/v2\/product_brand?post=19715"},{"taxonomy":"product_cat","embeddable":true,"href":"https:\/\/www.hydraulic-cylinders.net\/ro\/wp-json\/wp\/v2\/product_cat?post=19715"},{"taxonomy":"product_tag","embeddable":true,"href":"https:\/\/www.hydraulic-cylinders.net\/ro\/wp-json\/wp\/v2\/product_tag?post=19715"}],"curies":[{"name":"wp","href":"https:\/\/api.w.org\/{rel}","templated":true}]}}