{"id":19716,"date":"2025-04-07T07:03:30","date_gmt":"2025-04-07T07:03:30","guid":{"rendered":"https:\/\/www.hydraulic-cylinders.net\/product\/boom-cylinder-for-yigong-cy85-8\/"},"modified":"2025-04-07T07:03:33","modified_gmt":"2025-04-07T07:03:33","slug":"boom-cylinder-for-yigong-cy85-8","status":"publish","type":"product","link":"https:\/\/www.hydraulic-cylinders.net\/ro\/produs\/boom-cylinder-for-yigong-cy85-8\/","title":{"rendered":"Cilindru de bra\u021b pentru Yigong CY85-8"},"content":{"rendered":"<h1>Cilindru de bra\u021b pentru Yigong CY85-8<\/h1>\n<h2>\u00cen\u021belegerea cilindrului bra\u021bului<\/h2>\n<p>Cilindrul bra\u021bului, conceput special pentru Yigong CY85-8, este o component\u0103 crucial\u0103 a sistemelor hidraulice utilizate \u00een utilajele grele. Acesta este responsabil \u00een principal pentru controlul mi\u0219c\u0103rii bra\u021bului, permi\u021b\u00e2nd operatorilor s\u0103 ridice, s\u0103 coboare \u0219i s\u0103 \u00eencline eficient bra\u021bul. Aceast\u0103 func\u021bionalitate este vital\u0103 pentru sarcinile de manipulare a materialelor \u00een diverse industrii.<\/p>\n<p><img decoding=\"async\" src=\"https:\/\/www.hydraulic-cylinders.net\/wp-content\/uploads\/2025\/04\/songte-company-1.webp\" alt=\"Cilindru de bra\u021b\" \/><\/p>\n<h3>Defini\u021bie \u0219i prezentare general\u0103<\/h3>\n<p>Un cilindru hidraulic este un tip de cilindru hidraulic special conceput pentru a gestiona mi\u0219carea unui bra\u021b ata\u0219at la echipamente grele, cum ar fi excavatoarele, \u00eenc\u0103rc\u0103toarele cu excavator \u0219i \u00eenc\u0103rc\u0103toarele frontale. Func\u021bia sa principal\u0103 este de a facilita ridicarea, cobor\u00e2rea \u0219i \u00eenclinarea cupei, ceea ce o face un instrument esen\u021bial pentru opera\u021biunile de construc\u021bii, agricultur\u0103 \u0219i minerit. Sistemul hidraulic valorific\u0103 puterea uleiului hidraulic pentru a crea o mi\u0219care lin\u0103 \u0219i eficient\u0103, permi\u021b\u00e2nd operatorilor s\u0103 efectueze sarcini cu precizie \u0219i u\u0219urin\u021b\u0103.<\/p>\n<h2>Caracteristicile cilindrului bra\u021bului<\/h2>\n<ul>\n<li><strong>Rezisten\u021b\u0103 \u0219i durabilitate ridicate:<\/strong> Fabricat din o\u021bel sau aluminiu de \u00eenalt\u0103 rezisten\u021b\u0103, cilindrul bra\u021bului este conceput s\u0103 reziste la presiuni ridicate \u0219i sarcini grele, rezist\u00e2nd \u00een acela\u0219i timp la uzur\u0103 \u0219i coroziune, asigur\u00e2nd longevitatea \u00een medii de lucru dure.<\/li>\n<li><strong>Func\u021bionare hidraulic\u0103 eficient\u0103:<\/strong> Cilindrul utilizeaz\u0103 presiunea uleiului hidraulic pentru a oferi o mi\u0219care lin\u0103 \u0219i prompt\u0103, oferind o for\u021b\u0103 semnificativ\u0103 de \u00eempingere \u0219i tragere, ideal\u0103 pentru manipularea materialelor grele \u0219i a sarcinilor complexe.<\/li>\n<li><strong>Diverse tipuri:<\/strong> Disponibile \u00een configura\u021bii cu ac\u021biune simpl\u0103 (ac\u021biune hidraulic\u0103 \u00eentr-o direc\u021bie) sau cu ac\u021biune dubl\u0103 (ac\u021biune hidraulic\u0103 \u00een ambele direc\u021bii) pentru a satisface diverse nevoi opera\u021bionale, unele modele oferind op\u021biuni telescopice pentru o extensie mai mare f\u0103r\u0103 a cre\u0219te dimensiunile exterioare.<\/li>\n<li><strong>Fabrica\u021bie personalizat\u0103:<\/strong> Produsele noastre pot \u00eenlocui perfect cilindrii hidraulici existen\u021bi, asigur\u00e2nd compatibilitate \u0219i fiabilitate \u00een performan\u021b\u0103.<\/li>\n<li><strong>Design avansat:<\/strong> Proiecta\u021bi cu accent pe eficien\u021b\u0103 \u0219i siguran\u021b\u0103, buteliile noastre \u00eencorporeaz\u0103 cea mai recent\u0103 tehnologie pentru performan\u021be optime.<\/li>\n<\/ul>\n<p><img decoding=\"async\" src=\"https:\/\/www.hydraulic-cylinders.net\/wp-content\/uploads\/2025\/04\/songte-cylinder-head-with-all-kinds-excavator-models.webp\" alt=\"Chiulas\u0103\" \/><\/p>\n<h2>Aplica\u021bii ale cilindrului bra\u021bului<\/h2>\n<h3>Echipamente de construc\u021bii<\/h3>\n<p>\u00cen excavatoare, cilindrii bra\u021bului sunt esen\u021biali pentru s\u0103pare, \u00eenc\u0103rcare \u0219i mutarea p\u0103m\u00e2ntului sau a resturilor. Ace\u0219tia permit operatorului s\u0103 ajusteze unghiul \u0219i \u00een\u0103l\u021bimea bra\u021bului, maximiz\u00e2nd eficien\u021ba pe \u0219antierele de construc\u021bii. \u00cen cazul \u00eenc\u0103rc\u0103toarelor excavatoare, ace\u0219ti cilindri sus\u021bin at\u00e2t func\u021biile de s\u0103pare, c\u00e2t \u0219i cele de ridicare, sporind versatilitatea ma\u0219inii.<\/p>\n<h3>Ma\u0219ini agricole<\/h3>\n<p>\u00cenc\u0103rc\u0103toarele frontale utilizeaz\u0103 cilindri ai bra\u021bului pentru scoaterea, ridicarea \u0219i transportul solului, f\u00e2nului \u0219i altor materiale. Aceast\u0103 capacitate este esen\u021bial\u0103 pentru sarcini precum hr\u0103nirea animalelor sau mutarea culturilor, unde eficien\u021ba \u0219i viteza afecteaz\u0103 direct productivitatea.<\/p>\n<h3>Excavatoare<\/h3>\n<p>La excavatoare, cilindrul bra\u021bului permite cupei s\u0103 p\u0103trund\u0103 \u00een sol, facilit\u00e2nd sarcinile de excavare. Mecanismul s\u0103u hidraulic puternic permite s\u0103parea ad\u00e2nc\u0103 \u0219i mi\u0219c\u0103ri precise, esen\u021biale pentru proiectele de construc\u021bii \u0219i terasamente.<\/p>\n<h3>\u00cenc\u0103rc\u0103toare<\/h3>\n<p>\u00cen cazul \u00eenc\u0103rc\u0103toarelor frontale, cilindrii bra\u021bului joac\u0103 un rol semnificativ \u00een ridicarea \u0219i desc\u0103rcarea eficient\u0103 a \u00eenc\u0103rc\u0103turilor. Ace\u0219tia ofer\u0103 rezisten\u021ba necesar\u0103 pentru manipularea \u00eenc\u0103rc\u0103turilor grele, asigur\u00e2nd o func\u021bionare lin\u0103 \u00een timpul sarcinilor de transfer de materiale.<\/p>\n<h2>Considera\u021bii de proiectare \u0219i criterii de selec\u021bie<\/h2>\n<h3>Capacitate de \u00eenc\u0103rcare<\/h3>\n<p>Capacitatea de \u00eenc\u0103rcare a unui cilindru al bra\u021bului este o considera\u021bie fundamental\u0103 de proiectare. Acesta trebuie s\u0103 poat\u0103 sus\u021bine greutatea bra\u021bului \u0219i a materialelor ridicate f\u0103r\u0103 a compromite siguran\u021ba sau performan\u021ba. Proiectarea cilindrului trebuie s\u0103 \u021bin\u0103 cont at\u00e2t de sarcinile statice, c\u00e2t \u0219i de cele dinamice pentru a asigura stabilitatea \u0219i func\u021bionalitatea \u00een timpul func\u021bion\u0103rii.<\/p>\n<h3>Sigilare<\/h3>\n<p>Etan\u0219area eficient\u0103 este crucial\u0103 pentru a preveni scurgerile de fluid hidraulic \u0219i pentru a men\u021bine presiunea \u00een interiorul cilindrului. Alegerea materialelor de etan\u0219are, cum ar fi poliuretanul sau cauciucul nitrilic, are impact asupra eficien\u021bei \u0219i longevit\u0103\u021bii generale a cilindrului. Etan\u0219\u0103rile de \u00eenalt\u0103 calitate sporesc durabilitatea \u0219i reduc nevoile de \u00eentre\u021binere, contribuind la fiabilitatea cilindrului.<\/p>\n<h3>Durabilitate<\/h3>\n<p>Durabilitatea este un factor cheie atunci c\u00e2nd se alege un cilindru pentru bra\u021b. Acesta trebuie s\u0103 fie proiectat s\u0103 reziste la condi\u021bii dure de lucru, inclusiv expunerea la praf, murd\u0103rie \u0219i temperaturi extreme. Materialele utilizate \u0219i procesele de fabrica\u021bie implicate joac\u0103 un rol semnificativ \u00een determinarea duratei de via\u021b\u0103 \u0219i a performan\u021bei cilindrului sub presiune.<\/p>\n<h3>Siguran\u0163\u0103<\/h3>\n<p>Caracteristicile de siguran\u021b\u0103 trebuie integrate \u00een designul cilindrului bra\u021bului pentru a preveni defec\u021biunile accidentale \u00een timpul func\u021bion\u0103rii. Acestea includ caracteristici precum supapele de suprapresiune pentru a atenua suprapresurizarea, asigur\u00e2nd siguran\u021ba operatorilor \u0219i a echipamentelor deopotriv\u0103. Inspec\u021biile regulate de siguran\u021b\u0103 ar trebui, de asemenea, s\u0103 fac\u0103 parte din protocoalele de \u00eentre\u021binere.<\/p>\n<h3>\u00centre\u0163inere<\/h3>\n<p>Considera\u021biile privind \u00eentre\u021binerea ar trebui s\u0103 influen\u021beze proiectarea \u0219i selec\u021bia unui cilindru al bra\u021bului. Accesul facil la componente pentru inspec\u021bie, lubrifiere \u0219i \u00eenlocuire poate reduce semnificativ timpul de nefunc\u021bionare \u0219i poate asigura func\u021bionarea eficient\u0103 a cilindrului pe toat\u0103 durata sa de via\u021b\u0103. Op\u021biunile de proiectare ar trebui s\u0103 faciliteze verific\u0103rile regulate de \u00eentre\u021binere f\u0103r\u0103 dezasamblare extins\u0103.<\/p>\n<p><img decoding=\"async\" src=\"https:\/\/www.hydraulic-cylinders.net\/wp-content\/uploads\/2025\/04\/songte-oil-pipes-and-spare-parts.webp\" alt=\"Conducte de petrol \u0219i piese de schimb\" \/><\/p>\n<h2>Etan\u0219are \u0219i lubrifiere<\/h2>\n<p>Etan\u0219area \u0219i lubrifierea eficiente sunt esen\u021biale pentru performan\u021ba unui cilindru al bra\u021bului. Diverse componente de etan\u0219are, cum ar fi etan\u0219\u0103rile pistonului \u0219i etan\u0219\u0103rile tijei, trebuie s\u0103 fie fabricate din materiale durabile care rezist\u0103 la uzur\u0103. Suprafe\u021bele corpului cilindrului \u0219i capetele filetate sunt finisate cu precizie pentru a spori rezisten\u021ba la uzur\u0103. Lubrifierea regulat\u0103 cu ulei hidraulic este esen\u021bial\u0103 pentru a minimiza frecarea \u0219i uzura, asigur\u00e2nd o func\u021bionare lin\u0103.<\/p>\n<h2>Inspec\u021bie regulat\u0103 \u0219i \u00eentre\u021binere preventiv\u0103<\/h2>\n<ul>\n<li><strong>Inspec\u021bii regulate:<\/strong> Efectuarea inspec\u021biilor de rutin\u0103 pentru identificarea timpurie a uzurii poate preveni defec\u021biuni majore. C\u0103uta\u021bi semne de scurgeri, zgomote neobi\u0219nuite sau func\u021bionare lent\u0103.<\/li>\n<li><strong>Lubrifiere:<\/strong> Asigura\u021bi-v\u0103 c\u0103 garniturile \u0219i piesele mobile sunt lubrifiate corespunz\u0103tor pentru a reduce frecarea \u0219i a prelungi durata de via\u021b\u0103 a cilindrului bra\u021bului. Stabili\u021bi un program de lubrifiere bazat pe frecven\u021ba de utilizare.<\/li>\n<li><strong>\u00cenlocuirea garniturii:<\/strong> Verifica\u021bi periodic garniturile pentru a depista eventualele deterior\u0103ri sau uzur\u0103. \u00cenlocuirea lor dup\u0103 cum este necesar previne scurgerile \u0219i men\u021bine performan\u021ba optim\u0103 a cilindrului.<\/li>\n<\/ul>\n<h2>Instruc\u021biuni de instalare<\/h2>\n<p>Instalarea corect\u0103 este esen\u021bial\u0103 pentru func\u021bionarea eficient\u0103 a unui cilindru al bra\u021bului. \u00cencepe\u021bi prin a v\u0103 asigura c\u0103 toate componentele sunt curate \u0219i f\u0103r\u0103 resturi. Alinia\u021bi cilindrul cu precizie cu punctele de fixare. Folosi\u021bi suporturi de montare adecvate pentru a fixa cilindrul, prevenind mi\u0219carea \u00een timpul func\u021bion\u0103rii. Asigura\u021bi-v\u0103 c\u0103 liniile hidraulice sunt conectate corect \u0219i f\u0103r\u0103 \u00eendoiri sau obstruc\u021bii. Dup\u0103 instalare, verifica\u021bi dac\u0103 exist\u0103 scurgeri \u0219i testa\u021bi cilindrul sub sarcin\u0103 pentru a confirma func\u021bionalitatea corect\u0103.<\/p>\n<h2>Sarcini comune de \u00eentre\u021binere<\/h2>\n<ul>\n<li><strong>Inspec\u021bii regulate:<\/strong> Inspec\u021biile frecvente ajut\u0103 la identificarea poten\u021bialelor probleme \u00eenainte ca acestea s\u0103 se agraveze. Verifica\u021bi dac\u0103 exist\u0103 scurgeri, uzura garniturilor \u0219i starea general\u0103 a cilindrului.<\/li>\n<li><strong>Lubrifiere adecvat\u0103:<\/strong> Lubrifia\u021bi regulat componentele necesare pentru a reduce frecarea \u0219i uzura, prelungind durata de via\u021b\u0103 a cilindrului bra\u021bului.<\/li>\n<li><strong>\u00cenlocuirea garniturii:<\/strong> Supraveghea\u021bi garniturile, \u00eenlocuindu-le dup\u0103 cum este necesar pentru a men\u021bine presiunea hidraulic\u0103 \u0219i a preveni scurgerile.<\/li>\n<\/ul>\n<h2>Considera\u021bii de siguran\u021b\u0103 \u0219i factori de mediu<\/h2>\n<p>Implementarea m\u0103surilor de siguran\u021b\u0103 \u00een timpul func\u021bion\u0103rii cilindrilor bra\u021bului este esen\u021bial\u0103. Operatorii ar trebui s\u0103 fie instrui\u021bi pentru a \u00een\u021belege riscurile \u0219i cele mai bune practici de manipulare a echipamentelor hidraulice. Folosi\u021bi echipament individual de protec\u021bie (EIP) adecvat \u0219i men\u021bine\u021bi un mediu de lucru curat pentru a minimiza pericolele.<\/p>\n<h2>Diagnosticarea defec\u021biunilor \u0219i probleme frecvente<\/h2>\n<ul>\n<li><strong>Scurgere:<\/strong> Scurgerile pot ap\u0103rea din cauza garniturilor sau fitingurilor deteriorate. Inspecta\u021bi garniturile \u00een mod regulat \u0219i \u00eenlocui\u021bi-le dac\u0103 observa\u021bi semne de uzur\u0103.<\/li>\n<li><strong>Func\u021bionare lent\u0103:<\/strong> Dac\u0103 cilindrul func\u021bioneaz\u0103 lent, verifica\u021bi nivelurile fluidului hidraulic \u0219i asigura\u021bi-v\u0103 c\u0103 nu exist\u0103 blocaje \u00een furtunuri.<\/li>\n<li><strong>Zgomote neobi\u0219nuite:<\/strong> Zgomotele ciudate pot indica uzur\u0103 intern\u0103 sau prezen\u021ba aerului \u00een sistemul hidraulic. Aerisi\u021bi sistemul \u0219i verifica\u021bi dac\u0103 exist\u0103 deterior\u0103ri.<\/li>\n<\/ul>\n<h2>Sfaturi de depanare<\/h2>\n<p>Pentru a diagnostica \u0219i rezolva eficient problemele legate de cilindrul bra\u021bului, \u00eencepe\u021bi cu o inspec\u021bie am\u0103nun\u021bit\u0103. C\u0103uta\u021bi semne de uzur\u0103, deteriorare sau scurgeri \u0219i remedia\u021bi-le prompt. Efectua\u021bi \u00eentre\u021binerea regulat\u0103 pentru a preveni apari\u021bia problemelor, inclusiv lubrifierea de rutin\u0103 \u0219i inspec\u021biile etan\u0219\u0103rilor. P\u0103strarea unui jurnal al activit\u0103\u021bilor de \u00eentre\u021binere poate ajuta la identificarea tiparelor \u0219i a poten\u021bialelor probleme \u00eenainte ca acestea s\u0103 devin\u0103 grave.<\/p>\n<p><img decoding=\"async\" src=\"https:\/\/www.hydraulic-cylinders.net\/wp-content\/uploads\/2025\/04\/songte-bushings-with-all-kinds-of-excavator-models.webp\" alt=\"Buc\u0219e\" \/><\/p>\n<h2>Despre compania noastr\u0103<\/h2>\n<p>Suntem un produc\u0103tor important de cilindri \u0219i componente hidraulice, oferind o gam\u0103 larg\u0103 de produse concepute pentru diverse aplica\u021bii. Angajamentul nostru fa\u021b\u0103 de calitate ne-a pozi\u021bionat ca un furnizor important at\u00e2t pe pie\u021bele interne, c\u00e2t \u0219i pe cele interna\u021bionale. Prioritiz\u0103m excelen\u021ba \u00een procesele noastre de fabrica\u021bie, valorific\u00e2nd tehnologia avansat\u0103 \u0219i personalul calificat pentru a produce solu\u021bii hidraulice fiabile \u0219i eficiente.<\/p>\n<p><img decoding=\"async\" src=\"https:\/\/www.hydraulic-cylinders.net\/wp-content\/uploads\/2025\/04\/songte-company-4.webp\" alt=\"Prezentare general\u0103 a companiei\" \/><br \/>\n<img decoding=\"async\" src=\"https:\/\/www.hydraulic-cylinders.net\/wp-content\/uploads\/2025\/04\/songte-company-3.webp\" alt=\"Facilitatea de produc\u021bie\" \/><\/p>\n<p>Specializarea noastr\u0103 \u00een cilindri hidraulici, certific\u0103rile interna\u021bionale \u0219i capacit\u0103\u021bile de service personalizate ne disting \u00een industrie. Folosim echipamente de produc\u021bie de ultim\u0103 genera\u021bie \u0219i implement\u0103m m\u0103suri de control al calit\u0103\u021bii pentru a ne asigura c\u0103 produsele noastre \u00eendeplinesc cele mai \u00eenalte standarde. Asisten\u021ba noastr\u0103 post-v\u00e2nzare este exemplar\u0103, asigur\u00e2nd satisfac\u021bia clien\u021bilor \u0219i parteneriate pe termen lung.<\/p>\n<p>Autor: lyl<\/p>","protected":false},"excerpt":{"rendered":"<p>Boom Cylinder For Yigong CY85-8 Understanding the Boom Cylinder The Boom Cylinder, specifically designed for the Yigong CY85-8, is a crucial component of hydraulic systems used in heavy machinery. It is primarily responsible for controlling the movement of the boom, allowing operators to lift, lower, and tilt the boom effectively. This functionality is vital for [&hellip;]<\/p>","protected":false},"featured_media":17874,"comment_status":"open","ping_status":"closed","template":"","meta":{"_et_pb_use_builder":"","_et_pb_old_content":"","_et_gb_content_width":""},"product_brand":[],"product_cat":[1546],"product_tag":[1547,1496],"class_list":{"0":"post-19716","1":"product","2":"type-product","3":"status-publish","4":"has-post-thumbnail","6":"product_cat-boom-cylinders","7":"product_tag-boom-cylinders","8":"product_tag-hydraulic-cylinders","10":"first","11":"instock","12":"shipping-taxable","13":"product-type-simple"},"amp_enabled":true,"_links":{"self":[{"href":"https:\/\/www.hydraulic-cylinders.net\/ro\/wp-json\/wp\/v2\/product\/19716","targetHints":{"allow":["GET"]}}],"collection":[{"href":"https:\/\/www.hydraulic-cylinders.net\/ro\/wp-json\/wp\/v2\/product"}],"about":[{"href":"https:\/\/www.hydraulic-cylinders.net\/ro\/wp-json\/wp\/v2\/types\/product"}],"replies":[{"embeddable":true,"href":"https:\/\/www.hydraulic-cylinders.net\/ro\/wp-json\/wp\/v2\/comments?post=19716"}],"wp:featuredmedia":[{"embeddable":true,"href":"https:\/\/www.hydraulic-cylinders.net\/ro\/wp-json\/wp\/v2\/media\/17874"}],"wp:attachment":[{"href":"https:\/\/www.hydraulic-cylinders.net\/ro\/wp-json\/wp\/v2\/media?parent=19716"}],"wp:term":[{"taxonomy":"product_brand","embeddable":true,"href":"https:\/\/www.hydraulic-cylinders.net\/ro\/wp-json\/wp\/v2\/product_brand?post=19716"},{"taxonomy":"product_cat","embeddable":true,"href":"https:\/\/www.hydraulic-cylinders.net\/ro\/wp-json\/wp\/v2\/product_cat?post=19716"},{"taxonomy":"product_tag","embeddable":true,"href":"https:\/\/www.hydraulic-cylinders.net\/ro\/wp-json\/wp\/v2\/product_tag?post=19716"}],"curies":[{"name":"wp","href":"https:\/\/api.w.org\/{rel}","templated":true}]}}