{"id":19718,"date":"2025-04-07T07:03:35","date_gmt":"2025-04-07T07:03:35","guid":{"rendered":"https:\/\/www.hydraulic-cylinders.net\/product\/boom-cylinder-for-yigong-cy65-8\/"},"modified":"2025-04-07T07:03:38","modified_gmt":"2025-04-07T07:03:38","slug":"boom-cylinder-for-yigong-cy65-8","status":"publish","type":"product","link":"https:\/\/www.hydraulic-cylinders.net\/ro\/produs\/boom-cylinder-for-yigong-cy65-8\/","title":{"rendered":"Cilindru bra\u021b pentru Yigong CY65-8"},"content":{"rendered":"<h1>Cilindru bra\u021b pentru Yigong CY65-8<\/h1>\n<h2>Introducere \u00een cilindrul bra\u021bului<\/h2>\n<p>Cilindrul bra\u021bului este o component\u0103 critic\u0103 \u00een sistemele hidraulice, \u00een special \u00een aplica\u021biile cu utilaje grele. Conceput special pentru ma\u0219ini precum excavatoare, \u00eenc\u0103rc\u0103toare frontale \u0219i \u00eenc\u0103rc\u0103toare, acest cilindru hidraulic controleaz\u0103 mi\u0219carea cupei. Acesta permite ridicarea, cobor\u00e2rea \u0219i \u00eenclinarea cupei, facilit\u00e2nd sarcini eficiente de manipulare a materialelor. Cilindrul cupei ac\u021bioneaz\u0103 ca o central\u0103 electric\u0103 \u00een aceste ma\u0219ini, permi\u021b\u00e2nd o func\u021bionare precis\u0103 \u00een timpul s\u0103p\u0103turilor, \u00eenc\u0103rc\u0103rii \u0219i transportului materialelor.<\/p>\n<p><img decoding=\"async\" src=\"https:\/\/www.hydraulic-cylinders.net\/wp-content\/uploads\/2025\/04\/songte-company-1.webp\" alt=\"Imaginea cilindrului bra\u021bului\"><\/p>\n<h3>Defini\u021bie \u0219i prezentare general\u0103<\/h3>\n<p>Un cilindru hidraulic este un tip de cilindru hidraulic care joac\u0103 un rol vital \u00een opera\u021biunile cu echipamente grele. Func\u021bia sa principal\u0103 este de a transfera energia hidraulic\u0103 \u00een mi\u0219care mecanic\u0103, care mi\u0219c\u0103 cupa ma\u0219inii. Designul acestor cilindri \u00eencorporeaz\u0103 materiale de \u00eenalt\u0103 rezisten\u021b\u0103 pentru a rezista condi\u021biilor solicitante din mediile de construc\u021bii \u0219i agricole.<\/p>\n<h2>Caracteristicile cilindrului bra\u021bului<\/h2>\n<ul>\n<li><strong>Rezisten\u021b\u0103 \u0219i durabilitate ridicate:<\/strong> Fabricat din o\u021bel sau aluminiu de \u00eenalt\u0103 rezisten\u021b\u0103, cilindrul bra\u021bului poate rezista la presiuni ridicate \u0219i sarcini grele. Designul s\u0103u ia \u00een considerare rezisten\u021ba la uzur\u0103 \u0219i la coroziune, prelungindu-i durata de via\u021b\u0103.<\/li>\n<li><strong>Func\u021bionare hidraulic\u0103 eficient\u0103:<\/strong> Cilindrul folose\u0219te presiunea uleiului hidraulic pentru o extensie \u0219i retragere lin\u0103, asigur\u00e2nd un r\u0103spuns rapid la comenzile de control \u0219i oferind o for\u021b\u0103 puternic\u0103 de \u00eempingere \u0219i tragere, ideal\u0103 pentru gestionarea sarcinilor grele \u0219i complexe.<\/li>\n<li><strong>Diverse tipuri:<\/strong> Disponibil at\u00e2t \u00een \u200b\u200bconfigura\u021bii cu ac\u021biune simpl\u0103 (folosind for\u021ba hidraulic\u0103 \u00eentr-o singur\u0103 direc\u021bie), c\u00e2t \u0219i cu ac\u021biune dubl\u0103 (folosind for\u021ba hidraulic\u0103 \u00een ambele direc\u021bii), cilindrul bra\u021bului poate satisface diverse nevoi opera\u021bionale. Anumite modele sunt telescopice, permi\u021b\u00e2nd o extensie mai mare f\u0103r\u0103 a cre\u0219te dimensiunile exterioare, potrivite pentru aplica\u021bii cu spa\u021biu limitat.<\/li>\n<li><strong>Adaptabilitate:<\/strong> Compatibil cu o gam\u0103 larg\u0103 de utilaje grele, cilindrul bra\u021bului poate fi adaptat pentru modele \u0219i aplica\u021bii specifice, asigur\u00e2nd o integrare perfect\u0103 \u00een sistemele existente.<\/li>\n<li><strong>Asigurarea calit\u0103\u021bii:<\/strong> Fabrica\u021bi conform unor proceduri stricte de control al calit\u0103\u021bii, ace\u0219ti cilindri sunt proiecta\u021bi s\u0103 dep\u0103\u0219easc\u0103 standardele industriei, asigur\u00e2nd performan\u021be fiabile \u00een toate condi\u021biile de func\u021bionare.<\/li>\n<\/ul>\n<p>Capacit\u0103\u021bile noastre de produc\u021bie garanteaz\u0103 c\u0103 putem realiza acest produs, oferind \u00eenlocuiri perfecte pentru diver\u0219i cilindri hidraulici.<\/p>\n<p><img decoding=\"async\" src=\"https:\/\/www.hydraulic-cylinders.net\/wp-content\/uploads\/2025\/04\/songte-cylinder-head-with-all-kinds-excavator-models.webp\" alt=\"Imagine cu modele de excavatoare\"><\/p>\n<h2>Aplica\u021bii ale cilindrului bra\u021bului<\/h2>\n<h3>Echipamente de construc\u021bii<\/h3>\n<p>\u00cen excavatoare, cilindrii bra\u021bului sunt esen\u021biali pentru s\u0103pare, \u00eenc\u0103rcare \u0219i mutarea p\u0103m\u00e2ntului sau a resturilor. Designul permite operatorilor s\u0103 controleze ad\u00e2ncimea \u0219i unghiul cupei, \u00eembun\u0103t\u0103\u021bind eficien\u021ba \u0219i precizia \u00een timpul sarcinilor de excavare. \u00cen cazul \u00eenc\u0103rc\u0103toarelor basculante, ace\u0219ti cilindri faciliteaz\u0103 at\u00e2t s\u0103parea, c\u00e2t \u0219i ridicarea, f\u0103c\u00e2ndu-le unelte versatile pe \u0219antierele de construc\u021bii.<\/p>\n<h3>Ma\u0219ini agricole<\/h3>\n<p>\u00cen \u00eenc\u0103rc\u0103toarele frontale, cilindrii bra\u021bului sunt utiliza\u021bi pentru scoaterea, ridicarea \u0219i transportul solului, f\u00e2nului \u0219i altor materiale. Designul lor robust \u0219i func\u021bionarea fiabil\u0103 sporesc productivitatea \u00een sarcinile agricole, permi\u021b\u00e2nd fermierilor s\u0103 mute cu u\u0219urin\u021b\u0103 \u00eenc\u0103rc\u0103turi grele.<\/p>\n<h3>Excavatoare<\/h3>\n<p>Cilindrul bra\u021bului permite cupei s\u0103 p\u0103trund\u0103 \u00een sol, realiz\u00e2nd ac\u021biuni eficiente de s\u0103pare. Aceast\u0103 capacitate este crucial\u0103 pentru diverse sarcini, de la s\u0103parea de \u0219an\u021buri la nivelare, asigur\u00e2nd c\u0103 utilajele grele func\u021bioneaz\u0103 optim \u00een diverse condi\u021bii.<\/p>\n<h3>\u00cenc\u0103rc\u0103toare<\/h3>\n<p>La \u00eenc\u0103rc\u0103toarele frontale, cilindrii bra\u021bului ajut\u0103 la ridicarea \u0219i desc\u0103rcarea eficient\u0103 a \u00eenc\u0103rc\u0103turilor. Designul lor permite o func\u021bionare lin\u0103, permi\u021b\u00e2nd operatorilor s\u0103 gestioneze eficient ridicarea \u0219i desc\u0103rcarea materialelor, ceea ce este esen\u021bial \u00een mediile de construc\u021bii \u0219i manipulare a materialelor.<\/p>\n<h2>Considera\u021bii de proiectare \u0219i criterii de selec\u021bie<\/h2>\n<h3>Capacitate de \u00eenc\u0103rcare<\/h3>\n<p>Atunci c\u00e2nd selecta\u021bi un cilindru pentru bra\u021b, este esen\u021bial\u0103 \u00een\u021belegerea capacit\u0103\u021bii sale de \u00eenc\u0103rcare. Cilindrul trebuie s\u0103 poat\u0103 suporta greutatea maxim\u0103 pe care utilajele \u0219i ata\u0219amentele acestora o vor exercita \u00een timpul func\u021bion\u0103rii. O capacitate de \u00eenc\u0103rcare bine calibrat\u0103 asigur\u0103 siguran\u021ba \u0219i performan\u021ba optim\u0103, prevenind defec\u021biunile echipamentului sau accidentele.<\/p>\n<h3>Performan\u021ba de etan\u0219are<\/h3>\n<p>Etan\u0219area eficient\u0103 este crucial\u0103 \u00een cilindrii hidraulici pentru a men\u021bine presiunea \u0219i a preveni scurgerile de fluid. Trebuie utilizate etan\u0219\u0103ri de \u00eenalt\u0103 calitate, fabricate din materiale durabile, cum ar fi poliuretanul sau cauciucul nitrilic. Etan\u0219area adecvat\u0103 asigur\u0103 c\u0103 fluidul hidraulic r\u0103m\u00e2ne con\u021binut, sporind eficien\u021ba \u0219i reduc\u00e2nd riscul de contaminare \u00een sistemul hidraulic.<\/p>\n<h3>Durabilitate<\/h3>\n<p>Durabilitatea este un factor cheie \u00een proiectarea cilindrilor hidraulici. Ace\u0219tia trebuie s\u0103 reziste la medii de lucru dure, inclusiv temperaturi extreme, praf \u0219i umiditate. Utilizarea unor acoperiri avansate \u0219i a unor materiale robuste le spore\u0219te rezisten\u021ba la uzur\u0103, prelungindu-le semnificativ durata de via\u021b\u0103.<\/p>\n<h3>Caracteristici de siguran\u021b\u0103<\/h3>\n<p>Siguran\u021ba ar trebui s\u0103 fie \u00eentotdeauna o prioritate \u00een proiectarea cilindrilor hidraulici. Implementarea unor caracteristici precum supapele de suprapresiune, protec\u021bia la suprasarcin\u0103 \u0219i op\u021biunile robuste de montare pot preveni accidentele \u0219i pot asigura o func\u021bionare sigur\u0103 \u00een orice circumstan\u021be. Aceste caracteristici contribuie la siguran\u021ba opera\u021bional\u0103 general\u0103 \u0219i ofer\u0103 lini\u0219te sufleteasc\u0103 operatorilor.<\/p>\n<h3>Accesibilitate pentru \u00eentre\u021binere<\/h3>\n<p>Un design bun ar trebui s\u0103 ia \u00een considerare \u0219i u\u0219urin\u021ba \u00eentre\u021binerii. Cilindrii hidraulici ar trebui s\u0103 fie proiecta\u021bi pentru acces facil la garnituri \u0219i alte componente care pot necesita inspec\u021bii sau \u00eenlocuiri regulate. Aceast\u0103 accesibilitate ajut\u0103 la reducerea timpilor de nefunc\u021bionare \u0219i asigur\u0103 efectuarea eficient\u0103 a \u00eentre\u021binerii, men\u021bin\u00e2nd utilajele \u00een stare optim\u0103.<\/p>\n<p><img decoding=\"async\" src=\"https:\/\/www.hydraulic-cylinders.net\/wp-content\/uploads\/2025\/04\/songte-oil-pipes-and-spare-parts.webp\" alt=\"Imagine cu \u021bevi de petrol \u0219i piese de schimb\"><\/p>\n<h2>Etan\u0219are \u0219i lubrifiere<\/h2>\n<p>Integritatea sistemelor hidraulice depinde adesea de calitatea etan\u0219\u0103rii \u0219i lubrifierii. Diverse elemente de etan\u0219are, cum ar fi etan\u0219\u0103rile pistonului \u0219i etan\u0219\u0103rile tijei, sunt cruciale pentru men\u021binerea presiunii \u0219i prevenirea scurgerilor. Selectarea materialelor durabile pentru etan\u0219\u0103ri, cum ar fi poliuretanul \u0219i cauciucul nitrilic, spore\u0219te rezisten\u021ba la uzur\u0103 \u0219i la factorii de mediu.<\/p>\n<p>\u00cen plus, corpul cilindrului \u0219i suprafe\u021bele filetate ale cap\u0103tului trebuie supuse unor procese de prelucrare precise pentru a \u00eembun\u0103t\u0103\u021bi rezisten\u021ba la uzur\u0103. Lubrifierea regulat\u0103 cu uleiul hidraulic adecvat este esen\u021bial\u0103 pentru a minimiza frecarea, care poate duce la uzur\u0103 prematur\u0103 \u0219i defec\u021biuni. Trebuie stabilite intervale de lubrifiere adecvate \u00een func\u021bie de condi\u021biile de func\u021bionare.<\/p>\n<h2>Inspec\u021bie regulat\u0103 \u0219i \u00eentre\u021binere preventiv\u0103<\/h2>\n<ul>\n<li><strong>Inspec\u021bii regulate:<\/strong> Efectua\u021bi verific\u0103ri de rutin\u0103 ale cilindrilor hidraulici pentru a depista semne de uzur\u0103, scurgeri sau deteriorare. Depistarea timpurie a problemelor poate preveni repara\u021bii costisitoare \u0219i timpi de nefunc\u021bionare.<\/li>\n<li><strong>Lubrifiere adecvat\u0103:<\/strong> Asigura\u021bi-v\u0103 c\u0103 cilindrul este lubrifiat corespunz\u0103tor, conform specifica\u021biilor produc\u0103torului. Lubrifierea corect\u0103 reduce frecarea \u0219i prelunge\u0219te durata de via\u021b\u0103 a cilindrului.<\/li>\n<li><strong>\u00cenlocuirea garniturii:<\/strong> Verifica\u021bi periodic garniturile pentru uzur\u0103 \u0219i \u00eenlocui\u021bi-le dup\u0103 cum este necesar pentru a men\u021bine integritatea etan\u0219\u0103rii. Acest lucru ajut\u0103 la prevenirea scurgerilor de fluid hidraulic \u0219i men\u021bine eficien\u021ba sistemului.<\/li>\n<\/ul>\n<h2>Instruc\u021biuni de instalare<\/h2>\n<p>Instalarea corect\u0103 a cilindrului bra\u021bului este crucial\u0103 pentru longevitatea \u0219i eficien\u021ba acestuia. \u00cencepe\u021bi prin a v\u0103 asigura c\u0103 toate suprafe\u021bele de montare sunt curate \u0219i f\u0103r\u0103 resturi. Alinia\u021bi cilindrul corect cu punctele de fixare, utiliz\u00e2nd console de montare adecvate pentru a-l fixa \u00een pozi\u021bie. Asigura\u021bi-v\u0103 c\u0103 toate conductele hidraulice sunt conectate corect \u0219i c\u0103 nu exist\u0103 \u00eendoiri sau curburi ascu\u021bite care ar putea restric\u021biona curgerea fluidului.<\/p>\n<p>Dup\u0103 instalare, aerisi\u021bi sistemul hidraulic pentru a elimina aerul blocat. Acest pas este vital pentru a asigura o func\u021bionare optim\u0103. \u00cen cele din urm\u0103, efectua\u021bi o prob\u0103 de func\u021bionare pentru a verifica dac\u0103 cilindrul func\u021bioneaz\u0103 lin \u0219i eficient, f\u0103r\u0103 scurgeri.<\/p>\n<h2>Sarcini comune de \u00eentre\u021binere<\/h2>\n<ul>\n<li><strong>Inspec\u021bii regulate:<\/strong> Inspec\u021biile regulate sunt vitale pentru a identifica poten\u021bialele probleme \u00eenainte ca acestea s\u0103 se agraveze. Verifica\u021bi dac\u0103 exist\u0103 scurgeri, uzur\u0103 \u0219i orice zgomote neobi\u0219nuite \u00een timpul func\u021bion\u0103rii. Rezolvarea acestor probleme din timp poate preveni repara\u021bii costisitoare.<\/li>\n<li><strong>Lubrifiere adecvat\u0103:<\/strong> Asigurarea lubrifierii adecvate a cilindrului bra\u021bului este esen\u021bial\u0103 pentru reducerea frec\u0103rii \u0219i a uzurii. Urma\u021bi recomand\u0103rile produc\u0103torului privind intervalele de lubrifiere \u0219i tipurile de ulei hidraulic pentru a maximiza performan\u021ba.<\/li>\n<li><strong>\u00cenlocuirea garniturii:<\/strong> Garniturile trebuie inspectate periodic \u0219i \u00eenlocuite dup\u0103 cum este necesar. Garniturile uzate pot duce la scurgeri hidraulice, care compromit performan\u021ba \u0219i siguran\u021ba. Men\u021binerea integrit\u0103\u021bii garniturilor este crucial\u0103 pentru func\u021bionarea eficient\u0103 a cilindrilor hidraulici.<\/li>\n<\/ul>\n<p>Instalarea, lubrifierea \u0219i reglajele corecte sunt esen\u021biale pentru maximizarea duratei de via\u021b\u0103 \u0219i a eficien\u021bei cilindrului bra\u021bului. \u00cen timpul instal\u0103rii, asigura\u021bi-v\u0103 c\u0103 cilindrul este aliniat corect cu utilajul pentru a evita solicit\u0103rile excesive asupra componentelor. Folosi\u021bi console de instalare adecvate pentru a fixa ferm cilindrul, reduc\u00e2nd la minimum mi\u0219carea \u00een timpul func\u021bion\u0103rii. Verific\u0103rile \u0219i \u00eentre\u021binerea de rutin\u0103 vor ajuta la identificarea uzurii, asigur\u00e2nd c\u0103 sistemul r\u0103m\u00e2ne func\u021bional.<\/p>\n<p><img decoding=\"async\" src=\"https:\/\/www.hydraulic-cylinders.net\/wp-content\/uploads\/2025\/04\/songte-chushion-collar.webp\" alt=\"Imagine cu guler de pern\u0103\"><\/p>\n<h2>Considera\u021bii de siguran\u021b\u0103 \u0219i factori de mediu<\/h2>\n<p>M\u0103surile de siguran\u021b\u0103 sunt cruciale atunci c\u00e2nd se lucreaz\u0103 cu echipamente hidraulice. Operatorii trebuie instrui\u021bi pentru a \u00een\u021belege pericolele poten\u021biale asociate cu sistemele hidraulice, inclusiv riscul de scurgeri de fluid hidraulic \u0219i poten\u021bialul de accidente la presiune \u00eenalt\u0103. Purtarea echipamentului individual de protec\u021bie (EIP) adecvat este esen\u021bial\u0103 pentru a se proteja \u00eempotriva r\u0103nilor. Mai mult, implementarea unor audituri de siguran\u021b\u0103 \u0219i a unor verific\u0103ri periodice de \u00eentre\u021binere poate ajuta la atenuarea riscurilor.<\/p>\n<h2>Depanare \u0219i probleme frecvente<\/h2>\n<ul>\n<li><strong>Scurgere:<\/strong> Scurgerile de fluid hidraulic pot fi adesea cauzate de etan\u0219\u0103ri uzate sau fitinguri deteriorate. Trebuie efectuate inspec\u021bii regulate pentru a identifica \u0219i rectifica prompt orice scurgeri.<\/li>\n<li><strong>Func\u021bionare lent\u0103:<\/strong> Dac\u0103 cilindrul func\u021bioneaz\u0103 lent, acest lucru poate indica niveluri sc\u0103zute de lichid hidraulic sau aer blocat \u00een sistem. Verifica\u021bi nivelurile de lichid \u0219i aerisi\u021bi sistemul dac\u0103 este necesar.<\/li>\n<li><strong>Zgomote neobi\u0219nuite:<\/strong> Sunetele neobi\u0219nuite din timpul func\u021bion\u0103rii pot indica deterior\u0103ri interne sau lips\u0103 de lubrifiere. Investiga\u021bi sursa zgomotului \u0219i remedia\u021bi-o pentru a preveni deteriorarea ulterioar\u0103.<\/li>\n<\/ul>\n<p>Pentru a diagnostica \u0219i rezolva eficient problemele, operatorii ar trebui s\u0103 \u021bin\u0103 un jurnal detaliat al performan\u021bei cilindrului \u0219i al oric\u0103ror nereguli. Acest jurnal poate ajuta la identificarea tiparelor \u0219i la facilitarea m\u0103surilor preventive, reduc\u00e2nd riscul apari\u021biei problemelor recurente.<\/p>\n<p><img decoding=\"async\" src=\"https:\/\/www.hydraulic-cylinders.net\/wp-content\/uploads\/2025\/04\/songte-bushings-with-all-kinds-of-excavator-models.webp\" alt=\"Imagine buc\u0219e\"><\/p>\n<h2>Despre compania noastr\u0103<\/h2>\n<p>Suntem un produc\u0103tor important de cilindri hidraulici de schimb, oferind o gam\u0103 larg\u0103 de produse care ne pozi\u021bioneaz\u0103 ca unul dintre cei mai importan\u021bi produc\u0103tori \u0219i angrosi\u0219ti \u200b\u200bde cilindri hidraulici at\u00e2t pe pie\u021bele interne, c\u00e2t \u0219i pe cele interna\u021bionale. Angajamentul nostru fa\u021b\u0103 de excelen\u021b\u0103 este sus\u021binut de o strategie de fabrica\u021bie rafinat\u0103, care valorific\u0103 personal tehnic calificat, echipamente digitale avansate de fabrica\u021bie \u0219i sisteme de testare specializate pentru a ne \u00eembun\u0103t\u0103\u021bi capacit\u0103\u021bile de produc\u021bie.<\/p>\n<p>Concentrarea noastr\u0103 asupra calit\u0103\u021bii garanteaz\u0103 c\u0103 satisfacem diversele nevoi ale clien\u021bilor prin procese de fabrica\u021bie eficiente, precise \u0219i de \u00eenalt\u0103 calitate. Ne m\u00e2ndrim cu capacitatea noastr\u0103 de a personaliza solu\u021bii, de\u021bin\u00e2nd diverse certific\u0103ri interna\u021bionale care atest\u0103 standardele noastre de fiabilitate \u0219i performan\u021b\u0103.<\/p>\n<p><img decoding=\"async\" src=\"https:\/\/www.hydraulic-cylinders.net\/wp-content\/uploads\/2025\/04\/songte-company-4.webp\" alt=\"Imaginea companiei\"><br \/>\n<img decoding=\"async\" src=\"https:\/\/www.hydraulic-cylinders.net\/wp-content\/uploads\/2025\/04\/songte-company-3.webp\" alt=\"Imaginea companiei\"><\/p>\n<p>Autor: lyl<\/p>","protected":false},"excerpt":{"rendered":"<p>Boom Cylinder For Yigong CY65-8 Introduction to Boom Cylinder The Boom Cylinder is a critical component in hydraulic systems, especially in heavy machinery applications. Specifically designed for machines like excavators, backhoe loaders, and front loaders, this hydraulic cylinder controls the movement of the bucket. It enables the bucket to lift, lower, and tilt, facilitating efficient [&hellip;]<\/p>","protected":false},"featured_media":17876,"comment_status":"open","ping_status":"closed","template":"","meta":{"_et_pb_use_builder":"","_et_pb_old_content":"","_et_gb_content_width":""},"product_brand":[],"product_cat":[1546],"product_tag":[1547,1496],"class_list":{"0":"post-19718","1":"product","2":"type-product","3":"status-publish","4":"has-post-thumbnail","6":"product_cat-boom-cylinders","7":"product_tag-boom-cylinders","8":"product_tag-hydraulic-cylinders","10":"first","11":"instock","12":"shipping-taxable","13":"product-type-simple"},"amp_enabled":true,"_links":{"self":[{"href":"https:\/\/www.hydraulic-cylinders.net\/ro\/wp-json\/wp\/v2\/product\/19718","targetHints":{"allow":["GET"]}}],"collection":[{"href":"https:\/\/www.hydraulic-cylinders.net\/ro\/wp-json\/wp\/v2\/product"}],"about":[{"href":"https:\/\/www.hydraulic-cylinders.net\/ro\/wp-json\/wp\/v2\/types\/product"}],"replies":[{"embeddable":true,"href":"https:\/\/www.hydraulic-cylinders.net\/ro\/wp-json\/wp\/v2\/comments?post=19718"}],"wp:featuredmedia":[{"embeddable":true,"href":"https:\/\/www.hydraulic-cylinders.net\/ro\/wp-json\/wp\/v2\/media\/17876"}],"wp:attachment":[{"href":"https:\/\/www.hydraulic-cylinders.net\/ro\/wp-json\/wp\/v2\/media?parent=19718"}],"wp:term":[{"taxonomy":"product_brand","embeddable":true,"href":"https:\/\/www.hydraulic-cylinders.net\/ro\/wp-json\/wp\/v2\/product_brand?post=19718"},{"taxonomy":"product_cat","embeddable":true,"href":"https:\/\/www.hydraulic-cylinders.net\/ro\/wp-json\/wp\/v2\/product_cat?post=19718"},{"taxonomy":"product_tag","embeddable":true,"href":"https:\/\/www.hydraulic-cylinders.net\/ro\/wp-json\/wp\/v2\/product_tag?post=19718"}],"curies":[{"name":"wp","href":"https:\/\/api.w.org\/{rel}","templated":true}]}}