{"id":19719,"date":"2025-04-07T07:03:38","date_gmt":"2025-04-07T07:03:38","guid":{"rendered":"https:\/\/www.hydraulic-cylinders.net\/product\/boom-cylinder-for-yigong-cy860\/"},"modified":"2025-04-07T07:03:41","modified_gmt":"2025-04-07T07:03:41","slug":"boom-cylinder-for-yigong-cy860","status":"publish","type":"product","link":"https:\/\/www.hydraulic-cylinders.net\/ro\/produs\/boom-cylinder-for-yigong-cy860\/","title":{"rendered":"Cilindru de bra\u021b pentru Yigong CY860"},"content":{"rendered":"<h1>Cilindru de bra\u021b pentru Yigong CY860<\/h1>\n<h2>Prezentare general\u0103 a produsului<\/h2>\n<p>Cilindrul hidraulic pentru Yigong CY860 este o component\u0103 hidraulic\u0103 specializat\u0103, conceput\u0103 pentru a controla mi\u0219carea cupelor utilajelor grele. Acest cilindru hidraulic joac\u0103 un rol esen\u021bial \u00een excavatoare, \u00eenc\u0103rc\u0103toare excavatoare \u0219i \u00eenc\u0103rc\u0103toare frontale, permi\u021b\u00e2nd acestor ma\u0219ini s\u0103 ridice, s\u0103 coboare \u0219i s\u0103 \u00eencline cupele eficient. Ingineria sa precis\u0103 permite o func\u021bionare f\u0103r\u0103 probleme \u00een diverse sarcini de manipulare a materialelor, ceea ce \u00eel face o parte esen\u021bial\u0103 a sistemelor hidraulice.<\/p>\n<p><img decoding=\"async\" src=\"https:\/\/www.hydraulic-cylinders.net\/wp-content\/uploads\/2025\/04\/songte-company-1.webp\" alt=\"Cilindru bra\u021b pentru Yigong CY860\" \/><\/p>\n<h3>Defini\u021bie \u0219i func\u021bionalitate<\/h3>\n<p>Un cilindru al cupei, adesea denumit cilindru al bra\u021bului, este un tip de cilindru hidraulic utilizat special \u00een utilajele grele pentru a gestiona mi\u0219carea cupelor. Ace\u0219ti cilindri folosesc fluid hidraulic pentru a crea o for\u021b\u0103 ce permite mi\u0219carea cupei, ceea ce este crucial pentru s\u0103parea, ridicarea \u0219i transportul eficient al materialelor. Designul cilindrilor bra\u021bului asigur\u0103 performan\u021be ridicate \u0219i fiabilitate \u00een medii de lucru solicitante.<\/p>\n<h2>Caracteristicile cilindrului bra\u021bului<\/h2>\n<ul>\n<li><strong>Rezisten\u021b\u0103 \u0219i durabilitate ridicate:<\/strong> Construi\u021bi din o\u021bel sau aluminiu de \u00eenalt\u0103 rezisten\u021b\u0103, ace\u0219ti cilindri sunt proiecta\u021bi s\u0103 reziste la presiuni ridicate \u0219i sarcini grele, fiind potrivi\u021bi pentru condi\u021bii de lucru dure.<\/li>\n<li><strong>Func\u021bionare hidraulic\u0103 eficient\u0103:<\/strong> Designul permite mi\u0219c\u0103ri line de retragere \u0219i extindere, oferind capacit\u0103\u021bi puternice de \u00eempingere \u0219i tragere, esen\u021biale pentru ridicarea de obiecte grele \u0219i sarcini complexe.<\/li>\n<li><strong>Diverse tipuri:<\/strong> Disponibil \u00een configura\u021bii cu ac\u021biune simpl\u0103 (folosind for\u021ba hidraulic\u0103 \u00eentr-o singur\u0103 direc\u021bie) sau cu ac\u021biune dubl\u0103 (folosind for\u021ba hidraulic\u0103 \u00een dou\u0103 direc\u021bii) pentru a satisface diverse cerin\u021be opera\u021bionale.<\/li>\n<li><strong>Design compact:<\/strong> Anumite modele au un design telescopic, permi\u021b\u00e2nd o extindere mai mare f\u0103r\u0103 a cre\u0219te dimensiunile exterioare, ideal pentru aplica\u021bii cu constr\u00e2ngeri de spa\u021biu.<\/li>\n<li><strong>Rezisten\u021b\u0103 \u00eembun\u0103t\u0103\u021bit\u0103 la uzur\u0103 \u0219i coroziune:<\/strong> Proiecta\u021bi av\u00e2nd \u00een vedere propriet\u0103\u021bile de rezisten\u021b\u0103 la uzur\u0103 \u0219i coroziune, ace\u0219ti cilindri au o durat\u0103 de via\u021b\u0103 mai lung\u0103 \u0219i necesit\u0103 \u00eenlocuire mai pu\u021bin frecvent\u0103.<\/li>\n<\/ul>\n<p>Produsele noastre pot \u00eenlocui perfect ace\u0219ti cilindri hidraulici.<\/p>\n<p><img decoding=\"async\" src=\"https:\/\/www.hydraulic-cylinders.net\/wp-content\/uploads\/2025\/04\/songte-cylinder-head-with-all-kinds-excavator-models.webp\" alt=\"\u00cenlocuirea cilindrilor hidraulici\" \/><\/p>\n<h2>Aplica\u021bii ale cilindrului bra\u021bului<\/h2>\n<h3>Echipamente de construc\u021bii<\/h3>\n<p>\u00cen excavatoare, cilindrii bra\u021bului sunt cruciali pentru s\u0103pare, \u00eenc\u0103rcare \u0219i mutarea solului sau a resturilor. Ace\u0219tia faciliteaz\u0103 mi\u0219c\u0103ri precise necesare pentru o excavare eficient\u0103. \u00cen cazul \u00eenc\u0103rc\u0103toarelor basculante, ace\u0219ti cilindri ajut\u0103 at\u00e2t la s\u0103pare, c\u00e2t \u0219i la ridicare, ceea ce le face versatile pentru diverse sarcini de construc\u021bie.<\/p>\n<h3>Ma\u0219ini agricole<\/h3>\n<p>\u00cen \u00eenc\u0103rc\u0103toarele frontale, cilindrii bra\u021bului sunt utiliza\u021bi pentru a scoate, ridica \u0219i transporta solul, f\u00e2nul \u0219i alte materiale, sporind productivitatea \u00een opera\u021biunile agricole. Designul lor robust asigur\u0103 c\u0103 pot face fa\u021b\u0103 ridic\u0103rii grele necesare \u00een sarcinile agricole.<\/p>\n<h3>Excavatoare<\/h3>\n<p>Cilindrii cupei permit ac\u021biunea de s\u0103pare a excavatoarelor, permi\u021b\u00e2nd cupei s\u0103 p\u0103trund\u0103 eficient \u00een sol. Ace\u0219tia sunt proiecta\u021bi pentru a oferi mi\u0219c\u0103ri puternice, cresc\u00e2nd astfel eficien\u021ba excava\u021biilor \u00een diverse terenuri.<\/p>\n<h3>\u00cenc\u0103rc\u0103toare<\/h3>\n<p>\u00cen cazul \u00eenc\u0103rc\u0103toarelor frontale, cilindrii bra\u021bului contribuie la ridicarea \u0219i desc\u0103rcarea sarcinilor, eficientiz\u00e2nd opera\u021biunile \u0219i cresc\u00e2nd viteza \u0219i eficien\u021ba sarcinilor de manipulare a materialelor. Performan\u021ba lor fiabil\u0103 este esen\u021bial\u0103 pentru activit\u0103\u021bi eficiente de \u00eenc\u0103rcare \u0219i desc\u0103rcare.<\/p>\n<h2>Considera\u021bii de proiectare \u0219i criterii de selec\u021bie<\/h2>\n<h3>Capacitate de \u00eenc\u0103rcare<\/h3>\n<p>Atunci c\u00e2nd se selecteaz\u0103 un cilindru pentru bra\u021b, evaluarea capacit\u0103\u021bii sale de \u00eenc\u0103rcare este vital\u0103. Cilindrul trebuie s\u0103 fie capabil s\u0103 suporte sarcinile maxime \u00eent\u00e2lnite \u00een timpul func\u021bion\u0103rii f\u0103r\u0103 defec\u021biuni. Proiectarea trebuie s\u0103 asigure c\u0103 cilindrul \u00ee\u0219i men\u021bine integritatea structural\u0103 sub sarcini mari, ceea ce implic\u0103 evaluarea rezisten\u021bei materialului, a grosimii \u0219i a geometriei generale a designului.<\/p>\n<h3>Fiabilitatea etan\u0219\u0103rii<\/h3>\n<p>Etan\u0219area eficient\u0103 este crucial\u0103 pentru cilindrii hidraulici pentru a preveni scurgerile de fluid, ceea ce poate duce la probleme de performan\u021b\u0103 \u0219i la o eficien\u021b\u0103 redus\u0103. Alegerea materialelor de etan\u0219are, cum ar fi poliuretanul \u0219i cauciucul nitrilic, afecteaz\u0103 capacitatea cilindrului de a men\u021bine presiunea \u0219i de a func\u021biona eficient. Verific\u0103rile regulate de \u00eentre\u021binere ale etan\u0219\u0103rilor sunt necesare pentru a preveni repara\u021biile costisitoare \u0219i a asigura performan\u021be optime.<\/p>\n<h3>Durabilitate<\/h3>\n<p>Durabilitatea este o considera\u021bie esen\u021bial\u0103 \u00een proiectarea cilindrilor bra\u021bului. Factori precum selec\u021bia materialelor de \u00eenalt\u0103 calitate, tratamentele de suprafa\u021b\u0103 \u0219i acoperirile de protec\u021bie pot prelungi semnificativ durata de via\u021b\u0103 a cilindrului. Un cilindru durabil reduce timpii de nefunc\u021bionare \u0219i costurile de \u00eentre\u021binere, duc\u00e2nd la o eficien\u021b\u0103 opera\u021bional\u0103 \u00eembun\u0103t\u0103\u021bit\u0103.<\/p>\n<h3>Caracteristici de siguran\u021b\u0103<\/h3>\n<p>Caracteristicile de siguran\u021b\u0103 sunt primordiale \u00een proiectarea cilindrilor hidraulici. \u00cencorporarea supapelor de siguran\u021b\u0103 \u0219i a sistemelor de eliberare a presiunii ajut\u0103 la prevenirea suprapresuriz\u0103rii \u0219i a poten\u021bialelor accidente. Inginerii trebuie s\u0103 ia \u00een considerare aceste aspecte de siguran\u021b\u0103 pentru a respecta standardele din industrie \u0219i a asigura siguran\u021ba utilizatorilor \u00een timpul func\u021bion\u0103rii.<\/p>\n<h3>Accesibilitate pentru \u00eentre\u021binere<\/h3>\n<p>Proiectarea cilindrilor hidraulici pentru o \u00eentre\u021binere u\u0219oar\u0103 este o considera\u021bie cheie. Caracteristici precum punctele de lubrifiere accesibile \u0219i garniturile u\u0219or de \u00eenlocuit pot facilita \u00eentre\u021binerea regulat\u0103, reduc\u00e2nd timpul \u0219i efortul necesare pentru a men\u021bine cilindrul \u00een stare optim\u0103. Accentul pus pe accesibilitatea pentru \u00eentre\u021binere spore\u0219te fiabilitatea general\u0103 a echipamentului.<\/p>\n<p><img decoding=\"async\" src=\"https:\/\/www.hydraulic-cylinders.net\/wp-content\/uploads\/2025\/04\/songte-oil-pipes-and-spare-parts.webp\" alt=\"Piese cilindru hidraulic\" \/><\/p>\n<h2>Etan\u0219are \u0219i lubrifiere<\/h2>\n<p>Cilindrul bra\u021bului utilizeaz\u0103 diverse componente de etan\u0219are, inclusiv etan\u0219\u0103ri la piston \u0219i etan\u0219\u0103ri la tij\u0103. Aceste etan\u0219\u0103ri sunt de obicei fabricate din materiale rezistente la uzur\u0103, cum ar fi poliuretanul \u0219i cauciucul nitrilic, asigur\u00e2ndu-le c\u0103 pot rezista la condi\u021bii dure de func\u021bionare. Corpul cilindrului \u0219i capetele filetate sunt supuse unor prelucr\u0103ri de precizie pentru a spori rezisten\u021ba la uzur\u0103, prelungind astfel durata de via\u021b\u0103. Lubrifierea regulat\u0103 cu ulei hidraulic este necesar\u0103 pentru a men\u021bine performan\u021be optime \u0219i a preveni uzura.<\/p>\n<h2>Inspec\u021bie regulat\u0103 \u0219i \u00eentre\u021binere preventiv\u0103<\/h2>\n<ul>\n<li><strong>Inspec\u021bii de rutin\u0103:<\/strong> Verific\u0103rile regulate pentru scurgeri, uzur\u0103 \u0219i alte deterior\u0103ri pot ajuta la identificarea problemelor \u00eenainte ca acestea s\u0103 duc\u0103 la defec\u021biuni. Implementarea unui program de \u00eentre\u021binere preventiv\u0103 poate reduce semnificativ costurile de repara\u021bii \u0219i timpul de nefunc\u021bionare.<\/li>\n<li><strong>Lubrifiere adecvat\u0103:<\/strong> Asigurarea faptului c\u0103 uleiul hidraulic este la nivelul corect \u0219i de tipul potrivit este crucial\u0103 pentru men\u021binerea performan\u021bei cilindrului. Completarea \u0219i \u00eenlocuirea regulat\u0103 a uleiului hidraulic pot prelungi durata de via\u021b\u0103 a cilindrului.<\/li>\n<li><strong>\u00cenlocuirea garniturii:<\/strong> \u00cen timp, garniturile se pot degrada din cauza uzurii \u0219i a factorilor de mediu. Inspec\u021bia regulat\u0103 a garniturilor \u0219i \u00eenlocuirea la timp sunt esen\u021biale pentru men\u021binerea integrit\u0103\u021bii \u0219i eficien\u021bei cilindrului.<\/li>\n<\/ul>\n<h2>Instruc\u021biuni de instalare<\/h2>\n<p>Instalarea corect\u0103 a cilindrului bra\u021bului este esen\u021bial\u0103 pentru performan\u021ba sa optim\u0103. Asigura\u021bi-v\u0103 c\u0103 cilindrul este aliniat corect cu suporturile de montare pentru a preveni solicit\u0103ri excesive \u0219i poten\u021biale daune \u00een timpul func\u021bion\u0103rii. Folosi\u021bi accesoriile de montare adecvate pentru a fixa cilindrul ferm \u00een pozi\u021bie. Este recomandabil s\u0103 consulta\u021bi manualul de instalare al produc\u0103torului pentru set\u0103rile specifice de cuplu \u0219i procedurile de aliniere. \u00cen plus, toate conexiunile hidraulice trebuie verificate pentru scurgeri dup\u0103 instalare \u0219i trebuie efectuate teste de presiune pentru a asigura func\u021bionalitatea corect\u0103.<\/p>\n<h2>Sarcini de \u00eentre\u021binere<\/h2>\n<ul>\n<li><strong>Inspec\u021bii regulate:<\/strong> Efectuarea unor inspec\u021bii vizuale \u0219i func\u021bionale regulate pentru a detecta orice semne de uzur\u0103, deteriorare sau scurgeri de fluide este esen\u021bial\u0103. Aceast\u0103 abordare proactiv\u0103 ajut\u0103 la abordarea timpurie a poten\u021bialelor probleme.<\/li>\n<li><strong>Lubrifiere adecvat\u0103:<\/strong> Asigurarea lubrifierii adecvate a cilindrului cu fluidul hidraulic corespunz\u0103tor previne uzura \u0219i men\u021bine performan\u021be optime. Sunt necesare verific\u0103ri regulate ale nivelurilor de lubrifiant.<\/li>\n<li><strong>\u00cenlocuirea garniturii \u0219i verific\u0103ri ale calibr\u0103rii:<\/strong> \u00cenlocuirea regulat\u0103 a garniturilor uzate \u0219i verificarea calibr\u0103rii cilindrului ajut\u0103 la men\u021binerea unor performan\u021be precise. Calibrarea corect\u0103 asigur\u0103 func\u021bionarea cilindrului \u00een parametrii specifica\u021bi.<\/li>\n<\/ul>\n<p>Instalarea, lubrifierea \u0219i reglarea corect\u0103 a cilindrului bra\u021bului sunt cruciale pentru longevitatea \u0219i performan\u021ba acestuia. Alinierea corect\u0103 a cilindrului \u00een timpul instal\u0103rii \u0219i utilizarea suporturilor de sus\u021binere adecvate pot preveni problemele de nealiniere. Procedurile recomandate de inspec\u021bie, reparare \u0219i \u00eenlocuire trebuie respectate pentru a asigura eficien\u021ba opera\u021bional\u0103. Furnizarea de servicii de reconstruc\u021bie \u0219i sfaturi pentru prelungirea duratei de via\u021b\u0103 a cilindrilor hidraulici va \u00eembun\u0103t\u0103\u021bi, de asemenea, experien\u021ba utilizatorului.<\/p>\n<p><img decoding=\"async\" src=\"https:\/\/www.hydraulic-cylinders.net\/wp-content\/uploads\/2025\/04\/songte-chushion-collar.webp\" alt=\"Guler de pern\u0103\" \/><\/p>\n<h2>Considera\u021bii de siguran\u021b\u0103 \u0219i factori de mediu<\/h2>\n<p>Implementarea m\u0103surilor de siguran\u021b\u0103 adecvate \u00een timpul func\u021bion\u0103rii cilindrilor hidraulici este esen\u021bial\u0103. Operatorii trebuie instrui\u021bi s\u0103 recunoasc\u0103 semnele de avertizare ale defec\u021biunilor \u0219i s\u0103 \u00een\u021beleag\u0103 importan\u021ba respect\u0103rii protocoalelor de siguran\u021b\u0103. Instruirea adecvat\u0103 a operatorilor \u0219i respectarea instruc\u021biunilor de siguran\u021b\u0103 ajut\u0103 la prevenirea accidentelor \u0219i la asigurarea unui mediu de lucru sigur.<\/p>\n<h2>Diagnosticarea defec\u021biunilor \u0219i probleme frecvente<\/h2>\n<ul>\n<li><strong>Scurgere:<\/strong> Scurgerile de fluid hidraulic pot indica defec\u021biuni sau deterior\u0103ri ale garniturilor. Inspec\u021bia regulat\u0103 \u0219i \u00eenlocuirea la timp a garniturilor pot preveni pierderile de fluid \u0219i pot men\u021bine performan\u021ba.<\/li>\n<li><strong>Mi\u0219care lent\u0103 sau inconsistent\u0103:<\/strong> Dac\u0103 cilindrul r\u0103spunde lent sau inconsistent, acest lucru poate indica niveluri sc\u0103zute de lichid hidraulic sau necesitatea lubrifierii. Verificarea nivelurilor de lichid \u0219i asigurarea unei \u00eentre\u021bineri adecvate pot rezolva aceste probleme.<\/li>\n<li><strong>Zgomote neobi\u0219nuite:<\/strong> Orice sunete anormale \u00een timpul func\u021bion\u0103rii pot semnala defec\u021biuni interne sau lubrifiere insuficient\u0103. Trebuie acordat\u0103 aten\u021bie imediat\u0103 pentru a investiga \u0219i a remedia cauza acestor zgomote.<\/li>\n<\/ul>\n<p>Furnizarea de sfaturi \u0219i solu\u021bii de depanare pentru a aborda problemele comune ale cilindrilor poate permite utilizatorilor s\u0103 diagnosticheze \u0219i s\u0103 rezolve eficient problemele, reduc\u00e2nd la minimum \u00eentreruperile opera\u021bionale.<\/p>\n<p><img decoding=\"async\" src=\"https:\/\/www.hydraulic-cylinders.net\/wp-content\/uploads\/2025\/04\/songte-bushings-with-all-kinds-of-excavator-models.webp\" alt=\"Buc\u0219e pentru excavator\" \/><\/p>\n<h2>Prezentare general\u0103 a companiei<\/h2>\n<p>Suntem un produc\u0103tor \u0219i distribuitor angro de top de cilindri hidraulici, cu o gam\u0103 complet\u0103 de produse. Angajamentul nostru fa\u021b\u0103 de excelen\u021b\u0103 \u0219i strategiile rafinate de fabrica\u021bie ne pozi\u021bioneaz\u0103 ca un furnizor de top at\u00e2t pe pie\u021bele interne, c\u00e2t \u0219i pe cele interna\u021bionale. Utiliz\u00e2nd echipamente de fabrica\u021bie avansate \u0219i sisteme profesionale de testare, ne \u00eembun\u0103t\u0103\u021bim continuu capacit\u0103\u021bile de produc\u021bie \u0219i procesele de asigurare a calit\u0103\u021bii. Concentrarea noastr\u0103 pe eficien\u021b\u0103 ridicat\u0103, precizie \u0219i calitate ne permite s\u0103 satisfacem eficient diversele nevoi ale clien\u021bilor.<\/p>\n<p>Pe l\u00e2ng\u0103 specializarea noastr\u0103 \u00een cilindri hidraulici, oferim servicii personalizate, adaptate cerin\u021belor unice ale clien\u021bilor, asigur\u00e2nd satisfac\u021bie \u0219i performan\u021b\u0103. Facilitatea noastr\u0103 de produc\u021bie este dotat\u0103 cu tehnologie de ultim\u0103 genera\u021bie, permi\u021b\u00e2ndu-ne s\u0103 producem \u00een mod constant produse fiabile \u0219i de \u00eenalt\u0103 calitate. \u00cen plus, asisten\u021ba noastr\u0103 dedicat\u0103 post-v\u00e2nzare garanteaz\u0103 c\u0103 clien\u021bii primesc asisten\u021b\u0103 complet\u0103 chiar \u0219i dup\u0103 achizi\u021bie.<\/p>\n<p><img decoding=\"async\" src=\"https:\/\/www.hydraulic-cylinders.net\/wp-content\/uploads\/2025\/04\/songte-company-4.webp\" alt=\"Prezentare general\u0103 a companiei\" \/><br \/>\n<img decoding=\"async\" src=\"https:\/\/www.hydraulic-cylinders.net\/wp-content\/uploads\/2025\/04\/songte-company-3.webp\" alt=\"Unitate de produc\u021bie\" \/><\/p>\n<p>Autor: lyl<\/p>","protected":false},"excerpt":{"rendered":"<p>Boom Cylinder For Yigong CY860 Product Overview The Boom Cylinder for Yigong CY860 is a specialized hydraulic component designed to control the movement of heavy machinery buckets. This hydraulic cylinder plays a critical role in excavators, backhoe loaders, and front-end loaders, enabling these machines to lift, lower, and tilt their buckets efficiently. Its precise engineering [&hellip;]<\/p>","protected":false},"featured_media":17877,"comment_status":"open","ping_status":"closed","template":"","meta":{"_et_pb_use_builder":"","_et_pb_old_content":"","_et_gb_content_width":""},"product_brand":[],"product_cat":[1546],"product_tag":[1547,1496],"class_list":{"0":"post-19719","1":"product","2":"type-product","3":"status-publish","4":"has-post-thumbnail","6":"product_cat-boom-cylinders","7":"product_tag-boom-cylinders","8":"product_tag-hydraulic-cylinders","10":"first","11":"instock","12":"shipping-taxable","13":"product-type-simple"},"amp_enabled":true,"_links":{"self":[{"href":"https:\/\/www.hydraulic-cylinders.net\/ro\/wp-json\/wp\/v2\/product\/19719","targetHints":{"allow":["GET"]}}],"collection":[{"href":"https:\/\/www.hydraulic-cylinders.net\/ro\/wp-json\/wp\/v2\/product"}],"about":[{"href":"https:\/\/www.hydraulic-cylinders.net\/ro\/wp-json\/wp\/v2\/types\/product"}],"replies":[{"embeddable":true,"href":"https:\/\/www.hydraulic-cylinders.net\/ro\/wp-json\/wp\/v2\/comments?post=19719"}],"wp:featuredmedia":[{"embeddable":true,"href":"https:\/\/www.hydraulic-cylinders.net\/ro\/wp-json\/wp\/v2\/media\/17877"}],"wp:attachment":[{"href":"https:\/\/www.hydraulic-cylinders.net\/ro\/wp-json\/wp\/v2\/media?parent=19719"}],"wp:term":[{"taxonomy":"product_brand","embeddable":true,"href":"https:\/\/www.hydraulic-cylinders.net\/ro\/wp-json\/wp\/v2\/product_brand?post=19719"},{"taxonomy":"product_cat","embeddable":true,"href":"https:\/\/www.hydraulic-cylinders.net\/ro\/wp-json\/wp\/v2\/product_cat?post=19719"},{"taxonomy":"product_tag","embeddable":true,"href":"https:\/\/www.hydraulic-cylinders.net\/ro\/wp-json\/wp\/v2\/product_tag?post=19719"}],"curies":[{"name":"wp","href":"https:\/\/api.w.org\/{rel}","templated":true}]}}