{"id":19727,"date":"2025-04-07T07:04:20","date_gmt":"2025-04-07T07:04:20","guid":{"rendered":"https:\/\/www.hydraulic-cylinders.net\/product\/boom-cylinder-for-xiniu-xn65-4l\/"},"modified":"2025-04-07T07:04:23","modified_gmt":"2025-04-07T07:04:23","slug":"boom-cylinder-for-xiniu-xn65-4l","status":"publish","type":"product","link":"https:\/\/www.hydraulic-cylinders.net\/ro\/produs\/boom-cylinder-for-xiniu-xn65-4l\/","title":{"rendered":"Cilindru de bra\u021b pentru Xiniu XN65-4L"},"content":{"rendered":"<h1>Cilindru de bra\u021b pentru Xiniu XN65-4L<\/h1>\n<h2>Prezentare general\u0103 a produsului<\/h2>\n<p>Cilindrul hidraulic pentru Xiniu XN65-4L este o component\u0103 esen\u021bial\u0103 \u00een sistemele hidraulice, juc\u00e2nd un rol crucial \u00een func\u021bionarea utilajelor grele. Acest cilindru hidraulic este special conceput pentru a controla mi\u0219carea cupei \u00een diverse echipamente grele, cum ar fi excavatoare, \u00eenc\u0103rc\u0103toare frontale \u0219i \u00eenc\u0103rc\u0103toare. Acesta permite ridicarea, cobor\u00e2rea \u0219i \u00eenclinarea cupei, ceea ce faciliteaz\u0103 eficient sarcinile de manipulare a materialelor.<\/p>\n<p>Ca tip de cilindru hidraulic, cilindrul cupei utilizeaz\u0103 fluid hidraulic pentru a crea o for\u021b\u0103 suficient\u0103 pentru a manipula sarcini grele. Acest mecanism permite o func\u021bionare f\u0103r\u0103 probleme, asigur\u00e2nd precizie \u00een s\u0103pare, ridicare \u0219i mutarea materialelor. Designul s\u0103u robust \u0219i func\u021bia eficient\u0103 \u00eel fac indispensabil \u00een aplica\u021biile de construc\u021bii \u0219i agricultur\u0103.<\/p>\n<p><img decoding=\"async\" src=\"https:\/\/www.hydraulic-cylinders.net\/wp-content\/uploads\/2025\/04\/songte-company-1.webp\" alt=\"Cilindru de bra\u021b pentru Xiniu XN65-4L\" \/><\/p>\n<h2>Caracteristici cheie<\/h2>\n<ul>\n<li>\n<h3>Rezisten\u021b\u0103 \u0219i durabilitate ridicate<\/h3>\n<p>Fabricat din o\u021bel sau aluminiu de \u00eenalt\u0103 rezisten\u021b\u0103, acest cilindru poate rezista la presiuni ridicate \u0219i sarcini grele, adapt\u00e2ndu-se \u00een acela\u0219i timp la medii de lucru dure. Este proiectat av\u00e2nd \u00een vedere rezisten\u021ba la uzur\u0103 \u0219i la coroziune, asigur\u00e2nd o durat\u0103 de via\u021b\u0103 mai lung\u0103.<\/p>\n<\/li>\n<li>\n<h3>Func\u021bionare hidraulic\u0103 eficient\u0103<\/h3>\n<p>Cilindrul utilizeaz\u0103 presiunea uleiului hidraulic pentru o extensie \u0219i retragere lin\u0103, permi\u021b\u00e2nd un r\u0103spuns rapid la comenzile de control, oferind o putere semnificativ\u0103 de tragere \u0219i \u00eempingere, ideal\u0103 pentru gestionarea sarcinilor grele \u0219i complexe.<\/p>\n<\/li>\n<li>\n<h3>Diverse tipuri disponibile<\/h3>\n<p>\u00cen func\u021bie de nevoile opera\u021bionale, clien\u021bii pot alege \u00eentre cilindri cu ac\u021biune simpl\u0103 (folosind for\u021ba hidraulic\u0103 \u00eentr-o singur\u0103 direc\u021bie) sau cu ac\u021biune dubl\u0103 (folosind for\u021ba hidraulic\u0103 \u00een ambele direc\u021bii). Unele modele sunt telescopice, permi\u021b\u00e2nd o extensie mai mare f\u0103r\u0103 a cre\u0219te dimensiunile exterioare, potrivite pentru aplica\u021bii cu spa\u021biu limitat.<\/p>\n<\/li>\n<li>\n<h3>Fabrica\u021bie personalizabil\u0103<\/h3>\n<p>Avem capacitatea de a fabrica acest produs, oferind \u00eenlocuiri perfecte pentru cilindrii hidraulici existen\u021bi, asigur\u00e2nd compatibilitatea \u0219i fiabilitatea utilajelor dumneavoastr\u0103.<\/p>\n<\/li>\n<li>\n<h3>Varietate de aplica\u021bii<\/h3>\n<p>Acest produs deserve\u0219te o gam\u0103 larg\u0103 de aplica\u021bii \u00een utilajele grele, optimiz\u00e2nd performan\u021ba \u0219i sporind eficien\u021ba opera\u021bional\u0103.<\/p>\n<\/li>\n<\/ul>\n<p><img decoding=\"async\" src=\"https:\/\/www.hydraulic-cylinders.net\/wp-content\/uploads\/2025\/04\/songte-cylinder-head-with-all-kinds-excavator-models.webp\" alt=\"Modele de excavatoare\" \/><\/p>\n<h2>Scenarii de aplica\u021bii<\/h2>\n<ul>\n<li>\n<h3>Echipamente de construc\u021bii<\/h3>\n<p>\u00cen excavatoare, cilindrul bra\u021bului joac\u0103 un rol vital \u00een s\u0103parea, \u00eenc\u0103rcarea \u0219i mutarea solului sau a resturilor. Este esen\u021bial at\u00e2t pentru sarcinile de excavare, c\u00e2t \u0219i pentru cele de ridicare la buldoexcavatoare, permi\u021b\u00e2nd o operare versatil\u0103 \u00een proiectele de construc\u021bii.<\/p>\n<\/li>\n<li>\n<h3>Ma\u0219ini agricole<\/h3>\n<p>La \u00eenc\u0103rc\u0103toarele frontale, acest cilindru este esen\u021bial pentru scobere, ridicare \u0219i transportul solului, f\u00e2nului \u0219i altor materiale. Func\u021bionalitatea sa \u00eembun\u0103t\u0103\u021be\u0219te productivitatea \u00een sarcinile agricole, permi\u021b\u00e2nd manipularea eficient\u0103 a materialelor.<\/p>\n<\/li>\n<li>\n<h3>Excavatoare<\/h3>\n<p>Cilindrul cupei permite cupei s\u0103 p\u0103trund\u0103 eficient \u00een sol, facilit\u00e2nd opera\u021biunile de s\u0103pare. Performan\u021ba sa este esen\u021bial\u0103 pentru ob\u021binerea unei ad\u00e2ncimi \u0219i a unei eficien\u021be optime a excava\u021biei.<\/p>\n<\/li>\n<li>\n<h3>\u00cenc\u0103rc\u0103toare<\/h3>\n<p>La \u00eenc\u0103rc\u0103toarele frontale, cilindrul bra\u021bului ajut\u0103 la ridicarea \u0219i desc\u0103rcarea eficient\u0103 a sarcinilor, contribuind la eficien\u021ba opera\u021bional\u0103 \u00een sarcinile de manipulare a materialelor.<\/p>\n<\/li>\n<\/ul>\n<h2>Considera\u021bii de proiectare \u0219i criterii de selec\u021bie<\/h2>\n<ul>\n<li>\n<h3>Capacitate de \u00eenc\u0103rcare<\/h3>\n<p>Cilindrul bra\u021bului trebuie proiectat pentru a suporta sarcina maxim\u0103 a\u0219teptat\u0103 \u00een timpul func\u021bion\u0103rii. Selectarea unui cilindru cu o capacitate de \u00eenc\u0103rcare adecvat\u0103 asigur\u0103 siguran\u021ba \u0219i eficien\u021ba \u00een aplica\u021biile grele.<\/p>\n<\/li>\n<li>\n<h3>Eficien\u021ba de etan\u0219are<\/h3>\n<p>Etan\u0219area eficient\u0103 este crucial\u0103 pentru a preveni scurgerile de fluid hidraulic \u0219i pentru a men\u021bine presiunea. Trebuie alese materiale de etan\u0219are adecvate pentru a rezista la diverse condi\u021bii de func\u021bionare, asigur\u00e2nd o performan\u021b\u0103 fiabil\u0103.<\/p>\n<\/li>\n<li>\n<h3>Durabilitate<\/h3>\n<p>Materialele utilizate \u00een construc\u021bia cilindrului bra\u021bului trebuie s\u0103 prezinte o rezisten\u021b\u0103 ridicat\u0103 la uzur\u0103 \u0219i coroziune pentru a asigura longevitatea, \u00een special \u00een medii dificile.<\/p>\n<\/li>\n<li>\n<h3>Caracteristici de siguran\u021b\u0103<\/h3>\n<p>Incorporarea caracteristicilor de siguran\u021b\u0103, cum ar fi supapele de suprapresiune, este esen\u021bial\u0103 pentru a preveni supra\u00eenc\u0103rcarea \u0219i a asigura func\u021bionarea \u00een siguran\u021b\u0103 a sistemului hidraulic.<\/p>\n<\/li>\n<li>\n<h3>Mentenabilitate<\/h3>\n<p>Proiectarea cilindrului pentru a facilita \u00eentre\u021binerea, inclusiv puncte de lubrifiere accesibile \u0219i garnituri \u00eenlocuibile, este esen\u021bial\u0103 pentru minimizarea timpilor de nefunc\u021bionare \u0219i prelungirea duratei de via\u021b\u0103 a produsului.<\/p>\n<\/li>\n<\/ul>\n<p><img decoding=\"async\" src=\"https:\/\/www.hydraulic-cylinders.net\/wp-content\/uploads\/2025\/04\/songte-oil-pipes-and-spare-parts.webp\" alt=\"Uleiuri hidraulice \u0219i piese de schimb\" \/><\/p>\n<h2>Etan\u0219are \u0219i lubrifiere<\/h2>\n<p>Etan\u0219area \u0219i lubrifierea corespunz\u0103toare sunt vitale pentru performan\u021ba cilindrului bra\u021bului. Diverse componente de etan\u0219are, cum ar fi etan\u0219\u0103rile pistonului \u0219i etan\u0219\u0103rile tijei, sunt utilizate pentru a asigura c\u0103 fluidul hidraulic r\u0103m\u00e2ne con\u021binut \u00een cilindru. Garniturile fabricate din materiale durabile, precum poliuretanul \u0219i cauciucul nitrilic, sunt preferate pentru rezisten\u021ba lor la uzur\u0103.<\/p>\n<p>Corpul cilindrului \u0219i capetele filetate sunt supuse unor prelucr\u0103ri de precizie pentru a le spori durabilitatea \u0219i rezisten\u021ba la uzur\u0103. Este necesar\u0103 o lubrifiere regulat\u0103, necesit\u00e2nd completarea periodic\u0103 cu o cantitate suficient\u0103 de ulei hidraulic pentru a asigura o func\u021bionare lin\u0103 \u0219i a preveni uzura.<\/p>\n<h2>Inspec\u021bie regulat\u0103 \u0219i \u00eentre\u021binere preventiv\u0103<\/h2>\n<ul>\n<li>\n<h3>Inspec\u021bii regulate<\/h3>\n<p>Este esen\u021bial s\u0103 se efectueze inspec\u021bii regulate ale cilindrului bra\u021bului pentru a identifica orice semne de uzur\u0103, scurgeri sau deteriorare. Depistarea timpurie a problemelor poate preveni probleme mai grave \u0219i repara\u021bii costisitoare.<\/p>\n<\/li>\n<li>\n<h3>Lubrifiere adecvat\u0103<\/h3>\n<p>Asigura\u021bi-v\u0103 c\u0103 uleiul hidraulic este umplut corespunz\u0103tor \u0219i men\u021binut la nivelurile corecte. Lubrifierea regulat\u0103 ajut\u0103 la minimizarea frec\u0103rii, reduc\u00e2nd uzura \u0219i prelungind durata de via\u021b\u0103 a cilindrului.<\/p>\n<\/li>\n<li>\n<h3>\u00cenlocuirea garniturii \u0219i verific\u0103ri ale calibr\u0103rii<\/h3>\n<p>\u00cenlocuirea periodic\u0103 a garniturilor este necesar\u0103 pentru a men\u021bine eficien\u021ba \u0219i a preveni scurgerile. Verific\u0103rile de calibrare asigur\u0103 c\u0103 butelia func\u021bioneaz\u0103 \u00een parametrii specifica\u021bi, contribuind la o func\u021bionare sigur\u0103 \u0219i eficient\u0103.<\/p>\n<\/li>\n<\/ul>\n<h2>Instruc\u021biuni de instalare<\/h2>\n<p>La instalarea cilindrului bra\u021bului, este esen\u021bial s\u0103 asigura\u021bi o aliniere corect\u0103. Nealinierea poate cauza uzur\u0103 prematur\u0103 \u0219i defec\u021biuni. Urma\u021bi ace\u0219ti pa\u0219i pentru o instalare corect\u0103:<\/p>\n<ul>\n<li>Folosi\u021bi suporturi de montare adecvate pentru a fixa cilindrul \u00een pozi\u021bie.<\/li>\n<li>Alinia\u021bi cilindrul cu punctele de pivotare \u0219i asigura\u021bi-v\u0103 c\u0103 func\u021bioneaz\u0103 lin, f\u0103r\u0103 obstruc\u021bii.<\/li>\n<li>Verifica\u021bi toate conexiunile hidraulice pentru scurgeri \u0219i montajul corect \u00eenainte de a pune \u00een func\u021biune utilajul.<\/li>\n<li>Urma\u021bi recomand\u0103rile produc\u0103torului privind specifica\u021biile de cuplu pentru \u0219uruburi \u0219i fitinguri pentru a evita deteriorarea.<\/li>\n<\/ul>\n<p>Instalarea corect\u0103 este crucial\u0103 pentru performan\u021be optime \u0219i siguran\u021b\u0103 \u00een timpul func\u021bion\u0103rii. Revizui\u021bi periodic practicile de instalare pentru a v\u0103 adapta la orice actualiz\u0103ri ale celor mai bune practici sau specifica\u021biilor utilajelor.<\/p>\n<p><img decoding=\"async\" src=\"https:\/\/www.hydraulic-cylinders.net\/wp-content\/uploads\/2025\/04\/songte-chushion-collar.webp\" alt=\"Guler de pern\u0103\" \/><\/p>\n<h2>Considera\u021bii de siguran\u021b\u0103 \u0219i factori de mediu<\/h2>\n<p>Atunci c\u00e2nd utiliza\u021bi cilindrul bra\u021bului, este important s\u0103 implementa\u021bi m\u0103suri de siguran\u021b\u0103 pentru a proteja operatorii \u0219i personalul din jur. O instruire adecvat\u0103 \u00een manipularea sistemelor hidraulice este esen\u021bial\u0103. \u00cen plus, asigura\u021bi-v\u0103 c\u0103 utilajele sunt echipate cu elemente de siguran\u021b\u0103, cum ar fi butoane de oprire de urgen\u021b\u0103 \u0219i semnalizare adecvat\u0103 pentru a avertiza asupra pericolelor poten\u021biale.<\/p>\n<p>De asemenea, ar trebui lua\u021bi \u00een considerare factorii de mediu, cum ar fi poten\u021bialele scurgeri de fluid hidraulic. \u00centre\u021binerea \u0219i inspec\u021biile regulate pot preveni scurgerile, iar utilizarea fluidelor hidraulice biodegradabile poate minimiza impactul asupra mediului.<\/p>\n<h2>Diagnosticarea defec\u021biunilor \u0219i probleme frecvente<\/h2>\n<ul>\n<li>\n<h3>Scurgere<\/h3>\n<p>Scurgerile pot ap\u0103rea din cauza garniturilor uzate sau a furtunurilor deteriorate. Inspecta\u021bi periodic elementele de etan\u0219are \u0219i \u00eenlocui\u021bi-le dup\u0103 cum este necesar pentru a preveni pierderile semnificative de lichid.<\/p>\n<\/li>\n<li>\n<h3>Performan\u021b\u0103 inconsistent\u0103<\/h3>\n<p>Dac\u0103 cilindrul nu se extinde sau nu se retrage lin, verifica\u021bi dac\u0103 exist\u0103 blocaje \u00een conductele hidraulice sau niveluri sc\u0103zute de fluid. Remedia\u021bi aceste probleme pentru a restabili performan\u021ba optim\u0103.<\/p>\n<\/li>\n<li>\n<h3>Supra\u00eenc\u0103lzire<\/h3>\n<p>C\u0103ldura excesiv\u0103 poate indica o supra\u00eenc\u0103rcare sau o lubrifiere insuficient\u0103. Monitoriza\u021bi temperaturile de func\u021bionare \u0219i asigura\u021bi-v\u0103 c\u0103 uleiul hidraulic este circulat \u0219i r\u0103cit corespunz\u0103tor.<\/p>\n<\/li>\n<\/ul>\n<h2>Sfaturi de depanare<\/h2>\n<p>Pentru a diagnostica \u0219i rezolva eficient problemele legate de cilindrul bra\u021bului, urma\u021bi aceste sfaturi de depanare:<\/p>\n<ul>\n<li>Verifica\u021bi periodic conductele \u0219i conexiunile hidraulice pentru a depista semne de uzur\u0103 sau deteriorare.<\/li>\n<li>Men\u021bine\u021bi nivelurile \u0219i calitatea adecvate ale fluidelor pentru a asigura o func\u021bionare eficient\u0103.<\/li>\n<li>Folosi\u021bi garniturile \u0219i componentele corecte recomandate de produc\u0103tor pentru a preveni problemele de compatibilitate.<\/li>\n<\/ul>\n<p>Implementarea unor m\u0103suri preventive, cum ar fi \u00eentre\u021binerea de rutin\u0103 \u0219i instruirea operatorilor, poate reduce semnificativ probabilitatea apari\u021biei unor probleme poten\u021biale \u00een timpul func\u021bion\u0103rii.<\/p>\n<p><img decoding=\"async\" src=\"https:\/\/www.hydraulic-cylinders.net\/wp-content\/uploads\/2025\/04\/songte-bushings-with-all-kinds-of-excavator-models.webp\" alt=\"Buc\u0219e pentru modele de excavatoare\" \/><\/p>\n<h2>Despre compania noastr\u0103<\/h2>\n<p>Suntem un produc\u0103tor \u0219i distribuitor angro de top de cilindri hidraulici, specializa\u021bi \u00een furnizarea de piese de schimb de \u00eenalt\u0103 calitate. Gama noastr\u0103 extins\u0103 de produse ne-a pozi\u021bionat ca unul dintre cei mai importan\u021bi produc\u0103tori at\u00e2t pe pie\u021bele interne, c\u00e2t \u0219i pe cele interna\u021bionale. Ader\u0103m la principiile excelen\u021bei \u0219i utiliz\u0103m strategii de fabrica\u021bie rafinate pentru a \u00eembun\u0103t\u0103\u021bi managementul produc\u021biei noastre.<\/p>\n<p>Echipa noastr\u0103 este format\u0103 din talente tehnice \u0219i utilizeaz\u0103 echipamente digitale avansate de produc\u021bie \u0219i sisteme profesionale de testare pentru a \u00eembun\u0103t\u0103\u021bi continuu platforma noastr\u0103 de produc\u021bie. Ne concentr\u0103m pe furnizarea de eficien\u021b\u0103 ridicat\u0103, precizie \u0219i calitate, asigur\u00e2ndu-ne c\u0103 satisfacem diversele nevoi ale clien\u021bilor prin servicii personalizate.<\/p>\n<p><img decoding=\"async\" src=\"https:\/\/www.hydraulic-cylinders.net\/wp-content\/uploads\/2025\/04\/songte-company-4.webp\" alt=\"Prezentare general\u0103 a companiei\" \/><br \/>\n<img decoding=\"async\" src=\"https:\/\/www.hydraulic-cylinders.net\/wp-content\/uploads\/2025\/04\/songte-company-3.webp\" alt=\"Procesul de fabrica\u021bie\" \/><\/p>\n<p>Autor: lyl<\/p>","protected":false},"excerpt":{"rendered":"<p>Boom Cylinder For Xiniu XN65-4L Product Overview The Boom Cylinder for Xiniu XN65-4L is an essential component in hydraulic systems, serving a crucial role in the operation of heavy machinery. This hydraulic cylinder is specifically designed to control the movement of the bucket in various heavy equipment such as excavators, backhoe loaders, and front loaders. [&hellip;]<\/p>","protected":false},"featured_media":17870,"comment_status":"open","ping_status":"closed","template":"","meta":{"_et_pb_use_builder":"","_et_pb_old_content":"","_et_gb_content_width":""},"product_brand":[],"product_cat":[1546],"product_tag":[1547,1496],"class_list":{"0":"post-19727","1":"product","2":"type-product","3":"status-publish","4":"has-post-thumbnail","6":"product_cat-boom-cylinders","7":"product_tag-boom-cylinders","8":"product_tag-hydraulic-cylinders","10":"first","11":"instock","12":"shipping-taxable","13":"product-type-simple"},"amp_enabled":true,"_links":{"self":[{"href":"https:\/\/www.hydraulic-cylinders.net\/ro\/wp-json\/wp\/v2\/product\/19727","targetHints":{"allow":["GET"]}}],"collection":[{"href":"https:\/\/www.hydraulic-cylinders.net\/ro\/wp-json\/wp\/v2\/product"}],"about":[{"href":"https:\/\/www.hydraulic-cylinders.net\/ro\/wp-json\/wp\/v2\/types\/product"}],"replies":[{"embeddable":true,"href":"https:\/\/www.hydraulic-cylinders.net\/ro\/wp-json\/wp\/v2\/comments?post=19727"}],"wp:featuredmedia":[{"embeddable":true,"href":"https:\/\/www.hydraulic-cylinders.net\/ro\/wp-json\/wp\/v2\/media\/17870"}],"wp:attachment":[{"href":"https:\/\/www.hydraulic-cylinders.net\/ro\/wp-json\/wp\/v2\/media?parent=19727"}],"wp:term":[{"taxonomy":"product_brand","embeddable":true,"href":"https:\/\/www.hydraulic-cylinders.net\/ro\/wp-json\/wp\/v2\/product_brand?post=19727"},{"taxonomy":"product_cat","embeddable":true,"href":"https:\/\/www.hydraulic-cylinders.net\/ro\/wp-json\/wp\/v2\/product_cat?post=19727"},{"taxonomy":"product_tag","embeddable":true,"href":"https:\/\/www.hydraulic-cylinders.net\/ro\/wp-json\/wp\/v2\/product_tag?post=19727"}],"curies":[{"name":"wp","href":"https:\/\/api.w.org\/{rel}","templated":true}]}}