{"id":19731,"date":"2025-04-07T07:04:32","date_gmt":"2025-04-07T07:04:32","guid":{"rendered":"https:\/\/www.hydraulic-cylinders.net\/product\/boom-cylinder-for-kato-small-excavator-hd400-1-7\/"},"modified":"2025-04-07T07:04:34","modified_gmt":"2025-04-07T07:04:34","slug":"boom-cylinder-for-kato-small-excavator-hd400-1-7","status":"publish","type":"product","link":"https:\/\/www.hydraulic-cylinders.net\/ro\/produs\/boom-cylinder-for-kato-small-excavator-hd400-1-7\/","title":{"rendered":"Cilindru de bra\u021b pentru excavatorul mic Kato HD400-1-7"},"content":{"rendered":"<h1>Cilindru de bra\u021b pentru excavatorul mic Kato HD400-1-7<\/h1>\n<h2>Introducere \u00een cilindrul bra\u021bului<\/h2>\n<p>Cilindrul bra\u021bului pentru excavatorul mic Kato HD400-1-7 este o component\u0103 hidraulic\u0103 esen\u021bial\u0103, conceput\u0103 pentru a controla mi\u0219carea bra\u021bului \u00een diverse utilaje grele, \u00een special excavatoare. Ca tip de cilindru hidraulic, acesta joac\u0103 un rol crucial \u00een sistemul hidraulic, permi\u021b\u00e2nd ridicarea, cobor\u00e2rea \u0219i \u00eenclinarea bra\u021bului, facilit\u00e2nd astfel sarcinile eficiente de manipulare a materialelor. Cilindrul cupei este special conceput pentru a func\u021biona sub presiune ridicat\u0103, fiind vital pentru func\u021bionalitatea echipamentelor precum excavatoarele, excavatoarele \u0219i \u00eenc\u0103rc\u0103toarele frontale.<\/p>\n<p>Ace\u0219ti cilindri hidraulici sunt responsabili de transferul puterii prin fluidul hidraulic, permi\u021b\u00e2nd o mi\u0219care lin\u0103 \u0219i precis\u0103. Aceast\u0103 func\u021bionalitate este esen\u021bial\u0103 atunci c\u00e2nd se deplaseaz\u0103 sarcini grele sau se efectueaz\u0103 sarcini complexe \u00een construc\u021bii, agricultur\u0103 \u0219i alte industrii. Atributele unice ale cilindrilor bra\u021bului, inclusiv designul \u0219i func\u021bionarea lor, le permit s\u0103 reziste la medii de lucru dure, asigur\u00e2nd longevitate \u0219i fiabilitate.<\/p>\n<p><img decoding=\"async\" src=\"https:\/\/www.hydraulic-cylinders.net\/wp-content\/uploads\/2025\/04\/songte-company-1.webp\" alt=\"Cilindru de bra\u021b pentru excavatoare\" \/><\/p>\n<h2>Caracteristicile cilindrului bra\u021bului<\/h2>\n<h3>1. Rezisten\u021b\u0103 \u0219i durabilitate ridicate<\/h3>\n<p>Construit din o\u021bel sau aluminiu de \u00eenalt\u0103 rezisten\u021b\u0103, cilindrul bra\u021bului este conceput s\u0103 suporte presiuni ridicate \u0219i sarcini grele. Este construit pentru a rezista la condi\u021bii dure de lucru, cu caracteristici care sporesc rezisten\u021ba la uzur\u0103 \u0219i la coroziune, prelungindu-i \u00een cele din urm\u0103 durata de via\u021b\u0103.<\/p>\n<h3>2. Func\u021bionare hidraulic\u0103 eficient\u0103<\/h3>\n<p>Cilindrul hidraulic utilizeaz\u0103 presiunea uleiului hidraulic pentru a realiza o extensie \u0219i o retragere lin\u0103, r\u0103spunz\u00e2nd rapid la comenzile operatorului. Aceast\u0103 capacitate ofer\u0103 o for\u021b\u0103 puternic\u0103 de \u00eempingere \u0219i tragere, fiind ideal pentru manipularea materialelor grele \u0219i a sarcinilor complexe.<\/p>\n<h3>3. Varietate de tipuri<\/h3>\n<p>Disponibil \u00een configura\u021bii cu ac\u021biune simpl\u0103 (folosind puterea hidraulic\u0103 \u00eentr-o singur\u0103 direc\u021bie) \u0219i cu ac\u021biune dubl\u0103 (func\u021bion\u00e2nd \u00een ambele direc\u021bii), cilindrul bra\u021bului poate fi personalizat pentru a satisface diverse nevoi opera\u021bionale. Unele modele dispun \u0219i de designuri telescopice pentru o raz\u0103 de ac\u021biune extins\u0103 f\u0103r\u0103 a cre\u0219te dimensiunile exterioare, perfecte pentru aplica\u021bii cu spa\u021biu limitat.<\/p>\n<h3>4. Compatibilitate \u0219i \u00eenlocuire<\/h3>\n<p>Capacit\u0103\u021bile noastre de produc\u021bie ne permit s\u0103 producem cilindri hidraulici care \u00eenlocuiesc perfect cilindrii hidraulici existen\u021bi. Acest lucru asigur\u0103 o integrare perfect\u0103 \u00een utilajele dumneavoastr\u0103, sporind eficien\u021ba opera\u021bional\u0103.<\/p>\n<p><img decoding=\"async\" src=\"https:\/\/www.hydraulic-cylinders.net\/wp-content\/uploads\/2025\/04\/songte-cylinder-head-with-all-kinds-excavator-models.webp\" alt=\"Modele de excavatoare\" \/><\/p>\n<h3>5. Aplica\u021bii \u0219i utilitare<\/h3>\n<h2>Aplica\u021bii ale cilindrului bra\u021bului<\/h2>\n<h3>1. Echipamente de construc\u021bii<\/h3>\n<p>\u00cen echipamentele de construc\u021bii, cum ar fi excavatoarele, cilindrul bra\u021bului este crucial pentru s\u0103pare, \u00eenc\u0103rcare \u0219i mutarea p\u0103m\u00e2ntului sau a resturilor. Acesta permite extinderea \u0219i retragerea bra\u021bului, sporind eficien\u021ba general\u0103 a ma\u0219inii. Precizia cilindrului hidraulic \u00eel face indispensabil pentru efectuarea sarcinilor de excavare, unde acurate\u021bea \u0219i puterea sunt esen\u021biale.<\/p>\n<h3>2. Ma\u0219ini agricole<\/h3>\n<p>\u00cenc\u0103rc\u0103toarele frontale utilizeaz\u0103 cilindri ai bra\u021bului pentru scoaterea, ridicarea \u0219i transportul solului, f\u00e2nului \u0219i altor materiale. Capacitatea de a controla cu precizie \u00een\u0103l\u021bimea \u0219i unghiul de ridicare este vital\u0103 \u00een mediul agricol, f\u0103c\u00e2nd sarcinile mai u\u0219or de gestionat \u0219i mai eficiente. Adaptabilitatea cilindrilor bra\u021bului asigur\u0103 c\u0103 ace\u0219tia pot gestiona diverse aplica\u021bii agricole, contribuind semnificativ la productivitate.<\/p>\n<h3>3. Excavatoare<\/h3>\n<p>Cilindrul bra\u021bului excavatoarelor permite cupei s\u0103 p\u0103trund\u0103 eficient \u00een sol, facilit\u00e2nd procesul de s\u0103pare. Puterea hidraulic\u0103 permite aplicarea unei for\u021be semnificative, ceea ce este crucial atunci c\u00e2nd se lucreaz\u0103 cu condi\u021bii dificile de sol, asigur\u00e2nd finalizarea rapid\u0103 \u0219i eficient\u0103 a sarcinilor.<\/p>\n<h3>4. \u00cenc\u0103rc\u0103toare<\/h3>\n<p>\u00cen cazul \u00eenc\u0103rc\u0103toarelor frontale, cilindrii bra\u021bului ajut\u0103 la ridicarea \u0219i desc\u0103rcarea eficient\u0103 a \u00eenc\u0103rc\u0103turilor. Aceast\u0103 aplica\u021bie este vital\u0103 \u00een construc\u021bii \u0219i manipularea materialelor, unde desc\u0103rcarea la timp a materialelor poate influen\u021ba termenele generale ale proiectului. Reactivitatea sistemului hidraulic \u00eel face o alegere preferat\u0103 pentru astfel de opera\u021biuni.<\/p>\n<h2>Considera\u021bii de proiectare \u0219i criterii de selec\u021bie<\/h2>\n<h3>1. Capacitate de \u00eenc\u0103rcare<\/h3>\n<p>Atunci c\u00e2nd selecta\u021bi un cilindru pentru bra\u021b, este esen\u021bial s\u0103 lua\u021bi \u00een considerare capacitatea sa de \u00eenc\u0103rcare. Cilindrul trebuie s\u0103 poat\u0103 suporta greutatea maxim\u0103 pe care va trebui s\u0103 o ridice sau s\u0103 o coboare. Utilizarea unui cilindru cu o capacitate insuficient\u0103 poate duce la defec\u021biuni ale echipamentului sau la accidente, a\u0219a c\u0103 este vital s\u0103 se potriveasc\u0103 specifica\u021biile cilindrului cu cerin\u021bele aplica\u021biei.<\/p>\n<h3>2. Etan\u0219are \u0219i durabilitate<\/h3>\n<p>Etan\u0219area eficient\u0103 este esen\u021bial\u0103 \u00een sistemele hidraulice pentru a preveni scurgerile \u0219i a men\u021bine eficien\u021ba opera\u021bional\u0103. Calitatea etan\u0219\u0103rilor utilizate \u00een cilindrul bra\u021bului, cum ar fi etan\u0219area pistonului \u0219i etan\u0219area tijei, are un impact direct asupra performan\u021bei \u0219i longevit\u0103\u021bii. Selectarea etan\u0219\u0103rilor de \u00eenalt\u0103 calitate, fabricate din materiale durabile, este esen\u021bial\u0103 pentru asigurarea integrit\u0103\u021bii sistemului hidraulic.<\/p>\n<h3>3. Caracteristici de siguran\u021b\u0103<\/h3>\n<p>Siguran\u021ba ar trebui s\u0103 fie o considera\u021bie primordial\u0103 \u00een proiectarea cilindrilor bra\u021bului. Caracteristici precum supapele de suprapresiune, \u00eencuietorile de siguran\u021b\u0103 \u0219i materialele de construc\u021bie robuste contribuie la siguran\u021ba \u00een func\u021bionare. Implementarea acestor m\u0103suri de siguran\u021b\u0103 reduce riscul de accidente \u0219i asigur\u0103 un mediu de lucru mai sigur.<\/p>\n<h3>4. \u00centre\u021binere \u0219i service<\/h3>\n<p>Proiectarea cilindrilor bra\u021bului pentru o \u00eentre\u021binere u\u0219oar\u0103 este crucial\u0103. Accesibilitatea la componentele cheie pentru repara\u021bii sau \u00eenlocuiri poate reduce semnificativ timpul de nefunc\u021bionare \u0219i costurile de \u00eentre\u021binere. Selectarea unui design care permite o service rapid\u0103 poate \u00eembun\u0103t\u0103\u021bi eficien\u021ba general\u0103 a ma\u0219inii.<\/p>\n<p><img decoding=\"async\" src=\"https:\/\/www.hydraulic-cylinders.net\/wp-content\/uploads\/2025\/04\/songte-oil-pipes-and-spare-parts.webp\" alt=\"Piese hidraulice\" \/><\/p>\n<h2>Etan\u0219are \u0219i lubrifiere<\/h2>\n<p>Etan\u0219area \u0219i lubrifierea eficiente sunt esen\u021biale pentru performan\u021ba cilindrilor hidraulici. Diverse componente de etan\u0219are, cum ar fi etan\u0219\u0103rile pistonului \u0219i etan\u0219\u0103rile tijei, sunt vitale pentru men\u021binerea presiunii hidraulice \u0219i prevenirea scurgerilor de fluid. Selectarea etan\u0219\u0103rilor fabricate din materiale rezistente la uzur\u0103, cum ar fi poliuretanul sau cauciucul nitrilic, \u00eembun\u0103t\u0103\u021be\u0219te durabilitatea \u0219i performan\u021ba.<\/p>\n<p>Suprafa\u021ba corpului cilindrului \u0219i cap\u0103tul filetat sunt de obicei prelucrate fin pentru a \u00eembun\u0103t\u0103\u021bi rezisten\u021ba la uzur\u0103. Lubrifierea regulat\u0103 cu o cantitate adecvat\u0103 de ulei hidraulic este necesar\u0103 pentru a asigura o func\u021bionare lin\u0103 \u0219i a prelungi durata de via\u021b\u0103 a cilindrului. Este esen\u021bial s\u0103 se monitorizeze nivelurile \u0219i calitatea uleiului pentru a preveni degradarea sistemului hidraulic.<\/p>\n<h2>Inspec\u021bie regulat\u0103 \u0219i \u00eentre\u021binere preventiv\u0103<\/h2>\n<h3>1. Inspec\u021bii programate<\/h3>\n<p>Efectuarea unor inspec\u021bii regulate pentru a evalua starea cilindrului bra\u021bului este crucial\u0103. C\u0103uta\u021bi semne de uzur\u0103, scurgeri \u0219i deteriorare. Implementarea unei verific\u0103ri de rutin\u0103 poate ajuta la identificarea problemelor poten\u021biale \u00eenainte ca acestea s\u0103 devin\u0103 probleme grave, asigur\u00e2nd c\u0103 cilindrul func\u021bioneaz\u0103 eficient \u0219i \u00een siguran\u021b\u0103.<\/p>\n<h3>2. Lubrifiere adecvat\u0103<\/h3>\n<p>Men\u021binerea unei lubrifieri adecvate este esen\u021bial\u0103 pentru longevitatea sistemului hidraulic. Verifica\u021bi periodic nivelurile de ulei \u0219i asigura\u021bi-v\u0103 c\u0103 fluidul hidraulic este curat \u0219i lipsit de contaminan\u021bi. Lubrifierea insuficient\u0103 poate duce la uzur\u0103 excesiv\u0103 \u0219i la defectarea prematur\u0103 a cilindrului.<\/p>\n<h3>3. \u00cenlocuirea garniturii \u0219i verific\u0103ri ale calibr\u0103rii<\/h3>\n<p>Garniturile trebuie \u00eenlocuite periodic pentru a preveni scurgerile \u0219i a men\u021bine eficien\u021ba. \u00cen timpul \u00eentre\u021binerii, inspecta\u021bi garniturile pentru uzur\u0103 sau deteriorare \u0219i \u00eenlocui\u021bi-le dup\u0103 cum este necesar. De asemenea, trebuie efectuate verific\u0103ri de calibrare pentru a se asigura c\u0103 cilindrul func\u021bioneaz\u0103 \u00een parametrii specifica\u021bi, sporind fiabilitatea \u0219i siguran\u021ba.<\/p>\n<p><img decoding=\"async\" src=\"https:\/\/www.hydraulic-cylinders.net\/wp-content\/uploads\/2025\/04\/songte-chushion-collar.webp\" alt=\"Guler de pern\u0103\" \/><\/p>\n<h2>Considera\u021bii de siguran\u021b\u0103 \u0219i factori de mediu<\/h2>\n<p>Implementarea m\u0103surilor de siguran\u021b\u0103 la utilizarea cilindrilor bra\u021bului este crucial\u0103 pentru protejarea operatorilor \u0219i a echipamentelor. O instruire adecvat\u0103 privind utilizarea corect\u0103 a sistemelor hidraulice poate reduce semnificativ riscul de accidente. \u00cen plus, respectarea reglement\u0103rilor \u0219i instruc\u021biunilor de siguran\u021b\u0103 ajut\u0103 la atenuarea impactului asupra mediului, asigur\u00e2nd c\u0103 opera\u021biunile sunt at\u00e2t eficiente, c\u00e2t \u0219i responsabile.<\/p>\n<h2>Depanare \u0219i probleme frecvente<\/h2>\n<h3>1. Scurgeri hidraulice<\/h3>\n<p>Scurgerile hidraulice pot ap\u0103rea din cauza garniturilor uzate sau a componentelor deteriorate. Pentru a remedia scurgerile, inspecta\u021bi suprafe\u021bele de etan\u0219are \u0219i \u00eenlocui\u021bi orice garnituri deteriorate. Asigura\u021bi-v\u0103 c\u0103 toate conexiunile sunt str\u00e2nse pentru a preveni pierderea de fluid.<\/p>\n<h3>2. Blocarea cilindrilor<\/h3>\n<p>Blocarea cilindrului se poate produce din cauza reziduurilor sau obstruc\u021biilor din sistemul hidraulic. Cur\u0103\u021barea \u0219i \u00eentre\u021binerea regulat\u0103 pot ajuta la prevenirea acestei probleme. Dac\u0103 se produce blocarea, inspecta\u021bi cilindrul pentru a depista blocaje \u0219i \u00eendep\u0103rta\u021bi orice reziduuri.<\/p>\n<h3>3. Performan\u021b\u0103 inconsistent\u0103<\/h3>\n<p>Dac\u0103 cilindrul bra\u021bului prezint\u0103 performan\u021be inconsistente, verifica\u021bi nivelurile de lichid hidraulic \u0219i asigura\u021bi-v\u0103 c\u0103 se \u00eencadreaz\u0103 \u00een intervalul recomandat. Nivelurile sc\u0103zute de lichid pot duce la o func\u021bionare neregulat\u0103. \u00cen plus, lua\u021bi \u00een considerare starea pompei hidraulice \u0219i a conductelor pentru a depista poten\u021biale probleme.<\/p>\n<h2>M\u0103suri preventive<\/h2>\n<p>Pentru a minimiza poten\u021bialele probleme cu cilindrii bra\u021bului, implementa\u021bi m\u0103suri preventive, cum ar fi verific\u0103ri regulate de \u00eentre\u021binere, asigurarea lubrifierii corespunz\u0103toare \u0219i monitorizarea sistemului hidraulic pentru scurgeri. Instruirea personalului cu privire la utilizarea \u0219i \u00eentre\u021binerea corect\u0103 poate reduce, de asemenea, probabilitatea apari\u021biei problemelor.<\/p>\n<p><img decoding=\"async\" src=\"https:\/\/www.hydraulic-cylinders.net\/wp-content\/uploads\/2025\/04\/songte-bushings-with-all-kinds-of-excavator-models.webp\" alt=\"Buc\u0219e pentru excavator\" \/><\/p>\n<h2>Prezentare general\u0103 a companiei<\/h2>\n<p>Suntem un produc\u0103tor important de cilindri hidraulici de schimb, oferind o gam\u0103 complet\u0103 de produse at\u00e2t pentru pie\u021bele interne, c\u00e2t \u0219i pentru cele interna\u021bionale. Angajamentul nostru fa\u021b\u0103 de calitate este evident \u00een procesele noastre meticuloase de fabrica\u021bie. Utiliz\u0103m strategii avansate de management al produc\u021biei, utiliz\u00e2nd personal calificat, echipamente digitale de fabrica\u021bie de ultim\u0103 genera\u021bie \u0219i sisteme profesionale de testare.<\/p>\n<p>Platforma noastr\u0103 de produc\u021bie este \u00eembun\u0103t\u0103\u021bit\u0103 continuu, permi\u021b\u00e2ndu-ne s\u0103 sporim calitatea produselor \u0219i s\u0103 satisfacem eficient diversele nevoi ale clien\u021bilor. Concentr\u00e2ndu-ne pe eficien\u021b\u0103, precizie \u0219i produc\u021bie de \u00eenalt\u0103 calitate, ne dedic\u0103m furniz\u0103rii de cilindri hidraulici de top \u0219i servicii excep\u021bionale pentru clien\u021bi.<\/p>\n<h3>Atribute suplimentare ale companiei<\/h3>\n<ul>\n<li><strong>Expertiz\u0103:<\/strong> Echipa noastr\u0103 posed\u0103 cuno\u0219tin\u021be \u0219i expertiz\u0103 vaste \u00een sistemele hidraulice, asigur\u00e2nd o calitate superioar\u0103 a produselor.<\/li>\n<li><strong>Certificare interna\u021bional\u0103:<\/strong> Produsele noastre \u00eendeplinesc standarde interna\u021bionale riguroase, oferind garan\u021bia calit\u0103\u021bii \u0219i fiabilit\u0103\u021bii.<\/li>\n<li><strong>Servicii de personalizare:<\/strong> Oferim solu\u021bii personalizate pentru a satisface cerin\u021bele specifice ale clien\u021bilor, sporind versatilitatea produselor.<\/li>\n<li><strong>Echipamente de produc\u021bie de ultim\u0103 genera\u021bie:<\/strong> Facilit\u0103\u021bile noastre avansate de produc\u021bie asigur\u0103 o eficien\u021b\u0103 ridicat\u0103 \u0219i precizie \u00een produc\u021bie.<\/li>\n<li><strong>Asisten\u021b\u0103 post-v\u00e2nzare:<\/strong> Echipa noastr\u0103 dedicat\u0103 de servicii pentru clien\u021bi este \u00eentotdeauna disponibil\u0103 pentru a v\u0103 ajuta cu \u00eentreb\u0103ri \u0219i asisten\u021b\u0103.<\/li>\n<\/ul>\n<p><img decoding=\"async\" src=\"https:\/\/www.hydraulic-cylinders.net\/wp-content\/uploads\/2025\/04\/songte-company-4.webp\" alt=\"Prezentare general\u0103 a companiei\" \/><br \/>\n<img decoding=\"async\" src=\"https:\/\/www.hydraulic-cylinders.net\/wp-content\/uploads\/2025\/04\/songte-company-3.webp\" alt=\"Unitate de produc\u021bie\" \/><\/p>\n<p>Autor: lyl<\/p>","protected":false},"excerpt":{"rendered":"<p>Boom Cylinder For Kato Small Excavator HD400-1-7 Introduction to Boom Cylinder The Boom Cylinder for Kato Small Excavator HD400-1-7 is an essential hydraulic component designed to control the movement of a boom in various heavy machinery, particularly excavators. As a type of hydraulic cylinder, it plays a crucial role in the hydraulic system by allowing [&hellip;]<\/p>","protected":false},"featured_media":17874,"comment_status":"open","ping_status":"closed","template":"","meta":{"_et_pb_use_builder":"","_et_pb_old_content":"","_et_gb_content_width":""},"product_brand":[],"product_cat":[1546],"product_tag":[1547,1496],"class_list":{"0":"post-19731","1":"product","2":"type-product","3":"status-publish","4":"has-post-thumbnail","6":"product_cat-boom-cylinders","7":"product_tag-boom-cylinders","8":"product_tag-hydraulic-cylinders","10":"first","11":"instock","12":"shipping-taxable","13":"product-type-simple"},"amp_enabled":true,"_links":{"self":[{"href":"https:\/\/www.hydraulic-cylinders.net\/ro\/wp-json\/wp\/v2\/product\/19731","targetHints":{"allow":["GET"]}}],"collection":[{"href":"https:\/\/www.hydraulic-cylinders.net\/ro\/wp-json\/wp\/v2\/product"}],"about":[{"href":"https:\/\/www.hydraulic-cylinders.net\/ro\/wp-json\/wp\/v2\/types\/product"}],"replies":[{"embeddable":true,"href":"https:\/\/www.hydraulic-cylinders.net\/ro\/wp-json\/wp\/v2\/comments?post=19731"}],"wp:featuredmedia":[{"embeddable":true,"href":"https:\/\/www.hydraulic-cylinders.net\/ro\/wp-json\/wp\/v2\/media\/17874"}],"wp:attachment":[{"href":"https:\/\/www.hydraulic-cylinders.net\/ro\/wp-json\/wp\/v2\/media?parent=19731"}],"wp:term":[{"taxonomy":"product_brand","embeddable":true,"href":"https:\/\/www.hydraulic-cylinders.net\/ro\/wp-json\/wp\/v2\/product_brand?post=19731"},{"taxonomy":"product_cat","embeddable":true,"href":"https:\/\/www.hydraulic-cylinders.net\/ro\/wp-json\/wp\/v2\/product_cat?post=19731"},{"taxonomy":"product_tag","embeddable":true,"href":"https:\/\/www.hydraulic-cylinders.net\/ro\/wp-json\/wp\/v2\/product_tag?post=19731"}],"curies":[{"name":"wp","href":"https:\/\/api.w.org\/{rel}","templated":true}]}}