{"id":19736,"date":"2025-04-07T07:04:44","date_gmt":"2025-04-07T07:04:44","guid":{"rendered":"https:\/\/www.hydraulic-cylinders.net\/product\/boom-cylinder-for-kato-small-excavator-hd250-7\/"},"modified":"2025-04-07T07:04:46","modified_gmt":"2025-04-07T07:04:46","slug":"boom-cylinder-for-kato-small-excavator-hd250-7","status":"publish","type":"product","link":"https:\/\/www.hydraulic-cylinders.net\/ro\/produs\/boom-cylinder-for-kato-small-excavator-hd250-7\/","title":{"rendered":"Cilindru bra\u021b pentru excavatorul mic Kato HD250-7"},"content":{"rendered":"<h1>Cilindru bra\u021b pentru excavatorul mic Kato HD250-7<\/h1>\n<h2>Prezentare general\u0103 a produsului<\/h2>\n<p>Cilindrul bra\u021bului pentru excavatorul mic Kato HD250-7 este o component\u0103 esen\u021bial\u0103 care joac\u0103 un rol esen\u021bial \u00een func\u021bionarea sistemelor hidraulice din utilajele de construc\u021bii. Un cilindru al cupei, special conceput pentru controlul mi\u0219c\u0103rii cupelor \u00een echipamente grele, cum ar fi excavatoarele, \u00eenc\u0103rc\u0103toarele cu buldoexcavatoare \u0219i \u00eenc\u0103rc\u0103toarele frontale, permite ridicarea, cobor\u00e2rea \u0219i \u00eenclinarea cupei. Aceast\u0103 func\u021bionalitate este crucial\u0103 pentru sarcini eficiente de manipulare a materialelor.<\/p>\n<p><img decoding=\"async\" src=\"https:\/\/www.hydraulic-cylinders.net\/wp-content\/uploads\/2025\/04\/songte-company-1.webp\" alt=\"Imaginea cilindrului bra\u021bului\" \/><\/p>\n<p>Prin utilizarea presiunii uleiului hidraulic, cilindrii cupei asigur\u0103 o func\u021bionare lin\u0103 \u0219i eficient\u0103, ceea ce este vital at\u00e2t pentru productivitate, c\u00e2t \u0219i pentru siguran\u021ba pe \u0219antier. Controlul precis pe care \u00eel ofer\u0103 permite operatorilor s\u0103 manevreze cu u\u0219urin\u021b\u0103 materiale grele, ceea ce \u00eei face indispensabili \u00een diverse aplica\u021bii, de la construc\u021bii la opera\u021biuni agricole.<\/p>\n<h2>Caracteristicile cilindrului bra\u021bului<\/h2>\n<ul>\n<li><strong>Rezisten\u021b\u0103 \u0219i durabilitate ridicate:<\/strong> Fabricat din o\u021bel sau aluminiu de \u00eenalt\u0103 rezisten\u021b\u0103, acest cilindru poate rezista la presiuni ridicate \u0219i sarcini grele, fiind potrivit pentru medii de lucru dure. Designul s\u0103u ia \u00een considerare \u0219i rezisten\u021ba la uzur\u0103 \u0219i protec\u021bia \u00eempotriva coroziunii, prelungindu-i durata de via\u021b\u0103.<\/li>\n<li><strong>Func\u021bionare hidraulic\u0103 eficient\u0103:<\/strong> Cilindrul folose\u0219te presiunea uleiului hidraulic pentru a realiza o extensie \u0219i retragere lin\u0103, permi\u021b\u00e2nd un r\u0103spuns rapid la comenzile operatorului \u0219i oferind o for\u021b\u0103 de ridicare substan\u021bial\u0103, potrivit\u0103 pentru manipularea sarcinilor grele \u0219i complexe.<\/li>\n<li><strong>Diverse tipuri disponibile:<\/strong> \u00cen func\u021bie de nevoile opera\u021bionale, clien\u021bii pot alege \u00eentre cilindri cu ac\u021biune simpl\u0103 (ac\u021biune hidraulic\u0103 \u00eentr-o singur\u0103 direc\u021bie) sau cu ac\u021biune dubl\u0103 (ac\u021biune hidraulic\u0103 \u00een ambele direc\u021bii). Unele modele au un design telescopic, oferind o raz\u0103 de ac\u021biune mai mare f\u0103r\u0103 a cre\u0219te dimensiunea extern\u0103, ideal pentru aplica\u021bii cu spa\u021biu limitat.<\/li>\n<li><strong>Fabrica\u021bie personalizat\u0103:<\/strong> Capacit\u0103\u021bile noastre de produc\u021bie ne permit s\u0103 fabric\u0103m cilindri care \u00eenlocuiesc perfect cilindrii hidraulici existen\u021bi, asigur\u00e2nd compatibilitatea \u0219i performan\u021ba \u00een diverse utilaje.<\/li>\n<li><strong>Aplica\u021bii versatile:<\/strong> Acest cilindru nu este limitat la un singur tip de ma\u0219in\u0103; este adaptabil pentru diverse modele de echipamente grele, ceea ce \u00eel face un atu valoros \u00een multiple industrii.<\/li>\n<\/ul>\n<p><img decoding=\"async\" src=\"https:\/\/www.hydraulic-cylinders.net\/wp-content\/uploads\/2025\/04\/songte-cylinder-head-with-all-kinds-excavator-models.webp\" alt=\"Imagine cu modele de excavatoare\" \/><\/p>\n<h2>Aplica\u021bii ale cilindrului bra\u021bului<\/h2>\n<h3>Echipamente de construc\u021bii<\/h3>\n<p>\u00cen excavatoare, cilindrii bra\u021bului sunt esen\u021biali pentru s\u0103pare, \u00eenc\u0103rcare \u0219i mutarea p\u0103m\u00e2ntului sau a resturilor. Ace\u0219tia faciliteaz\u0103 mi\u0219carea cupei, care este esen\u021bial\u0103 pentru sarcini precum s\u0103parea de \u0219an\u021buri \u0219i preg\u0103tirea \u0219antierului. La \u00eenc\u0103rc\u0103toarele portabile, cilindrul cupei ajut\u0103 at\u00e2t la excavare, c\u00e2t \u0219i la ridicare, permi\u021b\u00e2nd o gam\u0103 larg\u0103 de sarcini f\u0103r\u0103 a schimba echipamentul.<\/p>\n<h3>Ma\u0219ini agricole<\/h3>\n<p>\u00cen cazul \u00eenc\u0103rc\u0103toarelor frontale, cilindrii bra\u021bului sunt esen\u021biali pentru scobere, ridicare \u0219i transportul solului, f\u00e2nului \u0219i altor materiale. Rezisten\u021ba \u0219i eficien\u021ba lor le fac ideale pentru sarcini agricole, unde mi\u0219carea sarcinilor grele este frecvent\u0103.<\/p>\n<h3>Excavatoare<\/h3>\n<p>Cilindrii bra\u021bului permit excavatoarelor s\u0103 p\u0103trund\u0103 eficient \u00een sol, permi\u021b\u00e2nd executarea precis\u0103 a procesului de s\u0103pare. Ace\u0219tia ofer\u0103 for\u021ba necesar\u0103 pentru a sparge solul dificil, ceea ce \u00eei face o component\u0103 vital\u0103 \u00een opera\u021biunile de construc\u021bii \u0219i amenajare a teritoriului.<\/p>\n<h3>\u00cenc\u0103rc\u0103toare<\/h3>\n<p>La \u00eenc\u0103rc\u0103toarele frontale, cilindrii bra\u021bului ajut\u0103 la ridicarea \u0219i desc\u0103rcarea eficient\u0103 a \u00eenc\u0103rc\u0103turilor. Designul lor asigur\u0103 c\u0103 operatorii pot muta \u0219i desc\u0103rca materiale cu efort minim, sporind productivitatea pe \u0219antier.<\/p>\n<h2>Considera\u021bii de proiectare \u0219i criterii de selec\u021bie<\/h2>\n<h3>Capacitate de \u00eenc\u0103rcare<\/h3>\n<p>Atunci c\u00e2nd se selecteaz\u0103 un cilindru pentru bra\u021b, capacitatea de \u00eenc\u0103rcare este o considera\u021bie primordial\u0103. Cilindrul trebuie s\u0103 poat\u0103 suporta sarcina maxim\u0103 a\u0219teptat\u0103 \u00een timpul opera\u021biunilor f\u0103r\u0103 a compromite siguran\u021ba sau performan\u021ba. Aceasta implic\u0103 calcule \u0219i teste am\u0103nun\u021bite pentru a asigura fiabilitatea. Inginerii trebuie s\u0103 evalueze greutatea materialului mutat, for\u021ba exercitat\u0103 \u00een timpul func\u021bion\u0103rii \u0219i factorii de siguran\u021b\u0103 necesari pentru a preveni defec\u021biunile.<\/p>\n<h3>Integritatea etan\u0219\u0103rii<\/h3>\n<p>Etan\u0219area eficient\u0103 este crucial\u0103 pentru cilindrii hidraulici, deoarece previne scurgerile \u0219i men\u021bine presiunea \u00een sistem. Garniturile de \u00eenalt\u0103 calitate, fabricate din materiale durabile, precum poliuretanul \u0219i cauciucul nitrilic, sunt esen\u021biale pentru a rezista condi\u021biilor de func\u021bionare. Inspec\u021bia regulat\u0103 \u0219i eventuala \u00eenlocuire a garniturilor pot prelungi durata de via\u021b\u0103 a cilindrului \u0219i pot asigura performan\u021be constante.<\/p>\n<h3>Durabilitate<\/h3>\n<p>Durabilitatea este un factor major \u00een proiectarea cilindrilor bra\u021bului. Ace\u0219ti cilindri trebuie s\u0103 reziste la medii dure, inclusiv expunerea la praf, umiditate \u0219i substan\u021be chimice. Selectarea materialelor care rezist\u0103 la coroziune \u0219i uzur\u0103 prelunge\u0219te durata de via\u021b\u0103 a cilindrului \u0219i reduce costurile de \u00eentre\u021binere. Inginerii \u00eencorporeaz\u0103, de asemenea, caracteristici de proiectare care sporesc rezisten\u021ba la impacturi \u0219i materiale abrazive \u00eent\u00e2lnite \u00een timpul utiliz\u0103rii.<\/p>\n<h3>Caracteristici de siguran\u021b\u0103<\/h3>\n<p>Siguran\u021ba nu ar trebui niciodat\u0103 compromis\u0103 la proiectarea cilindrilor hidraulici. Incorporarea de caracteristici precum supapele de suprapresiune ajut\u0103 la prevenirea suprapresuriz\u0103rii, care poate duce la defec\u021biuni catastrofale. \u00cen plus, \u00eencorporarea de sisteme redundante \u0219i verific\u0103rile regulate de \u00eentre\u021binere contribuie la siguran\u021ba opera\u021bional\u0103 pe teren.<\/p>\n<h3>Mentenabilitate<\/h3>\n<p>U\u0219urin\u021ba \u00eentre\u021binerii este un aspect esen\u021bial al proiect\u0103rii. Cilindrii ar trebui proiecta\u021bi av\u00e2nd \u00een vedere accesibilitatea, permi\u021b\u00e2nd inspec\u021bii \u0219i repara\u021bii rapide. Incorporarea de piese \u00eenlocuibile poate reduce timpii de nefunc\u021bionare \u0219i costurile de \u00eentre\u021binere, facilit\u00e2nd operatorilor men\u021binerea echipamentelor \u00een stare optim\u0103.<\/p>\n<p><img decoding=\"async\" src=\"https:\/\/www.hydraulic-cylinders.net\/wp-content\/uploads\/2025\/04\/songte-oil-pipes-and-spare-parts.webp\" alt=\"Conducte de petrol \u0219i piese de schimb\" \/><\/p>\n<h2>Etan\u0219area \u0219i lubrifierea cilindrului<\/h2>\n<p>Etan\u0219area \u0219i lubrifierea eficiente sunt componente esen\u021biale ale performan\u021bei \u0219i longevit\u0103\u021bii cilindrilor hidraulici. Diverse etan\u0219\u0103ri, cum ar fi etan\u0219\u0103rile pistonului \u0219i etan\u0219\u0103rile tijei, asigur\u0103 c\u0103 fluidul hidraulic r\u0103m\u00e2ne con\u021binut \u00een cilindru, prevenind scurgerile \u0219i men\u021bin\u00e2nd presiunea. Alegerea materialelor de etan\u0219are, inclusiv poliuretanul rezistent la abraziune \u0219i cauciucul nitrilic, este esen\u021bial\u0103 pentru asigurarea durabilit\u0103\u021bii \u00eempotriva uzurii \u0219i a factorilor de mediu.<\/p>\n<p>\u00cen plus, corpul cilindrului \u0219i capetele filetate necesit\u0103 prelucrare fin\u0103 pentru a spori rezisten\u021ba la uzur\u0103. De asemenea, este necesar\u0103 o lubrifiere regulat\u0103; operatorii trebuie s\u0103 verifice \u0219i s\u0103 reumple periodic uleiul hidraulic pentru a men\u021bine performan\u021be optime. O lubrifiere adecvat\u0103 reduce frecarea, \u00eembun\u0103t\u0103\u021be\u0219te eficien\u021ba sistemului hidraulic \u0219i prelunge\u0219te durata de via\u021b\u0103 a garniturilor \u0219i a \u00eentregului cilindru hidraulic.<\/p>\n<h2>Inspec\u021bie regulat\u0103 \u0219i \u00eentre\u021binere preventiv\u0103<\/h2>\n<ul>\n<li><strong>Inspec\u021bii programate:<\/strong> Inspecta\u021bi periodic cilindrul bra\u021bului pentru a depista orice semne de uzur\u0103, deteriorare sau scurgeri. Depistarea timpurie a problemelor poate preveni probleme mai semnificative \u0219i repara\u021bii costisitoare pe viitor.<\/li>\n<li><strong>Lubrifiere:<\/strong> Implementa\u021bi un program de lubrifiere regulat pentru a v\u0103 asigura c\u0103 toate piesele mobile sunt lubrifiate corespunz\u0103tor. Acest lucru reduce la minimum uzura, \u00eembun\u0103t\u0103\u021bind performan\u021ba general\u0103 a sistemului hidraulic.<\/li>\n<li><strong>\u00cenlocuirea garniturii:<\/strong> Monitoriza\u021bi starea garniturilor \u0219i \u00eenlocui\u021bi-le dup\u0103 cum este necesar. Garniturile uzate pot duce la scurgeri de fluid, reduc\u00e2nd eficien\u021ba sistemului hidraulic \u0219i risc\u00e2nd defectarea echipamentului.<\/li>\n<\/ul>\n<h2>Instruc\u021biuni de instalare<\/h2>\n<p>Instalarea corect\u0103 a cilindrului bra\u021bului este crucial\u0103 pentru asigurarea performan\u021bei \u0219i siguran\u021bei optime. \u00cencepe\u021bi prin preg\u0103tirea locului de instalare, asigur\u00e2ndu-v\u0103 c\u0103 toate componentele sunt curate \u0219i f\u0103r\u0103 resturi. Alinia\u021bi corect cilindrul cu suporturile de montare \u0219i utiliza\u021bi accesoriile de montare adecvate pentru a-l fixa \u00een pozi\u021bie. Este esen\u021bial s\u0103 respecta\u021bi specifica\u021biile produc\u0103torului privind set\u0103rile de cuplu pentru orice elemente de fixare pentru a evita deteriorarea cilindrului.<\/p>\n<p>Asigura\u021bi-v\u0103 c\u0103 liniile hidraulice sunt conectate corect \u0219i c\u0103 nu exist\u0103 obstruc\u021bii pe traseul de curgere. Dup\u0103 instalare, aerisi\u021bi sistemul hidraulic pentru a elimina orice bul\u0103 de aer, care poate afecta performan\u021ba. \u00cen cele din urm\u0103, efectua\u021bi o inspec\u021bie am\u0103nun\u021bit\u0103 a cilindrului instalat pentru a confirma c\u0103 toate componentele sunt fixate \u00een siguran\u021b\u0103 \u0219i func\u021bioneaz\u0103 f\u0103r\u0103 probleme.<\/p>\n<h2>Sarcini comune de \u00eentre\u021binere<\/h2>\n<ul>\n<li><strong>Inspec\u021bii regulate:<\/strong> Programa\u021bi inspec\u021bii regulate pentru a verifica dac\u0103 exist\u0103 semne de uzur\u0103 sau deteriorare. Monitorizarea constant\u0103 poate ajuta la identificarea problemelor poten\u021biale \u00eenainte ca acestea s\u0103 se agraveze, asigur\u00e2nd longevitatea cilindrului bra\u021bului \u0219i a utilajelor pe care le sus\u021bine.<\/li>\n<li><strong>Lubrifiere adecvat\u0103:<\/strong> Men\u021bine\u021bi un program adecvat de lubrifiere pentru sistemul hidraulic. Utilizarea tipului \u0219i cantit\u0103\u021bii corecte de ulei hidraulic este vital\u0103 pentru asigurarea unei func\u021bion\u0103ri eficiente \u0219i f\u0103r\u0103 probleme. Supra-lubrifiere sau sub-lubrifiere poate duce la defec\u021biuni grave.<\/li>\n<li><strong>\u00cenlocuirea garniturii \u0219i verific\u0103ri ale calibr\u0103rii:<\/strong> Verifica\u021bi periodic garniturile pentru uzur\u0103 \u0219i \u00eenlocui\u021bi-le dup\u0103 cum este necesar. Calibrarea sistemului hidraulic asigur\u0103 c\u0103 toate componentele func\u021bioneaz\u0103 \u00een parametrii proiecta\u021bi, ceea ce este vital pentru o func\u021bionare sigur\u0103 \u0219i eficient\u0103.<\/li>\n<\/ul>\n<p>\u00cen timpul instal\u0103rii, este important s\u0103 alinia\u021bi corect cilindrul pentru a evita solicit\u0103ri excesive asupra componentelor. Utiliza\u021bi console de montare adecvate pentru a fixa cilindrul. Respectarea procedurilor recomandate de inspec\u021bie, reparare \u0219i \u00eenlocuire va contribui la cre\u0219terea duratei de via\u021b\u0103 a cilindrului bra\u021bului \u0219i la \u00eembun\u0103t\u0103\u021birea eficien\u021bei opera\u021bionale.<\/p>\n<p><img decoding=\"async\" src=\"https:\/\/www.hydraulic-cylinders.net\/wp-content\/uploads\/2025\/04\/songte-chushion-collar.webp\" alt=\"Guler de pern\u0103\" \/><\/p>\n<h2>Considera\u021bii de siguran\u021b\u0103 \u0219i factori de mediu<\/h2>\n<p>Atunci c\u00e2nd se utilizeaz\u0103 echipamente hidraulice, m\u0103surile de siguran\u021b\u0103 sunt primordiale. Operatorii trebuie s\u0103 poarte echipament individual de protec\u021bie (EIP) adecvat \u0219i s\u0103 fie instrui\u021bi cu privire la procedurile de operare \u00een siguran\u021b\u0103. Sesiunile regulate de instruire pot ajuta personalul s\u0103 fie informat cu privire la riscurile asociate sistemelor hidraulice \u0219i la cele mai bune practici pentru operarea utilajelor grele. \u00cen plus, factorii de mediu, cum ar fi temperatura \u0219i umiditatea mediului de operare, pot afecta performan\u021ba hidraulic\u0103. Asigurarea faptului c\u0103 toate componentele sunt evaluate pentru condi\u021biile a\u0219teptate ajut\u0103 la atenuarea riscurilor.<\/p>\n<h2>Diagnosticarea defec\u021biunilor \u0219i probleme frecvente<\/h2>\n<ul>\n<li><strong>Garnituri cu scurgeri:<\/strong> Una dintre cele mai frecvente probleme ale cilindrilor hidraulici este scurgerea garniturilor. Aceasta poate fi adesea identificat\u0103 prin prezen\u021ba fluidului hidraulic \u00een jurul cilindrului. Inspec\u021bia regulat\u0103 \u0219i \u00eenlocuirea imediat\u0103 a garniturilor uzate sunt cruciale pentru men\u021binerea performan\u021bei.<\/li>\n<li><strong>Vitez\u0103 redus\u0103 a cilindrului:<\/strong> Dac\u0103 cilindrul bra\u021bului func\u021bioneaz\u0103 mai lent dec\u00e2t de obicei, acest lucru poate indica un blocaj \u00een conductele hidraulice sau niveluri sc\u0103zute de lichid hidraulic. Verificarea nivelurilor de lichid \u0219i asigurarea c\u0103 conductele sunt libere pot rezolva aceast\u0103 problem\u0103.<\/li>\n<li><strong>Mi\u0219care inconsistent\u0103:<\/strong> Dac\u0103 cilindrul nu se extinde sau nu se retrage lin, acest lucru se poate datora aerului prins \u00een sistemul hidraulic. Aerisirea sistemului poate rezolva, de obicei, aceast\u0103 problem\u0103, restabilind func\u021bionarea neted\u0103.<\/li>\n<\/ul>\n<h2>Sfaturi \u0219i solu\u021bii pentru depanare<\/h2>\n<p>Pentru a diagnostica \u0219i remedia eficient problemele, operatorii ar trebui s\u0103 aib\u0103 o \u00een\u021belegere clar\u0103 a func\u021bion\u0103rii sistemului hidraulic. Instruirea regulat\u0103 privind tehnicile de depanare poate permite personalului s\u0103 identifice \u0219i s\u0103 rezolve problemele eficient. De exemplu, dac\u0103 se detecteaz\u0103 scurgeri, inspectarea etan\u0219\u0103rilor \u0219i a conexiunilor poate adesea identifica sursa problemei. Dac\u0103 apar probleme de performan\u021b\u0103, verificarea nivelului fluidului hidraulic \u0219i a st\u0103rii furtunurilor \u0219i fitingurilor poate ajuta la identificarea cauzei.<\/p>\n<p>M\u0103surile preventive, cum ar fi \u00eentre\u021binerea \u0219i inspec\u021biile de rutin\u0103, pot reduce semnificativ probabilitatea apari\u021biei problemelor. Stabilirea unui program complet de \u00eentre\u021binere care s\u0103 abordeze inspec\u021biile regulate, lubrifierea \u0219i \u00eenlocuirea garniturilor va ajuta la minimizarea problemelor poten\u021biale \u0219i la asigurarea func\u021bion\u0103rii f\u0103r\u0103 probleme a sistemului hidraulic.<\/p>\n<p><img decoding=\"async\" src=\"https:\/\/www.hydraulic-cylinders.net\/wp-content\/uploads\/2025\/04\/songte-bushings-with-all-kinds-of-excavator-models.webp\" alt=\"Buc\u0219e cu modele de excavatoare\" \/><\/p>\n<h2>Profilul Companiei<\/h2>\n<p>Suntem un produc\u0103tor important de cilindri hidraulici de schimb, cu o gam\u0103 complet\u0103 de produse, impun\u00e2ndu-ne ca un juc\u0103tor important at\u00e2t pe pie\u021bele interne, c\u00e2t \u0219i pe cele interna\u021bionale. Angajamentul nostru fa\u021b\u0103 de excelen\u021b\u0103 se reflect\u0103 \u00een strategiile noastre meticuloase de management al produc\u021biei, care utilizeaz\u0103 echipamente digitale de produc\u021bie de ultim\u0103 genera\u021bie \u0219i sisteme de testare specializate.<\/p>\n<p>Echipa noastr\u0103 de profesioni\u0219ti califica\u021bi \u00ee\u0219i \u00eembun\u0103t\u0103\u021be\u0219te continuu platforma de produc\u021bie, asigur\u00e2nd eficien\u021b\u0103 ridicat\u0103, precizie \u0219i calitate. Oferim servicii personalizate pentru a satisface diversele nevoi ale clien\u021bilor, respect\u00e2nd \u00een acela\u0219i timp standardele \u0219i certific\u0103rile interna\u021bionale.<\/p>\n<p>Dedica\u021bia noastr\u0103 fa\u021b\u0103 de satisfac\u021bia clien\u021bilor se extinde dincolo de v\u00e2nzare, deoarece oferim asisten\u021b\u0103 post-v\u00e2nzare robust\u0103 pentru a asigura fiabilitatea \u0219i performan\u021ba produselor noastre pe teren.<\/p>\n<p><img decoding=\"async\" src=\"https:\/\/www.hydraulic-cylinders.net\/wp-content\/uploads\/2025\/04\/songte-company-4.webp\" alt=\"Imaginea companiei 1\" \/><br \/>\n<img decoding=\"async\" src=\"https:\/\/www.hydraulic-cylinders.net\/wp-content\/uploads\/2025\/04\/songte-company-3.webp\" alt=\"Imaginea companiei 2\" \/><\/p>\n<p>Autor: lyl<\/p>","protected":false},"excerpt":{"rendered":"<p>Boom Cylinder For Kato Small Excavator HD250-7 Product Overview The Boom Cylinder for Kato Small Excavator HD250-7 is an essential component that plays a critical role in the operation of hydraulic systems in construction machinery. A bucket cylinder, specifically designed for controlling the movement of buckets in heavy equipment such as excavators, backhoe loaders, and [&hellip;]<\/p>","protected":false},"featured_media":17879,"comment_status":"open","ping_status":"closed","template":"","meta":{"_et_pb_use_builder":"","_et_pb_old_content":"","_et_gb_content_width":""},"product_brand":[],"product_cat":[1546],"product_tag":[1547,1496],"class_list":{"0":"post-19736","1":"product","2":"type-product","3":"status-publish","4":"has-post-thumbnail","6":"product_cat-boom-cylinders","7":"product_tag-boom-cylinders","8":"product_tag-hydraulic-cylinders","10":"first","11":"instock","12":"shipping-taxable","13":"product-type-simple"},"amp_enabled":true,"_links":{"self":[{"href":"https:\/\/www.hydraulic-cylinders.net\/ro\/wp-json\/wp\/v2\/product\/19736","targetHints":{"allow":["GET"]}}],"collection":[{"href":"https:\/\/www.hydraulic-cylinders.net\/ro\/wp-json\/wp\/v2\/product"}],"about":[{"href":"https:\/\/www.hydraulic-cylinders.net\/ro\/wp-json\/wp\/v2\/types\/product"}],"replies":[{"embeddable":true,"href":"https:\/\/www.hydraulic-cylinders.net\/ro\/wp-json\/wp\/v2\/comments?post=19736"}],"wp:featuredmedia":[{"embeddable":true,"href":"https:\/\/www.hydraulic-cylinders.net\/ro\/wp-json\/wp\/v2\/media\/17879"}],"wp:attachment":[{"href":"https:\/\/www.hydraulic-cylinders.net\/ro\/wp-json\/wp\/v2\/media?parent=19736"}],"wp:term":[{"taxonomy":"product_brand","embeddable":true,"href":"https:\/\/www.hydraulic-cylinders.net\/ro\/wp-json\/wp\/v2\/product_brand?post=19736"},{"taxonomy":"product_cat","embeddable":true,"href":"https:\/\/www.hydraulic-cylinders.net\/ro\/wp-json\/wp\/v2\/product_cat?post=19736"},{"taxonomy":"product_tag","embeddable":true,"href":"https:\/\/www.hydraulic-cylinders.net\/ro\/wp-json\/wp\/v2\/product_tag?post=19736"}],"curies":[{"name":"wp","href":"https:\/\/api.w.org\/{rel}","templated":true}]}}