{"id":19737,"date":"2025-04-07T07:04:46","date_gmt":"2025-04-07T07:04:46","guid":{"rendered":"https:\/\/www.hydraulic-cylinders.net\/product\/boom-cylinder-for-kato-small-excavator-hd450-5-7\/"},"modified":"2025-04-07T07:04:48","modified_gmt":"2025-04-07T07:04:48","slug":"boom-cylinder-for-kato-small-excavator-hd450-5-7","status":"publish","type":"product","link":"https:\/\/www.hydraulic-cylinders.net\/ro\/produs\/boom-cylinder-for-kato-small-excavator-hd450-5-7\/","title":{"rendered":"Cilindru bra\u021b pentru excavatorul mic Kato HD450-5-7"},"content":{"rendered":"<h1>Cilindru bra\u021b pentru excavatorul mic Kato HD450-5-7<\/h1>\n<h2>Prezentare general\u0103 a produsului<\/h2>\n<p>Cilindrul bra\u021bului pentru excavatorul mic Kato HD450-5-7 este o component\u0103 crucial\u0103 \u00een sistemul hidraulic al excavatoarelor. Este un cilindru hidraulic special conceput pentru a controla mi\u0219carea bra\u021bului \u00een diverse aplica\u021bii cu utilaje grele, cum ar fi excavatoarele, \u00eenc\u0103rc\u0103toarele cu buldoexcavator \u0219i \u00eenc\u0103rc\u0103toarele frontale. Acest cilindru permite ridicarea, cobor\u00e2rea \u0219i \u00eenclinarea bra\u021bului, facilit\u00e2nd sarcinile eficiente de manipulare a materialelor.<\/p>\n<p>\u00cen esen\u021b\u0103, cilindrul cupei este un tip de cilindru hidraulic care func\u021bioneaz\u0103 folosind fluid hidraulic sub presiune pentru a crea mi\u0219care. Aplica\u021bia sa este critic\u0103 \u00een construc\u021bii \u0219i utilaje grele, permi\u021b\u00e2nd un control precis, o eficien\u021b\u0103 \u00eembun\u0103t\u0103\u021bit\u0103 \u0219i capacit\u0103\u021bi opera\u021bionale sporite. Designul robust \u0219i performan\u021ba fiabil\u0103 a cilindrului bra\u021bului \u00eel fac o parte indispensabil\u0103 a oric\u0103rui echipament de excavare.<\/p>\n<p><img decoding=\"async\" src=\"https:\/\/www.hydraulic-cylinders.net\/wp-content\/uploads\/2025\/04\/songte-company-1.webp\" alt=\"Imaginea cilindrului bra\u021bului\"><\/p>\n<h2>Caracteristici cheie<\/h2>\n<ul>\n<li><strong>Rezisten\u021b\u0103 \u0219i durabilitate ridicate:<\/strong> Fabricat din o\u021bel sau aluminiu de \u00eenalt\u0103 rezisten\u021b\u0103, acest cilindru poate rezista la presiuni ridicate \u0219i sarcini grele. Designul s\u0103u ia \u00een considerare rezisten\u021ba la uzur\u0103 \u0219i la coroziune, prelungindu-i durata de via\u021b\u0103.<\/li>\n<li><strong>Func\u021bionare hidraulic\u0103 eficient\u0103:<\/strong> Cilindrul utilizeaz\u0103 presiunea uleiului hidraulic pentru a realiza o extensie \u0219i o retragere lin\u0103, r\u0103spunz\u00e2nd rapid la comenzile operatorului \u0219i oferind o for\u021b\u0103 puternic\u0103 de \u00eempingere \u0219i tragere, ideal\u0103 pentru manipularea obiectelor grele \u0219i a sarcinilor complexe.<\/li>\n<li><strong>Diverse tipuri:<\/strong> Disponibil at\u00e2t \u00een \u200b\u200bconfigura\u021bii cu ac\u021biune simpl\u0103 (folosind presiunea hidraulic\u0103 \u00eentr-o singur\u0103 direc\u021bie), c\u00e2t \u0219i cu ac\u021biune dubl\u0103 (folosind presiunea hidraulic\u0103 \u00een ambele direc\u021bii) pentru a satisface diverse cerin\u021be opera\u021bionale. Unele modele sunt telescopice, permi\u021b\u00e2nd o extensie mai mare f\u0103r\u0103 a cre\u0219te dimensiunile exterioare, potrivite pentru aplica\u021bii cu spa\u021biu limitat.<\/li>\n<li><strong>Compatibilitate:<\/strong> Produsele noastre sunt concepute pentru a \u00eenlocui perfect diver\u0219i cilindri hidraulici, asigur\u00e2nd o integrare perfect\u0103 cu utilajele existente.<\/li>\n<li><strong>Asigurarea calit\u0103\u021bii:<\/strong> Fiecare cilindru este supus unor teste riguroase pentru a \u00eendeplini standardele interna\u021bionale de calitate, asigur\u00e2nd fiabilitatea \u0219i performan\u021ba pe teren.<\/li>\n<\/ul>\n<p><img decoding=\"async\" src=\"https:\/\/www.hydraulic-cylinders.net\/wp-content\/uploads\/2025\/04\/songte-cylinder-head-with-all-kinds-excavator-models.webp\" alt=\"Imagine cu modele de excavatoare\"><\/p>\n<h2>Aplica\u021bii ale cilindrului bra\u021bului<\/h2>\n<h3>Echipamente de construc\u021bii<\/h3>\n<p>\u00cen cadrul excavatoarelor, cilindrii bra\u021bului sunt vitali pentru s\u0103pare, \u00eenc\u0103rcare \u0219i mutarea p\u0103m\u00e2ntului sau a molozului. Ace\u0219tia ofer\u0103 for\u021ba necesar\u0103 pentru ridicarea bra\u021bului, permi\u021b\u00e2nd operatorilor s\u0103 excaveze eficient. \u00cen cazul \u00eenc\u0103rc\u0103toarelor excavatoare, cilindrul bra\u021bului ajut\u0103 at\u00e2t la s\u0103pare, c\u00e2t \u0219i la ridicare, ceea ce \u00eel face un instrument esen\u021bial pentru diverse sarcini de construc\u021bie.<\/p>\n<h3>Ma\u0219ini agricole<\/h3>\n<p>\u00cen \u00eenc\u0103rc\u0103toarele frontale, cilindrii bra\u021bului sunt utiliza\u021bi pentru scobere, ridicare \u0219i transportul solului, f\u00e2nului \u0219i altor materiale. Ace\u0219tia permit operatorilor s\u0103 efectueze sarcini agricole eficient, cresc\u00e2nd productivitatea \u00een ferme \u0219i pe terenuri agricole.<\/p>\n<h3>Excavatoare<\/h3>\n<p>La excavatoare, cilindrul bra\u021bului faciliteaz\u0103 ac\u021biunea de s\u0103pare permi\u021b\u00e2nd cupei s\u0103 p\u0103trund\u0103 eficient \u00een sol. Aceast\u0103 capacitate este crucial\u0103 pentru proiectele de excavare, unde precizia \u0219i puterea sunt necesare pentru mutarea unor volume mari de p\u0103m\u00e2nt.<\/p>\n<h3>\u00cenc\u0103rc\u0103toare<\/h3>\n<p>La \u00eenc\u0103rc\u0103toarele frontale, cilindrii bra\u021bului ajut\u0103 la ridicarea \u0219i desc\u0103rcarea eficient\u0103 a sarcinilor. Ace\u0219tia ofer\u0103 for\u021ba necesar\u0103 pentru ridicarea materialelor grele \u0219i asigur\u0103 c\u0103 operatorii \u00ee\u0219i pot \u00eendeplini sarcinile \u00een siguran\u021b\u0103 \u0219i eficient.<\/p>\n<h2>Considera\u021bii de proiectare \u0219i criterii de selec\u021bie<\/h2>\n<h3>Capacitate de \u00eenc\u0103rcare<\/h3>\n<p>Atunci c\u00e2nd se selecteaz\u0103 un cilindru pentru bra\u021b, capacitatea de \u00eenc\u0103rcare este o considera\u021bie primordial\u0103. Aceasta determin\u0103 greutatea maxim\u0103 pe care cilindrul o poate suporta \u00een siguran\u021b\u0103, asigur\u00e2nd \u00een acela\u0219i timp performan\u021ba utilajelor de excavare. Un cilindru bine proiectat ar trebui s\u0103 corespund\u0103 cerin\u021belor specifice de \u00eenc\u0103rcare ale aplica\u021biilor f\u0103r\u0103 riscul de defec\u021biune.<\/p>\n<h3>Integritatea etan\u0219\u0103rii<\/h3>\n<p>Sistemul de etan\u0219are al unui cilindru hidraulic este crucial pentru eficien\u021ba \u0219i longevitatea acestuia. Etan\u0219\u0103rile de \u00eenalt\u0103 calitate previn scurgerile de fluid hidraulic, men\u021bin\u00e2nd presiunea \u0219i performan\u021ba. Etan\u0219area adecvat\u0103 reduce, de asemenea, nevoile de \u00eentre\u021binere \u0219i cre\u0219te fiabilitatea opera\u021bional\u0103, fiind esen\u021bial\u0103 \u00een faza de proiectare.<\/p>\n<h3>Durabilitate<\/h3>\n<p>Un design durabil este esen\u021bial pentru cilindrii hidraulici, \u00een special \u00een medii de lucru dure. Materialele utilizate trebuie s\u0103 reziste la uzur\u0103, coroziune \u0219i oboseal\u0103 \u00een timp, asigur\u00e2nd c\u0103 cilindrul r\u0103m\u00e2ne func\u021bional \u00een condi\u021bii extreme. Durabilitatea are un impact direct asupra frecven\u021bei de \u00eentre\u021binere \u0219i a costurilor generale pe durata de via\u021b\u0103 a echipamentului.<\/p>\n<h3>Caracteristici de siguran\u021b\u0103<\/h3>\n<p>Incorporarea caracteristicilor de siguran\u021b\u0103 \u00een proiectarea cilindrilor hidraulici este esen\u021bial\u0103 pentru prevenirea accidentelor \u0219i a defec\u021biunilor. Mecanismele de siguran\u021b\u0103, cum ar fi supapele de suprapresiune \u0219i protec\u021biile la suprasarcin\u0103, asigur\u0103 opera\u021biuni sigure, \u00een special atunci c\u00e2nd se lucreaz\u0103 cu utilaje grele care pot prezenta riscuri dac\u0103 nu sunt gestionate corespunz\u0103tor.<\/p>\n<h3>Mentenabilitate<\/h3>\n<p>Proiectarea pentru mentenan\u021b\u0103 permite repara\u021bii \u0219i \u00eenlocuiri mai u\u0219oare ale pieselor, ceea ce este crucial \u00een minimizarea timpilor de nefunc\u021bionare. Componentele accesibile \u0219i designul u\u0219or de utilizat pot \u00eembun\u0103t\u0103\u021bi semnificativ longevitatea \u0219i fiabilitatea sistemelor hidraulice, facilit\u00e2nd men\u021binerea echipamentelor \u00een stare optim\u0103 de c\u0103tre operatori.<\/p>\n<p><img decoding=\"async\" src=\"https:\/\/www.hydraulic-cylinders.net\/wp-content\/uploads\/2025\/04\/songte-oil-pipes-and-spare-parts.webp\" alt=\"Imagine cu \u021bevi de petrol \u0219i piese de schimb\"><\/p>\n<h2>Etan\u0219are \u0219i lubrifiere<\/h2>\n<p>Etan\u0219area \u0219i lubrifierea eficiente sunt vitale pentru cilindrii hidraulici. Diverse componente de etan\u0219are, cum ar fi etan\u0219\u0103rile pistonului \u0219i etan\u0219\u0103rile tijei, joac\u0103 roluri importante \u00een men\u021binerea integrit\u0103\u021bii sistemelor hidraulice. Etan\u0219\u0103rile fabricate din materiale precum poliuretanul \u0219i cauciucul nitrilic sunt preferate pentru rezisten\u021ba lor la abraziune \u0219i durabilitate.<\/p>\n<p>\u00cen plus, suprafe\u021bele corpului cilindrului \u0219i capetele filetate sunt prelucrate cu aten\u021bie pentru a spori rezisten\u021ba la uzur\u0103. Lubrifierea regulat\u0103 cu uleiul hidraulic adecvat este esen\u021bial\u0103 pentru a reduce frecarea \u0219i uzura, asigur\u00e2nd o func\u021bionare lin\u0103 \u0219i prelungind durata de via\u021b\u0103 a cilindrului.<\/p>\n<h2>M\u0103suri de \u00eentre\u021binere preventiv\u0103<\/h2>\n<ul>\n<li><strong>Inspec\u021bii regulate:<\/strong> Efectua\u021bi verific\u0103ri de rutin\u0103 pentru a depista semne de scurgeri, uzur\u0103 \u0219i deteriorare pentru a v\u0103 asigura c\u0103 butelia func\u021bioneaz\u0103 corect.<\/li>\n<li><strong>Lubrifiere adecvat\u0103:<\/strong> Men\u021bine\u021bi niveluri adecvate de lubrifiere pentru a evita frecarea \u0219i supra\u00eenc\u0103lzirea, care pot duce la uzur\u0103 prematur\u0103.<\/li>\n<li><strong>\u00cenlocuirea garniturii:<\/strong> Verifica\u021bi periodic garniturile pentru uzur\u0103 \u0219i \u00eenlocui\u021bi-le dup\u0103 cum este necesar pentru a preveni scurgerile \u0219i a men\u021bine eficien\u021ba hidraulic\u0103.<\/li>\n<\/ul>\n<h2>Instruc\u021biuni de instalare<\/h2>\n<p>Instalarea corect\u0103 a cilindrului bra\u021bului este crucial\u0103 pentru o performan\u021b\u0103 optim\u0103. \u00cencepe\u021bi prin a v\u0103 asigura c\u0103 toate suporturile \u0219i fitingurile de montare sunt curate \u0219i f\u0103r\u0103 resturi. Alinia\u021bi cilindrul cu precizie cu punctele de montare pentru a preveni solicitarea excesiv\u0103 a cilindrului. Se recomand\u0103 utilizarea suporturilor de montare adecvate pentru a fixa cilindrul, reduc\u00e2nd la minimum mi\u0219carea \u00een timpul func\u021bion\u0103rii.<\/p>\n<p>When installing, ensure that hydraulic lines are connected securely and free of kinks that could restrict flow. After installation, bleed the hydraulic system to remove any air pockets, ensuring that the cylinder operates smoothly. Finally, test the cylinder under load conditions to verify the installation&#8217;s integrity.<\/p>\n<h2>Sarcini de \u00eentre\u021binere<\/h2>\n<ul>\n<li><strong>Inspec\u021bii regulate:<\/strong> Efectua\u021bi inspec\u021bii vizuale pentru a identifica orice probleme poten\u021biale \u00eenainte ca acestea s\u0103 se agraveze. C\u0103uta\u021bi semne de uzur\u0103, scurgeri \u0219i conexiuni sl\u0103bite.<\/li>\n<li><strong>Lubrifiere adecvat\u0103:<\/strong> Ensure that the cylinder is lubricated adequately with the right hydraulic oil, paying attention to the manufacturer&#8217;s specifications.<\/li>\n<li><strong>\u00cenlocuirea garniturii:<\/strong> Verifica\u021bi periodic garniturile pentru uzur\u0103 \u0219i \u00eenlocui\u021bi-le dac\u0103 este necesar pentru a men\u021bine eficien\u021ba \u0219i a preveni scurgerile de fluid hidraulic.<\/li>\n<\/ul>\n<h2>Considera\u021bii de siguran\u021b\u0103<\/h2>\n<p>Implementarea protocoalelor de siguran\u021b\u0103 \u00een timpul func\u021bion\u0103rii cilindrilor hidraulici este esen\u021bial\u0103. Operatorii trebuie s\u0103 poarte \u00eentotdeauna echipament individual de protec\u021bie (EIP) adecvat \u0219i s\u0103 urmeze procedurile de operare \u00een siguran\u021b\u0103 pentru a atenua riscurile asociate echipamentelor hidraulice. Sesiunile regulate de instruire pot ajuta la asigurarea faptului c\u0103 tot personalul este informat cu privire la m\u0103surile specifice de siguran\u021b\u0103 necesare atunci c\u00e2nd lucreaz\u0103 cu sisteme hidraulice.<\/p>\n<h2>Diagnosticarea defec\u021biunilor \u0219i probleme frecvente<\/h2>\n<ul>\n<li><strong>Scurgere:<\/strong> O problem\u0103 frecvent\u0103 care poate indica garnituri uzate sau componente deteriorate. Operatorii ar trebui s\u0103 inspecteze periodic pentru scurgeri \u0219i s\u0103 \u00eenlocuiasc\u0103 prompt garniturile deteriorate.<\/li>\n<li><strong>Func\u021bionare lent\u0103:<\/strong> Dac\u0103 cilindrul func\u021bioneaz\u0103 mai lent dec\u00e2t de obicei, poate indica o problem\u0103 cu fluidul hidraulic sau un blocaj \u00een sistem care necesit\u0103 aten\u021bie imediat\u0103.<\/li>\n<li><strong>Zgomote neobi\u0219nuite:<\/strong> Sunetele de scr\u00e2\u0219net sau clan\u021b\u0103nit pot indica probleme mecanice \u00een cadrul cilindrului sau al sistemului hidraulic care necesit\u0103 o investiga\u021bie am\u0103nun\u021bit\u0103.<\/li>\n<\/ul>\n<h2>Sfaturi de depanare<\/h2>\n<p>To effectively diagnose and resolve issues, operators should follow a systematic approach. Begin by identifying the symptoms and checking the hydraulic fluid levels and condition. Ensure that all connections are tight and free from leaks. For persistent problems, consulting the manufacturer&#8217;s guidelines or seeking professional assistance can provide insights into underlying issues.<\/p>\n<p><img decoding=\"async\" src=\"https:\/\/www.hydraulic-cylinders.net\/wp-content\/uploads\/2025\/04\/songte-bushings-with-all-kinds-of-excavator-models.webp\" alt=\"Buc\u0219e cu modele de excavatoare\"><\/p>\n<h2>Profilul Companiei<\/h2>\n<p>Suntem un produc\u0103tor important de cilindri hidraulici de schimb, oferind o gam\u0103 complet\u0103 de produse adaptate pentru a satisface diversele nevoi ale pie\u021belor interne \u0219i interna\u021bionale. Angajamentul nostru fa\u021b\u0103 de excelen\u021b\u0103 se reflect\u0103 \u00een abordarea noastr\u0103 axat\u0103 pe calitate \u0219i \u00een utilizarea strategiilor sofisticate de fabrica\u021bie.<\/p>\n<p>Utiliz\u00e2nd echipamente digitale avansate de fabrica\u021bie \u0219i sisteme profesionale de testare, ne \u00eembun\u0103t\u0103\u021bim continuu capacit\u0103\u021bile de produc\u021bie, asigur\u00e2nd \u00een acela\u0219i timp standarde \u00eenalte de control al calit\u0103\u021bii. Echipa noastr\u0103 este format\u0103 din personal tehnic calificat, dedicat \u00eendeplinirii cerin\u021belor variate ale clien\u021bilor no\u0219tri.<\/p>\n<p>Ofertele noastre includ servicii personalizate, certific\u0103ri interna\u021bionale \u0219i asisten\u021b\u0103 post-v\u00e2nzare robust\u0103, toate concepute pentru a oferi clien\u021bilor solu\u021bii fiabile pentru nevoile lor hidraulice.<\/p>\n<p><img decoding=\"async\" src=\"https:\/\/www.hydraulic-cylinders.net\/wp-content\/uploads\/2025\/04\/songte-company-4.webp\" alt=\"Imaginea companiei 1\"><br \/>\n<img decoding=\"async\" src=\"https:\/\/www.hydraulic-cylinders.net\/wp-content\/uploads\/2025\/04\/songte-company-3.webp\" alt=\"Imaginea companiei 2\"><\/p>\n<p>Autor: lyl<\/p>","protected":false},"excerpt":{"rendered":"<p>Boom Cylinder For Kato Small Excavator HD450-5-7 Product Overview The Boom Cylinder for Kato Small Excavator HD450-5-7 is a crucial component in the hydraulic system of excavators. It is a hydraulic cylinder specifically designed to control the movement of the boom in various heavy machinery applications, such as excavators, backhoe loaders, and front loaders. This [&hellip;]<\/p>","protected":false},"featured_media":17880,"comment_status":"open","ping_status":"closed","template":"","meta":{"_et_pb_use_builder":"","_et_pb_old_content":"","_et_gb_content_width":""},"product_brand":[],"product_cat":[1546],"product_tag":[1547,1496],"class_list":{"0":"post-19737","1":"product","2":"type-product","3":"status-publish","4":"has-post-thumbnail","6":"product_cat-boom-cylinders","7":"product_tag-boom-cylinders","8":"product_tag-hydraulic-cylinders","10":"first","11":"instock","12":"shipping-taxable","13":"product-type-simple"},"amp_enabled":true,"_links":{"self":[{"href":"https:\/\/www.hydraulic-cylinders.net\/ro\/wp-json\/wp\/v2\/product\/19737","targetHints":{"allow":["GET"]}}],"collection":[{"href":"https:\/\/www.hydraulic-cylinders.net\/ro\/wp-json\/wp\/v2\/product"}],"about":[{"href":"https:\/\/www.hydraulic-cylinders.net\/ro\/wp-json\/wp\/v2\/types\/product"}],"replies":[{"embeddable":true,"href":"https:\/\/www.hydraulic-cylinders.net\/ro\/wp-json\/wp\/v2\/comments?post=19737"}],"wp:featuredmedia":[{"embeddable":true,"href":"https:\/\/www.hydraulic-cylinders.net\/ro\/wp-json\/wp\/v2\/media\/17880"}],"wp:attachment":[{"href":"https:\/\/www.hydraulic-cylinders.net\/ro\/wp-json\/wp\/v2\/media?parent=19737"}],"wp:term":[{"taxonomy":"product_brand","embeddable":true,"href":"https:\/\/www.hydraulic-cylinders.net\/ro\/wp-json\/wp\/v2\/product_brand?post=19737"},{"taxonomy":"product_cat","embeddable":true,"href":"https:\/\/www.hydraulic-cylinders.net\/ro\/wp-json\/wp\/v2\/product_cat?post=19737"},{"taxonomy":"product_tag","embeddable":true,"href":"https:\/\/www.hydraulic-cylinders.net\/ro\/wp-json\/wp\/v2\/product_tag?post=19737"}],"curies":[{"name":"wp","href":"https:\/\/api.w.org\/{rel}","templated":true}]}}