{"id":19738,"date":"2025-04-07T07:04:48","date_gmt":"2025-04-07T07:04:48","guid":{"rendered":"https:\/\/www.hydraulic-cylinders.net\/product\/boom-cylinder-for-kato-small-excavator-hd700-2-5-7\/"},"modified":"2025-04-07T07:04:51","modified_gmt":"2025-04-07T07:04:51","slug":"boom-cylinder-for-kato-small-excavator-hd700-2-5-7","status":"publish","type":"product","link":"https:\/\/www.hydraulic-cylinders.net\/ro\/produs\/boom-cylinder-for-kato-small-excavator-hd700-2-5-7\/","title":{"rendered":"Cilindru de bra\u021b pentru excavatorul mic Kato HD700-2-5-7"},"content":{"rendered":"<h1>Cilindru de bra\u021b pentru excavatorul mic Kato HD700-2-5-7<\/h1>\n<h2>Prezentare general\u0103 a produsului<\/h2>\n<p>Cilindrul bra\u021bului pentru excavatorul mic Kato HD700-2-5-7 este un cilindru hidraulic specializat, conceput pentru a controla mi\u0219carea bra\u021bului \u00een diverse utilaje grele, inclusiv excavatoare, \u00eenc\u0103rc\u0103toare frontale \u0219i \u00eenc\u0103rc\u0103toare frontale. Acest cilindru hidraulic joac\u0103 un rol crucial \u00een permiterea ridic\u0103rii, cobor\u00e2rii \u0219i \u00eenclin\u0103rii bra\u021bului, facilit\u00e2nd eficient sarcinile de manipulare a materialelor. Cilindrul cupei permite func\u021bionarea precis\u0103 a ata\u0219amentului, care este vital\u0103 \u00een lucr\u0103rile de construc\u021bii \u0219i excava\u021bii. Este proiectat s\u0103 reziste la condi\u021bii opera\u021bionale dificile, ceea ce \u00eel face o component\u0103 esen\u021bial\u0103 \u00een sistemele hidraulice.<\/p>\n<p><img decoding=\"async\" src=\"https:\/\/www.hydraulic-cylinders.net\/wp-content\/uploads\/2025\/04\/songte-company-1.webp\" alt=\"Imaginea cilindrului bra\u021bului\" \/><\/p>\n<h2>Caracteristici cheie<\/h2>\n<ul>\n<li>\n<h3>Rezisten\u021b\u0103 \u0219i durabilitate ridicate<\/h3>\n<p>Fabrica\u021bi din o\u021bel sau aluminiu de \u00eenalt\u0103 rezisten\u021b\u0103, ace\u0219ti cilindri sunt proiecta\u021bi s\u0103 suporte presiuni ridicate \u0219i sarcini grele. Sunt construi\u021bi pentru a rezista la medii de lucru dure, pun\u00e2ndu-se accent pe rezisten\u021ba la uzur\u0103 \u0219i la coroziune pentru a le prelungi durata de via\u021b\u0103.<\/p>\n<\/li>\n<li>\n<h3>Func\u021bionare hidraulic\u0103 eficient\u0103<\/h3>\n<p>Utiliz\u00e2nd presiunea uleiului hidraulic, ace\u0219ti cilindri realizeaz\u0103 o extensie \u0219i o retragere lin\u0103. Ace\u0219tia r\u0103spund rapid la comenzile operatorului, oferind for\u021be puternice de \u00eempingere \u0219i tragere, potrivite pentru gestionarea sarcinilor grele \u0219i complexe.<\/p>\n<\/li>\n<li>\n<h3>Varietate de tipuri<\/h3>\n<p>Gama noastr\u0103 de produse include cilindri cu ac\u021biune simpl\u0103 (care func\u021bioneaz\u0103 \u00eentr-o singur\u0103 direc\u021bie) \u0219i cilindri cu ac\u021biune dubl\u0103 (care func\u021bioneaz\u0103 \u00een ambele direc\u021bii), adapta\u021bi pentru a satisface diverse nevoi opera\u021bionale. Unele modele sunt dotate cu designuri telescopice pentru o extensie mai mare f\u0103r\u0103 a cre\u0219te dimensiunile exterioare, ideale pentru aplica\u021bii cu spa\u021biu limitat.<\/p>\n<\/li>\n<li>\n<h3>Compatibilitate \u0219i \u00eenlocuire<\/h3>\n<p>Fabric\u0103m acest cilindru hidraulic pentru a fi un \u00eenlocuitor perfect pentru modelele existente, asigur\u00e2nd compatibilitatea cu diverse tipuri de utilaje \u0219i sporind eficien\u021ba opera\u021bional\u0103.<\/p>\n<\/li>\n<li>\n<h3>Tehnici avansate de fabrica\u021bie<\/h3>\n<p>Utiliz\u00e2nd procese de fabrica\u021bie de ultim\u0103 genera\u021bie \u0219i m\u0103suri stricte de control al calit\u0103\u021bii, buteliile noastre sunt construite conform celor mai \u00eenalte standarde din industrie, asigur\u00e2nd fiabilitate \u0219i performan\u021b\u0103 pe teren.<\/p>\n<\/li>\n<\/ul>\n<p><img decoding=\"async\" src=\"https:\/\/www.hydraulic-cylinders.net\/wp-content\/uploads\/2025\/04\/songte-cylinder-head-with-all-kinds-excavator-models.webp\" alt=\"Modele de excavatoare\" \/><\/p>\n<h2>Aplica\u021bii<\/h2>\n<ul>\n<li>\n<h3>Echipamente de construc\u021bii<\/h3>\n<p>Cilindrii bra\u021bului sunt parte integrant\u0103 a excavatoarelor, ajut\u00e2nd la s\u0103pare, \u00eenc\u0103rcare \u0219i mutarea solului sau a resturilor. \u00cen cazul \u00eenc\u0103rc\u0103toarelor excavatoare, ace\u0219ti cilindri ajut\u0103 at\u00e2t la opera\u021biunile de excavare, c\u00e2t \u0219i la cele de ridicare, asigur\u00e2nd eficien\u021ba pe \u0219antiere.<\/p>\n<\/li>\n<li>\n<h3>Ma\u0219ini agricole<\/h3>\n<p>Utiliza\u021bi \u00een \u00eenc\u0103rc\u0103toarele frontale, cilindrii bra\u021bului faciliteaz\u0103 scoberea, ridicarea \u0219i transportul solului, f\u00e2nului \u0219i altor materiale, sporind productivitatea \u00een sarcinile agricole.<\/p>\n<\/li>\n<li>\n<h3>Excavatoare<\/h3>\n<p>La excavatoare, cilindrul bra\u021bului permite cupei s\u0103 p\u0103trund\u0103 \u00een sol, permi\u021b\u00e2nd ac\u021biuni eficiente de s\u0103pare care sunt cruciale \u00een diverse aplica\u021bii de excavare.<\/p>\n<\/li>\n<li>\n<h3>\u00cenc\u0103rc\u0103toare<\/h3>\n<p>La \u00eenc\u0103rc\u0103toarele frontale, ace\u0219ti cilindri joac\u0103 un rol vital \u00een ridicarea \u0219i desc\u0103rcarea sarcinilor, contribuind la eficien\u021ba general\u0103 a opera\u021biunilor de manipulare a materialelor.<\/p>\n<\/li>\n<\/ul>\n<h2>Considera\u021bii de proiectare \u0219i standarde de selec\u021bie<\/h2>\n<ul>\n<li>\n<h3>Capacitate de \u00eenc\u0103rcare<\/h3>\n<p>Proiectarea trebuie s\u0103 \u021bin\u0103 cont de sarcina maxim\u0103 pe care cilindrul va trebui s\u0103 o suporte. Este esen\u021bial s\u0103 se selecteze un cilindru care \u00eendepline\u0219te sau dep\u0103\u0219e\u0219te cerin\u021bele de sarcin\u0103 opera\u021bional\u0103 pentru a preveni defec\u021biunile \u0219i a asigura siguran\u021ba \u00een timpul func\u021bion\u0103rii.<\/p>\n<\/li>\n<li>\n<h3>Eficien\u021ba de etan\u0219are<\/h3>\n<p>Etan\u0219area fiabil\u0103 este crucial\u0103 pentru men\u021binerea presiunii hidraulice \u0219i prevenirea scurgerilor. Selec\u021bia garniturilor de \u00eenalt\u0103 calitate minimizeaz\u0103 nevoile de \u00eentre\u021binere \u0219i \u00eembun\u0103t\u0103\u021be\u0219te longevitatea cilindrului, asigur\u00e2nd performan\u021be constante.<\/p>\n<\/li>\n<li>\n<h3>Durabilitate<\/h3>\n<p>Cilindrii trebuie s\u0103 fie construi\u021bi din materiale rezistente la uzur\u0103. Luarea \u00een considerare a unor factori precum oboseala, abraziunea \u0219i coroziunea asigur\u0103 faptul c\u0103 cilindrul poate rezista mediilor solicitante din construc\u021bii \u0219i aplica\u021bii agricole.<\/p>\n<\/li>\n<li>\n<h3>Caracteristici de siguran\u021b\u0103<\/h3>\n<p>Incorporarea unor caracteristici de siguran\u021b\u0103, cum ar fi supapele de suprapresiune \u0219i designurile cu siguran\u021b\u0103 \u00een caz de defec\u021biune, este esen\u021bial\u0103. Acest lucru asigur\u0103 c\u0103, \u00een cazul unei defec\u021biuni, sistemul poate preveni defec\u021biunile catastrofale, sporind siguran\u021ba operatorilor.<\/p>\n<\/li>\n<li>\n<h3>Service-ability<\/h3>\n<p>Proiectarea pentru \u00eentre\u021binere u\u0219oar\u0103 \u0219i accesibilitate asigur\u0103 c\u0103 operatorii pot efectua verific\u0103ri \u0219i repara\u021bii de rutin\u0103 cu timpi de nefunc\u021bionare minimi. Aceasta include u\u0219urin\u021ba \u00eenlocuirii garniturilor \u0219i a altor piese de uzur\u0103, ceea ce este esen\u021bial pentru men\u021binerea eficien\u021bei opera\u021bionale.<\/p>\n<\/li>\n<\/ul>\n<p><img decoding=\"async\" src=\"https:\/\/www.hydraulic-cylinders.net\/wp-content\/uploads\/2025\/04\/songte-oil-pipes-and-spare-parts.webp\" alt=\"Conducte de petrol \u0219i piese de schimb\" \/><\/p>\n<h2>Etan\u0219are \u0219i lubrifiere<\/h2>\n<p>Eficacitatea cilindrilor hidraulici depinde \u00een mare m\u0103sur\u0103 de calitatea etan\u0219\u0103rii \u0219i lubrifierii. Diverse componente de etan\u0219are, inclusiv etan\u0219\u0103rile pistonului \u0219i etan\u0219\u0103rile tijei, joac\u0103 un rol vital \u00een men\u021binerea fluidului hidraulic \u00een sistem. Utilizarea materialelor durabile, cum ar fi poliuretanul \u0219i cauciucul nitrilic, spore\u0219te rezisten\u021ba la uzur\u0103 \u0219i longevitatea.<\/p>\n<p>Corpul cilindrului \u0219i suprafe\u021bele filetate ale cap\u0103tului sunt supuse unor procese fine de tratare pentru a \u00eembun\u0103t\u0103\u021bi rezisten\u021ba la uzur\u0103 \u0219i performan\u021ba de etan\u0219are. Ad\u0103ugarea regulat\u0103 a cantit\u0103\u021bii adecvate de ulei hidraulic este esen\u021bial\u0103 pentru lubrifiere, prevenirea frec\u0103rii \u0219i prelungirea duratei de via\u021b\u0103 a cilindrului.<\/p>\n<h2>Inspec\u021bie regulat\u0103 \u0219i \u00eentre\u021binere preventiv\u0103<\/h2>\n<ul>\n<li>\n<h3>Inspec\u021bii programate<\/h3>\n<p>Inspec\u021biile de rutin\u0103 ajut\u0103 la identificarea uzurii \u0219i a poten\u021bialelor defec\u021biuni \u00eenainte ca acestea s\u0103 se agraveze. Verifica\u021bi dac\u0103 exist\u0103 semne de scurgeri, daune fizice \u0219i eficien\u021ba opera\u021bional\u0103 general\u0103 \u00een timpul acestor evalu\u0103ri.<\/p>\n<\/li>\n<li>\n<h3>Lubrifiere adecvat\u0103<\/h3>\n<p>Asigura\u021bi-v\u0103 c\u0103 toate piesele mobile primesc o lubrifiere adecvat\u0103 pentru a minimiza frecarea \u0219i uzura. Aceasta implic\u0103 verificarea regulat\u0103 a nivelului de ulei \u0219i completarea cu fluid hidraulic atunci c\u00e2nd este necesar.<\/p>\n<\/li>\n<li>\n<h3>\u00cenlocuirea garniturii<\/h3>\n<p>Monitoriza\u021bi starea garniturilor \u0219i \u00eenlocui\u021bi-le prompt dac\u0103 observa\u021bi semne de uzur\u0103 sau deteriorare. Acest lucru va preveni scurgerile de fluid hidraulic \u0219i va men\u021bine integritatea sistemului.<\/p>\n<\/li>\n<\/ul>\n<h2>Instruc\u021biuni de instalare<\/h2>\n<p>Instalarea corect\u0103 a cilindrului bra\u021bului este esen\u021bial\u0103 pentru a asigura o performan\u021b\u0103 optim\u0103. \u00cencepe\u021bi prin cur\u0103\u021barea zonei de montare pentru a \u00eendep\u0103rta orice reziduuri care ar putea interfera cu potrivirea. Alinia\u021bi corect cilindrul cu suporturile de montare folosind uneltele de instalare adecvate, asigur\u00e2ndu-v\u0103 c\u0103 nu exist\u0103 nicio nealiniere care ar putea duce la uzur\u0103 prematur\u0103.<\/p>\n<p>Fixa\u021bi cilindrul la locul s\u0103u cu ajutorul accesoriilor de montare recomandate, asigur\u00e2ndu-v\u0103 c\u0103 toate \u0219uruburile \u0219i elementele de fixare sunt str\u00e2nse conform specifica\u021biilor produc\u0103torului. Dup\u0103 instalare, ac\u021biona\u021bi cilindrul la \u00eentreaga sa gam\u0103 de mi\u0219care pentru a asigura o func\u021bionare lin\u0103 \u0219i verifica\u021bi dac\u0103 exist\u0103 semne de scurgeri sau sunete neobi\u0219nuite.<\/p>\n<h2>Sarcini comune de \u00eentre\u021binere<\/h2>\n<ul>\n<li>\n<h3>Inspec\u021bii regulate<\/h3>\n<p>Efectua\u021bi verific\u0103ri regulate pentru scurgeri, uzur\u0103 \u0219i eficien\u021b\u0103 opera\u021bional\u0103. Aceast\u0103 abordare proactiv\u0103 poate ajuta la identificarea din timp a problemelor, prevenind repara\u021biile costisitoare.<\/p>\n<\/li>\n<li>\n<h3>Lubrifiere adecvat\u0103<\/h3>\n<p>Men\u021bine\u021bi o lubrifiere optim\u0103 prin verificarea \u0219i completarea regulat\u0103 a nivelurilor de lichid hidraulic. Lubrifierea adecvat\u0103 minimizeaz\u0103 uzura \u0219i cre\u0219te durata de via\u021b\u0103 a cilindrului.<\/p>\n<\/li>\n<li>\n<h3>\u00cenlocuirea garniturii \u0219i verific\u0103ri ale calibr\u0103rii<\/h3>\n<p>\u00cenlocui\u021bi periodic garniturile uzate pentru a preveni scurgerile \u0219i a men\u021bine presiunea hidraulic\u0103. Calibrarea asigur\u0103 func\u021bionarea cilindrului \u00een parametrii specifica\u021bi, sporind performan\u021ba \u0219i siguran\u021ba.<\/p>\n<\/li>\n<\/ul>\n<p><img decoding=\"async\" src=\"https:\/\/www.hydraulic-cylinders.net\/wp-content\/uploads\/2025\/04\/songte-chushion-collar.webp\" alt=\"Guler de pern\u0103\" \/><\/p>\n<h2>Considera\u021bii de siguran\u021b\u0103 \u0219i factori de mediu<\/h2>\n<p>Atunci c\u00e2nd se utilizeaz\u0103 cilindri hidraulici, este esen\u021bial s\u0103 se respecte m\u0103surile de siguran\u021b\u0103 pentru a proteja operatorii \u0219i echipamentele. O instruire adecvat\u0103 privind utilizarea \u0219i \u00eentre\u021binerea sistemelor hidraulice este crucial\u0103 pentru a minimiza riscurile asociate cu scurgerile de fluid hidraulic \u0219i defec\u021biunile echipamentelor. Asigurarea faptului c\u0103 sunt implementate protocoale de siguran\u021b\u0103, cum ar fi utilizarea echipamentului de protec\u021bie \u0219i respectarea instruc\u021biunilor opera\u021bionale, spore\u0219te \u0219i mai mult siguran\u021ba la locul de munc\u0103.<\/p>\n<h2>Depanare \u0219i probleme frecvente<\/h2>\n<ul>\n<li>\n<h3>Scurgeri hidraulice<\/h3>\n<p>Scurgerile pot ap\u0103rea din cauza garniturilor deteriorate sau a instal\u0103rii necorespunz\u0103toare. Inspec\u021biile regulate \u0219i \u00eenlocuirea la timp a garniturilor pot atenua aceast\u0103 problem\u0103.<\/p>\n<\/li>\n<li>\n<h3>Performan\u021b\u0103 slab\u0103<\/h3>\n<p>Dac\u0103 cilindrul nu r\u0103spunde corespunz\u0103tor, acest lucru poate indica niveluri sc\u0103zute de lichid hidraulic sau aer \u00een sistem. Verifica\u021bi nivelurile de lichid \u0219i aerisi\u021bi sistemul dup\u0103 cum este necesar.<\/p>\n<\/li>\n<li>\n<h3>Zgomote neobi\u0219nuite<\/h3>\n<p>Zgomotele ciudate din timpul func\u021bion\u0103rii pot sugera o nealiniere sau uzur\u0103 intern\u0103. Inspecta\u021bi cilindrul pentru aliniere corect\u0103 \u0219i semne de uzur\u0103 \u0219i remedia\u021bi prompt orice problem\u0103.<\/p>\n<\/li>\n<\/ul>\n<p>Pentru a aborda eficient aceste probleme, este recomandabil s\u0103 se urmeze o abordare sistematic\u0103 pentru diagnosticarea cauzei principale \u0219i implementarea ac\u021biunilor corective. M\u0103surile preventive, cum ar fi \u00eentre\u021binerea regulat\u0103 \u0219i respectarea instruc\u021biunilor opera\u021bionale, pot reduce semnificativ probabilitatea apari\u021biei problemelor.<\/p>\n<p><img decoding=\"async\" src=\"https:\/\/www.hydraulic-cylinders.net\/wp-content\/uploads\/2025\/04\/songte-bushings-with-all-kinds-of-excavator-models.webp\" alt=\"Buc\u0219e pentru modele de excavatoare\" \/><\/p>\n<h2>Prezentare general\u0103 a companiei<\/h2>\n<p>Suntem un produc\u0103tor important de cilindri hidraulici de schimb, oferind o gam\u0103 complet\u0103 de produse pentru pie\u021bele interne \u0219i interna\u021bionale. Angajamentul nostru fa\u021b\u0103 de excelen\u021b\u0103 ne determin\u0103 s\u0103 ader\u0103m la standarde superioare de calitate, valorific\u00e2nd strategii avansate de management al produc\u021biei.<\/p>\n<p>Facilit\u0103\u021bile noastre sunt dotate cu echipamente digitale de produc\u021bie de ultim\u0103 genera\u021bie \u0219i un sistem de inspec\u021bie profesional, \u00eembun\u0103t\u0103\u021bind continuu capacit\u0103\u021bile noastre de produc\u021bie. Ne dedic\u0103m satisfacerii diverselor nevoi ale clien\u021bilor cu eficien\u021b\u0103, precizie \u0219i calitate ridicate.<\/p>\n<p><img decoding=\"async\" src=\"https:\/\/www.hydraulic-cylinders.net\/wp-content\/uploads\/2025\/04\/songte-company-4.webp\" alt=\"Prezentare general\u0103 a companiei\" \/><br \/>\n<img decoding=\"async\" src=\"https:\/\/www.hydraulic-cylinders.net\/wp-content\/uploads\/2025\/04\/songte-company-3.webp\" alt=\"Unitate de produc\u021bie\" \/><\/p>\n<p>Specializarea noastr\u0103 include expertiz\u0103 profesional\u0103, certific\u0103ri interna\u021bionale, servicii personalizate, echipamente de produc\u021bie avansate \u0219i asisten\u021b\u0103 post-v\u00e2nzare complet\u0103, asigur\u00e2nd c\u0103 to\u021bi clien\u021bii primesc cele mai bune produse \u0219i servicii disponibile.<\/p>\n<p>Autor: lyl<\/p>","protected":false},"excerpt":{"rendered":"<p>Boom Cylinder For Kato Small Excavator HD700-2-5-7 Product Overview The Boom Cylinder for Kato Small Excavator HD700-2-5-7 is a specialized hydraulic cylinder designed to control the movement of the boom in various heavy machinery, including excavators, backhoe loaders, and front-end loaders. This hydraulic cylinder plays a crucial role in enabling the boom to lift, lower, [&hellip;]<\/p>","protected":false},"featured_media":17881,"comment_status":"open","ping_status":"closed","template":"","meta":{"_et_pb_use_builder":"","_et_pb_old_content":"","_et_gb_content_width":""},"product_brand":[],"product_cat":[1546],"product_tag":[1547,1496],"class_list":{"0":"post-19738","1":"product","2":"type-product","3":"status-publish","4":"has-post-thumbnail","6":"product_cat-boom-cylinders","7":"product_tag-boom-cylinders","8":"product_tag-hydraulic-cylinders","10":"first","11":"instock","12":"shipping-taxable","13":"product-type-simple"},"amp_enabled":true,"_links":{"self":[{"href":"https:\/\/www.hydraulic-cylinders.net\/ro\/wp-json\/wp\/v2\/product\/19738","targetHints":{"allow":["GET"]}}],"collection":[{"href":"https:\/\/www.hydraulic-cylinders.net\/ro\/wp-json\/wp\/v2\/product"}],"about":[{"href":"https:\/\/www.hydraulic-cylinders.net\/ro\/wp-json\/wp\/v2\/types\/product"}],"replies":[{"embeddable":true,"href":"https:\/\/www.hydraulic-cylinders.net\/ro\/wp-json\/wp\/v2\/comments?post=19738"}],"wp:featuredmedia":[{"embeddable":true,"href":"https:\/\/www.hydraulic-cylinders.net\/ro\/wp-json\/wp\/v2\/media\/17881"}],"wp:attachment":[{"href":"https:\/\/www.hydraulic-cylinders.net\/ro\/wp-json\/wp\/v2\/media?parent=19738"}],"wp:term":[{"taxonomy":"product_brand","embeddable":true,"href":"https:\/\/www.hydraulic-cylinders.net\/ro\/wp-json\/wp\/v2\/product_brand?post=19738"},{"taxonomy":"product_cat","embeddable":true,"href":"https:\/\/www.hydraulic-cylinders.net\/ro\/wp-json\/wp\/v2\/product_cat?post=19738"},{"taxonomy":"product_tag","embeddable":true,"href":"https:\/\/www.hydraulic-cylinders.net\/ro\/wp-json\/wp\/v2\/product_tag?post=19738"}],"curies":[{"name":"wp","href":"https:\/\/api.w.org\/{rel}","templated":true}]}}