{"id":19740,"date":"2025-04-07T07:04:54","date_gmt":"2025-04-07T07:04:54","guid":{"rendered":"https:\/\/www.hydraulic-cylinders.net\/product\/boom-cylinder-for-kato-small-excavator-hd1023\/"},"modified":"2025-04-07T07:04:56","modified_gmt":"2025-04-07T07:04:56","slug":"boom-cylinder-for-kato-small-excavator-hd1023","status":"publish","type":"product","link":"https:\/\/www.hydraulic-cylinders.net\/ro\/produs\/boom-cylinder-for-kato-small-excavator-hd1023\/","title":{"rendered":"Cilindru de bra\u021b pentru excavatorul mic Kato HD1023"},"content":{"rendered":"<h1>Cilindru de bra\u021b pentru excavatorul mic Kato HD1023<\/h1>\n<h2>Prezentare general\u0103 a produsului<\/h2>\n<p>Cilindrul bra\u021bului pentru excavatorul mic Kato HD1023 este o component\u0103 vital\u0103 conceput\u0103 pentru a \u00eembun\u0103t\u0103\u021bi capacit\u0103\u021bile opera\u021bionale ale diverselor utilaje grele. Mai exact, cilindrul cupei este un tip de cilindru hidraulic care joac\u0103 un rol crucial \u00een controlul mi\u0219c\u0103rii cupei la excavatoare, \u00eenc\u0103rc\u0103toare frontale \u0219i \u00eenc\u0103rc\u0103toare. Acest cilindru permite ridicarea, cobor\u00e2rea \u0219i \u00eenclinarea cupei, facilit\u00e2nd sarcini eficiente de manipulare a materialelor.<\/p>\n<p><img decoding=\"async\" src=\"https:\/\/www.hydraulic-cylinders.net\/wp-content\/uploads\/2025\/04\/songte-company-1.webp\" alt=\"Excavator mic Kato\" \/><\/p>\n<h3>Defini\u021bie \u0219i func\u021bie<\/h3>\n<p>Cilindrul cupei este o parte esen\u021bial\u0103 a sistemelor hidraulice utilizate \u00een construc\u021bii \u0219i agricultur\u0103. Ace\u0219ti cilindri sunt proiecta\u021bi s\u0103 func\u021bioneze sub presiune ridicat\u0103 \u0219i sunt concepu\u021bi pentru a rezista la medii de lucru dure. Ace\u0219tia asigur\u0103 mi\u0219carea lin\u0103 \u0219i precis\u0103 a cupei, care este esen\u021bial\u0103 pentru sarcini precum s\u0103parea, ridicarea \u0219i transportul materialelor. Un cilindru al bra\u021bului func\u021bional cre\u0219te productivitatea \u0219i reduce riscul de defec\u021biuni mecanice \u00een timpul func\u021bion\u0103rii.<\/p>\n<h2>Caracteristici cheie<\/h2>\n<ul>\n<li><strong>Rezisten\u021b\u0103 \u0219i durabilitate ridicate:<\/strong> Fabrica\u021bi din o\u021bel sau aluminiu de \u00eenalt\u0103 rezisten\u021b\u0103, ace\u0219ti cilindri pot rezista la presiuni ridicate \u0219i sarcini grele, ceea ce \u00eei face potrivi\u021bi pentru medii de lucru dure. Sunt proiecta\u021bi av\u00e2nd \u00een vedere rezisten\u021ba la uzur\u0103 \u0219i la coroziune pentru a le prelungi durata de via\u021b\u0103.<\/li>\n<li><strong>Func\u021bionare hidraulic\u0103 eficient\u0103:<\/strong> Utilizarea presiunii uleiului hidraulic permite mi\u0219c\u0103ri line de extensie \u0219i retragere, permi\u021b\u00e2nd un r\u0103spuns rapid la comenzile de control \u0219i oferind o putere semnificativ\u0103 de \u00eempingere \u0219i tragere, ideal\u0103 pentru gestionarea sarcinilor grele \u0219i complexe.<\/li>\n<li><strong>Diverse tipuri:<\/strong> \u00cen func\u021bie de nevoile opera\u021bionale, utilizatorii pot alege \u00eentre cilindri cu ac\u021biune simpl\u0103 (folosind for\u021ba hidraulic\u0103 \u00eentr-o singur\u0103 direc\u021bie) sau cu ac\u021biune dubl\u0103 (folosind for\u021ba hidraulic\u0103 \u00een ambele direc\u021bii). Unele modele sunt telescopice, permi\u021b\u00e2nd o extensie mai mare f\u0103r\u0103 a cre\u0219te dimensiunile exterioare, potrivite pentru aplica\u021bii cu spa\u021biu limitat.<\/li>\n<li><strong>Fabrica\u021bie personalizat\u0103:<\/strong> Produsele noastre sunt concepute pentru a \u00eenlocui f\u0103r\u0103 probleme diver\u0219i cilindri hidraulici, asigur\u00e2nd compatibilitate \u0219i performan\u021b\u0103 optim\u0103.<\/li>\n<li><strong>Asigurarea calit\u0103\u021bii:<\/strong> Implement\u0103m standarde riguroase de testare pentru a garanta fiabilitatea \u0219i eficien\u021ba cilindrilor no\u0219tri hidraulici.<\/li>\n<\/ul>\n<p><img decoding=\"async\" src=\"https:\/\/www.hydraulic-cylinders.net\/wp-content\/uploads\/2025\/04\/songte-cylinder-head-with-all-kinds-excavator-models.webp\" alt=\"Modele de excavatoare\" \/><\/p>\n<h2>Aplica\u021bii ale cilindrului bra\u021bului<\/h2>\n<h3>Echipamente de construc\u021bii<\/h3>\n<p>\u00cen excavatoare, cilindrii bra\u021bului sunt esen\u021biali pentru s\u0103pare, \u00eenc\u0103rcare \u0219i relocarea solului sau a resturilor. For\u021ba hidraulic\u0103 permite cupei s\u0103 p\u0103trund\u0103 eficient \u00een sol, f\u0103c\u00e2nd sarcinile de excavare rapide \u0219i eficiente. \u00cen cazul \u00eenc\u0103rc\u0103toarelor basculante, cilindrul cupei ajut\u0103 nu numai la s\u0103pare, ci \u0219i la ridicarea \u0219i transportul materialelor, sporind versatilitatea ma\u0219inii.<\/p>\n<h3>Ma\u0219ini agricole<\/h3>\n<p>\u00cen cazul \u00eenc\u0103rc\u0103toarelor frontale, cilindrii bra\u021bului sunt vitali pentru scobere, ridicare \u0219i transportul solului, f\u00e2nului \u0219i altor materiale. Func\u021bionarea hidraulic\u0103 asigur\u0103 c\u0103 aceste ma\u0219ini pot gestiona eficient diverse sarcini agricole, contribuind semnificativ la productivitatea opera\u021biunilor agricole.<\/p>\n<h3>Excavatoare<\/h3>\n<p>La excavatoare, cilindrul cupei faciliteaz\u0103 ac\u021biunea de s\u0103pare permi\u021b\u00e2nd cupei s\u0103 p\u0103trund\u0103 eficient \u00een sol. Aceast\u0103 capacitate este esen\u021bial\u0103 pentru diverse proiecte de excavare, asigur\u00e2nd finalizarea eficient\u0103 a sarcinilor f\u0103r\u0103 a solicita excesiv utilajele.<\/p>\n<h3>\u00cenc\u0103rc\u0103toare<\/h3>\n<p>La \u00eenc\u0103rc\u0103toarele frontale, cilindrii bra\u021bului ajut\u0103 la ridicarea \u0219i desc\u0103rcarea eficient\u0103 a materialelor. Func\u021bionarea hidraulic\u0103 permite precizie \u00een manipularea sarcinilor, asigur\u00e2nd c\u0103 materialele pot fi mutate \u0219i plasate cu precizie.<\/p>\n<h2>Considera\u021bii de proiectare \u0219i criterii de selec\u021bie<\/h2>\n<h3>Capacitate de \u00eenc\u0103rcare<\/h3>\n<p>Atunci c\u00e2nd selecta\u021bi un cilindru pentru bra\u021b, este esen\u021bial s\u0103 lua\u021bi \u00een considerare capacitatea de \u00eenc\u0103rcare necesar\u0103 pentru aplica\u021bia specific\u0103. Cilindrul trebuie s\u0103 poat\u0103 suporta greutatea maxim\u0103 a materialelor mutate f\u0103r\u0103 riscul de defec\u021biune. Un design robust asigur\u0103 c\u0103 cilindrul poate func\u021biona sub presiunea unor sarcini grele, oferind fiabilitate \u0219i siguran\u021b\u0103 \u00een timpul opera\u021biunilor.<\/p>\n<h3>Sigilare<\/h3>\n<p>Sistemul de etan\u0219are al cilindrului hidraulic este crucial pentru men\u021binerea presiunii \u0219i prevenirea scurgerilor. Garniturile de \u00eenalt\u0103 calitate, cum ar fi garniturile pistonului \u0219i garniturile tijei, ar trebui s\u0103 fie fabricate din materiale precum poliuretanul sau cauciucul nitrilic, care rezist\u0103 la uzur\u0103. Etan\u0219area corect\u0103 nu numai c\u0103 \u00eembun\u0103t\u0103\u021be\u0219te performan\u021ba cilindrului, dar \u00eei prelunge\u0219te \u0219i durata de via\u021b\u0103 prin prevenirea pierderii de fluide \u0219i a contamin\u0103rii.<\/p>\n<h3>Durabilitate<\/h3>\n<p>Durabilitatea este un factor cheie atunci c\u00e2nd alege\u021bi un cilindru pentru bra\u021b. Materialul utilizat trebuie s\u0103 fie rezistent la uzur\u0103, impact \u0219i coroziune pentru a asigura utilizarea prelungit\u0103 \u00een medii dificile. Un cilindru durabil reduce costurile de \u00eentre\u021binere \u0219i timpii de nefunc\u021bionare, ceea ce duce la o productivitate crescut\u0103.<\/p>\n<h3>Siguran\u0163\u0103<\/h3>\n<p>Siguran\u021ba este primordial\u0103 \u00een orice opera\u021biune hidraulic\u0103. Proiectarea cilindrului bra\u021bului ar trebui s\u0103 includ\u0103 caracteristici de siguran\u021b\u0103, cum ar fi supape de suprapresiune, pentru a preveni supra\u00eenc\u0103rcarea \u0219i a asigura o func\u021bionare controlat\u0103. Inspec\u021biile regulate de siguran\u021b\u0103 \u0219i respectarea protocoalelor de siguran\u021b\u0103 sunt esen\u021biale pentru a atenua riscurile asociate cu utilajele hidraulice.<\/p>\n<h3>Mentenabilitate<\/h3>\n<p>U\u0219urin\u021ba \u00eentre\u021binerii este o considera\u021bie vital\u0103 \u00een proiectarea cilindrilor hidraulici. Componentele ar trebui s\u0103 fie u\u0219or accesibile, iar piesele de schimb ar trebui s\u0103 fie disponibile imediat pentru a minimiza timpul de nefunc\u021bionare. Un cilindru bine proiectat faciliteaz\u0103 verific\u0103rile regulate de \u00eentre\u021binere, asigur\u00e2nd c\u0103 echipamentul func\u021bioneaz\u0103 eficient \u0219i \u00een siguran\u021b\u0103 \u00een orice moment.<\/p>\n<p><img decoding=\"async\" src=\"https:\/\/www.hydraulic-cylinders.net\/wp-content\/uploads\/2025\/04\/songte-oil-pipes-and-spare-parts.webp\" alt=\"Conducte de petrol \u0219i piese de schimb\" \/><\/p>\n<h2>Etan\u0219are \u0219i lubrifiere<\/h2>\n<p>Etan\u0219area \u0219i lubrifierea eficiente sunt esen\u021biale pentru performan\u021ba cilindrilor hidraulici. Diverse tipuri de etan\u0219\u0103ri, cum ar fi etan\u0219\u0103rile pistonului \u0219i etan\u0219\u0103rile tijei, sunt utilizate pentru a men\u021bine presiunea \u0219i a preveni scurgerile. Garniturile trebuie s\u0103 fie fabricate din materiale durabile, cum ar fi poliuretanul sau cauciucul nitrilic, care ofer\u0103 rezisten\u021b\u0103 la uzur\u0103. \u00cen plus, corpul cilindrului \u0219i capetele filetate trebuie prelucrate fin pentru a spori rezisten\u021ba la uzur\u0103. Lubrifierea regulat\u0103 cu uleiul hidraulic adecvat este necesar\u0103 pentru a asigura o func\u021bionare f\u0103r\u0103 probleme \u0219i a prelungi durata de via\u021b\u0103 a cilindrului.<\/p>\n<h2>Inspec\u021bie regulat\u0103 \u0219i \u00eentre\u021binere preventiv\u0103<\/h2>\n<ul>\n<li><strong>Inspec\u021bii programate:<\/strong> Trebuie efectuate inspec\u021bii regulate pentru a identifica orice semne de uzur\u0103, scurgeri sau deteriorare. Identificarea prompt\u0103 a problemelor poate preveni repara\u021bii costisitoare \u0219i poate asigura o func\u021bionare sigur\u0103.<\/li>\n<li><strong>Lubrifiere:<\/strong> Este esen\u021bial s\u0103 men\u021bine\u021bi niveluri adecvate de lubrifiere pentru a asigura o func\u021bionare lin\u0103 \u0219i a preveni frecarea care poate duce la uzur\u0103. Verifica\u021bi \u0219i completa\u021bi periodic uleiul hidraulic, dup\u0103 cum este necesar.<\/li>\n<li><strong>\u00cenlocuirea garniturii:<\/strong> Monitoriza\u021bi garniturile pentru semne de uzur\u0103 sau deteriorare. \u00cenlocuirea la timp a garniturilor va ajuta la men\u021binerea presiunii \u0219i la prevenirea scurgerilor, prelungind astfel durata de via\u021b\u0103 a cilindrului hidraulic.<\/li>\n<\/ul>\n<h2>Instruc\u021biuni de instalare<\/h2>\n<p>Instalarea corect\u0103 a cilindrului bra\u021bului este crucial\u0103 pentru o performan\u021b\u0103 optim\u0103. \u00cencepe\u021bi prin a v\u0103 asigura c\u0103 suprafe\u021bele de montare sunt curate \u0219i f\u0103r\u0103 resturi. Alinia\u021bi cilindrul cu precizie pentru a preveni nealinierea, care poate duce la uzur\u0103 prematur\u0103. Folosi\u021bi console de montare adecvate pentru a fixa cilindrul \u00een pozi\u021bie. Urma\u021bi specifica\u021biile produc\u0103torului pentru set\u0103rile de cuplu pentru a asigura conexiuni sigure. Dup\u0103 instalare, efectua\u021bi un test func\u021bional pentru a confirma c\u0103 cilindrul func\u021bioneaz\u0103 f\u0103r\u0103 probleme. Consulta\u021bi \u00eentotdeauna manualul de instalare pentru instruc\u021biuni specifice referitoare la modelul care este instalat.<\/p>\n<h2>Sarcini comune de \u00eentre\u021binere<\/h2>\n<ul>\n<li><strong>Verific\u0103ri regulate:<\/strong> Implementa\u021bi un program de verific\u0103ri de rutin\u0103 pentru a inspecta sistemul hidraulic pentru orice scurgeri, deterior\u0103ri sau semne de uzur\u0103. Prioritiza\u021bi depanarea \u00eenainte ca problemele s\u0103 escaladeze.<\/li>\n<li><strong>Lubrifiere adecvat\u0103:<\/strong> Asigura\u021bi-v\u0103 c\u0103 nivelurile de ulei hidraulic sunt adecvate \u0219i aplica\u021bi regulat tipul corect de ulei pentru a men\u021bine performan\u021be optime \u0219i a preveni frecarea inutil\u0103.<\/li>\n<li><strong>\u00cenlocuirea \u0219i calibrarea garniturii:<\/strong> Monitoriza\u021bi starea garniturilor \u0219i \u00eenlocui\u021bi-le dup\u0103 cum este necesar. Calibra\u021bi periodic sistemul hidraulic pentru a v\u0103 asigura c\u0103 func\u021bioneaz\u0103 \u00een parametrii specifica\u021bi pentru eficien\u021b\u0103.<\/li>\n<\/ul>\n<h2>Considera\u021bii de siguran\u021b\u0103 \u0219i factori de mediu<\/h2>\n<p>Atunci c\u00e2nd se lucreaz\u0103 cu sisteme hidraulice, m\u0103surile de siguran\u021b\u0103 sunt primordiale. Operatorii trebuie instrui\u021bi corespunz\u0103tor pentru a minimiza riscurile asociate cu utilajele hidraulice. Purta\u021bi \u00eentotdeauna echipament individual de protec\u021bie (EIP) adecvat \u0219i asigura\u021bi-v\u0103 c\u0103 elementele de siguran\u021b\u0103, cum ar fi supapele de \u00eenchidere de urgen\u021b\u0103, sunt func\u021bionale. \u00cen plus, lua\u021bi \u00een considerare impactul asupra mediului al scurgerilor de fluid hidraulic; utilizarea uleiurilor hidraulice biodegradabile poate ajuta la atenuarea preocup\u0103rilor legate de mediu.<\/p>\n<h2>Depanare \u0219i probleme frecvente<\/h2>\n<ul>\n<li><strong>Scurgeri de fluide:<\/strong> Verifica\u021bi dac\u0103 exist\u0103 scurgeri \u00een jurul garniturilor \u0219i fitingurilor. Dac\u0103 exist\u0103 scurgeri, inspecta\u021bi garniturile pentru uzur\u0103 \u0219i \u00eenlocui\u021bi-le dac\u0103 este necesar.<\/li>\n<li><strong>Cilindru nereactiv:<\/strong> Dac\u0103 cilindrul nu r\u0103spunde, verifica\u021bi nivelul fluidului hidraulic \u0219i asigura\u021bi-v\u0103 c\u0103 pompa func\u021bioneaz\u0103 corect.<\/li>\n<li><strong>Mi\u0219care lent\u0103:<\/strong> Func\u021bionarea lent\u0103 poate indica un nivel sc\u0103zut de lichid hidraulic sau aer blocat \u00een sistem. Aerisi\u021bi sistemul \u0219i completa\u021bi cu lichid, dac\u0103 este necesar.<\/li>\n<\/ul>\n<p>Furnizarea de sfaturi de depanare va ajuta utilizatorii s\u0103 diagnosticheze \u0219i s\u0103 rezolve eficient problemele comune. \u00centre\u021binerea \u0219i verific\u0103rile regulate pot ajuta la minimizarea problemelor poten\u021biale \u0219i la cre\u0219terea fiabilit\u0103\u021bii echipamentului.<\/p>\n<p><img decoding=\"async\" src=\"https:\/\/www.hydraulic-cylinders.net\/wp-content\/uploads\/2025\/04\/songte-bushings-with-all-kinds-of-excavator-models.webp\" alt=\"Modele de excavatoare\" \/><\/p>\n<h2>Prezentare general\u0103 a companiei<\/h2>\n<p>Suntem un produc\u0103tor specializat \u00een \u00eenlocuirea cilindrilor hidraulici, oferind o gam\u0103 complet\u0103 de produse. Compania noastr\u0103 a devenit unul dintre principalii produc\u0103tori \u0219i angrosi\u0219ti \u200b\u200bde cilindri hidraulici at\u00e2t pe pia\u021ba intern\u0103, c\u00e2t \u0219i pe cea interna\u021bional\u0103. Ader\u0103m la principiul excelen\u021bei \u00een calitate, valorific\u00e2nd o strategie rafinat\u0103 de management al produc\u021biei \u00een atelierele noastre. Prin utilizarea de personal tehnic calificat, echipamente digitale avansate de produc\u021bie \u0219i un sistem profesional de testare, ne \u00eembun\u0103t\u0103\u021bim continuu platforma de produc\u021bie \u0219i ne rafin\u0103m rutele de produc\u021bie a calit\u0103\u021bii produselor. Capacit\u0103\u021bile noastre creative puternice ne permit s\u0103 satisfacem diversele nevoi ale clien\u021bilor cu eficien\u021b\u0103, precizie \u0219i calitate ridicate.<\/p>\n<p><img decoding=\"async\" src=\"https:\/\/www.hydraulic-cylinders.net\/wp-content\/uploads\/2025\/04\/songte-company-4.webp\" alt=\"Prezentare general\u0103 a companiei\" \/><br \/>\n<img decoding=\"async\" src=\"https:\/\/www.hydraulic-cylinders.net\/wp-content\/uploads\/2025\/04\/songte-company-3.webp\" alt=\"Prezentare general\u0103 a companiei\" \/><\/p>\n<h2>Concluzie<\/h2>\n<p>\u00cen concluzie, cilindrul hidraulic pentru excavatorul mic Kato HD1023 este o component\u0103 esen\u021bial\u0103 pentru \u00eembun\u0103t\u0103\u021birea performan\u021bei \u0219i eficien\u021bei utilajelor grele. \u00cen\u021belegerea caracteristicilor, aplica\u021biilor \u0219i practicilor de \u00eentre\u021binere este crucial\u0103 pentru asigurarea longevit\u0103\u021bii \u0219i fiabilit\u0103\u021bii \u00een diverse situa\u021bii opera\u021bionale. Aleg\u00e2nd cilindri hidraulici de \u00eenalt\u0103 calitate, utilizatorii pot ob\u021bine performan\u021be optime \u0219i pot minimiza timpii de nefunc\u021bionare.<\/p>\n<p>Autor: lyl<\/p>","protected":false},"excerpt":{"rendered":"<p>Boom Cylinder For Kato Small Excavator HD1023 Product Overview The Boom Cylinder for Kato Small Excavator HD1023 is a vital component designed to enhance the operational capabilities of various heavy machinery. Specifically, the bucket cylinder is a type of hydraulic cylinder that plays a crucial role in controlling the movement of the bucket in excavators, [&hellip;]<\/p>","protected":false},"featured_media":17868,"comment_status":"open","ping_status":"closed","template":"","meta":{"_et_pb_use_builder":"","_et_pb_old_content":"","_et_gb_content_width":""},"product_brand":[],"product_cat":[1546],"product_tag":[1547,1496],"class_list":{"0":"post-19740","1":"product","2":"type-product","3":"status-publish","4":"has-post-thumbnail","6":"product_cat-boom-cylinders","7":"product_tag-boom-cylinders","8":"product_tag-hydraulic-cylinders","10":"first","11":"instock","12":"shipping-taxable","13":"product-type-simple"},"amp_enabled":true,"_links":{"self":[{"href":"https:\/\/www.hydraulic-cylinders.net\/ro\/wp-json\/wp\/v2\/product\/19740","targetHints":{"allow":["GET"]}}],"collection":[{"href":"https:\/\/www.hydraulic-cylinders.net\/ro\/wp-json\/wp\/v2\/product"}],"about":[{"href":"https:\/\/www.hydraulic-cylinders.net\/ro\/wp-json\/wp\/v2\/types\/product"}],"replies":[{"embeddable":true,"href":"https:\/\/www.hydraulic-cylinders.net\/ro\/wp-json\/wp\/v2\/comments?post=19740"}],"wp:featuredmedia":[{"embeddable":true,"href":"https:\/\/www.hydraulic-cylinders.net\/ro\/wp-json\/wp\/v2\/media\/17868"}],"wp:attachment":[{"href":"https:\/\/www.hydraulic-cylinders.net\/ro\/wp-json\/wp\/v2\/media?parent=19740"}],"wp:term":[{"taxonomy":"product_brand","embeddable":true,"href":"https:\/\/www.hydraulic-cylinders.net\/ro\/wp-json\/wp\/v2\/product_brand?post=19740"},{"taxonomy":"product_cat","embeddable":true,"href":"https:\/\/www.hydraulic-cylinders.net\/ro\/wp-json\/wp\/v2\/product_cat?post=19740"},{"taxonomy":"product_tag","embeddable":true,"href":"https:\/\/www.hydraulic-cylinders.net\/ro\/wp-json\/wp\/v2\/product_tag?post=19740"}],"curies":[{"name":"wp","href":"https:\/\/api.w.org\/{rel}","templated":true}]}}