{"id":19744,"date":"2025-04-07T07:05:04","date_gmt":"2025-04-07T07:05:04","guid":{"rendered":"https:\/\/www.hydraulic-cylinders.net\/product\/boom-cylinder-for-kato-small-excavator-hd512-3\/"},"modified":"2025-04-07T07:05:07","modified_gmt":"2025-04-07T07:05:07","slug":"boom-cylinder-for-kato-small-excavator-hd512-3","status":"publish","type":"product","link":"https:\/\/www.hydraulic-cylinders.net\/ro\/produs\/boom-cylinder-for-kato-small-excavator-hd512-3\/","title":{"rendered":"Cilindru de bra\u021b pentru excavatorul mic Kato HD512-3"},"content":{"rendered":"<h1>Cilindru de bra\u021b pentru excavatorul mic Kato HD512-3<\/h1>\n<h2>Prezentare general\u0103 a cilindrului bra\u021bului<\/h2>\n<p>Cilindrul bra\u021bului este o component\u0103 esen\u021bial\u0103 \u00een sistemele hidraulice, conceput \u00een principal pentru a controla mi\u0219carea cupelor \u00een diverse utilaje grele, cum ar fi excavatoarele, \u00eenc\u0103rc\u0103toarele cu excavator \u0219i \u00eenc\u0103rc\u0103toarele frontale. Acest cilindru hidraulic permite ridicarea, cobor\u00e2rea \u0219i \u00eenclinarea cupei, facilit\u00e2nd eficient sarcinile de manipulare a materialelor. Cilindrul bra\u021bului joac\u0103 un rol crucial \u00een performan\u021ba \u0219i versatilitatea echipamentelor de construc\u021bii, permi\u021b\u00e2nd controlul precis \u0219i mi\u0219carea sarcinilor grele, f\u0103c\u00e2ndu-l indispensabil \u00een opera\u021biunile de construc\u021bii \u0219i excavare.<\/p>\n<p><img decoding=\"async\" src=\"https:\/\/www.hydraulic-cylinders.net\/wp-content\/uploads\/2025\/04\/songte-company-1.webp\" alt=\"Cilindru de bra\u021b pentru excavator\" \/><\/p>\n<h2>Caracteristicile cilindrului nostru de bra\u021b<\/h2>\n<ul>\n<li>\n<h3>Rezisten\u021b\u0103 \u0219i durabilitate ridicate<\/h3>\n<p>Fabrica\u021bi din o\u021bel sau aluminiu de \u00eenalt\u0103 rezisten\u021b\u0103, cilindrii no\u0219tri pentru bra\u021b sunt proiecta\u021bi s\u0103 reziste la presiuni ridicate \u0219i sarcini grele, adapt\u00e2ndu-se \u00een acela\u0219i timp la medii de lucru dure. Designul ia \u00een considerare rezisten\u021ba la uzur\u0103 \u0219i la coroziune, prelungind durata de via\u021b\u0103 a produsului.<\/p>\n<\/li>\n<li>\n<h3>Func\u021bionare hidraulic\u0103 eficient\u0103<\/h3>\n<p>Utiliz\u00e2nd presiunea fluidului hidraulic, cilindrii no\u0219tri asigur\u0103 o extensie \u0219i o retragere lin\u0103, asigur\u00e2nd un r\u0103spuns rapid la comenzile operatorului \u0219i oferind o for\u021b\u0103 puternic\u0103 de \u00eempingere \u0219i tragere, ideal\u0103 pentru gestionarea sarcinilor opera\u021bionale grele \u0219i complexe.<\/p>\n<\/li>\n<li>\n<h3>Varietate de tipuri<\/h3>\n<p>Cilindrii no\u0219tri pentru bra\u021b sunt disponibili \u00een diverse modele, inclusiv cu ac\u021biune simpl\u0103 (care func\u021bioneaz\u0103 \u00eentr-o singur\u0103 direc\u021bie) \u0219i cu ac\u021biune dubl\u0103 (care func\u021bioneaz\u0103 \u00een ambele direc\u021bii). Unele modele sunt telescopice, permi\u021b\u00e2nd o raz\u0103 de ac\u021biune extins\u0103 f\u0103r\u0103 a cre\u0219te dimensiunile exterioare, fiind potrivi\u021bi pentru aplica\u021bii cu spa\u021biu limitat.<\/p>\n<\/li>\n<li>\n<h3>Inginerie de precizie<\/h3>\n<p>Fiecare cilindru este supus unor teste riguroase \u0219i unui control al calit\u0103\u021bii pentru a asigura performan\u021be fiabile \u0219i longevitate \u00een medii solicitante.<\/p>\n<\/li>\n<li>\n<h3>Aplica\u021bii versatile<\/h3>\n<p>Concepu\u021bi pentru compatibilitate cu diverse modele de excavatoare, cilindrii no\u0219tri pot \u00eenlocui f\u0103r\u0103 probleme piesele OEM, asigur\u00e2nd performan\u021be optime.<\/p>\n<\/li>\n<\/ul>\n<p><img decoding=\"async\" src=\"https:\/\/www.hydraulic-cylinders.net\/wp-content\/uploads\/2025\/04\/songte-cylinder-head-with-all-kinds-excavator-models.webp\" alt=\"Compatibilitatea modelelor de excavatoare\" \/><\/p>\n<h2>Scenarii de aplica\u021bii<\/h2>\n<ul>\n<li>\n<h3>Echipamente de construc\u021bii<\/h3>\n<p>\u00cen excavatoare, cilindrii bra\u021bului sunt esen\u021biali pentru s\u0103pare, \u00eenc\u0103rcare \u0219i mutarea p\u0103m\u00e2ntului sau a molozului. Func\u021bionalitatea lor este crucial\u0103 \u00een \u0219antierele de construc\u021bii pentru sarcini care implic\u0103 ridicarea de sarcini grele \u0219i plasarea precis\u0103 a materialelor.<\/p>\n<\/li>\n<li>\n<h3>Ma\u0219ini agricole<\/h3>\n<p>Utiliza\u021bi \u00een \u00eenc\u0103rc\u0103toarele frontale, ace\u0219ti cilindri sunt esen\u021biali pentru scobere, ridicare \u0219i transportul solului, f\u00e2nului \u0219i altor materiale. Func\u021bionarea lor eficient\u0103 spore\u0219te productivitatea \u00een opera\u021biunile agricole.<\/p>\n<\/li>\n<li>\n<h3>Excavatoare<\/h3>\n<p>Cilindrii bra\u021bului permit cupei s\u0103 p\u0103trund\u0103 eficient \u00een sol, asigur\u00e2nd ac\u021biuni eficiente de s\u0103pare, vitale pentru sarcinile de excavare.<\/p>\n<\/li>\n<li>\n<h3>\u00cenc\u0103rc\u0103toare<\/h3>\n<p>La \u00eenc\u0103rc\u0103toarele frontale, cilindrii bra\u021bului ajut\u0103 la ridicarea \u0219i desc\u0103rcarea eficient\u0103 a \u00eenc\u0103rc\u0103turilor, ceea ce le face instrumente esen\u021biale \u00een procesele de manipulare a materialelor \u0219i de construc\u021bii.<\/p>\n<\/li>\n<\/ul>\n<h2>Considera\u021bii de proiectare \u0219i criterii de selec\u021bie<\/h2>\n<ul>\n<li>\n<h3>Capacitate de \u00eenc\u0103rcare<\/h3>\n<p>Capacitatea de \u00eenc\u0103rcare este esen\u021bial\u0103 atunci c\u00e2nd se alege un cilindru pentru bra\u021b. Acesta trebuie s\u0103 fie capabil s\u0103 ridice sarcinile a\u0219teptate f\u0103r\u0103 a se defecta. Aceasta implic\u0103 luarea \u00een considerare at\u00e2t a sarcinilor statice, c\u00e2t \u0219i a celor dinamice \u00een timpul func\u021bion\u0103rii.<\/p>\n<\/li>\n<li>\n<h3>Sigilare<\/h3>\n<p>Etan\u0219area eficient\u0103 este vital\u0103 pentru a preveni scurgerile de fluid hidraulic, care pot duce la degradarea performan\u021bei \u0219i la pericole pentru mediu. Etan\u0219\u0103rile de \u00eenalt\u0103 calitate asigur\u0103 fiabilitate pe termen lung \u0219i \u00eentre\u021binere minim\u0103.<\/p>\n<\/li>\n<li>\n<h3>Durabilitate<\/h3>\n<p>Materialul \u0219i construc\u021bia cilindrului \u00eei afecteaz\u0103 durabilitatea. Alegerea materialelor care rezist\u0103 la uzur\u0103 \u0219i coroziune \u00eembun\u0103t\u0103\u021be\u0219te durata de via\u021b\u0103 a produsului \u0219i reduce frecven\u021ba \u00eenlocuirilor.<\/p>\n<\/li>\n<li>\n<h3>Siguran\u0163\u0103<\/h3>\n<p>Incorporarea caracteristicilor de siguran\u021b\u0103, precum supapele de suprapresiune, asigur\u0103 func\u021bionarea \u00een siguran\u021b\u0103 \u00een condi\u021bii variabile, ceea ce este esen\u021bial \u00een medii cu riscuri ridicate, cum ar fi \u0219antierele de construc\u021bii.<\/p>\n<\/li>\n<li>\n<h3>Mentenabilitate<\/h3>\n<p>Proiectarea cilindrilor pentru a facilita \u00eentre\u021binerea este crucial\u0103. Luarea \u00een considerare a accesibilit\u0103\u021bii componentelor cheie pentru inspec\u021bie \u0219i service poate reduce semnificativ timpul de nefunc\u021bionare.<\/p>\n<\/li>\n<\/ul>\n<p><img decoding=\"async\" src=\"https:\/\/www.hydraulic-cylinders.net\/wp-content\/uploads\/2025\/04\/songte-oil-pipes-and-spare-parts.webp\" alt=\"Piese hidraulice \u0219i \u00eentre\u021binere\" \/><\/p>\n<h2>Etan\u0219are \u0219i lubrifiere<\/h2>\n<p>Etan\u0219area \u0219i lubrifierea corespunz\u0103toare sunt esen\u021biale pentru longevitatea cilindrilor hidraulici. Diverse etan\u0219\u0103ri, cum ar fi etan\u0219\u0103rile pistonului \u0219i etan\u0219\u0103rile tijei, sunt fabricate din materiale durabile, cum ar fi poliuretanul \u0219i cauciucul nitrilic, care ofer\u0103 o rezisten\u021b\u0103 excelent\u0103 la uzur\u0103. Suprafe\u021bele prelucrate cu precizie ale corpului cilindrului \u0219i capetele filetate sporesc durabilitatea \u0219i reduc uzura. Lubrifierea regulat\u0103 prin ad\u0103ugarea unei cantit\u0103\u021bi adecvate de ulei hidraulic este necesar\u0103 pentru a men\u021bine performan\u021be optime \u0219i a preveni condi\u021biile de func\u021bionare f\u0103r\u0103 ulei care pot duce la defec\u021biuni premature.<\/p>\n<h2>M\u0103suri de \u00eentre\u021binere preventiv\u0103<\/h2>\n<ul>\n<li>\n<h3>Inspec\u021bii regulate<\/h3>\n<p>Efectuarea inspec\u021biilor de rutin\u0103 ale cilindrilor hidraulici pentru scurgeri, uzur\u0103 \u0219i alte semne de deteriorare poate ajuta la identificarea problemelor \u00eenainte ca acestea s\u0103 devin\u0103 grave.<\/p>\n<\/li>\n<li>\n<h3>Lubrifiere adecvat\u0103<\/h3>\n<p>Men\u021binerea nivelurilor adecvate de lubrifiere \u0219i utilizarea tipului corect de ulei hidraulic sunt esen\u021biale pentru o func\u021bionare lin\u0103 \u0219i pentru a minimiza frecarea dintre piesele \u00een mi\u0219care.<\/p>\n<\/li>\n<li>\n<h3>\u00cenlocuirea garniturii<\/h3>\n<p>Verificarea \u0219i \u00eenlocuirea regulat\u0103 a garniturilor, dup\u0103 cum este necesar, ajut\u0103 la men\u021binerea presiunii hidraulice \u0219i previne scurgerile, asigur\u00e2nd func\u021bionarea eficient\u0103 a sistemului.<\/p>\n<\/li>\n<\/ul>\n<h2>Instruc\u021biuni de instalare<\/h2>\n<p>Instalarea corect\u0103 a cilindrului bra\u021bului este crucial\u0103 pentru performan\u021ba \u0219i longevitatea acestuia. \u00cencepe\u021bi prin a v\u0103 asigura c\u0103 cilindrul este aliniat corect cu punctele de ata\u0219are de pe excavator. Este recomandabil s\u0103 utiliza\u021bi console de montare adecvate pentru a fixa cilindrul ferm \u00een pozi\u021bie. Asigura\u021bi-v\u0103 c\u0103 toate componentele sunt str\u00e2nse conform specifica\u021biilor produc\u0103torului pentru a evita sl\u0103birea \u00een timpul func\u021bion\u0103rii. \u00cen plus, verifica\u021bi conexiunile hidraulice pentru scurgeri \u0219i confirma\u021bi c\u0103 uleiul hidraulic este umplut la nivelul corect \u00eenainte de a testa func\u021bionalitatea cilindrului. Urma\u021bi \u00eentotdeauna cu stricte\u021be instruc\u021biunile de instalare ale produc\u0103torului pentru a asigura o performan\u021b\u0103 optim\u0103.<\/p>\n<h2>Sarcini comune de \u00eentre\u021binere<\/h2>\n<ul>\n<li>\n<h3>Verific\u0103ri regulate<\/h3>\n<p>Efectua\u021bi verific\u0103ri frecvente ale presiunii \u0219i performan\u021bei sistemului hidraulic. Monitorizarea oric\u0103ror nereguli asigur\u0103 c\u0103 problemele minore sunt remediate prompt \u00eenainte de a duce la defec\u021biuni majore.<\/p>\n<\/li>\n<li>\n<h3>Lubrifiere adecvat\u0103<\/h3>\n<p>Asigura\u021bi o lubrifiere corespunz\u0103toare utiliz\u00e2nd ulei hidraulic de \u00eenalt\u0103 calitate \u0219i aplic\u00e2ndu-l la intervalele recomandate pentru a reduce la minimum uzura componentelor cilindrului.<\/p>\n<\/li>\n<li>\n<h3>\u00cenlocuirea \u0219i calibrarea etan\u0219\u0103rii<\/h3>\n<p>\u00cenlocui\u021bi periodic garniturile uzate \u0219i efectua\u021bi verific\u0103ri de calibrare pentru a men\u021bine precizia opera\u021biunilor hidraulice. Acest lucru va spori fiabilitatea \u0219i eficien\u021ba sistemului.<\/p>\n<\/li>\n<\/ul>\n<p><img decoding=\"async\" src=\"https:\/\/www.hydraulic-cylinders.net\/wp-content\/uploads\/2025\/04\/songte-chushion-collar.webp\" alt=\"Amortizare cilindric\u0103\" \/><\/p>\n<h2>Considera\u021bii de siguran\u021b\u0103 \u0219i factori de mediu<\/h2>\n<p>La operarea cilindrilor hidraulici, m\u0103surile de siguran\u021b\u0103 sunt primordiale pentru protejarea personalului \u0219i a echipamentelor. Asigura\u021bi-v\u0103 \u00eentotdeauna c\u0103 sunt montate dispozitive de siguran\u021b\u0103 \u0219i c\u0103 operatorii sunt instrui\u021bi cu privire la tehnicile de manipulare adecvate. De asemenea, trebuie lua\u021bi \u00een considerare factorii de mediu, cum ar fi temperaturile extreme \u0219i expunerea la substan\u021be corozive, deoarece ace\u0219tia pot afecta performan\u021ba \u0219i durata de via\u021b\u0103 a cilindrilor. Instruirea regulat\u0103 privind protocoalele de siguran\u021b\u0103 \u0219i con\u0219tientizarea mediului pot reduce semnificativ riscul de accidente \u0219i defec\u021biuni ale echipamentelor.<\/p>\n<h2>Diagnosticarea defec\u021biunilor \u0219i probleme frecvente<\/h2>\n<ul>\n<li>\n<h3>Scurgeri hidraulice<\/h3>\n<p>Scurgerile indic\u0103 adesea garnituri uzate sau componente deteriorate. Inspecta\u021bi periodic sistemul pentru orice semne de pierdere de lichid \u0219i remedia\u021bi prompt problema pentru a preveni defec\u021biunile opera\u021bionale.<\/p>\n<\/li>\n<li>\n<h3>Mi\u0219care neregulat\u0103<\/h3>\n<p>Dac\u0103 cilindrul se mi\u0219c\u0103 neregulat sau nu r\u0103spunde, acest lucru se poate datora unui nivel sc\u0103zut de lichid hidraulic sau aerului din sistem. Verifica\u021bi nivelurile de lichid \u0219i elimina\u021bi aerul din conducte pentru a restabili func\u021bionarea corect\u0103.<\/p>\n<\/li>\n<li>\n<h3>Supra\u00eenc\u0103lzire<\/h3>\n<p>C\u0103ldura excesiv\u0103 poate fi un semn de supra\u00eenc\u0103rcare sau lubrifiere insuficient\u0103. Asigura\u021bi-v\u0103 c\u0103 cilindrul nu este supus unor sarcini care dep\u0103\u0219esc capacitatea sa \u0219i c\u0103 se men\u021bine o lubrifiere corespunz\u0103toare.<\/p>\n<\/li>\n<\/ul>\n<h2>Sfaturi pentru depanare \u0219i m\u0103suri preventive<\/h2>\n<p>Pentru o diagnosticare eficient\u0103 a defec\u021biunilor, \u021bine\u021bi un jurnal al tuturor problemelor \u0219i repara\u021biilor efectuate la sistemul hidraulic. Verific\u0103rile regulate de \u00eentre\u021binere \u0219i aten\u021bia imediat\u0103 acordat\u0103 oric\u0103ror semne de uzur\u0103 pot reduce considerabil probabilitatea apari\u021biei unor probleme grave. Implementarea unui program de \u00eentre\u021binere preventiv\u0103 care include inspec\u021bii \u0219i service de rutin\u0103 va spori fiabilitatea \u0219i va prelungi durata de via\u021b\u0103 a cilindrului bra\u021bului.<\/p>\n<p><img decoding=\"async\" src=\"https:\/\/www.hydraulic-cylinders.net\/wp-content\/uploads\/2025\/04\/songte-bushings-with-all-kinds-of-excavator-models.webp\" alt=\"Buc\u0219e pentru excavatoare\" \/><\/p>\n<h2>Introducerea companiei<\/h2>\n<p>Suntem un produc\u0103tor important de cilindri hidraulici alternativi, oferind o gam\u0103 complet\u0103 de produse care ne pozi\u021bioneaz\u0103 printre cei mai importan\u021bi angrosi\u0219ti \u200b\u200bat\u00e2t pe pie\u021bele interne, c\u00e2t \u0219i interna\u021bionale. Ader\u0103m la principiile excelen\u021bei \u00een calitate, valorific\u00e2nd o strategie de management al produc\u021biei industriale care pune accent pe procese de fabrica\u021bie rafinate. Compania noastr\u0103 investe\u0219te \u00een personal tehnic calificat, echipamente digitale de fabrica\u021bie de ultim\u0103 genera\u021bie \u0219i sisteme de testare specializate pentru a ne \u00eembun\u0103t\u0103\u021bi continuu capacit\u0103\u021bile de produc\u021bie. Pun\u00e2nd un accent puternic pe eficien\u021b\u0103, precizie \u0219i calitate, ne dedic\u0103m satisfacerii diverselor nevoi ale clien\u021bilor prin solu\u021bii personalizate \u0219i asisten\u021b\u0103 post-v\u00e2nzare robust\u0103.<\/p>\n<p><img decoding=\"async\" src=\"https:\/\/www.hydraulic-cylinders.net\/wp-content\/uploads\/2025\/04\/songte-company-4.webp\" alt=\"Prezentare general\u0103 a companiei\" \/><br \/>\n<img decoding=\"async\" src=\"https:\/\/www.hydraulic-cylinders.net\/wp-content\/uploads\/2025\/04\/songte-company-3.webp\" alt=\"Unitate de produc\u021bie\" \/><\/p>\n<p>Autor: lyl<\/p>","protected":false},"excerpt":{"rendered":"<p>Boom Cylinder For Kato Small Excavator HD512-3 Overview of Boom Cylinder The boom cylinder is an essential component in hydraulic systems, primarily designed to control the movement of buckets in various heavy machinery, such as excavators, backhoe loaders, and front loaders. This hydraulic cylinder enables the bucket to lift, lower, and tilt, facilitating material handling [&hellip;]<\/p>","protected":false},"featured_media":17872,"comment_status":"open","ping_status":"closed","template":"","meta":{"_et_pb_use_builder":"","_et_pb_old_content":"","_et_gb_content_width":""},"product_brand":[],"product_cat":[1546],"product_tag":[1547,1496],"class_list":{"0":"post-19744","1":"product","2":"type-product","3":"status-publish","4":"has-post-thumbnail","6":"product_cat-boom-cylinders","7":"product_tag-boom-cylinders","8":"product_tag-hydraulic-cylinders","10":"first","11":"instock","12":"shipping-taxable","13":"product-type-simple"},"amp_enabled":true,"_links":{"self":[{"href":"https:\/\/www.hydraulic-cylinders.net\/ro\/wp-json\/wp\/v2\/product\/19744","targetHints":{"allow":["GET"]}}],"collection":[{"href":"https:\/\/www.hydraulic-cylinders.net\/ro\/wp-json\/wp\/v2\/product"}],"about":[{"href":"https:\/\/www.hydraulic-cylinders.net\/ro\/wp-json\/wp\/v2\/types\/product"}],"replies":[{"embeddable":true,"href":"https:\/\/www.hydraulic-cylinders.net\/ro\/wp-json\/wp\/v2\/comments?post=19744"}],"wp:featuredmedia":[{"embeddable":true,"href":"https:\/\/www.hydraulic-cylinders.net\/ro\/wp-json\/wp\/v2\/media\/17872"}],"wp:attachment":[{"href":"https:\/\/www.hydraulic-cylinders.net\/ro\/wp-json\/wp\/v2\/media?parent=19744"}],"wp:term":[{"taxonomy":"product_brand","embeddable":true,"href":"https:\/\/www.hydraulic-cylinders.net\/ro\/wp-json\/wp\/v2\/product_brand?post=19744"},{"taxonomy":"product_cat","embeddable":true,"href":"https:\/\/www.hydraulic-cylinders.net\/ro\/wp-json\/wp\/v2\/product_cat?post=19744"},{"taxonomy":"product_tag","embeddable":true,"href":"https:\/\/www.hydraulic-cylinders.net\/ro\/wp-json\/wp\/v2\/product_tag?post=19744"}],"curies":[{"name":"wp","href":"https:\/\/api.w.org\/{rel}","templated":true}]}}